{"id":12419,"date":"2025-09-25T16:51:01","date_gmt":"2025-09-25T08:51:01","guid":{"rendered":"https:\/\/miomicon.com\/product\/lentes-de-contato-coloridas-com-efeito-de-nuvem\/"},"modified":"2025-09-25T16:51:01","modified_gmt":"2025-09-25T08:51:01","slug":"lentes-de-contato-coloridas-com-efeito-de-nuvem","status":"publish","type":"product","link":"https:\/\/miomicon.com\/pt-br\/produto\/lentes-de-contato-coloridas-com-efeito-de-nuvem\/","title":{"rendered":"Lentes de contato coloridas com efeito de nuvem"},"content":{"rendered":"<div class=\"table-1\">\n<table style=\"height: 100%;\" width=\"100%\">\n<tbody>\n<tr>\n<td>Material: <strong>HEMA<\/strong><\/td>\n<td>Tipo de lente: <strong>Macia<\/strong><\/td>\n<\/tr>\n<tr>\n<td>Di\u00e2metro: <strong>14,0 mm<\/strong><\/td>\n<td>Tom: <strong>2<\/strong><\/td>\n<\/tr>\n<tr>\n<td>Espessura central: <strong>0,08 mm<\/strong><\/td>\n<td>Curva base: <strong>8,6 mm<\/strong><\/td>\n<\/tr>\n<tr>\n<td>Validade: <strong>Anual<\/strong><\/td>\n<td>Prazo de validade: <strong>5 anos<\/strong><\/td>\n<\/tr>\n<tr>\n<td>Pot\u00eancia: <strong>0,00<\/strong><\/td>\n<td>Teor de \u00e1gua: <strong>40%<\/strong><\/td>\n<\/tr>\n<tr>\n<td>Local de origem: <strong>China<\/strong>, <strong>Coreia<\/strong><\/td>\n<td>Embalagem: <strong>Blister (2 unidades por caixa)<\/strong><\/td>\n<\/tr>\n<tr>\n<td colspan=\"2\">Variantes de cor (10 dispon\u00edveis): cinza escuro, azul claro, verde claro, cinza, marrom, azul, rosa, verde, violeta, chocolate<\/td>\n<\/tr>\n<\/tbody>\n<\/table>\n<p>&nbsp;<\/p>\n<p><img decoding=\"async\" class=\"lazyload alignnone size-full wp-image-2695\" src=\"https:\/\/miomicon.com\/wp-content\/uploads\/2025\/09\/Colored_Contacts_Cloud_Model_4_Variants.jpg\" data-orig-src=\"https:\/\/miomicon.com\/wp-content\/uploads\/2025\/09\/Colored_Contacts_Cloud_Model_4_Variants.jpg\" alt=\"\" width=\"1080\" height=\"1080\" srcset=\"data:image\/svg+xml,%3Csvg%20xmlns%3D%27http%3A%2F%2Fwww.w3.org%2F2000%2Fsvg%27%20width%3D%271080%27%20height%3D%271080%27%20viewBox%3D%270%200%201080%201080%27%3E%3Crect%20width%3D%271080%27%20height%3D%271080%27%20fill-opacity%3D%220%22%2F%3E%3C%2Fsvg%3E\" data-srcset=\"https:\/\/miomicon.com\/wp-content\/uploads\/2025\/09\/Colored_Contacts_Cloud_Model_4_Variants-66x66.jpg 66w, https:\/\/miomicon.com\/wp-content\/uploads\/2025\/09\/Colored_Contacts_Cloud_Model_4_Variants-150x150.jpg 150w, https:\/\/miomicon.com\/wp-content\/uploads\/2025\/09\/Colored_Contacts_Cloud_Model_4_Variants-200x200.jpg 200w, https:\/\/miomicon.com\/wp-content\/uploads\/2025\/09\/Colored_Contacts_Cloud_Model_4_Variants-300x300.jpg 300w, https:\/\/miomicon.com\/wp-content\/uploads\/2025\/09\/Colored_Contacts_Cloud_Model_4_Variants-400x400.jpg 400w, https:\/\/miomicon.com\/wp-content\/uploads\/2025\/09\/Colored_Contacts_Cloud_Model_4_Variants-500x500.jpg 500w, https:\/\/miomicon.com\/wp-content\/uploads\/2025\/09\/Colored_Contacts_Cloud_Model_4_Variants-600x600.jpg 600w, https:\/\/miomicon.com\/wp-content\/uploads\/2025\/09\/Colored_Contacts_Cloud_Model_4_Variants-700x700.jpg 700w, https:\/\/miomicon.com\/wp-content\/uploads\/2025\/09\/Colored_Contacts_Cloud_Model_4_Variants-768x768.jpg 768w, https:\/\/miomicon.com\/wp-content\/uploads\/2025\/09\/Colored_Contacts_Cloud_Model_4_Variants-800x800.jpg 800w, https:\/\/miomicon.com\/wp-content\/uploads\/2025\/09\/Colored_Contacts_Cloud_Model_4_Variants-1024x1024.jpg 1024w, https:\/\/miomicon.com\/wp-content\/uploads\/2025\/09\/Colored_Contacts_Cloud_Model_4_Variants.jpg 1080w\" data-sizes=\"auto\" data-orig-sizes=\"(max-width: 1080px) 100vw, 1080px\" \/> <img decoding=\"async\" class=\"lazyload alignnone size-full wp-image-2696\" src=\"https:\/\/miomicon.com\/wp-content\/uploads\/2025\/09\/Colored_Contacts_Cloud_Model_9_Variants_All_Lenses.jpg\" data-orig-src=\"https:\/\/miomicon.com\/wp-content\/uploads\/2025\/09\/Colored_Contacts_Cloud_Model_9_Variants_All_Lenses.jpg\" alt=\"\" width=\"1080\" height=\"1080\" srcset=\"data:image\/svg+xml,%3Csvg%20xmlns%3D%27http%3A%2F%2Fwww.w3.org%2F2000%2Fsvg%27%20width%3D%271080%27%20height%3D%271080%27%20viewBox%3D%270%200%201080%201080%27%3E%3Crect%20width%3D%271080%27%20height%3D%271080%27%20fill-opacity%3D%220%22%2F%3E%3C%2Fsvg%3E\" data-srcset=\"https:\/\/miomicon.com\/wp-content\/uploads\/2025\/09\/Colored_Contacts_Cloud_Model_9_Variants_All_Lenses-66x66.jpg 66w, https:\/\/miomicon.com\/wp-content\/uploads\/2025\/09\/Colored_Contacts_Cloud_Model_9_Variants_All_Lenses-150x150.jpg 150w, https:\/\/miomicon.com\/wp-content\/uploads\/2025\/09\/Colored_Contacts_Cloud_Model_9_Variants_All_Lenses-200x200.jpg 200w, https:\/\/miomicon.com\/wp-content\/uploads\/2025\/09\/Colored_Contacts_Cloud_Model_9_Variants_All_Lenses-300x300.jpg 300w, https:\/\/miomicon.com\/wp-content\/uploads\/2025\/09\/Colored_Contacts_Cloud_Model_9_Variants_All_Lenses-400x400.jpg 400w, https:\/\/miomicon.com\/wp-content\/uploads\/2025\/09\/Colored_Contacts_Cloud_Model_9_Variants_All_Lenses-500x500.jpg 500w, https:\/\/miomicon.com\/wp-content\/uploads\/2025\/09\/Colored_Contacts_Cloud_Model_9_Variants_All_Lenses-600x600.jpg 600w, https:\/\/miomicon.com\/wp-content\/uploads\/2025\/09\/Colored_Contacts_Cloud_Model_9_Variants_All_Lenses-700x700.jpg 700w, https:\/\/miomicon.com\/wp-content\/uploads\/2025\/09\/Colored_Contacts_Cloud_Model_9_Variants_All_Lenses-768x768.jpg 768w, https:\/\/miomicon.com\/wp-content\/uploads\/2025\/09\/Colored_Contacts_Cloud_Model_9_Variants_All_Lenses-800x800.jpg 800w, https:\/\/miomicon.com\/wp-content\/uploads\/2025\/09\/Colored_Contacts_Cloud_Model_9_Variants_All_Lenses-1024x1024.jpg 1024w, https:\/\/miomicon.com\/wp-content\/uploads\/2025\/09\/Colored_Contacts_Cloud_Model_9_Variants_All_Lenses.jpg 1080w\" data-sizes=\"auto\" data-orig-sizes=\"(max-width: 1080px) 100vw, 1080px\" \/> <img decoding=\"async\" class=\"lazyload alignnone size-full wp-image-2694\" src=\"https:\/\/miomicon.com\/wp-content\/uploads\/2025\/09\/Colored_Contacts_Cloud_Model_4_Variants_Wearing_Effect_Comparison_Before_and_After_Close_Up2.jpg\" data-orig-src=\"https:\/\/miomicon.com\/wp-content\/uploads\/2025\/09\/Colored_Contacts_Cloud_Model_4_Variants_Wearing_Effect_Comparison_Before_and_After_Close_Up2.jpg\" alt=\"\" width=\"1080\" height=\"1080\" srcset=\"data:image\/svg+xml,%3Csvg%20xmlns%3D%27http%3A%2F%2Fwww.w3.org%2F2000%2Fsvg%27%20width%3D%271080%27%20height%3D%271080%27%20viewBox%3D%270%200%201080%201080%27%3E%3Crect%20width%3D%271080%27%20height%3D%271080%27%20fill-opacity%3D%220%22%2F%3E%3C%2Fsvg%3E\" data-srcset=\"https:\/\/miomicon.com\/wp-content\/uploads\/2025\/09\/Colored_Contacts_Cloud_Model_4_Variants_Wearing_Effect_Comparison_Before_and_After_Close_Up2-66x66.jpg 66w, https:\/\/miomicon.com\/wp-content\/uploads\/2025\/09\/Colored_Contacts_Cloud_Model_4_Variants_Wearing_Effect_Comparison_Before_and_After_Close_Up2-150x150.jpg 150w, https:\/\/miomicon.com\/wp-content\/uploads\/2025\/09\/Colored_Contacts_Cloud_Model_4_Variants_Wearing_Effect_Comparison_Before_and_After_Close_Up2-200x200.jpg 200w, https:\/\/miomicon.com\/wp-content\/uploads\/2025\/09\/Colored_Contacts_Cloud_Model_4_Variants_Wearing_Effect_Comparison_Before_and_After_Close_Up2-300x300.jpg 300w, https:\/\/miomicon.com\/wp-content\/uploads\/2025\/09\/Colored_Contacts_Cloud_Model_4_Variants_Wearing_Effect_Comparison_Before_and_After_Close_Up2-400x400.jpg 400w, https:\/\/miomicon.com\/wp-content\/uploads\/2025\/09\/Colored_Contacts_Cloud_Model_4_Variants_Wearing_Effect_Comparison_Before_and_After_Close_Up2-500x500.jpg 500w, https:\/\/miomicon.com\/wp-content\/uploads\/2025\/09\/Colored_Contacts_Cloud_Model_4_Variants_Wearing_Effect_Comparison_Before_and_After_Close_Up2-600x600.jpg 600w, https:\/\/miomicon.com\/wp-content\/uploads\/2025\/09\/Colored_Contacts_Cloud_Model_4_Variants_Wearing_Effect_Comparison_Before_and_After_Close_Up2-700x700.jpg 700w, https:\/\/miomicon.com\/wp-content\/uploads\/2025\/09\/Colored_Contacts_Cloud_Model_4_Variants_Wearing_Effect_Comparison_Before_and_After_Close_Up2-768x768.jpg 768w, https:\/\/miomicon.com\/wp-content\/uploads\/2025\/09\/Colored_Contacts_Cloud_Model_4_Variants_Wearing_Effect_Comparison_Before_and_After_Close_Up2-800x800.jpg 800w, https:\/\/miomicon.com\/wp-content\/uploads\/2025\/09\/Colored_Contacts_Cloud_Model_4_Variants_Wearing_Effect_Comparison_Before_and_After_Close_Up2-1024x1024.jpg 1024w, https:\/\/miomicon.com\/wp-content\/uploads\/2025\/09\/Colored_Contacts_Cloud_Model_4_Variants_Wearing_Effect_Comparison_Before_and_After_Close_Up2.jpg 1080w\" data-sizes=\"auto\" data-orig-sizes=\"(max-width: 1080px) 100vw, 1080px\" \/> <img decoding=\"async\" class=\"lazyload alignnone size-full wp-image-2692\" src=\"https:\/\/miomicon.com\/wp-content\/uploads\/2025\/09\/Colored_Contacts_Cloud_Model_4_Variants_Wearing_Effect_Comparison_Before_and_After_Close_Up_3.jpg\" data-orig-src=\"https:\/\/miomicon.com\/wp-content\/uploads\/2025\/09\/Colored_Contacts_Cloud_Model_4_Variants_Wearing_Effect_Comparison_Before_and_After_Close_Up_3.jpg\" alt=\"\" width=\"1080\" height=\"1080\" srcset=\"data:image\/svg+xml,%3Csvg%20xmlns%3D%27http%3A%2F%2Fwww.w3.org%2F2000%2Fsvg%27%20width%3D%271080%27%20height%3D%271080%27%20viewBox%3D%270%200%201080%201080%27%3E%3Crect%20width%3D%271080%27%20height%3D%271080%27%20fill-opacity%3D%220%22%2F%3E%3C%2Fsvg%3E\" data-srcset=\"https:\/\/miomicon.com\/wp-content\/uploads\/2025\/09\/Colored_Contacts_Cloud_Model_4_Variants_Wearing_Effect_Comparison_Before_and_After_Close_Up_3-66x66.jpg 66w, https:\/\/miomicon.com\/wp-content\/uploads\/2025\/09\/Colored_Contacts_Cloud_Model_4_Variants_Wearing_Effect_Comparison_Before_and_After_Close_Up_3-150x150.jpg 150w, https:\/\/miomicon.com\/wp-content\/uploads\/2025\/09\/Colored_Contacts_Cloud_Model_4_Variants_Wearing_Effect_Comparison_Before_and_After_Close_Up_3-200x200.jpg 200w, https:\/\/miomicon.com\/wp-content\/uploads\/2025\/09\/Colored_Contacts_Cloud_Model_4_Variants_Wearing_Effect_Comparison_Before_and_After_Close_Up_3-300x300.jpg 300w, https:\/\/miomicon.com\/wp-content\/uploads\/2025\/09\/Colored_Contacts_Cloud_Model_4_Variants_Wearing_Effect_Comparison_Before_and_After_Close_Up_3-400x400.jpg 400w, https:\/\/miomicon.com\/wp-content\/uploads\/2025\/09\/Colored_Contacts_Cloud_Model_4_Variants_Wearing_Effect_Comparison_Before_and_After_Close_Up_3-500x500.jpg 500w, https:\/\/miomicon.com\/wp-content\/uploads\/2025\/09\/Colored_Contacts_Cloud_Model_4_Variants_Wearing_Effect_Comparison_Before_and_After_Close_Up_3-600x600.jpg 600w, https:\/\/miomicon.com\/wp-content\/uploads\/2025\/09\/Colored_Contacts_Cloud_Model_4_Variants_Wearing_Effect_Comparison_Before_and_After_Close_Up_3-700x700.jpg 700w, https:\/\/miomicon.com\/wp-content\/uploads\/2025\/09\/Colored_Contacts_Cloud_Model_4_Variants_Wearing_Effect_Comparison_Before_and_After_Close_Up_3-768x768.jpg 768w, https:\/\/miomicon.com\/wp-content\/uploads\/2025\/09\/Colored_Contacts_Cloud_Model_4_Variants_Wearing_Effect_Comparison_Before_and_After_Close_Up_3-800x800.jpg 800w, https:\/\/miomicon.com\/wp-content\/uploads\/2025\/09\/Colored_Contacts_Cloud_Model_4_Variants_Wearing_Effect_Comparison_Before_and_After_Close_Up_3-1024x1024.jpg 1024w, https:\/\/miomicon.com\/wp-content\/uploads\/2025\/09\/Colored_Contacts_Cloud_Model_4_Variants_Wearing_Effect_Comparison_Before_and_After_Close_Up_3.jpg 1080w\" data-sizes=\"auto\" data-orig-sizes=\"(max-width: 1080px) 100vw, 1080px\" \/> <img decoding=\"async\" class=\"lazyload alignnone size-full wp-image-2698\" src=\"https:\/\/miomicon.com\/wp-content\/uploads\/2025\/09\/Colored_Contacts_Cloud_Pink_Watch_Eye.jpg\" data-orig-src=\"https:\/\/miomicon.com\/wp-content\/uploads\/2025\/09\/Colored_Contacts_Cloud_Pink_Watch_Eye.jpg\" alt=\"\" width=\"1080\" height=\"1080\" srcset=\"data:image\/svg+xml,%3Csvg%20xmlns%3D%27http%3A%2F%2Fwww.w3.org%2F2000%2Fsvg%27%20width%3D%271080%27%20height%3D%271080%27%20viewBox%3D%270%200%201080%201080%27%3E%3Crect%20width%3D%271080%27%20height%3D%271080%27%20fill-opacity%3D%220%22%2F%3E%3C%2Fsvg%3E\" data-srcset=\"https:\/\/miomicon.com\/wp-content\/uploads\/2025\/09\/Colored_Contacts_Cloud_Pink_Watch_Eye-66x66.jpg 66w, https:\/\/miomicon.com\/wp-content\/uploads\/2025\/09\/Colored_Contacts_Cloud_Pink_Watch_Eye-150x150.jpg 150w, https:\/\/miomicon.com\/wp-content\/uploads\/2025\/09\/Colored_Contacts_Cloud_Pink_Watch_Eye-200x200.jpg 200w, https:\/\/miomicon.com\/wp-content\/uploads\/2025\/09\/Colored_Contacts_Cloud_Pink_Watch_Eye-300x300.jpg 300w, https:\/\/miomicon.com\/wp-content\/uploads\/2025\/09\/Colored_Contacts_Cloud_Pink_Watch_Eye-400x400.jpg 400w, https:\/\/miomicon.com\/wp-content\/uploads\/2025\/09\/Colored_Contacts_Cloud_Pink_Watch_Eye-500x500.jpg 500w, https:\/\/miomicon.com\/wp-content\/uploads\/2025\/09\/Colored_Contacts_Cloud_Pink_Watch_Eye-600x600.jpg 600w, https:\/\/miomicon.com\/wp-content\/uploads\/2025\/09\/Colored_Contacts_Cloud_Pink_Watch_Eye-700x700.jpg 700w, https:\/\/miomicon.com\/wp-content\/uploads\/2025\/09\/Colored_Contacts_Cloud_Pink_Watch_Eye-768x768.jpg 768w, https:\/\/miomicon.com\/wp-content\/uploads\/2025\/09\/Colored_Contacts_Cloud_Pink_Watch_Eye-800x800.jpg 800w, https:\/\/miomicon.com\/wp-content\/uploads\/2025\/09\/Colored_Contacts_Cloud_Pink_Watch_Eye-1024x1024.jpg 1024w, https:\/\/miomicon.com\/wp-content\/uploads\/2025\/09\/Colored_Contacts_Cloud_Pink_Watch_Eye.jpg 1080w\" data-sizes=\"auto\" data-orig-sizes=\"(max-width: 1080px) 100vw, 1080px\" \/> <img decoding=\"async\" class=\"lazyload alignnone size-full wp-image-2699\" src=\"https:\/\/miomicon.com\/wp-content\/uploads\/2025\/09\/Colored_Contacts_Cloud_Violet_Lense.jpg\" data-orig-src=\"https:\/\/miomicon.com\/wp-content\/uploads\/2025\/09\/Colored_Contacts_Cloud_Violet_Lense.jpg\" alt=\"\" width=\"1080\" height=\"1080\" srcset=\"data:image\/svg+xml,%3Csvg%20xmlns%3D%27http%3A%2F%2Fwww.w3.org%2F2000%2Fsvg%27%20width%3D%271080%27%20height%3D%271080%27%20viewBox%3D%270%200%201080%201080%27%3E%3Crect%20width%3D%271080%27%20height%3D%271080%27%20fill-opacity%3D%220%22%2F%3E%3C%2Fsvg%3E\" data-srcset=\"https:\/\/miomicon.com\/wp-content\/uploads\/2025\/09\/Colored_Contacts_Cloud_Violet_Lense-66x66.jpg 66w, https:\/\/miomicon.com\/wp-content\/uploads\/2025\/09\/Colored_Contacts_Cloud_Violet_Lense-150x150.jpg 150w, https:\/\/miomicon.com\/wp-content\/uploads\/2025\/09\/Colored_Contacts_Cloud_Violet_Lense-200x200.jpg 200w, https:\/\/miomicon.com\/wp-content\/uploads\/2025\/09\/Colored_Contacts_Cloud_Violet_Lense-300x300.jpg 300w, https:\/\/miomicon.com\/wp-content\/uploads\/2025\/09\/Colored_Contacts_Cloud_Violet_Lense-400x400.jpg 400w, https:\/\/miomicon.com\/wp-content\/uploads\/2025\/09\/Colored_Contacts_Cloud_Violet_Lense-500x500.jpg 500w, https:\/\/miomicon.com\/wp-content\/uploads\/2025\/09\/Colored_Contacts_Cloud_Violet_Lense-600x600.jpg 600w, https:\/\/miomicon.com\/wp-content\/uploads\/2025\/09\/Colored_Contacts_Cloud_Violet_Lense-700x700.jpg 700w, https:\/\/miomicon.com\/wp-content\/uploads\/2025\/09\/Colored_Contacts_Cloud_Violet_Lense-768x768.jpg 768w, https:\/\/miomicon.com\/wp-content\/uploads\/2025\/09\/Colored_Contacts_Cloud_Violet_Lense-800x800.jpg 800w, https:\/\/miomicon.com\/wp-content\/uploads\/2025\/09\/Colored_Contacts_Cloud_Violet_Lense-1024x1024.jpg 1024w, https:\/\/miomicon.com\/wp-content\/uploads\/2025\/09\/Colored_Contacts_Cloud_Violet_Lense.jpg 1080w\" data-sizes=\"auto\" data-orig-sizes=\"(max-width: 1080px) 100vw, 1080px\" \/> <img decoding=\"async\" class=\"lazyload alignnone size-full wp-image-2689\" src=\"https:\/\/miomicon.com\/wp-content\/uploads\/2025\/09\/Colored_Contacts_Cloud_Blue_Watch_Eye.jpg\" data-orig-src=\"https:\/\/miomicon.com\/wp-content\/uploads\/2025\/09\/Colored_Contacts_Cloud_Blue_Watch_Eye.jpg\" alt=\"\" width=\"1080\" height=\"1080\" srcset=\"data:image\/svg+xml,%3Csvg%20xmlns%3D%27http%3A%2F%2Fwww.w3.org%2F2000%2Fsvg%27%20width%3D%271080%27%20height%3D%271080%27%20viewBox%3D%270%200%201080%201080%27%3E%3Crect%20width%3D%271080%27%20height%3D%271080%27%20fill-opacity%3D%220%22%2F%3E%3C%2Fsvg%3E\" data-srcset=\"https:\/\/miomicon.com\/wp-content\/uploads\/2025\/09\/Colored_Contacts_Cloud_Blue_Watch_Eye-66x66.jpg 66w, https:\/\/miomicon.com\/wp-content\/uploads\/2025\/09\/Colored_Contacts_Cloud_Blue_Watch_Eye-150x150.jpg 150w, https:\/\/miomicon.com\/wp-content\/uploads\/2025\/09\/Colored_Contacts_Cloud_Blue_Watch_Eye-200x200.jpg 200w, https:\/\/miomicon.com\/wp-content\/uploads\/2025\/09\/Colored_Contacts_Cloud_Blue_Watch_Eye-300x300.jpg 300w, https:\/\/miomicon.com\/wp-content\/uploads\/2025\/09\/Colored_Contacts_Cloud_Blue_Watch_Eye-400x400.jpg 400w, https:\/\/miomicon.com\/wp-content\/uploads\/2025\/09\/Colored_Contacts_Cloud_Blue_Watch_Eye-500x500.jpg 500w, https:\/\/miomicon.com\/wp-content\/uploads\/2025\/09\/Colored_Contacts_Cloud_Blue_Watch_Eye-600x600.jpg 600w, https:\/\/miomicon.com\/wp-content\/uploads\/2025\/09\/Colored_Contacts_Cloud_Blue_Watch_Eye-700x700.jpg 700w, https:\/\/miomicon.com\/wp-content\/uploads\/2025\/09\/Colored_Contacts_Cloud_Blue_Watch_Eye-768x768.jpg 768w, https:\/\/miomicon.com\/wp-content\/uploads\/2025\/09\/Colored_Contacts_Cloud_Blue_Watch_Eye-800x800.jpg 800w, https:\/\/miomicon.com\/wp-content\/uploads\/2025\/09\/Colored_Contacts_Cloud_Blue_Watch_Eye-1024x1024.jpg 1024w, https:\/\/miomicon.com\/wp-content\/uploads\/2025\/09\/Colored_Contacts_Cloud_Blue_Watch_Eye.jpg 1080w\" data-sizes=\"auto\" data-orig-sizes=\"(max-width: 1080px) 100vw, 1080px\" \/> <img decoding=\"async\" class=\"lazyload alignnone size-full wp-image-2691\" src=\"https:\/\/miomicon.com\/wp-content\/uploads\/2025\/09\/Colored_Contacts_Cloud_Green_Lense.jpg\" data-orig-src=\"https:\/\/miomicon.com\/wp-content\/uploads\/2025\/09\/Colored_Contacts_Cloud_Green_Lense.jpg\" alt=\"\" width=\"1080\" height=\"1080\" srcset=\"data:image\/svg+xml,%3Csvg%20xmlns%3D%27http%3A%2F%2Fwww.w3.org%2F2000%2Fsvg%27%20width%3D%271080%27%20height%3D%271080%27%20viewBox%3D%270%200%201080%201080%27%3E%3Crect%20width%3D%271080%27%20height%3D%271080%27%20fill-opacity%3D%220%22%2F%3E%3C%2Fsvg%3E\" data-srcset=\"https:\/\/miomicon.com\/wp-content\/uploads\/2025\/09\/Colored_Contacts_Cloud_Green_Lense-66x66.jpg 66w, https:\/\/miomicon.com\/wp-content\/uploads\/2025\/09\/Colored_Contacts_Cloud_Green_Lense-150x150.jpg 150w, https:\/\/miomicon.com\/wp-content\/uploads\/2025\/09\/Colored_Contacts_Cloud_Green_Lense-200x200.jpg 200w, https:\/\/miomicon.com\/wp-content\/uploads\/2025\/09\/Colored_Contacts_Cloud_Green_Lense-300x300.jpg 300w, https:\/\/miomicon.com\/wp-content\/uploads\/2025\/09\/Colored_Contacts_Cloud_Green_Lense-400x400.jpg 400w, https:\/\/miomicon.com\/wp-content\/uploads\/2025\/09\/Colored_Contacts_Cloud_Green_Lense-500x500.jpg 500w, https:\/\/miomicon.com\/wp-content\/uploads\/2025\/09\/Colored_Contacts_Cloud_Green_Lense-600x600.jpg 600w, https:\/\/miomicon.com\/wp-content\/uploads\/2025\/09\/Colored_Contacts_Cloud_Green_Lense-700x700.jpg 700w, https:\/\/miomicon.com\/wp-content\/uploads\/2025\/09\/Colored_Contacts_Cloud_Green_Lense-768x768.jpg 768w, https:\/\/miomicon.com\/wp-content\/uploads\/2025\/09\/Colored_Contacts_Cloud_Green_Lense-800x800.jpg 800w, https:\/\/miomicon.com\/wp-content\/uploads\/2025\/09\/Colored_Contacts_Cloud_Green_Lense-1024x1024.jpg 1024w, https:\/\/miomicon.com\/wp-content\/uploads\/2025\/09\/Colored_Contacts_Cloud_Green_Lense.jpg 1080w\" data-sizes=\"auto\" data-orig-sizes=\"(max-width: 1080px) 100vw, 1080px\" \/> <img decoding=\"async\" class=\"lazyload alignnone size-full wp-image-2690\" src=\"https:\/\/miomicon.com\/wp-content\/uploads\/2025\/09\/Colored_Contacts_Cloud_Choco_Watch_Eye.jpg\" data-orig-src=\"https:\/\/miomicon.com\/wp-content\/uploads\/2025\/09\/Colored_Contacts_Cloud_Choco_Watch_Eye.jpg\" alt=\"\" width=\"1080\" height=\"1080\" srcset=\"data:image\/svg+xml,%3Csvg%20xmlns%3D%27http%3A%2F%2Fwww.w3.org%2F2000%2Fsvg%27%20width%3D%271080%27%20height%3D%271080%27%20viewBox%3D%270%200%201080%201080%27%3E%3Crect%20width%3D%271080%27%20height%3D%271080%27%20fill-opacity%3D%220%22%2F%3E%3C%2Fsvg%3E\" data-srcset=\"https:\/\/miomicon.com\/wp-content\/uploads\/2025\/09\/Colored_Contacts_Cloud_Choco_Watch_Eye-66x66.jpg 66w, https:\/\/miomicon.com\/wp-content\/uploads\/2025\/09\/Colored_Contacts_Cloud_Choco_Watch_Eye-150x150.jpg 150w, https:\/\/miomicon.com\/wp-content\/uploads\/2025\/09\/Colored_Contacts_Cloud_Choco_Watch_Eye-200x200.jpg 200w, https:\/\/miomicon.com\/wp-content\/uploads\/2025\/09\/Colored_Contacts_Cloud_Choco_Watch_Eye-300x300.jpg 300w, https:\/\/miomicon.com\/wp-content\/uploads\/2025\/09\/Colored_Contacts_Cloud_Choco_Watch_Eye-400x400.jpg 400w, https:\/\/miomicon.com\/wp-content\/uploads\/2025\/09\/Colored_Contacts_Cloud_Choco_Watch_Eye-500x500.jpg 500w, https:\/\/miomicon.com\/wp-content\/uploads\/2025\/09\/Colored_Contacts_Cloud_Choco_Watch_Eye-600x600.jpg 600w, https:\/\/miomicon.com\/wp-content\/uploads\/2025\/09\/Colored_Contacts_Cloud_Choco_Watch_Eye-700x700.jpg 700w, https:\/\/miomicon.com\/wp-content\/uploads\/2025\/09\/Colored_Contacts_Cloud_Choco_Watch_Eye-768x768.jpg 768w, https:\/\/miomicon.com\/wp-content\/uploads\/2025\/09\/Colored_Contacts_Cloud_Choco_Watch_Eye-800x800.jpg 800w, https:\/\/miomicon.com\/wp-content\/uploads\/2025\/09\/Colored_Contacts_Cloud_Choco_Watch_Eye-1024x1024.jpg 1024w, https:\/\/miomicon.com\/wp-content\/uploads\/2025\/09\/Colored_Contacts_Cloud_Choco_Watch_Eye.jpg 1080w\" data-sizes=\"auto\" data-orig-sizes=\"(max-width: 1080px) 100vw, 1080px\" \/> <img decoding=\"async\" class=\"lazyload alignnone size-full wp-image-2697\" src=\"https:\/\/miomicon.com\/wp-content\/uploads\/2025\/09\/Colored_Contacts_Cloud_Packaging.jpg\" data-orig-src=\"https:\/\/miomicon.com\/wp-content\/uploads\/2025\/09\/Colored_Contacts_Cloud_Packaging.jpg\" alt=\"\" width=\"1080\" height=\"1080\" srcset=\"data:image\/svg+xml,%3Csvg%20xmlns%3D%27http%3A%2F%2Fwww.w3.org%2F2000%2Fsvg%27%20width%3D%271080%27%20height%3D%271080%27%20viewBox%3D%270%200%201080%201080%27%3E%3Crect%20width%3D%271080%27%20height%3D%271080%27%20fill-opacity%3D%220%22%2F%3E%3C%2Fsvg%3E\" data-srcset=\"https:\/\/miomicon.com\/wp-content\/uploads\/2025\/09\/Colored_Contacts_Cloud_Packaging-66x66.jpg 66w, https:\/\/miomicon.com\/wp-content\/uploads\/2025\/09\/Colored_Contacts_Cloud_Packaging-150x150.jpg 150w, https:\/\/miomicon.com\/wp-content\/uploads\/2025\/09\/Colored_Contacts_Cloud_Packaging-200x200.jpg 200w, https:\/\/miomicon.com\/wp-content\/uploads\/2025\/09\/Colored_Contacts_Cloud_Packaging-300x300.jpg 300w, https:\/\/miomicon.com\/wp-content\/uploads\/2025\/09\/Colored_Contacts_Cloud_Packaging-400x400.jpg 400w, https:\/\/miomicon.com\/wp-content\/uploads\/2025\/09\/Colored_Contacts_Cloud_Packaging-500x500.jpg 500w, https:\/\/miomicon.com\/wp-content\/uploads\/2025\/09\/Colored_Contacts_Cloud_Packaging-600x600.jpg 600w, https:\/\/miomicon.com\/wp-content\/uploads\/2025\/09\/Colored_Contacts_Cloud_Packaging-700x700.jpg 700w, https:\/\/miomicon.com\/wp-content\/uploads\/2025\/09\/Colored_Contacts_Cloud_Packaging-768x768.jpg 768w, https:\/\/miomicon.com\/wp-content\/uploads\/2025\/09\/Colored_Contacts_Cloud_Packaging-800x800.jpg 800w, https:\/\/miomicon.com\/wp-content\/uploads\/2025\/09\/Colored_Contacts_Cloud_Packaging-1024x1024.jpg 1024w, https:\/\/miomicon.com\/wp-content\/uploads\/2025\/09\/Colored_Contacts_Cloud_Packaging.jpg 1080w\" data-sizes=\"auto\" data-orig-sizes=\"(max-width: 1080px) 100vw, 1080px\" \/><\/p>\n<\/div>\n","protected":false},"excerpt":{"rendered":"<p>Amplie a oferta da sua empresa com nossas lentes de contato da s\u00e9rie Cloud, que apresentam uma linha diversificada de 10 cores naturais, incluindo: Cinza Escuro, Azul Claro, Verde Claro, Cinza, Castanho, Azul, Rosa, Verde, Violeta e Choco. Esta s\u00e9rie atende com facilidade \u00e0s diversas necessidades e prefer\u00eancias dos seus clientes. N\u00e3o perca esta oportunidade de ampliar sua gama de produtos e atender \u00e0 demanda dos consumidores por lentes de contato coloridas de qualidade, confort\u00e1veis e impressionantes.  <\/p>\n","protected":false},"featured_media":2695,"comment_status":"closed","ping_status":"closed","template":"","meta":[],"product_brand":[44],"product_cat":[230],"product_tag":[],"class_list":{"0":"post-12419","1":"product","2":"type-product","3":"status-publish","4":"has-post-thumbnail","6":"product_brand-freshgo","7":"product_cat-lentes-de-contato-coloridas-naturais","9":"first","10":"instock","11":"product-type-simple"},"_links":{"self":[{"href":"https:\/\/miomicon.com\/pt-br\/wp-json\/wp\/v2\/product\/12419","targetHints":{"allow":["GET"]}}],"collection":[{"href":"https:\/\/miomicon.com\/pt-br\/wp-json\/wp\/v2\/product"}],"about":[{"href":"https:\/\/miomicon.com\/pt-br\/wp-json\/wp\/v2\/types\/product"}],"replies":[{"embeddable":true,"href":"https:\/\/miomicon.com\/pt-br\/wp-json\/wp\/v2\/comments?post=12419"}],"wp:featuredmedia":[{"embeddable":true,"href":"https:\/\/miomicon.com\/pt-br\/wp-json\/wp\/v2\/media\/2695"}],"wp:attachment":[{"href":"https:\/\/miomicon.com\/pt-br\/wp-json\/wp\/v2\/media?parent=12419"}],"wp:term":[{"taxonomy":"product_brand","embeddable":true,"href":"https:\/\/miomicon.com\/pt-br\/wp-json\/wp\/v2\/product_brand?post=12419"},{"taxonomy":"product_cat","embeddable":true,"href":"https:\/\/miomicon.com\/pt-br\/wp-json\/wp\/v2\/product_cat?post=12419"},{"taxonomy":"product_tag","embeddable":true,"href":"https:\/\/miomicon.com\/pt-br\/wp-json\/wp\/v2\/product_tag?post=12419"}],"curies":[{"name":"wp","href":"https:\/\/api.w.org\/{rel}","templated":true}]}}