{"id":12242,"date":"2025-11-05T14:11:46","date_gmt":"2025-11-05T06:11:46","guid":{"rendered":"https:\/\/miomicon.com\/product\/elves-colored-contacts\/"},"modified":"2025-11-05T14:11:46","modified_gmt":"2025-11-05T06:11:46","slug":"elves-colored-contacts","status":"publish","type":"product","link":"https:\/\/miomicon.com\/pt-br\/produto\/elves-colored-contacts\/","title":{"rendered":"Elves Colored Contacts"},"content":{"rendered":"<div class=\"table-1\">\n<table style=\"height: 100%;\" width=\"100%\">\n<tbody>\n<tr>\n<td>Material: <strong>HEMA<\/strong><\/td>\n<td>Tipo de lente: <strong>Macia<\/strong><\/td>\n<\/tr>\n<tr>\n<td>Di\u00e2metro: <strong>14,2 mm<\/strong><\/td>\n<td>Tom: <strong>1<\/strong><\/td>\n<\/tr>\n<tr>\n<td>Espessura central: <strong>0,08 mm<\/strong><\/td>\n<td>Curva base: <strong>8,5 mm<\/strong><\/td>\n<\/tr>\n<tr>\n<td>Validade: <strong>Anual<\/strong><\/td>\n<td>Prazo de validade: <strong>5 anos<\/strong><\/td>\n<\/tr>\n<tr>\n<td>Pot\u00eancia: <strong>0,00 <\/strong><\/td>\n<td>Teor de \u00e1gua: <strong>40%<\/strong><\/td>\n<\/tr>\n<tr>\n<td>Local de origem: <strong>China<\/strong>, <strong>Coreia<\/strong><\/td>\n<td>Embalagem: <strong>Blister (2 unidades por caixa + 1 unidade por estojo)<\/strong><\/td>\n<\/tr>\n<tr>\n<td colspan=\"2\">Variantes de cor (4 dispon\u00edveis): marrom, verde, cinza, cristal<\/td>\n<\/tr>\n<\/tbody>\n<\/table>\n<\/div>\n<p>&nbsp;<br \/>\n<img decoding=\"async\" class=\"lazyload alignnone size-large wp-image-3618\" src=\"https:\/\/miomicon.com\/wp-content\/uploads\/2025\/11\/Colored_Contacts_Elves_Model_4_Variants_jpg-1024x1024.jpg\" data-orig-src=\"https:\/\/miomicon.com\/wp-content\/uploads\/2025\/11\/Colored_Contacts_Elves_Model_4_Variants_jpg-1024x1024.jpg\" alt=\"\" width=\"1024\" height=\"1024\" srcset=\"data:image\/svg+xml,%3Csvg%20xmlns%3D%27http%3A%2F%2Fwww.w3.org%2F2000%2Fsvg%27%20width%3D%271024%27%20height%3D%271024%27%20viewBox%3D%270%200%201024%201024%27%3E%3Crect%20width%3D%271024%27%20height%3D%271024%27%20fill-opacity%3D%220%22%2F%3E%3C%2Fsvg%3E\" data-srcset=\"https:\/\/miomicon.com\/wp-content\/uploads\/2025\/11\/Colored_Contacts_Elves_Model_4_Variants_jpg-66x66.jpg 66w, https:\/\/miomicon.com\/wp-content\/uploads\/2025\/11\/Colored_Contacts_Elves_Model_4_Variants_jpg-150x150.jpg 150w, https:\/\/miomicon.com\/wp-content\/uploads\/2025\/11\/Colored_Contacts_Elves_Model_4_Variants_jpg-200x200.jpg 200w, https:\/\/miomicon.com\/wp-content\/uploads\/2025\/11\/Colored_Contacts_Elves_Model_4_Variants_jpg-300x300.jpg 300w, https:\/\/miomicon.com\/wp-content\/uploads\/2025\/11\/Colored_Contacts_Elves_Model_4_Variants_jpg-400x400.jpg 400w, https:\/\/miomicon.com\/wp-content\/uploads\/2025\/11\/Colored_Contacts_Elves_Model_4_Variants_jpg-500x500.jpg 500w, https:\/\/miomicon.com\/wp-content\/uploads\/2025\/11\/Colored_Contacts_Elves_Model_4_Variants_jpg-600x600.jpg 600w, https:\/\/miomicon.com\/wp-content\/uploads\/2025\/11\/Colored_Contacts_Elves_Model_4_Variants_jpg-700x700.jpg 700w, https:\/\/miomicon.com\/wp-content\/uploads\/2025\/11\/Colored_Contacts_Elves_Model_4_Variants_jpg-768x768.jpg 768w, https:\/\/miomicon.com\/wp-content\/uploads\/2025\/11\/Colored_Contacts_Elves_Model_4_Variants_jpg-800x800.jpg 800w, https:\/\/miomicon.com\/wp-content\/uploads\/2025\/11\/Colored_Contacts_Elves_Model_4_Variants_jpg-1024x1024.jpg 1024w, https:\/\/miomicon.com\/wp-content\/uploads\/2025\/11\/Colored_Contacts_Elves_Model_4_Variants_jpg.jpg 1080w\" data-sizes=\"auto\" data-orig-sizes=\"(max-width: 1024px) 100vw, 1024px\" \/> <img decoding=\"async\" class=\"lazyload alignnone size-large wp-image-3619\" src=\"https:\/\/miomicon.com\/wp-content\/uploads\/2025\/11\/Grid-layout-of-Elves-colored-contact-lenses-in_yyth-1024x1024.jpg\" data-orig-src=\"https:\/\/miomicon.com\/wp-content\/uploads\/2025\/11\/Grid-layout-of-Elves-colored-contact-lenses-in_yyth-1024x1024.jpg\" alt=\"\" width=\"1024\" height=\"1024\" srcset=\"data:image\/svg+xml,%3Csvg%20xmlns%3D%27http%3A%2F%2Fwww.w3.org%2F2000%2Fsvg%27%20width%3D%271024%27%20height%3D%271024%27%20viewBox%3D%270%200%201024%201024%27%3E%3Crect%20width%3D%271024%27%20height%3D%271024%27%20fill-opacity%3D%220%22%2F%3E%3C%2Fsvg%3E\" data-srcset=\"https:\/\/miomicon.com\/wp-content\/uploads\/2025\/11\/Grid-layout-of-Elves-colored-contact-lenses-in_yyth-66x66.jpg 66w, https:\/\/miomicon.com\/wp-content\/uploads\/2025\/11\/Grid-layout-of-Elves-colored-contact-lenses-in_yyth-150x150.jpg 150w, https:\/\/miomicon.com\/wp-content\/uploads\/2025\/11\/Grid-layout-of-Elves-colored-contact-lenses-in_yyth-200x200.jpg 200w, https:\/\/miomicon.com\/wp-content\/uploads\/2025\/11\/Grid-layout-of-Elves-colored-contact-lenses-in_yyth-300x300.jpg 300w, https:\/\/miomicon.com\/wp-content\/uploads\/2025\/11\/Grid-layout-of-Elves-colored-contact-lenses-in_yyth-400x400.jpg 400w, https:\/\/miomicon.com\/wp-content\/uploads\/2025\/11\/Grid-layout-of-Elves-colored-contact-lenses-in_yyth-500x500.jpg 500w, https:\/\/miomicon.com\/wp-content\/uploads\/2025\/11\/Grid-layout-of-Elves-colored-contact-lenses-in_yyth-600x600.jpg 600w, https:\/\/miomicon.com\/wp-content\/uploads\/2025\/11\/Grid-layout-of-Elves-colored-contact-lenses-in_yyth-700x700.jpg 700w, https:\/\/miomicon.com\/wp-content\/uploads\/2025\/11\/Grid-layout-of-Elves-colored-contact-lenses-in_yyth-768x768.jpg 768w, https:\/\/miomicon.com\/wp-content\/uploads\/2025\/11\/Grid-layout-of-Elves-colored-contact-lenses-in_yyth-800x800.jpg 800w, https:\/\/miomicon.com\/wp-content\/uploads\/2025\/11\/Grid-layout-of-Elves-colored-contact-lenses-in_yyth-1024x1024.jpg 1024w, https:\/\/miomicon.com\/wp-content\/uploads\/2025\/11\/Grid-layout-of-Elves-colored-contact-lenses-in_yyth.jpg 1080w\" data-sizes=\"auto\" data-orig-sizes=\"(max-width: 1024px) 100vw, 1024px\" \/> <img decoding=\"async\" class=\"lazyload alignnone size-large wp-image-3617\" src=\"https:\/\/miomicon.com\/wp-content\/uploads\/2025\/11\/Colored_Contacts_Elves_4_Variants_All_Lenses_jpg-1024x1024.jpg\" data-orig-src=\"https:\/\/miomicon.com\/wp-content\/uploads\/2025\/11\/Colored_Contacts_Elves_4_Variants_All_Lenses_jpg-1024x1024.jpg\" alt=\"\" width=\"1024\" height=\"1024\" srcset=\"data:image\/svg+xml,%3Csvg%20xmlns%3D%27http%3A%2F%2Fwww.w3.org%2F2000%2Fsvg%27%20width%3D%271024%27%20height%3D%271024%27%20viewBox%3D%270%200%201024%201024%27%3E%3Crect%20width%3D%271024%27%20height%3D%271024%27%20fill-opacity%3D%220%22%2F%3E%3C%2Fsvg%3E\" data-srcset=\"https:\/\/miomicon.com\/wp-content\/uploads\/2025\/11\/Colored_Contacts_Elves_4_Variants_All_Lenses_jpg-66x66.jpg 66w, https:\/\/miomicon.com\/wp-content\/uploads\/2025\/11\/Colored_Contacts_Elves_4_Variants_All_Lenses_jpg-150x150.jpg 150w, https:\/\/miomicon.com\/wp-content\/uploads\/2025\/11\/Colored_Contacts_Elves_4_Variants_All_Lenses_jpg-200x200.jpg 200w, https:\/\/miomicon.com\/wp-content\/uploads\/2025\/11\/Colored_Contacts_Elves_4_Variants_All_Lenses_jpg-300x300.jpg 300w, https:\/\/miomicon.com\/wp-content\/uploads\/2025\/11\/Colored_Contacts_Elves_4_Variants_All_Lenses_jpg-400x400.jpg 400w, https:\/\/miomicon.com\/wp-content\/uploads\/2025\/11\/Colored_Contacts_Elves_4_Variants_All_Lenses_jpg-500x500.jpg 500w, https:\/\/miomicon.com\/wp-content\/uploads\/2025\/11\/Colored_Contacts_Elves_4_Variants_All_Lenses_jpg-600x600.jpg 600w, https:\/\/miomicon.com\/wp-content\/uploads\/2025\/11\/Colored_Contacts_Elves_4_Variants_All_Lenses_jpg-700x700.jpg 700w, https:\/\/miomicon.com\/wp-content\/uploads\/2025\/11\/Colored_Contacts_Elves_4_Variants_All_Lenses_jpg-768x768.jpg 768w, https:\/\/miomicon.com\/wp-content\/uploads\/2025\/11\/Colored_Contacts_Elves_4_Variants_All_Lenses_jpg-800x800.jpg 800w, https:\/\/miomicon.com\/wp-content\/uploads\/2025\/11\/Colored_Contacts_Elves_4_Variants_All_Lenses_jpg-1024x1024.jpg 1024w, https:\/\/miomicon.com\/wp-content\/uploads\/2025\/11\/Colored_Contacts_Elves_4_Variants_All_Lenses_jpg.jpg 1080w\" data-sizes=\"auto\" data-orig-sizes=\"(max-width: 1024px) 100vw, 1024px\" \/> <img decoding=\"async\" class=\"lazyload alignnone size-large wp-image-3612\" src=\"https:\/\/miomicon.com\/wp-content\/uploads\/2025\/11\/Colored_Contacts_Elves_1_Variants_Crystal_Close_Up_3_jpg-1024x1024.jpg\" data-orig-src=\"https:\/\/miomicon.com\/wp-content\/uploads\/2025\/11\/Colored_Contacts_Elves_1_Variants_Crystal_Close_Up_3_jpg-1024x1024.jpg\" alt=\"\" width=\"1024\" height=\"1024\" srcset=\"data:image\/svg+xml,%3Csvg%20xmlns%3D%27http%3A%2F%2Fwww.w3.org%2F2000%2Fsvg%27%20width%3D%271024%27%20height%3D%271024%27%20viewBox%3D%270%200%201024%201024%27%3E%3Crect%20width%3D%271024%27%20height%3D%271024%27%20fill-opacity%3D%220%22%2F%3E%3C%2Fsvg%3E\" data-srcset=\"https:\/\/miomicon.com\/wp-content\/uploads\/2025\/11\/Colored_Contacts_Elves_1_Variants_Crystal_Close_Up_3_jpg-66x66.jpg 66w, https:\/\/miomicon.com\/wp-content\/uploads\/2025\/11\/Colored_Contacts_Elves_1_Variants_Crystal_Close_Up_3_jpg-150x150.jpg 150w, https:\/\/miomicon.com\/wp-content\/uploads\/2025\/11\/Colored_Contacts_Elves_1_Variants_Crystal_Close_Up_3_jpg-200x200.jpg 200w, https:\/\/miomicon.com\/wp-content\/uploads\/2025\/11\/Colored_Contacts_Elves_1_Variants_Crystal_Close_Up_3_jpg-300x300.jpg 300w, https:\/\/miomicon.com\/wp-content\/uploads\/2025\/11\/Colored_Contacts_Elves_1_Variants_Crystal_Close_Up_3_jpg-400x400.jpg 400w, https:\/\/miomicon.com\/wp-content\/uploads\/2025\/11\/Colored_Contacts_Elves_1_Variants_Crystal_Close_Up_3_jpg-500x500.jpg 500w, https:\/\/miomicon.com\/wp-content\/uploads\/2025\/11\/Colored_Contacts_Elves_1_Variants_Crystal_Close_Up_3_jpg-600x600.jpg 600w, https:\/\/miomicon.com\/wp-content\/uploads\/2025\/11\/Colored_Contacts_Elves_1_Variants_Crystal_Close_Up_3_jpg-700x700.jpg 700w, https:\/\/miomicon.com\/wp-content\/uploads\/2025\/11\/Colored_Contacts_Elves_1_Variants_Crystal_Close_Up_3_jpg-768x768.jpg 768w, https:\/\/miomicon.com\/wp-content\/uploads\/2025\/11\/Colored_Contacts_Elves_1_Variants_Crystal_Close_Up_3_jpg-800x800.jpg 800w, https:\/\/miomicon.com\/wp-content\/uploads\/2025\/11\/Colored_Contacts_Elves_1_Variants_Crystal_Close_Up_3_jpg-1024x1024.jpg 1024w, https:\/\/miomicon.com\/wp-content\/uploads\/2025\/11\/Colored_Contacts_Elves_1_Variants_Crystal_Close_Up_3_jpg.jpg 1080w\" data-sizes=\"auto\" data-orig-sizes=\"(max-width: 1024px) 100vw, 1024px\" \/> <img decoding=\"async\" class=\"lazyload alignnone size-large wp-image-3613\" src=\"https:\/\/miomicon.com\/wp-content\/uploads\/2025\/11\/Colored_Contacts_Elves_1_Variants_Gray_Close_Up_3_jpg-1024x1024.jpg\" data-orig-src=\"https:\/\/miomicon.com\/wp-content\/uploads\/2025\/11\/Colored_Contacts_Elves_1_Variants_Gray_Close_Up_3_jpg-1024x1024.jpg\" alt=\"\" width=\"1024\" height=\"1024\" srcset=\"data:image\/svg+xml,%3Csvg%20xmlns%3D%27http%3A%2F%2Fwww.w3.org%2F2000%2Fsvg%27%20width%3D%271024%27%20height%3D%271024%27%20viewBox%3D%270%200%201024%201024%27%3E%3Crect%20width%3D%271024%27%20height%3D%271024%27%20fill-opacity%3D%220%22%2F%3E%3C%2Fsvg%3E\" data-srcset=\"https:\/\/miomicon.com\/wp-content\/uploads\/2025\/11\/Colored_Contacts_Elves_1_Variants_Gray_Close_Up_3_jpg-66x66.jpg 66w, https:\/\/miomicon.com\/wp-content\/uploads\/2025\/11\/Colored_Contacts_Elves_1_Variants_Gray_Close_Up_3_jpg-150x150.jpg 150w, https:\/\/miomicon.com\/wp-content\/uploads\/2025\/11\/Colored_Contacts_Elves_1_Variants_Gray_Close_Up_3_jpg-200x200.jpg 200w, https:\/\/miomicon.com\/wp-content\/uploads\/2025\/11\/Colored_Contacts_Elves_1_Variants_Gray_Close_Up_3_jpg-300x300.jpg 300w, https:\/\/miomicon.com\/wp-content\/uploads\/2025\/11\/Colored_Contacts_Elves_1_Variants_Gray_Close_Up_3_jpg-400x400.jpg 400w, https:\/\/miomicon.com\/wp-content\/uploads\/2025\/11\/Colored_Contacts_Elves_1_Variants_Gray_Close_Up_3_jpg-500x500.jpg 500w, https:\/\/miomicon.com\/wp-content\/uploads\/2025\/11\/Colored_Contacts_Elves_1_Variants_Gray_Close_Up_3_jpg-600x600.jpg 600w, https:\/\/miomicon.com\/wp-content\/uploads\/2025\/11\/Colored_Contacts_Elves_1_Variants_Gray_Close_Up_3_jpg-700x700.jpg 700w, https:\/\/miomicon.com\/wp-content\/uploads\/2025\/11\/Colored_Contacts_Elves_1_Variants_Gray_Close_Up_3_jpg-768x768.jpg 768w, https:\/\/miomicon.com\/wp-content\/uploads\/2025\/11\/Colored_Contacts_Elves_1_Variants_Gray_Close_Up_3_jpg-800x800.jpg 800w, https:\/\/miomicon.com\/wp-content\/uploads\/2025\/11\/Colored_Contacts_Elves_1_Variants_Gray_Close_Up_3_jpg-1024x1024.jpg 1024w, https:\/\/miomicon.com\/wp-content\/uploads\/2025\/11\/Colored_Contacts_Elves_1_Variants_Gray_Close_Up_3_jpg.jpg 1080w\" data-sizes=\"auto\" data-orig-sizes=\"(max-width: 1024px) 100vw, 1024px\" \/> <img decoding=\"async\" class=\"lazyload alignnone size-large wp-image-3615\" src=\"https:\/\/miomicon.com\/wp-content\/uploads\/2025\/11\/Colored_Contacts_Elves_1_Variants_Green_Close_Up_3_jpg-1024x1024.jpg\" data-orig-src=\"https:\/\/miomicon.com\/wp-content\/uploads\/2025\/11\/Colored_Contacts_Elves_1_Variants_Green_Close_Up_3_jpg-1024x1024.jpg\" alt=\"\" width=\"1024\" height=\"1024\" srcset=\"data:image\/svg+xml,%3Csvg%20xmlns%3D%27http%3A%2F%2Fwww.w3.org%2F2000%2Fsvg%27%20width%3D%271024%27%20height%3D%271024%27%20viewBox%3D%270%200%201024%201024%27%3E%3Crect%20width%3D%271024%27%20height%3D%271024%27%20fill-opacity%3D%220%22%2F%3E%3C%2Fsvg%3E\" data-srcset=\"https:\/\/miomicon.com\/wp-content\/uploads\/2025\/11\/Colored_Contacts_Elves_1_Variants_Green_Close_Up_3_jpg-66x66.jpg 66w, https:\/\/miomicon.com\/wp-content\/uploads\/2025\/11\/Colored_Contacts_Elves_1_Variants_Green_Close_Up_3_jpg-150x150.jpg 150w, https:\/\/miomicon.com\/wp-content\/uploads\/2025\/11\/Colored_Contacts_Elves_1_Variants_Green_Close_Up_3_jpg-200x200.jpg 200w, https:\/\/miomicon.com\/wp-content\/uploads\/2025\/11\/Colored_Contacts_Elves_1_Variants_Green_Close_Up_3_jpg-300x300.jpg 300w, https:\/\/miomicon.com\/wp-content\/uploads\/2025\/11\/Colored_Contacts_Elves_1_Variants_Green_Close_Up_3_jpg-400x400.jpg 400w, https:\/\/miomicon.com\/wp-content\/uploads\/2025\/11\/Colored_Contacts_Elves_1_Variants_Green_Close_Up_3_jpg-500x500.jpg 500w, https:\/\/miomicon.com\/wp-content\/uploads\/2025\/11\/Colored_Contacts_Elves_1_Variants_Green_Close_Up_3_jpg-600x600.jpg 600w, https:\/\/miomicon.com\/wp-content\/uploads\/2025\/11\/Colored_Contacts_Elves_1_Variants_Green_Close_Up_3_jpg-700x700.jpg 700w, https:\/\/miomicon.com\/wp-content\/uploads\/2025\/11\/Colored_Contacts_Elves_1_Variants_Green_Close_Up_3_jpg-768x768.jpg 768w, https:\/\/miomicon.com\/wp-content\/uploads\/2025\/11\/Colored_Contacts_Elves_1_Variants_Green_Close_Up_3_jpg-800x800.jpg 800w, https:\/\/miomicon.com\/wp-content\/uploads\/2025\/11\/Colored_Contacts_Elves_1_Variants_Green_Close_Up_3_jpg-1024x1024.jpg 1024w, https:\/\/miomicon.com\/wp-content\/uploads\/2025\/11\/Colored_Contacts_Elves_1_Variants_Green_Close_Up_3_jpg.jpg 1080w\" data-sizes=\"auto\" data-orig-sizes=\"(max-width: 1024px) 100vw, 1024px\" \/> <img decoding=\"async\" class=\"lazyload alignnone size-large wp-image-3616\" src=\"https:\/\/miomicon.com\/wp-content\/uploads\/2025\/11\/Colored_Contacts_Elves_1_Variants_Green_RealClose_Up_3_jpg-1024x1024.jpg\" data-orig-src=\"https:\/\/miomicon.com\/wp-content\/uploads\/2025\/11\/Colored_Contacts_Elves_1_Variants_Green_RealClose_Up_3_jpg-1024x1024.jpg\" alt=\"\" width=\"1024\" height=\"1024\" srcset=\"data:image\/svg+xml,%3Csvg%20xmlns%3D%27http%3A%2F%2Fwww.w3.org%2F2000%2Fsvg%27%20width%3D%271024%27%20height%3D%271024%27%20viewBox%3D%270%200%201024%201024%27%3E%3Crect%20width%3D%271024%27%20height%3D%271024%27%20fill-opacity%3D%220%22%2F%3E%3C%2Fsvg%3E\" data-srcset=\"https:\/\/miomicon.com\/wp-content\/uploads\/2025\/11\/Colored_Contacts_Elves_1_Variants_Green_RealClose_Up_3_jpg-66x66.jpg 66w, https:\/\/miomicon.com\/wp-content\/uploads\/2025\/11\/Colored_Contacts_Elves_1_Variants_Green_RealClose_Up_3_jpg-150x150.jpg 150w, https:\/\/miomicon.com\/wp-content\/uploads\/2025\/11\/Colored_Contacts_Elves_1_Variants_Green_RealClose_Up_3_jpg-200x200.jpg 200w, https:\/\/miomicon.com\/wp-content\/uploads\/2025\/11\/Colored_Contacts_Elves_1_Variants_Green_RealClose_Up_3_jpg-300x300.jpg 300w, https:\/\/miomicon.com\/wp-content\/uploads\/2025\/11\/Colored_Contacts_Elves_1_Variants_Green_RealClose_Up_3_jpg-400x400.jpg 400w, https:\/\/miomicon.com\/wp-content\/uploads\/2025\/11\/Colored_Contacts_Elves_1_Variants_Green_RealClose_Up_3_jpg-500x500.jpg 500w, https:\/\/miomicon.com\/wp-content\/uploads\/2025\/11\/Colored_Contacts_Elves_1_Variants_Green_RealClose_Up_3_jpg-600x600.jpg 600w, https:\/\/miomicon.com\/wp-content\/uploads\/2025\/11\/Colored_Contacts_Elves_1_Variants_Green_RealClose_Up_3_jpg-700x700.jpg 700w, https:\/\/miomicon.com\/wp-content\/uploads\/2025\/11\/Colored_Contacts_Elves_1_Variants_Green_RealClose_Up_3_jpg-768x768.jpg 768w, https:\/\/miomicon.com\/wp-content\/uploads\/2025\/11\/Colored_Contacts_Elves_1_Variants_Green_RealClose_Up_3_jpg-800x800.jpg 800w, https:\/\/miomicon.com\/wp-content\/uploads\/2025\/11\/Colored_Contacts_Elves_1_Variants_Green_RealClose_Up_3_jpg-1024x1024.jpg 1024w, https:\/\/miomicon.com\/wp-content\/uploads\/2025\/11\/Colored_Contacts_Elves_1_Variants_Green_RealClose_Up_3_jpg.jpg 1080w\" data-sizes=\"auto\" data-orig-sizes=\"(max-width: 1024px) 100vw, 1024px\" \/> <img decoding=\"async\" class=\"lazyload alignnone size-large wp-image-3614\" src=\"https:\/\/miomicon.com\/wp-content\/uploads\/2025\/11\/Colored_Contacts_Elves_1_Variants_Gray_RealClose_Up_3_jpg-1024x1024.jpg\" data-orig-src=\"https:\/\/miomicon.com\/wp-content\/uploads\/2025\/11\/Colored_Contacts_Elves_1_Variants_Gray_RealClose_Up_3_jpg-1024x1024.jpg\" alt=\"\" width=\"1024\" height=\"1024\" srcset=\"data:image\/svg+xml,%3Csvg%20xmlns%3D%27http%3A%2F%2Fwww.w3.org%2F2000%2Fsvg%27%20width%3D%271024%27%20height%3D%271024%27%20viewBox%3D%270%200%201024%201024%27%3E%3Crect%20width%3D%271024%27%20height%3D%271024%27%20fill-opacity%3D%220%22%2F%3E%3C%2Fsvg%3E\" data-srcset=\"https:\/\/miomicon.com\/wp-content\/uploads\/2025\/11\/Colored_Contacts_Elves_1_Variants_Gray_RealClose_Up_3_jpg-66x66.jpg 66w, https:\/\/miomicon.com\/wp-content\/uploads\/2025\/11\/Colored_Contacts_Elves_1_Variants_Gray_RealClose_Up_3_jpg-150x150.jpg 150w, https:\/\/miomicon.com\/wp-content\/uploads\/2025\/11\/Colored_Contacts_Elves_1_Variants_Gray_RealClose_Up_3_jpg-200x200.jpg 200w, https:\/\/miomicon.com\/wp-content\/uploads\/2025\/11\/Colored_Contacts_Elves_1_Variants_Gray_RealClose_Up_3_jpg-300x300.jpg 300w, https:\/\/miomicon.com\/wp-content\/uploads\/2025\/11\/Colored_Contacts_Elves_1_Variants_Gray_RealClose_Up_3_jpg-400x400.jpg 400w, https:\/\/miomicon.com\/wp-content\/uploads\/2025\/11\/Colored_Contacts_Elves_1_Variants_Gray_RealClose_Up_3_jpg-500x500.jpg 500w, https:\/\/miomicon.com\/wp-content\/uploads\/2025\/11\/Colored_Contacts_Elves_1_Variants_Gray_RealClose_Up_3_jpg-600x600.jpg 600w, https:\/\/miomicon.com\/wp-content\/uploads\/2025\/11\/Colored_Contacts_Elves_1_Variants_Gray_RealClose_Up_3_jpg-700x700.jpg 700w, https:\/\/miomicon.com\/wp-content\/uploads\/2025\/11\/Colored_Contacts_Elves_1_Variants_Gray_RealClose_Up_3_jpg-768x768.jpg 768w, https:\/\/miomicon.com\/wp-content\/uploads\/2025\/11\/Colored_Contacts_Elves_1_Variants_Gray_RealClose_Up_3_jpg-800x800.jpg 800w, https:\/\/miomicon.com\/wp-content\/uploads\/2025\/11\/Colored_Contacts_Elves_1_Variants_Gray_RealClose_Up_3_jpg-1024x1024.jpg 1024w, https:\/\/miomicon.com\/wp-content\/uploads\/2025\/11\/Colored_Contacts_Elves_1_Variants_Gray_RealClose_Up_3_jpg.jpg 1080w\" data-sizes=\"auto\" data-orig-sizes=\"(max-width: 1024px) 100vw, 1024px\" \/> <img decoding=\"async\" class=\"lazyload alignnone size-large wp-image-3620\" src=\"https:\/\/miomicon.com\/wp-content\/uploads\/2025\/11\/Product-package-presenting-Elves-colored-contact-lenses_yy-1024x1024.jpg\" data-orig-src=\"https:\/\/miomicon.com\/wp-content\/uploads\/2025\/11\/Product-package-presenting-Elves-colored-contact-lenses_yy-1024x1024.jpg\" alt=\"\" width=\"1024\" height=\"1024\" srcset=\"data:image\/svg+xml,%3Csvg%20xmlns%3D%27http%3A%2F%2Fwww.w3.org%2F2000%2Fsvg%27%20width%3D%271024%27%20height%3D%271024%27%20viewBox%3D%270%200%201024%201024%27%3E%3Crect%20width%3D%271024%27%20height%3D%271024%27%20fill-opacity%3D%220%22%2F%3E%3C%2Fsvg%3E\" data-srcset=\"https:\/\/miomicon.com\/wp-content\/uploads\/2025\/11\/Product-package-presenting-Elves-colored-contact-lenses_yy-66x66.jpg 66w, https:\/\/miomicon.com\/wp-content\/uploads\/2025\/11\/Product-package-presenting-Elves-colored-contact-lenses_yy-150x150.jpg 150w, https:\/\/miomicon.com\/wp-content\/uploads\/2025\/11\/Product-package-presenting-Elves-colored-contact-lenses_yy-200x200.jpg 200w, https:\/\/miomicon.com\/wp-content\/uploads\/2025\/11\/Product-package-presenting-Elves-colored-contact-lenses_yy-300x300.jpg 300w, https:\/\/miomicon.com\/wp-content\/uploads\/2025\/11\/Product-package-presenting-Elves-colored-contact-lenses_yy-400x400.jpg 400w, https:\/\/miomicon.com\/wp-content\/uploads\/2025\/11\/Product-package-presenting-Elves-colored-contact-lenses_yy-500x500.jpg 500w, https:\/\/miomicon.com\/wp-content\/uploads\/2025\/11\/Product-package-presenting-Elves-colored-contact-lenses_yy-600x600.jpg 600w, https:\/\/miomicon.com\/wp-content\/uploads\/2025\/11\/Product-package-presenting-Elves-colored-contact-lenses_yy-700x700.jpg 700w, https:\/\/miomicon.com\/wp-content\/uploads\/2025\/11\/Product-package-presenting-Elves-colored-contact-lenses_yy-768x768.jpg 768w, https:\/\/miomicon.com\/wp-content\/uploads\/2025\/11\/Product-package-presenting-Elves-colored-contact-lenses_yy-800x800.jpg 800w, https:\/\/miomicon.com\/wp-content\/uploads\/2025\/11\/Product-package-presenting-Elves-colored-contact-lenses_yy-1024x1024.jpg 1024w, https:\/\/miomicon.com\/wp-content\/uploads\/2025\/11\/Product-package-presenting-Elves-colored-contact-lenses_yy.jpg 1080w\" data-sizes=\"auto\" data-orig-sizes=\"(max-width: 1024px) 100vw, 1024px\" \/><\/p>\n","protected":false},"excerpt":{"rendered":"<p>Amplie a oferta da sua empresa com a nossa s\u00e9rie Elves, que apresenta uma linha diversificada de 4 lentes de contato coloridas naturais. Dos tons quentes do marrom aos tons frios do cinza, esta s\u00e9rie atende com facilidade \u00e0s diversas necessidades e prefer\u00eancias dos seus clientes. N\u00e3o perca esta oportunidade de ampliar sua gama de produtos e atender \u00e0 demanda dos consumidores por lentes de contato coloridas de qualidade, confort\u00e1veis e impressionantes.  <\/p>\n","protected":false},"featured_media":3618,"comment_status":"closed","ping_status":"closed","template":"","meta":[],"product_brand":[43],"product_cat":[230],"product_tag":[],"class_list":{"0":"post-12242","1":"product","2":"type-product","3":"status-publish","4":"has-post-thumbnail","6":"product_brand-magister","7":"product_cat-lentes-de-contato-coloridas-naturais","9":"first","10":"instock","11":"product-type-simple"},"_links":{"self":[{"href":"https:\/\/miomicon.com\/pt-br\/wp-json\/wp\/v2\/product\/12242","targetHints":{"allow":["GET"]}}],"collection":[{"href":"https:\/\/miomicon.com\/pt-br\/wp-json\/wp\/v2\/product"}],"about":[{"href":"https:\/\/miomicon.com\/pt-br\/wp-json\/wp\/v2\/types\/product"}],"replies":[{"embeddable":true,"href":"https:\/\/miomicon.com\/pt-br\/wp-json\/wp\/v2\/comments?post=12242"}],"wp:featuredmedia":[{"embeddable":true,"href":"https:\/\/miomicon.com\/pt-br\/wp-json\/wp\/v2\/media\/3618"}],"wp:attachment":[{"href":"https:\/\/miomicon.com\/pt-br\/wp-json\/wp\/v2\/media?parent=12242"}],"wp:term":[{"taxonomy":"product_brand","embeddable":true,"href":"https:\/\/miomicon.com\/pt-br\/wp-json\/wp\/v2\/product_brand?post=12242"},{"taxonomy":"product_cat","embeddable":true,"href":"https:\/\/miomicon.com\/pt-br\/wp-json\/wp\/v2\/product_cat?post=12242"},{"taxonomy":"product_tag","embeddable":true,"href":"https:\/\/miomicon.com\/pt-br\/wp-json\/wp\/v2\/product_tag?post=12242"}],"curies":[{"name":"wp","href":"https:\/\/api.w.org\/{rel}","templated":true}]}}