{"id":12221,"date":"2025-11-05T14:08:11","date_gmt":"2025-11-05T06:08:11","guid":{"rendered":"https:\/\/miomicon.com\/product\/lentes-de-contato-coloridas-diamond-n\/"},"modified":"2025-11-05T14:08:11","modified_gmt":"2025-11-05T06:08:11","slug":"lentes-de-contato-coloridas-diamond-n","status":"publish","type":"product","link":"https:\/\/miomicon.com\/pt-br\/produto\/lentes-de-contato-coloridas-diamond-n\/","title":{"rendered":"Lentes de contato coloridas Diamond N"},"content":{"rendered":"<div class=\"table-1\">\n<table style=\"height: 100%;\" width=\"1005\">\n<tbody>\n<tr>\n<td>Material: <strong>HEMA<\/strong><\/td>\n<td>Tipo de lente: <strong>Macia<\/strong><\/td>\n<\/tr>\n<tr>\n<td>Di\u00e2metro: <strong>14,5 mm<\/strong><\/td>\n<td>Tom: <strong>2<\/strong><\/td>\n<\/tr>\n<tr>\n<td>Espessura central: <strong>0,08 mm<\/strong><\/td>\n<td>Curva base: <strong>8,6 mm<\/strong><\/td>\n<\/tr>\n<tr>\n<td>Prazo de validade: <strong>Seis meses<\/strong><\/td>\n<td>Prazo de validade: <strong>5 anos<\/strong><\/td>\n<\/tr>\n<tr>\n<td>Pot\u00eancia: <strong>0,00<\/strong><\/td>\n<td>Teor de \u00e1gua: <strong>40%<\/strong><\/td>\n<\/tr>\n<tr>\n<td>Local de origem: <strong>China<\/strong>, <strong>Coreia<\/strong><\/td>\n<td>Embalagem: <strong>Blister (2 unidades por caixa)<\/strong><\/td>\n<\/tr>\n<tr>\n<td colspan=\"2\">Variantes de cor (4 dispon\u00edveis): <b>Castanho Docinho, Cinza Allure, Azul Pac\u00edfico, Verde Eterno<\/b><\/td>\n<\/tr>\n<\/tbody>\n<\/table>\n<\/div>\n<p>&nbsp;<\/p>\n<p><img decoding=\"async\" class=\"lazyload alignnone size-large wp-image-3607\" src=\"https:\/\/miomicon.com\/wp-content\/uploads\/2025\/11\/A-young-lady-showcasing-Diamond-N-colored-contact_y-1024x1024.jpg\" data-orig-src=\"https:\/\/miomicon.com\/wp-content\/uploads\/2025\/11\/A-young-lady-showcasing-Diamond-N-colored-contact_y-1024x1024.jpg\" alt=\"\" width=\"1024\" height=\"1024\" title=\"\" srcset=\"data:image\/svg+xml,%3Csvg%20xmlns%3D%27http%3A%2F%2Fwww.w3.org%2F2000%2Fsvg%27%20width%3D%271024%27%20height%3D%271024%27%20viewBox%3D%270%200%201024%201024%27%3E%3Crect%20width%3D%271024%27%20height%3D%271024%27%20fill-opacity%3D%220%22%2F%3E%3C%2Fsvg%3E\" data-srcset=\"https:\/\/miomicon.com\/wp-content\/uploads\/2025\/11\/A-young-lady-showcasing-Diamond-N-colored-contact_y-66x66.jpg 66w, https:\/\/miomicon.com\/wp-content\/uploads\/2025\/11\/A-young-lady-showcasing-Diamond-N-colored-contact_y-150x150.jpg 150w, https:\/\/miomicon.com\/wp-content\/uploads\/2025\/11\/A-young-lady-showcasing-Diamond-N-colored-contact_y-200x200.jpg 200w, https:\/\/miomicon.com\/wp-content\/uploads\/2025\/11\/A-young-lady-showcasing-Diamond-N-colored-contact_y-300x300.jpg 300w, https:\/\/miomicon.com\/wp-content\/uploads\/2025\/11\/A-young-lady-showcasing-Diamond-N-colored-contact_y-400x400.jpg 400w, https:\/\/miomicon.com\/wp-content\/uploads\/2025\/11\/A-young-lady-showcasing-Diamond-N-colored-contact_y-500x500.jpg 500w, https:\/\/miomicon.com\/wp-content\/uploads\/2025\/11\/A-young-lady-showcasing-Diamond-N-colored-contact_y-600x600.jpg 600w, https:\/\/miomicon.com\/wp-content\/uploads\/2025\/11\/A-young-lady-showcasing-Diamond-N-colored-contact_y-700x700.jpg 700w, https:\/\/miomicon.com\/wp-content\/uploads\/2025\/11\/A-young-lady-showcasing-Diamond-N-colored-contact_y-768x768.jpg 768w, https:\/\/miomicon.com\/wp-content\/uploads\/2025\/11\/A-young-lady-showcasing-Diamond-N-colored-contact_y-800x800.jpg 800w, https:\/\/miomicon.com\/wp-content\/uploads\/2025\/11\/A-young-lady-showcasing-Diamond-N-colored-contact_y-1024x1024.jpg 1024w, https:\/\/miomicon.com\/wp-content\/uploads\/2025\/11\/A-young-lady-showcasing-Diamond-N-colored-contact_y.jpg 1080w\" data-sizes=\"auto\" data-orig-sizes=\"(max-width: 1024px) 100vw, 1024px\" \/> <img decoding=\"async\" class=\"lazyload alignnone size-large wp-image-3601\" src=\"https:\/\/miomicon.com\/wp-content\/uploads\/2025\/11\/Diamond-N-contact-lenses-of-4-colors_-Candy-1024x1024.jpg\" data-orig-src=\"https:\/\/miomicon.com\/wp-content\/uploads\/2025\/11\/Diamond-N-contact-lenses-of-4-colors_-Candy-1024x1024.jpg\" alt=\"\" width=\"1024\" height=\"1024\" title=\"\" srcset=\"data:image\/svg+xml,%3Csvg%20xmlns%3D%27http%3A%2F%2Fwww.w3.org%2F2000%2Fsvg%27%20width%3D%271024%27%20height%3D%271024%27%20viewBox%3D%270%200%201024%201024%27%3E%3Crect%20width%3D%271024%27%20height%3D%271024%27%20fill-opacity%3D%220%22%2F%3E%3C%2Fsvg%3E\" data-srcset=\"https:\/\/miomicon.com\/wp-content\/uploads\/2025\/11\/Diamond-N-contact-lenses-of-4-colors_-Candy-66x66.jpg 66w, https:\/\/miomicon.com\/wp-content\/uploads\/2025\/11\/Diamond-N-contact-lenses-of-4-colors_-Candy-150x150.jpg 150w, https:\/\/miomicon.com\/wp-content\/uploads\/2025\/11\/Diamond-N-contact-lenses-of-4-colors_-Candy-200x200.jpg 200w, https:\/\/miomicon.com\/wp-content\/uploads\/2025\/11\/Diamond-N-contact-lenses-of-4-colors_-Candy-300x300.jpg 300w, https:\/\/miomicon.com\/wp-content\/uploads\/2025\/11\/Diamond-N-contact-lenses-of-4-colors_-Candy-400x400.jpg 400w, https:\/\/miomicon.com\/wp-content\/uploads\/2025\/11\/Diamond-N-contact-lenses-of-4-colors_-Candy-500x500.jpg 500w, https:\/\/miomicon.com\/wp-content\/uploads\/2025\/11\/Diamond-N-contact-lenses-of-4-colors_-Candy-600x600.jpg 600w, https:\/\/miomicon.com\/wp-content\/uploads\/2025\/11\/Diamond-N-contact-lenses-of-4-colors_-Candy-700x700.jpg 700w, https:\/\/miomicon.com\/wp-content\/uploads\/2025\/11\/Diamond-N-contact-lenses-of-4-colors_-Candy-768x768.jpg 768w, https:\/\/miomicon.com\/wp-content\/uploads\/2025\/11\/Diamond-N-contact-lenses-of-4-colors_-Candy-800x800.jpg 800w, https:\/\/miomicon.com\/wp-content\/uploads\/2025\/11\/Diamond-N-contact-lenses-of-4-colors_-Candy-1024x1024.jpg 1024w, https:\/\/miomicon.com\/wp-content\/uploads\/2025\/11\/Diamond-N-contact-lenses-of-4-colors_-Candy.jpg 1080w\" data-sizes=\"auto\" data-orig-sizes=\"(max-width: 1024px) 100vw, 1024px\" \/> <img decoding=\"async\" class=\"lazyload alignnone size-large wp-image-3606\" src=\"https:\/\/miomicon.com\/wp-content\/uploads\/2025\/11\/Eye-effect-of-wearing-Diamond-N-colored-contact_yyt-1024x1024.jpg\" data-orig-src=\"https:\/\/miomicon.com\/wp-content\/uploads\/2025\/11\/Eye-effect-of-wearing-Diamond-N-colored-contact_yyt-1024x1024.jpg\" alt=\"\" width=\"1024\" height=\"1024\" title=\"\" srcset=\"data:image\/svg+xml,%3Csvg%20xmlns%3D%27http%3A%2F%2Fwww.w3.org%2F2000%2Fsvg%27%20width%3D%271024%27%20height%3D%271024%27%20viewBox%3D%270%200%201024%201024%27%3E%3Crect%20width%3D%271024%27%20height%3D%271024%27%20fill-opacity%3D%220%22%2F%3E%3C%2Fsvg%3E\" data-srcset=\"https:\/\/miomicon.com\/wp-content\/uploads\/2025\/11\/Eye-effect-of-wearing-Diamond-N-colored-contact_yyt-66x66.jpg 66w, https:\/\/miomicon.com\/wp-content\/uploads\/2025\/11\/Eye-effect-of-wearing-Diamond-N-colored-contact_yyt-150x150.jpg 150w, https:\/\/miomicon.com\/wp-content\/uploads\/2025\/11\/Eye-effect-of-wearing-Diamond-N-colored-contact_yyt-200x200.jpg 200w, https:\/\/miomicon.com\/wp-content\/uploads\/2025\/11\/Eye-effect-of-wearing-Diamond-N-colored-contact_yyt-300x300.jpg 300w, https:\/\/miomicon.com\/wp-content\/uploads\/2025\/11\/Eye-effect-of-wearing-Diamond-N-colored-contact_yyt-400x400.jpg 400w, https:\/\/miomicon.com\/wp-content\/uploads\/2025\/11\/Eye-effect-of-wearing-Diamond-N-colored-contact_yyt-500x500.jpg 500w, https:\/\/miomicon.com\/wp-content\/uploads\/2025\/11\/Eye-effect-of-wearing-Diamond-N-colored-contact_yyt-600x600.jpg 600w, https:\/\/miomicon.com\/wp-content\/uploads\/2025\/11\/Eye-effect-of-wearing-Diamond-N-colored-contact_yyt-700x700.jpg 700w, https:\/\/miomicon.com\/wp-content\/uploads\/2025\/11\/Eye-effect-of-wearing-Diamond-N-colored-contact_yyt-768x768.jpg 768w, https:\/\/miomicon.com\/wp-content\/uploads\/2025\/11\/Eye-effect-of-wearing-Diamond-N-colored-contact_yyt-800x800.jpg 800w, https:\/\/miomicon.com\/wp-content\/uploads\/2025\/11\/Eye-effect-of-wearing-Diamond-N-colored-contact_yyt-1024x1024.jpg 1024w, https:\/\/miomicon.com\/wp-content\/uploads\/2025\/11\/Eye-effect-of-wearing-Diamond-N-colored-contact_yyt.jpg 1080w\" data-sizes=\"auto\" data-orig-sizes=\"(max-width: 1024px) 100vw, 1024px\" \/> <img decoding=\"async\" class=\"lazyload alignnone size-large wp-image-3604\" src=\"https:\/\/miomicon.com\/wp-content\/uploads\/2025\/11\/eye-effect-of-Allure-Gray-colored-Contact-lenses-1024x1024.jpg\" data-orig-src=\"https:\/\/miomicon.com\/wp-content\/uploads\/2025\/11\/eye-effect-of-Allure-Gray-colored-Contact-lenses-1024x1024.jpg\" alt=\"\" width=\"1024\" height=\"1024\" title=\"\" srcset=\"data:image\/svg+xml,%3Csvg%20xmlns%3D%27http%3A%2F%2Fwww.w3.org%2F2000%2Fsvg%27%20width%3D%271024%27%20height%3D%271024%27%20viewBox%3D%270%200%201024%201024%27%3E%3Crect%20width%3D%271024%27%20height%3D%271024%27%20fill-opacity%3D%220%22%2F%3E%3C%2Fsvg%3E\" data-srcset=\"https:\/\/miomicon.com\/wp-content\/uploads\/2025\/11\/eye-effect-of-Allure-Gray-colored-Contact-lenses-66x66.jpg 66w, https:\/\/miomicon.com\/wp-content\/uploads\/2025\/11\/eye-effect-of-Allure-Gray-colored-Contact-lenses-150x150.jpg 150w, https:\/\/miomicon.com\/wp-content\/uploads\/2025\/11\/eye-effect-of-Allure-Gray-colored-Contact-lenses-200x200.jpg 200w, https:\/\/miomicon.com\/wp-content\/uploads\/2025\/11\/eye-effect-of-Allure-Gray-colored-Contact-lenses-300x300.jpg 300w, https:\/\/miomicon.com\/wp-content\/uploads\/2025\/11\/eye-effect-of-Allure-Gray-colored-Contact-lenses-400x400.jpg 400w, https:\/\/miomicon.com\/wp-content\/uploads\/2025\/11\/eye-effect-of-Allure-Gray-colored-Contact-lenses-500x500.jpg 500w, https:\/\/miomicon.com\/wp-content\/uploads\/2025\/11\/eye-effect-of-Allure-Gray-colored-Contact-lenses-600x600.jpg 600w, https:\/\/miomicon.com\/wp-content\/uploads\/2025\/11\/eye-effect-of-Allure-Gray-colored-Contact-lenses-700x700.jpg 700w, https:\/\/miomicon.com\/wp-content\/uploads\/2025\/11\/eye-effect-of-Allure-Gray-colored-Contact-lenses-768x768.jpg 768w, https:\/\/miomicon.com\/wp-content\/uploads\/2025\/11\/eye-effect-of-Allure-Gray-colored-Contact-lenses-800x800.jpg 800w, https:\/\/miomicon.com\/wp-content\/uploads\/2025\/11\/eye-effect-of-Allure-Gray-colored-Contact-lenses-1024x1024.jpg 1024w, https:\/\/miomicon.com\/wp-content\/uploads\/2025\/11\/eye-effect-of-Allure-Gray-colored-Contact-lenses.jpg 1080w\" data-sizes=\"auto\" data-orig-sizes=\"(max-width: 1024px) 100vw, 1024px\" \/> <img decoding=\"async\" class=\"lazyload alignnone size-large wp-image-3609\" src=\"https:\/\/miomicon.com\/wp-content\/uploads\/2025\/11\/contact-lenses-Diamond-Candy-Brown-color-lens-1024x1024.jpg\" data-orig-src=\"https:\/\/miomicon.com\/wp-content\/uploads\/2025\/11\/contact-lenses-Diamond-Candy-Brown-color-lens-1024x1024.jpg\" alt=\"\" width=\"1024\" height=\"1024\" title=\"\" srcset=\"data:image\/svg+xml,%3Csvg%20xmlns%3D%27http%3A%2F%2Fwww.w3.org%2F2000%2Fsvg%27%20width%3D%271024%27%20height%3D%271024%27%20viewBox%3D%270%200%201024%201024%27%3E%3Crect%20width%3D%271024%27%20height%3D%271024%27%20fill-opacity%3D%220%22%2F%3E%3C%2Fsvg%3E\" data-srcset=\"https:\/\/miomicon.com\/wp-content\/uploads\/2025\/11\/contact-lenses-Diamond-Candy-Brown-color-lens-66x66.jpg 66w, https:\/\/miomicon.com\/wp-content\/uploads\/2025\/11\/contact-lenses-Diamond-Candy-Brown-color-lens-150x150.jpg 150w, https:\/\/miomicon.com\/wp-content\/uploads\/2025\/11\/contact-lenses-Diamond-Candy-Brown-color-lens-200x200.jpg 200w, https:\/\/miomicon.com\/wp-content\/uploads\/2025\/11\/contact-lenses-Diamond-Candy-Brown-color-lens-300x300.jpg 300w, https:\/\/miomicon.com\/wp-content\/uploads\/2025\/11\/contact-lenses-Diamond-Candy-Brown-color-lens-400x400.jpg 400w, https:\/\/miomicon.com\/wp-content\/uploads\/2025\/11\/contact-lenses-Diamond-Candy-Brown-color-lens-500x500.jpg 500w, https:\/\/miomicon.com\/wp-content\/uploads\/2025\/11\/contact-lenses-Diamond-Candy-Brown-color-lens-600x600.jpg 600w, https:\/\/miomicon.com\/wp-content\/uploads\/2025\/11\/contact-lenses-Diamond-Candy-Brown-color-lens-700x700.jpg 700w, https:\/\/miomicon.com\/wp-content\/uploads\/2025\/11\/contact-lenses-Diamond-Candy-Brown-color-lens-768x768.jpg 768w, https:\/\/miomicon.com\/wp-content\/uploads\/2025\/11\/contact-lenses-Diamond-Candy-Brown-color-lens-800x800.jpg 800w, https:\/\/miomicon.com\/wp-content\/uploads\/2025\/11\/contact-lenses-Diamond-Candy-Brown-color-lens-1024x1024.jpg 1024w, https:\/\/miomicon.com\/wp-content\/uploads\/2025\/11\/contact-lenses-Diamond-Candy-Brown-color-lens.jpg 1080w\" data-sizes=\"auto\" data-orig-sizes=\"(max-width: 1024px) 100vw, 1024px\" \/> <img decoding=\"async\" class=\"lazyload alignnone size-large wp-image-3603\" src=\"https:\/\/miomicon.com\/wp-content\/uploads\/2025\/11\/eye-contact-lenses-Candy-Brown-1024x1024.jpg\" data-orig-src=\"https:\/\/miomicon.com\/wp-content\/uploads\/2025\/11\/eye-contact-lenses-Candy-Brown-1024x1024.jpg\" alt=\"\" width=\"1024\" height=\"1024\" title=\"\" srcset=\"data:image\/svg+xml,%3Csvg%20xmlns%3D%27http%3A%2F%2Fwww.w3.org%2F2000%2Fsvg%27%20width%3D%271024%27%20height%3D%271024%27%20viewBox%3D%270%200%201024%201024%27%3E%3Crect%20width%3D%271024%27%20height%3D%271024%27%20fill-opacity%3D%220%22%2F%3E%3C%2Fsvg%3E\" data-srcset=\"https:\/\/miomicon.com\/wp-content\/uploads\/2025\/11\/eye-contact-lenses-Candy-Brown-66x66.jpg 66w, https:\/\/miomicon.com\/wp-content\/uploads\/2025\/11\/eye-contact-lenses-Candy-Brown-150x150.jpg 150w, https:\/\/miomicon.com\/wp-content\/uploads\/2025\/11\/eye-contact-lenses-Candy-Brown-200x200.jpg 200w, https:\/\/miomicon.com\/wp-content\/uploads\/2025\/11\/eye-contact-lenses-Candy-Brown-300x300.jpg 300w, https:\/\/miomicon.com\/wp-content\/uploads\/2025\/11\/eye-contact-lenses-Candy-Brown-400x400.jpg 400w, https:\/\/miomicon.com\/wp-content\/uploads\/2025\/11\/eye-contact-lenses-Candy-Brown-500x500.jpg 500w, https:\/\/miomicon.com\/wp-content\/uploads\/2025\/11\/eye-contact-lenses-Candy-Brown-600x600.jpg 600w, https:\/\/miomicon.com\/wp-content\/uploads\/2025\/11\/eye-contact-lenses-Candy-Brown-700x700.jpg 700w, https:\/\/miomicon.com\/wp-content\/uploads\/2025\/11\/eye-contact-lenses-Candy-Brown-768x768.jpg 768w, https:\/\/miomicon.com\/wp-content\/uploads\/2025\/11\/eye-contact-lenses-Candy-Brown-800x800.jpg 800w, https:\/\/miomicon.com\/wp-content\/uploads\/2025\/11\/eye-contact-lenses-Candy-Brown-1024x1024.jpg 1024w, https:\/\/miomicon.com\/wp-content\/uploads\/2025\/11\/eye-contact-lenses-Candy-Brown.jpg 1080w\" data-sizes=\"auto\" data-orig-sizes=\"(max-width: 1024px) 100vw, 1024px\" \/> <img decoding=\"async\" class=\"lazyload alignnone size-large wp-image-3608\" src=\"https:\/\/miomicon.com\/wp-content\/uploads\/2025\/11\/Allure-Gray-colored-Contact-lenses-1024x1024.jpg\" data-orig-src=\"https:\/\/miomicon.com\/wp-content\/uploads\/2025\/11\/Allure-Gray-colored-Contact-lenses-1024x1024.jpg\" alt=\"\" width=\"1024\" height=\"1024\" title=\"\" srcset=\"data:image\/svg+xml,%3Csvg%20xmlns%3D%27http%3A%2F%2Fwww.w3.org%2F2000%2Fsvg%27%20width%3D%271024%27%20height%3D%271024%27%20viewBox%3D%270%200%201024%201024%27%3E%3Crect%20width%3D%271024%27%20height%3D%271024%27%20fill-opacity%3D%220%22%2F%3E%3C%2Fsvg%3E\" data-srcset=\"https:\/\/miomicon.com\/wp-content\/uploads\/2025\/11\/Allure-Gray-colored-Contact-lenses-66x66.jpg 66w, https:\/\/miomicon.com\/wp-content\/uploads\/2025\/11\/Allure-Gray-colored-Contact-lenses-150x150.jpg 150w, https:\/\/miomicon.com\/wp-content\/uploads\/2025\/11\/Allure-Gray-colored-Contact-lenses-200x200.jpg 200w, https:\/\/miomicon.com\/wp-content\/uploads\/2025\/11\/Allure-Gray-colored-Contact-lenses-300x300.jpg 300w, https:\/\/miomicon.com\/wp-content\/uploads\/2025\/11\/Allure-Gray-colored-Contact-lenses-400x400.jpg 400w, https:\/\/miomicon.com\/wp-content\/uploads\/2025\/11\/Allure-Gray-colored-Contact-lenses-500x500.jpg 500w, https:\/\/miomicon.com\/wp-content\/uploads\/2025\/11\/Allure-Gray-colored-Contact-lenses-600x600.jpg 600w, https:\/\/miomicon.com\/wp-content\/uploads\/2025\/11\/Allure-Gray-colored-Contact-lenses-700x700.jpg 700w, https:\/\/miomicon.com\/wp-content\/uploads\/2025\/11\/Allure-Gray-colored-Contact-lenses-768x768.jpg 768w, https:\/\/miomicon.com\/wp-content\/uploads\/2025\/11\/Allure-Gray-colored-Contact-lenses-800x800.jpg 800w, https:\/\/miomicon.com\/wp-content\/uploads\/2025\/11\/Allure-Gray-colored-Contact-lenses-1024x1024.jpg 1024w, https:\/\/miomicon.com\/wp-content\/uploads\/2025\/11\/Allure-Gray-colored-Contact-lenses.jpg 1080w\" data-sizes=\"auto\" data-orig-sizes=\"(max-width: 1024px) 100vw, 1024px\" \/> <img decoding=\"async\" class=\"lazyload alignnone size-large wp-image-3610\" src=\"https:\/\/miomicon.com\/wp-content\/uploads\/2025\/11\/Diamond-N-Colored-contact-lenses-package-with-1_yyt-1024x1024.jpg\" data-orig-src=\"https:\/\/miomicon.com\/wp-content\/uploads\/2025\/11\/Diamond-N-Colored-contact-lenses-package-with-1_yyt-1024x1024.jpg\" alt=\"\" width=\"1024\" height=\"1024\" title=\"\" srcset=\"data:image\/svg+xml,%3Csvg%20xmlns%3D%27http%3A%2F%2Fwww.w3.org%2F2000%2Fsvg%27%20width%3D%271024%27%20height%3D%271024%27%20viewBox%3D%270%200%201024%201024%27%3E%3Crect%20width%3D%271024%27%20height%3D%271024%27%20fill-opacity%3D%220%22%2F%3E%3C%2Fsvg%3E\" data-srcset=\"https:\/\/miomicon.com\/wp-content\/uploads\/2025\/11\/Diamond-N-Colored-contact-lenses-package-with-1_yyt-66x66.jpg 66w, https:\/\/miomicon.com\/wp-content\/uploads\/2025\/11\/Diamond-N-Colored-contact-lenses-package-with-1_yyt-150x150.jpg 150w, https:\/\/miomicon.com\/wp-content\/uploads\/2025\/11\/Diamond-N-Colored-contact-lenses-package-with-1_yyt-200x200.jpg 200w, https:\/\/miomicon.com\/wp-content\/uploads\/2025\/11\/Diamond-N-Colored-contact-lenses-package-with-1_yyt-300x300.jpg 300w, https:\/\/miomicon.com\/wp-content\/uploads\/2025\/11\/Diamond-N-Colored-contact-lenses-package-with-1_yyt-400x400.jpg 400w, https:\/\/miomicon.com\/wp-content\/uploads\/2025\/11\/Diamond-N-Colored-contact-lenses-package-with-1_yyt-500x500.jpg 500w, https:\/\/miomicon.com\/wp-content\/uploads\/2025\/11\/Diamond-N-Colored-contact-lenses-package-with-1_yyt-600x600.jpg 600w, https:\/\/miomicon.com\/wp-content\/uploads\/2025\/11\/Diamond-N-Colored-contact-lenses-package-with-1_yyt-700x700.jpg 700w, https:\/\/miomicon.com\/wp-content\/uploads\/2025\/11\/Diamond-N-Colored-contact-lenses-package-with-1_yyt-768x768.jpg 768w, https:\/\/miomicon.com\/wp-content\/uploads\/2025\/11\/Diamond-N-Colored-contact-lenses-package-with-1_yyt-800x800.jpg 800w, https:\/\/miomicon.com\/wp-content\/uploads\/2025\/11\/Diamond-N-Colored-contact-lenses-package-with-1_yyt-1024x1024.jpg 1024w, https:\/\/miomicon.com\/wp-content\/uploads\/2025\/11\/Diamond-N-Colored-contact-lenses-package-with-1_yyt.jpg 1080w\" data-sizes=\"auto\" data-orig-sizes=\"(max-width: 1024px) 100vw, 1024px\" \/><\/p>\n","protected":false},"excerpt":{"rendered":"<p>Amplie a oferta da sua empresa com a nossa s\u00e9rie Diamond N, que apresenta uma linha diversificada de quatro tipos de lentes de contato coloridas: Candy Brown, Allure Gray, Pacific Blue e Ever Green. Com dioptrias dispon\u00edveis de 0,00 a -6,00, esta s\u00e9rie atende com facilidade \u00e0s diversas necessidades e prefer\u00eancias dos seus clientes. N\u00e3o perca esta oportunidade de ampliar sua gama de produtos e atender \u00e0 demanda dos consumidores por lentes de contato coloridas de qualidade, confort\u00e1veis e impressionantes.   <\/p>\n","protected":false},"featured_media":3607,"comment_status":"closed","ping_status":"closed","template":"","meta":[],"product_brand":[43],"product_cat":[230],"product_tag":[],"class_list":{"0":"post-12221","1":"product","2":"type-product","3":"status-publish","4":"has-post-thumbnail","6":"product_brand-magister","7":"product_cat-lentes-de-contato-coloridas-naturais","9":"first","10":"instock","11":"product-type-simple"},"_links":{"self":[{"href":"https:\/\/miomicon.com\/pt-br\/wp-json\/wp\/v2\/product\/12221","targetHints":{"allow":["GET"]}}],"collection":[{"href":"https:\/\/miomicon.com\/pt-br\/wp-json\/wp\/v2\/product"}],"about":[{"href":"https:\/\/miomicon.com\/pt-br\/wp-json\/wp\/v2\/types\/product"}],"replies":[{"embeddable":true,"href":"https:\/\/miomicon.com\/pt-br\/wp-json\/wp\/v2\/comments?post=12221"}],"wp:featuredmedia":[{"embeddable":true,"href":"https:\/\/miomicon.com\/pt-br\/wp-json\/wp\/v2\/media\/3607"}],"wp:attachment":[{"href":"https:\/\/miomicon.com\/pt-br\/wp-json\/wp\/v2\/media?parent=12221"}],"wp:term":[{"taxonomy":"product_brand","embeddable":true,"href":"https:\/\/miomicon.com\/pt-br\/wp-json\/wp\/v2\/product_brand?post=12221"},{"taxonomy":"product_cat","embeddable":true,"href":"https:\/\/miomicon.com\/pt-br\/wp-json\/wp\/v2\/product_cat?post=12221"},{"taxonomy":"product_tag","embeddable":true,"href":"https:\/\/miomicon.com\/pt-br\/wp-json\/wp\/v2\/product_tag?post=12221"}],"curies":[{"name":"wp","href":"https:\/\/api.w.org\/{rel}","templated":true}]}}