{"id":11961,"date":"2025-11-03T17:02:51","date_gmt":"2025-11-03T09:02:51","guid":{"rendered":"https:\/\/miomicon.com\/product\/kit-de-ferramentas-para-lentes-de-contato-tk2013\/"},"modified":"2025-11-03T17:02:51","modified_gmt":"2025-11-03T09:02:51","slug":"kit-de-ferramentas-para-lentes-de-contato-tk2013","status":"publish","type":"product","link":"https:\/\/miomicon.com\/pt-br\/produto\/kit-de-ferramentas-para-lentes-de-contato-tk2013\/","title":{"rendered":"Kit de ferramentas para lentes de contato TK2013"},"content":{"rendered":"<div class=\"table-1\">\n<table style=\"height: 100%;\" width=\"100%\">\n<tbody>\n<tr>\n<td>Material: <b>Pl\u00e1stico<\/b><\/td>\n<td>Pa\u00eds de origem: <strong>China<\/strong><\/td>\n<\/tr>\n<tr>\n<td>Peso: <strong>19 g<\/strong><\/td>\n<td>Dimens\u00f5es: <strong>64 mm \u00d7 43 mm \u00d7 20 mm<\/strong><\/td>\n<\/tr>\n<tr>\n<td colspan=\"2\">Variantes de cor (4 dispon\u00edveis): rosa, azul, amarelo, cinza<\/td>\n<\/tr>\n<\/tbody>\n<\/table>\n<\/div>\n<p>&nbsp;<\/p>\n<p><img decoding=\"async\" class=\"lazyload alignnone size-full wp-image-3246\" src=\"https:\/\/miomicon.com\/wp-content\/uploads\/2025\/11\/DM_20251031133005_001.jpeg\" data-orig-src=\"https:\/\/miomicon.com\/wp-content\/uploads\/2025\/11\/DM_20251031133005_001.jpeg\" alt=\"\" width=\"1080\" height=\"1080\" srcset=\"data:image\/svg+xml,%3Csvg%20xmlns%3D%27http%3A%2F%2Fwww.w3.org%2F2000%2Fsvg%27%20width%3D%271080%27%20height%3D%271080%27%20viewBox%3D%270%200%201080%201080%27%3E%3Crect%20width%3D%271080%27%20height%3D%271080%27%20fill-opacity%3D%220%22%2F%3E%3C%2Fsvg%3E\" data-srcset=\"https:\/\/miomicon.com\/wp-content\/uploads\/2025\/11\/DM_20251031133005_001-66x66.jpeg 66w, https:\/\/miomicon.com\/wp-content\/uploads\/2025\/11\/DM_20251031133005_001-150x150.jpeg 150w, https:\/\/miomicon.com\/wp-content\/uploads\/2025\/11\/DM_20251031133005_001-200x200.jpeg 200w, https:\/\/miomicon.com\/wp-content\/uploads\/2025\/11\/DM_20251031133005_001-300x300.jpeg 300w, https:\/\/miomicon.com\/wp-content\/uploads\/2025\/11\/DM_20251031133005_001-400x400.jpeg 400w, https:\/\/miomicon.com\/wp-content\/uploads\/2025\/11\/DM_20251031133005_001-500x500.jpeg 500w, https:\/\/miomicon.com\/wp-content\/uploads\/2025\/11\/DM_20251031133005_001-600x600.jpeg 600w, https:\/\/miomicon.com\/wp-content\/uploads\/2025\/11\/DM_20251031133005_001-700x700.jpeg 700w, https:\/\/miomicon.com\/wp-content\/uploads\/2025\/11\/DM_20251031133005_001-768x768.jpeg 768w, https:\/\/miomicon.com\/wp-content\/uploads\/2025\/11\/DM_20251031133005_001-800x800.jpeg 800w, https:\/\/miomicon.com\/wp-content\/uploads\/2025\/11\/DM_20251031133005_001-1024x1024.jpeg 1024w, https:\/\/miomicon.com\/wp-content\/uploads\/2025\/11\/DM_20251031133005_001.jpeg 1080w\" data-sizes=\"auto\" data-orig-sizes=\"(max-width: 1080px) 100vw, 1080px\" \/> <img decoding=\"async\" class=\"lazyload alignnone size-full wp-image-3247\" src=\"https:\/\/miomicon.com\/wp-content\/uploads\/2025\/11\/DM_20251031133005_002.jpeg\" data-orig-src=\"https:\/\/miomicon.com\/wp-content\/uploads\/2025\/11\/DM_20251031133005_002.jpeg\" alt=\"\" width=\"1920\" height=\"1080\" srcset=\"data:image\/svg+xml,%3Csvg%20xmlns%3D%27http%3A%2F%2Fwww.w3.org%2F2000%2Fsvg%27%20width%3D%271920%27%20height%3D%271080%27%20viewBox%3D%270%200%201920%201080%27%3E%3Crect%20width%3D%271920%27%20height%3D%271080%27%20fill-opacity%3D%220%22%2F%3E%3C%2Fsvg%3E\" data-srcset=\"https:\/\/miomicon.com\/wp-content\/uploads\/2025\/11\/DM_20251031133005_002-200x113.jpeg 200w, https:\/\/miomicon.com\/wp-content\/uploads\/2025\/11\/DM_20251031133005_002-300x169.jpeg 300w, https:\/\/miomicon.com\/wp-content\/uploads\/2025\/11\/DM_20251031133005_002-400x225.jpeg 400w, https:\/\/miomicon.com\/wp-content\/uploads\/2025\/11\/DM_20251031133005_002-500x281.jpeg 500w, https:\/\/miomicon.com\/wp-content\/uploads\/2025\/11\/DM_20251031133005_002-600x338.jpeg 600w, https:\/\/miomicon.com\/wp-content\/uploads\/2025\/11\/DM_20251031133005_002-700x394.jpeg 700w, https:\/\/miomicon.com\/wp-content\/uploads\/2025\/11\/DM_20251031133005_002-768x432.jpeg 768w, https:\/\/miomicon.com\/wp-content\/uploads\/2025\/11\/DM_20251031133005_002-800x450.jpeg 800w, https:\/\/miomicon.com\/wp-content\/uploads\/2025\/11\/DM_20251031133005_002-1024x576.jpeg 1024w, https:\/\/miomicon.com\/wp-content\/uploads\/2025\/11\/DM_20251031133005_002-1200x675.jpeg 1200w, https:\/\/miomicon.com\/wp-content\/uploads\/2025\/11\/DM_20251031133005_002-1536x864.jpeg 1536w, https:\/\/miomicon.com\/wp-content\/uploads\/2025\/11\/DM_20251031133005_002.jpeg 1920w\" data-sizes=\"auto\" data-orig-sizes=\"(max-width: 1920px) 100vw, 1920px\" \/> <img decoding=\"async\" class=\"lazyload alignnone size-full wp-image-3244\" src=\"https:\/\/miomicon.com\/wp-content\/uploads\/2025\/11\/DM_20251031133005_003.jpeg\" data-orig-src=\"https:\/\/miomicon.com\/wp-content\/uploads\/2025\/11\/DM_20251031133005_003.jpeg\" alt=\"\" width=\"1080\" height=\"1080\" srcset=\"data:image\/svg+xml,%3Csvg%20xmlns%3D%27http%3A%2F%2Fwww.w3.org%2F2000%2Fsvg%27%20width%3D%271080%27%20height%3D%271080%27%20viewBox%3D%270%200%201080%201080%27%3E%3Crect%20width%3D%271080%27%20height%3D%271080%27%20fill-opacity%3D%220%22%2F%3E%3C%2Fsvg%3E\" data-srcset=\"https:\/\/miomicon.com\/wp-content\/uploads\/2025\/11\/DM_20251031133005_003-66x66.jpeg 66w, https:\/\/miomicon.com\/wp-content\/uploads\/2025\/11\/DM_20251031133005_003-150x150.jpeg 150w, https:\/\/miomicon.com\/wp-content\/uploads\/2025\/11\/DM_20251031133005_003-200x200.jpeg 200w, https:\/\/miomicon.com\/wp-content\/uploads\/2025\/11\/DM_20251031133005_003-300x300.jpeg 300w, https:\/\/miomicon.com\/wp-content\/uploads\/2025\/11\/DM_20251031133005_003-400x400.jpeg 400w, https:\/\/miomicon.com\/wp-content\/uploads\/2025\/11\/DM_20251031133005_003-500x500.jpeg 500w, https:\/\/miomicon.com\/wp-content\/uploads\/2025\/11\/DM_20251031133005_003-600x600.jpeg 600w, https:\/\/miomicon.com\/wp-content\/uploads\/2025\/11\/DM_20251031133005_003-700x700.jpeg 700w, https:\/\/miomicon.com\/wp-content\/uploads\/2025\/11\/DM_20251031133005_003-768x768.jpeg 768w, https:\/\/miomicon.com\/wp-content\/uploads\/2025\/11\/DM_20251031133005_003-800x800.jpeg 800w, https:\/\/miomicon.com\/wp-content\/uploads\/2025\/11\/DM_20251031133005_003-1024x1024.jpeg 1024w, https:\/\/miomicon.com\/wp-content\/uploads\/2025\/11\/DM_20251031133005_003.jpeg 1080w\" data-sizes=\"auto\" data-orig-sizes=\"(max-width: 1080px) 100vw, 1080px\" \/> <img decoding=\"async\" class=\"lazyload alignnone size-full wp-image-3245\" src=\"https:\/\/miomicon.com\/wp-content\/uploads\/2025\/11\/DM_20251031133005_004.jpeg\" data-orig-src=\"https:\/\/miomicon.com\/wp-content\/uploads\/2025\/11\/DM_20251031133005_004.jpeg\" alt=\"\" width=\"1080\" height=\"1080\" srcset=\"data:image\/svg+xml,%3Csvg%20xmlns%3D%27http%3A%2F%2Fwww.w3.org%2F2000%2Fsvg%27%20width%3D%271080%27%20height%3D%271080%27%20viewBox%3D%270%200%201080%201080%27%3E%3Crect%20width%3D%271080%27%20height%3D%271080%27%20fill-opacity%3D%220%22%2F%3E%3C%2Fsvg%3E\" data-srcset=\"https:\/\/miomicon.com\/wp-content\/uploads\/2025\/11\/DM_20251031133005_004-66x66.jpeg 66w, https:\/\/miomicon.com\/wp-content\/uploads\/2025\/11\/DM_20251031133005_004-150x150.jpeg 150w, https:\/\/miomicon.com\/wp-content\/uploads\/2025\/11\/DM_20251031133005_004-200x200.jpeg 200w, https:\/\/miomicon.com\/wp-content\/uploads\/2025\/11\/DM_20251031133005_004-300x300.jpeg 300w, https:\/\/miomicon.com\/wp-content\/uploads\/2025\/11\/DM_20251031133005_004-400x400.jpeg 400w, https:\/\/miomicon.com\/wp-content\/uploads\/2025\/11\/DM_20251031133005_004-500x500.jpeg 500w, https:\/\/miomicon.com\/wp-content\/uploads\/2025\/11\/DM_20251031133005_004-600x600.jpeg 600w, https:\/\/miomicon.com\/wp-content\/uploads\/2025\/11\/DM_20251031133005_004-700x700.jpeg 700w, https:\/\/miomicon.com\/wp-content\/uploads\/2025\/11\/DM_20251031133005_004-768x768.jpeg 768w, https:\/\/miomicon.com\/wp-content\/uploads\/2025\/11\/DM_20251031133005_004-800x800.jpeg 800w, https:\/\/miomicon.com\/wp-content\/uploads\/2025\/11\/DM_20251031133005_004-1024x1024.jpeg 1024w, https:\/\/miomicon.com\/wp-content\/uploads\/2025\/11\/DM_20251031133005_004.jpeg 1080w\" data-sizes=\"auto\" data-orig-sizes=\"(max-width: 1080px) 100vw, 1080px\" \/><\/p>\n","protected":false},"excerpt":{"rendered":"<p>Eleve o n\u00edvel do seu estoque com nosso estojo profissional para lentes de contato, o TK2013 Toolkit, dispon\u00edvel para compra a granel em cinco tons sofisticados: rosa, azul, amarelo e cinza. Este kit completo, projetado para o cliente exigente, inclui um estojo para lentes, uma pin\u00e7a de precis\u00e3o e um aplicador, garantindo uma experi\u00eancia perfeita no cuidado com as lentes. Ideal para o varejo, \u00e9 dur\u00e1vel, elegante e fabricado para atender \u00e0s demandas di\u00e1rias dos usu\u00e1rios de lentes.  <\/p>\n","protected":false},"featured_media":3246,"comment_status":"closed","ping_status":"closed","template":"","meta":[],"product_brand":[],"product_cat":[235],"product_tag":[],"class_list":{"0":"post-11961","1":"product","2":"type-product","3":"status-publish","4":"has-post-thumbnail","6":"product_cat-kits-de-estojos","8":"first","9":"instock","10":"product-type-simple"},"_links":{"self":[{"href":"https:\/\/miomicon.com\/pt-br\/wp-json\/wp\/v2\/product\/11961","targetHints":{"allow":["GET"]}}],"collection":[{"href":"https:\/\/miomicon.com\/pt-br\/wp-json\/wp\/v2\/product"}],"about":[{"href":"https:\/\/miomicon.com\/pt-br\/wp-json\/wp\/v2\/types\/product"}],"replies":[{"embeddable":true,"href":"https:\/\/miomicon.com\/pt-br\/wp-json\/wp\/v2\/comments?post=11961"}],"wp:featuredmedia":[{"embeddable":true,"href":"https:\/\/miomicon.com\/pt-br\/wp-json\/wp\/v2\/media\/3246"}],"wp:attachment":[{"href":"https:\/\/miomicon.com\/pt-br\/wp-json\/wp\/v2\/media?parent=11961"}],"wp:term":[{"taxonomy":"product_brand","embeddable":true,"href":"https:\/\/miomicon.com\/pt-br\/wp-json\/wp\/v2\/product_brand?post=11961"},{"taxonomy":"product_cat","embeddable":true,"href":"https:\/\/miomicon.com\/pt-br\/wp-json\/wp\/v2\/product_cat?post=11961"},{"taxonomy":"product_tag","embeddable":true,"href":"https:\/\/miomicon.com\/pt-br\/wp-json\/wp\/v2\/product_tag?post=11961"}],"curies":[{"name":"wp","href":"https:\/\/api.w.org\/{rel}","templated":true}]}}