{"id":11909,"date":"2025-11-03T16:47:38","date_gmt":"2025-11-03T08:47:38","guid":{"rendered":"https:\/\/miomicon.com\/product\/kit-de-lentes-de-contato-tlcc24-estilo-e-praticidade\/"},"modified":"2025-11-03T16:47:38","modified_gmt":"2025-11-03T08:47:38","slug":"kit-de-lentes-de-contato-tlcc24-estilo-e-praticidade","status":"publish","type":"product","link":"https:\/\/miomicon.com\/pt-br\/produto\/kit-de-lentes-de-contato-tlcc24-estilo-e-praticidade\/","title":{"rendered":"Kit de lentes de contato TLCC24: estilo e praticidade"},"content":{"rendered":"<div class=\"table-1\">\n<table style=\"height: 100%;\" width=\"100%\">\n<tbody>\n<tr>\n<td>Material: <b>Pl\u00e1stico<\/b><\/td>\n<td>Pa\u00eds de origem: <strong>China<\/strong><\/td>\n<\/tr>\n<tr>\n<td>Peso: <strong>6<\/strong><strong>g<\/strong><\/td>\n<td>Dimens\u00f5es: <strong>50<\/strong><strong>mm \u00d7 17 mm \u00d7 18 mm<\/strong><\/td>\n<\/tr>\n<tr>\n<td colspan=\"2\">Variantes de cor (<b>1<\/b> dispon\u00edveis): <b>Rosa<\/b><\/td>\n<\/tr>\n<\/tbody>\n<\/table>\n<\/div>\n<p>&nbsp;<\/p>\n<p><img decoding=\"async\" class=\"lazyload alignnone size-full wp-image-3189\" src=\"https:\/\/miomicon.com\/wp-content\/uploads\/2025\/11\/DM_20251031132715_002.jpeg\" data-orig-src=\"https:\/\/miomicon.com\/wp-content\/uploads\/2025\/11\/DM_20251031132715_002.jpeg\" alt=\"\" width=\"1080\" height=\"1080\" srcset=\"data:image\/svg+xml,%3Csvg%20xmlns%3D%27http%3A%2F%2Fwww.w3.org%2F2000%2Fsvg%27%20width%3D%271080%27%20height%3D%271080%27%20viewBox%3D%270%200%201080%201080%27%3E%3Crect%20width%3D%271080%27%20height%3D%271080%27%20fill-opacity%3D%220%22%2F%3E%3C%2Fsvg%3E\" data-srcset=\"https:\/\/miomicon.com\/wp-content\/uploads\/2025\/11\/DM_20251031132715_002-66x66.jpeg 66w, https:\/\/miomicon.com\/wp-content\/uploads\/2025\/11\/DM_20251031132715_002-150x150.jpeg 150w, https:\/\/miomicon.com\/wp-content\/uploads\/2025\/11\/DM_20251031132715_002-200x200.jpeg 200w, https:\/\/miomicon.com\/wp-content\/uploads\/2025\/11\/DM_20251031132715_002-300x300.jpeg 300w, https:\/\/miomicon.com\/wp-content\/uploads\/2025\/11\/DM_20251031132715_002-400x400.jpeg 400w, https:\/\/miomicon.com\/wp-content\/uploads\/2025\/11\/DM_20251031132715_002-500x500.jpeg 500w, https:\/\/miomicon.com\/wp-content\/uploads\/2025\/11\/DM_20251031132715_002-600x600.jpeg 600w, https:\/\/miomicon.com\/wp-content\/uploads\/2025\/11\/DM_20251031132715_002-700x700.jpeg 700w, https:\/\/miomicon.com\/wp-content\/uploads\/2025\/11\/DM_20251031132715_002-768x768.jpeg 768w, https:\/\/miomicon.com\/wp-content\/uploads\/2025\/11\/DM_20251031132715_002-800x800.jpeg 800w, https:\/\/miomicon.com\/wp-content\/uploads\/2025\/11\/DM_20251031132715_002-1024x1024.jpeg 1024w, https:\/\/miomicon.com\/wp-content\/uploads\/2025\/11\/DM_20251031132715_002.jpeg 1080w\" data-sizes=\"auto\" data-orig-sizes=\"(max-width: 1080px) 100vw, 1080px\" \/> <img decoding=\"async\" class=\"lazyload alignnone size-full wp-image-3187\" src=\"https:\/\/miomicon.com\/wp-content\/uploads\/2025\/11\/DM_20251031132715_003.jpeg\" data-orig-src=\"https:\/\/miomicon.com\/wp-content\/uploads\/2025\/11\/DM_20251031132715_003.jpeg\" alt=\"\" width=\"1080\" height=\"1080\" srcset=\"data:image\/svg+xml,%3Csvg%20xmlns%3D%27http%3A%2F%2Fwww.w3.org%2F2000%2Fsvg%27%20width%3D%271080%27%20height%3D%271080%27%20viewBox%3D%270%200%201080%201080%27%3E%3Crect%20width%3D%271080%27%20height%3D%271080%27%20fill-opacity%3D%220%22%2F%3E%3C%2Fsvg%3E\" data-srcset=\"https:\/\/miomicon.com\/wp-content\/uploads\/2025\/11\/DM_20251031132715_003-66x66.jpeg 66w, https:\/\/miomicon.com\/wp-content\/uploads\/2025\/11\/DM_20251031132715_003-150x150.jpeg 150w, https:\/\/miomicon.com\/wp-content\/uploads\/2025\/11\/DM_20251031132715_003-200x200.jpeg 200w, https:\/\/miomicon.com\/wp-content\/uploads\/2025\/11\/DM_20251031132715_003-300x300.jpeg 300w, https:\/\/miomicon.com\/wp-content\/uploads\/2025\/11\/DM_20251031132715_003-400x400.jpeg 400w, https:\/\/miomicon.com\/wp-content\/uploads\/2025\/11\/DM_20251031132715_003-500x500.jpeg 500w, https:\/\/miomicon.com\/wp-content\/uploads\/2025\/11\/DM_20251031132715_003-600x600.jpeg 600w, https:\/\/miomicon.com\/wp-content\/uploads\/2025\/11\/DM_20251031132715_003-700x700.jpeg 700w, https:\/\/miomicon.com\/wp-content\/uploads\/2025\/11\/DM_20251031132715_003-768x768.jpeg 768w, https:\/\/miomicon.com\/wp-content\/uploads\/2025\/11\/DM_20251031132715_003-800x800.jpeg 800w, https:\/\/miomicon.com\/wp-content\/uploads\/2025\/11\/DM_20251031132715_003-1024x1024.jpeg 1024w, https:\/\/miomicon.com\/wp-content\/uploads\/2025\/11\/DM_20251031132715_003.jpeg 1080w\" data-sizes=\"auto\" data-orig-sizes=\"(max-width: 1080px) 100vw, 1080px\" \/> <img decoding=\"async\" class=\"lazyload alignnone size-full wp-image-3188\" src=\"https:\/\/miomicon.com\/wp-content\/uploads\/2025\/11\/DM_20251031132715_001.jpeg\" data-orig-src=\"https:\/\/miomicon.com\/wp-content\/uploads\/2025\/11\/DM_20251031132715_001.jpeg\" alt=\"\" width=\"1946\" height=\"1095\" srcset=\"data:image\/svg+xml,%3Csvg%20xmlns%3D%27http%3A%2F%2Fwww.w3.org%2F2000%2Fsvg%27%20width%3D%271946%27%20height%3D%271095%27%20viewBox%3D%270%200%201946%201095%27%3E%3Crect%20width%3D%271946%27%20height%3D%271095%27%20fill-opacity%3D%220%22%2F%3E%3C%2Fsvg%3E\" data-srcset=\"https:\/\/miomicon.com\/wp-content\/uploads\/2025\/11\/DM_20251031132715_001-200x113.jpeg 200w, https:\/\/miomicon.com\/wp-content\/uploads\/2025\/11\/DM_20251031132715_001-300x169.jpeg 300w, https:\/\/miomicon.com\/wp-content\/uploads\/2025\/11\/DM_20251031132715_001-400x225.jpeg 400w, https:\/\/miomicon.com\/wp-content\/uploads\/2025\/11\/DM_20251031132715_001-500x281.jpeg 500w, https:\/\/miomicon.com\/wp-content\/uploads\/2025\/11\/DM_20251031132715_001-600x338.jpeg 600w, https:\/\/miomicon.com\/wp-content\/uploads\/2025\/11\/DM_20251031132715_001-700x394.jpeg 700w, https:\/\/miomicon.com\/wp-content\/uploads\/2025\/11\/DM_20251031132715_001-768x432.jpeg 768w, https:\/\/miomicon.com\/wp-content\/uploads\/2025\/11\/DM_20251031132715_001-800x450.jpeg 800w, https:\/\/miomicon.com\/wp-content\/uploads\/2025\/11\/DM_20251031132715_001-1024x576.jpeg 1024w, https:\/\/miomicon.com\/wp-content\/uploads\/2025\/11\/DM_20251031132715_001-1200x675.jpeg 1200w, https:\/\/miomicon.com\/wp-content\/uploads\/2025\/11\/DM_20251031132715_001-1536x864.jpeg 1536w, https:\/\/miomicon.com\/wp-content\/uploads\/2025\/11\/DM_20251031132715_001.jpeg 1946w\" data-sizes=\"auto\" data-orig-sizes=\"(max-width: 1946px) 100vw, 1946px\" \/><\/p>\n","protected":false},"excerpt":{"rendered":"<p>Estojo para lentes de contato TLCC24. Este kit completo, projetado para o cliente exigente, inclui um estojo para lentes, uma pin\u00e7a de precis\u00e3o e um aplicador, garantindo uma experi\u00eancia perfeita no cuidado com as lentes. Ideal para o varejo, \u00e9 dur\u00e1vel, elegante e fabricado para atender \u00e0s necessidades di\u00e1rias dos usu\u00e1rios de lentes. <\/p>\n","protected":false},"featured_media":3189,"comment_status":"closed","ping_status":"closed","template":"","meta":[],"product_brand":[],"product_cat":[235],"product_tag":[],"class_list":{"0":"post-11909","1":"product","2":"type-product","3":"status-publish","4":"has-post-thumbnail","6":"product_cat-kits-de-estojos","8":"first","9":"instock","10":"product-type-simple"},"_links":{"self":[{"href":"https:\/\/miomicon.com\/pt-br\/wp-json\/wp\/v2\/product\/11909","targetHints":{"allow":["GET"]}}],"collection":[{"href":"https:\/\/miomicon.com\/pt-br\/wp-json\/wp\/v2\/product"}],"about":[{"href":"https:\/\/miomicon.com\/pt-br\/wp-json\/wp\/v2\/types\/product"}],"replies":[{"embeddable":true,"href":"https:\/\/miomicon.com\/pt-br\/wp-json\/wp\/v2\/comments?post=11909"}],"wp:featuredmedia":[{"embeddable":true,"href":"https:\/\/miomicon.com\/pt-br\/wp-json\/wp\/v2\/media\/3189"}],"wp:attachment":[{"href":"https:\/\/miomicon.com\/pt-br\/wp-json\/wp\/v2\/media?parent=11909"}],"wp:term":[{"taxonomy":"product_brand","embeddable":true,"href":"https:\/\/miomicon.com\/pt-br\/wp-json\/wp\/v2\/product_brand?post=11909"},{"taxonomy":"product_cat","embeddable":true,"href":"https:\/\/miomicon.com\/pt-br\/wp-json\/wp\/v2\/product_cat?post=11909"},{"taxonomy":"product_tag","embeddable":true,"href":"https:\/\/miomicon.com\/pt-br\/wp-json\/wp\/v2\/product_tag?post=11909"}],"curies":[{"name":"wp","href":"https:\/\/api.w.org\/{rel}","templated":true}]}}