{"id":11709,"date":"2025-11-03T15:36:46","date_gmt":"2025-11-03T07:36:46","guid":{"rendered":"https:\/\/miomicon.com\/product\/lentes-de-contato-para-fantasias-assustadoras\/"},"modified":"2025-11-03T15:36:46","modified_gmt":"2025-11-03T07:36:46","slug":"lentes-de-contato-para-fantasias-assustadoras","status":"publish","type":"product","link":"https:\/\/miomicon.com\/pt-br\/produto\/lentes-de-contato-para-fantasias-assustadoras\/","title":{"rendered":"Lentes de contato para fantasias assustadoras"},"content":{"rendered":"<div class=\"table-1\">\n<table style=\"height: 100%px;\" width=\"100%\">\n<tbody>\n<tr>\n<td>Material: <strong>HEMA<\/strong><\/td>\n<td>Tipo de lente: <strong>Macia<\/strong><\/td>\n<\/tr>\n<tr>\n<td>Di\u00e2metro: <strong>14,0 mm<\/strong><\/td>\n<td>Tom: <strong>2\/3<\/strong><\/td>\n<\/tr>\n<tr>\n<td>Espessura central: <strong>0,08 mm<\/strong><\/td>\n<td>Curva base: <strong>8,5 mm<\/strong><\/td>\n<\/tr>\n<tr>\n<td>Descart\u00e1vel: <strong>Anual<\/strong><\/td>\n<td>Prazo de validade: <strong>5 anos<\/strong><\/td>\n<\/tr>\n<tr>\n<td>Pot\u00eancia: <strong>0,00<\/strong><\/td>\n<td>Teor de \u00e1gua: <strong>40%<\/strong><\/td>\n<\/tr>\n<tr>\n<td>Local de origem: <strong>China<\/strong>, <strong>Coreia<\/strong><\/td>\n<td>Embalagem: <strong>Blister (2 unidades por caixa)<\/strong><\/td>\n<\/tr>\n<tr>\n<td colspan=\"2\">Variantes de cor (<strong>11<\/strong><b> <\/b>dispon\u00edveis): <strong>Cr\u00e2nio preto, Esqueleto preto, Carta \u00c1s de Espadas, \u00c1guia, Fantasma branco, M\u00e3os de esqueleto, M\u00e3o de fantasma, Palha\u00e7o maluco, L\u00e2mina sangrenta, Ab\u00f3bora de Halloween, Verde camuflado<\/strong><\/td>\n<\/tr>\n<\/tbody>\n<\/table>\n<\/div>\n<p>&nbsp;<\/p>\n<p><img decoding=\"async\" class=\"lazyload alignnone size-full wp-image-2978\" src=\"https:\/\/miomicon.com\/wp-content\/uploads\/2025\/11\/DM_20251031122805_001.jpeg\" data-orig-src=\"https:\/\/miomicon.com\/wp-content\/uploads\/2025\/11\/DM_20251031122805_001.jpeg\" alt=\"\" width=\"1080\" height=\"1080\" srcset=\"data:image\/svg+xml,%3Csvg%20xmlns%3D%27http%3A%2F%2Fwww.w3.org%2F2000%2Fsvg%27%20width%3D%271080%27%20height%3D%271080%27%20viewBox%3D%270%200%201080%201080%27%3E%3Crect%20width%3D%271080%27%20height%3D%271080%27%20fill-opacity%3D%220%22%2F%3E%3C%2Fsvg%3E\" data-srcset=\"https:\/\/miomicon.com\/wp-content\/uploads\/2025\/11\/DM_20251031122805_001-66x66.jpeg 66w, https:\/\/miomicon.com\/wp-content\/uploads\/2025\/11\/DM_20251031122805_001-150x150.jpeg 150w, https:\/\/miomicon.com\/wp-content\/uploads\/2025\/11\/DM_20251031122805_001-200x200.jpeg 200w, https:\/\/miomicon.com\/wp-content\/uploads\/2025\/11\/DM_20251031122805_001-300x300.jpeg 300w, https:\/\/miomicon.com\/wp-content\/uploads\/2025\/11\/DM_20251031122805_001-400x400.jpeg 400w, https:\/\/miomicon.com\/wp-content\/uploads\/2025\/11\/DM_20251031122805_001-500x500.jpeg 500w, https:\/\/miomicon.com\/wp-content\/uploads\/2025\/11\/DM_20251031122805_001-600x600.jpeg 600w, https:\/\/miomicon.com\/wp-content\/uploads\/2025\/11\/DM_20251031122805_001-700x700.jpeg 700w, https:\/\/miomicon.com\/wp-content\/uploads\/2025\/11\/DM_20251031122805_001-768x768.jpeg 768w, https:\/\/miomicon.com\/wp-content\/uploads\/2025\/11\/DM_20251031122805_001-800x800.jpeg 800w, https:\/\/miomicon.com\/wp-content\/uploads\/2025\/11\/DM_20251031122805_001-1024x1024.jpeg 1024w, https:\/\/miomicon.com\/wp-content\/uploads\/2025\/11\/DM_20251031122805_001.jpeg 1080w\" data-sizes=\"auto\" data-orig-sizes=\"(max-width: 1080px) 100vw, 1080px\" \/> <img decoding=\"async\" class=\"lazyload alignnone size-full wp-image-2980\" src=\"https:\/\/miomicon.com\/wp-content\/uploads\/2025\/11\/DM_20251031122805_002.jpeg\" data-orig-src=\"https:\/\/miomicon.com\/wp-content\/uploads\/2025\/11\/DM_20251031122805_002.jpeg\" alt=\"\" width=\"1080\" height=\"1080\" srcset=\"data:image\/svg+xml,%3Csvg%20xmlns%3D%27http%3A%2F%2Fwww.w3.org%2F2000%2Fsvg%27%20width%3D%271080%27%20height%3D%271080%27%20viewBox%3D%270%200%201080%201080%27%3E%3Crect%20width%3D%271080%27%20height%3D%271080%27%20fill-opacity%3D%220%22%2F%3E%3C%2Fsvg%3E\" data-srcset=\"https:\/\/miomicon.com\/wp-content\/uploads\/2025\/11\/DM_20251031122805_002-66x66.jpeg 66w, https:\/\/miomicon.com\/wp-content\/uploads\/2025\/11\/DM_20251031122805_002-150x150.jpeg 150w, https:\/\/miomicon.com\/wp-content\/uploads\/2025\/11\/DM_20251031122805_002-200x200.jpeg 200w, https:\/\/miomicon.com\/wp-content\/uploads\/2025\/11\/DM_20251031122805_002-300x300.jpeg 300w, https:\/\/miomicon.com\/wp-content\/uploads\/2025\/11\/DM_20251031122805_002-400x400.jpeg 400w, https:\/\/miomicon.com\/wp-content\/uploads\/2025\/11\/DM_20251031122805_002-500x500.jpeg 500w, https:\/\/miomicon.com\/wp-content\/uploads\/2025\/11\/DM_20251031122805_002-600x600.jpeg 600w, https:\/\/miomicon.com\/wp-content\/uploads\/2025\/11\/DM_20251031122805_002-700x700.jpeg 700w, https:\/\/miomicon.com\/wp-content\/uploads\/2025\/11\/DM_20251031122805_002-768x768.jpeg 768w, https:\/\/miomicon.com\/wp-content\/uploads\/2025\/11\/DM_20251031122805_002-800x800.jpeg 800w, https:\/\/miomicon.com\/wp-content\/uploads\/2025\/11\/DM_20251031122805_002-1024x1024.jpeg 1024w, https:\/\/miomicon.com\/wp-content\/uploads\/2025\/11\/DM_20251031122805_002.jpeg 1080w\" data-sizes=\"auto\" data-orig-sizes=\"(max-width: 1080px) 100vw, 1080px\" \/> <img decoding=\"async\" class=\"lazyload alignnone size-full wp-image-2981\" src=\"https:\/\/miomicon.com\/wp-content\/uploads\/2025\/11\/DM_20251031122805_003.jpeg\" data-orig-src=\"https:\/\/miomicon.com\/wp-content\/uploads\/2025\/11\/DM_20251031122805_003.jpeg\" alt=\"\" width=\"1080\" height=\"1080\" srcset=\"data:image\/svg+xml,%3Csvg%20xmlns%3D%27http%3A%2F%2Fwww.w3.org%2F2000%2Fsvg%27%20width%3D%271080%27%20height%3D%271080%27%20viewBox%3D%270%200%201080%201080%27%3E%3Crect%20width%3D%271080%27%20height%3D%271080%27%20fill-opacity%3D%220%22%2F%3E%3C%2Fsvg%3E\" data-srcset=\"https:\/\/miomicon.com\/wp-content\/uploads\/2025\/11\/DM_20251031122805_003-66x66.jpeg 66w, https:\/\/miomicon.com\/wp-content\/uploads\/2025\/11\/DM_20251031122805_003-150x150.jpeg 150w, https:\/\/miomicon.com\/wp-content\/uploads\/2025\/11\/DM_20251031122805_003-200x200.jpeg 200w, https:\/\/miomicon.com\/wp-content\/uploads\/2025\/11\/DM_20251031122805_003-300x300.jpeg 300w, https:\/\/miomicon.com\/wp-content\/uploads\/2025\/11\/DM_20251031122805_003-400x400.jpeg 400w, https:\/\/miomicon.com\/wp-content\/uploads\/2025\/11\/DM_20251031122805_003-500x500.jpeg 500w, https:\/\/miomicon.com\/wp-content\/uploads\/2025\/11\/DM_20251031122805_003-600x600.jpeg 600w, https:\/\/miomicon.com\/wp-content\/uploads\/2025\/11\/DM_20251031122805_003-700x700.jpeg 700w, https:\/\/miomicon.com\/wp-content\/uploads\/2025\/11\/DM_20251031122805_003-768x768.jpeg 768w, https:\/\/miomicon.com\/wp-content\/uploads\/2025\/11\/DM_20251031122805_003-800x800.jpeg 800w, https:\/\/miomicon.com\/wp-content\/uploads\/2025\/11\/DM_20251031122805_003-1024x1024.jpeg 1024w, https:\/\/miomicon.com\/wp-content\/uploads\/2025\/11\/DM_20251031122805_003.jpeg 1080w\" data-sizes=\"auto\" data-orig-sizes=\"(max-width: 1080px) 100vw, 1080px\" \/> <img decoding=\"async\" class=\"lazyload alignnone size-full wp-image-2982\" src=\"https:\/\/miomicon.com\/wp-content\/uploads\/2025\/11\/DM_20251031122805_004.jpeg\" data-orig-src=\"https:\/\/miomicon.com\/wp-content\/uploads\/2025\/11\/DM_20251031122805_004.jpeg\" alt=\"\" width=\"1080\" height=\"1080\" srcset=\"data:image\/svg+xml,%3Csvg%20xmlns%3D%27http%3A%2F%2Fwww.w3.org%2F2000%2Fsvg%27%20width%3D%271080%27%20height%3D%271080%27%20viewBox%3D%270%200%201080%201080%27%3E%3Crect%20width%3D%271080%27%20height%3D%271080%27%20fill-opacity%3D%220%22%2F%3E%3C%2Fsvg%3E\" data-srcset=\"https:\/\/miomicon.com\/wp-content\/uploads\/2025\/11\/DM_20251031122805_004-66x66.jpeg 66w, https:\/\/miomicon.com\/wp-content\/uploads\/2025\/11\/DM_20251031122805_004-150x150.jpeg 150w, https:\/\/miomicon.com\/wp-content\/uploads\/2025\/11\/DM_20251031122805_004-200x200.jpeg 200w, https:\/\/miomicon.com\/wp-content\/uploads\/2025\/11\/DM_20251031122805_004-300x300.jpeg 300w, https:\/\/miomicon.com\/wp-content\/uploads\/2025\/11\/DM_20251031122805_004-400x400.jpeg 400w, https:\/\/miomicon.com\/wp-content\/uploads\/2025\/11\/DM_20251031122805_004-500x500.jpeg 500w, https:\/\/miomicon.com\/wp-content\/uploads\/2025\/11\/DM_20251031122805_004-600x600.jpeg 600w, https:\/\/miomicon.com\/wp-content\/uploads\/2025\/11\/DM_20251031122805_004-700x700.jpeg 700w, https:\/\/miomicon.com\/wp-content\/uploads\/2025\/11\/DM_20251031122805_004-768x768.jpeg 768w, https:\/\/miomicon.com\/wp-content\/uploads\/2025\/11\/DM_20251031122805_004-800x800.jpeg 800w, https:\/\/miomicon.com\/wp-content\/uploads\/2025\/11\/DM_20251031122805_004-1024x1024.jpeg 1024w, https:\/\/miomicon.com\/wp-content\/uploads\/2025\/11\/DM_20251031122805_004.jpeg 1080w\" data-sizes=\"auto\" data-orig-sizes=\"(max-width: 1080px) 100vw, 1080px\" \/> <img decoding=\"async\" class=\"lazyload alignnone size-full wp-image-2983\" src=\"https:\/\/miomicon.com\/wp-content\/uploads\/2025\/11\/DM_20251031122805_005.jpeg\" data-orig-src=\"https:\/\/miomicon.com\/wp-content\/uploads\/2025\/11\/DM_20251031122805_005.jpeg\" alt=\"\" width=\"1080\" height=\"1080\" srcset=\"data:image\/svg+xml,%3Csvg%20xmlns%3D%27http%3A%2F%2Fwww.w3.org%2F2000%2Fsvg%27%20width%3D%271080%27%20height%3D%271080%27%20viewBox%3D%270%200%201080%201080%27%3E%3Crect%20width%3D%271080%27%20height%3D%271080%27%20fill-opacity%3D%220%22%2F%3E%3C%2Fsvg%3E\" data-srcset=\"https:\/\/miomicon.com\/wp-content\/uploads\/2025\/11\/DM_20251031122805_005-66x66.jpeg 66w, https:\/\/miomicon.com\/wp-content\/uploads\/2025\/11\/DM_20251031122805_005-150x150.jpeg 150w, https:\/\/miomicon.com\/wp-content\/uploads\/2025\/11\/DM_20251031122805_005-200x200.jpeg 200w, https:\/\/miomicon.com\/wp-content\/uploads\/2025\/11\/DM_20251031122805_005-300x300.jpeg 300w, https:\/\/miomicon.com\/wp-content\/uploads\/2025\/11\/DM_20251031122805_005-400x400.jpeg 400w, https:\/\/miomicon.com\/wp-content\/uploads\/2025\/11\/DM_20251031122805_005-500x500.jpeg 500w, https:\/\/miomicon.com\/wp-content\/uploads\/2025\/11\/DM_20251031122805_005-600x600.jpeg 600w, https:\/\/miomicon.com\/wp-content\/uploads\/2025\/11\/DM_20251031122805_005-700x700.jpeg 700w, https:\/\/miomicon.com\/wp-content\/uploads\/2025\/11\/DM_20251031122805_005-768x768.jpeg 768w, https:\/\/miomicon.com\/wp-content\/uploads\/2025\/11\/DM_20251031122805_005-800x800.jpeg 800w, https:\/\/miomicon.com\/wp-content\/uploads\/2025\/11\/DM_20251031122805_005-1024x1024.jpeg 1024w, https:\/\/miomicon.com\/wp-content\/uploads\/2025\/11\/DM_20251031122805_005.jpeg 1080w\" data-sizes=\"auto\" data-orig-sizes=\"(max-width: 1080px) 100vw, 1080px\" \/> <img decoding=\"async\" class=\"lazyload alignnone size-full wp-image-2984\" src=\"https:\/\/miomicon.com\/wp-content\/uploads\/2025\/11\/DM_20251031122805_006.jpeg\" data-orig-src=\"https:\/\/miomicon.com\/wp-content\/uploads\/2025\/11\/DM_20251031122805_006.jpeg\" alt=\"\" width=\"1080\" height=\"1080\" srcset=\"data:image\/svg+xml,%3Csvg%20xmlns%3D%27http%3A%2F%2Fwww.w3.org%2F2000%2Fsvg%27%20width%3D%271080%27%20height%3D%271080%27%20viewBox%3D%270%200%201080%201080%27%3E%3Crect%20width%3D%271080%27%20height%3D%271080%27%20fill-opacity%3D%220%22%2F%3E%3C%2Fsvg%3E\" data-srcset=\"https:\/\/miomicon.com\/wp-content\/uploads\/2025\/11\/DM_20251031122805_006-66x66.jpeg 66w, https:\/\/miomicon.com\/wp-content\/uploads\/2025\/11\/DM_20251031122805_006-150x150.jpeg 150w, https:\/\/miomicon.com\/wp-content\/uploads\/2025\/11\/DM_20251031122805_006-200x200.jpeg 200w, https:\/\/miomicon.com\/wp-content\/uploads\/2025\/11\/DM_20251031122805_006-300x300.jpeg 300w, https:\/\/miomicon.com\/wp-content\/uploads\/2025\/11\/DM_20251031122805_006-400x400.jpeg 400w, https:\/\/miomicon.com\/wp-content\/uploads\/2025\/11\/DM_20251031122805_006-500x500.jpeg 500w, https:\/\/miomicon.com\/wp-content\/uploads\/2025\/11\/DM_20251031122805_006-600x600.jpeg 600w, https:\/\/miomicon.com\/wp-content\/uploads\/2025\/11\/DM_20251031122805_006-700x700.jpeg 700w, https:\/\/miomicon.com\/wp-content\/uploads\/2025\/11\/DM_20251031122805_006-768x768.jpeg 768w, https:\/\/miomicon.com\/wp-content\/uploads\/2025\/11\/DM_20251031122805_006-800x800.jpeg 800w, https:\/\/miomicon.com\/wp-content\/uploads\/2025\/11\/DM_20251031122805_006-1024x1024.jpeg 1024w, https:\/\/miomicon.com\/wp-content\/uploads\/2025\/11\/DM_20251031122805_006.jpeg 1080w\" data-sizes=\"auto\" data-orig-sizes=\"(max-width: 1080px) 100vw, 1080px\" \/> <img decoding=\"async\" class=\"lazyload alignnone size-full wp-image-2985\" src=\"https:\/\/miomicon.com\/wp-content\/uploads\/2025\/11\/DM_20251031122805_007.jpeg\" data-orig-src=\"https:\/\/miomicon.com\/wp-content\/uploads\/2025\/11\/DM_20251031122805_007.jpeg\" alt=\"\" width=\"1080\" height=\"1080\" srcset=\"data:image\/svg+xml,%3Csvg%20xmlns%3D%27http%3A%2F%2Fwww.w3.org%2F2000%2Fsvg%27%20width%3D%271080%27%20height%3D%271080%27%20viewBox%3D%270%200%201080%201080%27%3E%3Crect%20width%3D%271080%27%20height%3D%271080%27%20fill-opacity%3D%220%22%2F%3E%3C%2Fsvg%3E\" data-srcset=\"https:\/\/miomicon.com\/wp-content\/uploads\/2025\/11\/DM_20251031122805_007-66x66.jpeg 66w, https:\/\/miomicon.com\/wp-content\/uploads\/2025\/11\/DM_20251031122805_007-150x150.jpeg 150w, https:\/\/miomicon.com\/wp-content\/uploads\/2025\/11\/DM_20251031122805_007-200x200.jpeg 200w, https:\/\/miomicon.com\/wp-content\/uploads\/2025\/11\/DM_20251031122805_007-300x300.jpeg 300w, https:\/\/miomicon.com\/wp-content\/uploads\/2025\/11\/DM_20251031122805_007-400x400.jpeg 400w, https:\/\/miomicon.com\/wp-content\/uploads\/2025\/11\/DM_20251031122805_007-500x500.jpeg 500w, https:\/\/miomicon.com\/wp-content\/uploads\/2025\/11\/DM_20251031122805_007-600x600.jpeg 600w, https:\/\/miomicon.com\/wp-content\/uploads\/2025\/11\/DM_20251031122805_007-700x700.jpeg 700w, https:\/\/miomicon.com\/wp-content\/uploads\/2025\/11\/DM_20251031122805_007-768x768.jpeg 768w, https:\/\/miomicon.com\/wp-content\/uploads\/2025\/11\/DM_20251031122805_007-800x800.jpeg 800w, https:\/\/miomicon.com\/wp-content\/uploads\/2025\/11\/DM_20251031122805_007-1024x1024.jpeg 1024w, https:\/\/miomicon.com\/wp-content\/uploads\/2025\/11\/DM_20251031122805_007.jpeg 1080w\" data-sizes=\"auto\" data-orig-sizes=\"(max-width: 1080px) 100vw, 1080px\" \/> <img decoding=\"async\" class=\"lazyload alignnone size-full wp-image-2986\" src=\"https:\/\/miomicon.com\/wp-content\/uploads\/2025\/11\/DM_20251031122805_008.jpeg\" data-orig-src=\"https:\/\/miomicon.com\/wp-content\/uploads\/2025\/11\/DM_20251031122805_008.jpeg\" alt=\"\" width=\"1080\" height=\"1080\" srcset=\"data:image\/svg+xml,%3Csvg%20xmlns%3D%27http%3A%2F%2Fwww.w3.org%2F2000%2Fsvg%27%20width%3D%271080%27%20height%3D%271080%27%20viewBox%3D%270%200%201080%201080%27%3E%3Crect%20width%3D%271080%27%20height%3D%271080%27%20fill-opacity%3D%220%22%2F%3E%3C%2Fsvg%3E\" data-srcset=\"https:\/\/miomicon.com\/wp-content\/uploads\/2025\/11\/DM_20251031122805_008-66x66.jpeg 66w, https:\/\/miomicon.com\/wp-content\/uploads\/2025\/11\/DM_20251031122805_008-150x150.jpeg 150w, https:\/\/miomicon.com\/wp-content\/uploads\/2025\/11\/DM_20251031122805_008-200x200.jpeg 200w, https:\/\/miomicon.com\/wp-content\/uploads\/2025\/11\/DM_20251031122805_008-300x300.jpeg 300w, https:\/\/miomicon.com\/wp-content\/uploads\/2025\/11\/DM_20251031122805_008-400x400.jpeg 400w, https:\/\/miomicon.com\/wp-content\/uploads\/2025\/11\/DM_20251031122805_008-500x500.jpeg 500w, https:\/\/miomicon.com\/wp-content\/uploads\/2025\/11\/DM_20251031122805_008-600x600.jpeg 600w, https:\/\/miomicon.com\/wp-content\/uploads\/2025\/11\/DM_20251031122805_008-700x700.jpeg 700w, https:\/\/miomicon.com\/wp-content\/uploads\/2025\/11\/DM_20251031122805_008-768x768.jpeg 768w, https:\/\/miomicon.com\/wp-content\/uploads\/2025\/11\/DM_20251031122805_008-800x800.jpeg 800w, https:\/\/miomicon.com\/wp-content\/uploads\/2025\/11\/DM_20251031122805_008-1024x1024.jpeg 1024w, https:\/\/miomicon.com\/wp-content\/uploads\/2025\/11\/DM_20251031122805_008.jpeg 1080w\" data-sizes=\"auto\" data-orig-sizes=\"(max-width: 1080px) 100vw, 1080px\" \/> <img decoding=\"async\" class=\"lazyload alignnone size-full wp-image-2987\" src=\"https:\/\/miomicon.com\/wp-content\/uploads\/2025\/11\/DM_20251031122805_009.jpeg\" data-orig-src=\"https:\/\/miomicon.com\/wp-content\/uploads\/2025\/11\/DM_20251031122805_009.jpeg\" alt=\"\" width=\"1080\" height=\"1080\" srcset=\"data:image\/svg+xml,%3Csvg%20xmlns%3D%27http%3A%2F%2Fwww.w3.org%2F2000%2Fsvg%27%20width%3D%271080%27%20height%3D%271080%27%20viewBox%3D%270%200%201080%201080%27%3E%3Crect%20width%3D%271080%27%20height%3D%271080%27%20fill-opacity%3D%220%22%2F%3E%3C%2Fsvg%3E\" data-srcset=\"https:\/\/miomicon.com\/wp-content\/uploads\/2025\/11\/DM_20251031122805_009-66x66.jpeg 66w, https:\/\/miomicon.com\/wp-content\/uploads\/2025\/11\/DM_20251031122805_009-150x150.jpeg 150w, https:\/\/miomicon.com\/wp-content\/uploads\/2025\/11\/DM_20251031122805_009-200x200.jpeg 200w, https:\/\/miomicon.com\/wp-content\/uploads\/2025\/11\/DM_20251031122805_009-300x300.jpeg 300w, https:\/\/miomicon.com\/wp-content\/uploads\/2025\/11\/DM_20251031122805_009-400x400.jpeg 400w, https:\/\/miomicon.com\/wp-content\/uploads\/2025\/11\/DM_20251031122805_009-500x500.jpeg 500w, https:\/\/miomicon.com\/wp-content\/uploads\/2025\/11\/DM_20251031122805_009-600x600.jpeg 600w, https:\/\/miomicon.com\/wp-content\/uploads\/2025\/11\/DM_20251031122805_009-700x700.jpeg 700w, https:\/\/miomicon.com\/wp-content\/uploads\/2025\/11\/DM_20251031122805_009-768x768.jpeg 768w, https:\/\/miomicon.com\/wp-content\/uploads\/2025\/11\/DM_20251031122805_009-800x800.jpeg 800w, https:\/\/miomicon.com\/wp-content\/uploads\/2025\/11\/DM_20251031122805_009-1024x1024.jpeg 1024w, https:\/\/miomicon.com\/wp-content\/uploads\/2025\/11\/DM_20251031122805_009.jpeg 1080w\" data-sizes=\"auto\" data-orig-sizes=\"(max-width: 1080px) 100vw, 1080px\" \/> <img decoding=\"async\" class=\"lazyload alignnone size-full wp-image-2988\" src=\"https:\/\/miomicon.com\/wp-content\/uploads\/2025\/11\/DM_20251031122805_010.jpeg\" data-orig-src=\"https:\/\/miomicon.com\/wp-content\/uploads\/2025\/11\/DM_20251031122805_010.jpeg\" alt=\"\" width=\"1080\" height=\"1080\" srcset=\"data:image\/svg+xml,%3Csvg%20xmlns%3D%27http%3A%2F%2Fwww.w3.org%2F2000%2Fsvg%27%20width%3D%271080%27%20height%3D%271080%27%20viewBox%3D%270%200%201080%201080%27%3E%3Crect%20width%3D%271080%27%20height%3D%271080%27%20fill-opacity%3D%220%22%2F%3E%3C%2Fsvg%3E\" data-srcset=\"https:\/\/miomicon.com\/wp-content\/uploads\/2025\/11\/DM_20251031122805_010-66x66.jpeg 66w, https:\/\/miomicon.com\/wp-content\/uploads\/2025\/11\/DM_20251031122805_010-150x150.jpeg 150w, https:\/\/miomicon.com\/wp-content\/uploads\/2025\/11\/DM_20251031122805_010-200x200.jpeg 200w, https:\/\/miomicon.com\/wp-content\/uploads\/2025\/11\/DM_20251031122805_010-300x300.jpeg 300w, https:\/\/miomicon.com\/wp-content\/uploads\/2025\/11\/DM_20251031122805_010-400x400.jpeg 400w, https:\/\/miomicon.com\/wp-content\/uploads\/2025\/11\/DM_20251031122805_010-500x500.jpeg 500w, https:\/\/miomicon.com\/wp-content\/uploads\/2025\/11\/DM_20251031122805_010-600x600.jpeg 600w, https:\/\/miomicon.com\/wp-content\/uploads\/2025\/11\/DM_20251031122805_010-700x700.jpeg 700w, https:\/\/miomicon.com\/wp-content\/uploads\/2025\/11\/DM_20251031122805_010-768x768.jpeg 768w, https:\/\/miomicon.com\/wp-content\/uploads\/2025\/11\/DM_20251031122805_010-800x800.jpeg 800w, https:\/\/miomicon.com\/wp-content\/uploads\/2025\/11\/DM_20251031122805_010-1024x1024.jpeg 1024w, https:\/\/miomicon.com\/wp-content\/uploads\/2025\/11\/DM_20251031122805_010.jpeg 1080w\" data-sizes=\"auto\" data-orig-sizes=\"(max-width: 1080px) 100vw, 1080px\" \/><br \/>\n\u3001<\/p>\n","protected":false},"excerpt":{"rendered":"<p>Amplie a oferta do seu neg\u00f3cio com nossas lentes de contato para fantasias assustadoras, que apresentam uma linha diversificada de 11 cores malucas, incluindo: Caveira Preta, Esqueleto Preto, Carta \u00c1s de Espadas, \u00c1guia, Fantasma Branco, M\u00e3os de Esqueleto, M\u00e3o de Fantasma, Palha\u00e7o Maluco, L\u00e2mina Sangrenta, Ab\u00f3bora de Halloween e Verde Camuflagem. Esta s\u00e9rie atende com facilidade \u00e0s diversas necessidades e prefer\u00eancias dos seus clientes. N\u00e3o perca esta oportunidade de ampliar sua linha de produtos e atender \u00e0 demanda dos consumidores por lentes de contato para fantasias de qualidade, confort\u00e1veis e impressionantes.  <\/p>\n","protected":false},"featured_media":2978,"comment_status":"closed","ping_status":"closed","template":"","meta":[],"product_brand":[45],"product_cat":[232],"product_tag":[],"class_list":{"0":"post-11709","1":"product","2":"type-product","3":"status-publish","4":"has-post-thumbnail","6":"product_brand-pseyeche","7":"product_cat-contatos-regulares-de-cambio","9":"first","10":"instock","11":"product-type-simple"},"_links":{"self":[{"href":"https:\/\/miomicon.com\/pt-br\/wp-json\/wp\/v2\/product\/11709","targetHints":{"allow":["GET"]}}],"collection":[{"href":"https:\/\/miomicon.com\/pt-br\/wp-json\/wp\/v2\/product"}],"about":[{"href":"https:\/\/miomicon.com\/pt-br\/wp-json\/wp\/v2\/types\/product"}],"replies":[{"embeddable":true,"href":"https:\/\/miomicon.com\/pt-br\/wp-json\/wp\/v2\/comments?post=11709"}],"wp:featuredmedia":[{"embeddable":true,"href":"https:\/\/miomicon.com\/pt-br\/wp-json\/wp\/v2\/media\/2978"}],"wp:attachment":[{"href":"https:\/\/miomicon.com\/pt-br\/wp-json\/wp\/v2\/media?parent=11709"}],"wp:term":[{"taxonomy":"product_brand","embeddable":true,"href":"https:\/\/miomicon.com\/pt-br\/wp-json\/wp\/v2\/product_brand?post=11709"},{"taxonomy":"product_cat","embeddable":true,"href":"https:\/\/miomicon.com\/pt-br\/wp-json\/wp\/v2\/product_cat?post=11709"},{"taxonomy":"product_tag","embeddable":true,"href":"https:\/\/miomicon.com\/pt-br\/wp-json\/wp\/v2\/product_tag?post=11709"}],"curies":[{"name":"wp","href":"https:\/\/api.w.org\/{rel}","templated":true}]}}