{"id":11687,"date":"2025-11-03T15:34:38","date_gmt":"2025-11-03T07:34:38","guid":{"rendered":"https:\/\/miomicon.com\/product\/lentes-de-contato-na-cor-do-oceano\/"},"modified":"2025-11-03T15:34:38","modified_gmt":"2025-11-03T07:34:38","slug":"lentes-de-contato-na-cor-do-oceano","status":"publish","type":"product","link":"https:\/\/miomicon.com\/pt-br\/produto\/lentes-de-contato-na-cor-do-oceano\/","title":{"rendered":"Lentes de contato na cor do oceano"},"content":{"rendered":"<div class=\"table-1\">\n<table style=\"height: 100%;\" width=\"100%\">\n<tbody>\n<tr>\n<td>Material: <strong>HEMA<\/strong><\/td>\n<td>Tipo de lente: <strong>Macia<\/strong><\/td>\n<\/tr>\n<tr>\n<td>Di\u00e2metro: <strong>14,2 mm<\/strong><\/td>\n<td>Tom: <strong>2\/3<\/strong><\/td>\n<\/tr>\n<tr>\n<td>Espessura central: <strong>0,08 mm<\/strong><\/td>\n<td>Curva base: <strong>8,6 mm<\/strong><\/td>\n<\/tr>\n<tr>\n<td>Validade: <strong>Anual<\/strong><\/td>\n<td>Prazo de validade: <strong>5 anos<\/strong><\/td>\n<\/tr>\n<tr>\n<td>Pot\u00eancia: <strong>0,00<\/strong><\/td>\n<td>Teor de \u00e1gua: <strong>40%<\/strong><\/td>\n<\/tr>\n<tr>\n<td>Local de origem: <strong>China<\/strong>, <strong>Coreia<\/strong><\/td>\n<td>Embalagem: <strong>Blister (2 unidades por caixa)<\/strong><\/td>\n<\/tr>\n<tr>\n<td colspan=\"2\">Variantes de cor (6 dispon\u00edveis): cinza, marrom, cinza-celeste, azul, verde, jade<\/td>\n<\/tr>\n<\/tbody>\n<\/table>\n<p>&nbsp;<\/p>\n<\/div>\n<p><img decoding=\"async\" class=\"lazyload alignnone size-full wp-image-3002\" src=\"https:\/\/miomicon.com\/wp-content\/uploads\/2025\/11\/A-young-lady-showcasing-Ocean-colored-contacts_-wit.jpg\" data-orig-src=\"https:\/\/miomicon.com\/wp-content\/uploads\/2025\/11\/A-young-lady-showcasing-Ocean-colored-contacts_-wit.jpg\" alt=\"\" width=\"1080\" height=\"1080\" srcset=\"data:image\/svg+xml,%3Csvg%20xmlns%3D%27http%3A%2F%2Fwww.w3.org%2F2000%2Fsvg%27%20width%3D%271080%27%20height%3D%271080%27%20viewBox%3D%270%200%201080%201080%27%3E%3Crect%20width%3D%271080%27%20height%3D%271080%27%20fill-opacity%3D%220%22%2F%3E%3C%2Fsvg%3E\" data-srcset=\"https:\/\/miomicon.com\/wp-content\/uploads\/2025\/11\/A-young-lady-showcasing-Ocean-colored-contacts_-wit-66x66.jpg 66w, https:\/\/miomicon.com\/wp-content\/uploads\/2025\/11\/A-young-lady-showcasing-Ocean-colored-contacts_-wit-150x150.jpg 150w, https:\/\/miomicon.com\/wp-content\/uploads\/2025\/11\/A-young-lady-showcasing-Ocean-colored-contacts_-wit-200x200.jpg 200w, https:\/\/miomicon.com\/wp-content\/uploads\/2025\/11\/A-young-lady-showcasing-Ocean-colored-contacts_-wit-300x300.jpg 300w, https:\/\/miomicon.com\/wp-content\/uploads\/2025\/11\/A-young-lady-showcasing-Ocean-colored-contacts_-wit-400x400.jpg 400w, https:\/\/miomicon.com\/wp-content\/uploads\/2025\/11\/A-young-lady-showcasing-Ocean-colored-contacts_-wit-500x500.jpg 500w, https:\/\/miomicon.com\/wp-content\/uploads\/2025\/11\/A-young-lady-showcasing-Ocean-colored-contacts_-wit-600x600.jpg 600w, https:\/\/miomicon.com\/wp-content\/uploads\/2025\/11\/A-young-lady-showcasing-Ocean-colored-contacts_-wit-700x700.jpg 700w, https:\/\/miomicon.com\/wp-content\/uploads\/2025\/11\/A-young-lady-showcasing-Ocean-colored-contacts_-wit-768x768.jpg 768w, https:\/\/miomicon.com\/wp-content\/uploads\/2025\/11\/A-young-lady-showcasing-Ocean-colored-contacts_-wit-800x800.jpg 800w, https:\/\/miomicon.com\/wp-content\/uploads\/2025\/11\/A-young-lady-showcasing-Ocean-colored-contacts_-wit-1024x1024.jpg 1024w, https:\/\/miomicon.com\/wp-content\/uploads\/2025\/11\/A-young-lady-showcasing-Ocean-colored-contacts_-wit.jpg 1080w\" data-sizes=\"auto\" data-orig-sizes=\"(max-width: 1080px) 100vw, 1080px\" \/> <img decoding=\"async\" class=\"lazyload alignnone size-full wp-image-2998\" src=\"https:\/\/miomicon.com\/wp-content\/uploads\/2025\/11\/Grid-layout-of-Ocean-Colored-Contacts-in-various_yy.jpg\" data-orig-src=\"https:\/\/miomicon.com\/wp-content\/uploads\/2025\/11\/Grid-layout-of-Ocean-Colored-Contacts-in-various_yy.jpg\" alt=\"\" width=\"1080\" height=\"1080\" srcset=\"data:image\/svg+xml,%3Csvg%20xmlns%3D%27http%3A%2F%2Fwww.w3.org%2F2000%2Fsvg%27%20width%3D%271080%27%20height%3D%271080%27%20viewBox%3D%270%200%201080%201080%27%3E%3Crect%20width%3D%271080%27%20height%3D%271080%27%20fill-opacity%3D%220%22%2F%3E%3C%2Fsvg%3E\" data-srcset=\"https:\/\/miomicon.com\/wp-content\/uploads\/2025\/11\/Grid-layout-of-Ocean-Colored-Contacts-in-various_yy-66x66.jpg 66w, https:\/\/miomicon.com\/wp-content\/uploads\/2025\/11\/Grid-layout-of-Ocean-Colored-Contacts-in-various_yy-150x150.jpg 150w, https:\/\/miomicon.com\/wp-content\/uploads\/2025\/11\/Grid-layout-of-Ocean-Colored-Contacts-in-various_yy-200x200.jpg 200w, https:\/\/miomicon.com\/wp-content\/uploads\/2025\/11\/Grid-layout-of-Ocean-Colored-Contacts-in-various_yy-300x300.jpg 300w, https:\/\/miomicon.com\/wp-content\/uploads\/2025\/11\/Grid-layout-of-Ocean-Colored-Contacts-in-various_yy-400x400.jpg 400w, https:\/\/miomicon.com\/wp-content\/uploads\/2025\/11\/Grid-layout-of-Ocean-Colored-Contacts-in-various_yy-500x500.jpg 500w, https:\/\/miomicon.com\/wp-content\/uploads\/2025\/11\/Grid-layout-of-Ocean-Colored-Contacts-in-various_yy-600x600.jpg 600w, https:\/\/miomicon.com\/wp-content\/uploads\/2025\/11\/Grid-layout-of-Ocean-Colored-Contacts-in-various_yy-700x700.jpg 700w, https:\/\/miomicon.com\/wp-content\/uploads\/2025\/11\/Grid-layout-of-Ocean-Colored-Contacts-in-various_yy-768x768.jpg 768w, https:\/\/miomicon.com\/wp-content\/uploads\/2025\/11\/Grid-layout-of-Ocean-Colored-Contacts-in-various_yy-800x800.jpg 800w, https:\/\/miomicon.com\/wp-content\/uploads\/2025\/11\/Grid-layout-of-Ocean-Colored-Contacts-in-various_yy-1024x1024.jpg 1024w, https:\/\/miomicon.com\/wp-content\/uploads\/2025\/11\/Grid-layout-of-Ocean-Colored-Contacts-in-various_yy.jpg 1080w\" data-sizes=\"auto\" data-orig-sizes=\"(max-width: 1080px) 100vw, 1080px\" \/> <img decoding=\"async\" class=\"lazyload alignnone size-full wp-image-3001\" src=\"https:\/\/miomicon.com\/wp-content\/uploads\/2025\/11\/A-display-of-Ocean-Colored-Contacts-in-Blue__yythkg.jpg\" data-orig-src=\"https:\/\/miomicon.com\/wp-content\/uploads\/2025\/11\/A-display-of-Ocean-Colored-Contacts-in-Blue__yythkg.jpg\" alt=\"\" width=\"1080\" height=\"1080\" srcset=\"data:image\/svg+xml,%3Csvg%20xmlns%3D%27http%3A%2F%2Fwww.w3.org%2F2000%2Fsvg%27%20width%3D%271080%27%20height%3D%271080%27%20viewBox%3D%270%200%201080%201080%27%3E%3Crect%20width%3D%271080%27%20height%3D%271080%27%20fill-opacity%3D%220%22%2F%3E%3C%2Fsvg%3E\" data-srcset=\"https:\/\/miomicon.com\/wp-content\/uploads\/2025\/11\/A-display-of-Ocean-Colored-Contacts-in-Blue__yythkg-66x66.jpg 66w, https:\/\/miomicon.com\/wp-content\/uploads\/2025\/11\/A-display-of-Ocean-Colored-Contacts-in-Blue__yythkg-150x150.jpg 150w, https:\/\/miomicon.com\/wp-content\/uploads\/2025\/11\/A-display-of-Ocean-Colored-Contacts-in-Blue__yythkg-200x200.jpg 200w, https:\/\/miomicon.com\/wp-content\/uploads\/2025\/11\/A-display-of-Ocean-Colored-Contacts-in-Blue__yythkg-300x300.jpg 300w, https:\/\/miomicon.com\/wp-content\/uploads\/2025\/11\/A-display-of-Ocean-Colored-Contacts-in-Blue__yythkg-400x400.jpg 400w, https:\/\/miomicon.com\/wp-content\/uploads\/2025\/11\/A-display-of-Ocean-Colored-Contacts-in-Blue__yythkg-500x500.jpg 500w, https:\/\/miomicon.com\/wp-content\/uploads\/2025\/11\/A-display-of-Ocean-Colored-Contacts-in-Blue__yythkg-600x600.jpg 600w, https:\/\/miomicon.com\/wp-content\/uploads\/2025\/11\/A-display-of-Ocean-Colored-Contacts-in-Blue__yythkg-700x700.jpg 700w, https:\/\/miomicon.com\/wp-content\/uploads\/2025\/11\/A-display-of-Ocean-Colored-Contacts-in-Blue__yythkg-768x768.jpg 768w, https:\/\/miomicon.com\/wp-content\/uploads\/2025\/11\/A-display-of-Ocean-Colored-Contacts-in-Blue__yythkg-800x800.jpg 800w, https:\/\/miomicon.com\/wp-content\/uploads\/2025\/11\/A-display-of-Ocean-Colored-Contacts-in-Blue__yythkg-1024x1024.jpg 1024w, https:\/\/miomicon.com\/wp-content\/uploads\/2025\/11\/A-display-of-Ocean-Colored-Contacts-in-Blue__yythkg.jpg 1080w\" data-sizes=\"auto\" data-orig-sizes=\"(max-width: 1080px) 100vw, 1080px\" \/> <img decoding=\"async\" class=\"lazyload alignnone size-full wp-image-3003\" src=\"https:\/\/miomicon.com\/wp-content\/uploads\/2025\/11\/Grid-display-of-1-shade-of-Ocean-colored-con-1.jpg\" data-orig-src=\"https:\/\/miomicon.com\/wp-content\/uploads\/2025\/11\/Grid-display-of-1-shade-of-Ocean-colored-con-1.jpg\" alt=\"\" width=\"1080\" height=\"1080\" srcset=\"data:image\/svg+xml,%3Csvg%20xmlns%3D%27http%3A%2F%2Fwww.w3.org%2F2000%2Fsvg%27%20width%3D%271080%27%20height%3D%271080%27%20viewBox%3D%270%200%201080%201080%27%3E%3Crect%20width%3D%271080%27%20height%3D%271080%27%20fill-opacity%3D%220%22%2F%3E%3C%2Fsvg%3E\" data-srcset=\"https:\/\/miomicon.com\/wp-content\/uploads\/2025\/11\/Grid-display-of-1-shade-of-Ocean-colored-con-1-66x66.jpg 66w, https:\/\/miomicon.com\/wp-content\/uploads\/2025\/11\/Grid-display-of-1-shade-of-Ocean-colored-con-1-150x150.jpg 150w, https:\/\/miomicon.com\/wp-content\/uploads\/2025\/11\/Grid-display-of-1-shade-of-Ocean-colored-con-1-200x200.jpg 200w, https:\/\/miomicon.com\/wp-content\/uploads\/2025\/11\/Grid-display-of-1-shade-of-Ocean-colored-con-1-300x300.jpg 300w, https:\/\/miomicon.com\/wp-content\/uploads\/2025\/11\/Grid-display-of-1-shade-of-Ocean-colored-con-1-400x400.jpg 400w, https:\/\/miomicon.com\/wp-content\/uploads\/2025\/11\/Grid-display-of-1-shade-of-Ocean-colored-con-1-500x500.jpg 500w, https:\/\/miomicon.com\/wp-content\/uploads\/2025\/11\/Grid-display-of-1-shade-of-Ocean-colored-con-1-600x600.jpg 600w, https:\/\/miomicon.com\/wp-content\/uploads\/2025\/11\/Grid-display-of-1-shade-of-Ocean-colored-con-1-700x700.jpg 700w, https:\/\/miomicon.com\/wp-content\/uploads\/2025\/11\/Grid-display-of-1-shade-of-Ocean-colored-con-1-768x768.jpg 768w, https:\/\/miomicon.com\/wp-content\/uploads\/2025\/11\/Grid-display-of-1-shade-of-Ocean-colored-con-1-800x800.jpg 800w, https:\/\/miomicon.com\/wp-content\/uploads\/2025\/11\/Grid-display-of-1-shade-of-Ocean-colored-con-1-1024x1024.jpg 1024w, https:\/\/miomicon.com\/wp-content\/uploads\/2025\/11\/Grid-display-of-1-shade-of-Ocean-colored-con-1.jpg 1080w\" data-sizes=\"auto\" data-orig-sizes=\"(max-width: 1080px) 100vw, 1080px\" \/> <img decoding=\"async\" class=\"lazyload alignnone size-full wp-image-3004\" src=\"https:\/\/miomicon.com\/wp-content\/uploads\/2025\/11\/Grid-display-of-1-shade-of-Ocean-colored-con-2.jpg\" data-orig-src=\"https:\/\/miomicon.com\/wp-content\/uploads\/2025\/11\/Grid-display-of-1-shade-of-Ocean-colored-con-2.jpg\" alt=\"\" width=\"1080\" height=\"1080\" srcset=\"data:image\/svg+xml,%3Csvg%20xmlns%3D%27http%3A%2F%2Fwww.w3.org%2F2000%2Fsvg%27%20width%3D%271080%27%20height%3D%271080%27%20viewBox%3D%270%200%201080%201080%27%3E%3Crect%20width%3D%271080%27%20height%3D%271080%27%20fill-opacity%3D%220%22%2F%3E%3C%2Fsvg%3E\" data-srcset=\"https:\/\/miomicon.com\/wp-content\/uploads\/2025\/11\/Grid-display-of-1-shade-of-Ocean-colored-con-2-66x66.jpg 66w, https:\/\/miomicon.com\/wp-content\/uploads\/2025\/11\/Grid-display-of-1-shade-of-Ocean-colored-con-2-150x150.jpg 150w, https:\/\/miomicon.com\/wp-content\/uploads\/2025\/11\/Grid-display-of-1-shade-of-Ocean-colored-con-2-200x200.jpg 200w, https:\/\/miomicon.com\/wp-content\/uploads\/2025\/11\/Grid-display-of-1-shade-of-Ocean-colored-con-2-300x300.jpg 300w, https:\/\/miomicon.com\/wp-content\/uploads\/2025\/11\/Grid-display-of-1-shade-of-Ocean-colored-con-2-400x400.jpg 400w, https:\/\/miomicon.com\/wp-content\/uploads\/2025\/11\/Grid-display-of-1-shade-of-Ocean-colored-con-2-500x500.jpg 500w, https:\/\/miomicon.com\/wp-content\/uploads\/2025\/11\/Grid-display-of-1-shade-of-Ocean-colored-con-2-600x600.jpg 600w, https:\/\/miomicon.com\/wp-content\/uploads\/2025\/11\/Grid-display-of-1-shade-of-Ocean-colored-con-2-700x700.jpg 700w, https:\/\/miomicon.com\/wp-content\/uploads\/2025\/11\/Grid-display-of-1-shade-of-Ocean-colored-con-2-768x768.jpg 768w, https:\/\/miomicon.com\/wp-content\/uploads\/2025\/11\/Grid-display-of-1-shade-of-Ocean-colored-con-2-800x800.jpg 800w, https:\/\/miomicon.com\/wp-content\/uploads\/2025\/11\/Grid-display-of-1-shade-of-Ocean-colored-con-2-1024x1024.jpg 1024w, https:\/\/miomicon.com\/wp-content\/uploads\/2025\/11\/Grid-display-of-1-shade-of-Ocean-colored-con-2.jpg 1080w\" data-sizes=\"auto\" data-orig-sizes=\"(max-width: 1080px) 100vw, 1080px\" \/> <img decoding=\"async\" class=\"lazyload alignnone size-full wp-image-2997\" src=\"https:\/\/miomicon.com\/wp-content\/uploads\/2025\/11\/Grid-display-of-1-shade-of-Ocean-colored-con.jpg\" data-orig-src=\"https:\/\/miomicon.com\/wp-content\/uploads\/2025\/11\/Grid-display-of-1-shade-of-Ocean-colored-con.jpg\" alt=\"\" width=\"1080\" height=\"1080\" srcset=\"data:image\/svg+xml,%3Csvg%20xmlns%3D%27http%3A%2F%2Fwww.w3.org%2F2000%2Fsvg%27%20width%3D%271080%27%20height%3D%271080%27%20viewBox%3D%270%200%201080%201080%27%3E%3Crect%20width%3D%271080%27%20height%3D%271080%27%20fill-opacity%3D%220%22%2F%3E%3C%2Fsvg%3E\" data-srcset=\"https:\/\/miomicon.com\/wp-content\/uploads\/2025\/11\/Grid-display-of-1-shade-of-Ocean-colored-con-66x66.jpg 66w, https:\/\/miomicon.com\/wp-content\/uploads\/2025\/11\/Grid-display-of-1-shade-of-Ocean-colored-con-150x150.jpg 150w, https:\/\/miomicon.com\/wp-content\/uploads\/2025\/11\/Grid-display-of-1-shade-of-Ocean-colored-con-200x200.jpg 200w, https:\/\/miomicon.com\/wp-content\/uploads\/2025\/11\/Grid-display-of-1-shade-of-Ocean-colored-con-300x300.jpg 300w, https:\/\/miomicon.com\/wp-content\/uploads\/2025\/11\/Grid-display-of-1-shade-of-Ocean-colored-con-400x400.jpg 400w, https:\/\/miomicon.com\/wp-content\/uploads\/2025\/11\/Grid-display-of-1-shade-of-Ocean-colored-con-500x500.jpg 500w, https:\/\/miomicon.com\/wp-content\/uploads\/2025\/11\/Grid-display-of-1-shade-of-Ocean-colored-con-600x600.jpg 600w, https:\/\/miomicon.com\/wp-content\/uploads\/2025\/11\/Grid-display-of-1-shade-of-Ocean-colored-con-700x700.jpg 700w, https:\/\/miomicon.com\/wp-content\/uploads\/2025\/11\/Grid-display-of-1-shade-of-Ocean-colored-con-768x768.jpg 768w, https:\/\/miomicon.com\/wp-content\/uploads\/2025\/11\/Grid-display-of-1-shade-of-Ocean-colored-con-800x800.jpg 800w, https:\/\/miomicon.com\/wp-content\/uploads\/2025\/11\/Grid-display-of-1-shade-of-Ocean-colored-con-1024x1024.jpg 1024w, https:\/\/miomicon.com\/wp-content\/uploads\/2025\/11\/Grid-display-of-1-shade-of-Ocean-colored-con.jpg 1080w\" data-sizes=\"auto\" data-orig-sizes=\"(max-width: 1080px) 100vw, 1080px\" \/> <img decoding=\"async\" class=\"lazyload alignnone size-full wp-image-3000\" src=\"https:\/\/miomicon.com\/wp-content\/uploads\/2025\/11\/A-detailed-picture-of-the-Ocean-blue-contact_yythkg.jpg\" data-orig-src=\"https:\/\/miomicon.com\/wp-content\/uploads\/2025\/11\/A-detailed-picture-of-the-Ocean-blue-contact_yythkg.jpg\" alt=\"\" width=\"1080\" height=\"1080\" srcset=\"data:image\/svg+xml,%3Csvg%20xmlns%3D%27http%3A%2F%2Fwww.w3.org%2F2000%2Fsvg%27%20width%3D%271080%27%20height%3D%271080%27%20viewBox%3D%270%200%201080%201080%27%3E%3Crect%20width%3D%271080%27%20height%3D%271080%27%20fill-opacity%3D%220%22%2F%3E%3C%2Fsvg%3E\" data-srcset=\"https:\/\/miomicon.com\/wp-content\/uploads\/2025\/11\/A-detailed-picture-of-the-Ocean-blue-contact_yythkg-66x66.jpg 66w, https:\/\/miomicon.com\/wp-content\/uploads\/2025\/11\/A-detailed-picture-of-the-Ocean-blue-contact_yythkg-150x150.jpg 150w, https:\/\/miomicon.com\/wp-content\/uploads\/2025\/11\/A-detailed-picture-of-the-Ocean-blue-contact_yythkg-200x200.jpg 200w, https:\/\/miomicon.com\/wp-content\/uploads\/2025\/11\/A-detailed-picture-of-the-Ocean-blue-contact_yythkg-300x300.jpg 300w, https:\/\/miomicon.com\/wp-content\/uploads\/2025\/11\/A-detailed-picture-of-the-Ocean-blue-contact_yythkg-400x400.jpg 400w, https:\/\/miomicon.com\/wp-content\/uploads\/2025\/11\/A-detailed-picture-of-the-Ocean-blue-contact_yythkg-500x500.jpg 500w, https:\/\/miomicon.com\/wp-content\/uploads\/2025\/11\/A-detailed-picture-of-the-Ocean-blue-contact_yythkg-600x600.jpg 600w, https:\/\/miomicon.com\/wp-content\/uploads\/2025\/11\/A-detailed-picture-of-the-Ocean-blue-contact_yythkg-700x700.jpg 700w, https:\/\/miomicon.com\/wp-content\/uploads\/2025\/11\/A-detailed-picture-of-the-Ocean-blue-contact_yythkg-768x768.jpg 768w, https:\/\/miomicon.com\/wp-content\/uploads\/2025\/11\/A-detailed-picture-of-the-Ocean-blue-contact_yythkg-800x800.jpg 800w, https:\/\/miomicon.com\/wp-content\/uploads\/2025\/11\/A-detailed-picture-of-the-Ocean-blue-contact_yythkg-1024x1024.jpg 1024w, https:\/\/miomicon.com\/wp-content\/uploads\/2025\/11\/A-detailed-picture-of-the-Ocean-blue-contact_yythkg.jpg 1080w\" data-sizes=\"auto\" data-orig-sizes=\"(max-width: 1080px) 100vw, 1080px\" \/> <img decoding=\"async\" class=\"lazyload alignnone size-full wp-image-2999\" src=\"https:\/\/miomicon.com\/wp-content\/uploads\/2025\/11\/Package-display-of-Freshgo-Ocean-colored-contact-le.jpg\" data-orig-src=\"https:\/\/miomicon.com\/wp-content\/uploads\/2025\/11\/Package-display-of-Freshgo-Ocean-colored-contact-le.jpg\" alt=\"\" width=\"1080\" height=\"1080\" srcset=\"data:image\/svg+xml,%3Csvg%20xmlns%3D%27http%3A%2F%2Fwww.w3.org%2F2000%2Fsvg%27%20width%3D%271080%27%20height%3D%271080%27%20viewBox%3D%270%200%201080%201080%27%3E%3Crect%20width%3D%271080%27%20height%3D%271080%27%20fill-opacity%3D%220%22%2F%3E%3C%2Fsvg%3E\" data-srcset=\"https:\/\/miomicon.com\/wp-content\/uploads\/2025\/11\/Package-display-of-Freshgo-Ocean-colored-contact-le-66x66.jpg 66w, https:\/\/miomicon.com\/wp-content\/uploads\/2025\/11\/Package-display-of-Freshgo-Ocean-colored-contact-le-150x150.jpg 150w, https:\/\/miomicon.com\/wp-content\/uploads\/2025\/11\/Package-display-of-Freshgo-Ocean-colored-contact-le-200x200.jpg 200w, https:\/\/miomicon.com\/wp-content\/uploads\/2025\/11\/Package-display-of-Freshgo-Ocean-colored-contact-le-300x300.jpg 300w, https:\/\/miomicon.com\/wp-content\/uploads\/2025\/11\/Package-display-of-Freshgo-Ocean-colored-contact-le-400x400.jpg 400w, https:\/\/miomicon.com\/wp-content\/uploads\/2025\/11\/Package-display-of-Freshgo-Ocean-colored-contact-le-500x500.jpg 500w, https:\/\/miomicon.com\/wp-content\/uploads\/2025\/11\/Package-display-of-Freshgo-Ocean-colored-contact-le-600x600.jpg 600w, https:\/\/miomicon.com\/wp-content\/uploads\/2025\/11\/Package-display-of-Freshgo-Ocean-colored-contact-le-700x700.jpg 700w, https:\/\/miomicon.com\/wp-content\/uploads\/2025\/11\/Package-display-of-Freshgo-Ocean-colored-contact-le-768x768.jpg 768w, https:\/\/miomicon.com\/wp-content\/uploads\/2025\/11\/Package-display-of-Freshgo-Ocean-colored-contact-le-800x800.jpg 800w, https:\/\/miomicon.com\/wp-content\/uploads\/2025\/11\/Package-display-of-Freshgo-Ocean-colored-contact-le-1024x1024.jpg 1024w, https:\/\/miomicon.com\/wp-content\/uploads\/2025\/11\/Package-display-of-Freshgo-Ocean-colored-contact-le.jpg 1080w\" data-sizes=\"auto\" data-orig-sizes=\"(max-width: 1080px) 100vw, 1080px\" \/><\/p>\n","protected":false},"excerpt":{"rendered":"<p>Amplie a oferta da sua empresa com as nossas lentes de contato da s\u00e9rie Ocean, que apresentam uma linha diversificada de 6 cores naturais, incluindo: cinza, marrom, cinza-celeste, azul, verde e jade. Esta s\u00e9rie atende com facilidade \u00e0s diversas necessidades e prefer\u00eancias dos seus clientes. N\u00e3o perca esta oportunidade de ampliar sua gama de produtos e atender \u00e0 demanda dos consumidores por lentes de contato coloridas de qualidade, confort\u00e1veis e impressionantes.  <\/p>\n","protected":false},"featured_media":3002,"comment_status":"closed","ping_status":"closed","template":"","meta":[],"product_brand":[44],"product_cat":[230],"product_tag":[],"class_list":{"0":"post-11687","1":"product","2":"type-product","3":"status-publish","4":"has-post-thumbnail","6":"product_brand-freshgo","7":"product_cat-lentes-de-contato-coloridas-naturais","9":"first","10":"instock","11":"product-type-simple"},"_links":{"self":[{"href":"https:\/\/miomicon.com\/pt-br\/wp-json\/wp\/v2\/product\/11687","targetHints":{"allow":["GET"]}}],"collection":[{"href":"https:\/\/miomicon.com\/pt-br\/wp-json\/wp\/v2\/product"}],"about":[{"href":"https:\/\/miomicon.com\/pt-br\/wp-json\/wp\/v2\/types\/product"}],"replies":[{"embeddable":true,"href":"https:\/\/miomicon.com\/pt-br\/wp-json\/wp\/v2\/comments?post=11687"}],"wp:featuredmedia":[{"embeddable":true,"href":"https:\/\/miomicon.com\/pt-br\/wp-json\/wp\/v2\/media\/3002"}],"wp:attachment":[{"href":"https:\/\/miomicon.com\/pt-br\/wp-json\/wp\/v2\/media?parent=11687"}],"wp:term":[{"taxonomy":"product_brand","embeddable":true,"href":"https:\/\/miomicon.com\/pt-br\/wp-json\/wp\/v2\/product_brand?post=11687"},{"taxonomy":"product_cat","embeddable":true,"href":"https:\/\/miomicon.com\/pt-br\/wp-json\/wp\/v2\/product_cat?post=11687"},{"taxonomy":"product_tag","embeddable":true,"href":"https:\/\/miomicon.com\/pt-br\/wp-json\/wp\/v2\/product_tag?post=11687"}],"curies":[{"name":"wp","href":"https:\/\/api.w.org\/{rel}","templated":true}]}}