{"id":11601,"date":"2025-11-03T15:08:20","date_gmt":"2025-11-03T07:08:20","guid":{"rendered":"https:\/\/miomicon.com\/product\/lentes-de-contato-coloridas-luna\/"},"modified":"2025-11-03T15:08:20","modified_gmt":"2025-11-03T07:08:20","slug":"lentes-de-contato-coloridas-luna","status":"publish","type":"product","link":"https:\/\/miomicon.com\/pt-br\/produto\/lentes-de-contato-coloridas-luna\/","title":{"rendered":"Lentes de contato coloridas Luna"},"content":{"rendered":"<div class=\"table-1\">\n<table style=\"height: 100%;\" width=\"100%\">\n<tbody>\n<tr>\n<td>Material: <strong>HEMA<\/strong><\/td>\n<td>Lente sem rigidez: <strong>Macia<\/strong><\/td>\n<\/tr>\n<tr>\n<td>Di\u00e2metro: <strong>14,0 mm<\/strong><\/td>\n<td>Tom: <strong>1\/2<\/strong><\/td>\n<\/tr>\n<tr>\n<td>Espessura central: 0,08 mm<\/td>\n<td>Curva base: 8,6 mm<\/td>\n<\/tr>\n<tr>\n<td>Descart\u00e1vel: <strong>6 meses<\/strong><\/td>\n<td>Prazo de validade: <strong>5 anos<\/strong><\/td>\n<\/tr>\n<tr>\n<td>Pot\u00eancia: <strong>0,00<\/strong><\/td>\n<td>Teor de \u00e1gua: <strong>40%<\/strong><\/td>\n<\/tr>\n<tr>\n<td>Local de origem: <strong>China<\/strong>, <strong>Coreia<\/strong><\/td>\n<td>Embalagem: <strong>Blister (2 unidades por caixa)<\/strong><\/td>\n<\/tr>\n<tr>\n<td colspan=\"2\">Variantes de cor (3 dispon\u00edveis): <b>Castanho doce, cinza grege, violeta p\u00e1lido<\/b> <\/td>\n<\/tr>\n<\/tbody>\n<\/table>\n<\/div>\n<p>&nbsp;<br \/>\n<img decoding=\"async\" class=\"lazyload alignnone size-full wp-image-2888\" src=\"https:\/\/miomicon.com\/wp-content\/uploads\/2025\/11\/A-young-lady-showcasing-Luna-series-colored-contact.jpg\" data-orig-src=\"https:\/\/miomicon.com\/wp-content\/uploads\/2025\/11\/A-young-lady-showcasing-Luna-series-colored-contact.jpg\" alt=\"\" width=\"1080\" height=\"1080\" srcset=\"data:image\/svg+xml,%3Csvg%20xmlns%3D%27http%3A%2F%2Fwww.w3.org%2F2000%2Fsvg%27%20width%3D%271080%27%20height%3D%271080%27%20viewBox%3D%270%200%201080%201080%27%3E%3Crect%20width%3D%271080%27%20height%3D%271080%27%20fill-opacity%3D%220%22%2F%3E%3C%2Fsvg%3E\" data-srcset=\"https:\/\/miomicon.com\/wp-content\/uploads\/2025\/11\/A-young-lady-showcasing-Luna-series-colored-contact-66x66.jpg 66w, https:\/\/miomicon.com\/wp-content\/uploads\/2025\/11\/A-young-lady-showcasing-Luna-series-colored-contact-150x150.jpg 150w, https:\/\/miomicon.com\/wp-content\/uploads\/2025\/11\/A-young-lady-showcasing-Luna-series-colored-contact-200x200.jpg 200w, https:\/\/miomicon.com\/wp-content\/uploads\/2025\/11\/A-young-lady-showcasing-Luna-series-colored-contact-300x300.jpg 300w, https:\/\/miomicon.com\/wp-content\/uploads\/2025\/11\/A-young-lady-showcasing-Luna-series-colored-contact-400x400.jpg 400w, https:\/\/miomicon.com\/wp-content\/uploads\/2025\/11\/A-young-lady-showcasing-Luna-series-colored-contact-500x500.jpg 500w, https:\/\/miomicon.com\/wp-content\/uploads\/2025\/11\/A-young-lady-showcasing-Luna-series-colored-contact-600x600.jpg 600w, https:\/\/miomicon.com\/wp-content\/uploads\/2025\/11\/A-young-lady-showcasing-Luna-series-colored-contact-700x700.jpg 700w, https:\/\/miomicon.com\/wp-content\/uploads\/2025\/11\/A-young-lady-showcasing-Luna-series-colored-contact-768x768.jpg 768w, https:\/\/miomicon.com\/wp-content\/uploads\/2025\/11\/A-young-lady-showcasing-Luna-series-colored-contact-800x800.jpg 800w, https:\/\/miomicon.com\/wp-content\/uploads\/2025\/11\/A-young-lady-showcasing-Luna-series-colored-contact-1024x1024.jpg 1024w, https:\/\/miomicon.com\/wp-content\/uploads\/2025\/11\/A-young-lady-showcasing-Luna-series-colored-contact.jpg 1080w\" data-sizes=\"auto\" data-orig-sizes=\"(max-width: 1080px) 100vw, 1080px\" \/> <img decoding=\"async\" class=\"lazyload alignnone size-full wp-image-2889\" src=\"https:\/\/miomicon.com\/wp-content\/uploads\/2025\/11\/Array-of-Luna-contact-lenses-in-a-white-case.jpg\" data-orig-src=\"https:\/\/miomicon.com\/wp-content\/uploads\/2025\/11\/Array-of-Luna-contact-lenses-in-a-white-case.jpg\" alt=\"\" width=\"1080\" height=\"1080\" srcset=\"data:image\/svg+xml,%3Csvg%20xmlns%3D%27http%3A%2F%2Fwww.w3.org%2F2000%2Fsvg%27%20width%3D%271080%27%20height%3D%271080%27%20viewBox%3D%270%200%201080%201080%27%3E%3Crect%20width%3D%271080%27%20height%3D%271080%27%20fill-opacity%3D%220%22%2F%3E%3C%2Fsvg%3E\" data-srcset=\"https:\/\/miomicon.com\/wp-content\/uploads\/2025\/11\/Array-of-Luna-contact-lenses-in-a-white-case-66x66.jpg 66w, https:\/\/miomicon.com\/wp-content\/uploads\/2025\/11\/Array-of-Luna-contact-lenses-in-a-white-case-150x150.jpg 150w, https:\/\/miomicon.com\/wp-content\/uploads\/2025\/11\/Array-of-Luna-contact-lenses-in-a-white-case-200x200.jpg 200w, https:\/\/miomicon.com\/wp-content\/uploads\/2025\/11\/Array-of-Luna-contact-lenses-in-a-white-case-300x300.jpg 300w, https:\/\/miomicon.com\/wp-content\/uploads\/2025\/11\/Array-of-Luna-contact-lenses-in-a-white-case-400x400.jpg 400w, https:\/\/miomicon.com\/wp-content\/uploads\/2025\/11\/Array-of-Luna-contact-lenses-in-a-white-case-500x500.jpg 500w, https:\/\/miomicon.com\/wp-content\/uploads\/2025\/11\/Array-of-Luna-contact-lenses-in-a-white-case-600x600.jpg 600w, https:\/\/miomicon.com\/wp-content\/uploads\/2025\/11\/Array-of-Luna-contact-lenses-in-a-white-case-700x700.jpg 700w, https:\/\/miomicon.com\/wp-content\/uploads\/2025\/11\/Array-of-Luna-contact-lenses-in-a-white-case-768x768.jpg 768w, https:\/\/miomicon.com\/wp-content\/uploads\/2025\/11\/Array-of-Luna-contact-lenses-in-a-white-case-800x800.jpg 800w, https:\/\/miomicon.com\/wp-content\/uploads\/2025\/11\/Array-of-Luna-contact-lenses-in-a-white-case-1024x1024.jpg 1024w, https:\/\/miomicon.com\/wp-content\/uploads\/2025\/11\/Array-of-Luna-contact-lenses-in-a-white-case.jpg 1080w\" data-sizes=\"auto\" data-orig-sizes=\"(max-width: 1080px) 100vw, 1080px\" \/> <img decoding=\"async\" class=\"lazyload alignnone size-full wp-image-2890\" src=\"https:\/\/miomicon.com\/wp-content\/uploads\/2025\/11\/colored_contact_eye_effect_4fc5bb49-e014-4c7e-8fc8-af0f6e2e8c95.jpg\" data-orig-src=\"https:\/\/miomicon.com\/wp-content\/uploads\/2025\/11\/colored_contact_eye_effect_4fc5bb49-e014-4c7e-8fc8-af0f6e2e8c95.jpg\" alt=\"\" width=\"1080\" height=\"1080\" srcset=\"data:image\/svg+xml,%3Csvg%20xmlns%3D%27http%3A%2F%2Fwww.w3.org%2F2000%2Fsvg%27%20width%3D%271080%27%20height%3D%271080%27%20viewBox%3D%270%200%201080%201080%27%3E%3Crect%20width%3D%271080%27%20height%3D%271080%27%20fill-opacity%3D%220%22%2F%3E%3C%2Fsvg%3E\" data-srcset=\"https:\/\/miomicon.com\/wp-content\/uploads\/2025\/11\/colored_contact_eye_effect_4fc5bb49-e014-4c7e-8fc8-af0f6e2e8c95-66x66.jpg 66w, https:\/\/miomicon.com\/wp-content\/uploads\/2025\/11\/colored_contact_eye_effect_4fc5bb49-e014-4c7e-8fc8-af0f6e2e8c95-150x150.jpg 150w, https:\/\/miomicon.com\/wp-content\/uploads\/2025\/11\/colored_contact_eye_effect_4fc5bb49-e014-4c7e-8fc8-af0f6e2e8c95-200x200.jpg 200w, https:\/\/miomicon.com\/wp-content\/uploads\/2025\/11\/colored_contact_eye_effect_4fc5bb49-e014-4c7e-8fc8-af0f6e2e8c95-300x300.jpg 300w, https:\/\/miomicon.com\/wp-content\/uploads\/2025\/11\/colored_contact_eye_effect_4fc5bb49-e014-4c7e-8fc8-af0f6e2e8c95-400x400.jpg 400w, https:\/\/miomicon.com\/wp-content\/uploads\/2025\/11\/colored_contact_eye_effect_4fc5bb49-e014-4c7e-8fc8-af0f6e2e8c95-500x500.jpg 500w, https:\/\/miomicon.com\/wp-content\/uploads\/2025\/11\/colored_contact_eye_effect_4fc5bb49-e014-4c7e-8fc8-af0f6e2e8c95-600x600.jpg 600w, https:\/\/miomicon.com\/wp-content\/uploads\/2025\/11\/colored_contact_eye_effect_4fc5bb49-e014-4c7e-8fc8-af0f6e2e8c95-700x700.jpg 700w, https:\/\/miomicon.com\/wp-content\/uploads\/2025\/11\/colored_contact_eye_effect_4fc5bb49-e014-4c7e-8fc8-af0f6e2e8c95-768x768.jpg 768w, https:\/\/miomicon.com\/wp-content\/uploads\/2025\/11\/colored_contact_eye_effect_4fc5bb49-e014-4c7e-8fc8-af0f6e2e8c95-800x800.jpg 800w, https:\/\/miomicon.com\/wp-content\/uploads\/2025\/11\/colored_contact_eye_effect_4fc5bb49-e014-4c7e-8fc8-af0f6e2e8c95-1024x1024.jpg 1024w, https:\/\/miomicon.com\/wp-content\/uploads\/2025\/11\/colored_contact_eye_effect_4fc5bb49-e014-4c7e-8fc8-af0f6e2e8c95.jpg 1080w\" data-sizes=\"auto\" data-orig-sizes=\"(max-width: 1080px) 100vw, 1080px\" \/> <img decoding=\"async\" class=\"lazyload alignnone size-full wp-image-2892\" src=\"https:\/\/miomicon.com\/wp-content\/uploads\/2025\/11\/Grege-Gray-Colored-Contacts-4-Variants-Grid-Close_y-1.jpg\" data-orig-src=\"https:\/\/miomicon.com\/wp-content\/uploads\/2025\/11\/Grege-Gray-Colored-Contacts-4-Variants-Grid-Close_y-1.jpg\" alt=\"\" width=\"1080\" height=\"1080\" srcset=\"data:image\/svg+xml,%3Csvg%20xmlns%3D%27http%3A%2F%2Fwww.w3.org%2F2000%2Fsvg%27%20width%3D%271080%27%20height%3D%271080%27%20viewBox%3D%270%200%201080%201080%27%3E%3Crect%20width%3D%271080%27%20height%3D%271080%27%20fill-opacity%3D%220%22%2F%3E%3C%2Fsvg%3E\" data-srcset=\"https:\/\/miomicon.com\/wp-content\/uploads\/2025\/11\/Grege-Gray-Colored-Contacts-4-Variants-Grid-Close_y-1-66x66.jpg 66w, https:\/\/miomicon.com\/wp-content\/uploads\/2025\/11\/Grege-Gray-Colored-Contacts-4-Variants-Grid-Close_y-1-150x150.jpg 150w, https:\/\/miomicon.com\/wp-content\/uploads\/2025\/11\/Grege-Gray-Colored-Contacts-4-Variants-Grid-Close_y-1-200x200.jpg 200w, https:\/\/miomicon.com\/wp-content\/uploads\/2025\/11\/Grege-Gray-Colored-Contacts-4-Variants-Grid-Close_y-1-300x300.jpg 300w, https:\/\/miomicon.com\/wp-content\/uploads\/2025\/11\/Grege-Gray-Colored-Contacts-4-Variants-Grid-Close_y-1-400x400.jpg 400w, https:\/\/miomicon.com\/wp-content\/uploads\/2025\/11\/Grege-Gray-Colored-Contacts-4-Variants-Grid-Close_y-1-500x500.jpg 500w, https:\/\/miomicon.com\/wp-content\/uploads\/2025\/11\/Grege-Gray-Colored-Contacts-4-Variants-Grid-Close_y-1-600x600.jpg 600w, https:\/\/miomicon.com\/wp-content\/uploads\/2025\/11\/Grege-Gray-Colored-Contacts-4-Variants-Grid-Close_y-1-700x700.jpg 700w, https:\/\/miomicon.com\/wp-content\/uploads\/2025\/11\/Grege-Gray-Colored-Contacts-4-Variants-Grid-Close_y-1-768x768.jpg 768w, https:\/\/miomicon.com\/wp-content\/uploads\/2025\/11\/Grege-Gray-Colored-Contacts-4-Variants-Grid-Close_y-1-800x800.jpg 800w, https:\/\/miomicon.com\/wp-content\/uploads\/2025\/11\/Grege-Gray-Colored-Contacts-4-Variants-Grid-Close_y-1-1024x1024.jpg 1024w, https:\/\/miomicon.com\/wp-content\/uploads\/2025\/11\/Grege-Gray-Colored-Contacts-4-Variants-Grid-Close_y-1.jpg 1080w\" data-sizes=\"auto\" data-orig-sizes=\"(max-width: 1080px) 100vw, 1080px\" \/> <img decoding=\"async\" class=\"lazyload alignnone size-full wp-image-2885\" src=\"https:\/\/miomicon.com\/wp-content\/uploads\/2025\/11\/Luna-series-Sweet-brown-Colored-Contacts-4.jpg\" data-orig-src=\"https:\/\/miomicon.com\/wp-content\/uploads\/2025\/11\/Luna-series-Sweet-brown-Colored-Contacts-4.jpg\" alt=\"\" width=\"1080\" height=\"1080\" srcset=\"data:image\/svg+xml,%3Csvg%20xmlns%3D%27http%3A%2F%2Fwww.w3.org%2F2000%2Fsvg%27%20width%3D%271080%27%20height%3D%271080%27%20viewBox%3D%270%200%201080%201080%27%3E%3Crect%20width%3D%271080%27%20height%3D%271080%27%20fill-opacity%3D%220%22%2F%3E%3C%2Fsvg%3E\" data-srcset=\"https:\/\/miomicon.com\/wp-content\/uploads\/2025\/11\/Luna-series-Sweet-brown-Colored-Contacts-4-66x66.jpg 66w, https:\/\/miomicon.com\/wp-content\/uploads\/2025\/11\/Luna-series-Sweet-brown-Colored-Contacts-4-150x150.jpg 150w, https:\/\/miomicon.com\/wp-content\/uploads\/2025\/11\/Luna-series-Sweet-brown-Colored-Contacts-4-200x200.jpg 200w, https:\/\/miomicon.com\/wp-content\/uploads\/2025\/11\/Luna-series-Sweet-brown-Colored-Contacts-4-300x300.jpg 300w, https:\/\/miomicon.com\/wp-content\/uploads\/2025\/11\/Luna-series-Sweet-brown-Colored-Contacts-4-400x400.jpg 400w, https:\/\/miomicon.com\/wp-content\/uploads\/2025\/11\/Luna-series-Sweet-brown-Colored-Contacts-4-500x500.jpg 500w, https:\/\/miomicon.com\/wp-content\/uploads\/2025\/11\/Luna-series-Sweet-brown-Colored-Contacts-4-600x600.jpg 600w, https:\/\/miomicon.com\/wp-content\/uploads\/2025\/11\/Luna-series-Sweet-brown-Colored-Contacts-4-700x700.jpg 700w, https:\/\/miomicon.com\/wp-content\/uploads\/2025\/11\/Luna-series-Sweet-brown-Colored-Contacts-4-768x768.jpg 768w, https:\/\/miomicon.com\/wp-content\/uploads\/2025\/11\/Luna-series-Sweet-brown-Colored-Contacts-4-800x800.jpg 800w, https:\/\/miomicon.com\/wp-content\/uploads\/2025\/11\/Luna-series-Sweet-brown-Colored-Contacts-4-1024x1024.jpg 1024w, https:\/\/miomicon.com\/wp-content\/uploads\/2025\/11\/Luna-series-Sweet-brown-Colored-Contacts-4.jpg 1080w\" data-sizes=\"auto\" data-orig-sizes=\"(max-width: 1080px) 100vw, 1080px\" \/> <img decoding=\"async\" class=\"lazyload alignnone size-full wp-image-2887\" src=\"https:\/\/miomicon.com\/wp-content\/uploads\/2025\/11\/Sweet-Brown-Colored-Contacts.jpg\" data-orig-src=\"https:\/\/miomicon.com\/wp-content\/uploads\/2025\/11\/Sweet-Brown-Colored-Contacts.jpg\" alt=\"\" width=\"1080\" height=\"1080\" srcset=\"data:image\/svg+xml,%3Csvg%20xmlns%3D%27http%3A%2F%2Fwww.w3.org%2F2000%2Fsvg%27%20width%3D%271080%27%20height%3D%271080%27%20viewBox%3D%270%200%201080%201080%27%3E%3Crect%20width%3D%271080%27%20height%3D%271080%27%20fill-opacity%3D%220%22%2F%3E%3C%2Fsvg%3E\" data-srcset=\"https:\/\/miomicon.com\/wp-content\/uploads\/2025\/11\/Sweet-Brown-Colored-Contacts-66x66.jpg 66w, https:\/\/miomicon.com\/wp-content\/uploads\/2025\/11\/Sweet-Brown-Colored-Contacts-150x150.jpg 150w, https:\/\/miomicon.com\/wp-content\/uploads\/2025\/11\/Sweet-Brown-Colored-Contacts-200x200.jpg 200w, https:\/\/miomicon.com\/wp-content\/uploads\/2025\/11\/Sweet-Brown-Colored-Contacts-300x300.jpg 300w, https:\/\/miomicon.com\/wp-content\/uploads\/2025\/11\/Sweet-Brown-Colored-Contacts-400x400.jpg 400w, https:\/\/miomicon.com\/wp-content\/uploads\/2025\/11\/Sweet-Brown-Colored-Contacts-500x500.jpg 500w, https:\/\/miomicon.com\/wp-content\/uploads\/2025\/11\/Sweet-Brown-Colored-Contacts-600x600.jpg 600w, https:\/\/miomicon.com\/wp-content\/uploads\/2025\/11\/Sweet-Brown-Colored-Contacts-700x700.jpg 700w, https:\/\/miomicon.com\/wp-content\/uploads\/2025\/11\/Sweet-Brown-Colored-Contacts-768x768.jpg 768w, https:\/\/miomicon.com\/wp-content\/uploads\/2025\/11\/Sweet-Brown-Colored-Contacts-800x800.jpg 800w, https:\/\/miomicon.com\/wp-content\/uploads\/2025\/11\/Sweet-Brown-Colored-Contacts-1024x1024.jpg 1024w, https:\/\/miomicon.com\/wp-content\/uploads\/2025\/11\/Sweet-Brown-Colored-Contacts.jpg 1080w\" data-sizes=\"auto\" data-orig-sizes=\"(max-width: 1080px) 100vw, 1080px\" \/> <img decoding=\"async\" class=\"lazyload alignnone size-full wp-image-2894\" src=\"https:\/\/miomicon.com\/wp-content\/uploads\/2025\/11\/Grege-Gray-Colored-Contacts.jpg\" data-orig-src=\"https:\/\/miomicon.com\/wp-content\/uploads\/2025\/11\/Grege-Gray-Colored-Contacts.jpg\" alt=\"\" width=\"1080\" height=\"1080\" srcset=\"data:image\/svg+xml,%3Csvg%20xmlns%3D%27http%3A%2F%2Fwww.w3.org%2F2000%2Fsvg%27%20width%3D%271080%27%20height%3D%271080%27%20viewBox%3D%270%200%201080%201080%27%3E%3Crect%20width%3D%271080%27%20height%3D%271080%27%20fill-opacity%3D%220%22%2F%3E%3C%2Fsvg%3E\" data-srcset=\"https:\/\/miomicon.com\/wp-content\/uploads\/2025\/11\/Grege-Gray-Colored-Contacts-66x66.jpg 66w, https:\/\/miomicon.com\/wp-content\/uploads\/2025\/11\/Grege-Gray-Colored-Contacts-150x150.jpg 150w, https:\/\/miomicon.com\/wp-content\/uploads\/2025\/11\/Grege-Gray-Colored-Contacts-200x200.jpg 200w, https:\/\/miomicon.com\/wp-content\/uploads\/2025\/11\/Grege-Gray-Colored-Contacts-300x300.jpg 300w, https:\/\/miomicon.com\/wp-content\/uploads\/2025\/11\/Grege-Gray-Colored-Contacts-400x400.jpg 400w, https:\/\/miomicon.com\/wp-content\/uploads\/2025\/11\/Grege-Gray-Colored-Contacts-500x500.jpg 500w, https:\/\/miomicon.com\/wp-content\/uploads\/2025\/11\/Grege-Gray-Colored-Contacts-600x600.jpg 600w, https:\/\/miomicon.com\/wp-content\/uploads\/2025\/11\/Grege-Gray-Colored-Contacts-700x700.jpg 700w, https:\/\/miomicon.com\/wp-content\/uploads\/2025\/11\/Grege-Gray-Colored-Contacts-768x768.jpg 768w, https:\/\/miomicon.com\/wp-content\/uploads\/2025\/11\/Grege-Gray-Colored-Contacts-800x800.jpg 800w, https:\/\/miomicon.com\/wp-content\/uploads\/2025\/11\/Grege-Gray-Colored-Contacts-1024x1024.jpg 1024w, https:\/\/miomicon.com\/wp-content\/uploads\/2025\/11\/Grege-Gray-Colored-Contacts.jpg 1080w\" data-sizes=\"auto\" data-orig-sizes=\"(max-width: 1080px) 100vw, 1080px\" \/> <img decoding=\"async\" class=\"lazyload alignnone size-full wp-image-2884\" src=\"https:\/\/miomicon.com\/wp-content\/uploads\/2025\/11\/Luna-series-contact-lenses-package.jpg\" data-orig-src=\"https:\/\/miomicon.com\/wp-content\/uploads\/2025\/11\/Luna-series-contact-lenses-package.jpg\" alt=\"\" width=\"1920\" height=\"1080\" srcset=\"data:image\/svg+xml,%3Csvg%20xmlns%3D%27http%3A%2F%2Fwww.w3.org%2F2000%2Fsvg%27%20width%3D%271920%27%20height%3D%271080%27%20viewBox%3D%270%200%201920%201080%27%3E%3Crect%20width%3D%271920%27%20height%3D%271080%27%20fill-opacity%3D%220%22%2F%3E%3C%2Fsvg%3E\" data-srcset=\"https:\/\/miomicon.com\/wp-content\/uploads\/2025\/11\/Luna-series-contact-lenses-package-200x113.jpg 200w, https:\/\/miomicon.com\/wp-content\/uploads\/2025\/11\/Luna-series-contact-lenses-package-300x169.jpg 300w, https:\/\/miomicon.com\/wp-content\/uploads\/2025\/11\/Luna-series-contact-lenses-package-400x225.jpg 400w, https:\/\/miomicon.com\/wp-content\/uploads\/2025\/11\/Luna-series-contact-lenses-package-500x281.jpg 500w, https:\/\/miomicon.com\/wp-content\/uploads\/2025\/11\/Luna-series-contact-lenses-package-600x338.jpg 600w, https:\/\/miomicon.com\/wp-content\/uploads\/2025\/11\/Luna-series-contact-lenses-package-700x394.jpg 700w, https:\/\/miomicon.com\/wp-content\/uploads\/2025\/11\/Luna-series-contact-lenses-package-768x432.jpg 768w, https:\/\/miomicon.com\/wp-content\/uploads\/2025\/11\/Luna-series-contact-lenses-package-800x450.jpg 800w, https:\/\/miomicon.com\/wp-content\/uploads\/2025\/11\/Luna-series-contact-lenses-package-1024x576.jpg 1024w, https:\/\/miomicon.com\/wp-content\/uploads\/2025\/11\/Luna-series-contact-lenses-package-1200x675.jpg 1200w, https:\/\/miomicon.com\/wp-content\/uploads\/2025\/11\/Luna-series-contact-lenses-package-1536x864.jpg 1536w, https:\/\/miomicon.com\/wp-content\/uploads\/2025\/11\/Luna-series-contact-lenses-package.jpg 1920w\" data-sizes=\"auto\" data-orig-sizes=\"(max-width: 1920px) 100vw, 1920px\" \/><\/p>\n","protected":false},"excerpt":{"rendered":"<p>Impulsione as ofertas da sua empresa com a nossa s\u00e9rie Luna, que apresenta uma linha diversificada de 3 lentes de contato coloridas vivas. Com marrom doce, cinza Grege e violeta claro, esta s\u00e9rie atende facilmente \u00e0s diversas necessidades e prefer\u00eancias dos seus clientes. N\u00e3o perca esta oportunidade de ampliar a sua gama de produtos e atender \u00e0 demanda dos consumidores por lentes de contato coloridas de qualidade, confort\u00e1veis e impressionantes.  <\/p>\n","protected":false},"featured_media":2891,"comment_status":"closed","ping_status":"closed","template":"","meta":[],"product_brand":[44],"product_cat":[230],"product_tag":[],"class_list":{"0":"post-11601","1":"product","2":"type-product","3":"status-publish","4":"has-post-thumbnail","6":"product_brand-freshgo","7":"product_cat-lentes-de-contato-coloridas-naturais","9":"first","10":"instock","11":"product-type-simple"},"_links":{"self":[{"href":"https:\/\/miomicon.com\/pt-br\/wp-json\/wp\/v2\/product\/11601","targetHints":{"allow":["GET"]}}],"collection":[{"href":"https:\/\/miomicon.com\/pt-br\/wp-json\/wp\/v2\/product"}],"about":[{"href":"https:\/\/miomicon.com\/pt-br\/wp-json\/wp\/v2\/types\/product"}],"replies":[{"embeddable":true,"href":"https:\/\/miomicon.com\/pt-br\/wp-json\/wp\/v2\/comments?post=11601"}],"wp:featuredmedia":[{"embeddable":true,"href":"https:\/\/miomicon.com\/pt-br\/wp-json\/wp\/v2\/media\/2891"}],"wp:attachment":[{"href":"https:\/\/miomicon.com\/pt-br\/wp-json\/wp\/v2\/media?parent=11601"}],"wp:term":[{"taxonomy":"product_brand","embeddable":true,"href":"https:\/\/miomicon.com\/pt-br\/wp-json\/wp\/v2\/product_brand?post=11601"},{"taxonomy":"product_cat","embeddable":true,"href":"https:\/\/miomicon.com\/pt-br\/wp-json\/wp\/v2\/product_cat?post=11601"},{"taxonomy":"product_tag","embeddable":true,"href":"https:\/\/miomicon.com\/pt-br\/wp-json\/wp\/v2\/product_tag?post=11601"}],"curies":[{"name":"wp","href":"https:\/\/api.w.org\/{rel}","templated":true}]}}