{"id":11501,"date":"2025-11-03T14:29:22","date_gmt":"2025-11-03T06:29:22","guid":{"rendered":"https:\/\/miomicon.com\/product\/lentes-de-contato-coloridas-hidrocor\/"},"modified":"2025-11-03T14:29:22","modified_gmt":"2025-11-03T06:29:22","slug":"lentes-de-contato-coloridas-hidrocor","status":"publish","type":"product","link":"https:\/\/miomicon.com\/pt-br\/produto\/lentes-de-contato-coloridas-hidrocor\/","title":{"rendered":"Lentes de contato coloridas Hidrocor"},"content":{"rendered":"<div class=\"table-1\">\n<table style=\"height: 100%;\" width=\"100%\">\n<tbody>\n<tr>\n<td>Material: <strong>HEMA<\/strong><\/td>\n<td>Lente sem rigidez: <strong>Macia<\/strong><\/td>\n<\/tr>\n<tr>\n<td>Di\u00e2metro: <strong>14,2 mm<\/strong><\/td>\n<td>Tom: <strong>1\/2<\/strong><\/td>\n<\/tr>\n<tr>\n<td>Espessura central: 0,08 mm<\/td>\n<td>Curva base: 8,6 mm<\/td>\n<\/tr>\n<tr>\n<td>Descartabilidade: <strong>Anual<\/strong><\/td>\n<td>Prazo de validade: <strong>5 anos<\/strong><\/td>\n<\/tr>\n<tr>\n<td>Pot\u00eancia: <strong>0,00 <\/strong>~<strong> &#8211; 8,00<\/strong><\/td>\n<td>Teor de \u00e1gua: <strong>40%<\/strong><\/td>\n<\/tr>\n<tr>\n<td>Local de origem: <strong>China<\/strong>, <strong>Coreia<\/strong><\/td>\n<td>Embalagem: <strong>Blister (2 unidades por caixa)<\/strong><\/td>\n<\/tr>\n<tr>\n<td colspan=\"2\">Variantes de cor (<strong>13<\/strong> dispon\u00edveis): <strong>Cinza gelado<\/strong>, <strong>Top\u00e1zio<\/strong>, <strong>Esmeralda<\/strong>, <strong>Ocre<\/strong>, <strong>Quartzo<\/strong>, <strong>Azul<\/strong>, <strong>Grafite<\/strong>, <strong>\u00c2mbar<\/strong>, <strong>Cristal<\/strong>, <strong>Mel<\/strong>, <strong>Marinho<\/strong>, <strong>Verde<\/strong>, <strong>Avela<\/strong><\/td>\n<\/tr>\n<\/tbody>\n<\/table>\n<p>&nbsp;<\/p>\n<\/div>\n<p><img decoding=\"async\" class=\"lazyload alignnone size-full wp-image-2780\" src=\"https:\/\/miomicon.com\/wp-content\/uploads\/2025\/11\/A-young-lady-showcasing-Hidrocor-colored-contact-le-1.jpg\" data-orig-src=\"https:\/\/miomicon.com\/wp-content\/uploads\/2025\/11\/A-young-lady-showcasing-Hidrocor-colored-contact-le-1.jpg\" alt=\"\" width=\"1080\" height=\"1080\" srcset=\"data:image\/svg+xml,%3Csvg%20xmlns%3D%27http%3A%2F%2Fwww.w3.org%2F2000%2Fsvg%27%20width%3D%271080%27%20height%3D%271080%27%20viewBox%3D%270%200%201080%201080%27%3E%3Crect%20width%3D%271080%27%20height%3D%271080%27%20fill-opacity%3D%220%22%2F%3E%3C%2Fsvg%3E\" data-srcset=\"https:\/\/miomicon.com\/wp-content\/uploads\/2025\/11\/A-young-lady-showcasing-Hidrocor-colored-contact-le-1-66x66.jpg 66w, https:\/\/miomicon.com\/wp-content\/uploads\/2025\/11\/A-young-lady-showcasing-Hidrocor-colored-contact-le-1-150x150.jpg 150w, https:\/\/miomicon.com\/wp-content\/uploads\/2025\/11\/A-young-lady-showcasing-Hidrocor-colored-contact-le-1-200x200.jpg 200w, https:\/\/miomicon.com\/wp-content\/uploads\/2025\/11\/A-young-lady-showcasing-Hidrocor-colored-contact-le-1-300x300.jpg 300w, https:\/\/miomicon.com\/wp-content\/uploads\/2025\/11\/A-young-lady-showcasing-Hidrocor-colored-contact-le-1-400x400.jpg 400w, https:\/\/miomicon.com\/wp-content\/uploads\/2025\/11\/A-young-lady-showcasing-Hidrocor-colored-contact-le-1-500x500.jpg 500w, https:\/\/miomicon.com\/wp-content\/uploads\/2025\/11\/A-young-lady-showcasing-Hidrocor-colored-contact-le-1-600x600.jpg 600w, https:\/\/miomicon.com\/wp-content\/uploads\/2025\/11\/A-young-lady-showcasing-Hidrocor-colored-contact-le-1-700x700.jpg 700w, https:\/\/miomicon.com\/wp-content\/uploads\/2025\/11\/A-young-lady-showcasing-Hidrocor-colored-contact-le-1-768x768.jpg 768w, https:\/\/miomicon.com\/wp-content\/uploads\/2025\/11\/A-young-lady-showcasing-Hidrocor-colored-contact-le-1-800x800.jpg 800w, https:\/\/miomicon.com\/wp-content\/uploads\/2025\/11\/A-young-lady-showcasing-Hidrocor-colored-contact-le-1-1024x1024.jpg 1024w, https:\/\/miomicon.com\/wp-content\/uploads\/2025\/11\/A-young-lady-showcasing-Hidrocor-colored-contact-le-1.jpg 1080w\" data-sizes=\"auto\" data-orig-sizes=\"(max-width: 1080px) 100vw, 1080px\" \/> <img decoding=\"async\" class=\"lazyload alignnone size-full wp-image-2783\" src=\"https:\/\/miomicon.com\/wp-content\/uploads\/2025\/11\/Colored_Contacts_Hidrocor_13_Variants_All_Lenses.jpg\" data-orig-src=\"https:\/\/miomicon.com\/wp-content\/uploads\/2025\/11\/Colored_Contacts_Hidrocor_13_Variants_All_Lenses.jpg\" alt=\"\" width=\"1080\" height=\"1080\" srcset=\"data:image\/svg+xml,%3Csvg%20xmlns%3D%27http%3A%2F%2Fwww.w3.org%2F2000%2Fsvg%27%20width%3D%271080%27%20height%3D%271080%27%20viewBox%3D%270%200%201080%201080%27%3E%3Crect%20width%3D%271080%27%20height%3D%271080%27%20fill-opacity%3D%220%22%2F%3E%3C%2Fsvg%3E\" data-srcset=\"https:\/\/miomicon.com\/wp-content\/uploads\/2025\/11\/Colored_Contacts_Hidrocor_13_Variants_All_Lenses-66x66.jpg 66w, https:\/\/miomicon.com\/wp-content\/uploads\/2025\/11\/Colored_Contacts_Hidrocor_13_Variants_All_Lenses-150x150.jpg 150w, https:\/\/miomicon.com\/wp-content\/uploads\/2025\/11\/Colored_Contacts_Hidrocor_13_Variants_All_Lenses-200x200.jpg 200w, https:\/\/miomicon.com\/wp-content\/uploads\/2025\/11\/Colored_Contacts_Hidrocor_13_Variants_All_Lenses-300x300.jpg 300w, https:\/\/miomicon.com\/wp-content\/uploads\/2025\/11\/Colored_Contacts_Hidrocor_13_Variants_All_Lenses-400x400.jpg 400w, https:\/\/miomicon.com\/wp-content\/uploads\/2025\/11\/Colored_Contacts_Hidrocor_13_Variants_All_Lenses-500x500.jpg 500w, https:\/\/miomicon.com\/wp-content\/uploads\/2025\/11\/Colored_Contacts_Hidrocor_13_Variants_All_Lenses-600x600.jpg 600w, https:\/\/miomicon.com\/wp-content\/uploads\/2025\/11\/Colored_Contacts_Hidrocor_13_Variants_All_Lenses-700x700.jpg 700w, https:\/\/miomicon.com\/wp-content\/uploads\/2025\/11\/Colored_Contacts_Hidrocor_13_Variants_All_Lenses-768x768.jpg 768w, https:\/\/miomicon.com\/wp-content\/uploads\/2025\/11\/Colored_Contacts_Hidrocor_13_Variants_All_Lenses-800x800.jpg 800w, https:\/\/miomicon.com\/wp-content\/uploads\/2025\/11\/Colored_Contacts_Hidrocor_13_Variants_All_Lenses-1024x1024.jpg 1024w, https:\/\/miomicon.com\/wp-content\/uploads\/2025\/11\/Colored_Contacts_Hidrocor_13_Variants_All_Lenses.jpg 1080w\" data-sizes=\"auto\" data-orig-sizes=\"(max-width: 1080px) 100vw, 1080px\" \/> <img decoding=\"async\" class=\"lazyload alignnone size-full wp-image-2779\" src=\"https:\/\/miomicon.com\/wp-content\/uploads\/2025\/11\/A-display-of-Hidrocor-colored-contacts-in-Amber__yy-1.jpg\" data-orig-src=\"https:\/\/miomicon.com\/wp-content\/uploads\/2025\/11\/A-display-of-Hidrocor-colored-contacts-in-Amber__yy-1.jpg\" alt=\"\" width=\"1080\" height=\"1080\" srcset=\"data:image\/svg+xml,%3Csvg%20xmlns%3D%27http%3A%2F%2Fwww.w3.org%2F2000%2Fsvg%27%20width%3D%271080%27%20height%3D%271080%27%20viewBox%3D%270%200%201080%201080%27%3E%3Crect%20width%3D%271080%27%20height%3D%271080%27%20fill-opacity%3D%220%22%2F%3E%3C%2Fsvg%3E\" data-srcset=\"https:\/\/miomicon.com\/wp-content\/uploads\/2025\/11\/A-display-of-Hidrocor-colored-contacts-in-Amber__yy-1-66x66.jpg 66w, https:\/\/miomicon.com\/wp-content\/uploads\/2025\/11\/A-display-of-Hidrocor-colored-contacts-in-Amber__yy-1-150x150.jpg 150w, https:\/\/miomicon.com\/wp-content\/uploads\/2025\/11\/A-display-of-Hidrocor-colored-contacts-in-Amber__yy-1-200x200.jpg 200w, https:\/\/miomicon.com\/wp-content\/uploads\/2025\/11\/A-display-of-Hidrocor-colored-contacts-in-Amber__yy-1-300x300.jpg 300w, https:\/\/miomicon.com\/wp-content\/uploads\/2025\/11\/A-display-of-Hidrocor-colored-contacts-in-Amber__yy-1-400x400.jpg 400w, https:\/\/miomicon.com\/wp-content\/uploads\/2025\/11\/A-display-of-Hidrocor-colored-contacts-in-Amber__yy-1-500x500.jpg 500w, https:\/\/miomicon.com\/wp-content\/uploads\/2025\/11\/A-display-of-Hidrocor-colored-contacts-in-Amber__yy-1-600x600.jpg 600w, https:\/\/miomicon.com\/wp-content\/uploads\/2025\/11\/A-display-of-Hidrocor-colored-contacts-in-Amber__yy-1-700x700.jpg 700w, https:\/\/miomicon.com\/wp-content\/uploads\/2025\/11\/A-display-of-Hidrocor-colored-contacts-in-Amber__yy-1-768x768.jpg 768w, https:\/\/miomicon.com\/wp-content\/uploads\/2025\/11\/A-display-of-Hidrocor-colored-contacts-in-Amber__yy-1-800x800.jpg 800w, https:\/\/miomicon.com\/wp-content\/uploads\/2025\/11\/A-display-of-Hidrocor-colored-contacts-in-Amber__yy-1-1024x1024.jpg 1024w, https:\/\/miomicon.com\/wp-content\/uploads\/2025\/11\/A-display-of-Hidrocor-colored-contacts-in-Amber__yy-1.jpg 1080w\" data-sizes=\"auto\" data-orig-sizes=\"(max-width: 1080px) 100vw, 1080px\" \/> <img decoding=\"async\" class=\"lazyload alignnone size-full wp-image-2787\" src=\"https:\/\/miomicon.com\/wp-content\/uploads\/2025\/11\/A-collection-of-Hidrocor-colored-contact-lenses-fea-1.jpg\" data-orig-src=\"https:\/\/miomicon.com\/wp-content\/uploads\/2025\/11\/A-collection-of-Hidrocor-colored-contact-lenses-fea-1.jpg\" alt=\"\" width=\"1080\" height=\"1080\" srcset=\"data:image\/svg+xml,%3Csvg%20xmlns%3D%27http%3A%2F%2Fwww.w3.org%2F2000%2Fsvg%27%20width%3D%271080%27%20height%3D%271080%27%20viewBox%3D%270%200%201080%201080%27%3E%3Crect%20width%3D%271080%27%20height%3D%271080%27%20fill-opacity%3D%220%22%2F%3E%3C%2Fsvg%3E\" data-srcset=\"https:\/\/miomicon.com\/wp-content\/uploads\/2025\/11\/A-collection-of-Hidrocor-colored-contact-lenses-fea-1-66x66.jpg 66w, https:\/\/miomicon.com\/wp-content\/uploads\/2025\/11\/A-collection-of-Hidrocor-colored-contact-lenses-fea-1-150x150.jpg 150w, https:\/\/miomicon.com\/wp-content\/uploads\/2025\/11\/A-collection-of-Hidrocor-colored-contact-lenses-fea-1-200x200.jpg 200w, https:\/\/miomicon.com\/wp-content\/uploads\/2025\/11\/A-collection-of-Hidrocor-colored-contact-lenses-fea-1-300x300.jpg 300w, https:\/\/miomicon.com\/wp-content\/uploads\/2025\/11\/A-collection-of-Hidrocor-colored-contact-lenses-fea-1-400x400.jpg 400w, https:\/\/miomicon.com\/wp-content\/uploads\/2025\/11\/A-collection-of-Hidrocor-colored-contact-lenses-fea-1-500x500.jpg 500w, https:\/\/miomicon.com\/wp-content\/uploads\/2025\/11\/A-collection-of-Hidrocor-colored-contact-lenses-fea-1-600x600.jpg 600w, https:\/\/miomicon.com\/wp-content\/uploads\/2025\/11\/A-collection-of-Hidrocor-colored-contact-lenses-fea-1-700x700.jpg 700w, https:\/\/miomicon.com\/wp-content\/uploads\/2025\/11\/A-collection-of-Hidrocor-colored-contact-lenses-fea-1-768x768.jpg 768w, https:\/\/miomicon.com\/wp-content\/uploads\/2025\/11\/A-collection-of-Hidrocor-colored-contact-lenses-fea-1-800x800.jpg 800w, https:\/\/miomicon.com\/wp-content\/uploads\/2025\/11\/A-collection-of-Hidrocor-colored-contact-lenses-fea-1-1024x1024.jpg 1024w, https:\/\/miomicon.com\/wp-content\/uploads\/2025\/11\/A-collection-of-Hidrocor-colored-contact-lenses-fea-1.jpg 1080w\" data-sizes=\"auto\" data-orig-sizes=\"(max-width: 1080px) 100vw, 1080px\" \/> <img decoding=\"async\" class=\"lazyload alignnone size-full wp-image-2784\" src=\"https:\/\/miomicon.com\/wp-content\/uploads\/2025\/11\/Grid-display-of-Hidrocor-colored-contact-lenses-fea.jpg\" data-orig-src=\"https:\/\/miomicon.com\/wp-content\/uploads\/2025\/11\/Grid-display-of-Hidrocor-colored-contact-lenses-fea.jpg\" alt=\"\" width=\"1080\" height=\"1080\" srcset=\"data:image\/svg+xml,%3Csvg%20xmlns%3D%27http%3A%2F%2Fwww.w3.org%2F2000%2Fsvg%27%20width%3D%271080%27%20height%3D%271080%27%20viewBox%3D%270%200%201080%201080%27%3E%3Crect%20width%3D%271080%27%20height%3D%271080%27%20fill-opacity%3D%220%22%2F%3E%3C%2Fsvg%3E\" data-srcset=\"https:\/\/miomicon.com\/wp-content\/uploads\/2025\/11\/Grid-display-of-Hidrocor-colored-contact-lenses-fea-66x66.jpg 66w, https:\/\/miomicon.com\/wp-content\/uploads\/2025\/11\/Grid-display-of-Hidrocor-colored-contact-lenses-fea-150x150.jpg 150w, https:\/\/miomicon.com\/wp-content\/uploads\/2025\/11\/Grid-display-of-Hidrocor-colored-contact-lenses-fea-200x200.jpg 200w, https:\/\/miomicon.com\/wp-content\/uploads\/2025\/11\/Grid-display-of-Hidrocor-colored-contact-lenses-fea-300x300.jpg 300w, https:\/\/miomicon.com\/wp-content\/uploads\/2025\/11\/Grid-display-of-Hidrocor-colored-contact-lenses-fea-400x400.jpg 400w, https:\/\/miomicon.com\/wp-content\/uploads\/2025\/11\/Grid-display-of-Hidrocor-colored-contact-lenses-fea-500x500.jpg 500w, https:\/\/miomicon.com\/wp-content\/uploads\/2025\/11\/Grid-display-of-Hidrocor-colored-contact-lenses-fea-600x600.jpg 600w, https:\/\/miomicon.com\/wp-content\/uploads\/2025\/11\/Grid-display-of-Hidrocor-colored-contact-lenses-fea-700x700.jpg 700w, https:\/\/miomicon.com\/wp-content\/uploads\/2025\/11\/Grid-display-of-Hidrocor-colored-contact-lenses-fea-768x768.jpg 768w, https:\/\/miomicon.com\/wp-content\/uploads\/2025\/11\/Grid-display-of-Hidrocor-colored-contact-lenses-fea-800x800.jpg 800w, https:\/\/miomicon.com\/wp-content\/uploads\/2025\/11\/Grid-display-of-Hidrocor-colored-contact-lenses-fea-1024x1024.jpg 1024w, https:\/\/miomicon.com\/wp-content\/uploads\/2025\/11\/Grid-display-of-Hidrocor-colored-contact-lenses-fea.jpg 1080w\" data-sizes=\"auto\" data-orig-sizes=\"(max-width: 1080px) 100vw, 1080px\" \/> <img decoding=\"async\" class=\"lazyload alignnone size-full wp-image-2785\" src=\"https:\/\/miomicon.com\/wp-content\/uploads\/2025\/11\/Image-of-four-different-Hidrocor-contact-lens-color.jpg\" data-orig-src=\"https:\/\/miomicon.com\/wp-content\/uploads\/2025\/11\/Image-of-four-different-Hidrocor-contact-lens-color.jpg\" alt=\"\" width=\"1080\" height=\"1080\" srcset=\"data:image\/svg+xml,%3Csvg%20xmlns%3D%27http%3A%2F%2Fwww.w3.org%2F2000%2Fsvg%27%20width%3D%271080%27%20height%3D%271080%27%20viewBox%3D%270%200%201080%201080%27%3E%3Crect%20width%3D%271080%27%20height%3D%271080%27%20fill-opacity%3D%220%22%2F%3E%3C%2Fsvg%3E\" data-srcset=\"https:\/\/miomicon.com\/wp-content\/uploads\/2025\/11\/Image-of-four-different-Hidrocor-contact-lens-color-66x66.jpg 66w, https:\/\/miomicon.com\/wp-content\/uploads\/2025\/11\/Image-of-four-different-Hidrocor-contact-lens-color-150x150.jpg 150w, https:\/\/miomicon.com\/wp-content\/uploads\/2025\/11\/Image-of-four-different-Hidrocor-contact-lens-color-200x200.jpg 200w, https:\/\/miomicon.com\/wp-content\/uploads\/2025\/11\/Image-of-four-different-Hidrocor-contact-lens-color-300x300.jpg 300w, https:\/\/miomicon.com\/wp-content\/uploads\/2025\/11\/Image-of-four-different-Hidrocor-contact-lens-color-400x400.jpg 400w, https:\/\/miomicon.com\/wp-content\/uploads\/2025\/11\/Image-of-four-different-Hidrocor-contact-lens-color-500x500.jpg 500w, https:\/\/miomicon.com\/wp-content\/uploads\/2025\/11\/Image-of-four-different-Hidrocor-contact-lens-color-600x600.jpg 600w, https:\/\/miomicon.com\/wp-content\/uploads\/2025\/11\/Image-of-four-different-Hidrocor-contact-lens-color-700x700.jpg 700w, https:\/\/miomicon.com\/wp-content\/uploads\/2025\/11\/Image-of-four-different-Hidrocor-contact-lens-color-768x768.jpg 768w, https:\/\/miomicon.com\/wp-content\/uploads\/2025\/11\/Image-of-four-different-Hidrocor-contact-lens-color-800x800.jpg 800w, https:\/\/miomicon.com\/wp-content\/uploads\/2025\/11\/Image-of-four-different-Hidrocor-contact-lens-color-1024x1024.jpg 1024w, https:\/\/miomicon.com\/wp-content\/uploads\/2025\/11\/Image-of-four-different-Hidrocor-contact-lens-color.jpg 1080w\" data-sizes=\"auto\" data-orig-sizes=\"(max-width: 1080px) 100vw, 1080px\" \/> <img decoding=\"async\" class=\"lazyload alignnone size-full wp-image-2786\" src=\"https:\/\/miomicon.com\/wp-content\/uploads\/2025\/11\/Variety-of-Hidrocor-contact-lens-colors-displayed-o-1.jpg\" data-orig-src=\"https:\/\/miomicon.com\/wp-content\/uploads\/2025\/11\/Variety-of-Hidrocor-contact-lens-colors-displayed-o-1.jpg\" alt=\"\" width=\"1080\" height=\"1080\" srcset=\"data:image\/svg+xml,%3Csvg%20xmlns%3D%27http%3A%2F%2Fwww.w3.org%2F2000%2Fsvg%27%20width%3D%271080%27%20height%3D%271080%27%20viewBox%3D%270%200%201080%201080%27%3E%3Crect%20width%3D%271080%27%20height%3D%271080%27%20fill-opacity%3D%220%22%2F%3E%3C%2Fsvg%3E\" data-srcset=\"https:\/\/miomicon.com\/wp-content\/uploads\/2025\/11\/Variety-of-Hidrocor-contact-lens-colors-displayed-o-1-66x66.jpg 66w, https:\/\/miomicon.com\/wp-content\/uploads\/2025\/11\/Variety-of-Hidrocor-contact-lens-colors-displayed-o-1-150x150.jpg 150w, https:\/\/miomicon.com\/wp-content\/uploads\/2025\/11\/Variety-of-Hidrocor-contact-lens-colors-displayed-o-1-200x200.jpg 200w, https:\/\/miomicon.com\/wp-content\/uploads\/2025\/11\/Variety-of-Hidrocor-contact-lens-colors-displayed-o-1-300x300.jpg 300w, https:\/\/miomicon.com\/wp-content\/uploads\/2025\/11\/Variety-of-Hidrocor-contact-lens-colors-displayed-o-1-400x400.jpg 400w, https:\/\/miomicon.com\/wp-content\/uploads\/2025\/11\/Variety-of-Hidrocor-contact-lens-colors-displayed-o-1-500x500.jpg 500w, https:\/\/miomicon.com\/wp-content\/uploads\/2025\/11\/Variety-of-Hidrocor-contact-lens-colors-displayed-o-1-600x600.jpg 600w, https:\/\/miomicon.com\/wp-content\/uploads\/2025\/11\/Variety-of-Hidrocor-contact-lens-colors-displayed-o-1-700x700.jpg 700w, https:\/\/miomicon.com\/wp-content\/uploads\/2025\/11\/Variety-of-Hidrocor-contact-lens-colors-displayed-o-1-768x768.jpg 768w, https:\/\/miomicon.com\/wp-content\/uploads\/2025\/11\/Variety-of-Hidrocor-contact-lens-colors-displayed-o-1-800x800.jpg 800w, https:\/\/miomicon.com\/wp-content\/uploads\/2025\/11\/Variety-of-Hidrocor-contact-lens-colors-displayed-o-1-1024x1024.jpg 1024w, https:\/\/miomicon.com\/wp-content\/uploads\/2025\/11\/Variety-of-Hidrocor-contact-lens-colors-displayed-o-1.jpg 1080w\" data-sizes=\"auto\" data-orig-sizes=\"(max-width: 1080px) 100vw, 1080px\" \/> <img decoding=\"async\" class=\"lazyload alignnone size-full wp-image-2782\" src=\"https:\/\/miomicon.com\/wp-content\/uploads\/2025\/11\/Colored_Contacts_Hidrocor_10_Variants_Close_Up_Lenses.jpg\" data-orig-src=\"https:\/\/miomicon.com\/wp-content\/uploads\/2025\/11\/Colored_Contacts_Hidrocor_10_Variants_Close_Up_Lenses.jpg\" alt=\"\" width=\"1080\" height=\"1080\" srcset=\"data:image\/svg+xml,%3Csvg%20xmlns%3D%27http%3A%2F%2Fwww.w3.org%2F2000%2Fsvg%27%20width%3D%271080%27%20height%3D%271080%27%20viewBox%3D%270%200%201080%201080%27%3E%3Crect%20width%3D%271080%27%20height%3D%271080%27%20fill-opacity%3D%220%22%2F%3E%3C%2Fsvg%3E\" data-srcset=\"https:\/\/miomicon.com\/wp-content\/uploads\/2025\/11\/Colored_Contacts_Hidrocor_10_Variants_Close_Up_Lenses-66x66.jpg 66w, https:\/\/miomicon.com\/wp-content\/uploads\/2025\/11\/Colored_Contacts_Hidrocor_10_Variants_Close_Up_Lenses-150x150.jpg 150w, https:\/\/miomicon.com\/wp-content\/uploads\/2025\/11\/Colored_Contacts_Hidrocor_10_Variants_Close_Up_Lenses-200x200.jpg 200w, https:\/\/miomicon.com\/wp-content\/uploads\/2025\/11\/Colored_Contacts_Hidrocor_10_Variants_Close_Up_Lenses-300x300.jpg 300w, https:\/\/miomicon.com\/wp-content\/uploads\/2025\/11\/Colored_Contacts_Hidrocor_10_Variants_Close_Up_Lenses-400x400.jpg 400w, https:\/\/miomicon.com\/wp-content\/uploads\/2025\/11\/Colored_Contacts_Hidrocor_10_Variants_Close_Up_Lenses-500x500.jpg 500w, https:\/\/miomicon.com\/wp-content\/uploads\/2025\/11\/Colored_Contacts_Hidrocor_10_Variants_Close_Up_Lenses-600x600.jpg 600w, https:\/\/miomicon.com\/wp-content\/uploads\/2025\/11\/Colored_Contacts_Hidrocor_10_Variants_Close_Up_Lenses-700x700.jpg 700w, https:\/\/miomicon.com\/wp-content\/uploads\/2025\/11\/Colored_Contacts_Hidrocor_10_Variants_Close_Up_Lenses-768x768.jpg 768w, https:\/\/miomicon.com\/wp-content\/uploads\/2025\/11\/Colored_Contacts_Hidrocor_10_Variants_Close_Up_Lenses-800x800.jpg 800w, https:\/\/miomicon.com\/wp-content\/uploads\/2025\/11\/Colored_Contacts_Hidrocor_10_Variants_Close_Up_Lenses-1024x1024.jpg 1024w, https:\/\/miomicon.com\/wp-content\/uploads\/2025\/11\/Colored_Contacts_Hidrocor_10_Variants_Close_Up_Lenses.jpg 1080w\" data-sizes=\"auto\" data-orig-sizes=\"(max-width: 1080px) 100vw, 1080px\" \/> <img decoding=\"async\" class=\"lazyload alignnone size-full wp-image-2781\" src=\"https:\/\/miomicon.com\/wp-content\/uploads\/2025\/11\/Array-of-Hidrocor-contact-lenses-in-a-white-1.jpg\" data-orig-src=\"https:\/\/miomicon.com\/wp-content\/uploads\/2025\/11\/Array-of-Hidrocor-contact-lenses-in-a-white-1.jpg\" alt=\"\" width=\"1080\" height=\"1080\" srcset=\"data:image\/svg+xml,%3Csvg%20xmlns%3D%27http%3A%2F%2Fwww.w3.org%2F2000%2Fsvg%27%20width%3D%271080%27%20height%3D%271080%27%20viewBox%3D%270%200%201080%201080%27%3E%3Crect%20width%3D%271080%27%20height%3D%271080%27%20fill-opacity%3D%220%22%2F%3E%3C%2Fsvg%3E\" data-srcset=\"https:\/\/miomicon.com\/wp-content\/uploads\/2025\/11\/Array-of-Hidrocor-contact-lenses-in-a-white-1-66x66.jpg 66w, https:\/\/miomicon.com\/wp-content\/uploads\/2025\/11\/Array-of-Hidrocor-contact-lenses-in-a-white-1-150x150.jpg 150w, https:\/\/miomicon.com\/wp-content\/uploads\/2025\/11\/Array-of-Hidrocor-contact-lenses-in-a-white-1-200x200.jpg 200w, https:\/\/miomicon.com\/wp-content\/uploads\/2025\/11\/Array-of-Hidrocor-contact-lenses-in-a-white-1-300x300.jpg 300w, https:\/\/miomicon.com\/wp-content\/uploads\/2025\/11\/Array-of-Hidrocor-contact-lenses-in-a-white-1-400x400.jpg 400w, https:\/\/miomicon.com\/wp-content\/uploads\/2025\/11\/Array-of-Hidrocor-contact-lenses-in-a-white-1-500x500.jpg 500w, https:\/\/miomicon.com\/wp-content\/uploads\/2025\/11\/Array-of-Hidrocor-contact-lenses-in-a-white-1-600x600.jpg 600w, https:\/\/miomicon.com\/wp-content\/uploads\/2025\/11\/Array-of-Hidrocor-contact-lenses-in-a-white-1-700x700.jpg 700w, https:\/\/miomicon.com\/wp-content\/uploads\/2025\/11\/Array-of-Hidrocor-contact-lenses-in-a-white-1-768x768.jpg 768w, https:\/\/miomicon.com\/wp-content\/uploads\/2025\/11\/Array-of-Hidrocor-contact-lenses-in-a-white-1-800x800.jpg 800w, https:\/\/miomicon.com\/wp-content\/uploads\/2025\/11\/Array-of-Hidrocor-contact-lenses-in-a-white-1-1024x1024.jpg 1024w, https:\/\/miomicon.com\/wp-content\/uploads\/2025\/11\/Array-of-Hidrocor-contact-lenses-in-a-white-1.jpg 1080w\" data-sizes=\"auto\" data-orig-sizes=\"(max-width: 1080px) 100vw, 1080px\" \/><\/p>\n","protected":false},"excerpt":{"rendered":"<p>Impulsione as ofertas da sua empresa com a nossa s\u00e9rie Hidrocor, que apresenta uma linha diversificada de 13 lentes de contato coloridas naturais. Dos tons frios da Icy Gray aos tons quentes da Avela, e incorporando prescri\u00e7\u00f5es de 0,00 a -8,00, esta s\u00e9rie atende facilmente \u00e0s diversas necessidades e prefer\u00eancias dos seus clientes. N\u00e3o perca esta oportunidade de ampliar a sua gama de produtos e atender \u00e0 demanda dos consumidores por lentes de contato coloridas de qualidade, confort\u00e1veis e impressionantes.  <\/p>\n","protected":false},"featured_media":2780,"comment_status":"closed","ping_status":"closed","template":"","meta":[],"product_brand":[44],"product_cat":[230],"product_tag":[],"class_list":{"0":"post-11501","1":"product","2":"type-product","3":"status-publish","4":"has-post-thumbnail","6":"product_brand-freshgo","7":"product_cat-lentes-de-contato-coloridas-naturais","9":"first","10":"instock","11":"product-type-simple"},"_links":{"self":[{"href":"https:\/\/miomicon.com\/pt-br\/wp-json\/wp\/v2\/product\/11501","targetHints":{"allow":["GET"]}}],"collection":[{"href":"https:\/\/miomicon.com\/pt-br\/wp-json\/wp\/v2\/product"}],"about":[{"href":"https:\/\/miomicon.com\/pt-br\/wp-json\/wp\/v2\/types\/product"}],"replies":[{"embeddable":true,"href":"https:\/\/miomicon.com\/pt-br\/wp-json\/wp\/v2\/comments?post=11501"}],"wp:featuredmedia":[{"embeddable":true,"href":"https:\/\/miomicon.com\/pt-br\/wp-json\/wp\/v2\/media\/2780"}],"wp:attachment":[{"href":"https:\/\/miomicon.com\/pt-br\/wp-json\/wp\/v2\/media?parent=11501"}],"wp:term":[{"taxonomy":"product_brand","embeddable":true,"href":"https:\/\/miomicon.com\/pt-br\/wp-json\/wp\/v2\/product_brand?post=11501"},{"taxonomy":"product_cat","embeddable":true,"href":"https:\/\/miomicon.com\/pt-br\/wp-json\/wp\/v2\/product_cat?post=11501"},{"taxonomy":"product_tag","embeddable":true,"href":"https:\/\/miomicon.com\/pt-br\/wp-json\/wp\/v2\/product_tag?post=11501"}],"curies":[{"name":"wp","href":"https:\/\/api.w.org\/{rel}","templated":true}]}}