{"id":11444,"date":"2025-10-30T17:38:33","date_gmt":"2025-10-30T09:38:33","guid":{"rendered":"https:\/\/miomicon.com\/product\/fiesta-coloridas-contatos\/"},"modified":"2025-10-30T17:38:33","modified_gmt":"2025-10-30T09:38:33","slug":"fiesta-coloridas-contatos","status":"publish","type":"product","link":"https:\/\/miomicon.com\/pt-br\/produto\/fiesta-coloridas-contatos\/","title":{"rendered":"Fiesta Coloridas Contatos"},"content":{"rendered":"<div class=\"table-1\">\n<table style=\"height: 100%;\" width=\"100%\">\n<tbody>\n<tr>\n<td>Material: <strong>HEMA<\/strong><\/td>\n<td>Lens Hardless: <strong>Soft<\/strong><\/td>\n<\/tr>\n<tr>\n<td>Di\u00e2metro: <strong>14,2 mm<\/strong><\/td>\n<td>Tom: <strong>1<\/strong><\/td>\n<\/tr>\n<tr>\n<td>Espessura central: 0,08 mm<\/td>\n<td>Curva base: 8,6 mm<\/td>\n<\/tr>\n<tr>\n<td>Descartabilidade: <strong>Anual<\/strong><\/td>\n<td>Prazo de validade: <strong>5 anos<\/strong><\/td>\n<\/tr>\n<tr>\n<td>Pot\u00eancia: <strong>0,00 <\/strong><\/td>\n<td>Teor de \u00e1gua: <strong>40%<\/strong><\/td>\n<\/tr>\n<tr>\n<td>Local de origem: <b>China<\/b><\/td>\n<td>Embalagem:<strong>Blister (2 unidades por caixa)<\/strong><\/td>\n<\/tr>\n<tr>\n<td colspan=\"2\">Variantes de cor (<strong>5<\/strong> dispon\u00edveis): <strong>Cinza, azul, jade, marrom, castanho-claro<\/strong><\/td>\n<\/tr>\n<\/tbody>\n<\/table>\n<p>&nbsp;<\/p>\n<p><img decoding=\"async\" class=\"lazyload alignnone size-full wp-image-2731\" src=\"https:\/\/miomicon.com\/wp-content\/uploads\/2025\/10\/Colored_Contacts_Fiesta_Model_4_Variants.jpg\" data-orig-src=\"https:\/\/miomicon.com\/wp-content\/uploads\/2025\/10\/Colored_Contacts_Fiesta_Model_4_Variants.jpg\" alt=\"\" width=\"1080\" height=\"1080\" srcset=\"data:image\/svg+xml,%3Csvg%20xmlns%3D%27http%3A%2F%2Fwww.w3.org%2F2000%2Fsvg%27%20width%3D%271080%27%20height%3D%271080%27%20viewBox%3D%270%200%201080%201080%27%3E%3Crect%20width%3D%271080%27%20height%3D%271080%27%20fill-opacity%3D%220%22%2F%3E%3C%2Fsvg%3E\" data-srcset=\"https:\/\/miomicon.com\/wp-content\/uploads\/2025\/10\/Colored_Contacts_Fiesta_Model_4_Variants-66x66.jpg 66w, https:\/\/miomicon.com\/wp-content\/uploads\/2025\/10\/Colored_Contacts_Fiesta_Model_4_Variants-150x150.jpg 150w, https:\/\/miomicon.com\/wp-content\/uploads\/2025\/10\/Colored_Contacts_Fiesta_Model_4_Variants-200x200.jpg 200w, https:\/\/miomicon.com\/wp-content\/uploads\/2025\/10\/Colored_Contacts_Fiesta_Model_4_Variants-300x300.jpg 300w, https:\/\/miomicon.com\/wp-content\/uploads\/2025\/10\/Colored_Contacts_Fiesta_Model_4_Variants-400x400.jpg 400w, https:\/\/miomicon.com\/wp-content\/uploads\/2025\/10\/Colored_Contacts_Fiesta_Model_4_Variants-500x500.jpg 500w, https:\/\/miomicon.com\/wp-content\/uploads\/2025\/10\/Colored_Contacts_Fiesta_Model_4_Variants-600x600.jpg 600w, https:\/\/miomicon.com\/wp-content\/uploads\/2025\/10\/Colored_Contacts_Fiesta_Model_4_Variants-700x700.jpg 700w, https:\/\/miomicon.com\/wp-content\/uploads\/2025\/10\/Colored_Contacts_Fiesta_Model_4_Variants-768x768.jpg 768w, https:\/\/miomicon.com\/wp-content\/uploads\/2025\/10\/Colored_Contacts_Fiesta_Model_4_Variants-800x800.jpg 800w, https:\/\/miomicon.com\/wp-content\/uploads\/2025\/10\/Colored_Contacts_Fiesta_Model_4_Variants-1024x1024.jpg 1024w, https:\/\/miomicon.com\/wp-content\/uploads\/2025\/10\/Colored_Contacts_Fiesta_Model_4_Variants.jpg 1080w\" data-sizes=\"auto\" data-orig-sizes=\"(max-width: 1080px) 100vw, 1080px\" \/> <img decoding=\"async\" class=\"lazyload alignnone size-full wp-image-2725\" src=\"https:\/\/miomicon.com\/wp-content\/uploads\/2025\/10\/Colored_Contacts_Fiesta_5_Variants_All_Lenses.jpg\" data-orig-src=\"https:\/\/miomicon.com\/wp-content\/uploads\/2025\/10\/Colored_Contacts_Fiesta_5_Variants_All_Lenses.jpg\" alt=\"\" width=\"1080\" height=\"1080\" srcset=\"data:image\/svg+xml,%3Csvg%20xmlns%3D%27http%3A%2F%2Fwww.w3.org%2F2000%2Fsvg%27%20width%3D%271080%27%20height%3D%271080%27%20viewBox%3D%270%200%201080%201080%27%3E%3Crect%20width%3D%271080%27%20height%3D%271080%27%20fill-opacity%3D%220%22%2F%3E%3C%2Fsvg%3E\" data-srcset=\"https:\/\/miomicon.com\/wp-content\/uploads\/2025\/10\/Colored_Contacts_Fiesta_5_Variants_All_Lenses-66x66.jpg 66w, https:\/\/miomicon.com\/wp-content\/uploads\/2025\/10\/Colored_Contacts_Fiesta_5_Variants_All_Lenses-150x150.jpg 150w, https:\/\/miomicon.com\/wp-content\/uploads\/2025\/10\/Colored_Contacts_Fiesta_5_Variants_All_Lenses-200x200.jpg 200w, https:\/\/miomicon.com\/wp-content\/uploads\/2025\/10\/Colored_Contacts_Fiesta_5_Variants_All_Lenses-300x300.jpg 300w, https:\/\/miomicon.com\/wp-content\/uploads\/2025\/10\/Colored_Contacts_Fiesta_5_Variants_All_Lenses-400x400.jpg 400w, https:\/\/miomicon.com\/wp-content\/uploads\/2025\/10\/Colored_Contacts_Fiesta_5_Variants_All_Lenses-500x500.jpg 500w, https:\/\/miomicon.com\/wp-content\/uploads\/2025\/10\/Colored_Contacts_Fiesta_5_Variants_All_Lenses-600x600.jpg 600w, https:\/\/miomicon.com\/wp-content\/uploads\/2025\/10\/Colored_Contacts_Fiesta_5_Variants_All_Lenses-700x700.jpg 700w, https:\/\/miomicon.com\/wp-content\/uploads\/2025\/10\/Colored_Contacts_Fiesta_5_Variants_All_Lenses-768x768.jpg 768w, https:\/\/miomicon.com\/wp-content\/uploads\/2025\/10\/Colored_Contacts_Fiesta_5_Variants_All_Lenses-800x800.jpg 800w, https:\/\/miomicon.com\/wp-content\/uploads\/2025\/10\/Colored_Contacts_Fiesta_5_Variants_All_Lenses-1024x1024.jpg 1024w, https:\/\/miomicon.com\/wp-content\/uploads\/2025\/10\/Colored_Contacts_Fiesta_5_Variants_All_Lenses.jpg 1080w\" data-sizes=\"auto\" data-orig-sizes=\"(max-width: 1080px) 100vw, 1080px\" \/> <img decoding=\"async\" class=\"lazyload alignnone size-full wp-image-2726\" src=\"https:\/\/miomicon.com\/wp-content\/uploads\/2025\/10\/Colored_Contacts_Fiesta_5_Variants_Wearing_Effect_Comparison_Before_and_After_Close_Up.jpg\" data-orig-src=\"https:\/\/miomicon.com\/wp-content\/uploads\/2025\/10\/Colored_Contacts_Fiesta_5_Variants_Wearing_Effect_Comparison_Before_and_After_Close_Up.jpg\" alt=\"\" width=\"1080\" height=\"1765\" srcset=\"data:image\/svg+xml,%3Csvg%20xmlns%3D%27http%3A%2F%2Fwww.w3.org%2F2000%2Fsvg%27%20width%3D%271080%27%20height%3D%271765%27%20viewBox%3D%270%200%201080%201765%27%3E%3Crect%20width%3D%271080%27%20height%3D%271765%27%20fill-opacity%3D%220%22%2F%3E%3C%2Fsvg%3E\" data-srcset=\"https:\/\/miomicon.com\/wp-content\/uploads\/2025\/10\/Colored_Contacts_Fiesta_5_Variants_Wearing_Effect_Comparison_Before_and_After_Close_Up-184x300.jpg 184w, https:\/\/miomicon.com\/wp-content\/uploads\/2025\/10\/Colored_Contacts_Fiesta_5_Variants_Wearing_Effect_Comparison_Before_and_After_Close_Up-200x327.jpg 200w, https:\/\/miomicon.com\/wp-content\/uploads\/2025\/10\/Colored_Contacts_Fiesta_5_Variants_Wearing_Effect_Comparison_Before_and_After_Close_Up-400x654.jpg 400w, https:\/\/miomicon.com\/wp-content\/uploads\/2025\/10\/Colored_Contacts_Fiesta_5_Variants_Wearing_Effect_Comparison_Before_and_After_Close_Up-500x817.jpg 500w, https:\/\/miomicon.com\/wp-content\/uploads\/2025\/10\/Colored_Contacts_Fiesta_5_Variants_Wearing_Effect_Comparison_Before_and_After_Close_Up-600x981.jpg 600w, https:\/\/miomicon.com\/wp-content\/uploads\/2025\/10\/Colored_Contacts_Fiesta_5_Variants_Wearing_Effect_Comparison_Before_and_After_Close_Up-627x1024.jpg 627w, https:\/\/miomicon.com\/wp-content\/uploads\/2025\/10\/Colored_Contacts_Fiesta_5_Variants_Wearing_Effect_Comparison_Before_and_After_Close_Up-700x1144.jpg 700w, https:\/\/miomicon.com\/wp-content\/uploads\/2025\/10\/Colored_Contacts_Fiesta_5_Variants_Wearing_Effect_Comparison_Before_and_After_Close_Up-768x1255.jpg 768w, https:\/\/miomicon.com\/wp-content\/uploads\/2025\/10\/Colored_Contacts_Fiesta_5_Variants_Wearing_Effect_Comparison_Before_and_After_Close_Up-800x1307.jpg 800w, https:\/\/miomicon.com\/wp-content\/uploads\/2025\/10\/Colored_Contacts_Fiesta_5_Variants_Wearing_Effect_Comparison_Before_and_After_Close_Up-940x1536.jpg 940w, https:\/\/miomicon.com\/wp-content\/uploads\/2025\/10\/Colored_Contacts_Fiesta_5_Variants_Wearing_Effect_Comparison_Before_and_After_Close_Up.jpg 1080w\" data-sizes=\"auto\" data-orig-sizes=\"(max-width: 1080px) 100vw, 1080px\" \/> <img decoding=\"async\" class=\"lazyload alignnone size-full wp-image-2729\" src=\"https:\/\/miomicon.com\/wp-content\/uploads\/2025\/10\/Colored_Contacts_Fiesta_Gray_Grid_Close_Up.jpg\" data-orig-src=\"https:\/\/miomicon.com\/wp-content\/uploads\/2025\/10\/Colored_Contacts_Fiesta_Gray_Grid_Close_Up.jpg\" alt=\"\" width=\"1080\" height=\"1080\" srcset=\"data:image\/svg+xml,%3Csvg%20xmlns%3D%27http%3A%2F%2Fwww.w3.org%2F2000%2Fsvg%27%20width%3D%271080%27%20height%3D%271080%27%20viewBox%3D%270%200%201080%201080%27%3E%3Crect%20width%3D%271080%27%20height%3D%271080%27%20fill-opacity%3D%220%22%2F%3E%3C%2Fsvg%3E\" data-srcset=\"https:\/\/miomicon.com\/wp-content\/uploads\/2025\/10\/Colored_Contacts_Fiesta_Gray_Grid_Close_Up-66x66.jpg 66w, https:\/\/miomicon.com\/wp-content\/uploads\/2025\/10\/Colored_Contacts_Fiesta_Gray_Grid_Close_Up-150x150.jpg 150w, https:\/\/miomicon.com\/wp-content\/uploads\/2025\/10\/Colored_Contacts_Fiesta_Gray_Grid_Close_Up-200x200.jpg 200w, https:\/\/miomicon.com\/wp-content\/uploads\/2025\/10\/Colored_Contacts_Fiesta_Gray_Grid_Close_Up-300x300.jpg 300w, https:\/\/miomicon.com\/wp-content\/uploads\/2025\/10\/Colored_Contacts_Fiesta_Gray_Grid_Close_Up-400x400.jpg 400w, https:\/\/miomicon.com\/wp-content\/uploads\/2025\/10\/Colored_Contacts_Fiesta_Gray_Grid_Close_Up-500x500.jpg 500w, https:\/\/miomicon.com\/wp-content\/uploads\/2025\/10\/Colored_Contacts_Fiesta_Gray_Grid_Close_Up-600x600.jpg 600w, https:\/\/miomicon.com\/wp-content\/uploads\/2025\/10\/Colored_Contacts_Fiesta_Gray_Grid_Close_Up-700x700.jpg 700w, https:\/\/miomicon.com\/wp-content\/uploads\/2025\/10\/Colored_Contacts_Fiesta_Gray_Grid_Close_Up-768x768.jpg 768w, https:\/\/miomicon.com\/wp-content\/uploads\/2025\/10\/Colored_Contacts_Fiesta_Gray_Grid_Close_Up-800x800.jpg 800w, https:\/\/miomicon.com\/wp-content\/uploads\/2025\/10\/Colored_Contacts_Fiesta_Gray_Grid_Close_Up-1024x1024.jpg 1024w, https:\/\/miomicon.com\/wp-content\/uploads\/2025\/10\/Colored_Contacts_Fiesta_Gray_Grid_Close_Up.jpg 1080w\" data-sizes=\"auto\" data-orig-sizes=\"(max-width: 1080px) 100vw, 1080px\" \/> <img decoding=\"async\" class=\"lazyload alignnone size-full wp-image-2730\" src=\"https:\/\/miomicon.com\/wp-content\/uploads\/2025\/10\/Colored_Contacts_Fiesta_Gray_Real_shot_image.jpg\" data-orig-src=\"https:\/\/miomicon.com\/wp-content\/uploads\/2025\/10\/Colored_Contacts_Fiesta_Gray_Real_shot_image.jpg\" alt=\"\" width=\"1080\" height=\"1080\" srcset=\"data:image\/svg+xml,%3Csvg%20xmlns%3D%27http%3A%2F%2Fwww.w3.org%2F2000%2Fsvg%27%20width%3D%271080%27%20height%3D%271080%27%20viewBox%3D%270%200%201080%201080%27%3E%3Crect%20width%3D%271080%27%20height%3D%271080%27%20fill-opacity%3D%220%22%2F%3E%3C%2Fsvg%3E\" data-srcset=\"https:\/\/miomicon.com\/wp-content\/uploads\/2025\/10\/Colored_Contacts_Fiesta_Gray_Real_shot_image-66x66.jpg 66w, https:\/\/miomicon.com\/wp-content\/uploads\/2025\/10\/Colored_Contacts_Fiesta_Gray_Real_shot_image-150x150.jpg 150w, https:\/\/miomicon.com\/wp-content\/uploads\/2025\/10\/Colored_Contacts_Fiesta_Gray_Real_shot_image-200x200.jpg 200w, https:\/\/miomicon.com\/wp-content\/uploads\/2025\/10\/Colored_Contacts_Fiesta_Gray_Real_shot_image-300x300.jpg 300w, https:\/\/miomicon.com\/wp-content\/uploads\/2025\/10\/Colored_Contacts_Fiesta_Gray_Real_shot_image-400x400.jpg 400w, https:\/\/miomicon.com\/wp-content\/uploads\/2025\/10\/Colored_Contacts_Fiesta_Gray_Real_shot_image-500x500.jpg 500w, https:\/\/miomicon.com\/wp-content\/uploads\/2025\/10\/Colored_Contacts_Fiesta_Gray_Real_shot_image-600x600.jpg 600w, https:\/\/miomicon.com\/wp-content\/uploads\/2025\/10\/Colored_Contacts_Fiesta_Gray_Real_shot_image-700x700.jpg 700w, https:\/\/miomicon.com\/wp-content\/uploads\/2025\/10\/Colored_Contacts_Fiesta_Gray_Real_shot_image-768x768.jpg 768w, https:\/\/miomicon.com\/wp-content\/uploads\/2025\/10\/Colored_Contacts_Fiesta_Gray_Real_shot_image-800x800.jpg 800w, https:\/\/miomicon.com\/wp-content\/uploads\/2025\/10\/Colored_Contacts_Fiesta_Gray_Real_shot_image-1024x1024.jpg 1024w, https:\/\/miomicon.com\/wp-content\/uploads\/2025\/10\/Colored_Contacts_Fiesta_Gray_Real_shot_image.jpg 1080w\" data-sizes=\"auto\" data-orig-sizes=\"(max-width: 1080px) 100vw, 1080px\" \/> <img decoding=\"async\" class=\"lazyload alignnone size-full wp-image-2727\" src=\"https:\/\/miomicon.com\/wp-content\/uploads\/2025\/10\/Colored_Contacts_Fiesta_Brown_Grid_Close_Up.jpg\" data-orig-src=\"https:\/\/miomicon.com\/wp-content\/uploads\/2025\/10\/Colored_Contacts_Fiesta_Brown_Grid_Close_Up.jpg\" alt=\"\" width=\"1080\" height=\"1080\" srcset=\"data:image\/svg+xml,%3Csvg%20xmlns%3D%27http%3A%2F%2Fwww.w3.org%2F2000%2Fsvg%27%20width%3D%271080%27%20height%3D%271080%27%20viewBox%3D%270%200%201080%201080%27%3E%3Crect%20width%3D%271080%27%20height%3D%271080%27%20fill-opacity%3D%220%22%2F%3E%3C%2Fsvg%3E\" data-srcset=\"https:\/\/miomicon.com\/wp-content\/uploads\/2025\/10\/Colored_Contacts_Fiesta_Brown_Grid_Close_Up-66x66.jpg 66w, https:\/\/miomicon.com\/wp-content\/uploads\/2025\/10\/Colored_Contacts_Fiesta_Brown_Grid_Close_Up-150x150.jpg 150w, https:\/\/miomicon.com\/wp-content\/uploads\/2025\/10\/Colored_Contacts_Fiesta_Brown_Grid_Close_Up-200x200.jpg 200w, https:\/\/miomicon.com\/wp-content\/uploads\/2025\/10\/Colored_Contacts_Fiesta_Brown_Grid_Close_Up-300x300.jpg 300w, https:\/\/miomicon.com\/wp-content\/uploads\/2025\/10\/Colored_Contacts_Fiesta_Brown_Grid_Close_Up-400x400.jpg 400w, https:\/\/miomicon.com\/wp-content\/uploads\/2025\/10\/Colored_Contacts_Fiesta_Brown_Grid_Close_Up-500x500.jpg 500w, https:\/\/miomicon.com\/wp-content\/uploads\/2025\/10\/Colored_Contacts_Fiesta_Brown_Grid_Close_Up-600x600.jpg 600w, https:\/\/miomicon.com\/wp-content\/uploads\/2025\/10\/Colored_Contacts_Fiesta_Brown_Grid_Close_Up-700x700.jpg 700w, https:\/\/miomicon.com\/wp-content\/uploads\/2025\/10\/Colored_Contacts_Fiesta_Brown_Grid_Close_Up-768x768.jpg 768w, https:\/\/miomicon.com\/wp-content\/uploads\/2025\/10\/Colored_Contacts_Fiesta_Brown_Grid_Close_Up-800x800.jpg 800w, https:\/\/miomicon.com\/wp-content\/uploads\/2025\/10\/Colored_Contacts_Fiesta_Brown_Grid_Close_Up-1024x1024.jpg 1024w, https:\/\/miomicon.com\/wp-content\/uploads\/2025\/10\/Colored_Contacts_Fiesta_Brown_Grid_Close_Up.jpg 1080w\" data-sizes=\"auto\" data-orig-sizes=\"(max-width: 1080px) 100vw, 1080px\" \/> <img decoding=\"async\" class=\"lazyload alignnone size-full wp-image-2728\" src=\"https:\/\/miomicon.com\/wp-content\/uploads\/2025\/10\/Colored_Contacts_Fiesta_Brown_Real_shot_image.jpg\" data-orig-src=\"https:\/\/miomicon.com\/wp-content\/uploads\/2025\/10\/Colored_Contacts_Fiesta_Brown_Real_shot_image.jpg\" alt=\"\" width=\"1080\" height=\"1080\" srcset=\"data:image\/svg+xml,%3Csvg%20xmlns%3D%27http%3A%2F%2Fwww.w3.org%2F2000%2Fsvg%27%20width%3D%271080%27%20height%3D%271080%27%20viewBox%3D%270%200%201080%201080%27%3E%3Crect%20width%3D%271080%27%20height%3D%271080%27%20fill-opacity%3D%220%22%2F%3E%3C%2Fsvg%3E\" data-srcset=\"https:\/\/miomicon.com\/wp-content\/uploads\/2025\/10\/Colored_Contacts_Fiesta_Brown_Real_shot_image-66x66.jpg 66w, https:\/\/miomicon.com\/wp-content\/uploads\/2025\/10\/Colored_Contacts_Fiesta_Brown_Real_shot_image-150x150.jpg 150w, https:\/\/miomicon.com\/wp-content\/uploads\/2025\/10\/Colored_Contacts_Fiesta_Brown_Real_shot_image-200x200.jpg 200w, https:\/\/miomicon.com\/wp-content\/uploads\/2025\/10\/Colored_Contacts_Fiesta_Brown_Real_shot_image-300x300.jpg 300w, https:\/\/miomicon.com\/wp-content\/uploads\/2025\/10\/Colored_Contacts_Fiesta_Brown_Real_shot_image-400x400.jpg 400w, https:\/\/miomicon.com\/wp-content\/uploads\/2025\/10\/Colored_Contacts_Fiesta_Brown_Real_shot_image-500x500.jpg 500w, https:\/\/miomicon.com\/wp-content\/uploads\/2025\/10\/Colored_Contacts_Fiesta_Brown_Real_shot_image-600x600.jpg 600w, https:\/\/miomicon.com\/wp-content\/uploads\/2025\/10\/Colored_Contacts_Fiesta_Brown_Real_shot_image-700x700.jpg 700w, https:\/\/miomicon.com\/wp-content\/uploads\/2025\/10\/Colored_Contacts_Fiesta_Brown_Real_shot_image-768x768.jpg 768w, https:\/\/miomicon.com\/wp-content\/uploads\/2025\/10\/Colored_Contacts_Fiesta_Brown_Real_shot_image-800x800.jpg 800w, https:\/\/miomicon.com\/wp-content\/uploads\/2025\/10\/Colored_Contacts_Fiesta_Brown_Real_shot_image-1024x1024.jpg 1024w, https:\/\/miomicon.com\/wp-content\/uploads\/2025\/10\/Colored_Contacts_Fiesta_Brown_Real_shot_image.jpg 1080w\" data-sizes=\"auto\" data-orig-sizes=\"(max-width: 1080px) 100vw, 1080px\" \/> <img decoding=\"async\" class=\"lazyload alignnone size-full wp-image-2724\" src=\"https:\/\/miomicon.com\/wp-content\/uploads\/2025\/10\/Colored_Contact_Lenses_Fiesta_Packaging.jpg\" data-orig-src=\"https:\/\/miomicon.com\/wp-content\/uploads\/2025\/10\/Colored_Contact_Lenses_Fiesta_Packaging.jpg\" alt=\"\" width=\"1080\" height=\"1080\" srcset=\"data:image\/svg+xml,%3Csvg%20xmlns%3D%27http%3A%2F%2Fwww.w3.org%2F2000%2Fsvg%27%20width%3D%271080%27%20height%3D%271080%27%20viewBox%3D%270%200%201080%201080%27%3E%3Crect%20width%3D%271080%27%20height%3D%271080%27%20fill-opacity%3D%220%22%2F%3E%3C%2Fsvg%3E\" data-srcset=\"https:\/\/miomicon.com\/wp-content\/uploads\/2025\/10\/Colored_Contact_Lenses_Fiesta_Packaging-66x66.jpg 66w, https:\/\/miomicon.com\/wp-content\/uploads\/2025\/10\/Colored_Contact_Lenses_Fiesta_Packaging-150x150.jpg 150w, https:\/\/miomicon.com\/wp-content\/uploads\/2025\/10\/Colored_Contact_Lenses_Fiesta_Packaging-200x200.jpg 200w, https:\/\/miomicon.com\/wp-content\/uploads\/2025\/10\/Colored_Contact_Lenses_Fiesta_Packaging-300x300.jpg 300w, https:\/\/miomicon.com\/wp-content\/uploads\/2025\/10\/Colored_Contact_Lenses_Fiesta_Packaging-400x400.jpg 400w, https:\/\/miomicon.com\/wp-content\/uploads\/2025\/10\/Colored_Contact_Lenses_Fiesta_Packaging-500x500.jpg 500w, https:\/\/miomicon.com\/wp-content\/uploads\/2025\/10\/Colored_Contact_Lenses_Fiesta_Packaging-600x600.jpg 600w, https:\/\/miomicon.com\/wp-content\/uploads\/2025\/10\/Colored_Contact_Lenses_Fiesta_Packaging-700x700.jpg 700w, https:\/\/miomicon.com\/wp-content\/uploads\/2025\/10\/Colored_Contact_Lenses_Fiesta_Packaging-768x768.jpg 768w, https:\/\/miomicon.com\/wp-content\/uploads\/2025\/10\/Colored_Contact_Lenses_Fiesta_Packaging-800x800.jpg 800w, https:\/\/miomicon.com\/wp-content\/uploads\/2025\/10\/Colored_Contact_Lenses_Fiesta_Packaging-1024x1024.jpg 1024w, https:\/\/miomicon.com\/wp-content\/uploads\/2025\/10\/Colored_Contact_Lenses_Fiesta_Packaging.jpg 1080w\" data-sizes=\"auto\" data-orig-sizes=\"(max-width: 1080px) 100vw, 1080px\" \/><\/p>\n<\/div>\n","protected":false},"excerpt":{"rendered":"<p>Impulsione as ofertas da sua empresa com as nossas lentes de contato da s\u00e9rie Fiesta, que apresentam uma linha diversificada de 5 cores naturais, incluindo cinza, azul, jade, castanho e avel\u00e3. Esta s\u00e9rie atende facilmente \u00e0s diversas necessidades e prefer\u00eancias dos seus clientes. N\u00e3o perca esta oportunidade de expandir a sua gama de produtos e atender \u00e0 demanda dos consumidores por lentes de contato coloridas de alta qualidade, confort\u00e1veis e impressionantes.  <\/p>\n","protected":false},"featured_media":2731,"comment_status":"closed","ping_status":"closed","template":"","meta":[],"product_brand":[44],"product_cat":[230],"product_tag":[],"class_list":{"0":"post-11444","1":"product","2":"type-product","3":"status-publish","4":"has-post-thumbnail","6":"product_brand-freshgo","7":"product_cat-lentes-de-contato-coloridas-naturais","9":"first","10":"instock","11":"product-type-simple"},"_links":{"self":[{"href":"https:\/\/miomicon.com\/pt-br\/wp-json\/wp\/v2\/product\/11444","targetHints":{"allow":["GET"]}}],"collection":[{"href":"https:\/\/miomicon.com\/pt-br\/wp-json\/wp\/v2\/product"}],"about":[{"href":"https:\/\/miomicon.com\/pt-br\/wp-json\/wp\/v2\/types\/product"}],"replies":[{"embeddable":true,"href":"https:\/\/miomicon.com\/pt-br\/wp-json\/wp\/v2\/comments?post=11444"}],"wp:featuredmedia":[{"embeddable":true,"href":"https:\/\/miomicon.com\/pt-br\/wp-json\/wp\/v2\/media\/2731"}],"wp:attachment":[{"href":"https:\/\/miomicon.com\/pt-br\/wp-json\/wp\/v2\/media?parent=11444"}],"wp:term":[{"taxonomy":"product_brand","embeddable":true,"href":"https:\/\/miomicon.com\/pt-br\/wp-json\/wp\/v2\/product_brand?post=11444"},{"taxonomy":"product_cat","embeddable":true,"href":"https:\/\/miomicon.com\/pt-br\/wp-json\/wp\/v2\/product_cat?post=11444"},{"taxonomy":"product_tag","embeddable":true,"href":"https:\/\/miomicon.com\/pt-br\/wp-json\/wp\/v2\/product_tag?post=11444"}],"curies":[{"name":"wp","href":"https:\/\/api.w.org\/{rel}","templated":true}]}}