{"id":5885,"date":"2025-11-10T17:02:42","date_gmt":"2025-11-10T09:02:42","guid":{"rendered":"https:\/\/miomicon.com\/faqs\/"},"modified":"2026-02-10T21:43:40","modified_gmt":"2026-02-10T13:43:40","slug":"faqs","status":"publish","type":"page","link":"https:\/\/miomicon.com\/pt-br\/faqs\/","title":{"rendered":"FAQs"},"content":{"rendered":"<div class=\"fusion-fullwidth fullwidth-box fusion-builder-row-1 fusion-flex-container has-pattern-background has-mask-background nonhundred-percent-fullwidth non-hundred-percent-height-scrolling\" style=\"--awb-border-radius-top-left:0px;--awb-border-radius-top-right:0px;--awb-border-radius-bottom-right:0px;--awb-border-radius-bottom-left:0px;--awb-flex-wrap:wrap;\" ><div class=\"fusion-builder-row fusion-row fusion-flex-align-items-flex-start fusion-flex-content-wrap\" style=\"max-width:1248px;margin-left: calc(-4% \/ 2 );margin-right: calc(-4% \/ 2 );\"><div class=\"fusion-layout-column fusion_builder_column fusion-builder-column-0 fusion_builder_column_1_1 1_1 fusion-flex-column\" style=\"--awb-bg-size:cover;--awb-width-large:100%;--awb-margin-top-large:0px;--awb-spacing-right-large:1.92%;--awb-margin-bottom-large:48px;--awb-spacing-left-large:1.824%;--awb-width-medium:100%;--awb-order-medium:0;--awb-spacing-right-medium:1.92%;--awb-spacing-left-medium:1.824%;--awb-width-small:100%;--awb-order-small:0;--awb-spacing-right-small:1.92%;--awb-spacing-left-small:1.92%;\"><div class=\"fusion-column-wrapper fusion-column-has-shadow fusion-flex-justify-content-flex-start fusion-content-layout-column\"><style type=\"text\/css\">.fusion-faqs-wrapper #accordian-1 .fusion-panel { border-color:var(--awb-color3); }.fusion-faqs-wrapper #accordian-1 .fusion-panel:hover{ border-color: var(--awb-color3); }.fusion-accordian #accordian-1 .panel-title a .fa-fusion-box:before{ font-size: 16px;width: 16px;}.fusion-accordian #accordian-1 .panel-title a .fa-fusion-box{ color: var(--awb-color1);}.fusion-accordian  #accordian-1 .panel-title a{font-family:-apple-system, BlinkMacSystemFont, 'Segoe UI', Roboto, Oxygen-Sans, Ubuntu, Cantarell, 'Helvetica Neue' ,sans-serif;font-style:normal;font-weight:400;}.fusion-accordian  #accordian-1 .panel-title a:not(:hover){}.fusion-accordian  #accordian-1 .toggle-content{font-family:-apple-system, BlinkMacSystemFont, 'Segoe UI', Roboto, Oxygen-Sans, Ubuntu, Cantarell, 'Helvetica Neue' ,sans-serif;font-style:normal;font-weight:400;}.fusion-accordian #accordian-1 .fa-fusion-box { background-color: var(--awb-color7) !important;border-color: var(--awb-color7) !important;}.fusion-accordian #accordian-1 .panel-title a:hover,.fusion-accordian #accordian-1 .panel-title a.hover { color: var(--awb-color6);}.fusion-faq-shortcode .fusion-accordian #accordian-1 .fusion-toggle-boxed-mode:hover .panel-title a { color: var(--awb-color6);}.fusion-accordian #accordian-1 .panel-title .active .fa-fusion-box,.fusion-accordian #accordian-1 .panel-title a:hover .fa-fusion-box,.fusion-accordian #accordian-1 .panel-title a.hover .fa-fusion-box { background-color: var(--awb-color6)!important;border-color: var(--awb-color6)!important;}<\/style><div class=\"fusion-faq-shortcode\" style=\"\"><div class=\"fusion-faqs-wrapper\"><div class=\"accordian fusion-accordian\"><div class=\"panel-group \" id=\"accordian-1\"><div class=\"fusion-panel panel-default fusion-faq-post fusion-faq-post-6522 \"><span class=\"entry-title rich-snippet-hidden\">Voc\u00eas oferecem servi\u00e7os ODM e OEM?<\/span><span class=\"vcard rich-snippet-hidden\"><span class=\"fn\"><a href=\"https:\/\/miomicon.com\/pt-br\/author\/miomicon\/\" title=\"Posts de miomicon\" rel=\"author\">miomicon<\/a><\/span><\/span><span class=\"updated rich-snippet-hidden\">2022-08-24T13:43:57+08:00<\/span><div class=\"panel-heading\"><h4 id=\"faq_1-6522\" class=\"panel-title toggle\"><a data-toggle=\"collapse\" class=\"collapsed\" data-parent=\"#accordian-1\" data-target=\"#collapse-1-6522\" href=\"#collapse-1-6522\" aria-expanded=\"false\"><div class=\"fusion-toggle-icon-wrapper\"><div class=\"fusion-toggle-icon-wrapper-main\"><div class=\"fusion-toggle-icon-wrapper-sub\"><i class=\"fa-fusion-box active-icon awb-icon-minus\" aria-hidden=\"true\"><\/i><i class=\"fa-fusion-box inactive-icon awb-icon-plus\" aria-hidden=\"true\"><\/i><\/div><\/div><\/div><div class=\"fusion-toggle-heading\">Voc\u00eas oferecem servi\u00e7os ODM e OEM?<\/div><\/a><\/h4><\/div><div id=\"collapse-1-6522\" aria-labelledby=\"faq_1-6522\" class=\"panel-collapse collapse\"><div class=\"panel-body toggle-content post-content\"><p>Sim, oferecemos servi\u00e7os ODM e OEM a muitos clientes na personaliza\u00e7\u00e3o de embalagens e lentes.<\/p>\n<\/div><\/div><\/div><div class=\"fusion-panel panel-default fusion-faq-post fusion-faq-post-6523 \"><span class=\"entry-title rich-snippet-hidden\">Qual \u00e9 o seu prazo de entrega e envio?<\/span><span class=\"vcard rich-snippet-hidden\"><span class=\"fn\"><a href=\"https:\/\/miomicon.com\/pt-br\/author\/miomicon\/\" title=\"Posts de miomicon\" rel=\"author\">miomicon<\/a><\/span><\/span><span class=\"updated rich-snippet-hidden\">2022-08-24T13:46:14+08:00<\/span><div class=\"panel-heading\"><h4 id=\"faq_1-6523\" class=\"panel-title toggle\"><a data-toggle=\"collapse\" class=\"collapsed\" data-parent=\"#accordian-1\" data-target=\"#collapse-1-6523\" href=\"#collapse-1-6523\" aria-expanded=\"false\"><div class=\"fusion-toggle-icon-wrapper\"><div class=\"fusion-toggle-icon-wrapper-main\"><div class=\"fusion-toggle-icon-wrapper-sub\"><i class=\"fa-fusion-box active-icon awb-icon-minus\" aria-hidden=\"true\"><\/i><i class=\"fa-fusion-box inactive-icon awb-icon-plus\" aria-hidden=\"true\"><\/i><\/div><\/div><\/div><div class=\"fusion-toggle-heading\">Qual \u00e9 o seu prazo de entrega e envio?<\/div><\/a><\/h4><\/div><div id=\"collapse-1-6523\" aria-labelledby=\"faq_1-6523\" class=\"panel-collapse collapse\"><div class=\"panel-body toggle-content post-content\"><p>Em at\u00e9 7 dias para pedidos da nossa marca, em at\u00e9 20 dias para pedidos de marcas personalizadas. Enviamos a maioria das encomendas por correio expresso ou de acordo com a solicita\u00e7\u00e3o dos clientes. <\/p>\n<\/div><\/div><\/div><div class=\"fusion-panel panel-default fusion-faq-post fusion-faq-post-6524 \"><span class=\"entry-title rich-snippet-hidden\">Quais m\u00e9todos de pagamento voc\u00eas aceitam?<\/span><span class=\"vcard rich-snippet-hidden\"><span class=\"fn\"><a href=\"https:\/\/miomicon.com\/pt-br\/author\/miomicon\/\" title=\"Posts de miomicon\" rel=\"author\">miomicon<\/a><\/span><\/span><span class=\"updated rich-snippet-hidden\">2022-08-24T13:52:56+08:00<\/span><div class=\"panel-heading\"><h4 id=\"faq_1-6524\" class=\"panel-title toggle\"><a data-toggle=\"collapse\" class=\"collapsed\" data-parent=\"#accordian-1\" data-target=\"#collapse-1-6524\" href=\"#collapse-1-6524\" aria-expanded=\"false\"><div class=\"fusion-toggle-icon-wrapper\"><div class=\"fusion-toggle-icon-wrapper-main\"><div class=\"fusion-toggle-icon-wrapper-sub\"><i class=\"fa-fusion-box active-icon awb-icon-minus\" aria-hidden=\"true\"><\/i><i class=\"fa-fusion-box inactive-icon awb-icon-plus\" aria-hidden=\"true\"><\/i><\/div><\/div><\/div><div class=\"fusion-toggle-heading\">Quais m\u00e9todos de pagamento voc\u00eas aceitam?<\/div><\/a><\/h4><\/div><div id=\"collapse-1-6524\" aria-labelledby=\"faq_1-6524\" class=\"panel-collapse collapse\"><div class=\"panel-body toggle-content post-content\"><p>A maioria dos nossos clientes paga atrav\u00e9s de T\/T, PayPal, cart\u00e3o de cr\u00e9dito, West Union, Money Gram.<\/p>\n<\/div><\/div><\/div><div class=\"fusion-panel panel-default fusion-faq-post fusion-faq-post-6521 \"><span class=\"entry-title rich-snippet-hidden\">Aceitam encomendas de pequenas quantidades para come\u00e7ar?<\/span><span class=\"vcard rich-snippet-hidden\"><span class=\"fn\"><a href=\"https:\/\/miomicon.com\/pt-br\/author\/miomicon\/\" title=\"Posts de miomicon\" rel=\"author\">miomicon<\/a><\/span><\/span><span class=\"updated rich-snippet-hidden\">2022-08-24T13:54:04+08:00<\/span><div class=\"panel-heading\"><h4 id=\"faq_1-6521\" class=\"panel-title toggle\"><a data-toggle=\"collapse\" class=\"collapsed\" data-parent=\"#accordian-1\" data-target=\"#collapse-1-6521\" href=\"#collapse-1-6521\" aria-expanded=\"false\"><div class=\"fusion-toggle-icon-wrapper\"><div class=\"fusion-toggle-icon-wrapper-main\"><div class=\"fusion-toggle-icon-wrapper-sub\"><i class=\"fa-fusion-box active-icon awb-icon-minus\" aria-hidden=\"true\"><\/i><i class=\"fa-fusion-box inactive-icon awb-icon-plus\" aria-hidden=\"true\"><\/i><\/div><\/div><\/div><div class=\"fusion-toggle-heading\">Aceitam encomendas de pequenas quantidades para come\u00e7ar?<\/div><\/a><\/h4><\/div><div id=\"collapse-1-6521\" aria-labelledby=\"faq_1-6521\" class=\"panel-collapse collapse\"><div class=\"panel-body toggle-content post-content\"><p>Sim, adorar\u00edamos apoiar nossos clientes com pequenas quantidades de pedidos.<\/p>\n<\/div><\/div><\/div><div class=\"fusion-panel panel-default fusion-faq-post fusion-faq-post-6520 \"><span class=\"entry-title rich-snippet-hidden\">O que s\u00e3o lentes de contato OEM\/ODM?<\/span><span class=\"vcard rich-snippet-hidden\"><span class=\"fn\"><a href=\"https:\/\/miomicon.com\/pt-br\/author\/miomicon\/\" title=\"Posts de miomicon\" rel=\"author\">miomicon<\/a><\/span><\/span><span class=\"updated rich-snippet-hidden\">2025-11-10T17:10:22+08:00<\/span><div class=\"panel-heading\"><h4 id=\"faq_1-6520\" class=\"panel-title toggle\"><a data-toggle=\"collapse\" class=\"collapsed\" data-parent=\"#accordian-1\" data-target=\"#collapse-1-6520\" href=\"#collapse-1-6520\" aria-expanded=\"false\"><div class=\"fusion-toggle-icon-wrapper\"><div class=\"fusion-toggle-icon-wrapper-main\"><div class=\"fusion-toggle-icon-wrapper-sub\"><i class=\"fa-fusion-box active-icon awb-icon-minus\" aria-hidden=\"true\"><\/i><i class=\"fa-fusion-box inactive-icon awb-icon-plus\" aria-hidden=\"true\"><\/i><\/div><\/div><\/div><div class=\"fusion-toggle-heading\">O que s\u00e3o lentes de contato OEM\/ODM?<\/div><\/a><\/h4><\/div><div id=\"collapse-1-6520\" aria-labelledby=\"faq_1-6520\" class=\"panel-collapse collapse\"><div class=\"panel-body toggle-content post-content\"><p>Lentes de contato OEM (fabricante de equipamento original) significa que a empresa fabrica as lentes de contato, mas os produtos s\u00e3o vendidos por outra empresa comercial ou varejista. A OEM de lentes de contato concentra-se apenas na fabrica\u00e7\u00e3o, n\u00e3o no mercado. O objetivo da empresa \u00e9 produzir alta qualidade que atenda \u00e0s necessidades dos comerciantes e clientes.  <\/p>\n<p>Lentes de contato ODM (fabricante de design original) \u00e9 uma empresa que ajuda outras empresas a projetar e fabricar lentes de contato.<\/p>\n<p>Em geral, uma empresa que pode fornecer servi\u00e7os OEM\/OEM precisa ter capacidade suficiente para projetar e desenvolver.<\/p>\n<p>Como fabricante de lentes de contato da marca, miomi pode ajud\u00e1-lo a personalizar o padr\u00e3o das lentes de contato, lentes embalagem, empresa logotipo.<\/p>\n<p>&nbsp;<\/p>\n<\/div><\/div><\/div><div class=\"fusion-panel panel-default fusion-faq-post fusion-faq-post-6519 \"><span class=\"entry-title rich-snippet-hidden\">MOQ contato lentes\uff1f<\/span><span class=\"vcard rich-snippet-hidden\"><span class=\"fn\"><a href=\"https:\/\/miomicon.com\/pt-br\/author\/miomicon\/\" title=\"Posts de miomicon\" rel=\"author\">miomicon<\/a><\/span><\/span><span class=\"updated rich-snippet-hidden\">2025-11-10T17:15:49+08:00<\/span><div class=\"panel-heading\"><h4 id=\"faq_1-6519\" class=\"panel-title toggle\"><a data-toggle=\"collapse\" class=\"collapsed\" data-parent=\"#accordian-1\" data-target=\"#collapse-1-6519\" href=\"#collapse-1-6519\" aria-expanded=\"false\"><div class=\"fusion-toggle-icon-wrapper\"><div class=\"fusion-toggle-icon-wrapper-main\"><div class=\"fusion-toggle-icon-wrapper-sub\"><i class=\"fa-fusion-box active-icon awb-icon-minus\" aria-hidden=\"true\"><\/i><i class=\"fa-fusion-box inactive-icon awb-icon-plus\" aria-hidden=\"true\"><\/i><\/div><\/div><\/div><div class=\"fusion-toggle-heading\">MOQ contato lentes\uff1f<\/div><\/a><\/h4><\/div><div id=\"collapse-1-6519\" aria-labelledby=\"faq_1-6519\" class=\"panel-collapse collapse\"><div class=\"panel-body toggle-content post-content\"><p>Se voc\u00ea \u00e9 OEM\/ODM de lentes de contato anuais para sua pr\u00f3pria marca, precisa encomendar pelo menos 1000 pares de lentes de contato, enquanto que para miomi o pedido m\u00ednimo \u00e9 de apenas 50 pares. Se voc\u00ea \u00e9 OEM\/ODM de lentes de contato di\u00e1rias para sua pr\u00f3pria marca, precisa encomendar 500 caixas de cada cor, totalizando pelo menos 10.000 caixas com adesivo de folha de alum\u00ednio. <\/p>\n<p>Se voc\u00ea n\u00e3o puder adquirir 10.000 caixas com adesivo de folha de alum\u00ednio, sugerimos que voc\u00ea fa\u00e7a adesivos de papel com a quantidade de 1.000 caixas.<\/p>\n<\/div><\/div><\/div><div class=\"fusion-panel panel-default fusion-faq-post fusion-faq-post-6518 \"><span class=\"entry-title rich-snippet-hidden\">O que \u00e9 o processamento de pedidos OEM?<\/span><span class=\"vcard rich-snippet-hidden\"><span class=\"fn\"><a href=\"https:\/\/miomicon.com\/pt-br\/author\/miomicon\/\" title=\"Posts de miomicon\" rel=\"author\">miomicon<\/a><\/span><\/span><span class=\"updated rich-snippet-hidden\">2025-11-10T17:18:23+08:00<\/span><div class=\"panel-heading\"><h4 id=\"faq_1-6518\" class=\"panel-title toggle\"><a data-toggle=\"collapse\" class=\"collapsed\" data-parent=\"#accordian-1\" data-target=\"#collapse-1-6518\" href=\"#collapse-1-6518\" aria-expanded=\"false\"><div class=\"fusion-toggle-icon-wrapper\"><div class=\"fusion-toggle-icon-wrapper-main\"><div class=\"fusion-toggle-icon-wrapper-sub\"><i class=\"fa-fusion-box active-icon awb-icon-minus\" aria-hidden=\"true\"><\/i><i class=\"fa-fusion-box inactive-icon awb-icon-plus\" aria-hidden=\"true\"><\/i><\/div><\/div><\/div><div class=\"fusion-toggle-heading\">O que \u00e9 o processamento de pedidos OEM?<\/div><\/a><\/h4><\/div><div id=\"collapse-1-6518\" aria-labelledby=\"faq_1-6518\" class=\"panel-collapse collapse\"><div class=\"panel-body toggle-content post-content\"><p>Primeiramente, informe a quantidade e o esbo\u00e7o do design da embalagem, se tiver. Cobraremos um dep\u00f3sito de 30% e o saldo de 70% ser\u00e1 efetuado antes do envio. <\/p>\n<\/div><\/div><\/div><div class=\"fusion-panel panel-default fusion-faq-post fusion-faq-post-6517 \"><span class=\"entry-title rich-snippet-hidden\">Posso solicitar algumas amostras para testar?<\/span><span class=\"vcard rich-snippet-hidden\"><span class=\"fn\"><a href=\"https:\/\/miomicon.com\/pt-br\/author\/miomicon\/\" title=\"Posts de miomicon\" rel=\"author\">miomicon<\/a><\/span><\/span><span class=\"updated rich-snippet-hidden\">2025-11-10T17:19:27+08:00<\/span><div class=\"panel-heading\"><h4 id=\"faq_1-6517\" class=\"panel-title toggle\"><a data-toggle=\"collapse\" class=\"collapsed\" data-parent=\"#accordian-1\" data-target=\"#collapse-1-6517\" href=\"#collapse-1-6517\" aria-expanded=\"false\"><div class=\"fusion-toggle-icon-wrapper\"><div class=\"fusion-toggle-icon-wrapper-main\"><div class=\"fusion-toggle-icon-wrapper-sub\"><i class=\"fa-fusion-box active-icon awb-icon-minus\" aria-hidden=\"true\"><\/i><i class=\"fa-fusion-box inactive-icon awb-icon-plus\" aria-hidden=\"true\"><\/i><\/div><\/div><\/div><div class=\"fusion-toggle-heading\">Posso solicitar algumas amostras para testar?<\/div><\/a><\/h4><\/div><div id=\"collapse-1-6517\" aria-labelledby=\"faq_1-6517\" class=\"panel-collapse collapse\"><div class=\"panel-body toggle-content post-content\"><p>Sim, podemos ajud\u00e1-lo a construir sua marca de lentes de contato personalizando o logotipo e a embalagem para voc\u00ea. Contamos com uma equipe experiente de assistentes de marca para clientes de lentes de contato coloridas. N\u00e3o hesite em entrar em contato conosco.  <\/p>\n<\/div><\/div><\/div><div class=\"fusion-panel panel-default fusion-faq-post fusion-faq-post-6516 \"><span class=\"entry-title rich-snippet-hidden\">Quero criar minha pr\u00f3pria marca de lentes de contato. Voc\u00ea pode me ajudar?<\/span><span class=\"vcard rich-snippet-hidden\"><span class=\"fn\"><a href=\"https:\/\/miomicon.com\/pt-br\/author\/miomicon\/\" title=\"Posts de miomicon\" rel=\"author\">miomicon<\/a><\/span><\/span><span class=\"updated rich-snippet-hidden\">2025-11-10T17:20:27+08:00<\/span><div class=\"panel-heading\"><h4 id=\"faq_1-6516\" class=\"panel-title toggle\"><a data-toggle=\"collapse\" class=\"collapsed\" data-parent=\"#accordian-1\" data-target=\"#collapse-1-6516\" href=\"#collapse-1-6516\" aria-expanded=\"false\"><div class=\"fusion-toggle-icon-wrapper\"><div class=\"fusion-toggle-icon-wrapper-main\"><div class=\"fusion-toggle-icon-wrapper-sub\"><i class=\"fa-fusion-box active-icon awb-icon-minus\" aria-hidden=\"true\"><\/i><i class=\"fa-fusion-box inactive-icon awb-icon-plus\" aria-hidden=\"true\"><\/i><\/div><\/div><\/div><div class=\"fusion-toggle-heading\">Quero criar minha pr\u00f3pria marca de lentes de contato. Voc\u00ea pode me ajudar?<\/div><\/a><\/h4><\/div><div id=\"collapse-1-6516\" aria-labelledby=\"faq_1-6516\" class=\"panel-collapse collapse\"><div class=\"panel-body toggle-content post-content\"><p>Entre em contato com nosso vendedor, ela ir\u00e1 ajud\u00e1-lo voc\u00ea um passo por passo.<\/p>\n<\/div><\/div><\/div><div class=\"fusion-panel panel-default fusion-faq-post fusion-faq-post-6515 \"><span class=\"entry-title rich-snippet-hidden\">Como \u00e9 o seu servi\u00e7o p\u00f3s-venda para o produto?<\/span><span class=\"vcard rich-snippet-hidden\"><span class=\"fn\"><a href=\"https:\/\/miomicon.com\/pt-br\/author\/miomicon\/\" title=\"Posts de miomicon\" rel=\"author\">miomicon<\/a><\/span><\/span><span class=\"updated rich-snippet-hidden\">2025-11-10T17:21:58+08:00<\/span><div class=\"panel-heading\"><h4 id=\"faq_1-6515\" class=\"panel-title toggle\"><a data-toggle=\"collapse\" class=\"collapsed\" data-parent=\"#accordian-1\" data-target=\"#collapse-1-6515\" href=\"#collapse-1-6515\" aria-expanded=\"false\"><div class=\"fusion-toggle-icon-wrapper\"><div class=\"fusion-toggle-icon-wrapper-main\"><div class=\"fusion-toggle-icon-wrapper-sub\"><i class=\"fa-fusion-box active-icon awb-icon-minus\" aria-hidden=\"true\"><\/i><i class=\"fa-fusion-box inactive-icon awb-icon-plus\" aria-hidden=\"true\"><\/i><\/div><\/div><\/div><div class=\"fusion-toggle-heading\">Como \u00e9 o seu servi\u00e7o p\u00f3s-venda para o produto?<\/div><\/a><\/h4><\/div><div id=\"collapse-1-6515\" aria-labelledby=\"faq_1-6515\" class=\"panel-collapse collapse\"><div class=\"panel-body toggle-content post-content\"><p>Se o problema com a mercadoria for causado por nossa parte, n\u00f3s seremos respons\u00e1veis por dar um feedback em 1-2 dias \u00fateis e enviar uma notifica\u00e7\u00e3o por e-mail. a13&gt; feedback em 1-2 dias \u00fateis e retornaremos em 1 semana.<\/p>\n<\/div><\/div><\/div><div class=\"fusion-panel panel-default fusion-faq-post fusion-faq-post-6513 \"><span class=\"entry-title rich-snippet-hidden\">Como obter o servi\u00e7o de lentes de contato OEM\/ODM?<\/span><span class=\"vcard rich-snippet-hidden\"><span class=\"fn\"><a href=\"https:\/\/miomicon.com\/pt-br\/author\/miomicon\/\" title=\"Posts de miomicon\" rel=\"author\">miomicon<\/a><\/span><\/span><span class=\"updated rich-snippet-hidden\">2025-11-10T17:23:42+08:00<\/span><div class=\"panel-heading\"><h4 id=\"faq_1-6513\" class=\"panel-title toggle\"><a data-toggle=\"collapse\" class=\"collapsed\" data-parent=\"#accordian-1\" data-target=\"#collapse-1-6513\" href=\"#collapse-1-6513\" aria-expanded=\"false\"><div class=\"fusion-toggle-icon-wrapper\"><div class=\"fusion-toggle-icon-wrapper-main\"><div class=\"fusion-toggle-icon-wrapper-sub\"><i class=\"fa-fusion-box active-icon awb-icon-minus\" aria-hidden=\"true\"><\/i><i class=\"fa-fusion-box inactive-icon awb-icon-plus\" aria-hidden=\"true\"><\/i><\/div><\/div><\/div><div class=\"fusion-toggle-heading\">Como obter o servi\u00e7o de lentes de contato OEM\/ODM?<\/div><\/a><\/h4><\/div><div id=\"collapse-1-6513\" aria-labelledby=\"faq_1-6513\" class=\"panel-collapse collapse\"><div class=\"panel-body toggle-content post-content\"><p>Se voc\u00ea deseja obter nosso servi\u00e7o OEM\/ODM, entre em contato conosco por e-mail ou WhatsApp.<\/p>\n<p>O que voc\u00ea deve saber antes de receber nossos servi\u00e7os ODM\/OEM<\/p>\n<p>1. Basta nos informar suas necessidades e o que voc\u00ea deseja. Podemos personalizar o melhor design para voc\u00ea, incluindo o logotipo, o estilo das lentes de contato e a embalagem das lentes de contato. Voc\u00ea pode conferir nosso cat\u00e1logo de lentes de contato.  <\/p>\n<p>2. Discutiremos a poss\u00edvel implementa\u00e7\u00e3o do programa, ap\u00f3s discuss\u00e3o cont\u00ednua. Em seguida, elaboraremos o plano de produ\u00e7\u00e3o.<\/p>\n<p>3. Faremos uma oferta razo\u00e1vel com base na complexidade do programa e nas quantidades dos seus produtos.<\/p>\n<p>4. A fase de design e produ\u00e7\u00e3o do produto. Entretanto, iremos fornecer-lhe feedback e informa\u00e7\u00f5es sobre o processo de produ\u00e7\u00e3o. <\/p>\n<p>5. N\u00f3s prometemos que o produto passar\u00e1 no teste de qualidade &lt; a9&gt; e finalmente entregaremos a amostra a voc\u00ea at\u00e9 que voc\u00ea esteja satisfeito.<\/p>\n<\/div><\/div><\/div><div class=\"fusion-panel panel-default fusion-faq-post fusion-faq-post-6514 \"><span class=\"entry-title rich-snippet-hidden\">O processo de lentes de contato OEM\/ODM?<\/span><span class=\"vcard rich-snippet-hidden\"><span class=\"fn\"><a href=\"https:\/\/miomicon.com\/pt-br\/author\/miomicon\/\" title=\"Posts de miomicon\" rel=\"author\">miomicon<\/a><\/span><\/span><span class=\"updated rich-snippet-hidden\">2026-02-15T11:22:17+08:00<\/span><div class=\"panel-heading\"><h4 id=\"faq_1-6514\" class=\"panel-title toggle\"><a data-toggle=\"collapse\" class=\"collapsed\" data-parent=\"#accordian-1\" data-target=\"#collapse-1-6514\" href=\"#collapse-1-6514\" aria-expanded=\"false\"><div class=\"fusion-toggle-icon-wrapper\"><div class=\"fusion-toggle-icon-wrapper-main\"><div class=\"fusion-toggle-icon-wrapper-sub\"><i class=\"fa-fusion-box active-icon awb-icon-minus\" aria-hidden=\"true\"><\/i><i class=\"fa-fusion-box inactive-icon awb-icon-plus\" aria-hidden=\"true\"><\/i><\/div><\/div><\/div><div class=\"fusion-toggle-heading\">O processo de lentes de contato OEM\/ODM?<\/div><\/a><\/h4><\/div><div id=\"collapse-1-6514\" aria-labelledby=\"faq_1-6514\" class=\"panel-collapse collapse\"><div class=\"panel-body toggle-content post-content\"><p>1. Detalhes da oferta ao cliente<\/p>\n<p>2. Discuss\u00e3o sobre os requisitos<\/p>\n<p>3. Cronograma e or\u00e7amento<\/p>\n<p>4. confirma\u00e7\u00e3o e acordo<\/p>\n<p>5. pagar 30% de dep\u00f3sito<\/p>\n<p>6. Projeto e prova do molde<\/p>\n<p>7. O cliente recebe a amostra e testa a amostra das lentes de contato.<\/p>\n<p>8. Confirme a amostra at\u00e9 que o cliente esteja satisfeito.<\/p>\n<p>9. Produ\u00e7\u00e3o em massa de lentes de contato<\/p>\n<\/div><\/div><\/div><\/div><\/div><\/div><\/div><\/div><\/div><\/div><\/div>\n","protected":false},"excerpt":{"rendered":"","protected":false},"author":1,"featured_media":0,"parent":0,"menu_order":0,"comment_status":"closed","ping_status":"closed","template":"100-width.php","meta":{"footnotes":""},"class_list":["post-5885","page","type-page","status-publish","hentry"],"_links":{"self":[{"href":"https:\/\/miomicon.com\/pt-br\/wp-json\/wp\/v2\/pages\/5885","targetHints":{"allow":["GET"]}}],"collection":[{"href":"https:\/\/miomicon.com\/pt-br\/wp-json\/wp\/v2\/pages"}],"about":[{"href":"https:\/\/miomicon.com\/pt-br\/wp-json\/wp\/v2\/types\/page"}],"author":[{"embeddable":true,"href":"https:\/\/miomicon.com\/pt-br\/wp-json\/wp\/v2\/users\/1"}],"replies":[{"embeddable":true,"href":"https:\/\/miomicon.com\/pt-br\/wp-json\/wp\/v2\/comments?post=5885"}],"version-history":[{"count":0,"href":"https:\/\/miomicon.com\/pt-br\/wp-json\/wp\/v2\/pages\/5885\/revisions"}],"wp:attachment":[{"href":"https:\/\/miomicon.com\/pt-br\/wp-json\/wp\/v2\/media?parent=5885"}],"curies":[{"name":"wp","href":"https:\/\/api.w.org\/{rel}","templated":true}]}}