{"id":9863,"date":"2025-11-03T15:25:01","date_gmt":"2025-11-03T07:25:01","guid":{"rendered":"https:\/\/miomicon.com\/product\/lentilles-de-contact-colorees-nonno\/"},"modified":"2026-03-09T09:34:12","modified_gmt":"2026-03-09T01:34:12","slug":"lentilles-de-contact-colorees-nonno","status":"publish","type":"product","link":"https:\/\/miomicon.com\/fr\/produit\/lentilles-de-contact-colorees-nonno\/","title":{"rendered":"Lentilles de contact color\u00e9es Nonno"},"content":{"rendered":"<div class=\"table-1\">\n<table style=\"height: 100%;\" width=\"100%\">\n<tbody>\n<tr>\n<td>Mat\u00e9riau : HEMA<\/td>\n<td>Lentille souple : souple<\/td>\n<\/tr>\n<tr>\n<td>Diam\u00e8tre :<strong> 14,5 mm<\/strong><\/td>\n<td>Tonalit\u00e9 : <strong>3<\/strong><\/td>\n<\/tr>\n<tr>\n<td>\u00c9paisseur centrale : 0,08 mm<\/td>\n<td>Courbure de base : 8,6 mm<\/td>\n<\/tr>\n<tr>\n<td>Jetable : chaque ann\u00e9e<\/td>\n<td>Dur\u00e9e de conservation : 5 ans<\/td>\n<\/tr>\n<tr>\n<td>Puissance : 0,00<\/td>\n<td>Teneur en eau : 40 %<\/td>\n<\/tr>\n<tr>\n<td>Lieu d&rsquo;origine : Chine, Cor\u00e9e<\/td>\n<td>Emballage : Blister (2 pi\u00e8ces par bo\u00eete)<\/td>\n<\/tr>\n<tr>\n<td colspan=\"2\">Variantes de couleur ( <strong>7<\/strong> disponibles) : <strong>Violet, Vert, Bleu, Gris, Noisette, Rouge, Marron<\/strong><\/td>\n<\/tr>\n<\/tbody>\n<\/table>\n<\/div>\n<p>&nbsp;<\/p>\n<p><img decoding=\"async\" class=\"lazyload alignnone size-full wp-image-2942\" src=\"https:\/\/miomicon.com\/wp-content\/uploads\/2025\/11\/A-brown-eyes-model-showcasing-Nonno-natural-colored_yythkg.jpg\" data-orig-src=\"https:\/\/miomicon.com\/wp-content\/uploads\/2025\/11\/A-brown-eyes-model-showcasing-Nonno-natural-colored_yythkg.jpg\" alt=\"\" width=\"1080\" height=\"1080\" title=\"\" srcset=\"data:image\/svg+xml,%3Csvg%20xmlns%3D%27http%3A%2F%2Fwww.w3.org%2F2000%2Fsvg%27%20width%3D%271080%27%20height%3D%271080%27%20viewBox%3D%270%200%201080%201080%27%3E%3Crect%20width%3D%271080%27%20height%3D%271080%27%20fill-opacity%3D%220%22%2F%3E%3C%2Fsvg%3E\" data-srcset=\"https:\/\/miomicon.com\/wp-content\/uploads\/2025\/11\/A-brown-eyes-model-showcasing-Nonno-natural-colored_yythkg-66x66.jpg 66w, https:\/\/miomicon.com\/wp-content\/uploads\/2025\/11\/A-brown-eyes-model-showcasing-Nonno-natural-colored_yythkg-150x150.jpg 150w, https:\/\/miomicon.com\/wp-content\/uploads\/2025\/11\/A-brown-eyes-model-showcasing-Nonno-natural-colored_yythkg-200x200.jpg 200w, https:\/\/miomicon.com\/wp-content\/uploads\/2025\/11\/A-brown-eyes-model-showcasing-Nonno-natural-colored_yythkg-300x300.jpg 300w, https:\/\/miomicon.com\/wp-content\/uploads\/2025\/11\/A-brown-eyes-model-showcasing-Nonno-natural-colored_yythkg-400x400.jpg 400w, https:\/\/miomicon.com\/wp-content\/uploads\/2025\/11\/A-brown-eyes-model-showcasing-Nonno-natural-colored_yythkg-500x500.jpg 500w, https:\/\/miomicon.com\/wp-content\/uploads\/2025\/11\/A-brown-eyes-model-showcasing-Nonno-natural-colored_yythkg-600x600.jpg 600w, https:\/\/miomicon.com\/wp-content\/uploads\/2025\/11\/A-brown-eyes-model-showcasing-Nonno-natural-colored_yythkg-700x700.jpg 700w, https:\/\/miomicon.com\/wp-content\/uploads\/2025\/11\/A-brown-eyes-model-showcasing-Nonno-natural-colored_yythkg-768x768.jpg 768w, https:\/\/miomicon.com\/wp-content\/uploads\/2025\/11\/A-brown-eyes-model-showcasing-Nonno-natural-colored_yythkg-800x800.jpg 800w, https:\/\/miomicon.com\/wp-content\/uploads\/2025\/11\/A-brown-eyes-model-showcasing-Nonno-natural-colored_yythkg-1024x1024.jpg 1024w, https:\/\/miomicon.com\/wp-content\/uploads\/2025\/11\/A-brown-eyes-model-showcasing-Nonno-natural-colored_yythkg.jpg 1080w\" data-sizes=\"auto\" data-orig-sizes=\"(max-width: 1080px) 100vw, 1080px\" \/> <img decoding=\"async\" class=\"lazyload alignnone size-full wp-image-2939\" src=\"https:\/\/miomicon.com\/wp-content\/uploads\/2025\/11\/Grid-layout-of-Nonno-colored-contact-lenses-in_yyth.jpg\" data-orig-src=\"https:\/\/miomicon.com\/wp-content\/uploads\/2025\/11\/Grid-layout-of-Nonno-colored-contact-lenses-in_yyth.jpg\" alt=\"\" width=\"1080\" height=\"1080\" title=\"\" srcset=\"data:image\/svg+xml,%3Csvg%20xmlns%3D%27http%3A%2F%2Fwww.w3.org%2F2000%2Fsvg%27%20width%3D%271080%27%20height%3D%271080%27%20viewBox%3D%270%200%201080%201080%27%3E%3Crect%20width%3D%271080%27%20height%3D%271080%27%20fill-opacity%3D%220%22%2F%3E%3C%2Fsvg%3E\" data-srcset=\"https:\/\/miomicon.com\/wp-content\/uploads\/2025\/11\/Grid-layout-of-Nonno-colored-contact-lenses-in_yyth-66x66.jpg 66w, https:\/\/miomicon.com\/wp-content\/uploads\/2025\/11\/Grid-layout-of-Nonno-colored-contact-lenses-in_yyth-150x150.jpg 150w, https:\/\/miomicon.com\/wp-content\/uploads\/2025\/11\/Grid-layout-of-Nonno-colored-contact-lenses-in_yyth-200x200.jpg 200w, https:\/\/miomicon.com\/wp-content\/uploads\/2025\/11\/Grid-layout-of-Nonno-colored-contact-lenses-in_yyth-300x300.jpg 300w, https:\/\/miomicon.com\/wp-content\/uploads\/2025\/11\/Grid-layout-of-Nonno-colored-contact-lenses-in_yyth-400x400.jpg 400w, https:\/\/miomicon.com\/wp-content\/uploads\/2025\/11\/Grid-layout-of-Nonno-colored-contact-lenses-in_yyth-500x500.jpg 500w, https:\/\/miomicon.com\/wp-content\/uploads\/2025\/11\/Grid-layout-of-Nonno-colored-contact-lenses-in_yyth-600x600.jpg 600w, https:\/\/miomicon.com\/wp-content\/uploads\/2025\/11\/Grid-layout-of-Nonno-colored-contact-lenses-in_yyth-700x700.jpg 700w, https:\/\/miomicon.com\/wp-content\/uploads\/2025\/11\/Grid-layout-of-Nonno-colored-contact-lenses-in_yyth-768x768.jpg 768w, https:\/\/miomicon.com\/wp-content\/uploads\/2025\/11\/Grid-layout-of-Nonno-colored-contact-lenses-in_yyth-800x800.jpg 800w, https:\/\/miomicon.com\/wp-content\/uploads\/2025\/11\/Grid-layout-of-Nonno-colored-contact-lenses-in_yyth-1024x1024.jpg 1024w, https:\/\/miomicon.com\/wp-content\/uploads\/2025\/11\/Grid-layout-of-Nonno-colored-contact-lenses-in_yyth.jpg 1080w\" data-sizes=\"auto\" data-orig-sizes=\"(max-width: 1080px) 100vw, 1080px\" \/> <img decoding=\"async\" class=\"lazyload alignnone size-full wp-image-2943\" src=\"https:\/\/miomicon.com\/wp-content\/uploads\/2025\/11\/A-display-of-Nonno-colored-contact-lenses-in_yythkg.jpg\" data-orig-src=\"https:\/\/miomicon.com\/wp-content\/uploads\/2025\/11\/A-display-of-Nonno-colored-contact-lenses-in_yythkg.jpg\" alt=\"\" width=\"1080\" height=\"1080\" title=\"\" srcset=\"data:image\/svg+xml,%3Csvg%20xmlns%3D%27http%3A%2F%2Fwww.w3.org%2F2000%2Fsvg%27%20width%3D%271080%27%20height%3D%271080%27%20viewBox%3D%270%200%201080%201080%27%3E%3Crect%20width%3D%271080%27%20height%3D%271080%27%20fill-opacity%3D%220%22%2F%3E%3C%2Fsvg%3E\" data-srcset=\"https:\/\/miomicon.com\/wp-content\/uploads\/2025\/11\/A-display-of-Nonno-colored-contact-lenses-in_yythkg-66x66.jpg 66w, https:\/\/miomicon.com\/wp-content\/uploads\/2025\/11\/A-display-of-Nonno-colored-contact-lenses-in_yythkg-150x150.jpg 150w, https:\/\/miomicon.com\/wp-content\/uploads\/2025\/11\/A-display-of-Nonno-colored-contact-lenses-in_yythkg-200x200.jpg 200w, https:\/\/miomicon.com\/wp-content\/uploads\/2025\/11\/A-display-of-Nonno-colored-contact-lenses-in_yythkg-300x300.jpg 300w, https:\/\/miomicon.com\/wp-content\/uploads\/2025\/11\/A-display-of-Nonno-colored-contact-lenses-in_yythkg-400x400.jpg 400w, https:\/\/miomicon.com\/wp-content\/uploads\/2025\/11\/A-display-of-Nonno-colored-contact-lenses-in_yythkg-500x500.jpg 500w, https:\/\/miomicon.com\/wp-content\/uploads\/2025\/11\/A-display-of-Nonno-colored-contact-lenses-in_yythkg-600x600.jpg 600w, https:\/\/miomicon.com\/wp-content\/uploads\/2025\/11\/A-display-of-Nonno-colored-contact-lenses-in_yythkg-700x700.jpg 700w, https:\/\/miomicon.com\/wp-content\/uploads\/2025\/11\/A-display-of-Nonno-colored-contact-lenses-in_yythkg-768x768.jpg 768w, https:\/\/miomicon.com\/wp-content\/uploads\/2025\/11\/A-display-of-Nonno-colored-contact-lenses-in_yythkg-800x800.jpg 800w, https:\/\/miomicon.com\/wp-content\/uploads\/2025\/11\/A-display-of-Nonno-colored-contact-lenses-in_yythkg-1024x1024.jpg 1024w, https:\/\/miomicon.com\/wp-content\/uploads\/2025\/11\/A-display-of-Nonno-colored-contact-lenses-in_yythkg.jpg 1080w\" data-sizes=\"auto\" data-orig-sizes=\"(max-width: 1080px) 100vw, 1080px\" \/> <img decoding=\"async\" class=\"lazyload alignnone size-full wp-image-2946\" src=\"https:\/\/miomicon.com\/wp-content\/uploads\/2025\/11\/Grid-display-of-1-shade-of-Nonno-Cosmetic-Co.jpg\" data-orig-src=\"https:\/\/miomicon.com\/wp-content\/uploads\/2025\/11\/Grid-display-of-1-shade-of-Nonno-Cosmetic-Co.jpg\" alt=\"\" width=\"1080\" height=\"1080\" title=\"\" srcset=\"data:image\/svg+xml,%3Csvg%20xmlns%3D%27http%3A%2F%2Fwww.w3.org%2F2000%2Fsvg%27%20width%3D%271080%27%20height%3D%271080%27%20viewBox%3D%270%200%201080%201080%27%3E%3Crect%20width%3D%271080%27%20height%3D%271080%27%20fill-opacity%3D%220%22%2F%3E%3C%2Fsvg%3E\" data-srcset=\"https:\/\/miomicon.com\/wp-content\/uploads\/2025\/11\/Grid-display-of-1-shade-of-Nonno-Cosmetic-Co-66x66.jpg 66w, https:\/\/miomicon.com\/wp-content\/uploads\/2025\/11\/Grid-display-of-1-shade-of-Nonno-Cosmetic-Co-150x150.jpg 150w, https:\/\/miomicon.com\/wp-content\/uploads\/2025\/11\/Grid-display-of-1-shade-of-Nonno-Cosmetic-Co-200x200.jpg 200w, https:\/\/miomicon.com\/wp-content\/uploads\/2025\/11\/Grid-display-of-1-shade-of-Nonno-Cosmetic-Co-300x300.jpg 300w, https:\/\/miomicon.com\/wp-content\/uploads\/2025\/11\/Grid-display-of-1-shade-of-Nonno-Cosmetic-Co-400x400.jpg 400w, https:\/\/miomicon.com\/wp-content\/uploads\/2025\/11\/Grid-display-of-1-shade-of-Nonno-Cosmetic-Co-500x500.jpg 500w, https:\/\/miomicon.com\/wp-content\/uploads\/2025\/11\/Grid-display-of-1-shade-of-Nonno-Cosmetic-Co-600x600.jpg 600w, https:\/\/miomicon.com\/wp-content\/uploads\/2025\/11\/Grid-display-of-1-shade-of-Nonno-Cosmetic-Co-700x700.jpg 700w, https:\/\/miomicon.com\/wp-content\/uploads\/2025\/11\/Grid-display-of-1-shade-of-Nonno-Cosmetic-Co-768x768.jpg 768w, https:\/\/miomicon.com\/wp-content\/uploads\/2025\/11\/Grid-display-of-1-shade-of-Nonno-Cosmetic-Co-800x800.jpg 800w, https:\/\/miomicon.com\/wp-content\/uploads\/2025\/11\/Grid-display-of-1-shade-of-Nonno-Cosmetic-Co-1024x1024.jpg 1024w, https:\/\/miomicon.com\/wp-content\/uploads\/2025\/11\/Grid-display-of-1-shade-of-Nonno-Cosmetic-Co.jpg 1080w\" data-sizes=\"auto\" data-orig-sizes=\"(max-width: 1080px) 100vw, 1080px\" \/> <img decoding=\"async\" class=\"lazyload alignnone size-full wp-image-2941\" src=\"https:\/\/miomicon.com\/wp-content\/uploads\/2025\/11\/2-pcs-lenses-of-Nonno-contact-lenses-on-a_yy.jpg\" data-orig-src=\"https:\/\/miomicon.com\/wp-content\/uploads\/2025\/11\/2-pcs-lenses-of-Nonno-contact-lenses-on-a_yy.jpg\" alt=\"\" width=\"1080\" height=\"1080\" title=\"\" srcset=\"data:image\/svg+xml,%3Csvg%20xmlns%3D%27http%3A%2F%2Fwww.w3.org%2F2000%2Fsvg%27%20width%3D%271080%27%20height%3D%271080%27%20viewBox%3D%270%200%201080%201080%27%3E%3Crect%20width%3D%271080%27%20height%3D%271080%27%20fill-opacity%3D%220%22%2F%3E%3C%2Fsvg%3E\" data-srcset=\"https:\/\/miomicon.com\/wp-content\/uploads\/2025\/11\/2-pcs-lenses-of-Nonno-contact-lenses-on-a_yy-66x66.jpg 66w, https:\/\/miomicon.com\/wp-content\/uploads\/2025\/11\/2-pcs-lenses-of-Nonno-contact-lenses-on-a_yy-150x150.jpg 150w, https:\/\/miomicon.com\/wp-content\/uploads\/2025\/11\/2-pcs-lenses-of-Nonno-contact-lenses-on-a_yy-200x200.jpg 200w, https:\/\/miomicon.com\/wp-content\/uploads\/2025\/11\/2-pcs-lenses-of-Nonno-contact-lenses-on-a_yy-300x300.jpg 300w, https:\/\/miomicon.com\/wp-content\/uploads\/2025\/11\/2-pcs-lenses-of-Nonno-contact-lenses-on-a_yy-400x400.jpg 400w, https:\/\/miomicon.com\/wp-content\/uploads\/2025\/11\/2-pcs-lenses-of-Nonno-contact-lenses-on-a_yy-500x500.jpg 500w, https:\/\/miomicon.com\/wp-content\/uploads\/2025\/11\/2-pcs-lenses-of-Nonno-contact-lenses-on-a_yy-600x600.jpg 600w, https:\/\/miomicon.com\/wp-content\/uploads\/2025\/11\/2-pcs-lenses-of-Nonno-contact-lenses-on-a_yy-700x700.jpg 700w, https:\/\/miomicon.com\/wp-content\/uploads\/2025\/11\/2-pcs-lenses-of-Nonno-contact-lenses-on-a_yy-768x768.jpg 768w, https:\/\/miomicon.com\/wp-content\/uploads\/2025\/11\/2-pcs-lenses-of-Nonno-contact-lenses-on-a_yy-800x800.jpg 800w, https:\/\/miomicon.com\/wp-content\/uploads\/2025\/11\/2-pcs-lenses-of-Nonno-contact-lenses-on-a_yy-1024x1024.jpg 1024w, https:\/\/miomicon.com\/wp-content\/uploads\/2025\/11\/2-pcs-lenses-of-Nonno-contact-lenses-on-a_yy.jpg 1080w\" data-sizes=\"auto\" data-orig-sizes=\"(max-width: 1080px) 100vw, 1080px\" \/> <img decoding=\"async\" class=\"lazyload alignnone size-full wp-image-2944\" src=\"https:\/\/miomicon.com\/wp-content\/uploads\/2025\/11\/Array-of-Nonno-contact-lenses-in-a-white-cas.jpg\" data-orig-src=\"https:\/\/miomicon.com\/wp-content\/uploads\/2025\/11\/Array-of-Nonno-contact-lenses-in-a-white-cas.jpg\" alt=\"\" width=\"1080\" height=\"1080\" title=\"\" srcset=\"data:image\/svg+xml,%3Csvg%20xmlns%3D%27http%3A%2F%2Fwww.w3.org%2F2000%2Fsvg%27%20width%3D%271080%27%20height%3D%271080%27%20viewBox%3D%270%200%201080%201080%27%3E%3Crect%20width%3D%271080%27%20height%3D%271080%27%20fill-opacity%3D%220%22%2F%3E%3C%2Fsvg%3E\" data-srcset=\"https:\/\/miomicon.com\/wp-content\/uploads\/2025\/11\/Array-of-Nonno-contact-lenses-in-a-white-cas-66x66.jpg 66w, https:\/\/miomicon.com\/wp-content\/uploads\/2025\/11\/Array-of-Nonno-contact-lenses-in-a-white-cas-150x150.jpg 150w, https:\/\/miomicon.com\/wp-content\/uploads\/2025\/11\/Array-of-Nonno-contact-lenses-in-a-white-cas-200x200.jpg 200w, https:\/\/miomicon.com\/wp-content\/uploads\/2025\/11\/Array-of-Nonno-contact-lenses-in-a-white-cas-300x300.jpg 300w, https:\/\/miomicon.com\/wp-content\/uploads\/2025\/11\/Array-of-Nonno-contact-lenses-in-a-white-cas-400x400.jpg 400w, https:\/\/miomicon.com\/wp-content\/uploads\/2025\/11\/Array-of-Nonno-contact-lenses-in-a-white-cas-500x500.jpg 500w, https:\/\/miomicon.com\/wp-content\/uploads\/2025\/11\/Array-of-Nonno-contact-lenses-in-a-white-cas-600x600.jpg 600w, https:\/\/miomicon.com\/wp-content\/uploads\/2025\/11\/Array-of-Nonno-contact-lenses-in-a-white-cas-700x700.jpg 700w, https:\/\/miomicon.com\/wp-content\/uploads\/2025\/11\/Array-of-Nonno-contact-lenses-in-a-white-cas-768x768.jpg 768w, https:\/\/miomicon.com\/wp-content\/uploads\/2025\/11\/Array-of-Nonno-contact-lenses-in-a-white-cas-800x800.jpg 800w, https:\/\/miomicon.com\/wp-content\/uploads\/2025\/11\/Array-of-Nonno-contact-lenses-in-a-white-cas-1024x1024.jpg 1024w, https:\/\/miomicon.com\/wp-content\/uploads\/2025\/11\/Array-of-Nonno-contact-lenses-in-a-white-cas.jpg 1080w\" data-sizes=\"auto\" data-orig-sizes=\"(max-width: 1080px) 100vw, 1080px\" \/> <img decoding=\"async\" class=\"lazyload alignnone size-full wp-image-2945\" src=\"https:\/\/miomicon.com\/wp-content\/uploads\/2025\/11\/display-a-Freshgo-Nonno-contact-lenses-Green-packag.jpg\" data-orig-src=\"https:\/\/miomicon.com\/wp-content\/uploads\/2025\/11\/display-a-Freshgo-Nonno-contact-lenses-Green-packag.jpg\" alt=\"\" width=\"1080\" height=\"1080\" title=\"\" srcset=\"data:image\/svg+xml,%3Csvg%20xmlns%3D%27http%3A%2F%2Fwww.w3.org%2F2000%2Fsvg%27%20width%3D%271080%27%20height%3D%271080%27%20viewBox%3D%270%200%201080%201080%27%3E%3Crect%20width%3D%271080%27%20height%3D%271080%27%20fill-opacity%3D%220%22%2F%3E%3C%2Fsvg%3E\" data-srcset=\"https:\/\/miomicon.com\/wp-content\/uploads\/2025\/11\/display-a-Freshgo-Nonno-contact-lenses-Green-packag-66x66.jpg 66w, https:\/\/miomicon.com\/wp-content\/uploads\/2025\/11\/display-a-Freshgo-Nonno-contact-lenses-Green-packag-150x150.jpg 150w, https:\/\/miomicon.com\/wp-content\/uploads\/2025\/11\/display-a-Freshgo-Nonno-contact-lenses-Green-packag-200x200.jpg 200w, https:\/\/miomicon.com\/wp-content\/uploads\/2025\/11\/display-a-Freshgo-Nonno-contact-lenses-Green-packag-300x300.jpg 300w, https:\/\/miomicon.com\/wp-content\/uploads\/2025\/11\/display-a-Freshgo-Nonno-contact-lenses-Green-packag-400x400.jpg 400w, https:\/\/miomicon.com\/wp-content\/uploads\/2025\/11\/display-a-Freshgo-Nonno-contact-lenses-Green-packag-500x500.jpg 500w, https:\/\/miomicon.com\/wp-content\/uploads\/2025\/11\/display-a-Freshgo-Nonno-contact-lenses-Green-packag-600x600.jpg 600w, https:\/\/miomicon.com\/wp-content\/uploads\/2025\/11\/display-a-Freshgo-Nonno-contact-lenses-Green-packag-700x700.jpg 700w, https:\/\/miomicon.com\/wp-content\/uploads\/2025\/11\/display-a-Freshgo-Nonno-contact-lenses-Green-packag-768x768.jpg 768w, https:\/\/miomicon.com\/wp-content\/uploads\/2025\/11\/display-a-Freshgo-Nonno-contact-lenses-Green-packag-800x800.jpg 800w, https:\/\/miomicon.com\/wp-content\/uploads\/2025\/11\/display-a-Freshgo-Nonno-contact-lenses-Green-packag-1024x1024.jpg 1024w, https:\/\/miomicon.com\/wp-content\/uploads\/2025\/11\/display-a-Freshgo-Nonno-contact-lenses-Green-packag.jpg 1080w\" data-sizes=\"auto\" data-orig-sizes=\"(max-width: 1080px) 100vw, 1080px\" \/><\/p>\n","protected":false},"excerpt":{"rendered":"<p>Boostez votre offre commerciale gr\u00e2ce \u00e0 notre collection Nonno, qui propose une gamme vari\u00e9e de 6 lentilles de contact de couleur naturelle. Toutes ces couleurs sont tr\u00e8s populaires sur le march\u00e9 mondial. Cette s\u00e9rie r\u00e9pond sans difficult\u00e9 aux besoins et pr\u00e9f\u00e9rences vari\u00e9s de vos clients. Ne manquez pas cette occasion d&rsquo;\u00e9largir votre gamme de produits et de r\u00e9pondre \u00e0 la demande des consommateurs en mati\u00e8re de lentilles de contact color\u00e9es de qualit\u00e9, confortables et impressionnantes.  <\/p>\n","protected":false},"featured_media":2942,"comment_status":"closed","ping_status":"closed","template":"","meta":[],"product_brand":[44],"product_cat":[111],"product_tag":[],"class_list":{"0":"post-9863","1":"product","2":"type-product","3":"status-publish","4":"has-post-thumbnail","6":"product_brand-freshgo","7":"product_cat-lentilles-de-contact-de-couleur-naturelle","9":"first","10":"instock","11":"product-type-simple"},"_links":{"self":[{"href":"https:\/\/miomicon.com\/fr\/wp-json\/wp\/v2\/product\/9863","targetHints":{"allow":["GET"]}}],"collection":[{"href":"https:\/\/miomicon.com\/fr\/wp-json\/wp\/v2\/product"}],"about":[{"href":"https:\/\/miomicon.com\/fr\/wp-json\/wp\/v2\/types\/product"}],"replies":[{"embeddable":true,"href":"https:\/\/miomicon.com\/fr\/wp-json\/wp\/v2\/comments?post=9863"}],"wp:featuredmedia":[{"embeddable":true,"href":"https:\/\/miomicon.com\/fr\/wp-json\/wp\/v2\/media\/2942"}],"wp:attachment":[{"href":"https:\/\/miomicon.com\/fr\/wp-json\/wp\/v2\/media?parent=9863"}],"wp:term":[{"taxonomy":"product_brand","embeddable":true,"href":"https:\/\/miomicon.com\/fr\/wp-json\/wp\/v2\/product_brand?post=9863"},{"taxonomy":"product_cat","embeddable":true,"href":"https:\/\/miomicon.com\/fr\/wp-json\/wp\/v2\/product_cat?post=9863"},{"taxonomy":"product_tag","embeddable":true,"href":"https:\/\/miomicon.com\/fr\/wp-json\/wp\/v2\/product_tag?post=9863"}],"curies":[{"name":"wp","href":"https:\/\/api.w.org\/{rel}","templated":true}]}}