{"id":9647,"date":"2025-09-25T16:52:26","date_gmt":"2025-09-25T08:52:26","guid":{"rendered":"https:\/\/miomicon.com\/product\/lentilles-de-contact-colorees-diamond\/"},"modified":"2025-09-25T16:52:26","modified_gmt":"2025-09-25T08:52:26","slug":"lentilles-de-contact-colorees-diamond","status":"publish","type":"product","link":"https:\/\/miomicon.com\/fr\/produit\/lentilles-de-contact-colorees-diamond\/","title":{"rendered":"Lentilles de contact color\u00e9es Diamond"},"content":{"rendered":"<div class=\"table-1\">\n<table style=\"height: 100%px;\" width=\"100%\">\n<tbody>\n<tr>\n<td>Mat\u00e9riau : HEMA<\/td>\n<td>Lentille souple : souple<\/td>\n<\/tr>\n<tr>\n<td>Diam\u00e8tre : 14,5 mm<\/td>\n<td>Tonalit\u00e9 : 2<\/td>\n<\/tr>\n<tr>\n<td>\u00c9paisseur centrale : 0,08 mm<\/td>\n<td>Courbure de base : 8,6 mm<\/td>\n<\/tr>\n<tr>\n<td>Jetable : chaque ann\u00e9e<\/td>\n<td>Dur\u00e9e de conservation : 5 ans<\/td>\n<\/tr>\n<tr>\n<td>Puissance : 0,00<\/td>\n<td>Teneur en eau : 40 %<\/td>\n<\/tr>\n<tr>\n<td>Lieu d&rsquo;origine : Chine, Cor\u00e9e<\/td>\n<td>Emballage : Blister (2 pi\u00e8ces par bo\u00eete)<\/td>\n<\/tr>\n<tr>\n<td colspan=\"2\">Variantes de couleur (<strong>6<\/strong> disponibles) :<strong> Gris paillet\u00e9, Bleu Pacifique, Gris-vert, Gris ombr\u00e9, Vert Cara\u00efbes, Blond s\u00e9duisant<\/strong><\/td>\n<\/tr>\n<\/tbody>\n<\/table>\n<p>&nbsp;<\/p>\n<p><img decoding=\"async\" class=\"lazyload alignnone size-full wp-image-2708\" src=\"https:\/\/miomicon.com\/wp-content\/uploads\/2025\/10\/Colored_Contact_Lenses_DIAMOND_Model_4_Variants_jpg.jpg\" data-orig-src=\"https:\/\/miomicon.com\/wp-content\/uploads\/2025\/10\/Colored_Contact_Lenses_DIAMOND_Model_4_Variants_jpg.jpg\" alt=\"\" width=\"1080\" height=\"1080\" title=\"\" srcset=\"data:image\/svg+xml,%3Csvg%20xmlns%3D%27http%3A%2F%2Fwww.w3.org%2F2000%2Fsvg%27%20width%3D%271080%27%20height%3D%271080%27%20viewBox%3D%270%200%201080%201080%27%3E%3Crect%20width%3D%271080%27%20height%3D%271080%27%20fill-opacity%3D%220%22%2F%3E%3C%2Fsvg%3E\" data-srcset=\"https:\/\/miomicon.com\/wp-content\/uploads\/2025\/10\/Colored_Contact_Lenses_DIAMOND_Model_4_Variants_jpg-66x66.jpg 66w, https:\/\/miomicon.com\/wp-content\/uploads\/2025\/10\/Colored_Contact_Lenses_DIAMOND_Model_4_Variants_jpg-150x150.jpg 150w, https:\/\/miomicon.com\/wp-content\/uploads\/2025\/10\/Colored_Contact_Lenses_DIAMOND_Model_4_Variants_jpg-200x200.jpg 200w, https:\/\/miomicon.com\/wp-content\/uploads\/2025\/10\/Colored_Contact_Lenses_DIAMOND_Model_4_Variants_jpg-300x300.jpg 300w, https:\/\/miomicon.com\/wp-content\/uploads\/2025\/10\/Colored_Contact_Lenses_DIAMOND_Model_4_Variants_jpg-400x400.jpg 400w, https:\/\/miomicon.com\/wp-content\/uploads\/2025\/10\/Colored_Contact_Lenses_DIAMOND_Model_4_Variants_jpg-500x500.jpg 500w, https:\/\/miomicon.com\/wp-content\/uploads\/2025\/10\/Colored_Contact_Lenses_DIAMOND_Model_4_Variants_jpg-600x600.jpg 600w, https:\/\/miomicon.com\/wp-content\/uploads\/2025\/10\/Colored_Contact_Lenses_DIAMOND_Model_4_Variants_jpg-700x700.jpg 700w, https:\/\/miomicon.com\/wp-content\/uploads\/2025\/10\/Colored_Contact_Lenses_DIAMOND_Model_4_Variants_jpg-768x768.jpg 768w, https:\/\/miomicon.com\/wp-content\/uploads\/2025\/10\/Colored_Contact_Lenses_DIAMOND_Model_4_Variants_jpg-800x800.jpg 800w, https:\/\/miomicon.com\/wp-content\/uploads\/2025\/10\/Colored_Contact_Lenses_DIAMOND_Model_4_Variants_jpg-1024x1024.jpg 1024w, https:\/\/miomicon.com\/wp-content\/uploads\/2025\/10\/Colored_Contact_Lenses_DIAMOND_Model_4_Variants_jpg.jpg 1080w\" data-sizes=\"auto\" data-orig-sizes=\"(max-width: 1080px) 100vw, 1080px\" \/> <img decoding=\"async\" class=\"lazyload alignnone size-full wp-image-2706\" src=\"https:\/\/miomicon.com\/wp-content\/uploads\/2025\/10\/Colored_Contact_Lenses_DIAMOND_5_Variants_All_Lenses_jpg.jpg\" data-orig-src=\"https:\/\/miomicon.com\/wp-content\/uploads\/2025\/10\/Colored_Contact_Lenses_DIAMOND_5_Variants_All_Lenses_jpg.jpg\" alt=\"\" width=\"1080\" height=\"1080\" title=\"\" srcset=\"data:image\/svg+xml,%3Csvg%20xmlns%3D%27http%3A%2F%2Fwww.w3.org%2F2000%2Fsvg%27%20width%3D%271080%27%20height%3D%271080%27%20viewBox%3D%270%200%201080%201080%27%3E%3Crect%20width%3D%271080%27%20height%3D%271080%27%20fill-opacity%3D%220%22%2F%3E%3C%2Fsvg%3E\" data-srcset=\"https:\/\/miomicon.com\/wp-content\/uploads\/2025\/10\/Colored_Contact_Lenses_DIAMOND_5_Variants_All_Lenses_jpg-66x66.jpg 66w, https:\/\/miomicon.com\/wp-content\/uploads\/2025\/10\/Colored_Contact_Lenses_DIAMOND_5_Variants_All_Lenses_jpg-150x150.jpg 150w, https:\/\/miomicon.com\/wp-content\/uploads\/2025\/10\/Colored_Contact_Lenses_DIAMOND_5_Variants_All_Lenses_jpg-200x200.jpg 200w, https:\/\/miomicon.com\/wp-content\/uploads\/2025\/10\/Colored_Contact_Lenses_DIAMOND_5_Variants_All_Lenses_jpg-300x300.jpg 300w, https:\/\/miomicon.com\/wp-content\/uploads\/2025\/10\/Colored_Contact_Lenses_DIAMOND_5_Variants_All_Lenses_jpg-400x400.jpg 400w, https:\/\/miomicon.com\/wp-content\/uploads\/2025\/10\/Colored_Contact_Lenses_DIAMOND_5_Variants_All_Lenses_jpg-500x500.jpg 500w, https:\/\/miomicon.com\/wp-content\/uploads\/2025\/10\/Colored_Contact_Lenses_DIAMOND_5_Variants_All_Lenses_jpg-600x600.jpg 600w, https:\/\/miomicon.com\/wp-content\/uploads\/2025\/10\/Colored_Contact_Lenses_DIAMOND_5_Variants_All_Lenses_jpg-700x700.jpg 700w, https:\/\/miomicon.com\/wp-content\/uploads\/2025\/10\/Colored_Contact_Lenses_DIAMOND_5_Variants_All_Lenses_jpg-768x768.jpg 768w, https:\/\/miomicon.com\/wp-content\/uploads\/2025\/10\/Colored_Contact_Lenses_DIAMOND_5_Variants_All_Lenses_jpg-800x800.jpg 800w, https:\/\/miomicon.com\/wp-content\/uploads\/2025\/10\/Colored_Contact_Lenses_DIAMOND_5_Variants_All_Lenses_jpg-1024x1024.jpg 1024w, https:\/\/miomicon.com\/wp-content\/uploads\/2025\/10\/Colored_Contact_Lenses_DIAMOND_5_Variants_All_Lenses_jpg.jpg 1080w\" data-sizes=\"auto\" data-orig-sizes=\"(max-width: 1080px) 100vw, 1080px\" \/> <img decoding=\"async\" class=\"lazyload alignnone size-full wp-image-2707\" src=\"https:\/\/miomicon.com\/wp-content\/uploads\/2025\/10\/Colored_Contact_Lenses_DIAMOND_5_Variants_Grid_Lookdown_Lenses_Cases_jpg.jpg\" data-orig-src=\"https:\/\/miomicon.com\/wp-content\/uploads\/2025\/10\/Colored_Contact_Lenses_DIAMOND_5_Variants_Grid_Lookdown_Lenses_Cases_jpg.jpg\" alt=\"\" width=\"1080\" height=\"1080\" title=\"\" srcset=\"data:image\/svg+xml,%3Csvg%20xmlns%3D%27http%3A%2F%2Fwww.w3.org%2F2000%2Fsvg%27%20width%3D%271080%27%20height%3D%271080%27%20viewBox%3D%270%200%201080%201080%27%3E%3Crect%20width%3D%271080%27%20height%3D%271080%27%20fill-opacity%3D%220%22%2F%3E%3C%2Fsvg%3E\" data-srcset=\"https:\/\/miomicon.com\/wp-content\/uploads\/2025\/10\/Colored_Contact_Lenses_DIAMOND_5_Variants_Grid_Lookdown_Lenses_Cases_jpg-66x66.jpg 66w, https:\/\/miomicon.com\/wp-content\/uploads\/2025\/10\/Colored_Contact_Lenses_DIAMOND_5_Variants_Grid_Lookdown_Lenses_Cases_jpg-150x150.jpg 150w, https:\/\/miomicon.com\/wp-content\/uploads\/2025\/10\/Colored_Contact_Lenses_DIAMOND_5_Variants_Grid_Lookdown_Lenses_Cases_jpg-200x200.jpg 200w, https:\/\/miomicon.com\/wp-content\/uploads\/2025\/10\/Colored_Contact_Lenses_DIAMOND_5_Variants_Grid_Lookdown_Lenses_Cases_jpg-300x300.jpg 300w, https:\/\/miomicon.com\/wp-content\/uploads\/2025\/10\/Colored_Contact_Lenses_DIAMOND_5_Variants_Grid_Lookdown_Lenses_Cases_jpg-400x400.jpg 400w, https:\/\/miomicon.com\/wp-content\/uploads\/2025\/10\/Colored_Contact_Lenses_DIAMOND_5_Variants_Grid_Lookdown_Lenses_Cases_jpg-500x500.jpg 500w, https:\/\/miomicon.com\/wp-content\/uploads\/2025\/10\/Colored_Contact_Lenses_DIAMOND_5_Variants_Grid_Lookdown_Lenses_Cases_jpg-600x600.jpg 600w, https:\/\/miomicon.com\/wp-content\/uploads\/2025\/10\/Colored_Contact_Lenses_DIAMOND_5_Variants_Grid_Lookdown_Lenses_Cases_jpg-700x700.jpg 700w, https:\/\/miomicon.com\/wp-content\/uploads\/2025\/10\/Colored_Contact_Lenses_DIAMOND_5_Variants_Grid_Lookdown_Lenses_Cases_jpg-768x768.jpg 768w, https:\/\/miomicon.com\/wp-content\/uploads\/2025\/10\/Colored_Contact_Lenses_DIAMOND_5_Variants_Grid_Lookdown_Lenses_Cases_jpg-800x800.jpg 800w, https:\/\/miomicon.com\/wp-content\/uploads\/2025\/10\/Colored_Contact_Lenses_DIAMOND_5_Variants_Grid_Lookdown_Lenses_Cases_jpg-1024x1024.jpg 1024w, https:\/\/miomicon.com\/wp-content\/uploads\/2025\/10\/Colored_Contact_Lenses_DIAMOND_5_Variants_Grid_Lookdown_Lenses_Cases_jpg.jpg 1080w\" data-sizes=\"auto\" data-orig-sizes=\"(max-width: 1080px) 100vw, 1080px\" \/> <img decoding=\"async\" class=\"lazyload alignnone size-full wp-image-2705\" src=\"https:\/\/miomicon.com\/wp-content\/uploads\/2025\/10\/Colored_Contact_Lenses_DIAMOND_4_Variants_Wearing_comparison_Grid_Close_Up_jpg.jpg\" data-orig-src=\"https:\/\/miomicon.com\/wp-content\/uploads\/2025\/10\/Colored_Contact_Lenses_DIAMOND_4_Variants_Wearing_comparison_Grid_Close_Up_jpg.jpg\" alt=\"\" width=\"1080\" height=\"1080\" title=\"\" srcset=\"data:image\/svg+xml,%3Csvg%20xmlns%3D%27http%3A%2F%2Fwww.w3.org%2F2000%2Fsvg%27%20width%3D%271080%27%20height%3D%271080%27%20viewBox%3D%270%200%201080%201080%27%3E%3Crect%20width%3D%271080%27%20height%3D%271080%27%20fill-opacity%3D%220%22%2F%3E%3C%2Fsvg%3E\" data-srcset=\"https:\/\/miomicon.com\/wp-content\/uploads\/2025\/10\/Colored_Contact_Lenses_DIAMOND_4_Variants_Wearing_comparison_Grid_Close_Up_jpg-66x66.jpg 66w, https:\/\/miomicon.com\/wp-content\/uploads\/2025\/10\/Colored_Contact_Lenses_DIAMOND_4_Variants_Wearing_comparison_Grid_Close_Up_jpg-150x150.jpg 150w, https:\/\/miomicon.com\/wp-content\/uploads\/2025\/10\/Colored_Contact_Lenses_DIAMOND_4_Variants_Wearing_comparison_Grid_Close_Up_jpg-200x200.jpg 200w, https:\/\/miomicon.com\/wp-content\/uploads\/2025\/10\/Colored_Contact_Lenses_DIAMOND_4_Variants_Wearing_comparison_Grid_Close_Up_jpg-300x300.jpg 300w, https:\/\/miomicon.com\/wp-content\/uploads\/2025\/10\/Colored_Contact_Lenses_DIAMOND_4_Variants_Wearing_comparison_Grid_Close_Up_jpg-400x400.jpg 400w, https:\/\/miomicon.com\/wp-content\/uploads\/2025\/10\/Colored_Contact_Lenses_DIAMOND_4_Variants_Wearing_comparison_Grid_Close_Up_jpg-500x500.jpg 500w, https:\/\/miomicon.com\/wp-content\/uploads\/2025\/10\/Colored_Contact_Lenses_DIAMOND_4_Variants_Wearing_comparison_Grid_Close_Up_jpg-600x600.jpg 600w, https:\/\/miomicon.com\/wp-content\/uploads\/2025\/10\/Colored_Contact_Lenses_DIAMOND_4_Variants_Wearing_comparison_Grid_Close_Up_jpg-700x700.jpg 700w, https:\/\/miomicon.com\/wp-content\/uploads\/2025\/10\/Colored_Contact_Lenses_DIAMOND_4_Variants_Wearing_comparison_Grid_Close_Up_jpg-768x768.jpg 768w, https:\/\/miomicon.com\/wp-content\/uploads\/2025\/10\/Colored_Contact_Lenses_DIAMOND_4_Variants_Wearing_comparison_Grid_Close_Up_jpg-800x800.jpg 800w, https:\/\/miomicon.com\/wp-content\/uploads\/2025\/10\/Colored_Contact_Lenses_DIAMOND_4_Variants_Wearing_comparison_Grid_Close_Up_jpg-1024x1024.jpg 1024w, https:\/\/miomicon.com\/wp-content\/uploads\/2025\/10\/Colored_Contact_Lenses_DIAMOND_4_Variants_Wearing_comparison_Grid_Close_Up_jpg.jpg 1080w\" data-sizes=\"auto\" data-orig-sizes=\"(max-width: 1080px) 100vw, 1080px\" \/> <img decoding=\"async\" class=\"lazyload alignnone size-full wp-image-2703\" src=\"https:\/\/miomicon.com\/wp-content\/uploads\/2025\/10\/Colored_Contact_Lenses_DIAMOND_1_Variants_Glitter_Gray_3_Eye_Effects_jpg.jpg\" data-orig-src=\"https:\/\/miomicon.com\/wp-content\/uploads\/2025\/10\/Colored_Contact_Lenses_DIAMOND_1_Variants_Glitter_Gray_3_Eye_Effects_jpg.jpg\" alt=\"\" width=\"1080\" height=\"1080\" title=\"\" srcset=\"data:image\/svg+xml,%3Csvg%20xmlns%3D%27http%3A%2F%2Fwww.w3.org%2F2000%2Fsvg%27%20width%3D%271080%27%20height%3D%271080%27%20viewBox%3D%270%200%201080%201080%27%3E%3Crect%20width%3D%271080%27%20height%3D%271080%27%20fill-opacity%3D%220%22%2F%3E%3C%2Fsvg%3E\" data-srcset=\"https:\/\/miomicon.com\/wp-content\/uploads\/2025\/10\/Colored_Contact_Lenses_DIAMOND_1_Variants_Glitter_Gray_3_Eye_Effects_jpg-66x66.jpg 66w, https:\/\/miomicon.com\/wp-content\/uploads\/2025\/10\/Colored_Contact_Lenses_DIAMOND_1_Variants_Glitter_Gray_3_Eye_Effects_jpg-150x150.jpg 150w, https:\/\/miomicon.com\/wp-content\/uploads\/2025\/10\/Colored_Contact_Lenses_DIAMOND_1_Variants_Glitter_Gray_3_Eye_Effects_jpg-200x200.jpg 200w, https:\/\/miomicon.com\/wp-content\/uploads\/2025\/10\/Colored_Contact_Lenses_DIAMOND_1_Variants_Glitter_Gray_3_Eye_Effects_jpg-300x300.jpg 300w, https:\/\/miomicon.com\/wp-content\/uploads\/2025\/10\/Colored_Contact_Lenses_DIAMOND_1_Variants_Glitter_Gray_3_Eye_Effects_jpg-400x400.jpg 400w, https:\/\/miomicon.com\/wp-content\/uploads\/2025\/10\/Colored_Contact_Lenses_DIAMOND_1_Variants_Glitter_Gray_3_Eye_Effects_jpg-500x500.jpg 500w, https:\/\/miomicon.com\/wp-content\/uploads\/2025\/10\/Colored_Contact_Lenses_DIAMOND_1_Variants_Glitter_Gray_3_Eye_Effects_jpg-600x600.jpg 600w, https:\/\/miomicon.com\/wp-content\/uploads\/2025\/10\/Colored_Contact_Lenses_DIAMOND_1_Variants_Glitter_Gray_3_Eye_Effects_jpg-700x700.jpg 700w, https:\/\/miomicon.com\/wp-content\/uploads\/2025\/10\/Colored_Contact_Lenses_DIAMOND_1_Variants_Glitter_Gray_3_Eye_Effects_jpg-768x768.jpg 768w, https:\/\/miomicon.com\/wp-content\/uploads\/2025\/10\/Colored_Contact_Lenses_DIAMOND_1_Variants_Glitter_Gray_3_Eye_Effects_jpg-800x800.jpg 800w, https:\/\/miomicon.com\/wp-content\/uploads\/2025\/10\/Colored_Contact_Lenses_DIAMOND_1_Variants_Glitter_Gray_3_Eye_Effects_jpg-1024x1024.jpg 1024w, https:\/\/miomicon.com\/wp-content\/uploads\/2025\/10\/Colored_Contact_Lenses_DIAMOND_1_Variants_Glitter_Gray_3_Eye_Effects_jpg.jpg 1080w\" data-sizes=\"auto\" data-orig-sizes=\"(max-width: 1080px) 100vw, 1080px\" \/> <img decoding=\"async\" class=\"lazyload alignnone size-full wp-image-2704\" src=\"https:\/\/miomicon.com\/wp-content\/uploads\/2025\/10\/Colored_Contact_Lenses_DIAMOND_1_Variants_Glitter_Gray_Details_jpg.jpg\" data-orig-src=\"https:\/\/miomicon.com\/wp-content\/uploads\/2025\/10\/Colored_Contact_Lenses_DIAMOND_1_Variants_Glitter_Gray_Details_jpg.jpg\" alt=\"\" width=\"1000\" height=\"1000\" title=\"\" srcset=\"data:image\/svg+xml,%3Csvg%20xmlns%3D%27http%3A%2F%2Fwww.w3.org%2F2000%2Fsvg%27%20width%3D%271000%27%20height%3D%271000%27%20viewBox%3D%270%200%201000%201000%27%3E%3Crect%20width%3D%271000%27%20height%3D%271000%27%20fill-opacity%3D%220%22%2F%3E%3C%2Fsvg%3E\" data-srcset=\"https:\/\/miomicon.com\/wp-content\/uploads\/2025\/10\/Colored_Contact_Lenses_DIAMOND_1_Variants_Glitter_Gray_Details_jpg-66x66.jpg 66w, https:\/\/miomicon.com\/wp-content\/uploads\/2025\/10\/Colored_Contact_Lenses_DIAMOND_1_Variants_Glitter_Gray_Details_jpg-150x150.jpg 150w, https:\/\/miomicon.com\/wp-content\/uploads\/2025\/10\/Colored_Contact_Lenses_DIAMOND_1_Variants_Glitter_Gray_Details_jpg-200x200.jpg 200w, https:\/\/miomicon.com\/wp-content\/uploads\/2025\/10\/Colored_Contact_Lenses_DIAMOND_1_Variants_Glitter_Gray_Details_jpg-300x300.jpg 300w, https:\/\/miomicon.com\/wp-content\/uploads\/2025\/10\/Colored_Contact_Lenses_DIAMOND_1_Variants_Glitter_Gray_Details_jpg-400x400.jpg 400w, https:\/\/miomicon.com\/wp-content\/uploads\/2025\/10\/Colored_Contact_Lenses_DIAMOND_1_Variants_Glitter_Gray_Details_jpg-500x500.jpg 500w, https:\/\/miomicon.com\/wp-content\/uploads\/2025\/10\/Colored_Contact_Lenses_DIAMOND_1_Variants_Glitter_Gray_Details_jpg-600x600.jpg 600w, https:\/\/miomicon.com\/wp-content\/uploads\/2025\/10\/Colored_Contact_Lenses_DIAMOND_1_Variants_Glitter_Gray_Details_jpg-700x700.jpg 700w, https:\/\/miomicon.com\/wp-content\/uploads\/2025\/10\/Colored_Contact_Lenses_DIAMOND_1_Variants_Glitter_Gray_Details_jpg-768x768.jpg 768w, https:\/\/miomicon.com\/wp-content\/uploads\/2025\/10\/Colored_Contact_Lenses_DIAMOND_1_Variants_Glitter_Gray_Details_jpg-800x800.jpg 800w, https:\/\/miomicon.com\/wp-content\/uploads\/2025\/10\/Colored_Contact_Lenses_DIAMOND_1_Variants_Glitter_Gray_Details_jpg.jpg 1000w\" data-sizes=\"auto\" data-orig-sizes=\"(max-width: 1000px) 100vw, 1000px\" \/><\/p>\n<p><img decoding=\"async\" class=\"lazyload alignnone size-full wp-image-2709\" src=\"https:\/\/miomicon.com\/wp-content\/uploads\/2025\/10\/DIAMOND_colored_contacts_package_box_with_lens_case_jpg.jpg\" data-orig-src=\"https:\/\/miomicon.com\/wp-content\/uploads\/2025\/10\/DIAMOND_colored_contacts_package_box_with_lens_case_jpg.jpg\" alt=\"\" width=\"1080\" height=\"1080\" title=\"\" srcset=\"data:image\/svg+xml,%3Csvg%20xmlns%3D%27http%3A%2F%2Fwww.w3.org%2F2000%2Fsvg%27%20width%3D%271080%27%20height%3D%271080%27%20viewBox%3D%270%200%201080%201080%27%3E%3Crect%20width%3D%271080%27%20height%3D%271080%27%20fill-opacity%3D%220%22%2F%3E%3C%2Fsvg%3E\" data-srcset=\"https:\/\/miomicon.com\/wp-content\/uploads\/2025\/10\/DIAMOND_colored_contacts_package_box_with_lens_case_jpg-66x66.jpg 66w, https:\/\/miomicon.com\/wp-content\/uploads\/2025\/10\/DIAMOND_colored_contacts_package_box_with_lens_case_jpg-150x150.jpg 150w, https:\/\/miomicon.com\/wp-content\/uploads\/2025\/10\/DIAMOND_colored_contacts_package_box_with_lens_case_jpg-200x200.jpg 200w, https:\/\/miomicon.com\/wp-content\/uploads\/2025\/10\/DIAMOND_colored_contacts_package_box_with_lens_case_jpg-300x300.jpg 300w, https:\/\/miomicon.com\/wp-content\/uploads\/2025\/10\/DIAMOND_colored_contacts_package_box_with_lens_case_jpg-400x400.jpg 400w, https:\/\/miomicon.com\/wp-content\/uploads\/2025\/10\/DIAMOND_colored_contacts_package_box_with_lens_case_jpg-500x500.jpg 500w, https:\/\/miomicon.com\/wp-content\/uploads\/2025\/10\/DIAMOND_colored_contacts_package_box_with_lens_case_jpg-600x600.jpg 600w, https:\/\/miomicon.com\/wp-content\/uploads\/2025\/10\/DIAMOND_colored_contacts_package_box_with_lens_case_jpg-700x700.jpg 700w, https:\/\/miomicon.com\/wp-content\/uploads\/2025\/10\/DIAMOND_colored_contacts_package_box_with_lens_case_jpg-768x768.jpg 768w, https:\/\/miomicon.com\/wp-content\/uploads\/2025\/10\/DIAMOND_colored_contacts_package_box_with_lens_case_jpg-800x800.jpg 800w, https:\/\/miomicon.com\/wp-content\/uploads\/2025\/10\/DIAMOND_colored_contacts_package_box_with_lens_case_jpg-1024x1024.jpg 1024w, https:\/\/miomicon.com\/wp-content\/uploads\/2025\/10\/DIAMOND_colored_contacts_package_box_with_lens_case_jpg.jpg 1080w\" data-sizes=\"auto\" data-orig-sizes=\"(max-width: 1080px) 100vw, 1080px\" \/><\/p>\n<\/div>\n","protected":false},"excerpt":{"rendered":"<p>Boostez votre offre commerciale gr\u00e2ce \u00e0 notre collection DIAMOND, qui propose une gamme vari\u00e9e de 6 lentilles de contact de couleur naturelle, toutes disponibles dans des teintes tr\u00e8s appr\u00e9ci\u00e9es \u00e0 travers le monde. Cette s\u00e9rie r\u00e9pond sans difficult\u00e9 aux besoins et pr\u00e9f\u00e9rences vari\u00e9s de vos clients. Ne manquez pas cette occasion d&rsquo;\u00e9largir votre gamme de produits et de r\u00e9pondre \u00e0 la demande des consommateurs en mati\u00e8re de lentilles de contact color\u00e9es de haute qualit\u00e9, confortables et \u00e9clatantes.  <\/p>\n","protected":false},"featured_media":2708,"comment_status":"closed","ping_status":"closed","template":"","meta":[],"product_brand":[44],"product_cat":[111],"product_tag":[],"class_list":{"0":"post-9647","1":"product","2":"type-product","3":"status-publish","4":"has-post-thumbnail","6":"product_brand-freshgo","7":"product_cat-lentilles-de-contact-de-couleur-naturelle","9":"first","10":"instock","11":"product-type-simple"},"_links":{"self":[{"href":"https:\/\/miomicon.com\/fr\/wp-json\/wp\/v2\/product\/9647","targetHints":{"allow":["GET"]}}],"collection":[{"href":"https:\/\/miomicon.com\/fr\/wp-json\/wp\/v2\/product"}],"about":[{"href":"https:\/\/miomicon.com\/fr\/wp-json\/wp\/v2\/types\/product"}],"replies":[{"embeddable":true,"href":"https:\/\/miomicon.com\/fr\/wp-json\/wp\/v2\/comments?post=9647"}],"wp:featuredmedia":[{"embeddable":true,"href":"https:\/\/miomicon.com\/fr\/wp-json\/wp\/v2\/media\/2708"}],"wp:attachment":[{"href":"https:\/\/miomicon.com\/fr\/wp-json\/wp\/v2\/media?parent=9647"}],"wp:term":[{"taxonomy":"product_brand","embeddable":true,"href":"https:\/\/miomicon.com\/fr\/wp-json\/wp\/v2\/product_brand?post=9647"},{"taxonomy":"product_cat","embeddable":true,"href":"https:\/\/miomicon.com\/fr\/wp-json\/wp\/v2\/product_cat?post=9647"},{"taxonomy":"product_tag","embeddable":true,"href":"https:\/\/miomicon.com\/fr\/wp-json\/wp\/v2\/product_tag?post=9647"}],"curies":[{"name":"wp","href":"https:\/\/api.w.org\/{rel}","templated":true}]}}