{"id":4613,"date":"2025-11-05T14:38:15","date_gmt":"2025-11-05T06:38:15","guid":{"rendered":"https:\/\/miomicon.com\/product\/lentilles-de-contact-colorees-iris\/"},"modified":"2026-03-09T09:57:48","modified_gmt":"2026-03-09T01:57:48","slug":"lentilles-de-contact-colorees-iris","status":"publish","type":"product","link":"https:\/\/miomicon.com\/fr\/produit\/lentilles-de-contact-colorees-iris\/","title":{"rendered":"Lentilles de contact color\u00e9es IRIS"},"content":{"rendered":"<div class=\"table-1\">\n<table style=\"height: 100%;\" width=\"100%\">\n<tbody>\n<tr>\n<td>Mat\u00e9riau : HEMA<\/td>\n<td>Lentille souple : souple<\/td>\n<\/tr>\n<tr>\n<td>Diam\u00e8tre : 14,2 mm<\/td>\n<td>Tonalit\u00e9 : 2\/3<\/td>\n<\/tr>\n<tr>\n<td>\u00c9paisseur centrale : 0,08 mm<\/td>\n<td>Courbure de base : 8,6 mm<\/td>\n<\/tr>\n<tr>\n<td>Dur\u00e9e de conservation : 6 mois<\/td>\n<td>Dur\u00e9e de vie : 5 ans<\/td>\n<\/tr>\n<tr>\n<td>Puissance : 0,00<\/td>\n<td>Teneur en eau : 38 %<\/td>\n<\/tr>\n<tr>\n<td>Lieu d&rsquo;origine : Chine<\/td>\n<td>Emballage : Blister (2 pi\u00e8ces par bo\u00eete)<\/td>\n<\/tr>\n<tr>\n<td colspan=\"2\">Variantes de couleur (4 disponibles) : Brun vanille, Gris chocolat, Gris froid, Miel<\/td>\n<\/tr>\n<\/tbody>\n<\/table>\n<\/div>\n<p>&nbsp;<\/p>\n<p><img decoding=\"async\" class=\"lazyload alignnone size-large wp-image-3727\" src=\"https:\/\/miomicon.com\/wp-content\/uploads\/2025\/11\/A-young-lady-showcasing-IRIS-color-contact-lens__yy-1024x1024.jpg\" data-orig-src=\"https:\/\/miomicon.com\/wp-content\/uploads\/2025\/11\/A-young-lady-showcasing-IRIS-color-contact-lens__yy-1024x1024.jpg\" alt=\"\" width=\"1024\" height=\"1024\" title=\"\" srcset=\"data:image\/svg+xml,%3Csvg%20xmlns%3D%27http%3A%2F%2Fwww.w3.org%2F2000%2Fsvg%27%20width%3D%271024%27%20height%3D%271024%27%20viewBox%3D%270%200%201024%201024%27%3E%3Crect%20width%3D%271024%27%20height%3D%271024%27%20fill-opacity%3D%220%22%2F%3E%3C%2Fsvg%3E\" data-srcset=\"https:\/\/miomicon.com\/wp-content\/uploads\/2025\/11\/A-young-lady-showcasing-IRIS-color-contact-lens__yy-66x66.jpg 66w, https:\/\/miomicon.com\/wp-content\/uploads\/2025\/11\/A-young-lady-showcasing-IRIS-color-contact-lens__yy-150x150.jpg 150w, https:\/\/miomicon.com\/wp-content\/uploads\/2025\/11\/A-young-lady-showcasing-IRIS-color-contact-lens__yy-200x200.jpg 200w, https:\/\/miomicon.com\/wp-content\/uploads\/2025\/11\/A-young-lady-showcasing-IRIS-color-contact-lens__yy-300x300.jpg 300w, https:\/\/miomicon.com\/wp-content\/uploads\/2025\/11\/A-young-lady-showcasing-IRIS-color-contact-lens__yy-400x400.jpg 400w, https:\/\/miomicon.com\/wp-content\/uploads\/2025\/11\/A-young-lady-showcasing-IRIS-color-contact-lens__yy-500x500.jpg 500w, https:\/\/miomicon.com\/wp-content\/uploads\/2025\/11\/A-young-lady-showcasing-IRIS-color-contact-lens__yy-600x600.jpg 600w, https:\/\/miomicon.com\/wp-content\/uploads\/2025\/11\/A-young-lady-showcasing-IRIS-color-contact-lens__yy-700x700.jpg 700w, https:\/\/miomicon.com\/wp-content\/uploads\/2025\/11\/A-young-lady-showcasing-IRIS-color-contact-lens__yy-768x768.jpg 768w, https:\/\/miomicon.com\/wp-content\/uploads\/2025\/11\/A-young-lady-showcasing-IRIS-color-contact-lens__yy-800x800.jpg 800w, https:\/\/miomicon.com\/wp-content\/uploads\/2025\/11\/A-young-lady-showcasing-IRIS-color-contact-lens__yy-1024x1024.jpg 1024w, https:\/\/miomicon.com\/wp-content\/uploads\/2025\/11\/A-young-lady-showcasing-IRIS-color-contact-lens__yy.jpg 1080w\" data-sizes=\"auto\" data-orig-sizes=\"(max-width: 1024px) 100vw, 1024px\" \/> <img decoding=\"async\" class=\"lazyload alignnone size-large wp-image-3729\" src=\"https:\/\/miomicon.com\/wp-content\/uploads\/2025\/11\/Grid-layout-of-IRIS-color-contact-lens-in-va-1024x1024.jpg\" data-orig-src=\"https:\/\/miomicon.com\/wp-content\/uploads\/2025\/11\/Grid-layout-of-IRIS-color-contact-lens-in-va-1024x1024.jpg\" alt=\"\" width=\"1024\" height=\"1024\" title=\"\" srcset=\"data:image\/svg+xml,%3Csvg%20xmlns%3D%27http%3A%2F%2Fwww.w3.org%2F2000%2Fsvg%27%20width%3D%271024%27%20height%3D%271024%27%20viewBox%3D%270%200%201024%201024%27%3E%3Crect%20width%3D%271024%27%20height%3D%271024%27%20fill-opacity%3D%220%22%2F%3E%3C%2Fsvg%3E\" data-srcset=\"https:\/\/miomicon.com\/wp-content\/uploads\/2025\/11\/Grid-layout-of-IRIS-color-contact-lens-in-va-66x66.jpg 66w, https:\/\/miomicon.com\/wp-content\/uploads\/2025\/11\/Grid-layout-of-IRIS-color-contact-lens-in-va-150x150.jpg 150w, https:\/\/miomicon.com\/wp-content\/uploads\/2025\/11\/Grid-layout-of-IRIS-color-contact-lens-in-va-200x200.jpg 200w, https:\/\/miomicon.com\/wp-content\/uploads\/2025\/11\/Grid-layout-of-IRIS-color-contact-lens-in-va-300x300.jpg 300w, https:\/\/miomicon.com\/wp-content\/uploads\/2025\/11\/Grid-layout-of-IRIS-color-contact-lens-in-va-400x400.jpg 400w, https:\/\/miomicon.com\/wp-content\/uploads\/2025\/11\/Grid-layout-of-IRIS-color-contact-lens-in-va-500x500.jpg 500w, https:\/\/miomicon.com\/wp-content\/uploads\/2025\/11\/Grid-layout-of-IRIS-color-contact-lens-in-va-600x600.jpg 600w, https:\/\/miomicon.com\/wp-content\/uploads\/2025\/11\/Grid-layout-of-IRIS-color-contact-lens-in-va-700x700.jpg 700w, https:\/\/miomicon.com\/wp-content\/uploads\/2025\/11\/Grid-layout-of-IRIS-color-contact-lens-in-va-768x768.jpg 768w, https:\/\/miomicon.com\/wp-content\/uploads\/2025\/11\/Grid-layout-of-IRIS-color-contact-lens-in-va-800x800.jpg 800w, https:\/\/miomicon.com\/wp-content\/uploads\/2025\/11\/Grid-layout-of-IRIS-color-contact-lens-in-va-1024x1024.jpg 1024w, https:\/\/miomicon.com\/wp-content\/uploads\/2025\/11\/Grid-layout-of-IRIS-color-contact-lens-in-va.jpg 1080w\" data-sizes=\"auto\" data-orig-sizes=\"(max-width: 1024px) 100vw, 1024px\" \/> <img decoding=\"async\" class=\"lazyload alignnone size-large wp-image-3719\" src=\"https:\/\/miomicon.com\/wp-content\/uploads\/2025\/11\/Showcase-of-one-IRIS-color-contact-lens-in-n-1024x1024.jpg\" data-orig-src=\"https:\/\/miomicon.com\/wp-content\/uploads\/2025\/11\/Showcase-of-one-IRIS-color-contact-lens-in-n-1024x1024.jpg\" alt=\"\" width=\"1024\" height=\"1024\" title=\"\" srcset=\"data:image\/svg+xml,%3Csvg%20xmlns%3D%27http%3A%2F%2Fwww.w3.org%2F2000%2Fsvg%27%20width%3D%271024%27%20height%3D%271024%27%20viewBox%3D%270%200%201024%201024%27%3E%3Crect%20width%3D%271024%27%20height%3D%271024%27%20fill-opacity%3D%220%22%2F%3E%3C%2Fsvg%3E\" data-srcset=\"https:\/\/miomicon.com\/wp-content\/uploads\/2025\/11\/Showcase-of-one-IRIS-color-contact-lens-in-n-66x66.jpg 66w, https:\/\/miomicon.com\/wp-content\/uploads\/2025\/11\/Showcase-of-one-IRIS-color-contact-lens-in-n-150x150.jpg 150w, https:\/\/miomicon.com\/wp-content\/uploads\/2025\/11\/Showcase-of-one-IRIS-color-contact-lens-in-n-200x200.jpg 200w, https:\/\/miomicon.com\/wp-content\/uploads\/2025\/11\/Showcase-of-one-IRIS-color-contact-lens-in-n-300x300.jpg 300w, https:\/\/miomicon.com\/wp-content\/uploads\/2025\/11\/Showcase-of-one-IRIS-color-contact-lens-in-n-400x400.jpg 400w, https:\/\/miomicon.com\/wp-content\/uploads\/2025\/11\/Showcase-of-one-IRIS-color-contact-lens-in-n-500x500.jpg 500w, https:\/\/miomicon.com\/wp-content\/uploads\/2025\/11\/Showcase-of-one-IRIS-color-contact-lens-in-n-600x600.jpg 600w, https:\/\/miomicon.com\/wp-content\/uploads\/2025\/11\/Showcase-of-one-IRIS-color-contact-lens-in-n-700x700.jpg 700w, https:\/\/miomicon.com\/wp-content\/uploads\/2025\/11\/Showcase-of-one-IRIS-color-contact-lens-in-n-768x768.jpg 768w, https:\/\/miomicon.com\/wp-content\/uploads\/2025\/11\/Showcase-of-one-IRIS-color-contact-lens-in-n-800x800.jpg 800w, https:\/\/miomicon.com\/wp-content\/uploads\/2025\/11\/Showcase-of-one-IRIS-color-contact-lens-in-n-1024x1024.jpg 1024w, https:\/\/miomicon.com\/wp-content\/uploads\/2025\/11\/Showcase-of-one-IRIS-color-contact-lens-in-n.jpg 1080w\" data-sizes=\"auto\" data-orig-sizes=\"(max-width: 1024px) 100vw, 1024px\" \/> <img decoding=\"async\" class=\"lazyload alignnone size-large wp-image-3725\" src=\"https:\/\/miomicon.com\/wp-content\/uploads\/2025\/11\/A-Real-shot-image-of-Iris-Vanilla-Brown-Cont-1024x1024.jpg\" data-orig-src=\"https:\/\/miomicon.com\/wp-content\/uploads\/2025\/11\/A-Real-shot-image-of-Iris-Vanilla-Brown-Cont-1024x1024.jpg\" alt=\"\" width=\"1024\" height=\"1024\" title=\"\" srcset=\"data:image\/svg+xml,%3Csvg%20xmlns%3D%27http%3A%2F%2Fwww.w3.org%2F2000%2Fsvg%27%20width%3D%271024%27%20height%3D%271024%27%20viewBox%3D%270%200%201024%201024%27%3E%3Crect%20width%3D%271024%27%20height%3D%271024%27%20fill-opacity%3D%220%22%2F%3E%3C%2Fsvg%3E\" data-srcset=\"https:\/\/miomicon.com\/wp-content\/uploads\/2025\/11\/A-Real-shot-image-of-Iris-Vanilla-Brown-Cont-66x66.jpg 66w, https:\/\/miomicon.com\/wp-content\/uploads\/2025\/11\/A-Real-shot-image-of-Iris-Vanilla-Brown-Cont-150x150.jpg 150w, https:\/\/miomicon.com\/wp-content\/uploads\/2025\/11\/A-Real-shot-image-of-Iris-Vanilla-Brown-Cont-200x200.jpg 200w, https:\/\/miomicon.com\/wp-content\/uploads\/2025\/11\/A-Real-shot-image-of-Iris-Vanilla-Brown-Cont-300x300.jpg 300w, https:\/\/miomicon.com\/wp-content\/uploads\/2025\/11\/A-Real-shot-image-of-Iris-Vanilla-Brown-Cont-400x400.jpg 400w, https:\/\/miomicon.com\/wp-content\/uploads\/2025\/11\/A-Real-shot-image-of-Iris-Vanilla-Brown-Cont-500x500.jpg 500w, https:\/\/miomicon.com\/wp-content\/uploads\/2025\/11\/A-Real-shot-image-of-Iris-Vanilla-Brown-Cont-600x600.jpg 600w, https:\/\/miomicon.com\/wp-content\/uploads\/2025\/11\/A-Real-shot-image-of-Iris-Vanilla-Brown-Cont-700x700.jpg 700w, https:\/\/miomicon.com\/wp-content\/uploads\/2025\/11\/A-Real-shot-image-of-Iris-Vanilla-Brown-Cont-768x768.jpg 768w, https:\/\/miomicon.com\/wp-content\/uploads\/2025\/11\/A-Real-shot-image-of-Iris-Vanilla-Brown-Cont-800x800.jpg 800w, https:\/\/miomicon.com\/wp-content\/uploads\/2025\/11\/A-Real-shot-image-of-Iris-Vanilla-Brown-Cont-1024x1024.jpg 1024w, https:\/\/miomicon.com\/wp-content\/uploads\/2025\/11\/A-Real-shot-image-of-Iris-Vanilla-Brown-Cont.jpg 1080w\" data-sizes=\"auto\" data-orig-sizes=\"(max-width: 1024px) 100vw, 1024px\" \/> <img decoding=\"async\" class=\"lazyload alignnone size-large wp-image-3723\" src=\"https:\/\/miomicon.com\/wp-content\/uploads\/2025\/11\/A-Real-shot-image-of-Iris-Cool-Gray-contact_-1024x1024.jpg\" data-orig-src=\"https:\/\/miomicon.com\/wp-content\/uploads\/2025\/11\/A-Real-shot-image-of-Iris-Cool-Gray-contact_-1024x1024.jpg\" alt=\"\" width=\"1024\" height=\"1024\" title=\"\" srcset=\"data:image\/svg+xml,%3Csvg%20xmlns%3D%27http%3A%2F%2Fwww.w3.org%2F2000%2Fsvg%27%20width%3D%271024%27%20height%3D%271024%27%20viewBox%3D%270%200%201024%201024%27%3E%3Crect%20width%3D%271024%27%20height%3D%271024%27%20fill-opacity%3D%220%22%2F%3E%3C%2Fsvg%3E\" data-srcset=\"https:\/\/miomicon.com\/wp-content\/uploads\/2025\/11\/A-Real-shot-image-of-Iris-Cool-Gray-contact_-66x66.jpg 66w, https:\/\/miomicon.com\/wp-content\/uploads\/2025\/11\/A-Real-shot-image-of-Iris-Cool-Gray-contact_-150x150.jpg 150w, https:\/\/miomicon.com\/wp-content\/uploads\/2025\/11\/A-Real-shot-image-of-Iris-Cool-Gray-contact_-200x200.jpg 200w, https:\/\/miomicon.com\/wp-content\/uploads\/2025\/11\/A-Real-shot-image-of-Iris-Cool-Gray-contact_-300x300.jpg 300w, https:\/\/miomicon.com\/wp-content\/uploads\/2025\/11\/A-Real-shot-image-of-Iris-Cool-Gray-contact_-400x400.jpg 400w, https:\/\/miomicon.com\/wp-content\/uploads\/2025\/11\/A-Real-shot-image-of-Iris-Cool-Gray-contact_-500x500.jpg 500w, https:\/\/miomicon.com\/wp-content\/uploads\/2025\/11\/A-Real-shot-image-of-Iris-Cool-Gray-contact_-600x600.jpg 600w, https:\/\/miomicon.com\/wp-content\/uploads\/2025\/11\/A-Real-shot-image-of-Iris-Cool-Gray-contact_-700x700.jpg 700w, https:\/\/miomicon.com\/wp-content\/uploads\/2025\/11\/A-Real-shot-image-of-Iris-Cool-Gray-contact_-768x768.jpg 768w, https:\/\/miomicon.com\/wp-content\/uploads\/2025\/11\/A-Real-shot-image-of-Iris-Cool-Gray-contact_-800x800.jpg 800w, https:\/\/miomicon.com\/wp-content\/uploads\/2025\/11\/A-Real-shot-image-of-Iris-Cool-Gray-contact_-1024x1024.jpg 1024w, https:\/\/miomicon.com\/wp-content\/uploads\/2025\/11\/A-Real-shot-image-of-Iris-Cool-Gray-contact_.jpg 1080w\" data-sizes=\"auto\" data-orig-sizes=\"(max-width: 1024px) 100vw, 1024px\" \/> <img decoding=\"async\" class=\"lazyload alignnone size-large wp-image-3718\" src=\"https:\/\/miomicon.com\/wp-content\/uploads\/2025\/11\/Showcase-of-one-IRIS-color-contact-lens-in-n-1-1024x1024.jpg\" data-orig-src=\"https:\/\/miomicon.com\/wp-content\/uploads\/2025\/11\/Showcase-of-one-IRIS-color-contact-lens-in-n-1-1024x1024.jpg\" alt=\"\" width=\"1024\" height=\"1024\" title=\"\" srcset=\"data:image\/svg+xml,%3Csvg%20xmlns%3D%27http%3A%2F%2Fwww.w3.org%2F2000%2Fsvg%27%20width%3D%271024%27%20height%3D%271024%27%20viewBox%3D%270%200%201024%201024%27%3E%3Crect%20width%3D%271024%27%20height%3D%271024%27%20fill-opacity%3D%220%22%2F%3E%3C%2Fsvg%3E\" data-srcset=\"https:\/\/miomicon.com\/wp-content\/uploads\/2025\/11\/Showcase-of-one-IRIS-color-contact-lens-in-n-1-66x66.jpg 66w, https:\/\/miomicon.com\/wp-content\/uploads\/2025\/11\/Showcase-of-one-IRIS-color-contact-lens-in-n-1-150x150.jpg 150w, https:\/\/miomicon.com\/wp-content\/uploads\/2025\/11\/Showcase-of-one-IRIS-color-contact-lens-in-n-1-200x200.jpg 200w, https:\/\/miomicon.com\/wp-content\/uploads\/2025\/11\/Showcase-of-one-IRIS-color-contact-lens-in-n-1-300x300.jpg 300w, https:\/\/miomicon.com\/wp-content\/uploads\/2025\/11\/Showcase-of-one-IRIS-color-contact-lens-in-n-1-400x400.jpg 400w, https:\/\/miomicon.com\/wp-content\/uploads\/2025\/11\/Showcase-of-one-IRIS-color-contact-lens-in-n-1-500x500.jpg 500w, https:\/\/miomicon.com\/wp-content\/uploads\/2025\/11\/Showcase-of-one-IRIS-color-contact-lens-in-n-1-600x600.jpg 600w, https:\/\/miomicon.com\/wp-content\/uploads\/2025\/11\/Showcase-of-one-IRIS-color-contact-lens-in-n-1-700x700.jpg 700w, https:\/\/miomicon.com\/wp-content\/uploads\/2025\/11\/Showcase-of-one-IRIS-color-contact-lens-in-n-1-768x768.jpg 768w, https:\/\/miomicon.com\/wp-content\/uploads\/2025\/11\/Showcase-of-one-IRIS-color-contact-lens-in-n-1-800x800.jpg 800w, https:\/\/miomicon.com\/wp-content\/uploads\/2025\/11\/Showcase-of-one-IRIS-color-contact-lens-in-n-1-1024x1024.jpg 1024w, https:\/\/miomicon.com\/wp-content\/uploads\/2025\/11\/Showcase-of-one-IRIS-color-contact-lens-in-n-1.jpg 1080w\" data-sizes=\"auto\" data-orig-sizes=\"(max-width: 1024px) 100vw, 1024px\" \/> <img decoding=\"async\" class=\"lazyload alignnone size-large wp-image-3721\" src=\"https:\/\/miomicon.com\/wp-content\/uploads\/2025\/11\/A-display-of-Iris-colored-contacts-in-Vanilla_yythk-1024x1024.jpg\" data-orig-src=\"https:\/\/miomicon.com\/wp-content\/uploads\/2025\/11\/A-display-of-Iris-colored-contacts-in-Vanilla_yythk-1024x1024.jpg\" alt=\"\" width=\"1024\" height=\"1024\" title=\"\" srcset=\"data:image\/svg+xml,%3Csvg%20xmlns%3D%27http%3A%2F%2Fwww.w3.org%2F2000%2Fsvg%27%20width%3D%271024%27%20height%3D%271024%27%20viewBox%3D%270%200%201024%201024%27%3E%3Crect%20width%3D%271024%27%20height%3D%271024%27%20fill-opacity%3D%220%22%2F%3E%3C%2Fsvg%3E\" data-srcset=\"https:\/\/miomicon.com\/wp-content\/uploads\/2025\/11\/A-display-of-Iris-colored-contacts-in-Vanilla_yythk-66x66.jpg 66w, https:\/\/miomicon.com\/wp-content\/uploads\/2025\/11\/A-display-of-Iris-colored-contacts-in-Vanilla_yythk-150x150.jpg 150w, https:\/\/miomicon.com\/wp-content\/uploads\/2025\/11\/A-display-of-Iris-colored-contacts-in-Vanilla_yythk-200x200.jpg 200w, https:\/\/miomicon.com\/wp-content\/uploads\/2025\/11\/A-display-of-Iris-colored-contacts-in-Vanilla_yythk-300x300.jpg 300w, https:\/\/miomicon.com\/wp-content\/uploads\/2025\/11\/A-display-of-Iris-colored-contacts-in-Vanilla_yythk-400x400.jpg 400w, https:\/\/miomicon.com\/wp-content\/uploads\/2025\/11\/A-display-of-Iris-colored-contacts-in-Vanilla_yythk-500x500.jpg 500w, https:\/\/miomicon.com\/wp-content\/uploads\/2025\/11\/A-display-of-Iris-colored-contacts-in-Vanilla_yythk-600x600.jpg 600w, https:\/\/miomicon.com\/wp-content\/uploads\/2025\/11\/A-display-of-Iris-colored-contacts-in-Vanilla_yythk-700x700.jpg 700w, https:\/\/miomicon.com\/wp-content\/uploads\/2025\/11\/A-display-of-Iris-colored-contacts-in-Vanilla_yythk-768x768.jpg 768w, https:\/\/miomicon.com\/wp-content\/uploads\/2025\/11\/A-display-of-Iris-colored-contacts-in-Vanilla_yythk-800x800.jpg 800w, https:\/\/miomicon.com\/wp-content\/uploads\/2025\/11\/A-display-of-Iris-colored-contacts-in-Vanilla_yythk-1024x1024.jpg 1024w, https:\/\/miomicon.com\/wp-content\/uploads\/2025\/11\/A-display-of-Iris-colored-contacts-in-Vanilla_yythk.jpg 1080w\" data-sizes=\"auto\" data-orig-sizes=\"(max-width: 1024px) 100vw, 1024px\" \/> <img decoding=\"async\" class=\"lazyload alignnone size-large wp-image-3731\" src=\"https:\/\/miomicon.com\/wp-content\/uploads\/2025\/11\/Package-for-IRIS-color-contact-lenses_-1PC-in_yythk-1024x1024.jpg\" data-orig-src=\"https:\/\/miomicon.com\/wp-content\/uploads\/2025\/11\/Package-for-IRIS-color-contact-lenses_-1PC-in_yythk-1024x1024.jpg\" alt=\"\" width=\"1024\" height=\"1024\" title=\"\" srcset=\"data:image\/svg+xml,%3Csvg%20xmlns%3D%27http%3A%2F%2Fwww.w3.org%2F2000%2Fsvg%27%20width%3D%271024%27%20height%3D%271024%27%20viewBox%3D%270%200%201024%201024%27%3E%3Crect%20width%3D%271024%27%20height%3D%271024%27%20fill-opacity%3D%220%22%2F%3E%3C%2Fsvg%3E\" data-srcset=\"https:\/\/miomicon.com\/wp-content\/uploads\/2025\/11\/Package-for-IRIS-color-contact-lenses_-1PC-in_yythk-66x66.jpg 66w, https:\/\/miomicon.com\/wp-content\/uploads\/2025\/11\/Package-for-IRIS-color-contact-lenses_-1PC-in_yythk-150x150.jpg 150w, https:\/\/miomicon.com\/wp-content\/uploads\/2025\/11\/Package-for-IRIS-color-contact-lenses_-1PC-in_yythk-200x200.jpg 200w, https:\/\/miomicon.com\/wp-content\/uploads\/2025\/11\/Package-for-IRIS-color-contact-lenses_-1PC-in_yythk-300x300.jpg 300w, https:\/\/miomicon.com\/wp-content\/uploads\/2025\/11\/Package-for-IRIS-color-contact-lenses_-1PC-in_yythk-400x400.jpg 400w, https:\/\/miomicon.com\/wp-content\/uploads\/2025\/11\/Package-for-IRIS-color-contact-lenses_-1PC-in_yythk-500x500.jpg 500w, https:\/\/miomicon.com\/wp-content\/uploads\/2025\/11\/Package-for-IRIS-color-contact-lenses_-1PC-in_yythk-600x600.jpg 600w, https:\/\/miomicon.com\/wp-content\/uploads\/2025\/11\/Package-for-IRIS-color-contact-lenses_-1PC-in_yythk-700x700.jpg 700w, https:\/\/miomicon.com\/wp-content\/uploads\/2025\/11\/Package-for-IRIS-color-contact-lenses_-1PC-in_yythk-768x768.jpg 768w, https:\/\/miomicon.com\/wp-content\/uploads\/2025\/11\/Package-for-IRIS-color-contact-lenses_-1PC-in_yythk-800x800.jpg 800w, https:\/\/miomicon.com\/wp-content\/uploads\/2025\/11\/Package-for-IRIS-color-contact-lenses_-1PC-in_yythk-1024x1024.jpg 1024w, https:\/\/miomicon.com\/wp-content\/uploads\/2025\/11\/Package-for-IRIS-color-contact-lenses_-1PC-in_yythk.jpg 1080w\" data-sizes=\"auto\" data-orig-sizes=\"(max-width: 1024px) 100vw, 1024px\" \/><\/p>\n","protected":false},"excerpt":{"rendered":"<p>Boostez votre offre commerciale avec notre gamme de lentilles de contact color\u00e9es IRIS, qui se d\u00e9cline en quatre couleurs charmantes avec cercle, dont Vanilla Brown, Choco Gray, Cool Gray et Honey. Cette gamme r\u00e9pond sans effort aux besoins et pr\u00e9f\u00e9rences vari\u00e9s de vos clients. Ne manquez pas cette occasion d&rsquo;\u00e9largir votre gamme de produits et de r\u00e9pondre \u00e0 la demande des consommateurs en mati\u00e8re de lentilles de contact color\u00e9es de qualit\u00e9, confortables et impressionnantes. <\/p>\n","protected":false},"featured_media":3727,"comment_status":"closed","ping_status":"closed","template":"","meta":[],"product_brand":[43],"product_cat":[111],"product_tag":[],"class_list":{"0":"post-4613","1":"product","2":"type-product","3":"status-publish","4":"has-post-thumbnail","6":"product_brand-magister","7":"product_cat-lentilles-de-contact-de-couleur-naturelle","9":"first","10":"instock","11":"product-type-simple"},"_links":{"self":[{"href":"https:\/\/miomicon.com\/fr\/wp-json\/wp\/v2\/product\/4613","targetHints":{"allow":["GET"]}}],"collection":[{"href":"https:\/\/miomicon.com\/fr\/wp-json\/wp\/v2\/product"}],"about":[{"href":"https:\/\/miomicon.com\/fr\/wp-json\/wp\/v2\/types\/product"}],"replies":[{"embeddable":true,"href":"https:\/\/miomicon.com\/fr\/wp-json\/wp\/v2\/comments?post=4613"}],"wp:featuredmedia":[{"embeddable":true,"href":"https:\/\/miomicon.com\/fr\/wp-json\/wp\/v2\/media\/3727"}],"wp:attachment":[{"href":"https:\/\/miomicon.com\/fr\/wp-json\/wp\/v2\/media?parent=4613"}],"wp:term":[{"taxonomy":"product_brand","embeddable":true,"href":"https:\/\/miomicon.com\/fr\/wp-json\/wp\/v2\/product_brand?post=4613"},{"taxonomy":"product_cat","embeddable":true,"href":"https:\/\/miomicon.com\/fr\/wp-json\/wp\/v2\/product_cat?post=4613"},{"taxonomy":"product_tag","embeddable":true,"href":"https:\/\/miomicon.com\/fr\/wp-json\/wp\/v2\/product_tag?post=4613"}],"curies":[{"name":"wp","href":"https:\/\/api.w.org\/{rel}","templated":true}]}}