{"id":10491,"date":"2025-11-05T14:36:04","date_gmt":"2025-11-05T06:36:04","guid":{"rendered":"https:\/\/miomicon.com\/product\/lentilles-de-contact-colorees-hc2\/"},"modified":"2026-03-09T10:06:16","modified_gmt":"2026-03-09T02:06:16","slug":"lentilles-de-contact-colorees-hc2","status":"publish","type":"product","link":"https:\/\/miomicon.com\/fr\/produit\/lentilles-de-contact-colorees-hc2\/","title":{"rendered":"Lentilles de contact color\u00e9es HC2"},"content":{"rendered":"<div class=\"table-1\">\n<table style=\"height: 100%;\" width=\"100%\">\n<tbody>\n<tr>\n<td>Mat\u00e9riau : HEMA<\/td>\n<td>Lentille souple : souple<\/td>\n<\/tr>\n<tr>\n<td>Diam\u00e8tre : <strong>14,2 mm<\/strong><\/td>\n<td>Tonalit\u00e9 : <b>3<\/b><\/td>\n<\/tr>\n<tr>\n<td>\u00c9paisseur centrale : 0,08 mm<\/td>\n<td>Courbure de base : 8,6 mm<\/td>\n<\/tr>\n<tr>\n<td>Dur\u00e9e de vie : <b>6 mois<\/b><\/td>\n<td>Dur\u00e9e de conservation : <strong>5 ans<\/strong><\/td>\n<\/tr>\n<tr>\n<td>Puissance : 0,00<\/td>\n<td>Teneur en eau : 40 %<\/td>\n<\/tr>\n<tr>\n<td>Lieu d&rsquo;origine : Chine, Cor\u00e9e<\/td>\n<td>Emballage : Blister (2 pi\u00e8ces par bo\u00eete)<\/td>\n<\/tr>\n<tr>\n<td colspan=\"2\">Variantes de couleur (<strong>4<\/strong> disponibles) : <strong>Brun chaud, Bleu corail, Gris portuaire, Brun sauge<\/strong><\/td>\n<\/tr>\n<\/tbody>\n<\/table>\n<\/div>\n<p>&nbsp;<\/p>\n<p><img decoding=\"async\" class=\"lazyload alignnone size-large wp-image-3726\" src=\"https:\/\/miomicon.com\/wp-content\/uploads\/2025\/11\/A-young-lady-showcasing-HC2-colored-contact-lenses_-1024x1024.jpg\" data-orig-src=\"https:\/\/miomicon.com\/wp-content\/uploads\/2025\/11\/A-young-lady-showcasing-HC2-colored-contact-lenses_-1024x1024.jpg\" alt=\"\" width=\"1024\" height=\"1024\" title=\"\" srcset=\"data:image\/svg+xml,%3Csvg%20xmlns%3D%27http%3A%2F%2Fwww.w3.org%2F2000%2Fsvg%27%20width%3D%271024%27%20height%3D%271024%27%20viewBox%3D%270%200%201024%201024%27%3E%3Crect%20width%3D%271024%27%20height%3D%271024%27%20fill-opacity%3D%220%22%2F%3E%3C%2Fsvg%3E\" data-srcset=\"https:\/\/miomicon.com\/wp-content\/uploads\/2025\/11\/A-young-lady-showcasing-HC2-colored-contact-lenses_-66x66.jpg 66w, https:\/\/miomicon.com\/wp-content\/uploads\/2025\/11\/A-young-lady-showcasing-HC2-colored-contact-lenses_-150x150.jpg 150w, https:\/\/miomicon.com\/wp-content\/uploads\/2025\/11\/A-young-lady-showcasing-HC2-colored-contact-lenses_-200x200.jpg 200w, https:\/\/miomicon.com\/wp-content\/uploads\/2025\/11\/A-young-lady-showcasing-HC2-colored-contact-lenses_-300x300.jpg 300w, https:\/\/miomicon.com\/wp-content\/uploads\/2025\/11\/A-young-lady-showcasing-HC2-colored-contact-lenses_-400x400.jpg 400w, https:\/\/miomicon.com\/wp-content\/uploads\/2025\/11\/A-young-lady-showcasing-HC2-colored-contact-lenses_-500x500.jpg 500w, https:\/\/miomicon.com\/wp-content\/uploads\/2025\/11\/A-young-lady-showcasing-HC2-colored-contact-lenses_-600x600.jpg 600w, https:\/\/miomicon.com\/wp-content\/uploads\/2025\/11\/A-young-lady-showcasing-HC2-colored-contact-lenses_-700x700.jpg 700w, https:\/\/miomicon.com\/wp-content\/uploads\/2025\/11\/A-young-lady-showcasing-HC2-colored-contact-lenses_-768x768.jpg 768w, https:\/\/miomicon.com\/wp-content\/uploads\/2025\/11\/A-young-lady-showcasing-HC2-colored-contact-lenses_-800x800.jpg 800w, https:\/\/miomicon.com\/wp-content\/uploads\/2025\/11\/A-young-lady-showcasing-HC2-colored-contact-lenses_-1024x1024.jpg 1024w, https:\/\/miomicon.com\/wp-content\/uploads\/2025\/11\/A-young-lady-showcasing-HC2-colored-contact-lenses_.jpg 1080w\" data-sizes=\"auto\" data-orig-sizes=\"(max-width: 1024px) 100vw, 1024px\" \/> <img decoding=\"async\" class=\"lazyload alignnone size-large wp-image-3722\" src=\"https:\/\/miomicon.com\/wp-content\/uploads\/2025\/11\/HC2-colored-contact-lenses-with-4-shades-of-1024x1024.jpg\" data-orig-src=\"https:\/\/miomicon.com\/wp-content\/uploads\/2025\/11\/HC2-colored-contact-lenses-with-4-shades-of-1024x1024.jpg\" alt=\"\" width=\"1024\" height=\"1024\" title=\"\" srcset=\"data:image\/svg+xml,%3Csvg%20xmlns%3D%27http%3A%2F%2Fwww.w3.org%2F2000%2Fsvg%27%20width%3D%271024%27%20height%3D%271024%27%20viewBox%3D%270%200%201024%201024%27%3E%3Crect%20width%3D%271024%27%20height%3D%271024%27%20fill-opacity%3D%220%22%2F%3E%3C%2Fsvg%3E\" data-srcset=\"https:\/\/miomicon.com\/wp-content\/uploads\/2025\/11\/HC2-colored-contact-lenses-with-4-shades-of-66x66.jpg 66w, https:\/\/miomicon.com\/wp-content\/uploads\/2025\/11\/HC2-colored-contact-lenses-with-4-shades-of-150x150.jpg 150w, https:\/\/miomicon.com\/wp-content\/uploads\/2025\/11\/HC2-colored-contact-lenses-with-4-shades-of-200x200.jpg 200w, https:\/\/miomicon.com\/wp-content\/uploads\/2025\/11\/HC2-colored-contact-lenses-with-4-shades-of-300x300.jpg 300w, https:\/\/miomicon.com\/wp-content\/uploads\/2025\/11\/HC2-colored-contact-lenses-with-4-shades-of-400x400.jpg 400w, https:\/\/miomicon.com\/wp-content\/uploads\/2025\/11\/HC2-colored-contact-lenses-with-4-shades-of-500x500.jpg 500w, https:\/\/miomicon.com\/wp-content\/uploads\/2025\/11\/HC2-colored-contact-lenses-with-4-shades-of-600x600.jpg 600w, https:\/\/miomicon.com\/wp-content\/uploads\/2025\/11\/HC2-colored-contact-lenses-with-4-shades-of-700x700.jpg 700w, https:\/\/miomicon.com\/wp-content\/uploads\/2025\/11\/HC2-colored-contact-lenses-with-4-shades-of-768x768.jpg 768w, https:\/\/miomicon.com\/wp-content\/uploads\/2025\/11\/HC2-colored-contact-lenses-with-4-shades-of-800x800.jpg 800w, https:\/\/miomicon.com\/wp-content\/uploads\/2025\/11\/HC2-colored-contact-lenses-with-4-shades-of-1024x1024.jpg 1024w, https:\/\/miomicon.com\/wp-content\/uploads\/2025\/11\/HC2-colored-contact-lenses-with-4-shades-of.jpg 1080w\" data-sizes=\"auto\" data-orig-sizes=\"(max-width: 1024px) 100vw, 1024px\" \/> <img decoding=\"async\" class=\"lazyload alignnone size-large wp-image-3724\" src=\"https:\/\/miomicon.com\/wp-content\/uploads\/2025\/11\/Showcase-of-four-HC2-colored-contact-lenses-in_yyth-1024x1024.jpg\" data-orig-src=\"https:\/\/miomicon.com\/wp-content\/uploads\/2025\/11\/Showcase-of-four-HC2-colored-contact-lenses-in_yyth-1024x1024.jpg\" alt=\"\" width=\"1024\" height=\"1024\" title=\"\" srcset=\"data:image\/svg+xml,%3Csvg%20xmlns%3D%27http%3A%2F%2Fwww.w3.org%2F2000%2Fsvg%27%20width%3D%271024%27%20height%3D%271024%27%20viewBox%3D%270%200%201024%201024%27%3E%3Crect%20width%3D%271024%27%20height%3D%271024%27%20fill-opacity%3D%220%22%2F%3E%3C%2Fsvg%3E\" data-srcset=\"https:\/\/miomicon.com\/wp-content\/uploads\/2025\/11\/Showcase-of-four-HC2-colored-contact-lenses-in_yyth-66x66.jpg 66w, https:\/\/miomicon.com\/wp-content\/uploads\/2025\/11\/Showcase-of-four-HC2-colored-contact-lenses-in_yyth-150x150.jpg 150w, https:\/\/miomicon.com\/wp-content\/uploads\/2025\/11\/Showcase-of-four-HC2-colored-contact-lenses-in_yyth-200x200.jpg 200w, https:\/\/miomicon.com\/wp-content\/uploads\/2025\/11\/Showcase-of-four-HC2-colored-contact-lenses-in_yyth-300x300.jpg 300w, https:\/\/miomicon.com\/wp-content\/uploads\/2025\/11\/Showcase-of-four-HC2-colored-contact-lenses-in_yyth-400x400.jpg 400w, https:\/\/miomicon.com\/wp-content\/uploads\/2025\/11\/Showcase-of-four-HC2-colored-contact-lenses-in_yyth-500x500.jpg 500w, https:\/\/miomicon.com\/wp-content\/uploads\/2025\/11\/Showcase-of-four-HC2-colored-contact-lenses-in_yyth-600x600.jpg 600w, https:\/\/miomicon.com\/wp-content\/uploads\/2025\/11\/Showcase-of-four-HC2-colored-contact-lenses-in_yyth-700x700.jpg 700w, https:\/\/miomicon.com\/wp-content\/uploads\/2025\/11\/Showcase-of-four-HC2-colored-contact-lenses-in_yyth-768x768.jpg 768w, https:\/\/miomicon.com\/wp-content\/uploads\/2025\/11\/Showcase-of-four-HC2-colored-contact-lenses-in_yyth-800x800.jpg 800w, https:\/\/miomicon.com\/wp-content\/uploads\/2025\/11\/Showcase-of-four-HC2-colored-contact-lenses-in_yyth-1024x1024.jpg 1024w, https:\/\/miomicon.com\/wp-content\/uploads\/2025\/11\/Showcase-of-four-HC2-colored-contact-lenses-in_yyth.jpg 1080w\" data-sizes=\"auto\" data-orig-sizes=\"(max-width: 1024px) 100vw, 1024px\" \/> <img decoding=\"async\" class=\"lazyload alignnone size-large wp-image-3728\" src=\"https:\/\/miomicon.com\/wp-content\/uploads\/2025\/11\/Colored_Contacts_Harbor_Gray_lens-1024x1024.jpg\" data-orig-src=\"https:\/\/miomicon.com\/wp-content\/uploads\/2025\/11\/Colored_Contacts_Harbor_Gray_lens-1024x1024.jpg\" alt=\"\" width=\"1024\" height=\"1024\" title=\"\" srcset=\"data:image\/svg+xml,%3Csvg%20xmlns%3D%27http%3A%2F%2Fwww.w3.org%2F2000%2Fsvg%27%20width%3D%271024%27%20height%3D%271024%27%20viewBox%3D%270%200%201024%201024%27%3E%3Crect%20width%3D%271024%27%20height%3D%271024%27%20fill-opacity%3D%220%22%2F%3E%3C%2Fsvg%3E\" data-srcset=\"https:\/\/miomicon.com\/wp-content\/uploads\/2025\/11\/Colored_Contacts_Harbor_Gray_lens-66x66.jpg 66w, https:\/\/miomicon.com\/wp-content\/uploads\/2025\/11\/Colored_Contacts_Harbor_Gray_lens-150x150.jpg 150w, https:\/\/miomicon.com\/wp-content\/uploads\/2025\/11\/Colored_Contacts_Harbor_Gray_lens-200x200.jpg 200w, https:\/\/miomicon.com\/wp-content\/uploads\/2025\/11\/Colored_Contacts_Harbor_Gray_lens-300x300.jpg 300w, https:\/\/miomicon.com\/wp-content\/uploads\/2025\/11\/Colored_Contacts_Harbor_Gray_lens-400x400.jpg 400w, https:\/\/miomicon.com\/wp-content\/uploads\/2025\/11\/Colored_Contacts_Harbor_Gray_lens-500x500.jpg 500w, https:\/\/miomicon.com\/wp-content\/uploads\/2025\/11\/Colored_Contacts_Harbor_Gray_lens-600x600.jpg 600w, https:\/\/miomicon.com\/wp-content\/uploads\/2025\/11\/Colored_Contacts_Harbor_Gray_lens-700x700.jpg 700w, https:\/\/miomicon.com\/wp-content\/uploads\/2025\/11\/Colored_Contacts_Harbor_Gray_lens-768x768.jpg 768w, https:\/\/miomicon.com\/wp-content\/uploads\/2025\/11\/Colored_Contacts_Harbor_Gray_lens-800x800.jpg 800w, https:\/\/miomicon.com\/wp-content\/uploads\/2025\/11\/Colored_Contacts_Harbor_Gray_lens-1024x1024.jpg 1024w, https:\/\/miomicon.com\/wp-content\/uploads\/2025\/11\/Colored_Contacts_Harbor_Gray_lens.jpg 1080w\" data-sizes=\"auto\" data-orig-sizes=\"(max-width: 1024px) 100vw, 1024px\" \/> <img decoding=\"async\" class=\"lazyload alignnone size-large wp-image-3730\" src=\"https:\/\/miomicon.com\/wp-content\/uploads\/2025\/11\/colored_contacts_HC2_Harbor_Gray_4_Variants_Grid_Close_Up-1024x1024.jpg\" data-orig-src=\"https:\/\/miomicon.com\/wp-content\/uploads\/2025\/11\/colored_contacts_HC2_Harbor_Gray_4_Variants_Grid_Close_Up-1024x1024.jpg\" alt=\"\" width=\"1024\" height=\"1024\" title=\"\" srcset=\"data:image\/svg+xml,%3Csvg%20xmlns%3D%27http%3A%2F%2Fwww.w3.org%2F2000%2Fsvg%27%20width%3D%271024%27%20height%3D%271024%27%20viewBox%3D%270%200%201024%201024%27%3E%3Crect%20width%3D%271024%27%20height%3D%271024%27%20fill-opacity%3D%220%22%2F%3E%3C%2Fsvg%3E\" data-srcset=\"https:\/\/miomicon.com\/wp-content\/uploads\/2025\/11\/colored_contacts_HC2_Harbor_Gray_4_Variants_Grid_Close_Up-66x66.jpg 66w, https:\/\/miomicon.com\/wp-content\/uploads\/2025\/11\/colored_contacts_HC2_Harbor_Gray_4_Variants_Grid_Close_Up-150x150.jpg 150w, https:\/\/miomicon.com\/wp-content\/uploads\/2025\/11\/colored_contacts_HC2_Harbor_Gray_4_Variants_Grid_Close_Up-200x200.jpg 200w, https:\/\/miomicon.com\/wp-content\/uploads\/2025\/11\/colored_contacts_HC2_Harbor_Gray_4_Variants_Grid_Close_Up-300x300.jpg 300w, https:\/\/miomicon.com\/wp-content\/uploads\/2025\/11\/colored_contacts_HC2_Harbor_Gray_4_Variants_Grid_Close_Up-400x400.jpg 400w, https:\/\/miomicon.com\/wp-content\/uploads\/2025\/11\/colored_contacts_HC2_Harbor_Gray_4_Variants_Grid_Close_Up-500x500.jpg 500w, https:\/\/miomicon.com\/wp-content\/uploads\/2025\/11\/colored_contacts_HC2_Harbor_Gray_4_Variants_Grid_Close_Up-600x600.jpg 600w, https:\/\/miomicon.com\/wp-content\/uploads\/2025\/11\/colored_contacts_HC2_Harbor_Gray_4_Variants_Grid_Close_Up-700x700.jpg 700w, https:\/\/miomicon.com\/wp-content\/uploads\/2025\/11\/colored_contacts_HC2_Harbor_Gray_4_Variants_Grid_Close_Up-768x768.jpg 768w, https:\/\/miomicon.com\/wp-content\/uploads\/2025\/11\/colored_contacts_HC2_Harbor_Gray_4_Variants_Grid_Close_Up-800x800.jpg 800w, https:\/\/miomicon.com\/wp-content\/uploads\/2025\/11\/colored_contacts_HC2_Harbor_Gray_4_Variants_Grid_Close_Up-1024x1024.jpg 1024w, https:\/\/miomicon.com\/wp-content\/uploads\/2025\/11\/colored_contacts_HC2_Harbor_Gray_4_Variants_Grid_Close_Up.jpg 1080w\" data-sizes=\"auto\" data-orig-sizes=\"(max-width: 1024px) 100vw, 1024px\" \/> <img decoding=\"async\" class=\"lazyload alignnone size-large wp-image-3717\" src=\"https:\/\/miomicon.com\/wp-content\/uploads\/2025\/11\/Colored_Contacts_Sage_Brown_lens-1024x1024.jpg\" data-orig-src=\"https:\/\/miomicon.com\/wp-content\/uploads\/2025\/11\/Colored_Contacts_Sage_Brown_lens-1024x1024.jpg\" alt=\"\" width=\"1024\" height=\"1024\" title=\"\" srcset=\"data:image\/svg+xml,%3Csvg%20xmlns%3D%27http%3A%2F%2Fwww.w3.org%2F2000%2Fsvg%27%20width%3D%271024%27%20height%3D%271024%27%20viewBox%3D%270%200%201024%201024%27%3E%3Crect%20width%3D%271024%27%20height%3D%271024%27%20fill-opacity%3D%220%22%2F%3E%3C%2Fsvg%3E\" data-srcset=\"https:\/\/miomicon.com\/wp-content\/uploads\/2025\/11\/Colored_Contacts_Sage_Brown_lens-66x66.jpg 66w, https:\/\/miomicon.com\/wp-content\/uploads\/2025\/11\/Colored_Contacts_Sage_Brown_lens-150x150.jpg 150w, https:\/\/miomicon.com\/wp-content\/uploads\/2025\/11\/Colored_Contacts_Sage_Brown_lens-200x200.jpg 200w, https:\/\/miomicon.com\/wp-content\/uploads\/2025\/11\/Colored_Contacts_Sage_Brown_lens-300x300.jpg 300w, https:\/\/miomicon.com\/wp-content\/uploads\/2025\/11\/Colored_Contacts_Sage_Brown_lens-400x400.jpg 400w, https:\/\/miomicon.com\/wp-content\/uploads\/2025\/11\/Colored_Contacts_Sage_Brown_lens-500x500.jpg 500w, https:\/\/miomicon.com\/wp-content\/uploads\/2025\/11\/Colored_Contacts_Sage_Brown_lens-600x600.jpg 600w, https:\/\/miomicon.com\/wp-content\/uploads\/2025\/11\/Colored_Contacts_Sage_Brown_lens-700x700.jpg 700w, https:\/\/miomicon.com\/wp-content\/uploads\/2025\/11\/Colored_Contacts_Sage_Brown_lens-768x768.jpg 768w, https:\/\/miomicon.com\/wp-content\/uploads\/2025\/11\/Colored_Contacts_Sage_Brown_lens-800x800.jpg 800w, https:\/\/miomicon.com\/wp-content\/uploads\/2025\/11\/Colored_Contacts_Sage_Brown_lens-1024x1024.jpg 1024w, https:\/\/miomicon.com\/wp-content\/uploads\/2025\/11\/Colored_Contacts_Sage_Brown_lens.jpg 1080w\" data-sizes=\"auto\" data-orig-sizes=\"(max-width: 1024px) 100vw, 1024px\" \/> <img decoding=\"async\" class=\"lazyload alignnone size-large wp-image-3734\" src=\"https:\/\/miomicon.com\/wp-content\/uploads\/2025\/11\/colored_contacts_HC2_Sage_Brown_4_Variants_Grid_Close_Up-1024x1024.jpg\" data-orig-src=\"https:\/\/miomicon.com\/wp-content\/uploads\/2025\/11\/colored_contacts_HC2_Sage_Brown_4_Variants_Grid_Close_Up-1024x1024.jpg\" alt=\"\" width=\"1024\" height=\"1024\" title=\"\" srcset=\"data:image\/svg+xml,%3Csvg%20xmlns%3D%27http%3A%2F%2Fwww.w3.org%2F2000%2Fsvg%27%20width%3D%271024%27%20height%3D%271024%27%20viewBox%3D%270%200%201024%201024%27%3E%3Crect%20width%3D%271024%27%20height%3D%271024%27%20fill-opacity%3D%220%22%2F%3E%3C%2Fsvg%3E\" data-srcset=\"https:\/\/miomicon.com\/wp-content\/uploads\/2025\/11\/colored_contacts_HC2_Sage_Brown_4_Variants_Grid_Close_Up-66x66.jpg 66w, https:\/\/miomicon.com\/wp-content\/uploads\/2025\/11\/colored_contacts_HC2_Sage_Brown_4_Variants_Grid_Close_Up-150x150.jpg 150w, https:\/\/miomicon.com\/wp-content\/uploads\/2025\/11\/colored_contacts_HC2_Sage_Brown_4_Variants_Grid_Close_Up-200x200.jpg 200w, https:\/\/miomicon.com\/wp-content\/uploads\/2025\/11\/colored_contacts_HC2_Sage_Brown_4_Variants_Grid_Close_Up-300x300.jpg 300w, https:\/\/miomicon.com\/wp-content\/uploads\/2025\/11\/colored_contacts_HC2_Sage_Brown_4_Variants_Grid_Close_Up-400x400.jpg 400w, https:\/\/miomicon.com\/wp-content\/uploads\/2025\/11\/colored_contacts_HC2_Sage_Brown_4_Variants_Grid_Close_Up-500x500.jpg 500w, https:\/\/miomicon.com\/wp-content\/uploads\/2025\/11\/colored_contacts_HC2_Sage_Brown_4_Variants_Grid_Close_Up-600x600.jpg 600w, https:\/\/miomicon.com\/wp-content\/uploads\/2025\/11\/colored_contacts_HC2_Sage_Brown_4_Variants_Grid_Close_Up-700x700.jpg 700w, https:\/\/miomicon.com\/wp-content\/uploads\/2025\/11\/colored_contacts_HC2_Sage_Brown_4_Variants_Grid_Close_Up-768x768.jpg 768w, https:\/\/miomicon.com\/wp-content\/uploads\/2025\/11\/colored_contacts_HC2_Sage_Brown_4_Variants_Grid_Close_Up-800x800.jpg 800w, https:\/\/miomicon.com\/wp-content\/uploads\/2025\/11\/colored_contacts_HC2_Sage_Brown_4_Variants_Grid_Close_Up-1024x1024.jpg 1024w, https:\/\/miomicon.com\/wp-content\/uploads\/2025\/11\/colored_contacts_HC2_Sage_Brown_4_Variants_Grid_Close_Up.jpg 1080w\" data-sizes=\"auto\" data-orig-sizes=\"(max-width: 1024px) 100vw, 1024px\" \/> <img decoding=\"async\" class=\"lazyload alignnone size-large wp-image-3720\" src=\"https:\/\/miomicon.com\/wp-content\/uploads\/2025\/11\/HC2-colored-contact-lenses-package-1024x1024.jpg\" data-orig-src=\"https:\/\/miomicon.com\/wp-content\/uploads\/2025\/11\/HC2-colored-contact-lenses-package-1024x1024.jpg\" alt=\"\" width=\"1024\" height=\"1024\" title=\"\" srcset=\"data:image\/svg+xml,%3Csvg%20xmlns%3D%27http%3A%2F%2Fwww.w3.org%2F2000%2Fsvg%27%20width%3D%271024%27%20height%3D%271024%27%20viewBox%3D%270%200%201024%201024%27%3E%3Crect%20width%3D%271024%27%20height%3D%271024%27%20fill-opacity%3D%220%22%2F%3E%3C%2Fsvg%3E\" data-srcset=\"https:\/\/miomicon.com\/wp-content\/uploads\/2025\/11\/HC2-colored-contact-lenses-package-66x66.jpg 66w, https:\/\/miomicon.com\/wp-content\/uploads\/2025\/11\/HC2-colored-contact-lenses-package-150x150.jpg 150w, https:\/\/miomicon.com\/wp-content\/uploads\/2025\/11\/HC2-colored-contact-lenses-package-200x200.jpg 200w, https:\/\/miomicon.com\/wp-content\/uploads\/2025\/11\/HC2-colored-contact-lenses-package-300x300.jpg 300w, https:\/\/miomicon.com\/wp-content\/uploads\/2025\/11\/HC2-colored-contact-lenses-package-400x400.jpg 400w, https:\/\/miomicon.com\/wp-content\/uploads\/2025\/11\/HC2-colored-contact-lenses-package-500x500.jpg 500w, https:\/\/miomicon.com\/wp-content\/uploads\/2025\/11\/HC2-colored-contact-lenses-package-600x600.jpg 600w, https:\/\/miomicon.com\/wp-content\/uploads\/2025\/11\/HC2-colored-contact-lenses-package-700x700.jpg 700w, https:\/\/miomicon.com\/wp-content\/uploads\/2025\/11\/HC2-colored-contact-lenses-package-768x768.jpg 768w, https:\/\/miomicon.com\/wp-content\/uploads\/2025\/11\/HC2-colored-contact-lenses-package-800x800.jpg 800w, https:\/\/miomicon.com\/wp-content\/uploads\/2025\/11\/HC2-colored-contact-lenses-package-1024x1024.jpg 1024w, https:\/\/miomicon.com\/wp-content\/uploads\/2025\/11\/HC2-colored-contact-lenses-package.jpg 1080w\" data-sizes=\"auto\" data-orig-sizes=\"(max-width: 1024px) 100vw, 1024px\" \/><\/p>\n","protected":false},"excerpt":{"rendered":"<p>Boostez votre offre commerciale avec nos lentilles de contact de la s\u00e9rie HC2, qui se d\u00e9clinent en quatre couleurs naturelles : Warm Brown, Coral Blue, Harbor Gray et Sage Brown. Cette s\u00e9rie r\u00e9pond sans difficult\u00e9 aux besoins et pr\u00e9f\u00e9rences vari\u00e9s de vos clients. Ne manquez pas cette occasion d&rsquo;\u00e9largir votre gamme de produits et de r\u00e9pondre \u00e0 la demande des consommateurs en mati\u00e8re de lentilles de contact color\u00e9es de qualit\u00e9, confortables et impressionnantes. <\/p>\n","protected":false},"featured_media":3726,"comment_status":"closed","ping_status":"closed","template":"","meta":[],"product_brand":[43],"product_cat":[111],"product_tag":[],"class_list":{"0":"post-10491","1":"product","2":"type-product","3":"status-publish","4":"has-post-thumbnail","6":"product_brand-magister","7":"product_cat-lentilles-de-contact-de-couleur-naturelle","9":"first","10":"instock","11":"product-type-simple"},"_links":{"self":[{"href":"https:\/\/miomicon.com\/fr\/wp-json\/wp\/v2\/product\/10491","targetHints":{"allow":["GET"]}}],"collection":[{"href":"https:\/\/miomicon.com\/fr\/wp-json\/wp\/v2\/product"}],"about":[{"href":"https:\/\/miomicon.com\/fr\/wp-json\/wp\/v2\/types\/product"}],"replies":[{"embeddable":true,"href":"https:\/\/miomicon.com\/fr\/wp-json\/wp\/v2\/comments?post=10491"}],"wp:featuredmedia":[{"embeddable":true,"href":"https:\/\/miomicon.com\/fr\/wp-json\/wp\/v2\/media\/3726"}],"wp:attachment":[{"href":"https:\/\/miomicon.com\/fr\/wp-json\/wp\/v2\/media?parent=10491"}],"wp:term":[{"taxonomy":"product_brand","embeddable":true,"href":"https:\/\/miomicon.com\/fr\/wp-json\/wp\/v2\/product_brand?post=10491"},{"taxonomy":"product_cat","embeddable":true,"href":"https:\/\/miomicon.com\/fr\/wp-json\/wp\/v2\/product_cat?post=10491"},{"taxonomy":"product_tag","embeddable":true,"href":"https:\/\/miomicon.com\/fr\/wp-json\/wp\/v2\/product_tag?post=10491"}],"curies":[{"name":"wp","href":"https:\/\/api.w.org\/{rel}","templated":true}]}}