{"id":10476,"date":"2025-11-05T14:30:01","date_gmt":"2025-11-05T06:30:01","guid":{"rendered":"https:\/\/miomicon.com\/product\/lentilles-de-contact-colorees-jupiter\/"},"modified":"2026-03-09T09:57:44","modified_gmt":"2026-03-09T01:57:44","slug":"lentilles-de-contact-colorees-jupiter","status":"publish","type":"product","link":"https:\/\/miomicon.com\/fr\/produit\/lentilles-de-contact-colorees-jupiter\/","title":{"rendered":"Lentilles de contact color\u00e9es Jupiter"},"content":{"rendered":"<div class=\"table-1\">\n<table style=\"height: 100%;\" width=\"100%\">\n<tbody>\n<tr>\n<td>Mat\u00e9riau : HEMA<\/td>\n<td>Lentille souple : souple<\/td>\n<\/tr>\n<tr>\n<td>Diam\u00e8tre : 14,5 mm<\/td>\n<td>Tonalit\u00e9 : 2<\/td>\n<\/tr>\n<tr>\n<td>\u00c9paisseur centrale : 0,08 mm<\/td>\n<td>Courbure de base : 8,6 mm<\/td>\n<\/tr>\n<tr>\n<td>Dur\u00e9e de conservation : 6 mois<\/td>\n<td>Dur\u00e9e de vie : 5 ans<\/td>\n<\/tr>\n<tr>\n<td>Puissance : 0,00<\/td>\n<td>Teneur en eau : 38 %<\/td>\n<\/tr>\n<tr>\n<td>Lieu d&rsquo;origine : <strong>Chine<\/strong>, <strong>Cor\u00e9e<\/strong><\/td>\n<td>Emballage : <strong>Blister (2 lentilles + 1 \u00e9tui dans une bo\u00eete)<\/strong><\/td>\n<\/tr>\n<tr>\n<td colspan=\"2\">Variantes de couleurs (<strong>6<\/strong> disponibles) :<strong> Brun chaud, Gris fonc\u00e9, Gris satin\u00e9, Gris sonique, Opale noire, Perle noire<\/strong><\/td>\n<\/tr>\n<\/tbody>\n<\/table>\n<\/div>\n<p>&nbsp;<\/p>\n<p><img decoding=\"async\" class=\"lazyload alignnone size-large wp-image-3698\" src=\"https:\/\/miomicon.com\/wp-content\/uploads\/2025\/11\/Colored_Contact_Lenses_Jupiter_Model_4_Variants_jpg-1024x1024.jpg\" data-orig-src=\"https:\/\/miomicon.com\/wp-content\/uploads\/2025\/11\/Colored_Contact_Lenses_Jupiter_Model_4_Variants_jpg-1024x1024.jpg\" alt=\"\" width=\"1024\" height=\"1024\" title=\"\" srcset=\"data:image\/svg+xml,%3Csvg%20xmlns%3D%27http%3A%2F%2Fwww.w3.org%2F2000%2Fsvg%27%20width%3D%271024%27%20height%3D%271024%27%20viewBox%3D%270%200%201024%201024%27%3E%3Crect%20width%3D%271024%27%20height%3D%271024%27%20fill-opacity%3D%220%22%2F%3E%3C%2Fsvg%3E\" data-srcset=\"https:\/\/miomicon.com\/wp-content\/uploads\/2025\/11\/Colored_Contact_Lenses_Jupiter_Model_4_Variants_jpg-66x66.jpg 66w, https:\/\/miomicon.com\/wp-content\/uploads\/2025\/11\/Colored_Contact_Lenses_Jupiter_Model_4_Variants_jpg-150x150.jpg 150w, https:\/\/miomicon.com\/wp-content\/uploads\/2025\/11\/Colored_Contact_Lenses_Jupiter_Model_4_Variants_jpg-200x200.jpg 200w, https:\/\/miomicon.com\/wp-content\/uploads\/2025\/11\/Colored_Contact_Lenses_Jupiter_Model_4_Variants_jpg-300x300.jpg 300w, https:\/\/miomicon.com\/wp-content\/uploads\/2025\/11\/Colored_Contact_Lenses_Jupiter_Model_4_Variants_jpg-400x400.jpg 400w, https:\/\/miomicon.com\/wp-content\/uploads\/2025\/11\/Colored_Contact_Lenses_Jupiter_Model_4_Variants_jpg-500x500.jpg 500w, https:\/\/miomicon.com\/wp-content\/uploads\/2025\/11\/Colored_Contact_Lenses_Jupiter_Model_4_Variants_jpg-600x600.jpg 600w, https:\/\/miomicon.com\/wp-content\/uploads\/2025\/11\/Colored_Contact_Lenses_Jupiter_Model_4_Variants_jpg-700x700.jpg 700w, https:\/\/miomicon.com\/wp-content\/uploads\/2025\/11\/Colored_Contact_Lenses_Jupiter_Model_4_Variants_jpg-768x768.jpg 768w, https:\/\/miomicon.com\/wp-content\/uploads\/2025\/11\/Colored_Contact_Lenses_Jupiter_Model_4_Variants_jpg-800x800.jpg 800w, https:\/\/miomicon.com\/wp-content\/uploads\/2025\/11\/Colored_Contact_Lenses_Jupiter_Model_4_Variants_jpg-1024x1024.jpg 1024w, https:\/\/miomicon.com\/wp-content\/uploads\/2025\/11\/Colored_Contact_Lenses_Jupiter_Model_4_Variants_jpg.jpg 1080w\" data-sizes=\"auto\" data-orig-sizes=\"(max-width: 1024px) 100vw, 1024px\" \/> <img decoding=\"async\" class=\"lazyload alignnone size-large wp-image-3694\" src=\"https:\/\/miomicon.com\/wp-content\/uploads\/2025\/11\/2-pcs-lenses-of-Jupiter-contact-lenses-on-a_-1024x1024.jpg\" data-orig-src=\"https:\/\/miomicon.com\/wp-content\/uploads\/2025\/11\/2-pcs-lenses-of-Jupiter-contact-lenses-on-a_-1024x1024.jpg\" alt=\"\" width=\"1024\" height=\"1024\" title=\"\" srcset=\"data:image\/svg+xml,%3Csvg%20xmlns%3D%27http%3A%2F%2Fwww.w3.org%2F2000%2Fsvg%27%20width%3D%271024%27%20height%3D%271024%27%20viewBox%3D%270%200%201024%201024%27%3E%3Crect%20width%3D%271024%27%20height%3D%271024%27%20fill-opacity%3D%220%22%2F%3E%3C%2Fsvg%3E\" data-srcset=\"https:\/\/miomicon.com\/wp-content\/uploads\/2025\/11\/2-pcs-lenses-of-Jupiter-contact-lenses-on-a_-66x66.jpg 66w, https:\/\/miomicon.com\/wp-content\/uploads\/2025\/11\/2-pcs-lenses-of-Jupiter-contact-lenses-on-a_-150x150.jpg 150w, https:\/\/miomicon.com\/wp-content\/uploads\/2025\/11\/2-pcs-lenses-of-Jupiter-contact-lenses-on-a_-200x200.jpg 200w, https:\/\/miomicon.com\/wp-content\/uploads\/2025\/11\/2-pcs-lenses-of-Jupiter-contact-lenses-on-a_-300x300.jpg 300w, https:\/\/miomicon.com\/wp-content\/uploads\/2025\/11\/2-pcs-lenses-of-Jupiter-contact-lenses-on-a_-400x400.jpg 400w, https:\/\/miomicon.com\/wp-content\/uploads\/2025\/11\/2-pcs-lenses-of-Jupiter-contact-lenses-on-a_-500x500.jpg 500w, https:\/\/miomicon.com\/wp-content\/uploads\/2025\/11\/2-pcs-lenses-of-Jupiter-contact-lenses-on-a_-600x600.jpg 600w, https:\/\/miomicon.com\/wp-content\/uploads\/2025\/11\/2-pcs-lenses-of-Jupiter-contact-lenses-on-a_-700x700.jpg 700w, https:\/\/miomicon.com\/wp-content\/uploads\/2025\/11\/2-pcs-lenses-of-Jupiter-contact-lenses-on-a_-768x768.jpg 768w, https:\/\/miomicon.com\/wp-content\/uploads\/2025\/11\/2-pcs-lenses-of-Jupiter-contact-lenses-on-a_-800x800.jpg 800w, https:\/\/miomicon.com\/wp-content\/uploads\/2025\/11\/2-pcs-lenses-of-Jupiter-contact-lenses-on-a_-1024x1024.jpg 1024w, https:\/\/miomicon.com\/wp-content\/uploads\/2025\/11\/2-pcs-lenses-of-Jupiter-contact-lenses-on-a_.jpg 1080w\" data-sizes=\"auto\" data-orig-sizes=\"(max-width: 1024px) 100vw, 1024px\" \/> <img decoding=\"async\" class=\"lazyload alignnone size-large wp-image-3692\" src=\"https:\/\/miomicon.com\/wp-content\/uploads\/2025\/11\/Grid-display-of-1-shade-of-Jupiter-Cosmetic-1024x1024.jpg\" data-orig-src=\"https:\/\/miomicon.com\/wp-content\/uploads\/2025\/11\/Grid-display-of-1-shade-of-Jupiter-Cosmetic-1024x1024.jpg\" alt=\"\" width=\"1024\" height=\"1024\" title=\"\" srcset=\"data:image\/svg+xml,%3Csvg%20xmlns%3D%27http%3A%2F%2Fwww.w3.org%2F2000%2Fsvg%27%20width%3D%271024%27%20height%3D%271024%27%20viewBox%3D%270%200%201024%201024%27%3E%3Crect%20width%3D%271024%27%20height%3D%271024%27%20fill-opacity%3D%220%22%2F%3E%3C%2Fsvg%3E\" data-srcset=\"https:\/\/miomicon.com\/wp-content\/uploads\/2025\/11\/Grid-display-of-1-shade-of-Jupiter-Cosmetic-66x66.jpg 66w, https:\/\/miomicon.com\/wp-content\/uploads\/2025\/11\/Grid-display-of-1-shade-of-Jupiter-Cosmetic-150x150.jpg 150w, https:\/\/miomicon.com\/wp-content\/uploads\/2025\/11\/Grid-display-of-1-shade-of-Jupiter-Cosmetic-200x200.jpg 200w, https:\/\/miomicon.com\/wp-content\/uploads\/2025\/11\/Grid-display-of-1-shade-of-Jupiter-Cosmetic-300x300.jpg 300w, https:\/\/miomicon.com\/wp-content\/uploads\/2025\/11\/Grid-display-of-1-shade-of-Jupiter-Cosmetic-400x400.jpg 400w, https:\/\/miomicon.com\/wp-content\/uploads\/2025\/11\/Grid-display-of-1-shade-of-Jupiter-Cosmetic-500x500.jpg 500w, https:\/\/miomicon.com\/wp-content\/uploads\/2025\/11\/Grid-display-of-1-shade-of-Jupiter-Cosmetic-600x600.jpg 600w, https:\/\/miomicon.com\/wp-content\/uploads\/2025\/11\/Grid-display-of-1-shade-of-Jupiter-Cosmetic-700x700.jpg 700w, https:\/\/miomicon.com\/wp-content\/uploads\/2025\/11\/Grid-display-of-1-shade-of-Jupiter-Cosmetic-768x768.jpg 768w, https:\/\/miomicon.com\/wp-content\/uploads\/2025\/11\/Grid-display-of-1-shade-of-Jupiter-Cosmetic-800x800.jpg 800w, https:\/\/miomicon.com\/wp-content\/uploads\/2025\/11\/Grid-display-of-1-shade-of-Jupiter-Cosmetic-1024x1024.jpg 1024w, https:\/\/miomicon.com\/wp-content\/uploads\/2025\/11\/Grid-display-of-1-shade-of-Jupiter-Cosmetic.jpg 1080w\" data-sizes=\"auto\" data-orig-sizes=\"(max-width: 1024px) 100vw, 1024px\" \/> <img decoding=\"async\" class=\"lazyload alignnone size-large wp-image-3696\" src=\"https:\/\/miomicon.com\/wp-content\/uploads\/2025\/11\/A-display-of-Jupiter-colored-contact-lenses-in_yyth-1024x1024.jpg\" data-orig-src=\"https:\/\/miomicon.com\/wp-content\/uploads\/2025\/11\/A-display-of-Jupiter-colored-contact-lenses-in_yyth-1024x1024.jpg\" alt=\"\" width=\"1024\" height=\"1024\" title=\"\" srcset=\"data:image\/svg+xml,%3Csvg%20xmlns%3D%27http%3A%2F%2Fwww.w3.org%2F2000%2Fsvg%27%20width%3D%271024%27%20height%3D%271024%27%20viewBox%3D%270%200%201024%201024%27%3E%3Crect%20width%3D%271024%27%20height%3D%271024%27%20fill-opacity%3D%220%22%2F%3E%3C%2Fsvg%3E\" data-srcset=\"https:\/\/miomicon.com\/wp-content\/uploads\/2025\/11\/A-display-of-Jupiter-colored-contact-lenses-in_yyth-66x66.jpg 66w, https:\/\/miomicon.com\/wp-content\/uploads\/2025\/11\/A-display-of-Jupiter-colored-contact-lenses-in_yyth-150x150.jpg 150w, https:\/\/miomicon.com\/wp-content\/uploads\/2025\/11\/A-display-of-Jupiter-colored-contact-lenses-in_yyth-200x200.jpg 200w, https:\/\/miomicon.com\/wp-content\/uploads\/2025\/11\/A-display-of-Jupiter-colored-contact-lenses-in_yyth-300x300.jpg 300w, https:\/\/miomicon.com\/wp-content\/uploads\/2025\/11\/A-display-of-Jupiter-colored-contact-lenses-in_yyth-400x400.jpg 400w, https:\/\/miomicon.com\/wp-content\/uploads\/2025\/11\/A-display-of-Jupiter-colored-contact-lenses-in_yyth-500x500.jpg 500w, https:\/\/miomicon.com\/wp-content\/uploads\/2025\/11\/A-display-of-Jupiter-colored-contact-lenses-in_yyth-600x600.jpg 600w, https:\/\/miomicon.com\/wp-content\/uploads\/2025\/11\/A-display-of-Jupiter-colored-contact-lenses-in_yyth-700x700.jpg 700w, https:\/\/miomicon.com\/wp-content\/uploads\/2025\/11\/A-display-of-Jupiter-colored-contact-lenses-in_yyth-768x768.jpg 768w, https:\/\/miomicon.com\/wp-content\/uploads\/2025\/11\/A-display-of-Jupiter-colored-contact-lenses-in_yyth-800x800.jpg 800w, https:\/\/miomicon.com\/wp-content\/uploads\/2025\/11\/A-display-of-Jupiter-colored-contact-lenses-in_yyth-1024x1024.jpg 1024w, https:\/\/miomicon.com\/wp-content\/uploads\/2025\/11\/A-display-of-Jupiter-colored-contact-lenses-in_yyth.jpg 1080w\" data-sizes=\"auto\" data-orig-sizes=\"(max-width: 1024px) 100vw, 1024px\" \/> <img decoding=\"async\" class=\"lazyload alignnone size-large wp-image-3697\" src=\"https:\/\/miomicon.com\/wp-content\/uploads\/2025\/11\/Array-of-Jupiter-contact-lenses-in-a-white-c-1024x1024.jpg\" data-orig-src=\"https:\/\/miomicon.com\/wp-content\/uploads\/2025\/11\/Array-of-Jupiter-contact-lenses-in-a-white-c-1024x1024.jpg\" alt=\"\" width=\"1024\" height=\"1024\" title=\"\" srcset=\"data:image\/svg+xml,%3Csvg%20xmlns%3D%27http%3A%2F%2Fwww.w3.org%2F2000%2Fsvg%27%20width%3D%271024%27%20height%3D%271024%27%20viewBox%3D%270%200%201024%201024%27%3E%3Crect%20width%3D%271024%27%20height%3D%271024%27%20fill-opacity%3D%220%22%2F%3E%3C%2Fsvg%3E\" data-srcset=\"https:\/\/miomicon.com\/wp-content\/uploads\/2025\/11\/Array-of-Jupiter-contact-lenses-in-a-white-c-66x66.jpg 66w, https:\/\/miomicon.com\/wp-content\/uploads\/2025\/11\/Array-of-Jupiter-contact-lenses-in-a-white-c-150x150.jpg 150w, https:\/\/miomicon.com\/wp-content\/uploads\/2025\/11\/Array-of-Jupiter-contact-lenses-in-a-white-c-200x200.jpg 200w, https:\/\/miomicon.com\/wp-content\/uploads\/2025\/11\/Array-of-Jupiter-contact-lenses-in-a-white-c-300x300.jpg 300w, https:\/\/miomicon.com\/wp-content\/uploads\/2025\/11\/Array-of-Jupiter-contact-lenses-in-a-white-c-400x400.jpg 400w, https:\/\/miomicon.com\/wp-content\/uploads\/2025\/11\/Array-of-Jupiter-contact-lenses-in-a-white-c-500x500.jpg 500w, https:\/\/miomicon.com\/wp-content\/uploads\/2025\/11\/Array-of-Jupiter-contact-lenses-in-a-white-c-600x600.jpg 600w, https:\/\/miomicon.com\/wp-content\/uploads\/2025\/11\/Array-of-Jupiter-contact-lenses-in-a-white-c-700x700.jpg 700w, https:\/\/miomicon.com\/wp-content\/uploads\/2025\/11\/Array-of-Jupiter-contact-lenses-in-a-white-c-768x768.jpg 768w, https:\/\/miomicon.com\/wp-content\/uploads\/2025\/11\/Array-of-Jupiter-contact-lenses-in-a-white-c-800x800.jpg 800w, https:\/\/miomicon.com\/wp-content\/uploads\/2025\/11\/Array-of-Jupiter-contact-lenses-in-a-white-c-1024x1024.jpg 1024w, https:\/\/miomicon.com\/wp-content\/uploads\/2025\/11\/Array-of-Jupiter-contact-lenses-in-a-white-c.jpg 1080w\" data-sizes=\"auto\" data-orig-sizes=\"(max-width: 1024px) 100vw, 1024px\" \/><img decoding=\"async\" class=\"lazyload alignnone size-large wp-image-3691\" src=\"https:\/\/miomicon.com\/wp-content\/uploads\/2025\/11\/display-a-magisterJupiter-contact-lenses-pink-package_yyth-1024x1024.jpg\" data-orig-src=\"https:\/\/miomicon.com\/wp-content\/uploads\/2025\/11\/display-a-magisterJupiter-contact-lenses-pink-package_yyth-1024x1024.jpg\" alt=\"\" width=\"1024\" height=\"1024\" title=\"\" srcset=\"data:image\/svg+xml,%3Csvg%20xmlns%3D%27http%3A%2F%2Fwww.w3.org%2F2000%2Fsvg%27%20width%3D%271024%27%20height%3D%271024%27%20viewBox%3D%270%200%201024%201024%27%3E%3Crect%20width%3D%271024%27%20height%3D%271024%27%20fill-opacity%3D%220%22%2F%3E%3C%2Fsvg%3E\" data-srcset=\"https:\/\/miomicon.com\/wp-content\/uploads\/2025\/11\/display-a-magisterJupiter-contact-lenses-pink-package_yyth-66x66.jpg 66w, https:\/\/miomicon.com\/wp-content\/uploads\/2025\/11\/display-a-magisterJupiter-contact-lenses-pink-package_yyth-150x150.jpg 150w, https:\/\/miomicon.com\/wp-content\/uploads\/2025\/11\/display-a-magisterJupiter-contact-lenses-pink-package_yyth-200x200.jpg 200w, https:\/\/miomicon.com\/wp-content\/uploads\/2025\/11\/display-a-magisterJupiter-contact-lenses-pink-package_yyth-300x300.jpg 300w, https:\/\/miomicon.com\/wp-content\/uploads\/2025\/11\/display-a-magisterJupiter-contact-lenses-pink-package_yyth-400x400.jpg 400w, https:\/\/miomicon.com\/wp-content\/uploads\/2025\/11\/display-a-magisterJupiter-contact-lenses-pink-package_yyth-500x500.jpg 500w, https:\/\/miomicon.com\/wp-content\/uploads\/2025\/11\/display-a-magisterJupiter-contact-lenses-pink-package_yyth-600x600.jpg 600w, https:\/\/miomicon.com\/wp-content\/uploads\/2025\/11\/display-a-magisterJupiter-contact-lenses-pink-package_yyth-700x700.jpg 700w, https:\/\/miomicon.com\/wp-content\/uploads\/2025\/11\/display-a-magisterJupiter-contact-lenses-pink-package_yyth-768x768.jpg 768w, https:\/\/miomicon.com\/wp-content\/uploads\/2025\/11\/display-a-magisterJupiter-contact-lenses-pink-package_yyth-800x800.jpg 800w, https:\/\/miomicon.com\/wp-content\/uploads\/2025\/11\/display-a-magisterJupiter-contact-lenses-pink-package_yyth-1024x1024.jpg 1024w, https:\/\/miomicon.com\/wp-content\/uploads\/2025\/11\/display-a-magisterJupiter-contact-lenses-pink-package_yyth.jpg 1080w\" data-sizes=\"auto\" data-orig-sizes=\"(max-width: 1024px) 100vw, 1024px\" \/><\/p>\n","protected":false},"excerpt":{"rendered":"<p>Boostez votre offre commerciale gr\u00e2ce \u00e0 notre collection Jupiter, qui propose une gamme vari\u00e9e de 6 lentilles de contact de couleur naturelle. Toutes ces couleurs sont tr\u00e8s populaires sur le march\u00e9 mondial. Cette s\u00e9rie r\u00e9pond sans difficult\u00e9 aux besoins et pr\u00e9f\u00e9rences vari\u00e9s de vos clients. Ne manquez pas cette occasion d&rsquo;\u00e9largir votre gamme de produits et de r\u00e9pondre \u00e0 la demande des consommateurs en mati\u00e8re de lentilles de contact color\u00e9es de qualit\u00e9, confortables et impressionnantes.  <\/p>\n","protected":false},"featured_media":3698,"comment_status":"closed","ping_status":"closed","template":"","meta":[],"product_brand":[43],"product_cat":[111],"product_tag":[],"class_list":{"0":"post-10476","1":"product","2":"type-product","3":"status-publish","4":"has-post-thumbnail","6":"product_brand-magister","7":"product_cat-lentilles-de-contact-de-couleur-naturelle","9":"first","10":"instock","11":"product-type-simple"},"_links":{"self":[{"href":"https:\/\/miomicon.com\/fr\/wp-json\/wp\/v2\/product\/10476","targetHints":{"allow":["GET"]}}],"collection":[{"href":"https:\/\/miomicon.com\/fr\/wp-json\/wp\/v2\/product"}],"about":[{"href":"https:\/\/miomicon.com\/fr\/wp-json\/wp\/v2\/types\/product"}],"replies":[{"embeddable":true,"href":"https:\/\/miomicon.com\/fr\/wp-json\/wp\/v2\/comments?post=10476"}],"wp:featuredmedia":[{"embeddable":true,"href":"https:\/\/miomicon.com\/fr\/wp-json\/wp\/v2\/media\/3698"}],"wp:attachment":[{"href":"https:\/\/miomicon.com\/fr\/wp-json\/wp\/v2\/media?parent=10476"}],"wp:term":[{"taxonomy":"product_brand","embeddable":true,"href":"https:\/\/miomicon.com\/fr\/wp-json\/wp\/v2\/product_brand?post=10476"},{"taxonomy":"product_cat","embeddable":true,"href":"https:\/\/miomicon.com\/fr\/wp-json\/wp\/v2\/product_cat?post=10476"},{"taxonomy":"product_tag","embeddable":true,"href":"https:\/\/miomicon.com\/fr\/wp-json\/wp\/v2\/product_tag?post=10476"}],"curies":[{"name":"wp","href":"https:\/\/api.w.org\/{rel}","templated":true}]}}