{"id":10415,"date":"2025-11-05T14:08:11","date_gmt":"2025-11-05T06:08:11","guid":{"rendered":"https:\/\/miomicon.com\/product\/lentilles-de-contact-colorees-diamond-n\/"},"modified":"2026-03-09T09:58:42","modified_gmt":"2026-03-09T01:58:42","slug":"lentilles-de-contact-colorees-diamond-n","status":"publish","type":"product","link":"https:\/\/miomicon.com\/fr\/produit\/lentilles-de-contact-colorees-diamond-n\/","title":{"rendered":"Lentilles de contact color\u00e9es Diamond N"},"content":{"rendered":"<div class=\"table-1\">\n<table style=\"height: 100%;\" width=\"1005\">\n<tbody>\n<tr>\n<td>Mat\u00e9riau : HEMA<\/td>\n<td>Lentille souple : souple<\/td>\n<\/tr>\n<tr>\n<td>Diam\u00e8tre : 14,5 mm<\/td>\n<p>To<\/p>\n<td>nalit\u00e9 : 2<\/td>\n<\/tr>\n<tr>\n<td>\u00c9paisseur centrale : 0,08 mm<\/td>\n<td>Courbure de base : 8,6 mm<\/td>\n<\/tr>\n<tr>\n<td>Jetable : <strong>Six mois<\/strong><\/td>\n<td>Dur\u00e9e de conservation : <strong>5 ans<\/strong><\/td>\n<\/tr>\n<tr>\n<td>Puissance : 0,00<\/td>\n<td>Teneur en eau : 40 %<\/td>\n<\/tr>\n<tr>\n<td>Lieu d&rsquo;origine : Chine, Cor\u00e9e<\/td>\n<td>Emballage : Blister (2 pi\u00e8ces par bo\u00eete)<\/td>\n<\/tr>\n<tr>\n<td colspan=\"2\">Variantes de couleur (<b>4<\/b> disponibles) : <b>Marron bonbon, Gris s\u00e9duisant, Bleu Pacifique, Vert \u00e9ternel<\/b><\/td>\n<\/tr>\n<\/tbody>\n<\/table>\n<\/div>\n<p>&nbsp;<\/p>\n<p><img decoding=\"async\" class=\"lazyload alignnone size-large wp-image-3607\" src=\"https:\/\/miomicon.com\/wp-content\/uploads\/2025\/11\/A-young-lady-showcasing-Diamond-N-colored-contact_y-1024x1024.jpg\" data-orig-src=\"https:\/\/miomicon.com\/wp-content\/uploads\/2025\/11\/A-young-lady-showcasing-Diamond-N-colored-contact_y-1024x1024.jpg\" alt=\"\" width=\"1024\" height=\"1024\" title=\"\" srcset=\"data:image\/svg+xml,%3Csvg%20xmlns%3D%27http%3A%2F%2Fwww.w3.org%2F2000%2Fsvg%27%20width%3D%271024%27%20height%3D%271024%27%20viewBox%3D%270%200%201024%201024%27%3E%3Crect%20width%3D%271024%27%20height%3D%271024%27%20fill-opacity%3D%220%22%2F%3E%3C%2Fsvg%3E\" data-srcset=\"https:\/\/miomicon.com\/wp-content\/uploads\/2025\/11\/A-young-lady-showcasing-Diamond-N-colored-contact_y-66x66.jpg 66w, https:\/\/miomicon.com\/wp-content\/uploads\/2025\/11\/A-young-lady-showcasing-Diamond-N-colored-contact_y-150x150.jpg 150w, https:\/\/miomicon.com\/wp-content\/uploads\/2025\/11\/A-young-lady-showcasing-Diamond-N-colored-contact_y-200x200.jpg 200w, https:\/\/miomicon.com\/wp-content\/uploads\/2025\/11\/A-young-lady-showcasing-Diamond-N-colored-contact_y-300x300.jpg 300w, https:\/\/miomicon.com\/wp-content\/uploads\/2025\/11\/A-young-lady-showcasing-Diamond-N-colored-contact_y-400x400.jpg 400w, https:\/\/miomicon.com\/wp-content\/uploads\/2025\/11\/A-young-lady-showcasing-Diamond-N-colored-contact_y-500x500.jpg 500w, https:\/\/miomicon.com\/wp-content\/uploads\/2025\/11\/A-young-lady-showcasing-Diamond-N-colored-contact_y-600x600.jpg 600w, https:\/\/miomicon.com\/wp-content\/uploads\/2025\/11\/A-young-lady-showcasing-Diamond-N-colored-contact_y-700x700.jpg 700w, https:\/\/miomicon.com\/wp-content\/uploads\/2025\/11\/A-young-lady-showcasing-Diamond-N-colored-contact_y-768x768.jpg 768w, https:\/\/miomicon.com\/wp-content\/uploads\/2025\/11\/A-young-lady-showcasing-Diamond-N-colored-contact_y-800x800.jpg 800w, https:\/\/miomicon.com\/wp-content\/uploads\/2025\/11\/A-young-lady-showcasing-Diamond-N-colored-contact_y-1024x1024.jpg 1024w, https:\/\/miomicon.com\/wp-content\/uploads\/2025\/11\/A-young-lady-showcasing-Diamond-N-colored-contact_y.jpg 1080w\" data-sizes=\"auto\" data-orig-sizes=\"(max-width: 1024px) 100vw, 1024px\" \/> <img decoding=\"async\" class=\"lazyload alignnone size-large wp-image-3601\" src=\"https:\/\/miomicon.com\/wp-content\/uploads\/2025\/11\/Diamond-N-contact-lenses-of-4-colors_-Candy-1024x1024.jpg\" data-orig-src=\"https:\/\/miomicon.com\/wp-content\/uploads\/2025\/11\/Diamond-N-contact-lenses-of-4-colors_-Candy-1024x1024.jpg\" alt=\"\" width=\"1024\" height=\"1024\" title=\"\" srcset=\"data:image\/svg+xml,%3Csvg%20xmlns%3D%27http%3A%2F%2Fwww.w3.org%2F2000%2Fsvg%27%20width%3D%271024%27%20height%3D%271024%27%20viewBox%3D%270%200%201024%201024%27%3E%3Crect%20width%3D%271024%27%20height%3D%271024%27%20fill-opacity%3D%220%22%2F%3E%3C%2Fsvg%3E\" data-srcset=\"https:\/\/miomicon.com\/wp-content\/uploads\/2025\/11\/Diamond-N-contact-lenses-of-4-colors_-Candy-66x66.jpg 66w, https:\/\/miomicon.com\/wp-content\/uploads\/2025\/11\/Diamond-N-contact-lenses-of-4-colors_-Candy-150x150.jpg 150w, https:\/\/miomicon.com\/wp-content\/uploads\/2025\/11\/Diamond-N-contact-lenses-of-4-colors_-Candy-200x200.jpg 200w, https:\/\/miomicon.com\/wp-content\/uploads\/2025\/11\/Diamond-N-contact-lenses-of-4-colors_-Candy-300x300.jpg 300w, https:\/\/miomicon.com\/wp-content\/uploads\/2025\/11\/Diamond-N-contact-lenses-of-4-colors_-Candy-400x400.jpg 400w, https:\/\/miomicon.com\/wp-content\/uploads\/2025\/11\/Diamond-N-contact-lenses-of-4-colors_-Candy-500x500.jpg 500w, https:\/\/miomicon.com\/wp-content\/uploads\/2025\/11\/Diamond-N-contact-lenses-of-4-colors_-Candy-600x600.jpg 600w, https:\/\/miomicon.com\/wp-content\/uploads\/2025\/11\/Diamond-N-contact-lenses-of-4-colors_-Candy-700x700.jpg 700w, https:\/\/miomicon.com\/wp-content\/uploads\/2025\/11\/Diamond-N-contact-lenses-of-4-colors_-Candy-768x768.jpg 768w, https:\/\/miomicon.com\/wp-content\/uploads\/2025\/11\/Diamond-N-contact-lenses-of-4-colors_-Candy-800x800.jpg 800w, https:\/\/miomicon.com\/wp-content\/uploads\/2025\/11\/Diamond-N-contact-lenses-of-4-colors_-Candy-1024x1024.jpg 1024w, https:\/\/miomicon.com\/wp-content\/uploads\/2025\/11\/Diamond-N-contact-lenses-of-4-colors_-Candy.jpg 1080w\" data-sizes=\"auto\" data-orig-sizes=\"(max-width: 1024px) 100vw, 1024px\" \/> <img decoding=\"async\" class=\"lazyload alignnone size-large wp-image-3606\" src=\"https:\/\/miomicon.com\/wp-content\/uploads\/2025\/11\/Eye-effect-of-wearing-Diamond-N-colored-contact_yyt-1024x1024.jpg\" data-orig-src=\"https:\/\/miomicon.com\/wp-content\/uploads\/2025\/11\/Eye-effect-of-wearing-Diamond-N-colored-contact_yyt-1024x1024.jpg\" alt=\"\" width=\"1024\" height=\"1024\" title=\"\" srcset=\"data:image\/svg+xml,%3Csvg%20xmlns%3D%27http%3A%2F%2Fwww.w3.org%2F2000%2Fsvg%27%20width%3D%271024%27%20height%3D%271024%27%20viewBox%3D%270%200%201024%201024%27%3E%3Crect%20width%3D%271024%27%20height%3D%271024%27%20fill-opacity%3D%220%22%2F%3E%3C%2Fsvg%3E\" data-srcset=\"https:\/\/miomicon.com\/wp-content\/uploads\/2025\/11\/Eye-effect-of-wearing-Diamond-N-colored-contact_yyt-66x66.jpg 66w, https:\/\/miomicon.com\/wp-content\/uploads\/2025\/11\/Eye-effect-of-wearing-Diamond-N-colored-contact_yyt-150x150.jpg 150w, https:\/\/miomicon.com\/wp-content\/uploads\/2025\/11\/Eye-effect-of-wearing-Diamond-N-colored-contact_yyt-200x200.jpg 200w, https:\/\/miomicon.com\/wp-content\/uploads\/2025\/11\/Eye-effect-of-wearing-Diamond-N-colored-contact_yyt-300x300.jpg 300w, https:\/\/miomicon.com\/wp-content\/uploads\/2025\/11\/Eye-effect-of-wearing-Diamond-N-colored-contact_yyt-400x400.jpg 400w, https:\/\/miomicon.com\/wp-content\/uploads\/2025\/11\/Eye-effect-of-wearing-Diamond-N-colored-contact_yyt-500x500.jpg 500w, https:\/\/miomicon.com\/wp-content\/uploads\/2025\/11\/Eye-effect-of-wearing-Diamond-N-colored-contact_yyt-600x600.jpg 600w, https:\/\/miomicon.com\/wp-content\/uploads\/2025\/11\/Eye-effect-of-wearing-Diamond-N-colored-contact_yyt-700x700.jpg 700w, https:\/\/miomicon.com\/wp-content\/uploads\/2025\/11\/Eye-effect-of-wearing-Diamond-N-colored-contact_yyt-768x768.jpg 768w, https:\/\/miomicon.com\/wp-content\/uploads\/2025\/11\/Eye-effect-of-wearing-Diamond-N-colored-contact_yyt-800x800.jpg 800w, https:\/\/miomicon.com\/wp-content\/uploads\/2025\/11\/Eye-effect-of-wearing-Diamond-N-colored-contact_yyt-1024x1024.jpg 1024w, https:\/\/miomicon.com\/wp-content\/uploads\/2025\/11\/Eye-effect-of-wearing-Diamond-N-colored-contact_yyt.jpg 1080w\" data-sizes=\"auto\" data-orig-sizes=\"(max-width: 1024px) 100vw, 1024px\" \/> <img decoding=\"async\" class=\"lazyload alignnone size-large wp-image-3604\" src=\"https:\/\/miomicon.com\/wp-content\/uploads\/2025\/11\/eye-effect-of-Allure-Gray-colored-Contact-lenses-1024x1024.jpg\" data-orig-src=\"https:\/\/miomicon.com\/wp-content\/uploads\/2025\/11\/eye-effect-of-Allure-Gray-colored-Contact-lenses-1024x1024.jpg\" alt=\"\" width=\"1024\" height=\"1024\" title=\"\" srcset=\"data:image\/svg+xml,%3Csvg%20xmlns%3D%27http%3A%2F%2Fwww.w3.org%2F2000%2Fsvg%27%20width%3D%271024%27%20height%3D%271024%27%20viewBox%3D%270%200%201024%201024%27%3E%3Crect%20width%3D%271024%27%20height%3D%271024%27%20fill-opacity%3D%220%22%2F%3E%3C%2Fsvg%3E\" data-srcset=\"https:\/\/miomicon.com\/wp-content\/uploads\/2025\/11\/eye-effect-of-Allure-Gray-colored-Contact-lenses-66x66.jpg 66w, https:\/\/miomicon.com\/wp-content\/uploads\/2025\/11\/eye-effect-of-Allure-Gray-colored-Contact-lenses-150x150.jpg 150w, https:\/\/miomicon.com\/wp-content\/uploads\/2025\/11\/eye-effect-of-Allure-Gray-colored-Contact-lenses-200x200.jpg 200w, https:\/\/miomicon.com\/wp-content\/uploads\/2025\/11\/eye-effect-of-Allure-Gray-colored-Contact-lenses-300x300.jpg 300w, https:\/\/miomicon.com\/wp-content\/uploads\/2025\/11\/eye-effect-of-Allure-Gray-colored-Contact-lenses-400x400.jpg 400w, https:\/\/miomicon.com\/wp-content\/uploads\/2025\/11\/eye-effect-of-Allure-Gray-colored-Contact-lenses-500x500.jpg 500w, https:\/\/miomicon.com\/wp-content\/uploads\/2025\/11\/eye-effect-of-Allure-Gray-colored-Contact-lenses-600x600.jpg 600w, https:\/\/miomicon.com\/wp-content\/uploads\/2025\/11\/eye-effect-of-Allure-Gray-colored-Contact-lenses-700x700.jpg 700w, https:\/\/miomicon.com\/wp-content\/uploads\/2025\/11\/eye-effect-of-Allure-Gray-colored-Contact-lenses-768x768.jpg 768w, https:\/\/miomicon.com\/wp-content\/uploads\/2025\/11\/eye-effect-of-Allure-Gray-colored-Contact-lenses-800x800.jpg 800w, https:\/\/miomicon.com\/wp-content\/uploads\/2025\/11\/eye-effect-of-Allure-Gray-colored-Contact-lenses-1024x1024.jpg 1024w, https:\/\/miomicon.com\/wp-content\/uploads\/2025\/11\/eye-effect-of-Allure-Gray-colored-Contact-lenses.jpg 1080w\" data-sizes=\"auto\" data-orig-sizes=\"(max-width: 1024px) 100vw, 1024px\" \/> <img decoding=\"async\" class=\"lazyload alignnone size-large wp-image-3609\" src=\"https:\/\/miomicon.com\/wp-content\/uploads\/2025\/11\/contact-lenses-Diamond-Candy-Brown-color-lens-1024x1024.jpg\" data-orig-src=\"https:\/\/miomicon.com\/wp-content\/uploads\/2025\/11\/contact-lenses-Diamond-Candy-Brown-color-lens-1024x1024.jpg\" alt=\"\" width=\"1024\" height=\"1024\" title=\"\" srcset=\"data:image\/svg+xml,%3Csvg%20xmlns%3D%27http%3A%2F%2Fwww.w3.org%2F2000%2Fsvg%27%20width%3D%271024%27%20height%3D%271024%27%20viewBox%3D%270%200%201024%201024%27%3E%3Crect%20width%3D%271024%27%20height%3D%271024%27%20fill-opacity%3D%220%22%2F%3E%3C%2Fsvg%3E\" data-srcset=\"https:\/\/miomicon.com\/wp-content\/uploads\/2025\/11\/contact-lenses-Diamond-Candy-Brown-color-lens-66x66.jpg 66w, https:\/\/miomicon.com\/wp-content\/uploads\/2025\/11\/contact-lenses-Diamond-Candy-Brown-color-lens-150x150.jpg 150w, https:\/\/miomicon.com\/wp-content\/uploads\/2025\/11\/contact-lenses-Diamond-Candy-Brown-color-lens-200x200.jpg 200w, https:\/\/miomicon.com\/wp-content\/uploads\/2025\/11\/contact-lenses-Diamond-Candy-Brown-color-lens-300x300.jpg 300w, https:\/\/miomicon.com\/wp-content\/uploads\/2025\/11\/contact-lenses-Diamond-Candy-Brown-color-lens-400x400.jpg 400w, https:\/\/miomicon.com\/wp-content\/uploads\/2025\/11\/contact-lenses-Diamond-Candy-Brown-color-lens-500x500.jpg 500w, https:\/\/miomicon.com\/wp-content\/uploads\/2025\/11\/contact-lenses-Diamond-Candy-Brown-color-lens-600x600.jpg 600w, https:\/\/miomicon.com\/wp-content\/uploads\/2025\/11\/contact-lenses-Diamond-Candy-Brown-color-lens-700x700.jpg 700w, https:\/\/miomicon.com\/wp-content\/uploads\/2025\/11\/contact-lenses-Diamond-Candy-Brown-color-lens-768x768.jpg 768w, https:\/\/miomicon.com\/wp-content\/uploads\/2025\/11\/contact-lenses-Diamond-Candy-Brown-color-lens-800x800.jpg 800w, https:\/\/miomicon.com\/wp-content\/uploads\/2025\/11\/contact-lenses-Diamond-Candy-Brown-color-lens-1024x1024.jpg 1024w, https:\/\/miomicon.com\/wp-content\/uploads\/2025\/11\/contact-lenses-Diamond-Candy-Brown-color-lens.jpg 1080w\" data-sizes=\"auto\" data-orig-sizes=\"(max-width: 1024px) 100vw, 1024px\" \/> <img decoding=\"async\" class=\"lazyload alignnone size-large wp-image-3603\" src=\"https:\/\/miomicon.com\/wp-content\/uploads\/2025\/11\/eye-contact-lenses-Candy-Brown-1024x1024.jpg\" data-orig-src=\"https:\/\/miomicon.com\/wp-content\/uploads\/2025\/11\/eye-contact-lenses-Candy-Brown-1024x1024.jpg\" alt=\"\" width=\"1024\" height=\"1024\" title=\"\" srcset=\"data:image\/svg+xml,%3Csvg%20xmlns%3D%27http%3A%2F%2Fwww.w3.org%2F2000%2Fsvg%27%20width%3D%271024%27%20height%3D%271024%27%20viewBox%3D%270%200%201024%201024%27%3E%3Crect%20width%3D%271024%27%20height%3D%271024%27%20fill-opacity%3D%220%22%2F%3E%3C%2Fsvg%3E\" data-srcset=\"https:\/\/miomicon.com\/wp-content\/uploads\/2025\/11\/eye-contact-lenses-Candy-Brown-66x66.jpg 66w, https:\/\/miomicon.com\/wp-content\/uploads\/2025\/11\/eye-contact-lenses-Candy-Brown-150x150.jpg 150w, https:\/\/miomicon.com\/wp-content\/uploads\/2025\/11\/eye-contact-lenses-Candy-Brown-200x200.jpg 200w, https:\/\/miomicon.com\/wp-content\/uploads\/2025\/11\/eye-contact-lenses-Candy-Brown-300x300.jpg 300w, https:\/\/miomicon.com\/wp-content\/uploads\/2025\/11\/eye-contact-lenses-Candy-Brown-400x400.jpg 400w, https:\/\/miomicon.com\/wp-content\/uploads\/2025\/11\/eye-contact-lenses-Candy-Brown-500x500.jpg 500w, https:\/\/miomicon.com\/wp-content\/uploads\/2025\/11\/eye-contact-lenses-Candy-Brown-600x600.jpg 600w, https:\/\/miomicon.com\/wp-content\/uploads\/2025\/11\/eye-contact-lenses-Candy-Brown-700x700.jpg 700w, https:\/\/miomicon.com\/wp-content\/uploads\/2025\/11\/eye-contact-lenses-Candy-Brown-768x768.jpg 768w, https:\/\/miomicon.com\/wp-content\/uploads\/2025\/11\/eye-contact-lenses-Candy-Brown-800x800.jpg 800w, https:\/\/miomicon.com\/wp-content\/uploads\/2025\/11\/eye-contact-lenses-Candy-Brown-1024x1024.jpg 1024w, https:\/\/miomicon.com\/wp-content\/uploads\/2025\/11\/eye-contact-lenses-Candy-Brown.jpg 1080w\" data-sizes=\"auto\" data-orig-sizes=\"(max-width: 1024px) 100vw, 1024px\" \/> <img decoding=\"async\" class=\"lazyload alignnone size-large wp-image-3608\" src=\"https:\/\/miomicon.com\/wp-content\/uploads\/2025\/11\/Allure-Gray-colored-Contact-lenses-1024x1024.jpg\" data-orig-src=\"https:\/\/miomicon.com\/wp-content\/uploads\/2025\/11\/Allure-Gray-colored-Contact-lenses-1024x1024.jpg\" alt=\"\" width=\"1024\" height=\"1024\" title=\"\" srcset=\"data:image\/svg+xml,%3Csvg%20xmlns%3D%27http%3A%2F%2Fwww.w3.org%2F2000%2Fsvg%27%20width%3D%271024%27%20height%3D%271024%27%20viewBox%3D%270%200%201024%201024%27%3E%3Crect%20width%3D%271024%27%20height%3D%271024%27%20fill-opacity%3D%220%22%2F%3E%3C%2Fsvg%3E\" data-srcset=\"https:\/\/miomicon.com\/wp-content\/uploads\/2025\/11\/Allure-Gray-colored-Contact-lenses-66x66.jpg 66w, https:\/\/miomicon.com\/wp-content\/uploads\/2025\/11\/Allure-Gray-colored-Contact-lenses-150x150.jpg 150w, https:\/\/miomicon.com\/wp-content\/uploads\/2025\/11\/Allure-Gray-colored-Contact-lenses-200x200.jpg 200w, https:\/\/miomicon.com\/wp-content\/uploads\/2025\/11\/Allure-Gray-colored-Contact-lenses-300x300.jpg 300w, https:\/\/miomicon.com\/wp-content\/uploads\/2025\/11\/Allure-Gray-colored-Contact-lenses-400x400.jpg 400w, https:\/\/miomicon.com\/wp-content\/uploads\/2025\/11\/Allure-Gray-colored-Contact-lenses-500x500.jpg 500w, https:\/\/miomicon.com\/wp-content\/uploads\/2025\/11\/Allure-Gray-colored-Contact-lenses-600x600.jpg 600w, https:\/\/miomicon.com\/wp-content\/uploads\/2025\/11\/Allure-Gray-colored-Contact-lenses-700x700.jpg 700w, https:\/\/miomicon.com\/wp-content\/uploads\/2025\/11\/Allure-Gray-colored-Contact-lenses-768x768.jpg 768w, https:\/\/miomicon.com\/wp-content\/uploads\/2025\/11\/Allure-Gray-colored-Contact-lenses-800x800.jpg 800w, https:\/\/miomicon.com\/wp-content\/uploads\/2025\/11\/Allure-Gray-colored-Contact-lenses-1024x1024.jpg 1024w, https:\/\/miomicon.com\/wp-content\/uploads\/2025\/11\/Allure-Gray-colored-Contact-lenses.jpg 1080w\" data-sizes=\"auto\" data-orig-sizes=\"(max-width: 1024px) 100vw, 1024px\" \/> <img decoding=\"async\" class=\"lazyload alignnone size-large wp-image-3610\" src=\"https:\/\/miomicon.com\/wp-content\/uploads\/2025\/11\/Diamond-N-Colored-contact-lenses-package-with-1_yyt-1024x1024.jpg\" data-orig-src=\"https:\/\/miomicon.com\/wp-content\/uploads\/2025\/11\/Diamond-N-Colored-contact-lenses-package-with-1_yyt-1024x1024.jpg\" alt=\"\" width=\"1024\" height=\"1024\" title=\"\" srcset=\"data:image\/svg+xml,%3Csvg%20xmlns%3D%27http%3A%2F%2Fwww.w3.org%2F2000%2Fsvg%27%20width%3D%271024%27%20height%3D%271024%27%20viewBox%3D%270%200%201024%201024%27%3E%3Crect%20width%3D%271024%27%20height%3D%271024%27%20fill-opacity%3D%220%22%2F%3E%3C%2Fsvg%3E\" data-srcset=\"https:\/\/miomicon.com\/wp-content\/uploads\/2025\/11\/Diamond-N-Colored-contact-lenses-package-with-1_yyt-66x66.jpg 66w, https:\/\/miomicon.com\/wp-content\/uploads\/2025\/11\/Diamond-N-Colored-contact-lenses-package-with-1_yyt-150x150.jpg 150w, https:\/\/miomicon.com\/wp-content\/uploads\/2025\/11\/Diamond-N-Colored-contact-lenses-package-with-1_yyt-200x200.jpg 200w, https:\/\/miomicon.com\/wp-content\/uploads\/2025\/11\/Diamond-N-Colored-contact-lenses-package-with-1_yyt-300x300.jpg 300w, https:\/\/miomicon.com\/wp-content\/uploads\/2025\/11\/Diamond-N-Colored-contact-lenses-package-with-1_yyt-400x400.jpg 400w, https:\/\/miomicon.com\/wp-content\/uploads\/2025\/11\/Diamond-N-Colored-contact-lenses-package-with-1_yyt-500x500.jpg 500w, https:\/\/miomicon.com\/wp-content\/uploads\/2025\/11\/Diamond-N-Colored-contact-lenses-package-with-1_yyt-600x600.jpg 600w, https:\/\/miomicon.com\/wp-content\/uploads\/2025\/11\/Diamond-N-Colored-contact-lenses-package-with-1_yyt-700x700.jpg 700w, https:\/\/miomicon.com\/wp-content\/uploads\/2025\/11\/Diamond-N-Colored-contact-lenses-package-with-1_yyt-768x768.jpg 768w, https:\/\/miomicon.com\/wp-content\/uploads\/2025\/11\/Diamond-N-Colored-contact-lenses-package-with-1_yyt-800x800.jpg 800w, https:\/\/miomicon.com\/wp-content\/uploads\/2025\/11\/Diamond-N-Colored-contact-lenses-package-with-1_yyt-1024x1024.jpg 1024w, https:\/\/miomicon.com\/wp-content\/uploads\/2025\/11\/Diamond-N-Colored-contact-lenses-package-with-1_yyt.jpg 1080w\" data-sizes=\"auto\" data-orig-sizes=\"(max-width: 1024px) 100vw, 1024px\" \/><\/p>\n","protected":false},"excerpt":{"rendered":"<p>Dynamisez votre offre commerciale avec notre gamme Diamond N, proposant une s\u00e9lection vari\u00e9e de 4 types de lentilles de contact color\u00e9es. Candy Brown, Allure Gray, Pacific Blue, Ever Green. \u00c9galement disponible avec des corrections de 0,00 \u00e0 -6,00, cette s\u00e9rie r\u00e9pond parfaitement aux besoins et pr\u00e9f\u00e9rences vari\u00e9s de vos clients. Ne manquez pas cette occasion d\u2019\u00e9largir votre gamme de produits et de satisfaire la demande pour des lentilles color\u00e9es de qualit\u00e9, confortables et remarquables.<\/p>\n","protected":false},"featured_media":3607,"comment_status":"closed","ping_status":"closed","template":"","meta":[],"product_brand":[43],"product_cat":[111],"product_tag":[],"class_list":{"0":"post-10415","1":"product","2":"type-product","3":"status-publish","4":"has-post-thumbnail","6":"product_brand-magister","7":"product_cat-lentilles-de-contact-de-couleur-naturelle","9":"first","10":"instock","11":"product-type-simple"},"_links":{"self":[{"href":"https:\/\/miomicon.com\/fr\/wp-json\/wp\/v2\/product\/10415","targetHints":{"allow":["GET"]}}],"collection":[{"href":"https:\/\/miomicon.com\/fr\/wp-json\/wp\/v2\/product"}],"about":[{"href":"https:\/\/miomicon.com\/fr\/wp-json\/wp\/v2\/types\/product"}],"replies":[{"embeddable":true,"href":"https:\/\/miomicon.com\/fr\/wp-json\/wp\/v2\/comments?post=10415"}],"wp:featuredmedia":[{"embeddable":true,"href":"https:\/\/miomicon.com\/fr\/wp-json\/wp\/v2\/media\/3607"}],"wp:attachment":[{"href":"https:\/\/miomicon.com\/fr\/wp-json\/wp\/v2\/media?parent=10415"}],"wp:term":[{"taxonomy":"product_brand","embeddable":true,"href":"https:\/\/miomicon.com\/fr\/wp-json\/wp\/v2\/product_brand?post=10415"},{"taxonomy":"product_cat","embeddable":true,"href":"https:\/\/miomicon.com\/fr\/wp-json\/wp\/v2\/product_cat?post=10415"},{"taxonomy":"product_tag","embeddable":true,"href":"https:\/\/miomicon.com\/fr\/wp-json\/wp\/v2\/product_tag?post=10415"}],"curies":[{"name":"wp","href":"https:\/\/api.w.org\/{rel}","templated":true}]}}