{"id":10387,"date":"2025-11-05T14:00:26","date_gmt":"2025-11-05T06:00:26","guid":{"rendered":"https:\/\/miomicon.com\/product\/lentilles-de-contact-colorees-omg\/"},"modified":"2026-03-09T09:59:16","modified_gmt":"2026-03-09T01:59:16","slug":"lentilles-de-contact-colorees-omg","status":"publish","type":"product","link":"https:\/\/miomicon.com\/fr\/produit\/lentilles-de-contact-colorees-omg\/","title":{"rendered":"Lentilles de contact color\u00e9es OMG"},"content":{"rendered":"<div class=\"table-1\">\n<table style=\"height: 100%;\" width=\"100%\">\n<tbody>\n<tr>\n<td>Mat\u00e9riau : HEMA<\/td>\n<td>Lentille souple : souple<\/td>\n<\/tr>\n<tr>\n<td>Diam\u00e8tre : <strong>14,0 mm<\/strong><\/td>\n<td>Tonalit\u00e9 : <strong>2<\/strong><\/td>\n<\/tr>\n<tr>\n\u00c9<\/p>\n<td>paisseur centrale : 0,08 mm<\/td>\n<p>Courbure d<\/p>\n<td>e base : 8,5 mm<\/td>\n<\/tr>\n<tr>\n<td>Dur\u00e9e de vie : <strong>6 mois<\/strong><\/td>\n<td>Dur\u00e9e de conservation : <strong>5 ans<\/strong><\/td>\n<\/tr>\n<tr>\n<td>Puissance : <strong>0,00 <\/strong>~<strong> &#8211; 6,00<\/strong><\/td>\n<td>Teneur en eau : <strong>38 %<\/strong><\/td>\n<\/tr>\n<tr>\n<td>Lieu d&rsquo;origine : Chine, Cor\u00e9e<\/td>\n<td>Emballage : Blister (2 pi\u00e8ces par bo\u00eete) + \u00c9tui<\/td>\n<\/tr>\n<tr>\n<td colspan=\"2\">Variantes de couleur (<strong>3<\/strong> disponibles) : <strong>Marron, gris, noir<\/strong><\/td>\n<\/tr>\n<\/tbody>\n<\/table>\n<\/div>\n<p>&nbsp;<\/p>\n<p><img decoding=\"async\" class=\"lazyload alignnone size-large wp-image-3572\" src=\"https:\/\/miomicon.com\/wp-content\/uploads\/2025\/11\/A-young-lady-showcasing-OMG-colored-contact-lenses_-1024x1024.jpg\" data-orig-src=\"https:\/\/miomicon.com\/wp-content\/uploads\/2025\/11\/A-young-lady-showcasing-OMG-colored-contact-lenses_-1024x1024.jpg\" alt=\"\" width=\"1024\" height=\"1024\" title=\"\" srcset=\"data:image\/svg+xml,%3Csvg%20xmlns%3D%27http%3A%2F%2Fwww.w3.org%2F2000%2Fsvg%27%20width%3D%271024%27%20height%3D%271024%27%20viewBox%3D%270%200%201024%201024%27%3E%3Crect%20width%3D%271024%27%20height%3D%271024%27%20fill-opacity%3D%220%22%2F%3E%3C%2Fsvg%3E\" data-srcset=\"https:\/\/miomicon.com\/wp-content\/uploads\/2025\/11\/A-young-lady-showcasing-OMG-colored-contact-lenses_-66x66.jpg 66w, https:\/\/miomicon.com\/wp-content\/uploads\/2025\/11\/A-young-lady-showcasing-OMG-colored-contact-lenses_-150x150.jpg 150w, https:\/\/miomicon.com\/wp-content\/uploads\/2025\/11\/A-young-lady-showcasing-OMG-colored-contact-lenses_-200x200.jpg 200w, https:\/\/miomicon.com\/wp-content\/uploads\/2025\/11\/A-young-lady-showcasing-OMG-colored-contact-lenses_-300x300.jpg 300w, https:\/\/miomicon.com\/wp-content\/uploads\/2025\/11\/A-young-lady-showcasing-OMG-colored-contact-lenses_-400x400.jpg 400w, https:\/\/miomicon.com\/wp-content\/uploads\/2025\/11\/A-young-lady-showcasing-OMG-colored-contact-lenses_-500x500.jpg 500w, https:\/\/miomicon.com\/wp-content\/uploads\/2025\/11\/A-young-lady-showcasing-OMG-colored-contact-lenses_-600x600.jpg 600w, https:\/\/miomicon.com\/wp-content\/uploads\/2025\/11\/A-young-lady-showcasing-OMG-colored-contact-lenses_-700x700.jpg 700w, https:\/\/miomicon.com\/wp-content\/uploads\/2025\/11\/A-young-lady-showcasing-OMG-colored-contact-lenses_-768x768.jpg 768w, https:\/\/miomicon.com\/wp-content\/uploads\/2025\/11\/A-young-lady-showcasing-OMG-colored-contact-lenses_-800x800.jpg 800w, https:\/\/miomicon.com\/wp-content\/uploads\/2025\/11\/A-young-lady-showcasing-OMG-colored-contact-lenses_-1024x1024.jpg 1024w, https:\/\/miomicon.com\/wp-content\/uploads\/2025\/11\/A-young-lady-showcasing-OMG-colored-contact-lenses_.jpg 1080w\" data-sizes=\"auto\" data-orig-sizes=\"(max-width: 1024px) 100vw, 1024px\" \/> <img decoding=\"async\" class=\"lazyload alignnone size-large wp-image-3567\" src=\"https:\/\/miomicon.com\/wp-content\/uploads\/2025\/11\/Grid-layout-of-OMG-colored-contact-lenses-in_yythkg-1024x1024.jpg\" data-orig-src=\"https:\/\/miomicon.com\/wp-content\/uploads\/2025\/11\/Grid-layout-of-OMG-colored-contact-lenses-in_yythkg-1024x1024.jpg\" alt=\"\" width=\"1024\" height=\"1024\" title=\"\" srcset=\"data:image\/svg+xml,%3Csvg%20xmlns%3D%27http%3A%2F%2Fwww.w3.org%2F2000%2Fsvg%27%20width%3D%271024%27%20height%3D%271024%27%20viewBox%3D%270%200%201024%201024%27%3E%3Crect%20width%3D%271024%27%20height%3D%271024%27%20fill-opacity%3D%220%22%2F%3E%3C%2Fsvg%3E\" data-srcset=\"https:\/\/miomicon.com\/wp-content\/uploads\/2025\/11\/Grid-layout-of-OMG-colored-contact-lenses-in_yythkg-66x66.jpg 66w, https:\/\/miomicon.com\/wp-content\/uploads\/2025\/11\/Grid-layout-of-OMG-colored-contact-lenses-in_yythkg-150x150.jpg 150w, https:\/\/miomicon.com\/wp-content\/uploads\/2025\/11\/Grid-layout-of-OMG-colored-contact-lenses-in_yythkg-200x200.jpg 200w, https:\/\/miomicon.com\/wp-content\/uploads\/2025\/11\/Grid-layout-of-OMG-colored-contact-lenses-in_yythkg-300x300.jpg 300w, https:\/\/miomicon.com\/wp-content\/uploads\/2025\/11\/Grid-layout-of-OMG-colored-contact-lenses-in_yythkg-400x400.jpg 400w, https:\/\/miomicon.com\/wp-content\/uploads\/2025\/11\/Grid-layout-of-OMG-colored-contact-lenses-in_yythkg-500x500.jpg 500w, https:\/\/miomicon.com\/wp-content\/uploads\/2025\/11\/Grid-layout-of-OMG-colored-contact-lenses-in_yythkg-600x600.jpg 600w, https:\/\/miomicon.com\/wp-content\/uploads\/2025\/11\/Grid-layout-of-OMG-colored-contact-lenses-in_yythkg-700x700.jpg 700w, https:\/\/miomicon.com\/wp-content\/uploads\/2025\/11\/Grid-layout-of-OMG-colored-contact-lenses-in_yythkg-768x768.jpg 768w, https:\/\/miomicon.com\/wp-content\/uploads\/2025\/11\/Grid-layout-of-OMG-colored-contact-lenses-in_yythkg-800x800.jpg 800w, https:\/\/miomicon.com\/wp-content\/uploads\/2025\/11\/Grid-layout-of-OMG-colored-contact-lenses-in_yythkg-1024x1024.jpg 1024w, https:\/\/miomicon.com\/wp-content\/uploads\/2025\/11\/Grid-layout-of-OMG-colored-contact-lenses-in_yythkg.jpg 1080w\" data-sizes=\"auto\" data-orig-sizes=\"(max-width: 1024px) 100vw, 1024px\" \/> <img decoding=\"async\" class=\"lazyload alignnone size-large wp-image-3571\" src=\"https:\/\/miomicon.com\/wp-content\/uploads\/2025\/11\/A-display-of-OMG-colored-contacts-in-Brown_-1024x1024.jpg\" data-orig-src=\"https:\/\/miomicon.com\/wp-content\/uploads\/2025\/11\/A-display-of-OMG-colored-contacts-in-Brown_-1024x1024.jpg\" alt=\"\" width=\"1024\" height=\"1024\" title=\"\" srcset=\"data:image\/svg+xml,%3Csvg%20xmlns%3D%27http%3A%2F%2Fwww.w3.org%2F2000%2Fsvg%27%20width%3D%271024%27%20height%3D%271024%27%20viewBox%3D%270%200%201024%201024%27%3E%3Crect%20width%3D%271024%27%20height%3D%271024%27%20fill-opacity%3D%220%22%2F%3E%3C%2Fsvg%3E\" data-srcset=\"https:\/\/miomicon.com\/wp-content\/uploads\/2025\/11\/A-display-of-OMG-colored-contacts-in-Brown_-66x66.jpg 66w, https:\/\/miomicon.com\/wp-content\/uploads\/2025\/11\/A-display-of-OMG-colored-contacts-in-Brown_-150x150.jpg 150w, https:\/\/miomicon.com\/wp-content\/uploads\/2025\/11\/A-display-of-OMG-colored-contacts-in-Brown_-200x200.jpg 200w, https:\/\/miomicon.com\/wp-content\/uploads\/2025\/11\/A-display-of-OMG-colored-contacts-in-Brown_-300x300.jpg 300w, https:\/\/miomicon.com\/wp-content\/uploads\/2025\/11\/A-display-of-OMG-colored-contacts-in-Brown_-400x400.jpg 400w, https:\/\/miomicon.com\/wp-content\/uploads\/2025\/11\/A-display-of-OMG-colored-contacts-in-Brown_-500x500.jpg 500w, https:\/\/miomicon.com\/wp-content\/uploads\/2025\/11\/A-display-of-OMG-colored-contacts-in-Brown_-600x600.jpg 600w, https:\/\/miomicon.com\/wp-content\/uploads\/2025\/11\/A-display-of-OMG-colored-contacts-in-Brown_-700x700.jpg 700w, https:\/\/miomicon.com\/wp-content\/uploads\/2025\/11\/A-display-of-OMG-colored-contacts-in-Brown_-768x768.jpg 768w, https:\/\/miomicon.com\/wp-content\/uploads\/2025\/11\/A-display-of-OMG-colored-contacts-in-Brown_-800x800.jpg 800w, https:\/\/miomicon.com\/wp-content\/uploads\/2025\/11\/A-display-of-OMG-colored-contacts-in-Brown_-1024x1024.jpg 1024w, https:\/\/miomicon.com\/wp-content\/uploads\/2025\/11\/A-display-of-OMG-colored-contacts-in-Brown_.jpg 1080w\" data-sizes=\"auto\" data-orig-sizes=\"(max-width: 1024px) 100vw, 1024px\" \/> <img decoding=\"async\" class=\"lazyload alignnone size-large wp-image-3570\" src=\"https:\/\/miomicon.com\/wp-content\/uploads\/2025\/11\/A-detailed-picture-of-the-OMG-gray-contact-l-1024x1024.jpg\" data-orig-src=\"https:\/\/miomicon.com\/wp-content\/uploads\/2025\/11\/A-detailed-picture-of-the-OMG-gray-contact-l-1024x1024.jpg\" alt=\"\" width=\"1024\" height=\"1024\" title=\"\" srcset=\"data:image\/svg+xml,%3Csvg%20xmlns%3D%27http%3A%2F%2Fwww.w3.org%2F2000%2Fsvg%27%20width%3D%271024%27%20height%3D%271024%27%20viewBox%3D%270%200%201024%201024%27%3E%3Crect%20width%3D%271024%27%20height%3D%271024%27%20fill-opacity%3D%220%22%2F%3E%3C%2Fsvg%3E\" data-srcset=\"https:\/\/miomicon.com\/wp-content\/uploads\/2025\/11\/A-detailed-picture-of-the-OMG-gray-contact-l-66x66.jpg 66w, https:\/\/miomicon.com\/wp-content\/uploads\/2025\/11\/A-detailed-picture-of-the-OMG-gray-contact-l-150x150.jpg 150w, https:\/\/miomicon.com\/wp-content\/uploads\/2025\/11\/A-detailed-picture-of-the-OMG-gray-contact-l-200x200.jpg 200w, https:\/\/miomicon.com\/wp-content\/uploads\/2025\/11\/A-detailed-picture-of-the-OMG-gray-contact-l-300x300.jpg 300w, https:\/\/miomicon.com\/wp-content\/uploads\/2025\/11\/A-detailed-picture-of-the-OMG-gray-contact-l-400x400.jpg 400w, https:\/\/miomicon.com\/wp-content\/uploads\/2025\/11\/A-detailed-picture-of-the-OMG-gray-contact-l-500x500.jpg 500w, https:\/\/miomicon.com\/wp-content\/uploads\/2025\/11\/A-detailed-picture-of-the-OMG-gray-contact-l-600x600.jpg 600w, https:\/\/miomicon.com\/wp-content\/uploads\/2025\/11\/A-detailed-picture-of-the-OMG-gray-contact-l-700x700.jpg 700w, https:\/\/miomicon.com\/wp-content\/uploads\/2025\/11\/A-detailed-picture-of-the-OMG-gray-contact-l-768x768.jpg 768w, https:\/\/miomicon.com\/wp-content\/uploads\/2025\/11\/A-detailed-picture-of-the-OMG-gray-contact-l-800x800.jpg 800w, https:\/\/miomicon.com\/wp-content\/uploads\/2025\/11\/A-detailed-picture-of-the-OMG-gray-contact-l-1024x1024.jpg 1024w, https:\/\/miomicon.com\/wp-content\/uploads\/2025\/11\/A-detailed-picture-of-the-OMG-gray-contact-l.jpg 1080w\" data-sizes=\"auto\" data-orig-sizes=\"(max-width: 1024px) 100vw, 1024px\" \/> <img decoding=\"async\" class=\"lazyload alignnone size-large wp-image-3573\" src=\"https:\/\/miomicon.com\/wp-content\/uploads\/2025\/11\/Grid-display-of-1-shade-of-OMG-colored-conta-1-1024x1024.jpg\" data-orig-src=\"https:\/\/miomicon.com\/wp-content\/uploads\/2025\/11\/Grid-display-of-1-shade-of-OMG-colored-conta-1-1024x1024.jpg\" alt=\"\" width=\"1024\" height=\"1024\" title=\"\" srcset=\"data:image\/svg+xml,%3Csvg%20xmlns%3D%27http%3A%2F%2Fwww.w3.org%2F2000%2Fsvg%27%20width%3D%271024%27%20height%3D%271024%27%20viewBox%3D%270%200%201024%201024%27%3E%3Crect%20width%3D%271024%27%20height%3D%271024%27%20fill-opacity%3D%220%22%2F%3E%3C%2Fsvg%3E\" data-srcset=\"https:\/\/miomicon.com\/wp-content\/uploads\/2025\/11\/Grid-display-of-1-shade-of-OMG-colored-conta-1-66x66.jpg 66w, https:\/\/miomicon.com\/wp-content\/uploads\/2025\/11\/Grid-display-of-1-shade-of-OMG-colored-conta-1-150x150.jpg 150w, https:\/\/miomicon.com\/wp-content\/uploads\/2025\/11\/Grid-display-of-1-shade-of-OMG-colored-conta-1-200x200.jpg 200w, https:\/\/miomicon.com\/wp-content\/uploads\/2025\/11\/Grid-display-of-1-shade-of-OMG-colored-conta-1-300x300.jpg 300w, https:\/\/miomicon.com\/wp-content\/uploads\/2025\/11\/Grid-display-of-1-shade-of-OMG-colored-conta-1-400x400.jpg 400w, https:\/\/miomicon.com\/wp-content\/uploads\/2025\/11\/Grid-display-of-1-shade-of-OMG-colored-conta-1-500x500.jpg 500w, https:\/\/miomicon.com\/wp-content\/uploads\/2025\/11\/Grid-display-of-1-shade-of-OMG-colored-conta-1-600x600.jpg 600w, https:\/\/miomicon.com\/wp-content\/uploads\/2025\/11\/Grid-display-of-1-shade-of-OMG-colored-conta-1-700x700.jpg 700w, https:\/\/miomicon.com\/wp-content\/uploads\/2025\/11\/Grid-display-of-1-shade-of-OMG-colored-conta-1-768x768.jpg 768w, https:\/\/miomicon.com\/wp-content\/uploads\/2025\/11\/Grid-display-of-1-shade-of-OMG-colored-conta-1-800x800.jpg 800w, https:\/\/miomicon.com\/wp-content\/uploads\/2025\/11\/Grid-display-of-1-shade-of-OMG-colored-conta-1-1024x1024.jpg 1024w, https:\/\/miomicon.com\/wp-content\/uploads\/2025\/11\/Grid-display-of-1-shade-of-OMG-colored-conta-1.jpg 1080w\" data-sizes=\"auto\" data-orig-sizes=\"(max-width: 1024px) 100vw, 1024px\" \/> <img decoding=\"async\" class=\"lazyload alignnone size-large wp-image-3574\" src=\"https:\/\/miomicon.com\/wp-content\/uploads\/2025\/11\/Grid-display-of-1-shade-of-OMG-colored-conta-1024x1024.jpg\" data-orig-src=\"https:\/\/miomicon.com\/wp-content\/uploads\/2025\/11\/Grid-display-of-1-shade-of-OMG-colored-conta-1024x1024.jpg\" alt=\"\" width=\"1024\" height=\"1024\" title=\"\" srcset=\"data:image\/svg+xml,%3Csvg%20xmlns%3D%27http%3A%2F%2Fwww.w3.org%2F2000%2Fsvg%27%20width%3D%271024%27%20height%3D%271024%27%20viewBox%3D%270%200%201024%201024%27%3E%3Crect%20width%3D%271024%27%20height%3D%271024%27%20fill-opacity%3D%220%22%2F%3E%3C%2Fsvg%3E\" data-srcset=\"https:\/\/miomicon.com\/wp-content\/uploads\/2025\/11\/Grid-display-of-1-shade-of-OMG-colored-conta-66x66.jpg 66w, https:\/\/miomicon.com\/wp-content\/uploads\/2025\/11\/Grid-display-of-1-shade-of-OMG-colored-conta-150x150.jpg 150w, https:\/\/miomicon.com\/wp-content\/uploads\/2025\/11\/Grid-display-of-1-shade-of-OMG-colored-conta-200x200.jpg 200w, https:\/\/miomicon.com\/wp-content\/uploads\/2025\/11\/Grid-display-of-1-shade-of-OMG-colored-conta-300x300.jpg 300w, https:\/\/miomicon.com\/wp-content\/uploads\/2025\/11\/Grid-display-of-1-shade-of-OMG-colored-conta-400x400.jpg 400w, https:\/\/miomicon.com\/wp-content\/uploads\/2025\/11\/Grid-display-of-1-shade-of-OMG-colored-conta-500x500.jpg 500w, https:\/\/miomicon.com\/wp-content\/uploads\/2025\/11\/Grid-display-of-1-shade-of-OMG-colored-conta-600x600.jpg 600w, https:\/\/miomicon.com\/wp-content\/uploads\/2025\/11\/Grid-display-of-1-shade-of-OMG-colored-conta-700x700.jpg 700w, https:\/\/miomicon.com\/wp-content\/uploads\/2025\/11\/Grid-display-of-1-shade-of-OMG-colored-conta-768x768.jpg 768w, https:\/\/miomicon.com\/wp-content\/uploads\/2025\/11\/Grid-display-of-1-shade-of-OMG-colored-conta-800x800.jpg 800w, https:\/\/miomicon.com\/wp-content\/uploads\/2025\/11\/Grid-display-of-1-shade-of-OMG-colored-conta-1024x1024.jpg 1024w, https:\/\/miomicon.com\/wp-content\/uploads\/2025\/11\/Grid-display-of-1-shade-of-OMG-colored-conta.jpg 1080w\" data-sizes=\"auto\" data-orig-sizes=\"(max-width: 1024px) 100vw, 1024px\" \/> <img decoding=\"async\" class=\"lazyload alignnone size-large wp-image-3568\" src=\"data:image\/svg+xml,%3Csvg%20xmlns%3D%27http%3A%2F%2Fwww.w3.org%2F2000%2Fsvg%27%20width%3D%271024%27%20height%3D%271024%27%20viewBox%3D%270%200%201024%201024%27%3E%3Crect%20width%3D%271024%27%20height%3D%271024%27%20fill-opacity%3D%220%22%2F%3E%3C%2Fsvg%3E\" data-orig-src=\"https:\/\/miomicon.com\/wp-content\/uploads\/2025\/11\/Package-display-of-Magister-colored-contact-lenses%EF%BC%8Ceach_yy-1024x1024.jpg\" alt=\"\" width=\"1024\" height=\"1024\" title=\"\"> <img decoding=\"async\" class=\"lazyload alignnone size-large wp-image-3569\" src=\"https:\/\/miomicon.com\/wp-content\/uploads\/2025\/11\/Product-video-presenting-a-range-of-OMG-colored_yyt-1024x1024.jpg\" data-orig-src=\"https:\/\/miomicon.com\/wp-content\/uploads\/2025\/11\/Product-video-presenting-a-range-of-OMG-colored_yyt-1024x1024.jpg\" alt=\"\" width=\"1024\" height=\"1024\" title=\"\" srcset=\"data:image\/svg+xml,%3Csvg%20xmlns%3D%27http%3A%2F%2Fwww.w3.org%2F2000%2Fsvg%27%20width%3D%271024%27%20height%3D%271024%27%20viewBox%3D%270%200%201024%201024%27%3E%3Crect%20width%3D%271024%27%20height%3D%271024%27%20fill-opacity%3D%220%22%2F%3E%3C%2Fsvg%3E\" data-srcset=\"https:\/\/miomicon.com\/wp-content\/uploads\/2025\/11\/Product-video-presenting-a-range-of-OMG-colored_yyt-66x66.jpg 66w, https:\/\/miomicon.com\/wp-content\/uploads\/2025\/11\/Product-video-presenting-a-range-of-OMG-colored_yyt-150x150.jpg 150w, https:\/\/miomicon.com\/wp-content\/uploads\/2025\/11\/Product-video-presenting-a-range-of-OMG-colored_yyt-200x200.jpg 200w, https:\/\/miomicon.com\/wp-content\/uploads\/2025\/11\/Product-video-presenting-a-range-of-OMG-colored_yyt-300x300.jpg 300w, https:\/\/miomicon.com\/wp-content\/uploads\/2025\/11\/Product-video-presenting-a-range-of-OMG-colored_yyt-400x400.jpg 400w, https:\/\/miomicon.com\/wp-content\/uploads\/2025\/11\/Product-video-presenting-a-range-of-OMG-colored_yyt-500x500.jpg 500w, https:\/\/miomicon.com\/wp-content\/uploads\/2025\/11\/Product-video-presenting-a-range-of-OMG-colored_yyt-600x600.jpg 600w, https:\/\/miomicon.com\/wp-content\/uploads\/2025\/11\/Product-video-presenting-a-range-of-OMG-colored_yyt-700x700.jpg 700w, https:\/\/miomicon.com\/wp-content\/uploads\/2025\/11\/Product-video-presenting-a-range-of-OMG-colored_yyt-768x768.jpg 768w, https:\/\/miomicon.com\/wp-content\/uploads\/2025\/11\/Product-video-presenting-a-range-of-OMG-colored_yyt-800x800.jpg 800w, https:\/\/miomicon.com\/wp-content\/uploads\/2025\/11\/Product-video-presenting-a-range-of-OMG-colored_yyt-1024x1024.jpg 1024w, https:\/\/miomicon.com\/wp-content\/uploads\/2025\/11\/Product-video-presenting-a-range-of-OMG-colored_yyt.jpg 1080w\" data-sizes=\"auto\" data-orig-sizes=\"(max-width: 1024px) 100vw, 1024px\" \/><\/p>\n","protected":false},"excerpt":{"rendered":"<p>Boostez votre offre commerciale gr\u00e2ce \u00e0 notre gamme de lentilles de contact OMG, qui se d\u00e9cline en trois couleurs naturelles : marron, gris et noir. Cette gamme r\u00e9pond sans difficult\u00e9 aux besoins et pr\u00e9f\u00e9rences vari\u00e9s de vos clients. Ne manquez pas cette occasion d&rsquo;\u00e9largir votre gamme de produits et de r\u00e9pondre \u00e0 la demande des consommateurs en mati\u00e8re de lentilles de contact color\u00e9es de qualit\u00e9, confortables et impressionnantes. <\/p>\n","protected":false},"featured_media":3572,"comment_status":"closed","ping_status":"closed","template":"","meta":[],"product_brand":[43],"product_cat":[111],"product_tag":[],"class_list":{"0":"post-10387","1":"product","2":"type-product","3":"status-publish","4":"has-post-thumbnail","6":"product_brand-magister","7":"product_cat-lentilles-de-contact-de-couleur-naturelle","9":"first","10":"instock","11":"product-type-simple"},"_links":{"self":[{"href":"https:\/\/miomicon.com\/fr\/wp-json\/wp\/v2\/product\/10387","targetHints":{"allow":["GET"]}}],"collection":[{"href":"https:\/\/miomicon.com\/fr\/wp-json\/wp\/v2\/product"}],"about":[{"href":"https:\/\/miomicon.com\/fr\/wp-json\/wp\/v2\/types\/product"}],"replies":[{"embeddable":true,"href":"https:\/\/miomicon.com\/fr\/wp-json\/wp\/v2\/comments?post=10387"}],"wp:featuredmedia":[{"embeddable":true,"href":"https:\/\/miomicon.com\/fr\/wp-json\/wp\/v2\/media\/3572"}],"wp:attachment":[{"href":"https:\/\/miomicon.com\/fr\/wp-json\/wp\/v2\/media?parent=10387"}],"wp:term":[{"taxonomy":"product_brand","embeddable":true,"href":"https:\/\/miomicon.com\/fr\/wp-json\/wp\/v2\/product_brand?post=10387"},{"taxonomy":"product_cat","embeddable":true,"href":"https:\/\/miomicon.com\/fr\/wp-json\/wp\/v2\/product_cat?post=10387"},{"taxonomy":"product_tag","embeddable":true,"href":"https:\/\/miomicon.com\/fr\/wp-json\/wp\/v2\/product_tag?post=10387"}],"curies":[{"name":"wp","href":"https:\/\/api.w.org\/{rel}","templated":true}]}}