{"id":10369,"date":"2025-11-05T13:56:11","date_gmt":"2025-11-05T05:56:11","guid":{"rendered":"https:\/\/miomicon.com\/product\/lentilles-de-contact-colorees-queen\/"},"modified":"2026-03-09T10:02:55","modified_gmt":"2026-03-09T02:02:55","slug":"lentilles-de-contact-colorees-queen","status":"publish","type":"product","link":"https:\/\/miomicon.com\/fr\/produit\/lentilles-de-contact-colorees-queen\/","title":{"rendered":"Lentilles de contact color\u00e9es Queen"},"content":{"rendered":"<div class=\"table-1\">\n<table style=\"height: 100%;\" width=\"100%\">\n<tbody>\n<tr>\n<td>Mat\u00e9riau : HEMA<\/td>\n<td>Lentille souple : souple<\/td>\n<\/tr>\n<tr>\n<td>Diam\u00e8tre : 14,0 mm<\/td>\n<td>Tonalit\u00e9 : 1\/2<\/td>\n<\/tr>\n<tr>\n\u00c9<\/p>\n<td>paisseur centrale : 0,08 mm<\/td>\n<p>Courbure d<\/p>\n<td>e base : 8,5 mm<\/td>\n<\/tr>\n<tr>\n<td>Dur\u00e9e de conservation : 6 mois<\/td>\n<td>Dur\u00e9e de vie : 5 ans<\/td>\n<\/tr>\n<tr>\n<td>Puissance : 0,00<\/td>\n<td>Teneur en eau : 38 %<\/td>\n<\/tr>\n<tr>\n<td>Lieu d&rsquo;origine : Chine, Cor\u00e9e<\/td>\n<p>Emballage :<\/p>\n<td> Blister (2 pi\u00e8ces dans une bo\u00eete) + 1 \u00e9tui \u00e0 lentilles<\/td>\n<\/tr>\n<tr>\n<td colspan=\"2\">Variantes de couleurs (<strong>13 <\/strong>disponibles) :<strong> Ambre, Graphite, Marine, Gris glac\u00e9, Avela, Ocre, Azul, Mel, Verde, Quartz, Cristal, \u00c9meraude, Topaze<\/strong><\/td>\n<\/tr>\n<\/tbody>\n<\/table>\n<\/div>\n<p>&nbsp;<\/p>\n<p><img decoding=\"async\" class=\"lazyload alignnone size-large wp-image-3553\" src=\"https:\/\/miomicon.com\/wp-content\/uploads\/2025\/11\/A-brown-eyes-model-showcasing-Queen-natural-colored_yythkg-1024x1024.jpg\" data-orig-src=\"https:\/\/miomicon.com\/wp-content\/uploads\/2025\/11\/A-brown-eyes-model-showcasing-Queen-natural-colored_yythkg-1024x1024.jpg\" alt=\"\" width=\"1024\" height=\"1024\" title=\"\" srcset=\"data:image\/svg+xml,%3Csvg%20xmlns%3D%27http%3A%2F%2Fwww.w3.org%2F2000%2Fsvg%27%20width%3D%271024%27%20height%3D%271024%27%20viewBox%3D%270%200%201024%201024%27%3E%3Crect%20width%3D%271024%27%20height%3D%271024%27%20fill-opacity%3D%220%22%2F%3E%3C%2Fsvg%3E\" data-srcset=\"https:\/\/miomicon.com\/wp-content\/uploads\/2025\/11\/A-brown-eyes-model-showcasing-Queen-natural-colored_yythkg-66x66.jpg 66w, https:\/\/miomicon.com\/wp-content\/uploads\/2025\/11\/A-brown-eyes-model-showcasing-Queen-natural-colored_yythkg-150x150.jpg 150w, https:\/\/miomicon.com\/wp-content\/uploads\/2025\/11\/A-brown-eyes-model-showcasing-Queen-natural-colored_yythkg-200x200.jpg 200w, https:\/\/miomicon.com\/wp-content\/uploads\/2025\/11\/A-brown-eyes-model-showcasing-Queen-natural-colored_yythkg-300x300.jpg 300w, https:\/\/miomicon.com\/wp-content\/uploads\/2025\/11\/A-brown-eyes-model-showcasing-Queen-natural-colored_yythkg-400x400.jpg 400w, https:\/\/miomicon.com\/wp-content\/uploads\/2025\/11\/A-brown-eyes-model-showcasing-Queen-natural-colored_yythkg-500x500.jpg 500w, https:\/\/miomicon.com\/wp-content\/uploads\/2025\/11\/A-brown-eyes-model-showcasing-Queen-natural-colored_yythkg-600x600.jpg 600w, https:\/\/miomicon.com\/wp-content\/uploads\/2025\/11\/A-brown-eyes-model-showcasing-Queen-natural-colored_yythkg-700x700.jpg 700w, https:\/\/miomicon.com\/wp-content\/uploads\/2025\/11\/A-brown-eyes-model-showcasing-Queen-natural-colored_yythkg-768x768.jpg 768w, https:\/\/miomicon.com\/wp-content\/uploads\/2025\/11\/A-brown-eyes-model-showcasing-Queen-natural-colored_yythkg-800x800.jpg 800w, https:\/\/miomicon.com\/wp-content\/uploads\/2025\/11\/A-brown-eyes-model-showcasing-Queen-natural-colored_yythkg-1024x1024.jpg 1024w, https:\/\/miomicon.com\/wp-content\/uploads\/2025\/11\/A-brown-eyes-model-showcasing-Queen-natural-colored_yythkg.jpg 1080w\" data-sizes=\"auto\" data-orig-sizes=\"(max-width: 1024px) 100vw, 1024px\" \/> <img decoding=\"async\" class=\"lazyload alignnone size-large wp-image-3549\" src=\"https:\/\/miomicon.com\/wp-content\/uploads\/2025\/11\/Grid-layout-of-Queen-Cosmetic-Contact-Lenses-in_yyt-1024x1024.jpg\" data-orig-src=\"https:\/\/miomicon.com\/wp-content\/uploads\/2025\/11\/Grid-layout-of-Queen-Cosmetic-Contact-Lenses-in_yyt-1024x1024.jpg\" alt=\"\" width=\"1024\" height=\"1024\" title=\"\" srcset=\"data:image\/svg+xml,%3Csvg%20xmlns%3D%27http%3A%2F%2Fwww.w3.org%2F2000%2Fsvg%27%20width%3D%271024%27%20height%3D%271024%27%20viewBox%3D%270%200%201024%201024%27%3E%3Crect%20width%3D%271024%27%20height%3D%271024%27%20fill-opacity%3D%220%22%2F%3E%3C%2Fsvg%3E\" data-srcset=\"https:\/\/miomicon.com\/wp-content\/uploads\/2025\/11\/Grid-layout-of-Queen-Cosmetic-Contact-Lenses-in_yyt-66x66.jpg 66w, https:\/\/miomicon.com\/wp-content\/uploads\/2025\/11\/Grid-layout-of-Queen-Cosmetic-Contact-Lenses-in_yyt-150x150.jpg 150w, https:\/\/miomicon.com\/wp-content\/uploads\/2025\/11\/Grid-layout-of-Queen-Cosmetic-Contact-Lenses-in_yyt-200x200.jpg 200w, https:\/\/miomicon.com\/wp-content\/uploads\/2025\/11\/Grid-layout-of-Queen-Cosmetic-Contact-Lenses-in_yyt-300x300.jpg 300w, https:\/\/miomicon.com\/wp-content\/uploads\/2025\/11\/Grid-layout-of-Queen-Cosmetic-Contact-Lenses-in_yyt-400x400.jpg 400w, https:\/\/miomicon.com\/wp-content\/uploads\/2025\/11\/Grid-layout-of-Queen-Cosmetic-Contact-Lenses-in_yyt-500x500.jpg 500w, https:\/\/miomicon.com\/wp-content\/uploads\/2025\/11\/Grid-layout-of-Queen-Cosmetic-Contact-Lenses-in_yyt-600x600.jpg 600w, https:\/\/miomicon.com\/wp-content\/uploads\/2025\/11\/Grid-layout-of-Queen-Cosmetic-Contact-Lenses-in_yyt-700x700.jpg 700w, https:\/\/miomicon.com\/wp-content\/uploads\/2025\/11\/Grid-layout-of-Queen-Cosmetic-Contact-Lenses-in_yyt-768x768.jpg 768w, https:\/\/miomicon.com\/wp-content\/uploads\/2025\/11\/Grid-layout-of-Queen-Cosmetic-Contact-Lenses-in_yyt-800x800.jpg 800w, https:\/\/miomicon.com\/wp-content\/uploads\/2025\/11\/Grid-layout-of-Queen-Cosmetic-Contact-Lenses-in_yyt-1024x1024.jpg 1024w, https:\/\/miomicon.com\/wp-content\/uploads\/2025\/11\/Grid-layout-of-Queen-Cosmetic-Contact-Lenses-in_yyt.jpg 1080w\" data-sizes=\"auto\" data-orig-sizes=\"(max-width: 1024px) 100vw, 1024px\" \/> <img decoding=\"async\" class=\"lazyload alignnone size-large wp-image-3552\" src=\"https:\/\/miomicon.com\/wp-content\/uploads\/2025\/11\/2-pcs-lenses-of-Queen-contact-lenses-on-a_yy-1024x1024.jpg\" data-orig-src=\"https:\/\/miomicon.com\/wp-content\/uploads\/2025\/11\/2-pcs-lenses-of-Queen-contact-lenses-on-a_yy-1024x1024.jpg\" alt=\"\" width=\"1024\" height=\"1024\" title=\"\" srcset=\"data:image\/svg+xml,%3Csvg%20xmlns%3D%27http%3A%2F%2Fwww.w3.org%2F2000%2Fsvg%27%20width%3D%271024%27%20height%3D%271024%27%20viewBox%3D%270%200%201024%201024%27%3E%3Crect%20width%3D%271024%27%20height%3D%271024%27%20fill-opacity%3D%220%22%2F%3E%3C%2Fsvg%3E\" data-srcset=\"https:\/\/miomicon.com\/wp-content\/uploads\/2025\/11\/2-pcs-lenses-of-Queen-contact-lenses-on-a_yy-66x66.jpg 66w, https:\/\/miomicon.com\/wp-content\/uploads\/2025\/11\/2-pcs-lenses-of-Queen-contact-lenses-on-a_yy-150x150.jpg 150w, https:\/\/miomicon.com\/wp-content\/uploads\/2025\/11\/2-pcs-lenses-of-Queen-contact-lenses-on-a_yy-200x200.jpg 200w, https:\/\/miomicon.com\/wp-content\/uploads\/2025\/11\/2-pcs-lenses-of-Queen-contact-lenses-on-a_yy-300x300.jpg 300w, https:\/\/miomicon.com\/wp-content\/uploads\/2025\/11\/2-pcs-lenses-of-Queen-contact-lenses-on-a_yy-400x400.jpg 400w, https:\/\/miomicon.com\/wp-content\/uploads\/2025\/11\/2-pcs-lenses-of-Queen-contact-lenses-on-a_yy-500x500.jpg 500w, https:\/\/miomicon.com\/wp-content\/uploads\/2025\/11\/2-pcs-lenses-of-Queen-contact-lenses-on-a_yy-600x600.jpg 600w, https:\/\/miomicon.com\/wp-content\/uploads\/2025\/11\/2-pcs-lenses-of-Queen-contact-lenses-on-a_yy-700x700.jpg 700w, https:\/\/miomicon.com\/wp-content\/uploads\/2025\/11\/2-pcs-lenses-of-Queen-contact-lenses-on-a_yy-768x768.jpg 768w, https:\/\/miomicon.com\/wp-content\/uploads\/2025\/11\/2-pcs-lenses-of-Queen-contact-lenses-on-a_yy-800x800.jpg 800w, https:\/\/miomicon.com\/wp-content\/uploads\/2025\/11\/2-pcs-lenses-of-Queen-contact-lenses-on-a_yy-1024x1024.jpg 1024w, https:\/\/miomicon.com\/wp-content\/uploads\/2025\/11\/2-pcs-lenses-of-Queen-contact-lenses-on-a_yy.jpg 1080w\" data-sizes=\"auto\" data-orig-sizes=\"(max-width: 1024px) 100vw, 1024px\" \/> <img decoding=\"async\" class=\"lazyload alignnone size-large wp-image-3556\" src=\"https:\/\/miomicon.com\/wp-content\/uploads\/2025\/11\/Grid-display-of-1-shade-of-Queen-Cosmetic-Co-1024x1024.jpg\" data-orig-src=\"https:\/\/miomicon.com\/wp-content\/uploads\/2025\/11\/Grid-display-of-1-shade-of-Queen-Cosmetic-Co-1024x1024.jpg\" alt=\"\" width=\"1024\" height=\"1024\" title=\"\" srcset=\"data:image\/svg+xml,%3Csvg%20xmlns%3D%27http%3A%2F%2Fwww.w3.org%2F2000%2Fsvg%27%20width%3D%271024%27%20height%3D%271024%27%20viewBox%3D%270%200%201024%201024%27%3E%3Crect%20width%3D%271024%27%20height%3D%271024%27%20fill-opacity%3D%220%22%2F%3E%3C%2Fsvg%3E\" data-srcset=\"https:\/\/miomicon.com\/wp-content\/uploads\/2025\/11\/Grid-display-of-1-shade-of-Queen-Cosmetic-Co-66x66.jpg 66w, https:\/\/miomicon.com\/wp-content\/uploads\/2025\/11\/Grid-display-of-1-shade-of-Queen-Cosmetic-Co-150x150.jpg 150w, https:\/\/miomicon.com\/wp-content\/uploads\/2025\/11\/Grid-display-of-1-shade-of-Queen-Cosmetic-Co-200x200.jpg 200w, https:\/\/miomicon.com\/wp-content\/uploads\/2025\/11\/Grid-display-of-1-shade-of-Queen-Cosmetic-Co-300x300.jpg 300w, https:\/\/miomicon.com\/wp-content\/uploads\/2025\/11\/Grid-display-of-1-shade-of-Queen-Cosmetic-Co-400x400.jpg 400w, https:\/\/miomicon.com\/wp-content\/uploads\/2025\/11\/Grid-display-of-1-shade-of-Queen-Cosmetic-Co-500x500.jpg 500w, https:\/\/miomicon.com\/wp-content\/uploads\/2025\/11\/Grid-display-of-1-shade-of-Queen-Cosmetic-Co-600x600.jpg 600w, https:\/\/miomicon.com\/wp-content\/uploads\/2025\/11\/Grid-display-of-1-shade-of-Queen-Cosmetic-Co-700x700.jpg 700w, https:\/\/miomicon.com\/wp-content\/uploads\/2025\/11\/Grid-display-of-1-shade-of-Queen-Cosmetic-Co-768x768.jpg 768w, https:\/\/miomicon.com\/wp-content\/uploads\/2025\/11\/Grid-display-of-1-shade-of-Queen-Cosmetic-Co-800x800.jpg 800w, https:\/\/miomicon.com\/wp-content\/uploads\/2025\/11\/Grid-display-of-1-shade-of-Queen-Cosmetic-Co-1024x1024.jpg 1024w, https:\/\/miomicon.com\/wp-content\/uploads\/2025\/11\/Grid-display-of-1-shade-of-Queen-Cosmetic-Co.jpg 1080w\" data-sizes=\"auto\" data-orig-sizes=\"(max-width: 1024px) 100vw, 1024px\" \/> <img decoding=\"async\" class=\"lazyload alignnone size-large wp-image-3554\" src=\"https:\/\/miomicon.com\/wp-content\/uploads\/2025\/11\/A-display-of-Queen-colored-contacts-in-Amber__yythk-1024x1024.jpg\" data-orig-src=\"https:\/\/miomicon.com\/wp-content\/uploads\/2025\/11\/A-display-of-Queen-colored-contacts-in-Amber__yythk-1024x1024.jpg\" alt=\"\" width=\"1024\" height=\"1024\" title=\"\" srcset=\"data:image\/svg+xml,%3Csvg%20xmlns%3D%27http%3A%2F%2Fwww.w3.org%2F2000%2Fsvg%27%20width%3D%271024%27%20height%3D%271024%27%20viewBox%3D%270%200%201024%201024%27%3E%3Crect%20width%3D%271024%27%20height%3D%271024%27%20fill-opacity%3D%220%22%2F%3E%3C%2Fsvg%3E\" data-srcset=\"https:\/\/miomicon.com\/wp-content\/uploads\/2025\/11\/A-display-of-Queen-colored-contacts-in-Amber__yythk-66x66.jpg 66w, https:\/\/miomicon.com\/wp-content\/uploads\/2025\/11\/A-display-of-Queen-colored-contacts-in-Amber__yythk-150x150.jpg 150w, https:\/\/miomicon.com\/wp-content\/uploads\/2025\/11\/A-display-of-Queen-colored-contacts-in-Amber__yythk-200x200.jpg 200w, https:\/\/miomicon.com\/wp-content\/uploads\/2025\/11\/A-display-of-Queen-colored-contacts-in-Amber__yythk-300x300.jpg 300w, https:\/\/miomicon.com\/wp-content\/uploads\/2025\/11\/A-display-of-Queen-colored-contacts-in-Amber__yythk-400x400.jpg 400w, https:\/\/miomicon.com\/wp-content\/uploads\/2025\/11\/A-display-of-Queen-colored-contacts-in-Amber__yythk-500x500.jpg 500w, https:\/\/miomicon.com\/wp-content\/uploads\/2025\/11\/A-display-of-Queen-colored-contacts-in-Amber__yythk-600x600.jpg 600w, https:\/\/miomicon.com\/wp-content\/uploads\/2025\/11\/A-display-of-Queen-colored-contacts-in-Amber__yythk-700x700.jpg 700w, https:\/\/miomicon.com\/wp-content\/uploads\/2025\/11\/A-display-of-Queen-colored-contacts-in-Amber__yythk-768x768.jpg 768w, https:\/\/miomicon.com\/wp-content\/uploads\/2025\/11\/A-display-of-Queen-colored-contacts-in-Amber__yythk-800x800.jpg 800w, https:\/\/miomicon.com\/wp-content\/uploads\/2025\/11\/A-display-of-Queen-colored-contacts-in-Amber__yythk-1024x1024.jpg 1024w, https:\/\/miomicon.com\/wp-content\/uploads\/2025\/11\/A-display-of-Queen-colored-contacts-in-Amber__yythk.jpg 1080w\" data-sizes=\"auto\" data-orig-sizes=\"(max-width: 1024px) 100vw, 1024px\" \/> <img decoding=\"async\" class=\"lazyload alignnone size-large wp-image-3551\" src=\"https:\/\/miomicon.com\/wp-content\/uploads\/2025\/11\/Product-video-presenting-a-6-kinds-of-hot-sa-1024x1024.jpg\" data-orig-src=\"https:\/\/miomicon.com\/wp-content\/uploads\/2025\/11\/Product-video-presenting-a-6-kinds-of-hot-sa-1024x1024.jpg\" alt=\"\" width=\"1024\" height=\"1024\" title=\"\" srcset=\"data:image\/svg+xml,%3Csvg%20xmlns%3D%27http%3A%2F%2Fwww.w3.org%2F2000%2Fsvg%27%20width%3D%271024%27%20height%3D%271024%27%20viewBox%3D%270%200%201024%201024%27%3E%3Crect%20width%3D%271024%27%20height%3D%271024%27%20fill-opacity%3D%220%22%2F%3E%3C%2Fsvg%3E\" data-srcset=\"https:\/\/miomicon.com\/wp-content\/uploads\/2025\/11\/Product-video-presenting-a-6-kinds-of-hot-sa-66x66.jpg 66w, https:\/\/miomicon.com\/wp-content\/uploads\/2025\/11\/Product-video-presenting-a-6-kinds-of-hot-sa-150x150.jpg 150w, https:\/\/miomicon.com\/wp-content\/uploads\/2025\/11\/Product-video-presenting-a-6-kinds-of-hot-sa-200x200.jpg 200w, https:\/\/miomicon.com\/wp-content\/uploads\/2025\/11\/Product-video-presenting-a-6-kinds-of-hot-sa-300x300.jpg 300w, https:\/\/miomicon.com\/wp-content\/uploads\/2025\/11\/Product-video-presenting-a-6-kinds-of-hot-sa-400x400.jpg 400w, https:\/\/miomicon.com\/wp-content\/uploads\/2025\/11\/Product-video-presenting-a-6-kinds-of-hot-sa-500x500.jpg 500w, https:\/\/miomicon.com\/wp-content\/uploads\/2025\/11\/Product-video-presenting-a-6-kinds-of-hot-sa-600x600.jpg 600w, https:\/\/miomicon.com\/wp-content\/uploads\/2025\/11\/Product-video-presenting-a-6-kinds-of-hot-sa-700x700.jpg 700w, https:\/\/miomicon.com\/wp-content\/uploads\/2025\/11\/Product-video-presenting-a-6-kinds-of-hot-sa-768x768.jpg 768w, https:\/\/miomicon.com\/wp-content\/uploads\/2025\/11\/Product-video-presenting-a-6-kinds-of-hot-sa-800x800.jpg 800w, https:\/\/miomicon.com\/wp-content\/uploads\/2025\/11\/Product-video-presenting-a-6-kinds-of-hot-sa-1024x1024.jpg 1024w, https:\/\/miomicon.com\/wp-content\/uploads\/2025\/11\/Product-video-presenting-a-6-kinds-of-hot-sa.jpg 1080w\" data-sizes=\"auto\" data-orig-sizes=\"(max-width: 1024px) 100vw, 1024px\" \/> <img decoding=\"async\" class=\"lazyload alignnone size-large wp-image-3555\" src=\"https:\/\/miomicon.com\/wp-content\/uploads\/2025\/11\/Array-of-Queen-contact-lenses-in-a-white-cas-1024x1017.jpg\" data-orig-src=\"https:\/\/miomicon.com\/wp-content\/uploads\/2025\/11\/Array-of-Queen-contact-lenses-in-a-white-cas-1024x1017.jpg\" alt=\"\" width=\"1024\" height=\"1017\" title=\"\" srcset=\"data:image\/svg+xml,%3Csvg%20xmlns%3D%27http%3A%2F%2Fwww.w3.org%2F2000%2Fsvg%27%20width%3D%271024%27%20height%3D%271017%27%20viewBox%3D%270%200%201024%201017%27%3E%3Crect%20width%3D%271024%27%20height%3D%271017%27%20fill-opacity%3D%220%22%2F%3E%3C%2Fsvg%3E\" data-srcset=\"https:\/\/miomicon.com\/wp-content\/uploads\/2025\/11\/Array-of-Queen-contact-lenses-in-a-white-cas-66x66.jpg 66w, https:\/\/miomicon.com\/wp-content\/uploads\/2025\/11\/Array-of-Queen-contact-lenses-in-a-white-cas-150x150.jpg 150w, https:\/\/miomicon.com\/wp-content\/uploads\/2025\/11\/Array-of-Queen-contact-lenses-in-a-white-cas-200x200.jpg 200w, https:\/\/miomicon.com\/wp-content\/uploads\/2025\/11\/Array-of-Queen-contact-lenses-in-a-white-cas-300x298.jpg 300w, https:\/\/miomicon.com\/wp-content\/uploads\/2025\/11\/Array-of-Queen-contact-lenses-in-a-white-cas-400x397.jpg 400w, https:\/\/miomicon.com\/wp-content\/uploads\/2025\/11\/Array-of-Queen-contact-lenses-in-a-white-cas-500x497.jpg 500w, https:\/\/miomicon.com\/wp-content\/uploads\/2025\/11\/Array-of-Queen-contact-lenses-in-a-white-cas-600x596.jpg 600w, https:\/\/miomicon.com\/wp-content\/uploads\/2025\/11\/Array-of-Queen-contact-lenses-in-a-white-cas-700x695.jpg 700w, https:\/\/miomicon.com\/wp-content\/uploads\/2025\/11\/Array-of-Queen-contact-lenses-in-a-white-cas-768x763.jpg 768w, https:\/\/miomicon.com\/wp-content\/uploads\/2025\/11\/Array-of-Queen-contact-lenses-in-a-white-cas-800x795.jpg 800w, https:\/\/miomicon.com\/wp-content\/uploads\/2025\/11\/Array-of-Queen-contact-lenses-in-a-white-cas-1024x1017.jpg 1024w, https:\/\/miomicon.com\/wp-content\/uploads\/2025\/11\/Array-of-Queen-contact-lenses-in-a-white-cas.jpg 1080w\" data-sizes=\"auto\" data-orig-sizes=\"(max-width: 1024px) 100vw, 1024px\" \/> <img decoding=\"async\" class=\"lazyload alignnone size-large wp-image-3550\" src=\"https:\/\/miomicon.com\/wp-content\/uploads\/2025\/11\/Magister_colored_contacts_package_box_with_lens_case_jpg-1024x1024.jpg\" data-orig-src=\"https:\/\/miomicon.com\/wp-content\/uploads\/2025\/11\/Magister_colored_contacts_package_box_with_lens_case_jpg-1024x1024.jpg\" alt=\"\" width=\"1024\" height=\"1024\" title=\"\" srcset=\"data:image\/svg+xml,%3Csvg%20xmlns%3D%27http%3A%2F%2Fwww.w3.org%2F2000%2Fsvg%27%20width%3D%271024%27%20height%3D%271024%27%20viewBox%3D%270%200%201024%201024%27%3E%3Crect%20width%3D%271024%27%20height%3D%271024%27%20fill-opacity%3D%220%22%2F%3E%3C%2Fsvg%3E\" data-srcset=\"https:\/\/miomicon.com\/wp-content\/uploads\/2025\/11\/Magister_colored_contacts_package_box_with_lens_case_jpg-66x66.jpg 66w, https:\/\/miomicon.com\/wp-content\/uploads\/2025\/11\/Magister_colored_contacts_package_box_with_lens_case_jpg-150x150.jpg 150w, https:\/\/miomicon.com\/wp-content\/uploads\/2025\/11\/Magister_colored_contacts_package_box_with_lens_case_jpg-200x200.jpg 200w, https:\/\/miomicon.com\/wp-content\/uploads\/2025\/11\/Magister_colored_contacts_package_box_with_lens_case_jpg-300x300.jpg 300w, https:\/\/miomicon.com\/wp-content\/uploads\/2025\/11\/Magister_colored_contacts_package_box_with_lens_case_jpg-400x400.jpg 400w, https:\/\/miomicon.com\/wp-content\/uploads\/2025\/11\/Magister_colored_contacts_package_box_with_lens_case_jpg-500x500.jpg 500w, https:\/\/miomicon.com\/wp-content\/uploads\/2025\/11\/Magister_colored_contacts_package_box_with_lens_case_jpg-600x600.jpg 600w, https:\/\/miomicon.com\/wp-content\/uploads\/2025\/11\/Magister_colored_contacts_package_box_with_lens_case_jpg-700x700.jpg 700w, https:\/\/miomicon.com\/wp-content\/uploads\/2025\/11\/Magister_colored_contacts_package_box_with_lens_case_jpg-768x768.jpg 768w, https:\/\/miomicon.com\/wp-content\/uploads\/2025\/11\/Magister_colored_contacts_package_box_with_lens_case_jpg-800x800.jpg 800w, https:\/\/miomicon.com\/wp-content\/uploads\/2025\/11\/Magister_colored_contacts_package_box_with_lens_case_jpg-1024x1024.jpg 1024w, https:\/\/miomicon.com\/wp-content\/uploads\/2025\/11\/Magister_colored_contacts_package_box_with_lens_case_jpg.jpg 1080w\" data-sizes=\"auto\" data-orig-sizes=\"(max-width: 1024px) 100vw, 1024px\" \/><\/p>\n","protected":false},"excerpt":{"rendered":"<p>Boostez vos offres commerciales gr\u00e2ce \u00e0 notre collection Queen, qui propose une gamme vari\u00e9e de 13 lentilles de contact de couleur naturelle. Qu&rsquo;il s&rsquo;agisse de gris glac\u00e9, d&rsquo;ambre ou d&rsquo;ocre, toutes ces couleurs sont tr\u00e8s pris\u00e9es sur le march\u00e9 mondial. Cette s\u00e9rie r\u00e9pond sans difficult\u00e9 aux besoins et aux pr\u00e9f\u00e9rences vari\u00e9s de vos clients. Ne manquez pas cette occasion d&rsquo;\u00e9largir votre gamme de produits et de r\u00e9pondre \u00e0 la demande des consommateurs en mati\u00e8re de lentilles de contact color\u00e9es de qualit\u00e9, confortables et impressionnantes.  <\/p>\n","protected":false},"featured_media":3553,"comment_status":"closed","ping_status":"closed","template":"","meta":[],"product_brand":[43],"product_cat":[111],"product_tag":[],"class_list":{"0":"post-10369","1":"product","2":"type-product","3":"status-publish","4":"has-post-thumbnail","6":"product_brand-magister","7":"product_cat-lentilles-de-contact-de-couleur-naturelle","9":"first","10":"instock","11":"product-type-simple"},"_links":{"self":[{"href":"https:\/\/miomicon.com\/fr\/wp-json\/wp\/v2\/product\/10369","targetHints":{"allow":["GET"]}}],"collection":[{"href":"https:\/\/miomicon.com\/fr\/wp-json\/wp\/v2\/product"}],"about":[{"href":"https:\/\/miomicon.com\/fr\/wp-json\/wp\/v2\/types\/product"}],"replies":[{"embeddable":true,"href":"https:\/\/miomicon.com\/fr\/wp-json\/wp\/v2\/comments?post=10369"}],"wp:featuredmedia":[{"embeddable":true,"href":"https:\/\/miomicon.com\/fr\/wp-json\/wp\/v2\/media\/3553"}],"wp:attachment":[{"href":"https:\/\/miomicon.com\/fr\/wp-json\/wp\/v2\/media?parent=10369"}],"wp:term":[{"taxonomy":"product_brand","embeddable":true,"href":"https:\/\/miomicon.com\/fr\/wp-json\/wp\/v2\/product_brand?post=10369"},{"taxonomy":"product_cat","embeddable":true,"href":"https:\/\/miomicon.com\/fr\/wp-json\/wp\/v2\/product_cat?post=10369"},{"taxonomy":"product_tag","embeddable":true,"href":"https:\/\/miomicon.com\/fr\/wp-json\/wp\/v2\/product_tag?post=10369"}],"curies":[{"name":"wp","href":"https:\/\/api.w.org\/{rel}","templated":true}]}}