{"id":10350,"date":"2025-11-05T13:48:44","date_gmt":"2025-11-05T05:48:44","guid":{"rendered":"https:\/\/miomicon.com\/product\/lentilles-de-contact-colorees-roze\/"},"modified":"2026-03-09T09:55:58","modified_gmt":"2026-03-09T01:55:58","slug":"lentilles-de-contact-colorees-roze","status":"publish","type":"product","link":"https:\/\/miomicon.com\/fr\/produit\/lentilles-de-contact-colorees-roze\/","title":{"rendered":"Lentilles de contact color\u00e9es ROZE"},"content":{"rendered":"<div class=\"table-1\">\n<table style=\"height: 100%;\" width=\"100%\">\n<tbody>\n<tr>\n<td>Mat\u00e9riau : HEMA<\/td>\n<td>Lentille souple : souple<\/td>\n<\/tr>\n<tr>\n<td>Diam\u00e8tre : <strong>14,0 mm<\/strong><\/td>\n<td>Tonalit\u00e9 : <strong>2<\/strong><\/td>\n<\/tr>\n<tr>\n\u00c9<\/p>\n<td>paisseur centrale : 0,08 mm<\/td>\n<p>Courbure d<\/p>\n<td>e base : 8,5 mm<\/td>\n<\/tr>\n<tr>\n<td>Jetable : <strong>6 mois<\/strong><\/td>\n<td>Dur\u00e9e de conservation : <strong>5 ans<\/strong><\/td>\n<\/tr>\n<tr>\n<td>Puissance : <strong>0<\/strong><\/td>\n<td>Teneur en eau : <strong>38<\/strong><strong>%<\/strong><\/td>\n<\/tr>\n<tr>\n<td>Lieu d&rsquo;origine : Chine, Cor\u00e9e<\/td>\n<td>Emballage : Blister (2 pi\u00e8ces par bo\u00eete)<\/td>\n<\/tr>\n<tr>\n<td>Variantes de couleur (<strong>4<\/strong> disponibles) : Brun nude, Brun beige, Gris anthracite, Vert olive<\/td>\n<td><\/td>\n<\/tr>\n<\/tbody>\n<\/table>\n<\/div>\n<p>&nbsp;<\/p>\n<p><img decoding=\"async\" class=\"lazyload alignnone size-large wp-image-3531\" src=\"https:\/\/miomicon.com\/wp-content\/uploads\/2025\/11\/A-young-lady-showcasing-Roze-colored-contact-lenses-1024x1024.jpg\" data-orig-src=\"https:\/\/miomicon.com\/wp-content\/uploads\/2025\/11\/A-young-lady-showcasing-Roze-colored-contact-lenses-1024x1024.jpg\" alt=\"\" width=\"1024\" height=\"1024\" title=\"\" srcset=\"data:image\/svg+xml,%3Csvg%20xmlns%3D%27http%3A%2F%2Fwww.w3.org%2F2000%2Fsvg%27%20width%3D%271024%27%20height%3D%271024%27%20viewBox%3D%270%200%201024%201024%27%3E%3Crect%20width%3D%271024%27%20height%3D%271024%27%20fill-opacity%3D%220%22%2F%3E%3C%2Fsvg%3E\" data-srcset=\"https:\/\/miomicon.com\/wp-content\/uploads\/2025\/11\/A-young-lady-showcasing-Roze-colored-contact-lenses-66x66.jpg 66w, https:\/\/miomicon.com\/wp-content\/uploads\/2025\/11\/A-young-lady-showcasing-Roze-colored-contact-lenses-150x150.jpg 150w, https:\/\/miomicon.com\/wp-content\/uploads\/2025\/11\/A-young-lady-showcasing-Roze-colored-contact-lenses-200x200.jpg 200w, https:\/\/miomicon.com\/wp-content\/uploads\/2025\/11\/A-young-lady-showcasing-Roze-colored-contact-lenses-300x300.jpg 300w, https:\/\/miomicon.com\/wp-content\/uploads\/2025\/11\/A-young-lady-showcasing-Roze-colored-contact-lenses-400x400.jpg 400w, https:\/\/miomicon.com\/wp-content\/uploads\/2025\/11\/A-young-lady-showcasing-Roze-colored-contact-lenses-500x500.jpg 500w, https:\/\/miomicon.com\/wp-content\/uploads\/2025\/11\/A-young-lady-showcasing-Roze-colored-contact-lenses-600x600.jpg 600w, https:\/\/miomicon.com\/wp-content\/uploads\/2025\/11\/A-young-lady-showcasing-Roze-colored-contact-lenses-700x700.jpg 700w, https:\/\/miomicon.com\/wp-content\/uploads\/2025\/11\/A-young-lady-showcasing-Roze-colored-contact-lenses-768x768.jpg 768w, https:\/\/miomicon.com\/wp-content\/uploads\/2025\/11\/A-young-lady-showcasing-Roze-colored-contact-lenses-800x800.jpg 800w, https:\/\/miomicon.com\/wp-content\/uploads\/2025\/11\/A-young-lady-showcasing-Roze-colored-contact-lenses-1024x1024.jpg 1024w, https:\/\/miomicon.com\/wp-content\/uploads\/2025\/11\/A-young-lady-showcasing-Roze-colored-contact-lenses.jpg 1080w\" data-sizes=\"auto\" data-orig-sizes=\"(max-width: 1024px) 100vw, 1024px\" \/> <img decoding=\"async\" class=\"lazyload alignnone size-large wp-image-3532\" src=\"https:\/\/miomicon.com\/wp-content\/uploads\/2025\/11\/Grid-layout-of-ROZE-colored-contact-lenses-in_yythk-1024x1024.jpg\" data-orig-src=\"https:\/\/miomicon.com\/wp-content\/uploads\/2025\/11\/Grid-layout-of-ROZE-colored-contact-lenses-in_yythk-1024x1024.jpg\" alt=\"\" width=\"1024\" height=\"1024\" title=\"\" srcset=\"data:image\/svg+xml,%3Csvg%20xmlns%3D%27http%3A%2F%2Fwww.w3.org%2F2000%2Fsvg%27%20width%3D%271024%27%20height%3D%271024%27%20viewBox%3D%270%200%201024%201024%27%3E%3Crect%20width%3D%271024%27%20height%3D%271024%27%20fill-opacity%3D%220%22%2F%3E%3C%2Fsvg%3E\" data-srcset=\"https:\/\/miomicon.com\/wp-content\/uploads\/2025\/11\/Grid-layout-of-ROZE-colored-contact-lenses-in_yythk-66x66.jpg 66w, https:\/\/miomicon.com\/wp-content\/uploads\/2025\/11\/Grid-layout-of-ROZE-colored-contact-lenses-in_yythk-150x150.jpg 150w, https:\/\/miomicon.com\/wp-content\/uploads\/2025\/11\/Grid-layout-of-ROZE-colored-contact-lenses-in_yythk-200x200.jpg 200w, https:\/\/miomicon.com\/wp-content\/uploads\/2025\/11\/Grid-layout-of-ROZE-colored-contact-lenses-in_yythk-300x300.jpg 300w, https:\/\/miomicon.com\/wp-content\/uploads\/2025\/11\/Grid-layout-of-ROZE-colored-contact-lenses-in_yythk-400x400.jpg 400w, https:\/\/miomicon.com\/wp-content\/uploads\/2025\/11\/Grid-layout-of-ROZE-colored-contact-lenses-in_yythk-500x500.jpg 500w, https:\/\/miomicon.com\/wp-content\/uploads\/2025\/11\/Grid-layout-of-ROZE-colored-contact-lenses-in_yythk-600x600.jpg 600w, https:\/\/miomicon.com\/wp-content\/uploads\/2025\/11\/Grid-layout-of-ROZE-colored-contact-lenses-in_yythk-700x700.jpg 700w, https:\/\/miomicon.com\/wp-content\/uploads\/2025\/11\/Grid-layout-of-ROZE-colored-contact-lenses-in_yythk-768x768.jpg 768w, https:\/\/miomicon.com\/wp-content\/uploads\/2025\/11\/Grid-layout-of-ROZE-colored-contact-lenses-in_yythk-800x800.jpg 800w, https:\/\/miomicon.com\/wp-content\/uploads\/2025\/11\/Grid-layout-of-ROZE-colored-contact-lenses-in_yythk-1024x1024.jpg 1024w, https:\/\/miomicon.com\/wp-content\/uploads\/2025\/11\/Grid-layout-of-ROZE-colored-contact-lenses-in_yythk.jpg 1080w\" data-sizes=\"auto\" data-orig-sizes=\"(max-width: 1024px) 100vw, 1024px\" \/> <img decoding=\"async\" class=\"lazyload alignnone size-large wp-image-3530\" src=\"https:\/\/miomicon.com\/wp-content\/uploads\/2025\/11\/A-display-of-Roze-colored-contact-lenses-in-1024x1024.jpg\" data-orig-src=\"https:\/\/miomicon.com\/wp-content\/uploads\/2025\/11\/A-display-of-Roze-colored-contact-lenses-in-1024x1024.jpg\" alt=\"\" width=\"1024\" height=\"1024\" title=\"\" srcset=\"data:image\/svg+xml,%3Csvg%20xmlns%3D%27http%3A%2F%2Fwww.w3.org%2F2000%2Fsvg%27%20width%3D%271024%27%20height%3D%271024%27%20viewBox%3D%270%200%201024%201024%27%3E%3Crect%20width%3D%271024%27%20height%3D%271024%27%20fill-opacity%3D%220%22%2F%3E%3C%2Fsvg%3E\" data-srcset=\"https:\/\/miomicon.com\/wp-content\/uploads\/2025\/11\/A-display-of-Roze-colored-contact-lenses-in-66x66.jpg 66w, https:\/\/miomicon.com\/wp-content\/uploads\/2025\/11\/A-display-of-Roze-colored-contact-lenses-in-150x150.jpg 150w, https:\/\/miomicon.com\/wp-content\/uploads\/2025\/11\/A-display-of-Roze-colored-contact-lenses-in-200x200.jpg 200w, https:\/\/miomicon.com\/wp-content\/uploads\/2025\/11\/A-display-of-Roze-colored-contact-lenses-in-300x300.jpg 300w, https:\/\/miomicon.com\/wp-content\/uploads\/2025\/11\/A-display-of-Roze-colored-contact-lenses-in-400x400.jpg 400w, https:\/\/miomicon.com\/wp-content\/uploads\/2025\/11\/A-display-of-Roze-colored-contact-lenses-in-500x500.jpg 500w, https:\/\/miomicon.com\/wp-content\/uploads\/2025\/11\/A-display-of-Roze-colored-contact-lenses-in-600x600.jpg 600w, https:\/\/miomicon.com\/wp-content\/uploads\/2025\/11\/A-display-of-Roze-colored-contact-lenses-in-700x700.jpg 700w, https:\/\/miomicon.com\/wp-content\/uploads\/2025\/11\/A-display-of-Roze-colored-contact-lenses-in-768x768.jpg 768w, https:\/\/miomicon.com\/wp-content\/uploads\/2025\/11\/A-display-of-Roze-colored-contact-lenses-in-800x800.jpg 800w, https:\/\/miomicon.com\/wp-content\/uploads\/2025\/11\/A-display-of-Roze-colored-contact-lenses-in-1024x1024.jpg 1024w, https:\/\/miomicon.com\/wp-content\/uploads\/2025\/11\/A-display-of-Roze-colored-contact-lenses-in.jpg 1080w\" data-sizes=\"auto\" data-orig-sizes=\"(max-width: 1024px) 100vw, 1024px\" \/> <img decoding=\"async\" class=\"lazyload alignnone size-large wp-image-3529\" src=\"https:\/\/miomicon.com\/wp-content\/uploads\/2025\/11\/A-detailed-picture-of-the-contact-lens-only-1-1024x1024.jpg\" data-orig-src=\"https:\/\/miomicon.com\/wp-content\/uploads\/2025\/11\/A-detailed-picture-of-the-contact-lens-only-1-1024x1024.jpg\" alt=\"\" width=\"1024\" height=\"1024\" title=\"\" srcset=\"data:image\/svg+xml,%3Csvg%20xmlns%3D%27http%3A%2F%2Fwww.w3.org%2F2000%2Fsvg%27%20width%3D%271024%27%20height%3D%271024%27%20viewBox%3D%270%200%201024%201024%27%3E%3Crect%20width%3D%271024%27%20height%3D%271024%27%20fill-opacity%3D%220%22%2F%3E%3C%2Fsvg%3E\" data-srcset=\"https:\/\/miomicon.com\/wp-content\/uploads\/2025\/11\/A-detailed-picture-of-the-contact-lens-only-1-66x66.jpg 66w, https:\/\/miomicon.com\/wp-content\/uploads\/2025\/11\/A-detailed-picture-of-the-contact-lens-only-1-150x150.jpg 150w, https:\/\/miomicon.com\/wp-content\/uploads\/2025\/11\/A-detailed-picture-of-the-contact-lens-only-1-200x200.jpg 200w, https:\/\/miomicon.com\/wp-content\/uploads\/2025\/11\/A-detailed-picture-of-the-contact-lens-only-1-300x300.jpg 300w, https:\/\/miomicon.com\/wp-content\/uploads\/2025\/11\/A-detailed-picture-of-the-contact-lens-only-1-400x400.jpg 400w, https:\/\/miomicon.com\/wp-content\/uploads\/2025\/11\/A-detailed-picture-of-the-contact-lens-only-1-500x500.jpg 500w, https:\/\/miomicon.com\/wp-content\/uploads\/2025\/11\/A-detailed-picture-of-the-contact-lens-only-1-600x600.jpg 600w, https:\/\/miomicon.com\/wp-content\/uploads\/2025\/11\/A-detailed-picture-of-the-contact-lens-only-1-700x700.jpg 700w, https:\/\/miomicon.com\/wp-content\/uploads\/2025\/11\/A-detailed-picture-of-the-contact-lens-only-1-768x768.jpg 768w, https:\/\/miomicon.com\/wp-content\/uploads\/2025\/11\/A-detailed-picture-of-the-contact-lens-only-1-800x800.jpg 800w, https:\/\/miomicon.com\/wp-content\/uploads\/2025\/11\/A-detailed-picture-of-the-contact-lens-only-1-1024x1024.jpg 1024w, https:\/\/miomicon.com\/wp-content\/uploads\/2025\/11\/A-detailed-picture-of-the-contact-lens-only-1.jpg 1080w\" data-sizes=\"auto\" data-orig-sizes=\"(max-width: 1024px) 100vw, 1024px\" \/> <img decoding=\"async\" class=\"lazyload alignnone size-large wp-image-3534\" src=\"https:\/\/miomicon.com\/wp-content\/uploads\/2025\/11\/It-shows-the-performance-of-looking-at-3-dif-1-1-1024x1024.jpg\" data-orig-src=\"https:\/\/miomicon.com\/wp-content\/uploads\/2025\/11\/It-shows-the-performance-of-looking-at-3-dif-1-1-1024x1024.jpg\" alt=\"\" width=\"1024\" height=\"1024\" title=\"\" srcset=\"data:image\/svg+xml,%3Csvg%20xmlns%3D%27http%3A%2F%2Fwww.w3.org%2F2000%2Fsvg%27%20width%3D%271024%27%20height%3D%271024%27%20viewBox%3D%270%200%201024%201024%27%3E%3Crect%20width%3D%271024%27%20height%3D%271024%27%20fill-opacity%3D%220%22%2F%3E%3C%2Fsvg%3E\" data-srcset=\"https:\/\/miomicon.com\/wp-content\/uploads\/2025\/11\/It-shows-the-performance-of-looking-at-3-dif-1-1-66x66.jpg 66w, https:\/\/miomicon.com\/wp-content\/uploads\/2025\/11\/It-shows-the-performance-of-looking-at-3-dif-1-1-150x150.jpg 150w, https:\/\/miomicon.com\/wp-content\/uploads\/2025\/11\/It-shows-the-performance-of-looking-at-3-dif-1-1-200x200.jpg 200w, https:\/\/miomicon.com\/wp-content\/uploads\/2025\/11\/It-shows-the-performance-of-looking-at-3-dif-1-1-300x300.jpg 300w, https:\/\/miomicon.com\/wp-content\/uploads\/2025\/11\/It-shows-the-performance-of-looking-at-3-dif-1-1-400x400.jpg 400w, https:\/\/miomicon.com\/wp-content\/uploads\/2025\/11\/It-shows-the-performance-of-looking-at-3-dif-1-1-500x500.jpg 500w, https:\/\/miomicon.com\/wp-content\/uploads\/2025\/11\/It-shows-the-performance-of-looking-at-3-dif-1-1-600x600.jpg 600w, https:\/\/miomicon.com\/wp-content\/uploads\/2025\/11\/It-shows-the-performance-of-looking-at-3-dif-1-1-700x700.jpg 700w, https:\/\/miomicon.com\/wp-content\/uploads\/2025\/11\/It-shows-the-performance-of-looking-at-3-dif-1-1-768x768.jpg 768w, https:\/\/miomicon.com\/wp-content\/uploads\/2025\/11\/It-shows-the-performance-of-looking-at-3-dif-1-1-800x800.jpg 800w, https:\/\/miomicon.com\/wp-content\/uploads\/2025\/11\/It-shows-the-performance-of-looking-at-3-dif-1-1-1024x1024.jpg 1024w, https:\/\/miomicon.com\/wp-content\/uploads\/2025\/11\/It-shows-the-performance-of-looking-at-3-dif-1-1.jpg 1080w\" data-sizes=\"auto\" data-orig-sizes=\"(max-width: 1024px) 100vw, 1024px\" \/> <img decoding=\"async\" class=\"lazyload alignnone size-large wp-image-3526\" src=\"https:\/\/miomicon.com\/wp-content\/uploads\/2025\/11\/It-shows-the-performance-of-looking-at-3-dif-4-1024x1024.jpg\" data-orig-src=\"https:\/\/miomicon.com\/wp-content\/uploads\/2025\/11\/It-shows-the-performance-of-looking-at-3-dif-4-1024x1024.jpg\" alt=\"\" width=\"1024\" height=\"1024\" title=\"\" srcset=\"data:image\/svg+xml,%3Csvg%20xmlns%3D%27http%3A%2F%2Fwww.w3.org%2F2000%2Fsvg%27%20width%3D%271024%27%20height%3D%271024%27%20viewBox%3D%270%200%201024%201024%27%3E%3Crect%20width%3D%271024%27%20height%3D%271024%27%20fill-opacity%3D%220%22%2F%3E%3C%2Fsvg%3E\" data-srcset=\"https:\/\/miomicon.com\/wp-content\/uploads\/2025\/11\/It-shows-the-performance-of-looking-at-3-dif-4-66x66.jpg 66w, https:\/\/miomicon.com\/wp-content\/uploads\/2025\/11\/It-shows-the-performance-of-looking-at-3-dif-4-150x150.jpg 150w, https:\/\/miomicon.com\/wp-content\/uploads\/2025\/11\/It-shows-the-performance-of-looking-at-3-dif-4-200x200.jpg 200w, https:\/\/miomicon.com\/wp-content\/uploads\/2025\/11\/It-shows-the-performance-of-looking-at-3-dif-4-300x300.jpg 300w, https:\/\/miomicon.com\/wp-content\/uploads\/2025\/11\/It-shows-the-performance-of-looking-at-3-dif-4-400x400.jpg 400w, https:\/\/miomicon.com\/wp-content\/uploads\/2025\/11\/It-shows-the-performance-of-looking-at-3-dif-4-500x500.jpg 500w, https:\/\/miomicon.com\/wp-content\/uploads\/2025\/11\/It-shows-the-performance-of-looking-at-3-dif-4-600x600.jpg 600w, https:\/\/miomicon.com\/wp-content\/uploads\/2025\/11\/It-shows-the-performance-of-looking-at-3-dif-4-700x700.jpg 700w, https:\/\/miomicon.com\/wp-content\/uploads\/2025\/11\/It-shows-the-performance-of-looking-at-3-dif-4-768x768.jpg 768w, https:\/\/miomicon.com\/wp-content\/uploads\/2025\/11\/It-shows-the-performance-of-looking-at-3-dif-4-800x800.jpg 800w, https:\/\/miomicon.com\/wp-content\/uploads\/2025\/11\/It-shows-the-performance-of-looking-at-3-dif-4-1024x1024.jpg 1024w, https:\/\/miomicon.com\/wp-content\/uploads\/2025\/11\/It-shows-the-performance-of-looking-at-3-dif-4.jpg 1080w\" data-sizes=\"auto\" data-orig-sizes=\"(max-width: 1024px) 100vw, 1024px\" \/> <img decoding=\"async\" class=\"lazyload alignnone size-large wp-image-3533\" src=\"https:\/\/miomicon.com\/wp-content\/uploads\/2025\/11\/It-is-the-retail-box-for-brand-of-Magister_y-1024x1024.jpg\" data-orig-src=\"https:\/\/miomicon.com\/wp-content\/uploads\/2025\/11\/It-is-the-retail-box-for-brand-of-Magister_y-1024x1024.jpg\" alt=\"\" width=\"1024\" height=\"1024\" title=\"\" srcset=\"data:image\/svg+xml,%3Csvg%20xmlns%3D%27http%3A%2F%2Fwww.w3.org%2F2000%2Fsvg%27%20width%3D%271024%27%20height%3D%271024%27%20viewBox%3D%270%200%201024%201024%27%3E%3Crect%20width%3D%271024%27%20height%3D%271024%27%20fill-opacity%3D%220%22%2F%3E%3C%2Fsvg%3E\" data-srcset=\"https:\/\/miomicon.com\/wp-content\/uploads\/2025\/11\/It-is-the-retail-box-for-brand-of-Magister_y-66x66.jpg 66w, https:\/\/miomicon.com\/wp-content\/uploads\/2025\/11\/It-is-the-retail-box-for-brand-of-Magister_y-150x150.jpg 150w, https:\/\/miomicon.com\/wp-content\/uploads\/2025\/11\/It-is-the-retail-box-for-brand-of-Magister_y-200x200.jpg 200w, https:\/\/miomicon.com\/wp-content\/uploads\/2025\/11\/It-is-the-retail-box-for-brand-of-Magister_y-300x300.jpg 300w, https:\/\/miomicon.com\/wp-content\/uploads\/2025\/11\/It-is-the-retail-box-for-brand-of-Magister_y-400x400.jpg 400w, https:\/\/miomicon.com\/wp-content\/uploads\/2025\/11\/It-is-the-retail-box-for-brand-of-Magister_y-500x500.jpg 500w, https:\/\/miomicon.com\/wp-content\/uploads\/2025\/11\/It-is-the-retail-box-for-brand-of-Magister_y-600x600.jpg 600w, https:\/\/miomicon.com\/wp-content\/uploads\/2025\/11\/It-is-the-retail-box-for-brand-of-Magister_y-700x700.jpg 700w, https:\/\/miomicon.com\/wp-content\/uploads\/2025\/11\/It-is-the-retail-box-for-brand-of-Magister_y-768x768.jpg 768w, https:\/\/miomicon.com\/wp-content\/uploads\/2025\/11\/It-is-the-retail-box-for-brand-of-Magister_y-800x800.jpg 800w, https:\/\/miomicon.com\/wp-content\/uploads\/2025\/11\/It-is-the-retail-box-for-brand-of-Magister_y-1024x1024.jpg 1024w, https:\/\/miomicon.com\/wp-content\/uploads\/2025\/11\/It-is-the-retail-box-for-brand-of-Magister_y.jpg 1080w\" data-sizes=\"auto\" data-orig-sizes=\"(max-width: 1024px) 100vw, 1024px\" \/> <img decoding=\"async\" class=\"lazyload alignnone size-large wp-image-3528\" src=\"https:\/\/miomicon.com\/wp-content\/uploads\/2025\/11\/Product-video-presenting-a-range-of-ROZE-colored_yy-1024x1024.jpg\" data-orig-src=\"https:\/\/miomicon.com\/wp-content\/uploads\/2025\/11\/Product-video-presenting-a-range-of-ROZE-colored_yy-1024x1024.jpg\" alt=\"\" width=\"1024\" height=\"1024\" title=\"\" srcset=\"data:image\/svg+xml,%3Csvg%20xmlns%3D%27http%3A%2F%2Fwww.w3.org%2F2000%2Fsvg%27%20width%3D%271024%27%20height%3D%271024%27%20viewBox%3D%270%200%201024%201024%27%3E%3Crect%20width%3D%271024%27%20height%3D%271024%27%20fill-opacity%3D%220%22%2F%3E%3C%2Fsvg%3E\" data-srcset=\"https:\/\/miomicon.com\/wp-content\/uploads\/2025\/11\/Product-video-presenting-a-range-of-ROZE-colored_yy-66x66.jpg 66w, https:\/\/miomicon.com\/wp-content\/uploads\/2025\/11\/Product-video-presenting-a-range-of-ROZE-colored_yy-150x150.jpg 150w, https:\/\/miomicon.com\/wp-content\/uploads\/2025\/11\/Product-video-presenting-a-range-of-ROZE-colored_yy-200x200.jpg 200w, https:\/\/miomicon.com\/wp-content\/uploads\/2025\/11\/Product-video-presenting-a-range-of-ROZE-colored_yy-300x300.jpg 300w, https:\/\/miomicon.com\/wp-content\/uploads\/2025\/11\/Product-video-presenting-a-range-of-ROZE-colored_yy-400x400.jpg 400w, https:\/\/miomicon.com\/wp-content\/uploads\/2025\/11\/Product-video-presenting-a-range-of-ROZE-colored_yy-500x500.jpg 500w, https:\/\/miomicon.com\/wp-content\/uploads\/2025\/11\/Product-video-presenting-a-range-of-ROZE-colored_yy-600x600.jpg 600w, https:\/\/miomicon.com\/wp-content\/uploads\/2025\/11\/Product-video-presenting-a-range-of-ROZE-colored_yy-700x700.jpg 700w, https:\/\/miomicon.com\/wp-content\/uploads\/2025\/11\/Product-video-presenting-a-range-of-ROZE-colored_yy-768x768.jpg 768w, https:\/\/miomicon.com\/wp-content\/uploads\/2025\/11\/Product-video-presenting-a-range-of-ROZE-colored_yy-800x800.jpg 800w, https:\/\/miomicon.com\/wp-content\/uploads\/2025\/11\/Product-video-presenting-a-range-of-ROZE-colored_yy-1024x1024.jpg 1024w, https:\/\/miomicon.com\/wp-content\/uploads\/2025\/11\/Product-video-presenting-a-range-of-ROZE-colored_yy.jpg 1080w\" data-sizes=\"auto\" data-orig-sizes=\"(max-width: 1024px) 100vw, 1024px\" \/><\/p>\n","protected":false},"excerpt":{"rendered":"<p>Boostez votre offre commerciale avec notre s\u00e9rie Roze, qui propose une gamme vari\u00e9e de 4 lentilles de contact de couleur naturelle. Des tons froids du Charcoal Gray<br \/>\naux teintes chaudes du Beige Brown, et avec des corrections allant de 0,00 \u00e0 -6,00, cette s\u00e9rie r\u00e9pond sans difficult\u00e9 aux besoins et pr\u00e9f\u00e9rences vari\u00e9s de vos clients. Ne manquez pas cette occasion d&rsquo;\u00e9largir votre gamme de produits et de r\u00e9pondre \u00e0 la demande des consommateurs en mati\u00e8re de lentilles de contact color\u00e9es de qualit\u00e9, confortables et impressionnantes.  <\/p>\n","protected":false},"featured_media":3531,"comment_status":"closed","ping_status":"closed","template":"","meta":[],"product_brand":[43],"product_cat":[111],"product_tag":[],"class_list":{"0":"post-10350","1":"product","2":"type-product","3":"status-publish","4":"has-post-thumbnail","6":"product_brand-magister","7":"product_cat-lentilles-de-contact-de-couleur-naturelle","9":"first","10":"instock","11":"product-type-simple"},"_links":{"self":[{"href":"https:\/\/miomicon.com\/fr\/wp-json\/wp\/v2\/product\/10350","targetHints":{"allow":["GET"]}}],"collection":[{"href":"https:\/\/miomicon.com\/fr\/wp-json\/wp\/v2\/product"}],"about":[{"href":"https:\/\/miomicon.com\/fr\/wp-json\/wp\/v2\/types\/product"}],"replies":[{"embeddable":true,"href":"https:\/\/miomicon.com\/fr\/wp-json\/wp\/v2\/comments?post=10350"}],"wp:featuredmedia":[{"embeddable":true,"href":"https:\/\/miomicon.com\/fr\/wp-json\/wp\/v2\/media\/3531"}],"wp:attachment":[{"href":"https:\/\/miomicon.com\/fr\/wp-json\/wp\/v2\/media?parent=10350"}],"wp:term":[{"taxonomy":"product_brand","embeddable":true,"href":"https:\/\/miomicon.com\/fr\/wp-json\/wp\/v2\/product_brand?post=10350"},{"taxonomy":"product_cat","embeddable":true,"href":"https:\/\/miomicon.com\/fr\/wp-json\/wp\/v2\/product_cat?post=10350"},{"taxonomy":"product_tag","embeddable":true,"href":"https:\/\/miomicon.com\/fr\/wp-json\/wp\/v2\/product_tag?post=10350"}],"curies":[{"name":"wp","href":"https:\/\/api.w.org\/{rel}","templated":true}]}}