{"id":10197,"date":"2025-11-04T08:40:04","date_gmt":"2025-11-04T00:40:04","guid":{"rendered":"https:\/\/miomicon.com\/product\/aiyanye-costume-contacts\/"},"modified":"2026-03-09T09:50:28","modified_gmt":"2026-03-09T01:50:28","slug":"aiyanye-costume-contacts","status":"publish","type":"product","link":"https:\/\/miomicon.com\/fr\/produit\/aiyanye-costume-contacts\/","title":{"rendered":"Aiyanye Costume Contacts"},"content":{"rendered":"<div class=\"table-1\">\n<table style=\"height: 100%px;\" width=\"100%\">\n<tbody>\n<tr>\n<td>Mat\u00e9riau : HEMA<\/td>\n<td>Lentille souple : souple<\/td>\n<\/tr>\n<tr>\n<td>Diam\u00e8tre : 14,5 mm<\/td>\n<p>To<\/p>\n<td>nalit\u00e9 : 2<\/td>\n<\/tr>\n<tr>\n<td>\u00c9paisseur centrale : 0,08 mm<\/td>\n<td>Courbure de base : 8,6 mm<\/td>\n<\/tr>\n<tr>\n<td>Jetable : <strong>Annuellement<\/strong><\/td>\n<td>Dur\u00e9e de conservation : <strong>5 ans<\/strong><\/td>\n<\/tr>\n<tr>\n<td>Puissance : <strong>0,00 ~ -8,00<\/strong><\/td>\n<td>Teneur en eau : <strong>40 %<\/strong><\/td>\n<\/tr>\n<tr>\n<td>Lieu d&rsquo;origine : Chine, Cor\u00e9e<\/td>\n<td>Emballage : Blister (2 pi\u00e8ces par bo\u00eete)<\/td>\n<\/tr>\n<tr>\n<td colspan=\"2\">Variantes de couleur (<strong>6<\/strong> disponibles) :<strong> RY085,RY086,RY087,RY088,RY377A,RY377B <\/strong> <\/td>\n<\/tr>\n<\/tbody>\n<\/table>\n<\/div>\n<p>&nbsp;<\/p>\n<p><img decoding=\"async\" class=\"lazyload alignnone size-full wp-image-3289\" src=\"https:\/\/miomicon.com\/wp-content\/uploads\/2025\/11\/DM_20251031130732_002.jpeg\" data-orig-src=\"https:\/\/miomicon.com\/wp-content\/uploads\/2025\/11\/DM_20251031130732_002.jpeg\" alt=\"\" width=\"1080\" height=\"1080\" title=\"\" srcset=\"data:image\/svg+xml,%3Csvg%20xmlns%3D%27http%3A%2F%2Fwww.w3.org%2F2000%2Fsvg%27%20width%3D%271080%27%20height%3D%271080%27%20viewBox%3D%270%200%201080%201080%27%3E%3Crect%20width%3D%271080%27%20height%3D%271080%27%20fill-opacity%3D%220%22%2F%3E%3C%2Fsvg%3E\" data-srcset=\"https:\/\/miomicon.com\/wp-content\/uploads\/2025\/11\/DM_20251031130732_002-66x66.jpeg 66w, https:\/\/miomicon.com\/wp-content\/uploads\/2025\/11\/DM_20251031130732_002-150x150.jpeg 150w, https:\/\/miomicon.com\/wp-content\/uploads\/2025\/11\/DM_20251031130732_002-200x200.jpeg 200w, https:\/\/miomicon.com\/wp-content\/uploads\/2025\/11\/DM_20251031130732_002-300x300.jpeg 300w, https:\/\/miomicon.com\/wp-content\/uploads\/2025\/11\/DM_20251031130732_002-400x400.jpeg 400w, https:\/\/miomicon.com\/wp-content\/uploads\/2025\/11\/DM_20251031130732_002-500x500.jpeg 500w, https:\/\/miomicon.com\/wp-content\/uploads\/2025\/11\/DM_20251031130732_002-600x600.jpeg 600w, https:\/\/miomicon.com\/wp-content\/uploads\/2025\/11\/DM_20251031130732_002-700x700.jpeg 700w, https:\/\/miomicon.com\/wp-content\/uploads\/2025\/11\/DM_20251031130732_002-768x768.jpeg 768w, https:\/\/miomicon.com\/wp-content\/uploads\/2025\/11\/DM_20251031130732_002-800x800.jpeg 800w, https:\/\/miomicon.com\/wp-content\/uploads\/2025\/11\/DM_20251031130732_002-1024x1024.jpeg 1024w, https:\/\/miomicon.com\/wp-content\/uploads\/2025\/11\/DM_20251031130732_002.jpeg 1080w\" data-sizes=\"auto\" data-orig-sizes=\"(max-width: 1080px) 100vw, 1080px\" \/> <img decoding=\"async\" class=\"lazyload alignnone size-full wp-image-3290\" src=\"https:\/\/miomicon.com\/wp-content\/uploads\/2025\/11\/DM_20251031130732_003.jpeg\" data-orig-src=\"https:\/\/miomicon.com\/wp-content\/uploads\/2025\/11\/DM_20251031130732_003.jpeg\" alt=\"\" width=\"1080\" height=\"1080\" title=\"\" srcset=\"data:image\/svg+xml,%3Csvg%20xmlns%3D%27http%3A%2F%2Fwww.w3.org%2F2000%2Fsvg%27%20width%3D%271080%27%20height%3D%271080%27%20viewBox%3D%270%200%201080%201080%27%3E%3Crect%20width%3D%271080%27%20height%3D%271080%27%20fill-opacity%3D%220%22%2F%3E%3C%2Fsvg%3E\" data-srcset=\"https:\/\/miomicon.com\/wp-content\/uploads\/2025\/11\/DM_20251031130732_003-66x66.jpeg 66w, https:\/\/miomicon.com\/wp-content\/uploads\/2025\/11\/DM_20251031130732_003-150x150.jpeg 150w, https:\/\/miomicon.com\/wp-content\/uploads\/2025\/11\/DM_20251031130732_003-200x200.jpeg 200w, https:\/\/miomicon.com\/wp-content\/uploads\/2025\/11\/DM_20251031130732_003-300x300.jpeg 300w, https:\/\/miomicon.com\/wp-content\/uploads\/2025\/11\/DM_20251031130732_003-400x400.jpeg 400w, https:\/\/miomicon.com\/wp-content\/uploads\/2025\/11\/DM_20251031130732_003-500x500.jpeg 500w, https:\/\/miomicon.com\/wp-content\/uploads\/2025\/11\/DM_20251031130732_003-600x600.jpeg 600w, https:\/\/miomicon.com\/wp-content\/uploads\/2025\/11\/DM_20251031130732_003-700x700.jpeg 700w, https:\/\/miomicon.com\/wp-content\/uploads\/2025\/11\/DM_20251031130732_003-768x768.jpeg 768w, https:\/\/miomicon.com\/wp-content\/uploads\/2025\/11\/DM_20251031130732_003-800x800.jpeg 800w, https:\/\/miomicon.com\/wp-content\/uploads\/2025\/11\/DM_20251031130732_003-1024x1024.jpeg 1024w, https:\/\/miomicon.com\/wp-content\/uploads\/2025\/11\/DM_20251031130732_003.jpeg 1080w\" data-sizes=\"auto\" data-orig-sizes=\"(max-width: 1080px) 100vw, 1080px\" \/> <img decoding=\"async\" class=\"lazyload alignnone size-full wp-image-3291\" src=\"https:\/\/miomicon.com\/wp-content\/uploads\/2025\/11\/DM_20251031130732_004.jpeg\" data-orig-src=\"https:\/\/miomicon.com\/wp-content\/uploads\/2025\/11\/DM_20251031130732_004.jpeg\" alt=\"\" width=\"1080\" height=\"1080\" title=\"\" srcset=\"data:image\/svg+xml,%3Csvg%20xmlns%3D%27http%3A%2F%2Fwww.w3.org%2F2000%2Fsvg%27%20width%3D%271080%27%20height%3D%271080%27%20viewBox%3D%270%200%201080%201080%27%3E%3Crect%20width%3D%271080%27%20height%3D%271080%27%20fill-opacity%3D%220%22%2F%3E%3C%2Fsvg%3E\" data-srcset=\"https:\/\/miomicon.com\/wp-content\/uploads\/2025\/11\/DM_20251031130732_004-66x66.jpeg 66w, https:\/\/miomicon.com\/wp-content\/uploads\/2025\/11\/DM_20251031130732_004-150x150.jpeg 150w, https:\/\/miomicon.com\/wp-content\/uploads\/2025\/11\/DM_20251031130732_004-200x200.jpeg 200w, https:\/\/miomicon.com\/wp-content\/uploads\/2025\/11\/DM_20251031130732_004-300x300.jpeg 300w, https:\/\/miomicon.com\/wp-content\/uploads\/2025\/11\/DM_20251031130732_004-400x400.jpeg 400w, https:\/\/miomicon.com\/wp-content\/uploads\/2025\/11\/DM_20251031130732_004-500x500.jpeg 500w, https:\/\/miomicon.com\/wp-content\/uploads\/2025\/11\/DM_20251031130732_004-600x600.jpeg 600w, https:\/\/miomicon.com\/wp-content\/uploads\/2025\/11\/DM_20251031130732_004-700x700.jpeg 700w, https:\/\/miomicon.com\/wp-content\/uploads\/2025\/11\/DM_20251031130732_004-768x768.jpeg 768w, https:\/\/miomicon.com\/wp-content\/uploads\/2025\/11\/DM_20251031130732_004-800x800.jpeg 800w, https:\/\/miomicon.com\/wp-content\/uploads\/2025\/11\/DM_20251031130732_004-1024x1024.jpeg 1024w, https:\/\/miomicon.com\/wp-content\/uploads\/2025\/11\/DM_20251031130732_004.jpeg 1080w\" data-sizes=\"auto\" data-orig-sizes=\"(max-width: 1080px) 100vw, 1080px\" \/> <img decoding=\"async\" class=\"lazyload alignnone size-full wp-image-3292\" src=\"https:\/\/miomicon.com\/wp-content\/uploads\/2025\/11\/DM_20251031130732_005.jpeg\" data-orig-src=\"https:\/\/miomicon.com\/wp-content\/uploads\/2025\/11\/DM_20251031130732_005.jpeg\" alt=\"\" width=\"1080\" height=\"1080\" title=\"\" srcset=\"data:image\/svg+xml,%3Csvg%20xmlns%3D%27http%3A%2F%2Fwww.w3.org%2F2000%2Fsvg%27%20width%3D%271080%27%20height%3D%271080%27%20viewBox%3D%270%200%201080%201080%27%3E%3Crect%20width%3D%271080%27%20height%3D%271080%27%20fill-opacity%3D%220%22%2F%3E%3C%2Fsvg%3E\" data-srcset=\"https:\/\/miomicon.com\/wp-content\/uploads\/2025\/11\/DM_20251031130732_005-66x66.jpeg 66w, https:\/\/miomicon.com\/wp-content\/uploads\/2025\/11\/DM_20251031130732_005-150x150.jpeg 150w, https:\/\/miomicon.com\/wp-content\/uploads\/2025\/11\/DM_20251031130732_005-200x200.jpeg 200w, https:\/\/miomicon.com\/wp-content\/uploads\/2025\/11\/DM_20251031130732_005-300x300.jpeg 300w, https:\/\/miomicon.com\/wp-content\/uploads\/2025\/11\/DM_20251031130732_005-400x400.jpeg 400w, https:\/\/miomicon.com\/wp-content\/uploads\/2025\/11\/DM_20251031130732_005-500x500.jpeg 500w, https:\/\/miomicon.com\/wp-content\/uploads\/2025\/11\/DM_20251031130732_005-600x600.jpeg 600w, https:\/\/miomicon.com\/wp-content\/uploads\/2025\/11\/DM_20251031130732_005-700x700.jpeg 700w, https:\/\/miomicon.com\/wp-content\/uploads\/2025\/11\/DM_20251031130732_005-768x768.jpeg 768w, https:\/\/miomicon.com\/wp-content\/uploads\/2025\/11\/DM_20251031130732_005-800x800.jpeg 800w, https:\/\/miomicon.com\/wp-content\/uploads\/2025\/11\/DM_20251031130732_005-1024x1024.jpeg 1024w, https:\/\/miomicon.com\/wp-content\/uploads\/2025\/11\/DM_20251031130732_005.jpeg 1080w\" data-sizes=\"auto\" data-orig-sizes=\"(max-width: 1080px) 100vw, 1080px\" \/> <img decoding=\"async\" class=\"lazyload alignnone size-full wp-image-3293\" src=\"https:\/\/miomicon.com\/wp-content\/uploads\/2025\/11\/DM_20251031130732_006.jpeg\" data-orig-src=\"https:\/\/miomicon.com\/wp-content\/uploads\/2025\/11\/DM_20251031130732_006.jpeg\" alt=\"\" width=\"1080\" height=\"1080\" title=\"\" srcset=\"data:image\/svg+xml,%3Csvg%20xmlns%3D%27http%3A%2F%2Fwww.w3.org%2F2000%2Fsvg%27%20width%3D%271080%27%20height%3D%271080%27%20viewBox%3D%270%200%201080%201080%27%3E%3Crect%20width%3D%271080%27%20height%3D%271080%27%20fill-opacity%3D%220%22%2F%3E%3C%2Fsvg%3E\" data-srcset=\"https:\/\/miomicon.com\/wp-content\/uploads\/2025\/11\/DM_20251031130732_006-66x66.jpeg 66w, https:\/\/miomicon.com\/wp-content\/uploads\/2025\/11\/DM_20251031130732_006-150x150.jpeg 150w, https:\/\/miomicon.com\/wp-content\/uploads\/2025\/11\/DM_20251031130732_006-200x200.jpeg 200w, https:\/\/miomicon.com\/wp-content\/uploads\/2025\/11\/DM_20251031130732_006-300x300.jpeg 300w, https:\/\/miomicon.com\/wp-content\/uploads\/2025\/11\/DM_20251031130732_006-400x400.jpeg 400w, https:\/\/miomicon.com\/wp-content\/uploads\/2025\/11\/DM_20251031130732_006-500x500.jpeg 500w, https:\/\/miomicon.com\/wp-content\/uploads\/2025\/11\/DM_20251031130732_006-600x600.jpeg 600w, https:\/\/miomicon.com\/wp-content\/uploads\/2025\/11\/DM_20251031130732_006-700x700.jpeg 700w, https:\/\/miomicon.com\/wp-content\/uploads\/2025\/11\/DM_20251031130732_006-768x768.jpeg 768w, https:\/\/miomicon.com\/wp-content\/uploads\/2025\/11\/DM_20251031130732_006-800x800.jpeg 800w, https:\/\/miomicon.com\/wp-content\/uploads\/2025\/11\/DM_20251031130732_006-1024x1024.jpeg 1024w, https:\/\/miomicon.com\/wp-content\/uploads\/2025\/11\/DM_20251031130732_006.jpeg 1080w\" data-sizes=\"auto\" data-orig-sizes=\"(max-width: 1080px) 100vw, 1080px\" \/><\/p>\n","protected":false},"excerpt":{"rendered":"<p>Rehaussez la gamme de produits saisonniers de votre entreprise gr\u00e2ce \u00e0 nos lentilles de costume d&rsquo;Halloween dynamiques, propos\u00e9es dans la gamme Aiyanye Costume. \u00c9largissez encore votre offre gr\u00e2ce \u00e0 notre large choix de couleurs spectaculaires : jaune, rouge, bleu et vert. Elles deviendront instantan\u00e9ment vos favorites pour cr\u00e9er une multitude de looks captivants. <\/p>\n","protected":false},"featured_media":3289,"comment_status":"closed","ping_status":"closed","template":"","meta":[],"product_brand":[45],"product_cat":[221],"product_tag":[],"class_list":{"0":"post-10197","1":"product","2":"type-product","3":"status-publish","4":"has-post-thumbnail","6":"product_brand-pseyeche","7":"product_cat-contacts-reguliers-fx","9":"first","10":"instock","11":"product-type-simple"},"_links":{"self":[{"href":"https:\/\/miomicon.com\/fr\/wp-json\/wp\/v2\/product\/10197","targetHints":{"allow":["GET"]}}],"collection":[{"href":"https:\/\/miomicon.com\/fr\/wp-json\/wp\/v2\/product"}],"about":[{"href":"https:\/\/miomicon.com\/fr\/wp-json\/wp\/v2\/types\/product"}],"replies":[{"embeddable":true,"href":"https:\/\/miomicon.com\/fr\/wp-json\/wp\/v2\/comments?post=10197"}],"wp:featuredmedia":[{"embeddable":true,"href":"https:\/\/miomicon.com\/fr\/wp-json\/wp\/v2\/media\/3289"}],"wp:attachment":[{"href":"https:\/\/miomicon.com\/fr\/wp-json\/wp\/v2\/media?parent=10197"}],"wp:term":[{"taxonomy":"product_brand","embeddable":true,"href":"https:\/\/miomicon.com\/fr\/wp-json\/wp\/v2\/product_brand?post=10197"},{"taxonomy":"product_cat","embeddable":true,"href":"https:\/\/miomicon.com\/fr\/wp-json\/wp\/v2\/product_cat?post=10197"},{"taxonomy":"product_tag","embeddable":true,"href":"https:\/\/miomicon.com\/fr\/wp-json\/wp\/v2\/product_tag?post=10197"}],"curies":[{"name":"wp","href":"https:\/\/api.w.org\/{rel}","templated":true}]}}