{"id":5546,"date":"2025-11-21T18:05:50","date_gmt":"2025-11-21T10:05:50","guid":{"rendered":"https:\/\/miomicon.com\/politique-en-matiere-de-cookies\/"},"modified":"2025-11-21T18:05:50","modified_gmt":"2025-11-21T10:05:50","slug":"politique-en-matiere-de-cookies","status":"publish","type":"page","link":"https:\/\/miomicon.com\/fr\/politique-en-matiere-de-cookies\/","title":{"rendered":"Politique en mati\u00e8re de cookies"},"content":{"rendered":"<div class=\"elementor-element elementor-element-3b8b30c1 elementor-widget elementor-widget-heading\" data-id=\"3b8b30c1\" data-element_type=\"widget\" data-widget_type=\"heading.default\">\n<div class=\"elementor-widget-container\">\n<h1 class=\"elementor-heading-title elementor-size-default\">Politique en mati\u00e8re de cookies<\/h1>\n<\/div>\n<\/div>\n<div class=\"elementor-element elementor-element-3638d184 elementor-widget elementor-widget-text-editor\" data-id=\"3638d184\" data-element_type=\"widget\" data-widget_type=\"text-editor.default\">\n<div class=\"elementor-widget-container\">\n<h3 class=\"elementor-image\">Qu&rsquo;est-ce qu&rsquo;un cookie ? Qu&rsquo;est-ce qu&rsquo;un cookie ?<\/h3>\n<ul>\n<li>Un \u00ab cookie \u00bb est un \u00e9l\u00e9ment d&rsquo;information stock\u00e9 sur le disque dur de votre ordinateur qui enregistre votre navigation sur un site Web afin que, lorsque vous revisitez ce site, il puisse vous proposer des options personnalis\u00e9es en fonction des informations stock\u00e9es lors de votre derni\u00e8re visite. Les cookies peuvent \u00e9galement \u00eatre utilis\u00e9s pour analyser le trafic et \u00e0 des fins publicitaires et marketing. <\/li>\n<li>Les cookies sont utilis\u00e9s par presque tous les sites Web et ne nuisent pas \u00e0 votre syst\u00e8me.<\/li>\n<\/ul>\n<p>Si vous souhaitez v\u00e9rifier ou modifier les types de cookies que vous acceptez, vous pouvez g\u00e9n\u00e9ralement le faire dans les param\u00e8tres de votre navigateur. Vous pouvez bloquer les cookies \u00e0 tout moment en activant le param\u00e8tre de votre navigateur qui vous permet de refuser l&rsquo;installation de tout ou partie des cookies. Cependant, si vous utilisez les param\u00e8tres de votre navigateur pour bloquer tous les cookies (y compris les cookies essentiels), vous risquez de ne pas pouvoir acc\u00e9der \u00e0 tout ou partie de notre site.  <\/p>\n<h3>Comment utilisons-nous les cookies ?<\/h3>\n<ul>\n<li>Nous utilisons des cookies pour suivre votre utilisation de notre site Web. Cela nous permet de comprendre comment vous utilisez le site et de suivre vos habitudes d&rsquo;utilisation. Cela nous aide \u00e0 d\u00e9velopper et \u00e0 am\u00e9liorer notre site Web ainsi que nos produits et\/ou services en fonction de vos besoins et de vos attentes.  <\/li>\n<li>Les cookies sont soit :<\/li>\n<\/ul>\n<p>\u2013 Cookies de session : ceux-ci sont uniquement stock\u00e9s sur votre ordinateur pendant votre session Web et sont automatiquement supprim\u00e9s lorsque vous fermez votre navigateur. Ils stockent g\u00e9n\u00e9ralement un identifiant de session anonyme qui vous permet de naviguer sur un site Web sans avoir \u00e0 vous connecter \u00e0 chaque page, mais ils ne collectent aucune donn\u00e9e personnelle sur votre ordinateur ; ou \u2013 Cookies persistants : un cookie persistant est stock\u00e9 sous forme de fichier sur votre ordinateur et y reste lorsque vous fermez votre navigateur Web. Le cookie peut \u00eatre lu par le site web qui l&rsquo;a cr\u00e9\u00e9 lorsque vous visitez \u00e0 nouveau ce site web. Nous utilisons des cookies persistants pour Google Analytics.  <\/p>\n<ul>\n<li>Les cookies peuvent \u00e9galement \u00eatre class\u00e9s comme suit :<\/li>\n<\/ul>\n<p>\u2013 Cookies strictement n\u00e9cessaires : ces cookies sont essentiels pour vous permettre d&rsquo;utiliser efficacement le site web, par exemple lorsque vous achetez un produit et\/ou un service, et ne peuvent donc pas \u00eatre d\u00e9sactiv\u00e9s. Sans ces cookies, les services disponibles sur notre site web ne peuvent pas vous \u00eatre fournis. Ces cookies ne collectent pas d&rsquo;informations vous concernant qui pourraient \u00eatre utilis\u00e9es \u00e0 des fins de marketing ou pour m\u00e9moriser les sites que vous avez consult\u00e9s sur Internet. \u2013 Cookies de performance : ces cookies nous permettent de surveiller et d&rsquo;am\u00e9liorer les performances de notre site web. Ils nous permettent, par exemple, de compter le nombre de visites, d&rsquo;identifier les sources de trafic et de voir quelles parties du site sont les plus populaires. \u2013 Cookies de fonctionnalit\u00e9 : ces cookies permettent \u00e0 notre site web de m\u00e9moriser vos choix et de vous offrir des fonctionnalit\u00e9s am\u00e9lior\u00e9es. Nous pouvons, par exemple, vous fournir des informations ou des mises \u00e0 jour pertinentes pour les services que vous utilisez. Ils peuvent \u00e9galement \u00eatre utilis\u00e9s pour vous fournir les services que vous avez demand\u00e9s, tels que visionner une vid\u00e9o ou commenter un blog. Les informations collect\u00e9es par ces cookies sont g\u00e9n\u00e9ralement anonymis\u00e9es.        <\/p>\n<\/div>\n<\/div>\n","protected":false},"excerpt":{"rendered":"<p>Politique en mati\u00e8re de cookies Qu&rsquo;est-ce qu&rsquo;un cookie ? Qu&rsquo;est-ce  [&#8230;]<\/p>\n","protected":false},"author":1,"featured_media":0,"parent":0,"menu_order":0,"comment_status":"closed","ping_status":"closed","template":"100-width.php","meta":{"footnotes":""},"class_list":["post-5546","page","type-page","status-publish","hentry"],"_links":{"self":[{"href":"https:\/\/miomicon.com\/fr\/wp-json\/wp\/v2\/pages\/5546","targetHints":{"allow":["GET"]}}],"collection":[{"href":"https:\/\/miomicon.com\/fr\/wp-json\/wp\/v2\/pages"}],"about":[{"href":"https:\/\/miomicon.com\/fr\/wp-json\/wp\/v2\/types\/page"}],"author":[{"embeddable":true,"href":"https:\/\/miomicon.com\/fr\/wp-json\/wp\/v2\/users\/1"}],"replies":[{"embeddable":true,"href":"https:\/\/miomicon.com\/fr\/wp-json\/wp\/v2\/comments?post=5546"}],"version-history":[{"count":0,"href":"https:\/\/miomicon.com\/fr\/wp-json\/wp\/v2\/pages\/5546\/revisions"}],"wp:attachment":[{"href":"https:\/\/miomicon.com\/fr\/wp-json\/wp\/v2\/media?parent=5546"}],"curies":[{"name":"wp","href":"https:\/\/api.w.org\/{rel}","templated":true}]}}