{"id":4197,"date":"2025-11-10T17:02:42","date_gmt":"2025-11-10T09:02:42","guid":{"rendered":"https:\/\/miomicon.com\/faq\/"},"modified":"2025-11-14T15:23:30","modified_gmt":"2025-11-14T07:23:30","slug":"faq","status":"publish","type":"page","link":"https:\/\/miomicon.com\/fr\/faq\/","title":{"rendered":"FAQ"},"content":{"rendered":"<div class=\"fusion-fullwidth fullwidth-box fusion-builder-row-1 fusion-flex-container has-pattern-background has-mask-background nonhundred-percent-fullwidth non-hundred-percent-height-scrolling\" style=\"--awb-border-radius-top-left:0px;--awb-border-radius-top-right:0px;--awb-border-radius-bottom-right:0px;--awb-border-radius-bottom-left:0px;--awb-flex-wrap:wrap;\" ><div class=\"fusion-builder-row fusion-row fusion-flex-align-items-flex-start fusion-flex-content-wrap\" style=\"max-width:1248px;margin-left: calc(-4% \/ 2 );margin-right: calc(-4% \/ 2 );\"><div class=\"fusion-layout-column fusion_builder_column fusion-builder-column-0 fusion_builder_column_1_1 1_1 fusion-flex-column\" style=\"--awb-bg-size:cover;--awb-width-large:100%;--awb-margin-top-large:0px;--awb-spacing-right-large:1.92%;--awb-margin-bottom-large:48px;--awb-spacing-left-large:1.824%;--awb-width-medium:100%;--awb-order-medium:0;--awb-spacing-right-medium:1.92%;--awb-spacing-left-medium:1.824%;--awb-width-small:100%;--awb-order-small:0;--awb-spacing-right-small:1.92%;--awb-spacing-left-small:1.92%;\"><div class=\"fusion-column-wrapper fusion-column-has-shadow fusion-flex-justify-content-flex-start fusion-content-layout-column\"><style type=\"text\/css\">.fusion-faqs-wrapper #accordian-1 .fusion-panel { border-color:var(--awb-color3); }.fusion-faqs-wrapper #accordian-1 .fusion-panel:hover{ border-color: var(--awb-color3); }.fusion-accordian #accordian-1 .panel-title a .fa-fusion-box:before{ font-size: 16px;width: 16px;}.fusion-accordian #accordian-1 .panel-title a .fa-fusion-box{ color: var(--awb-color1);}.fusion-accordian  #accordian-1 .panel-title a{font-family:-apple-system, BlinkMacSystemFont, 'Segoe UI', Roboto, Oxygen-Sans, Ubuntu, Cantarell, 'Helvetica Neue' ,sans-serif;font-style:normal;font-weight:400;}.fusion-accordian  #accordian-1 .panel-title a:not(:hover){}.fusion-accordian  #accordian-1 .toggle-content{font-family:-apple-system, BlinkMacSystemFont, 'Segoe UI', Roboto, Oxygen-Sans, Ubuntu, Cantarell, 'Helvetica Neue' ,sans-serif;font-style:normal;font-weight:400;}.fusion-accordian #accordian-1 .fa-fusion-box { background-color: var(--awb-color7) !important;border-color: var(--awb-color7) !important;}.fusion-accordian #accordian-1 .panel-title a:hover,.fusion-accordian #accordian-1 .panel-title a.hover { color: var(--awb-color6);}.fusion-faq-shortcode .fusion-accordian #accordian-1 .fusion-toggle-boxed-mode:hover .panel-title a { color: var(--awb-color6);}.fusion-accordian #accordian-1 .panel-title .active .fa-fusion-box,.fusion-accordian #accordian-1 .panel-title a:hover .fa-fusion-box,.fusion-accordian #accordian-1 .panel-title a.hover .fa-fusion-box { background-color: var(--awb-color6)!important;border-color: var(--awb-color6)!important;}<\/style><div class=\"fusion-faq-shortcode\" style=\"\"><div class=\"fusion-faqs-wrapper\"><div class=\"accordian fusion-accordian\"><div class=\"panel-group \" id=\"accordian-1\"><div class=\"fusion-panel panel-default fusion-faq-post fusion-faq-post-4219 \"><span class=\"entry-title rich-snippet-hidden\">Offrez &#8211; vous des services ODM et OEM ?<\/span><span class=\"vcard rich-snippet-hidden\"><span class=\"fn\"><a href=\"https:\/\/miomicon.com\/fr\/author\/miomicon\/\" title=\"Articles par miomicon\" rel=\"author\">miomicon<\/a><\/span><\/span><span class=\"updated rich-snippet-hidden\">2026-02-15T11:09:24+08:00<\/span><div class=\"panel-heading\"><h4 id=\"faq_1-4219\" class=\"panel-title toggle\"><a data-toggle=\"collapse\" class=\"collapsed\" data-parent=\"#accordian-1\" data-target=\"#collapse-1-4219\" href=\"#collapse-1-4219\" aria-expanded=\"false\"><div class=\"fusion-toggle-icon-wrapper\"><div class=\"fusion-toggle-icon-wrapper-main\"><div class=\"fusion-toggle-icon-wrapper-sub\"><i class=\"fa-fusion-box active-icon awb-icon-minus\" aria-hidden=\"true\"><\/i><i class=\"fa-fusion-box inactive-icon awb-icon-plus\" aria-hidden=\"true\"><\/i><\/div><\/div><\/div><div class=\"fusion-toggle-heading\">Offrez &#8211; vous des services ODM et OEM ?<\/div><\/a><\/h4><\/div><div id=\"collapse-1-4219\" aria-labelledby=\"faq_1-4219\" class=\"panel-collapse collapse\"><div class=\"panel-body toggle-content post-content\"><p>Oui, nous offrons des services ODM et OEM \u00e0 de nombreux clients pour la personnalisation de l&#8217;emballage et des lentilles.<\/p>\n<\/div><\/div><\/div><div class=\"fusion-panel panel-default fusion-faq-post fusion-faq-post-4220 \"><span class=\"entry-title rich-snippet-hidden\">Quel est votre d\u00e9lai de livraison et vos modalit\u00e9s d&rsquo;exp\u00e9dition ?<\/span><span class=\"vcard rich-snippet-hidden\"><span class=\"fn\"><a href=\"https:\/\/miomicon.com\/fr\/author\/miomicon\/\" title=\"Articles par miomicon\" rel=\"author\">miomicon<\/a><\/span><\/span><span class=\"updated rich-snippet-hidden\">2026-02-15T11:09:22+08:00<\/span><div class=\"panel-heading\"><h4 id=\"faq_1-4220\" class=\"panel-title toggle\"><a data-toggle=\"collapse\" class=\"collapsed\" data-parent=\"#accordian-1\" data-target=\"#collapse-1-4220\" href=\"#collapse-1-4220\" aria-expanded=\"false\"><div class=\"fusion-toggle-icon-wrapper\"><div class=\"fusion-toggle-icon-wrapper-main\"><div class=\"fusion-toggle-icon-wrapper-sub\"><i class=\"fa-fusion-box active-icon awb-icon-minus\" aria-hidden=\"true\"><\/i><i class=\"fa-fusion-box inactive-icon awb-icon-plus\" aria-hidden=\"true\"><\/i><\/div><\/div><\/div><div class=\"fusion-toggle-heading\">Quel est votre d\u00e9lai de livraison et vos modalit\u00e9s d&rsquo;exp\u00e9dition ?<\/div><\/a><\/h4><\/div><div id=\"collapse-1-4220\" aria-labelledby=\"faq_1-4220\" class=\"panel-collapse collapse\"><div class=\"panel-body toggle-content post-content\"><p>Pour une commande de notre marque, le d\u00e9lai est de 7 jours maximum. Pour une commande de marque personnalis\u00e9e, le d\u00e9lai est de 20 jours maximum. Nous envoyons la plupart des colis par express ou conform\u00e9ment \u00e0 la demande des clients. <\/p>\n<\/div><\/div><\/div><div class=\"fusion-panel panel-default fusion-faq-post fusion-faq-post-4221 \"><span class=\"entry-title rich-snippet-hidden\">Quelles m\u00e9thodes de paiement acceptez &#8211; vous ?<\/span><span class=\"vcard rich-snippet-hidden\"><span class=\"fn\"><a href=\"https:\/\/miomicon.com\/fr\/author\/miomicon\/\" title=\"Articles par miomicon\" rel=\"author\">miomicon<\/a><\/span><\/span><span class=\"updated rich-snippet-hidden\">2026-02-15T11:09:20+08:00<\/span><div class=\"panel-heading\"><h4 id=\"faq_1-4221\" class=\"panel-title toggle\"><a data-toggle=\"collapse\" class=\"collapsed\" data-parent=\"#accordian-1\" data-target=\"#collapse-1-4221\" href=\"#collapse-1-4221\" aria-expanded=\"false\"><div class=\"fusion-toggle-icon-wrapper\"><div class=\"fusion-toggle-icon-wrapper-main\"><div class=\"fusion-toggle-icon-wrapper-sub\"><i class=\"fa-fusion-box active-icon awb-icon-minus\" aria-hidden=\"true\"><\/i><i class=\"fa-fusion-box inactive-icon awb-icon-plus\" aria-hidden=\"true\"><\/i><\/div><\/div><\/div><div class=\"fusion-toggle-heading\">Quelles m\u00e9thodes de paiement acceptez &#8211; vous ?<\/div><\/a><\/h4><\/div><div id=\"collapse-1-4221\" aria-labelledby=\"faq_1-4221\" class=\"panel-collapse collapse\"><div class=\"panel-body toggle-content post-content\"><p>La plupart de nos clients paient via virement bancaire (T\/T), PayPal, carte de cr\u00e9dit, Western Union, MoneyGram.<\/p>\n<\/div><\/div><\/div><div class=\"fusion-panel panel-default fusion-faq-post fusion-faq-post-4213 \"><span class=\"entry-title rich-snippet-hidden\">Acceptez &#8211; vous de commencer avec une petite quantit\u00e9 de commande ?<\/span><span class=\"vcard rich-snippet-hidden\"><span class=\"fn\"><a href=\"https:\/\/miomicon.com\/fr\/author\/miomicon\/\" title=\"Articles par miomicon\" rel=\"author\">miomicon<\/a><\/span><\/span><span class=\"updated rich-snippet-hidden\">2026-02-15T11:09:18+08:00<\/span><div class=\"panel-heading\"><h4 id=\"faq_1-4213\" class=\"panel-title toggle\"><a data-toggle=\"collapse\" class=\"collapsed\" data-parent=\"#accordian-1\" data-target=\"#collapse-1-4213\" href=\"#collapse-1-4213\" aria-expanded=\"false\"><div class=\"fusion-toggle-icon-wrapper\"><div class=\"fusion-toggle-icon-wrapper-main\"><div class=\"fusion-toggle-icon-wrapper-sub\"><i class=\"fa-fusion-box active-icon awb-icon-minus\" aria-hidden=\"true\"><\/i><i class=\"fa-fusion-box inactive-icon awb-icon-plus\" aria-hidden=\"true\"><\/i><\/div><\/div><\/div><div class=\"fusion-toggle-heading\">Acceptez &#8211; vous de commencer avec une petite quantit\u00e9 de commande ?<\/div><\/a><\/h4><\/div><div id=\"collapse-1-4213\" aria-labelledby=\"faq_1-4213\" class=\"panel-collapse collapse\"><div class=\"panel-body toggle-content post-content\"><p>Oui, nous aimerions beaucoup soutenir nos clients avec une petite quantit\u00e9 de commande.<\/p>\n<\/div><\/div><\/div><div class=\"fusion-panel panel-default fusion-faq-post fusion-faq-post-4214 \"><span class=\"entry-title rich-snippet-hidden\">Qu&rsquo;est &#8211; ce que les lentilles de contact OEM\/ODM ?<\/span><span class=\"vcard rich-snippet-hidden\"><span class=\"fn\"><a href=\"https:\/\/miomicon.com\/fr\/author\/miomicon\/\" title=\"Articles par miomicon\" rel=\"author\">miomicon<\/a><\/span><\/span><span class=\"updated rich-snippet-hidden\">2026-02-15T11:09:15+08:00<\/span><div class=\"panel-heading\"><h4 id=\"faq_1-4214\" class=\"panel-title toggle\"><a data-toggle=\"collapse\" class=\"collapsed\" data-parent=\"#accordian-1\" data-target=\"#collapse-1-4214\" href=\"#collapse-1-4214\" aria-expanded=\"false\"><div class=\"fusion-toggle-icon-wrapper\"><div class=\"fusion-toggle-icon-wrapper-main\"><div class=\"fusion-toggle-icon-wrapper-sub\"><i class=\"fa-fusion-box active-icon awb-icon-minus\" aria-hidden=\"true\"><\/i><i class=\"fa-fusion-box inactive-icon awb-icon-plus\" aria-hidden=\"true\"><\/i><\/div><\/div><\/div><div class=\"fusion-toggle-heading\">Qu&rsquo;est &#8211; ce que les lentilles de contact OEM\/ODM ?<\/div><\/a><\/h4><\/div><div id=\"collapse-1-4214\" aria-labelledby=\"faq_1-4214\" class=\"panel-collapse collapse\"><div class=\"panel-body toggle-content post-content\"><p>La production sous licence (OEM &#8211; original equipment manufacturer) des lentilles de contact signifie que l&rsquo;entreprise fabrique les lentilles de contact, mais que les produits sont commercialis\u00e9s par une autre soci\u00e9t\u00e9 commerciale ou d\u00e9taillant. La production OEM des lentilles de contact ne se concentre que sur la fabrication et non sur le march\u00e9. L&rsquo;objectif de l&rsquo;entreprise est de produire des produits de haute qualit\u00e9 qui r\u00e9pondent aux besoins des commer\u00e7ants et des clients.<\/p>\n<p>La production ODM (original design manufacturer) de lentilles de contact d\u00e9signe une entreprise qui aide certaines entreprises \u00e0 concevoir et fabriquer des lentilles de contact.<\/p>\n<p>En g\u00e9n\u00e9ral, une entreprise capable de fournir des services OEM\/ODM doit avoir suffisamment de capacit\u00e9 de conception et de d\u00e9veloppement.<\/p>\n<p>En tant que fabricant de lentilles de contact de marque, Miomi peut vous aider \u00e0 personnaliser le motif des lentilles, l&#8217;emballage des lentilles et le logo de l&rsquo;entreprise.<\/p>\n<p>&nbsp;<\/p>\n<\/div><\/div><\/div><div class=\"fusion-panel panel-default fusion-faq-post fusion-faq-post-4216 \"><span class=\"entry-title rich-snippet-hidden\">Quantit\u00e9 minimum de commande pour les lentilles de contact ?<\/span><span class=\"vcard rich-snippet-hidden\"><span class=\"fn\"><a href=\"https:\/\/miomicon.com\/fr\/author\/miomicon\/\" title=\"Articles par miomicon\" rel=\"author\">miomicon<\/a><\/span><\/span><span class=\"updated rich-snippet-hidden\">2026-02-15T11:09:15+08:00<\/span><div class=\"panel-heading\"><h4 id=\"faq_1-4216\" class=\"panel-title toggle\"><a data-toggle=\"collapse\" class=\"collapsed\" data-parent=\"#accordian-1\" data-target=\"#collapse-1-4216\" href=\"#collapse-1-4216\" aria-expanded=\"false\"><div class=\"fusion-toggle-icon-wrapper\"><div class=\"fusion-toggle-icon-wrapper-main\"><div class=\"fusion-toggle-icon-wrapper-sub\"><i class=\"fa-fusion-box active-icon awb-icon-minus\" aria-hidden=\"true\"><\/i><i class=\"fa-fusion-box inactive-icon awb-icon-plus\" aria-hidden=\"true\"><\/i><\/div><\/div><\/div><div class=\"fusion-toggle-heading\">Quantit\u00e9 minimum de commande pour les lentilles de contact ?<\/div><\/a><\/h4><\/div><div id=\"collapse-1-4216\" aria-labelledby=\"faq_1-4216\" class=\"panel-collapse collapse\"><div class=\"panel-body toggle-content post-content\"><p>Si vous faites fabriquer en OEM\/ODM des lentilles de contact annuelles pour votre propre marque, vous devez commander au moins 1000 paires de lentilles de contact, tandis que pour les lentilles de la marque Miomi, la quantit\u00e9 minimum de commande (QMC) est de seulement 50 paires.<\/p>\n<p>Si vous faites fabriquer en OEM\/ODM des lentilles de contact journali\u00e8res pour votre propre marque, vous devez commander 500 bo\u00eetes de chaque couleur, soit au moins 10 000 bo\u00eetes au total avec \u00e9tiquette en feuille d&rsquo;aluminium.<\/p>\n<p>Si vous ne pouvez pas commander 10 000 bo\u00eetes avec \u00e9tiquette en feuille d&rsquo;aluminium, nous vous recommandons de commander des \u00e9tiquettes en papier avec une quantit\u00e9 de 1000 bo\u00eetes.<\/p>\n<\/div><\/div><\/div><div class=\"fusion-panel panel-default fusion-faq-post fusion-faq-post-4215 \"><span class=\"entry-title rich-snippet-hidden\">Quel est le processus de traitement des commandes OEM ?<\/span><span class=\"vcard rich-snippet-hidden\"><span class=\"fn\"><a href=\"https:\/\/miomicon.com\/fr\/author\/miomicon\/\" title=\"Articles par miomicon\" rel=\"author\">miomicon<\/a><\/span><\/span><span class=\"updated rich-snippet-hidden\">2026-02-15T11:08:53+08:00<\/span><div class=\"panel-heading\"><h4 id=\"faq_1-4215\" class=\"panel-title toggle\"><a data-toggle=\"collapse\" class=\"collapsed\" data-parent=\"#accordian-1\" data-target=\"#collapse-1-4215\" href=\"#collapse-1-4215\" aria-expanded=\"false\"><div class=\"fusion-toggle-icon-wrapper\"><div class=\"fusion-toggle-icon-wrapper-main\"><div class=\"fusion-toggle-icon-wrapper-sub\"><i class=\"fa-fusion-box active-icon awb-icon-minus\" aria-hidden=\"true\"><\/i><i class=\"fa-fusion-box inactive-icon awb-icon-plus\" aria-hidden=\"true\"><\/i><\/div><\/div><\/div><div class=\"fusion-toggle-heading\">Quel est le processus de traitement des commandes OEM ?<\/div><\/a><\/h4><\/div><div id=\"collapse-1-4215\" aria-labelledby=\"faq_1-4215\" class=\"panel-collapse collapse\"><div class=\"panel-body toggle-content post-content\"><p>Premi\u00e8rement, veuillez nous indiquer votre quantit\u00e9 et le croquis de la conception d&#8217;emballage si vous en avez. Nous facturons 30 % de la somme due \u00e0 titre de acompte, et le solde de 70 % est payable avant l&rsquo;exp\u00e9dition. <\/p>\n<\/div><\/div><\/div><div class=\"fusion-panel panel-default fusion-faq-post fusion-faq-post-4217 \"><span class=\"entry-title rich-snippet-hidden\">Puis &#8211; je commander des \u00e9chantillons pour les tester ?<\/span><span class=\"vcard rich-snippet-hidden\"><span class=\"fn\"><a href=\"https:\/\/miomicon.com\/fr\/author\/miomicon\/\" title=\"Articles par miomicon\" rel=\"author\">miomicon<\/a><\/span><\/span><span class=\"updated rich-snippet-hidden\">2026-02-15T11:08:58+08:00<\/span><div class=\"panel-heading\"><h4 id=\"faq_1-4217\" class=\"panel-title toggle\"><a data-toggle=\"collapse\" class=\"collapsed\" data-parent=\"#accordian-1\" data-target=\"#collapse-1-4217\" href=\"#collapse-1-4217\" aria-expanded=\"false\"><div class=\"fusion-toggle-icon-wrapper\"><div class=\"fusion-toggle-icon-wrapper-main\"><div class=\"fusion-toggle-icon-wrapper-sub\"><i class=\"fa-fusion-box active-icon awb-icon-minus\" aria-hidden=\"true\"><\/i><i class=\"fa-fusion-box inactive-icon awb-icon-plus\" aria-hidden=\"true\"><\/i><\/div><\/div><\/div><div class=\"fusion-toggle-heading\">Puis &#8211; je commander des \u00e9chantillons pour les tester ?<\/div><\/a><\/h4><\/div><div id=\"collapse-1-4217\" aria-labelledby=\"faq_1-4217\" class=\"panel-collapse collapse\"><div class=\"panel-body toggle-content post-content\"><p>Oui, nous pouvons vous aider \u00e0 cr\u00e9er votre marque de lentilles de contact en personnalisant le logo et l&#8217;emballage pour vous. Nous disposons d&rsquo;une \u00e9quipe d&rsquo;assistance \u00e0 la marque mature pour les clients de lentilles de contact color\u00e9es. N&rsquo;h\u00e9sitez pas \u00e0 nous contacter.  <\/p>\n<\/div><\/div><\/div><div class=\"fusion-panel panel-default fusion-faq-post fusion-faq-post-4218 \"><span class=\"entry-title rich-snippet-hidden\">Je veux cr\u00e9er ma marque de lentilles de contact, pouvez &#8211; vous m&rsquo;aider ?<\/span><span class=\"vcard rich-snippet-hidden\"><span class=\"fn\"><a href=\"https:\/\/miomicon.com\/fr\/author\/miomicon\/\" title=\"Articles par miomicon\" rel=\"author\">miomicon<\/a><\/span><\/span><span class=\"updated rich-snippet-hidden\">2026-02-15T11:08:56+08:00<\/span><div class=\"panel-heading\"><h4 id=\"faq_1-4218\" class=\"panel-title toggle\"><a data-toggle=\"collapse\" class=\"collapsed\" data-parent=\"#accordian-1\" data-target=\"#collapse-1-4218\" href=\"#collapse-1-4218\" aria-expanded=\"false\"><div class=\"fusion-toggle-icon-wrapper\"><div class=\"fusion-toggle-icon-wrapper-main\"><div class=\"fusion-toggle-icon-wrapper-sub\"><i class=\"fa-fusion-box active-icon awb-icon-minus\" aria-hidden=\"true\"><\/i><i class=\"fa-fusion-box inactive-icon awb-icon-plus\" aria-hidden=\"true\"><\/i><\/div><\/div><\/div><div class=\"fusion-toggle-heading\">Je veux cr\u00e9er ma marque de lentilles de contact, pouvez &#8211; vous m&rsquo;aider ?<\/div><\/a><\/h4><\/div><div id=\"collapse-1-4218\" aria-labelledby=\"faq_1-4218\" class=\"panel-collapse collapse\"><div class=\"panel-body toggle-content post-content\"><p>Contactez notre vendeuse, elle vous aidera \u00e9tape par \u00e9tape.<\/p>\n<\/div><\/div><\/div><div class=\"fusion-panel panel-default fusion-faq-post fusion-faq-post-4210 \"><span class=\"entry-title rich-snippet-hidden\">Qu&rsquo;en est-il de votre service apr\u00e8s-vente pour le produit ?<\/span><span class=\"vcard rich-snippet-hidden\"><span class=\"fn\"><a href=\"https:\/\/miomicon.com\/fr\/author\/miomicon\/\" title=\"Articles par miomicon\" rel=\"author\">miomicon<\/a><\/span><\/span><span class=\"updated rich-snippet-hidden\">2026-02-15T11:08:50+08:00<\/span><div class=\"panel-heading\"><h4 id=\"faq_1-4210\" class=\"panel-title toggle\"><a data-toggle=\"collapse\" class=\"collapsed\" data-parent=\"#accordian-1\" data-target=\"#collapse-1-4210\" href=\"#collapse-1-4210\" aria-expanded=\"false\"><div class=\"fusion-toggle-icon-wrapper\"><div class=\"fusion-toggle-icon-wrapper-main\"><div class=\"fusion-toggle-icon-wrapper-sub\"><i class=\"fa-fusion-box active-icon awb-icon-minus\" aria-hidden=\"true\"><\/i><i class=\"fa-fusion-box inactive-icon awb-icon-plus\" aria-hidden=\"true\"><\/i><\/div><\/div><\/div><div class=\"fusion-toggle-heading\">Qu&rsquo;en est-il de votre service apr\u00e8s-vente pour le produit ?<\/div><\/a><\/h4><\/div><div id=\"collapse-1-4210\" aria-labelledby=\"faq_1-4210\" class=\"panel-collapse collapse\"><div class=\"panel-body toggle-content post-content\"><p>Si le probl\u00e8me des marchandises provient de notre c\u00f4t\u00e9, nous serons responsables de fournir un retour dans 1 &#8211; 2 jours ouvrables et d&rsquo;effectuer un remboursement en 1 semaine.<\/p>\n<\/div><\/div><\/div><div class=\"fusion-panel panel-default fusion-faq-post fusion-faq-post-4199 \"><span class=\"entry-title rich-snippet-hidden\">Comment obtenir le service de lentilles de contact OEM\/ODM?<\/span><span class=\"vcard rich-snippet-hidden\"><span class=\"fn\"><a href=\"https:\/\/miomicon.com\/fr\/author\/miomicon\/\" title=\"Articles par miomicon\" rel=\"author\">miomicon<\/a><\/span><\/span><span class=\"updated rich-snippet-hidden\">2025-11-10T17:23:42+08:00<\/span><div class=\"panel-heading\"><h4 id=\"faq_1-4199\" class=\"panel-title toggle\"><a data-toggle=\"collapse\" class=\"collapsed\" data-parent=\"#accordian-1\" data-target=\"#collapse-1-4199\" href=\"#collapse-1-4199\" aria-expanded=\"false\"><div class=\"fusion-toggle-icon-wrapper\"><div class=\"fusion-toggle-icon-wrapper-main\"><div class=\"fusion-toggle-icon-wrapper-sub\"><i class=\"fa-fusion-box active-icon awb-icon-minus\" aria-hidden=\"true\"><\/i><i class=\"fa-fusion-box inactive-icon awb-icon-plus\" aria-hidden=\"true\"><\/i><\/div><\/div><\/div><div class=\"fusion-toggle-heading\">Comment obtenir le service de lentilles de contact OEM\/ODM?<\/div><\/a><\/h4><\/div><div id=\"collapse-1-4199\" aria-labelledby=\"faq_1-4199\" class=\"panel-collapse collapse\"><div class=\"panel-body toggle-content post-content\"><p>Si vous souhaitez b\u00e9n\u00e9ficier de notre service OEM\/ODM, veuillez nous contacter par e-mail ou via WhatsApp.<\/p>\n<p>Les choses que vous devriez savoir avant de recevoir nos services ODM\/OEM<\/p>\n<p>1.Il suffit que vous nous disiez vos besoins sur ce que vous voulez. Nous pouvons personnaliser la meilleure conception pour vous, y compris le logo, le style de lentilles de contact, l&#8217;emballage des lentilles de contact. Vous pouvez consulter notre catalogue de lentilles de contact.<\/p>\n<p>2. Nous discuterons de la possible mise en \u0153uvre du programme, apr\u00e8s des discussions approfondies. Ensuite, nous \u00e9laborerons le plan de production.<\/p>\n<p>3.Nous ferons une offre raisonnable en fonction de la difficult\u00e9 du programme et de la quantit\u00e9 de vos produits.<\/p>\n<p>4. La phase de conception et de production du produit. Pendant ce temps, nous vous fournirons des retours et le processus de production.<\/p>\n<p>5. Nous vous promettons que le produit passera le test de qualit\u00e9 et que finalement, nous vous livrerons l&rsquo;\u00e9chantillon jusqu&rsquo;\u00e0 ce que vous soyez satisfait.<\/p>\n<\/div><\/div><\/div><div class=\"fusion-panel panel-default fusion-faq-post fusion-faq-post-4076 \"><span class=\"entry-title rich-snippet-hidden\">Le processus de lentilles de contact OEM\/ODM \uff1f<\/span><span class=\"vcard rich-snippet-hidden\"><span class=\"fn\"><a href=\"https:\/\/miomicon.com\/fr\/author\/miomicon\/\" title=\"Articles par miomicon\" rel=\"author\">miomicon<\/a><\/span><\/span><span class=\"updated rich-snippet-hidden\">2026-02-15T11:01:37+08:00<\/span><div class=\"panel-heading\"><h4 id=\"faq_1-4076\" class=\"panel-title toggle\"><a data-toggle=\"collapse\" class=\"collapsed\" data-parent=\"#accordian-1\" data-target=\"#collapse-1-4076\" href=\"#collapse-1-4076\" aria-expanded=\"false\"><div class=\"fusion-toggle-icon-wrapper\"><div class=\"fusion-toggle-icon-wrapper-main\"><div class=\"fusion-toggle-icon-wrapper-sub\"><i class=\"fa-fusion-box active-icon awb-icon-minus\" aria-hidden=\"true\"><\/i><i class=\"fa-fusion-box inactive-icon awb-icon-plus\" aria-hidden=\"true\"><\/i><\/div><\/div><\/div><div class=\"fusion-toggle-heading\">Le processus de lentilles de contact OEM\/ODM \uff1f<\/div><\/a><\/h4><\/div><div id=\"collapse-1-4076\" aria-labelledby=\"faq_1-4076\" class=\"panel-collapse collapse\"><div class=\"panel-body toggle-content post-content\"><p>1. D\u00e9tails de l&rsquo;offre client<\/p>\n<p>2. Discussion sur les exigences<\/p>\n<p>3. Calendrier et devis<\/p>\n<p>4. Confirmation et accord<\/p>\n<p>5. verser un acompte de 30 %<\/p>\n<p>6. Conception et v\u00e9rification des moules<\/p>\n<p>7. Le client re\u00e7oit un \u00e9chantillon et teste l&rsquo;\u00e9chantillon de lentilles de contact.<\/p>\n<p>8. Confirmer l&rsquo;\u00e9chantillon jusqu&rsquo;\u00e0 ce que le client soit satisfait.<\/p>\n<p>9. Production en s\u00e9rie de lentilles de contact<\/p>\n<\/div><\/div><\/div><\/div><\/div><\/div><\/div><\/div><\/div><\/div><\/div>\n","protected":false},"excerpt":{"rendered":"","protected":false},"author":1,"featured_media":0,"parent":0,"menu_order":0,"comment_status":"closed","ping_status":"closed","template":"100-width.php","meta":{"footnotes":""},"class_list":["post-4197","page","type-page","status-publish","hentry"],"_links":{"self":[{"href":"https:\/\/miomicon.com\/fr\/wp-json\/wp\/v2\/pages\/4197","targetHints":{"allow":["GET"]}}],"collection":[{"href":"https:\/\/miomicon.com\/fr\/wp-json\/wp\/v2\/pages"}],"about":[{"href":"https:\/\/miomicon.com\/fr\/wp-json\/wp\/v2\/types\/page"}],"author":[{"embeddable":true,"href":"https:\/\/miomicon.com\/fr\/wp-json\/wp\/v2\/users\/1"}],"replies":[{"embeddable":true,"href":"https:\/\/miomicon.com\/fr\/wp-json\/wp\/v2\/comments?post=4197"}],"version-history":[{"count":0,"href":"https:\/\/miomicon.com\/fr\/wp-json\/wp\/v2\/pages\/4197\/revisions"}],"wp:attachment":[{"href":"https:\/\/miomicon.com\/fr\/wp-json\/wp\/v2\/media?parent=4197"}],"curies":[{"name":"wp","href":"https:\/\/api.w.org\/{rel}","templated":true}]}}