{"id":14112,"date":"2025-11-04T09:37:22","date_gmt":"2025-11-04T01:37:22","guid":{"rendered":"https:\/\/miomicon.com\/product\/lentes-de-contacto-para-disfraces-blackout-y-whiteout\/"},"modified":"2025-11-04T09:37:22","modified_gmt":"2025-11-04T01:37:22","slug":"lentes-de-contacto-para-disfraces-blackout-y-whiteout","status":"publish","type":"product","link":"https:\/\/miomicon.com\/es\/producto\/lentes-de-contacto-para-disfraces-blackout-y-whiteout\/","title":{"rendered":"Lentes de contacto para disfraces \u00abBlackout\u00bb y \u00abWhiteout\u00bb"},"content":{"rendered":"<div class=\"table-1\">\n<table style=\"height: 100%px;\" width=\"100%\">\n<tbody>\n<tr>\n<td>Material: HEMA<\/td>\n<td>Lente sin rigidez: blanda<\/td>\n<\/tr>\n<tr>\n<td>Di\u00e1metro: <strong>14,0 mm<\/strong><\/td>\n<td>Tono: <strong>1<\/strong><\/td>\n<\/tr>\n<tr>\n<td>Espesor central: 0,08 mm<\/td>\n<p>C<\/p>\n<td>urvatura base: 8,6 mm<\/td>\n<\/tr>\n<tr>\n<td>Desechable: <strong>Anual<\/strong><\/td>\n<td>Vida \u00fatil: <strong>5 a\u00f1os<\/strong><\/td>\n<\/tr>\n<tr>\n<td>Potencia: <strong>0,00 ~ -8,00<\/strong><\/td>\n<td>Contenido de agua: <strong>40 %<\/strong><\/td>\n<\/tr>\n<tr>\n<td>Lugar de origen: China, Corea<\/td>\n<td>Embalaje: Bl\u00edster (2 unidades por caja)<\/td>\n<\/tr>\n<tr>\n<td colspan=\"2\">Variantes de color (<strong>8<\/strong> disponibles): <strong>Blanco total<\/strong>, <strong>Malla blanca total<\/strong>, <strong>Negro opaco<\/strong>, <strong>Negro total<\/strong>, <strong>Rojo total<\/strong>, <strong>Yellowout<\/strong>, <strong>Blueout<\/strong>, <strong>Greenout<\/strong><\/td>\n<\/tr>\n<\/tbody>\n<\/table>\n<\/div>\n<p>&nbsp;<\/p>\n<p><img decoding=\"async\" class=\"lazyload alignnone size-full wp-image-3394\" src=\"https:\/\/miomicon.com\/wp-content\/uploads\/2025\/11\/DM_20251031131555_001.jpeg\" data-orig-src=\"https:\/\/miomicon.com\/wp-content\/uploads\/2025\/11\/DM_20251031131555_001.jpeg\" alt=\"\" width=\"1080\" height=\"1080\" srcset=\"data:image\/svg+xml,%3Csvg%20xmlns%3D%27http%3A%2F%2Fwww.w3.org%2F2000%2Fsvg%27%20width%3D%271080%27%20height%3D%271080%27%20viewBox%3D%270%200%201080%201080%27%3E%3Crect%20width%3D%271080%27%20height%3D%271080%27%20fill-opacity%3D%220%22%2F%3E%3C%2Fsvg%3E\" data-srcset=\"https:\/\/miomicon.com\/wp-content\/uploads\/2025\/11\/DM_20251031131555_001-66x66.jpeg 66w, https:\/\/miomicon.com\/wp-content\/uploads\/2025\/11\/DM_20251031131555_001-150x150.jpeg 150w, https:\/\/miomicon.com\/wp-content\/uploads\/2025\/11\/DM_20251031131555_001-200x200.jpeg 200w, https:\/\/miomicon.com\/wp-content\/uploads\/2025\/11\/DM_20251031131555_001-300x300.jpeg 300w, https:\/\/miomicon.com\/wp-content\/uploads\/2025\/11\/DM_20251031131555_001-400x400.jpeg 400w, https:\/\/miomicon.com\/wp-content\/uploads\/2025\/11\/DM_20251031131555_001-500x500.jpeg 500w, https:\/\/miomicon.com\/wp-content\/uploads\/2025\/11\/DM_20251031131555_001-600x600.jpeg 600w, https:\/\/miomicon.com\/wp-content\/uploads\/2025\/11\/DM_20251031131555_001-700x700.jpeg 700w, https:\/\/miomicon.com\/wp-content\/uploads\/2025\/11\/DM_20251031131555_001-768x768.jpeg 768w, https:\/\/miomicon.com\/wp-content\/uploads\/2025\/11\/DM_20251031131555_001-800x800.jpeg 800w, https:\/\/miomicon.com\/wp-content\/uploads\/2025\/11\/DM_20251031131555_001-1024x1024.jpeg 1024w, https:\/\/miomicon.com\/wp-content\/uploads\/2025\/11\/DM_20251031131555_001.jpeg 1080w\" data-sizes=\"auto\" data-orig-sizes=\"(max-width: 1080px) 100vw, 1080px\" \/> <img decoding=\"async\" class=\"lazyload alignnone size-full wp-image-3395\" src=\"https:\/\/miomicon.com\/wp-content\/uploads\/2025\/11\/DM_20251031131555_002.jpeg\" data-orig-src=\"https:\/\/miomicon.com\/wp-content\/uploads\/2025\/11\/DM_20251031131555_002.jpeg\" alt=\"\" width=\"1080\" height=\"1080\" srcset=\"data:image\/svg+xml,%3Csvg%20xmlns%3D%27http%3A%2F%2Fwww.w3.org%2F2000%2Fsvg%27%20width%3D%271080%27%20height%3D%271080%27%20viewBox%3D%270%200%201080%201080%27%3E%3Crect%20width%3D%271080%27%20height%3D%271080%27%20fill-opacity%3D%220%22%2F%3E%3C%2Fsvg%3E\" data-srcset=\"https:\/\/miomicon.com\/wp-content\/uploads\/2025\/11\/DM_20251031131555_002-66x66.jpeg 66w, https:\/\/miomicon.com\/wp-content\/uploads\/2025\/11\/DM_20251031131555_002-150x150.jpeg 150w, https:\/\/miomicon.com\/wp-content\/uploads\/2025\/11\/DM_20251031131555_002-200x200.jpeg 200w, https:\/\/miomicon.com\/wp-content\/uploads\/2025\/11\/DM_20251031131555_002-300x300.jpeg 300w, https:\/\/miomicon.com\/wp-content\/uploads\/2025\/11\/DM_20251031131555_002-400x400.jpeg 400w, https:\/\/miomicon.com\/wp-content\/uploads\/2025\/11\/DM_20251031131555_002-500x500.jpeg 500w, https:\/\/miomicon.com\/wp-content\/uploads\/2025\/11\/DM_20251031131555_002-600x600.jpeg 600w, https:\/\/miomicon.com\/wp-content\/uploads\/2025\/11\/DM_20251031131555_002-700x700.jpeg 700w, https:\/\/miomicon.com\/wp-content\/uploads\/2025\/11\/DM_20251031131555_002-768x768.jpeg 768w, https:\/\/miomicon.com\/wp-content\/uploads\/2025\/11\/DM_20251031131555_002-800x800.jpeg 800w, https:\/\/miomicon.com\/wp-content\/uploads\/2025\/11\/DM_20251031131555_002-1024x1024.jpeg 1024w, https:\/\/miomicon.com\/wp-content\/uploads\/2025\/11\/DM_20251031131555_002.jpeg 1080w\" data-sizes=\"auto\" data-orig-sizes=\"(max-width: 1080px) 100vw, 1080px\" \/> <img decoding=\"async\" class=\"lazyload alignnone size-full wp-image-3396\" src=\"https:\/\/miomicon.com\/wp-content\/uploads\/2025\/11\/DM_20251031131555_003.jpeg\" data-orig-src=\"https:\/\/miomicon.com\/wp-content\/uploads\/2025\/11\/DM_20251031131555_003.jpeg\" alt=\"\" width=\"1080\" height=\"1080\" srcset=\"data:image\/svg+xml,%3Csvg%20xmlns%3D%27http%3A%2F%2Fwww.w3.org%2F2000%2Fsvg%27%20width%3D%271080%27%20height%3D%271080%27%20viewBox%3D%270%200%201080%201080%27%3E%3Crect%20width%3D%271080%27%20height%3D%271080%27%20fill-opacity%3D%220%22%2F%3E%3C%2Fsvg%3E\" data-srcset=\"https:\/\/miomicon.com\/wp-content\/uploads\/2025\/11\/DM_20251031131555_003-66x66.jpeg 66w, https:\/\/miomicon.com\/wp-content\/uploads\/2025\/11\/DM_20251031131555_003-150x150.jpeg 150w, https:\/\/miomicon.com\/wp-content\/uploads\/2025\/11\/DM_20251031131555_003-200x200.jpeg 200w, https:\/\/miomicon.com\/wp-content\/uploads\/2025\/11\/DM_20251031131555_003-300x300.jpeg 300w, https:\/\/miomicon.com\/wp-content\/uploads\/2025\/11\/DM_20251031131555_003-400x400.jpeg 400w, https:\/\/miomicon.com\/wp-content\/uploads\/2025\/11\/DM_20251031131555_003-500x500.jpeg 500w, https:\/\/miomicon.com\/wp-content\/uploads\/2025\/11\/DM_20251031131555_003-600x600.jpeg 600w, https:\/\/miomicon.com\/wp-content\/uploads\/2025\/11\/DM_20251031131555_003-700x700.jpeg 700w, https:\/\/miomicon.com\/wp-content\/uploads\/2025\/11\/DM_20251031131555_003-768x768.jpeg 768w, https:\/\/miomicon.com\/wp-content\/uploads\/2025\/11\/DM_20251031131555_003-800x800.jpeg 800w, https:\/\/miomicon.com\/wp-content\/uploads\/2025\/11\/DM_20251031131555_003-1024x1024.jpeg 1024w, https:\/\/miomicon.com\/wp-content\/uploads\/2025\/11\/DM_20251031131555_003.jpeg 1080w\" data-sizes=\"auto\" data-orig-sizes=\"(max-width: 1080px) 100vw, 1080px\" \/> <img decoding=\"async\" class=\"lazyload alignnone size-full wp-image-3397\" src=\"https:\/\/miomicon.com\/wp-content\/uploads\/2025\/11\/DM_20251031131555_004.jpeg\" data-orig-src=\"https:\/\/miomicon.com\/wp-content\/uploads\/2025\/11\/DM_20251031131555_004.jpeg\" alt=\"\" width=\"1080\" height=\"1080\" srcset=\"data:image\/svg+xml,%3Csvg%20xmlns%3D%27http%3A%2F%2Fwww.w3.org%2F2000%2Fsvg%27%20width%3D%271080%27%20height%3D%271080%27%20viewBox%3D%270%200%201080%201080%27%3E%3Crect%20width%3D%271080%27%20height%3D%271080%27%20fill-opacity%3D%220%22%2F%3E%3C%2Fsvg%3E\" data-srcset=\"https:\/\/miomicon.com\/wp-content\/uploads\/2025\/11\/DM_20251031131555_004-66x66.jpeg 66w, https:\/\/miomicon.com\/wp-content\/uploads\/2025\/11\/DM_20251031131555_004-150x150.jpeg 150w, https:\/\/miomicon.com\/wp-content\/uploads\/2025\/11\/DM_20251031131555_004-200x200.jpeg 200w, https:\/\/miomicon.com\/wp-content\/uploads\/2025\/11\/DM_20251031131555_004-300x300.jpeg 300w, https:\/\/miomicon.com\/wp-content\/uploads\/2025\/11\/DM_20251031131555_004-400x400.jpeg 400w, https:\/\/miomicon.com\/wp-content\/uploads\/2025\/11\/DM_20251031131555_004-500x500.jpeg 500w, https:\/\/miomicon.com\/wp-content\/uploads\/2025\/11\/DM_20251031131555_004-600x600.jpeg 600w, https:\/\/miomicon.com\/wp-content\/uploads\/2025\/11\/DM_20251031131555_004-700x700.jpeg 700w, https:\/\/miomicon.com\/wp-content\/uploads\/2025\/11\/DM_20251031131555_004-768x768.jpeg 768w, https:\/\/miomicon.com\/wp-content\/uploads\/2025\/11\/DM_20251031131555_004-800x800.jpeg 800w, https:\/\/miomicon.com\/wp-content\/uploads\/2025\/11\/DM_20251031131555_004-1024x1024.jpeg 1024w, https:\/\/miomicon.com\/wp-content\/uploads\/2025\/11\/DM_20251031131555_004.jpeg 1080w\" data-sizes=\"auto\" data-orig-sizes=\"(max-width: 1080px) 100vw, 1080px\" \/> <img decoding=\"async\" class=\"lazyload alignnone size-full wp-image-3398\" src=\"https:\/\/miomicon.com\/wp-content\/uploads\/2025\/11\/DM_20251031131555_005.jpeg\" data-orig-src=\"https:\/\/miomicon.com\/wp-content\/uploads\/2025\/11\/DM_20251031131555_005.jpeg\" alt=\"\" width=\"1080\" height=\"1080\" srcset=\"data:image\/svg+xml,%3Csvg%20xmlns%3D%27http%3A%2F%2Fwww.w3.org%2F2000%2Fsvg%27%20width%3D%271080%27%20height%3D%271080%27%20viewBox%3D%270%200%201080%201080%27%3E%3Crect%20width%3D%271080%27%20height%3D%271080%27%20fill-opacity%3D%220%22%2F%3E%3C%2Fsvg%3E\" data-srcset=\"https:\/\/miomicon.com\/wp-content\/uploads\/2025\/11\/DM_20251031131555_005-66x66.jpeg 66w, https:\/\/miomicon.com\/wp-content\/uploads\/2025\/11\/DM_20251031131555_005-150x150.jpeg 150w, https:\/\/miomicon.com\/wp-content\/uploads\/2025\/11\/DM_20251031131555_005-200x200.jpeg 200w, https:\/\/miomicon.com\/wp-content\/uploads\/2025\/11\/DM_20251031131555_005-300x300.jpeg 300w, https:\/\/miomicon.com\/wp-content\/uploads\/2025\/11\/DM_20251031131555_005-400x400.jpeg 400w, https:\/\/miomicon.com\/wp-content\/uploads\/2025\/11\/DM_20251031131555_005-500x500.jpeg 500w, https:\/\/miomicon.com\/wp-content\/uploads\/2025\/11\/DM_20251031131555_005-600x600.jpeg 600w, https:\/\/miomicon.com\/wp-content\/uploads\/2025\/11\/DM_20251031131555_005-700x700.jpeg 700w, https:\/\/miomicon.com\/wp-content\/uploads\/2025\/11\/DM_20251031131555_005-768x768.jpeg 768w, https:\/\/miomicon.com\/wp-content\/uploads\/2025\/11\/DM_20251031131555_005-800x800.jpeg 800w, https:\/\/miomicon.com\/wp-content\/uploads\/2025\/11\/DM_20251031131555_005-1024x1024.jpeg 1024w, https:\/\/miomicon.com\/wp-content\/uploads\/2025\/11\/DM_20251031131555_005.jpeg 1080w\" data-sizes=\"auto\" data-orig-sizes=\"(max-width: 1080px) 100vw, 1080px\" \/> <img decoding=\"async\" class=\"lazyload alignnone size-full wp-image-3399\" src=\"https:\/\/miomicon.com\/wp-content\/uploads\/2025\/11\/DM_20251031131555_006.jpeg\" data-orig-src=\"https:\/\/miomicon.com\/wp-content\/uploads\/2025\/11\/DM_20251031131555_006.jpeg\" alt=\"\" width=\"1920\" height=\"1080\" srcset=\"data:image\/svg+xml,%3Csvg%20xmlns%3D%27http%3A%2F%2Fwww.w3.org%2F2000%2Fsvg%27%20width%3D%271920%27%20height%3D%271080%27%20viewBox%3D%270%200%201920%201080%27%3E%3Crect%20width%3D%271920%27%20height%3D%271080%27%20fill-opacity%3D%220%22%2F%3E%3C%2Fsvg%3E\" data-srcset=\"https:\/\/miomicon.com\/wp-content\/uploads\/2025\/11\/DM_20251031131555_006-200x113.jpeg 200w, https:\/\/miomicon.com\/wp-content\/uploads\/2025\/11\/DM_20251031131555_006-300x169.jpeg 300w, https:\/\/miomicon.com\/wp-content\/uploads\/2025\/11\/DM_20251031131555_006-400x225.jpeg 400w, https:\/\/miomicon.com\/wp-content\/uploads\/2025\/11\/DM_20251031131555_006-500x281.jpeg 500w, https:\/\/miomicon.com\/wp-content\/uploads\/2025\/11\/DM_20251031131555_006-600x338.jpeg 600w, https:\/\/miomicon.com\/wp-content\/uploads\/2025\/11\/DM_20251031131555_006-700x394.jpeg 700w, https:\/\/miomicon.com\/wp-content\/uploads\/2025\/11\/DM_20251031131555_006-768x432.jpeg 768w, https:\/\/miomicon.com\/wp-content\/uploads\/2025\/11\/DM_20251031131555_006-800x450.jpeg 800w, https:\/\/miomicon.com\/wp-content\/uploads\/2025\/11\/DM_20251031131555_006-1024x576.jpeg 1024w, https:\/\/miomicon.com\/wp-content\/uploads\/2025\/11\/DM_20251031131555_006-1200x675.jpeg 1200w, https:\/\/miomicon.com\/wp-content\/uploads\/2025\/11\/DM_20251031131555_006-1536x864.jpeg 1536w, https:\/\/miomicon.com\/wp-content\/uploads\/2025\/11\/DM_20251031131555_006.jpeg 1920w\" data-sizes=\"auto\" data-orig-sizes=\"(max-width: 1920px) 100vw, 1920px\" \/><\/p>\n","protected":false},"excerpt":{"rendered":"<section id=\"shopify-section-template--21670866813202__232202e0-17f7-490c-89f9-efd3202f04a4\" class=\"shopify-section section\">\n<div class=\"isolate\">\n<div class=\"rich-text content-container color-background-1 gradient rich-text--full-width content-container--full-width section-template--21670866813202__232202e0-17f7-490c-89f9-efd3202f04a4-padding\">\n<div class=\"rich-text__wrapper rich-text__wrapper--center page-width\">\n<div class=\"rich-text__blocks left\">\n<div class=\"rich-text__text rte scroll-trigger animate--slide-in\" data-cascade=\"\">\n<div class=\"metafield-rich_text_field\">\n<p>Mejora la gama de productos de temporada de tu negocio con nuestras din\u00e1micas lentillas de disfraz de Halloween, disponibles en negro y blanco. Ampl\u00eda a\u00fan m\u00e1s tu oferta con nuestra amplia variedad de colores espectaculares: amarillo, rojo, azul y verde, que se convertir\u00e1n al instante en las favoritas para crear una gran variedad de looks cautivadores. <\/p>\n<\/div>\n<\/div>\n<\/div>\n<\/div>\n<\/div>\n<\/div>\n<\/section>\n","protected":false},"featured_media":3394,"comment_status":"closed","ping_status":"closed","template":"","meta":[],"product_brand":[],"product_cat":[243],"product_tag":[],"class_list":{"0":"post-14112","1":"product","2":"type-product","3":"status-publish","4":"has-post-thumbnail","6":"product_cat-contactos-habituales-en-el-mercado-de-divisas","8":"first","9":"instock","10":"product-type-simple"},"_links":{"self":[{"href":"https:\/\/miomicon.com\/es\/wp-json\/wp\/v2\/product\/14112","targetHints":{"allow":["GET"]}}],"collection":[{"href":"https:\/\/miomicon.com\/es\/wp-json\/wp\/v2\/product"}],"about":[{"href":"https:\/\/miomicon.com\/es\/wp-json\/wp\/v2\/types\/product"}],"replies":[{"embeddable":true,"href":"https:\/\/miomicon.com\/es\/wp-json\/wp\/v2\/comments?post=14112"}],"wp:featuredmedia":[{"embeddable":true,"href":"https:\/\/miomicon.com\/es\/wp-json\/wp\/v2\/media\/3394"}],"wp:attachment":[{"href":"https:\/\/miomicon.com\/es\/wp-json\/wp\/v2\/media?parent=14112"}],"wp:term":[{"taxonomy":"product_brand","embeddable":true,"href":"https:\/\/miomicon.com\/es\/wp-json\/wp\/v2\/product_brand?post=14112"},{"taxonomy":"product_cat","embeddable":true,"href":"https:\/\/miomicon.com\/es\/wp-json\/wp\/v2\/product_cat?post=14112"},{"taxonomy":"product_tag","embeddable":true,"href":"https:\/\/miomicon.com\/es\/wp-json\/wp\/v2\/product_tag?post=14112"}],"curies":[{"name":"wp","href":"https:\/\/api.w.org\/{rel}","templated":true}]}}