{"id":13880,"date":"2025-11-03T16:37:16","date_gmt":"2025-11-03T08:37:16","guid":{"rendered":"https:\/\/miomicon.com\/product\/lentes-de-contacto-de-colores-sono\/"},"modified":"2025-11-03T16:37:16","modified_gmt":"2025-11-03T08:37:16","slug":"lentes-de-contacto-de-colores-sono","status":"publish","type":"product","link":"https:\/\/miomicon.com\/es\/producto\/lentes-de-contacto-de-colores-sono\/","title":{"rendered":"Lentes de contacto de colores Sono"},"content":{"rendered":"<div class=\"table-1\">\n<table style=\"height: 100%;\" width=\"100%\">\n<tbody>\n<tr>\n<td>Material: HEMA<\/td>\n<td>Lente sin rigidez: blanda<\/td>\n<\/tr>\n<tr>\n<td>Di\u00e1metro: 14,2 mm.<\/td>\n<td>Tono: 2\/3.<\/td>\n<\/tr>\n<tr>\n<td>Espesor central: 0,08 mm<\/td>\n<p>C<\/p>\n<td>urvatura base: 8,6 mm<\/td>\n<\/tr>\n<tr>\n<td>Desechabilidad: Anual<\/td>\n<td>Vida \u00fatil: 5 a\u00f1os<\/td>\n<\/tr>\n<tr>\n<td>Potencia: 0,00<\/td>\n<td>Contenido de agua: 40 %<\/td>\n<\/tr>\n<tr>\n<td>Lugar de origen: China, Corea<\/td>\n<td>Embalaje: Bl\u00edster (2 unidades por caja)<\/td>\n<\/tr>\n<tr>\n<td colspan=\"2\">Variantes de color (3 disponibles): <strong>Verde, azul, gris<\/strong><\/td>\n<\/tr>\n<\/tbody>\n<\/table>\n<\/div>\n<p>&nbsp;<\/p>\n<p>&nbsp;<\/p>\n<p><img decoding=\"async\" class=\"lazyload alignnone size-full wp-image-3173\" src=\"https:\/\/miomicon.com\/wp-content\/uploads\/2025\/11\/A-young-lady-showcasing-Sono-colored-contacts_-with.jpg\" data-orig-src=\"https:\/\/miomicon.com\/wp-content\/uploads\/2025\/11\/A-young-lady-showcasing-Sono-colored-contacts_-with.jpg\" alt=\"\" width=\"1080\" height=\"1080\" srcset=\"data:image\/svg+xml,%3Csvg%20xmlns%3D%27http%3A%2F%2Fwww.w3.org%2F2000%2Fsvg%27%20width%3D%271080%27%20height%3D%271080%27%20viewBox%3D%270%200%201080%201080%27%3E%3Crect%20width%3D%271080%27%20height%3D%271080%27%20fill-opacity%3D%220%22%2F%3E%3C%2Fsvg%3E\" data-srcset=\"https:\/\/miomicon.com\/wp-content\/uploads\/2025\/11\/A-young-lady-showcasing-Sono-colored-contacts_-with-66x66.jpg 66w, https:\/\/miomicon.com\/wp-content\/uploads\/2025\/11\/A-young-lady-showcasing-Sono-colored-contacts_-with-150x150.jpg 150w, https:\/\/miomicon.com\/wp-content\/uploads\/2025\/11\/A-young-lady-showcasing-Sono-colored-contacts_-with-200x200.jpg 200w, https:\/\/miomicon.com\/wp-content\/uploads\/2025\/11\/A-young-lady-showcasing-Sono-colored-contacts_-with-300x300.jpg 300w, https:\/\/miomicon.com\/wp-content\/uploads\/2025\/11\/A-young-lady-showcasing-Sono-colored-contacts_-with-400x400.jpg 400w, https:\/\/miomicon.com\/wp-content\/uploads\/2025\/11\/A-young-lady-showcasing-Sono-colored-contacts_-with-500x500.jpg 500w, https:\/\/miomicon.com\/wp-content\/uploads\/2025\/11\/A-young-lady-showcasing-Sono-colored-contacts_-with-600x600.jpg 600w, https:\/\/miomicon.com\/wp-content\/uploads\/2025\/11\/A-young-lady-showcasing-Sono-colored-contacts_-with-700x700.jpg 700w, https:\/\/miomicon.com\/wp-content\/uploads\/2025\/11\/A-young-lady-showcasing-Sono-colored-contacts_-with-768x768.jpg 768w, https:\/\/miomicon.com\/wp-content\/uploads\/2025\/11\/A-young-lady-showcasing-Sono-colored-contacts_-with-800x800.jpg 800w, https:\/\/miomicon.com\/wp-content\/uploads\/2025\/11\/A-young-lady-showcasing-Sono-colored-contacts_-with-1024x1024.jpg 1024w, https:\/\/miomicon.com\/wp-content\/uploads\/2025\/11\/A-young-lady-showcasing-Sono-colored-contacts_-with.jpg 1080w\" data-sizes=\"auto\" data-orig-sizes=\"(max-width: 1080px) 100vw, 1080px\" \/> <img decoding=\"async\" class=\"lazyload alignnone size-full wp-image-3169\" src=\"https:\/\/miomicon.com\/wp-content\/uploads\/2025\/11\/Grid-layout-of-Sono-Colored-Contacts-in-various_yyt.jpg\" data-orig-src=\"https:\/\/miomicon.com\/wp-content\/uploads\/2025\/11\/Grid-layout-of-Sono-Colored-Contacts-in-various_yyt.jpg\" alt=\"\" width=\"1080\" height=\"1080\" srcset=\"data:image\/svg+xml,%3Csvg%20xmlns%3D%27http%3A%2F%2Fwww.w3.org%2F2000%2Fsvg%27%20width%3D%271080%27%20height%3D%271080%27%20viewBox%3D%270%200%201080%201080%27%3E%3Crect%20width%3D%271080%27%20height%3D%271080%27%20fill-opacity%3D%220%22%2F%3E%3C%2Fsvg%3E\" data-srcset=\"https:\/\/miomicon.com\/wp-content\/uploads\/2025\/11\/Grid-layout-of-Sono-Colored-Contacts-in-various_yyt-66x66.jpg 66w, https:\/\/miomicon.com\/wp-content\/uploads\/2025\/11\/Grid-layout-of-Sono-Colored-Contacts-in-various_yyt-150x150.jpg 150w, https:\/\/miomicon.com\/wp-content\/uploads\/2025\/11\/Grid-layout-of-Sono-Colored-Contacts-in-various_yyt-200x200.jpg 200w, https:\/\/miomicon.com\/wp-content\/uploads\/2025\/11\/Grid-layout-of-Sono-Colored-Contacts-in-various_yyt-300x300.jpg 300w, https:\/\/miomicon.com\/wp-content\/uploads\/2025\/11\/Grid-layout-of-Sono-Colored-Contacts-in-various_yyt-400x400.jpg 400w, https:\/\/miomicon.com\/wp-content\/uploads\/2025\/11\/Grid-layout-of-Sono-Colored-Contacts-in-various_yyt-500x500.jpg 500w, https:\/\/miomicon.com\/wp-content\/uploads\/2025\/11\/Grid-layout-of-Sono-Colored-Contacts-in-various_yyt-600x600.jpg 600w, https:\/\/miomicon.com\/wp-content\/uploads\/2025\/11\/Grid-layout-of-Sono-Colored-Contacts-in-various_yyt-700x700.jpg 700w, https:\/\/miomicon.com\/wp-content\/uploads\/2025\/11\/Grid-layout-of-Sono-Colored-Contacts-in-various_yyt-768x768.jpg 768w, https:\/\/miomicon.com\/wp-content\/uploads\/2025\/11\/Grid-layout-of-Sono-Colored-Contacts-in-various_yyt-800x800.jpg 800w, https:\/\/miomicon.com\/wp-content\/uploads\/2025\/11\/Grid-layout-of-Sono-Colored-Contacts-in-various_yyt-1024x1024.jpg 1024w, https:\/\/miomicon.com\/wp-content\/uploads\/2025\/11\/Grid-layout-of-Sono-Colored-Contacts-in-various_yyt.jpg 1080w\" data-sizes=\"auto\" data-orig-sizes=\"(max-width: 1080px) 100vw, 1080px\" \/> <img decoding=\"async\" class=\"lazyload alignnone size-full wp-image-3174\" src=\"https:\/\/miomicon.com\/wp-content\/uploads\/2025\/11\/Grid-display-of-1-shade-of-Sono-colored-cont-1.jpg\" data-orig-src=\"https:\/\/miomicon.com\/wp-content\/uploads\/2025\/11\/Grid-display-of-1-shade-of-Sono-colored-cont-1.jpg\" alt=\"\" width=\"1080\" height=\"1080\" srcset=\"data:image\/svg+xml,%3Csvg%20xmlns%3D%27http%3A%2F%2Fwww.w3.org%2F2000%2Fsvg%27%20width%3D%271080%27%20height%3D%271080%27%20viewBox%3D%270%200%201080%201080%27%3E%3Crect%20width%3D%271080%27%20height%3D%271080%27%20fill-opacity%3D%220%22%2F%3E%3C%2Fsvg%3E\" data-srcset=\"https:\/\/miomicon.com\/wp-content\/uploads\/2025\/11\/Grid-display-of-1-shade-of-Sono-colored-cont-1-66x66.jpg 66w, https:\/\/miomicon.com\/wp-content\/uploads\/2025\/11\/Grid-display-of-1-shade-of-Sono-colored-cont-1-150x150.jpg 150w, https:\/\/miomicon.com\/wp-content\/uploads\/2025\/11\/Grid-display-of-1-shade-of-Sono-colored-cont-1-200x200.jpg 200w, https:\/\/miomicon.com\/wp-content\/uploads\/2025\/11\/Grid-display-of-1-shade-of-Sono-colored-cont-1-300x300.jpg 300w, https:\/\/miomicon.com\/wp-content\/uploads\/2025\/11\/Grid-display-of-1-shade-of-Sono-colored-cont-1-400x400.jpg 400w, https:\/\/miomicon.com\/wp-content\/uploads\/2025\/11\/Grid-display-of-1-shade-of-Sono-colored-cont-1-500x500.jpg 500w, https:\/\/miomicon.com\/wp-content\/uploads\/2025\/11\/Grid-display-of-1-shade-of-Sono-colored-cont-1-600x600.jpg 600w, https:\/\/miomicon.com\/wp-content\/uploads\/2025\/11\/Grid-display-of-1-shade-of-Sono-colored-cont-1-700x700.jpg 700w, https:\/\/miomicon.com\/wp-content\/uploads\/2025\/11\/Grid-display-of-1-shade-of-Sono-colored-cont-1-768x768.jpg 768w, https:\/\/miomicon.com\/wp-content\/uploads\/2025\/11\/Grid-display-of-1-shade-of-Sono-colored-cont-1-800x800.jpg 800w, https:\/\/miomicon.com\/wp-content\/uploads\/2025\/11\/Grid-display-of-1-shade-of-Sono-colored-cont-1-1024x1024.jpg 1024w, https:\/\/miomicon.com\/wp-content\/uploads\/2025\/11\/Grid-display-of-1-shade-of-Sono-colored-cont-1.jpg 1080w\" data-sizes=\"auto\" data-orig-sizes=\"(max-width: 1080px) 100vw, 1080px\" \/> <img decoding=\"async\" class=\"lazyload alignnone size-full wp-image-3168\" src=\"https:\/\/miomicon.com\/wp-content\/uploads\/2025\/11\/Grid-display-of-1-shade-of-Sono-colored-cont.jpg\" data-orig-src=\"https:\/\/miomicon.com\/wp-content\/uploads\/2025\/11\/Grid-display-of-1-shade-of-Sono-colored-cont.jpg\" alt=\"\" width=\"1080\" height=\"1080\" srcset=\"data:image\/svg+xml,%3Csvg%20xmlns%3D%27http%3A%2F%2Fwww.w3.org%2F2000%2Fsvg%27%20width%3D%271080%27%20height%3D%271080%27%20viewBox%3D%270%200%201080%201080%27%3E%3Crect%20width%3D%271080%27%20height%3D%271080%27%20fill-opacity%3D%220%22%2F%3E%3C%2Fsvg%3E\" data-srcset=\"https:\/\/miomicon.com\/wp-content\/uploads\/2025\/11\/Grid-display-of-1-shade-of-Sono-colored-cont-66x66.jpg 66w, https:\/\/miomicon.com\/wp-content\/uploads\/2025\/11\/Grid-display-of-1-shade-of-Sono-colored-cont-150x150.jpg 150w, https:\/\/miomicon.com\/wp-content\/uploads\/2025\/11\/Grid-display-of-1-shade-of-Sono-colored-cont-200x200.jpg 200w, https:\/\/miomicon.com\/wp-content\/uploads\/2025\/11\/Grid-display-of-1-shade-of-Sono-colored-cont-300x300.jpg 300w, https:\/\/miomicon.com\/wp-content\/uploads\/2025\/11\/Grid-display-of-1-shade-of-Sono-colored-cont-400x400.jpg 400w, https:\/\/miomicon.com\/wp-content\/uploads\/2025\/11\/Grid-display-of-1-shade-of-Sono-colored-cont-500x500.jpg 500w, https:\/\/miomicon.com\/wp-content\/uploads\/2025\/11\/Grid-display-of-1-shade-of-Sono-colored-cont-600x600.jpg 600w, https:\/\/miomicon.com\/wp-content\/uploads\/2025\/11\/Grid-display-of-1-shade-of-Sono-colored-cont-700x700.jpg 700w, https:\/\/miomicon.com\/wp-content\/uploads\/2025\/11\/Grid-display-of-1-shade-of-Sono-colored-cont-768x768.jpg 768w, https:\/\/miomicon.com\/wp-content\/uploads\/2025\/11\/Grid-display-of-1-shade-of-Sono-colored-cont-800x800.jpg 800w, https:\/\/miomicon.com\/wp-content\/uploads\/2025\/11\/Grid-display-of-1-shade-of-Sono-colored-cont-1024x1024.jpg 1024w, https:\/\/miomicon.com\/wp-content\/uploads\/2025\/11\/Grid-display-of-1-shade-of-Sono-colored-cont.jpg 1080w\" data-sizes=\"auto\" data-orig-sizes=\"(max-width: 1080px) 100vw, 1080px\" \/> <img decoding=\"async\" class=\"lazyload alignnone size-full wp-image-3172\" src=\"https:\/\/miomicon.com\/wp-content\/uploads\/2025\/11\/A-detailed-picture-of-the-Sono-Green-contact_yythkg.jpg\" data-orig-src=\"https:\/\/miomicon.com\/wp-content\/uploads\/2025\/11\/A-detailed-picture-of-the-Sono-Green-contact_yythkg.jpg\" alt=\"\" width=\"1080\" height=\"1080\" srcset=\"data:image\/svg+xml,%3Csvg%20xmlns%3D%27http%3A%2F%2Fwww.w3.org%2F2000%2Fsvg%27%20width%3D%271080%27%20height%3D%271080%27%20viewBox%3D%270%200%201080%201080%27%3E%3Crect%20width%3D%271080%27%20height%3D%271080%27%20fill-opacity%3D%220%22%2F%3E%3C%2Fsvg%3E\" data-srcset=\"https:\/\/miomicon.com\/wp-content\/uploads\/2025\/11\/A-detailed-picture-of-the-Sono-Green-contact_yythkg-66x66.jpg 66w, https:\/\/miomicon.com\/wp-content\/uploads\/2025\/11\/A-detailed-picture-of-the-Sono-Green-contact_yythkg-150x150.jpg 150w, https:\/\/miomicon.com\/wp-content\/uploads\/2025\/11\/A-detailed-picture-of-the-Sono-Green-contact_yythkg-200x200.jpg 200w, https:\/\/miomicon.com\/wp-content\/uploads\/2025\/11\/A-detailed-picture-of-the-Sono-Green-contact_yythkg-300x300.jpg 300w, https:\/\/miomicon.com\/wp-content\/uploads\/2025\/11\/A-detailed-picture-of-the-Sono-Green-contact_yythkg-400x400.jpg 400w, https:\/\/miomicon.com\/wp-content\/uploads\/2025\/11\/A-detailed-picture-of-the-Sono-Green-contact_yythkg-500x500.jpg 500w, https:\/\/miomicon.com\/wp-content\/uploads\/2025\/11\/A-detailed-picture-of-the-Sono-Green-contact_yythkg-600x600.jpg 600w, https:\/\/miomicon.com\/wp-content\/uploads\/2025\/11\/A-detailed-picture-of-the-Sono-Green-contact_yythkg-700x700.jpg 700w, https:\/\/miomicon.com\/wp-content\/uploads\/2025\/11\/A-detailed-picture-of-the-Sono-Green-contact_yythkg-768x768.jpg 768w, https:\/\/miomicon.com\/wp-content\/uploads\/2025\/11\/A-detailed-picture-of-the-Sono-Green-contact_yythkg-800x800.jpg 800w, https:\/\/miomicon.com\/wp-content\/uploads\/2025\/11\/A-detailed-picture-of-the-Sono-Green-contact_yythkg-1024x1024.jpg 1024w, https:\/\/miomicon.com\/wp-content\/uploads\/2025\/11\/A-detailed-picture-of-the-Sono-Green-contact_yythkg.jpg 1080w\" data-sizes=\"auto\" data-orig-sizes=\"(max-width: 1080px) 100vw, 1080px\" \/> <img decoding=\"async\" class=\"lazyload alignnone size-full wp-image-3170\" src=\"https:\/\/miomicon.com\/wp-content\/uploads\/2025\/11\/Package-display-of-Freshgo-Sono-colored-contact-len.jpg\" data-orig-src=\"https:\/\/miomicon.com\/wp-content\/uploads\/2025\/11\/Package-display-of-Freshgo-Sono-colored-contact-len.jpg\" alt=\"\" width=\"1080\" height=\"1080\" srcset=\"data:image\/svg+xml,%3Csvg%20xmlns%3D%27http%3A%2F%2Fwww.w3.org%2F2000%2Fsvg%27%20width%3D%271080%27%20height%3D%271080%27%20viewBox%3D%270%200%201080%201080%27%3E%3Crect%20width%3D%271080%27%20height%3D%271080%27%20fill-opacity%3D%220%22%2F%3E%3C%2Fsvg%3E\" data-srcset=\"https:\/\/miomicon.com\/wp-content\/uploads\/2025\/11\/Package-display-of-Freshgo-Sono-colored-contact-len-66x66.jpg 66w, https:\/\/miomicon.com\/wp-content\/uploads\/2025\/11\/Package-display-of-Freshgo-Sono-colored-contact-len-150x150.jpg 150w, https:\/\/miomicon.com\/wp-content\/uploads\/2025\/11\/Package-display-of-Freshgo-Sono-colored-contact-len-200x200.jpg 200w, https:\/\/miomicon.com\/wp-content\/uploads\/2025\/11\/Package-display-of-Freshgo-Sono-colored-contact-len-300x300.jpg 300w, https:\/\/miomicon.com\/wp-content\/uploads\/2025\/11\/Package-display-of-Freshgo-Sono-colored-contact-len-400x400.jpg 400w, https:\/\/miomicon.com\/wp-content\/uploads\/2025\/11\/Package-display-of-Freshgo-Sono-colored-contact-len-500x500.jpg 500w, https:\/\/miomicon.com\/wp-content\/uploads\/2025\/11\/Package-display-of-Freshgo-Sono-colored-contact-len-600x600.jpg 600w, https:\/\/miomicon.com\/wp-content\/uploads\/2025\/11\/Package-display-of-Freshgo-Sono-colored-contact-len-700x700.jpg 700w, https:\/\/miomicon.com\/wp-content\/uploads\/2025\/11\/Package-display-of-Freshgo-Sono-colored-contact-len-768x768.jpg 768w, https:\/\/miomicon.com\/wp-content\/uploads\/2025\/11\/Package-display-of-Freshgo-Sono-colored-contact-len-800x800.jpg 800w, https:\/\/miomicon.com\/wp-content\/uploads\/2025\/11\/Package-display-of-Freshgo-Sono-colored-contact-len-1024x1024.jpg 1024w, https:\/\/miomicon.com\/wp-content\/uploads\/2025\/11\/Package-display-of-Freshgo-Sono-colored-contact-len.jpg 1080w\" data-sizes=\"auto\" data-orig-sizes=\"(max-width: 1080px) 100vw, 1080px\" \/><\/p>\n","protected":false},"excerpt":{"rendered":"<p>Potencia tu negocio con nuestra serie Roze Airy de lentes de contacto, que presentan una variada gama de 6 colores naturales que incluyen Beige Marr\u00f3n, Verde, Gris, marr\u00f3n calabaza marr\u00f3n, azul y marr\u00f3n claro marr\u00f3n, esta serie satisface sin esfuerzo las diversas necesidades y preferencias de sus clientes. No pierda esta oportunidad de ampliar su gama de productos y satisfacer la demanda de los consumidores de lentes de contacto de colores de calidad, c\u00f3modas e impresionantes.<\/p>\n","protected":false},"featured_media":3173,"comment_status":"closed","ping_status":"closed","template":"","meta":[],"product_brand":[],"product_cat":[108],"product_tag":[],"class_list":{"0":"post-13880","1":"product","2":"type-product","3":"status-publish","4":"has-post-thumbnail","6":"product_cat-lentes-de-contacto-de-colores-naturales","8":"first","9":"instock","10":"product-type-simple"},"_links":{"self":[{"href":"https:\/\/miomicon.com\/es\/wp-json\/wp\/v2\/product\/13880","targetHints":{"allow":["GET"]}}],"collection":[{"href":"https:\/\/miomicon.com\/es\/wp-json\/wp\/v2\/product"}],"about":[{"href":"https:\/\/miomicon.com\/es\/wp-json\/wp\/v2\/types\/product"}],"replies":[{"embeddable":true,"href":"https:\/\/miomicon.com\/es\/wp-json\/wp\/v2\/comments?post=13880"}],"wp:featuredmedia":[{"embeddable":true,"href":"https:\/\/miomicon.com\/es\/wp-json\/wp\/v2\/media\/3173"}],"wp:attachment":[{"href":"https:\/\/miomicon.com\/es\/wp-json\/wp\/v2\/media?parent=13880"}],"wp:term":[{"taxonomy":"product_brand","embeddable":true,"href":"https:\/\/miomicon.com\/es\/wp-json\/wp\/v2\/product_brand?post=13880"},{"taxonomy":"product_cat","embeddable":true,"href":"https:\/\/miomicon.com\/es\/wp-json\/wp\/v2\/product_cat?post=13880"},{"taxonomy":"product_tag","embeddable":true,"href":"https:\/\/miomicon.com\/es\/wp-json\/wp\/v2\/product_tag?post=13880"}],"curies":[{"name":"wp","href":"https:\/\/api.w.org\/{rel}","templated":true}]}}