{"id":13416,"date":"2025-09-25T16:16:22","date_gmt":"2025-09-25T08:16:22","guid":{"rendered":"https:\/\/miomicon.com\/product\/alaska-de-colores-lentes-de-contacto\/"},"modified":"2026-03-30T08:52:19","modified_gmt":"2026-03-30T00:52:19","slug":"alaska-de-colores-lentes-de-contacto","status":"publish","type":"product","link":"https:\/\/miomicon.com\/es\/producto\/alaska-de-colores-lentes-de-contacto\/","title":{"rendered":"Alaska De colores Lentes de contacto"},"content":{"rendered":"<div class=\"table-1\">\n<table style=\"height: 100%;\" width=\"100%\">\n<tbody>\n<tr>\n<td>Material: HEMA<\/td>\n<td>Lente sin rigidez: blanda<\/td>\n<\/tr>\n<tr>\n<td>Di\u00e1metro: 14,0 mm<\/td>\n<td>Tono: 1\/2<\/td>\n<\/tr>\n<tr>\n<td>Espesor central: 0,08 mm<\/td>\n<p>C<\/p>\n<td>urvatura base: 8,6 mm<\/td>\n<\/tr>\n<tr>\n<td>Desechable: <strong>Anual<\/strong><\/td>\n<td>Vida \u00fatil: <strong>5 a\u00f1os<\/strong><\/td>\n<\/tr>\n<tr>\n<td>Potencia: 0,00<\/td>\n<td>Contenido de agua: 40 %<\/td>\n<\/tr>\n<tr>\n<td>Lugar de origen: China, Corea<\/td>\n<td>Embalaje: Bl\u00edster (2 unidades por caja)<\/td>\n<\/tr>\n<tr>\n<td colspan=\"2\">Variantes de color (5 disponibles): <b>Marr\u00f3n, Gris sellado, Verde salvia, Gris perla, Verde musgo<\/b> <\/td>\n<\/tr>\n<\/tbody>\n<\/table>\n<\/div>\n<p>&nbsp;<\/p>\n<p><img decoding=\"async\" class=\"lazyload alignnone size-full wp-image-2665\" src=\"https:\/\/miomicon.com\/wp-content\/uploads\/2025\/09\/Colored_Contacts_ALASKA_Model_4_Variants.jpg\" data-orig-src=\"https:\/\/miomicon.com\/wp-content\/uploads\/2025\/09\/Colored_Contacts_ALASKA_Model_4_Variants.jpg\" alt=\"\" width=\"1080\" height=\"1080\" srcset=\"data:image\/svg+xml,%3Csvg%20xmlns%3D%27http%3A%2F%2Fwww.w3.org%2F2000%2Fsvg%27%20width%3D%271080%27%20height%3D%271080%27%20viewBox%3D%270%200%201080%201080%27%3E%3Crect%20width%3D%271080%27%20height%3D%271080%27%20fill-opacity%3D%220%22%2F%3E%3C%2Fsvg%3E\" data-srcset=\"https:\/\/miomicon.com\/wp-content\/uploads\/2025\/09\/Colored_Contacts_ALASKA_Model_4_Variants-66x66.jpg 66w, https:\/\/miomicon.com\/wp-content\/uploads\/2025\/09\/Colored_Contacts_ALASKA_Model_4_Variants-150x150.jpg 150w, https:\/\/miomicon.com\/wp-content\/uploads\/2025\/09\/Colored_Contacts_ALASKA_Model_4_Variants-200x200.jpg 200w, https:\/\/miomicon.com\/wp-content\/uploads\/2025\/09\/Colored_Contacts_ALASKA_Model_4_Variants-300x300.jpg 300w, https:\/\/miomicon.com\/wp-content\/uploads\/2025\/09\/Colored_Contacts_ALASKA_Model_4_Variants-400x400.jpg 400w, https:\/\/miomicon.com\/wp-content\/uploads\/2025\/09\/Colored_Contacts_ALASKA_Model_4_Variants-500x500.jpg 500w, https:\/\/miomicon.com\/wp-content\/uploads\/2025\/09\/Colored_Contacts_ALASKA_Model_4_Variants-600x600.jpg 600w, https:\/\/miomicon.com\/wp-content\/uploads\/2025\/09\/Colored_Contacts_ALASKA_Model_4_Variants-700x700.jpg 700w, https:\/\/miomicon.com\/wp-content\/uploads\/2025\/09\/Colored_Contacts_ALASKA_Model_4_Variants-768x768.jpg 768w, https:\/\/miomicon.com\/wp-content\/uploads\/2025\/09\/Colored_Contacts_ALASKA_Model_4_Variants-800x800.jpg 800w, https:\/\/miomicon.com\/wp-content\/uploads\/2025\/09\/Colored_Contacts_ALASKA_Model_4_Variants-1024x1024.jpg 1024w, https:\/\/miomicon.com\/wp-content\/uploads\/2025\/09\/Colored_Contacts_ALASKA_Model_4_Variants.jpg 1080w\" data-sizes=\"auto\" data-orig-sizes=\"(max-width: 1080px) 100vw, 1080px\" \/> <img decoding=\"async\" class=\"lazyload alignnone size-full wp-image-2660\" src=\"https:\/\/miomicon.com\/wp-content\/uploads\/2025\/09\/ALASKAcoloredcontactof5shades_Brown_SealGray_SageGreen_PearlGray_MossGreencolor.jpg\" data-orig-src=\"https:\/\/miomicon.com\/wp-content\/uploads\/2025\/09\/ALASKAcoloredcontactof5shades_Brown_SealGray_SageGreen_PearlGray_MossGreencolor.jpg\" alt=\"\" width=\"1080\" height=\"1080\" srcset=\"data:image\/svg+xml,%3Csvg%20xmlns%3D%27http%3A%2F%2Fwww.w3.org%2F2000%2Fsvg%27%20width%3D%271080%27%20height%3D%271080%27%20viewBox%3D%270%200%201080%201080%27%3E%3Crect%20width%3D%271080%27%20height%3D%271080%27%20fill-opacity%3D%220%22%2F%3E%3C%2Fsvg%3E\" data-srcset=\"https:\/\/miomicon.com\/wp-content\/uploads\/2025\/09\/ALASKAcoloredcontactof5shades_Brown_SealGray_SageGreen_PearlGray_MossGreencolor-66x66.jpg 66w, https:\/\/miomicon.com\/wp-content\/uploads\/2025\/09\/ALASKAcoloredcontactof5shades_Brown_SealGray_SageGreen_PearlGray_MossGreencolor-150x150.jpg 150w, https:\/\/miomicon.com\/wp-content\/uploads\/2025\/09\/ALASKAcoloredcontactof5shades_Brown_SealGray_SageGreen_PearlGray_MossGreencolor-200x200.jpg 200w, https:\/\/miomicon.com\/wp-content\/uploads\/2025\/09\/ALASKAcoloredcontactof5shades_Brown_SealGray_SageGreen_PearlGray_MossGreencolor-300x300.jpg 300w, https:\/\/miomicon.com\/wp-content\/uploads\/2025\/09\/ALASKAcoloredcontactof5shades_Brown_SealGray_SageGreen_PearlGray_MossGreencolor-400x400.jpg 400w, https:\/\/miomicon.com\/wp-content\/uploads\/2025\/09\/ALASKAcoloredcontactof5shades_Brown_SealGray_SageGreen_PearlGray_MossGreencolor-500x500.jpg 500w, https:\/\/miomicon.com\/wp-content\/uploads\/2025\/09\/ALASKAcoloredcontactof5shades_Brown_SealGray_SageGreen_PearlGray_MossGreencolor-600x600.jpg 600w, https:\/\/miomicon.com\/wp-content\/uploads\/2025\/09\/ALASKAcoloredcontactof5shades_Brown_SealGray_SageGreen_PearlGray_MossGreencolor-700x700.jpg 700w, https:\/\/miomicon.com\/wp-content\/uploads\/2025\/09\/ALASKAcoloredcontactof5shades_Brown_SealGray_SageGreen_PearlGray_MossGreencolor-768x768.jpg 768w, https:\/\/miomicon.com\/wp-content\/uploads\/2025\/09\/ALASKAcoloredcontactof5shades_Brown_SealGray_SageGreen_PearlGray_MossGreencolor-800x800.jpg 800w, https:\/\/miomicon.com\/wp-content\/uploads\/2025\/09\/ALASKAcoloredcontactof5shades_Brown_SealGray_SageGreen_PearlGray_MossGreencolor-1024x1024.jpg 1024w, https:\/\/miomicon.com\/wp-content\/uploads\/2025\/09\/ALASKAcoloredcontactof5shades_Brown_SealGray_SageGreen_PearlGray_MossGreencolor.jpg 1080w\" data-sizes=\"auto\" data-orig-sizes=\"(max-width: 1080px) 100vw, 1080px\" \/> <img decoding=\"async\" class=\"lazyload alignnone size-full wp-image-2666\" src=\"https:\/\/miomicon.com\/wp-content\/uploads\/2025\/09\/eye_effect_compare_looking_contact_lenses.jpg\" data-orig-src=\"https:\/\/miomicon.com\/wp-content\/uploads\/2025\/09\/eye_effect_compare_looking_contact_lenses.jpg\" alt=\"\" width=\"1080\" height=\"1080\" srcset=\"data:image\/svg+xml,%3Csvg%20xmlns%3D%27http%3A%2F%2Fwww.w3.org%2F2000%2Fsvg%27%20width%3D%271080%27%20height%3D%271080%27%20viewBox%3D%270%200%201080%201080%27%3E%3Crect%20width%3D%271080%27%20height%3D%271080%27%20fill-opacity%3D%220%22%2F%3E%3C%2Fsvg%3E\" data-srcset=\"https:\/\/miomicon.com\/wp-content\/uploads\/2025\/09\/eye_effect_compare_looking_contact_lenses-66x66.jpg 66w, https:\/\/miomicon.com\/wp-content\/uploads\/2025\/09\/eye_effect_compare_looking_contact_lenses-150x150.jpg 150w, https:\/\/miomicon.com\/wp-content\/uploads\/2025\/09\/eye_effect_compare_looking_contact_lenses-200x200.jpg 200w, https:\/\/miomicon.com\/wp-content\/uploads\/2025\/09\/eye_effect_compare_looking_contact_lenses-300x300.jpg 300w, https:\/\/miomicon.com\/wp-content\/uploads\/2025\/09\/eye_effect_compare_looking_contact_lenses-400x400.jpg 400w, https:\/\/miomicon.com\/wp-content\/uploads\/2025\/09\/eye_effect_compare_looking_contact_lenses-500x500.jpg 500w, https:\/\/miomicon.com\/wp-content\/uploads\/2025\/09\/eye_effect_compare_looking_contact_lenses-600x600.jpg 600w, https:\/\/miomicon.com\/wp-content\/uploads\/2025\/09\/eye_effect_compare_looking_contact_lenses-700x700.jpg 700w, https:\/\/miomicon.com\/wp-content\/uploads\/2025\/09\/eye_effect_compare_looking_contact_lenses-768x768.jpg 768w, https:\/\/miomicon.com\/wp-content\/uploads\/2025\/09\/eye_effect_compare_looking_contact_lenses-800x800.jpg 800w, https:\/\/miomicon.com\/wp-content\/uploads\/2025\/09\/eye_effect_compare_looking_contact_lenses-1024x1024.jpg 1024w, https:\/\/miomicon.com\/wp-content\/uploads\/2025\/09\/eye_effect_compare_looking_contact_lenses.jpg 1080w\" data-sizes=\"auto\" data-orig-sizes=\"(max-width: 1080px) 100vw, 1080px\" \/> <img decoding=\"async\" class=\"lazyload alignnone size-full wp-image-2663\" src=\"https:\/\/miomicon.com\/wp-content\/uploads\/2025\/09\/Brown_Colored_contact.jpg\" data-orig-src=\"https:\/\/miomicon.com\/wp-content\/uploads\/2025\/09\/Brown_Colored_contact.jpg\" alt=\"\" width=\"1080\" height=\"1080\" srcset=\"data:image\/svg+xml,%3Csvg%20xmlns%3D%27http%3A%2F%2Fwww.w3.org%2F2000%2Fsvg%27%20width%3D%271080%27%20height%3D%271080%27%20viewBox%3D%270%200%201080%201080%27%3E%3Crect%20width%3D%271080%27%20height%3D%271080%27%20fill-opacity%3D%220%22%2F%3E%3C%2Fsvg%3E\" data-srcset=\"https:\/\/miomicon.com\/wp-content\/uploads\/2025\/09\/Brown_Colored_contact-66x66.jpg 66w, https:\/\/miomicon.com\/wp-content\/uploads\/2025\/09\/Brown_Colored_contact-150x150.jpg 150w, https:\/\/miomicon.com\/wp-content\/uploads\/2025\/09\/Brown_Colored_contact-200x200.jpg 200w, https:\/\/miomicon.com\/wp-content\/uploads\/2025\/09\/Brown_Colored_contact-300x300.jpg 300w, https:\/\/miomicon.com\/wp-content\/uploads\/2025\/09\/Brown_Colored_contact-400x400.jpg 400w, https:\/\/miomicon.com\/wp-content\/uploads\/2025\/09\/Brown_Colored_contact-500x500.jpg 500w, https:\/\/miomicon.com\/wp-content\/uploads\/2025\/09\/Brown_Colored_contact-600x600.jpg 600w, https:\/\/miomicon.com\/wp-content\/uploads\/2025\/09\/Brown_Colored_contact-700x700.jpg 700w, https:\/\/miomicon.com\/wp-content\/uploads\/2025\/09\/Brown_Colored_contact-768x768.jpg 768w, https:\/\/miomicon.com\/wp-content\/uploads\/2025\/09\/Brown_Colored_contact-800x800.jpg 800w, https:\/\/miomicon.com\/wp-content\/uploads\/2025\/09\/Brown_Colored_contact-1024x1024.jpg 1024w, https:\/\/miomicon.com\/wp-content\/uploads\/2025\/09\/Brown_Colored_contact.jpg 1080w\" data-sizes=\"auto\" data-orig-sizes=\"(max-width: 1080px) 100vw, 1080px\" \/> <img decoding=\"async\" class=\"lazyload alignnone size-full wp-image-2662\" src=\"https:\/\/miomicon.com\/wp-content\/uploads\/2025\/09\/Brown_colored_contact_cc5c211b-4e88-4325-b588-0f237410df0e.jpg\" data-orig-src=\"https:\/\/miomicon.com\/wp-content\/uploads\/2025\/09\/Brown_colored_contact_cc5c211b-4e88-4325-b588-0f237410df0e.jpg\" alt=\"\" width=\"1080\" height=\"1080\" srcset=\"data:image\/svg+xml,%3Csvg%20xmlns%3D%27http%3A%2F%2Fwww.w3.org%2F2000%2Fsvg%27%20width%3D%271080%27%20height%3D%271080%27%20viewBox%3D%270%200%201080%201080%27%3E%3Crect%20width%3D%271080%27%20height%3D%271080%27%20fill-opacity%3D%220%22%2F%3E%3C%2Fsvg%3E\" data-srcset=\"https:\/\/miomicon.com\/wp-content\/uploads\/2025\/09\/Brown_colored_contact_cc5c211b-4e88-4325-b588-0f237410df0e-66x66.jpg 66w, https:\/\/miomicon.com\/wp-content\/uploads\/2025\/09\/Brown_colored_contact_cc5c211b-4e88-4325-b588-0f237410df0e-150x150.jpg 150w, https:\/\/miomicon.com\/wp-content\/uploads\/2025\/09\/Brown_colored_contact_cc5c211b-4e88-4325-b588-0f237410df0e-200x200.jpg 200w, https:\/\/miomicon.com\/wp-content\/uploads\/2025\/09\/Brown_colored_contact_cc5c211b-4e88-4325-b588-0f237410df0e-300x300.jpg 300w, https:\/\/miomicon.com\/wp-content\/uploads\/2025\/09\/Brown_colored_contact_cc5c211b-4e88-4325-b588-0f237410df0e-400x400.jpg 400w, https:\/\/miomicon.com\/wp-content\/uploads\/2025\/09\/Brown_colored_contact_cc5c211b-4e88-4325-b588-0f237410df0e-500x500.jpg 500w, https:\/\/miomicon.com\/wp-content\/uploads\/2025\/09\/Brown_colored_contact_cc5c211b-4e88-4325-b588-0f237410df0e-600x600.jpg 600w, https:\/\/miomicon.com\/wp-content\/uploads\/2025\/09\/Brown_colored_contact_cc5c211b-4e88-4325-b588-0f237410df0e-700x700.jpg 700w, https:\/\/miomicon.com\/wp-content\/uploads\/2025\/09\/Brown_colored_contact_cc5c211b-4e88-4325-b588-0f237410df0e-768x768.jpg 768w, https:\/\/miomicon.com\/wp-content\/uploads\/2025\/09\/Brown_colored_contact_cc5c211b-4e88-4325-b588-0f237410df0e-800x800.jpg 800w, https:\/\/miomicon.com\/wp-content\/uploads\/2025\/09\/Brown_colored_contact_cc5c211b-4e88-4325-b588-0f237410df0e-1024x1024.jpg 1024w, https:\/\/miomicon.com\/wp-content\/uploads\/2025\/09\/Brown_colored_contact_cc5c211b-4e88-4325-b588-0f237410df0e.jpg 1080w\" data-sizes=\"auto\" data-orig-sizes=\"(max-width: 1080px) 100vw, 1080px\" \/> <img decoding=\"async\" class=\"lazyload alignnone size-full wp-image-2667\" src=\"https:\/\/miomicon.com\/wp-content\/uploads\/2025\/09\/Seal_Gray_Colored_contact.jpg\" data-orig-src=\"https:\/\/miomicon.com\/wp-content\/uploads\/2025\/09\/Seal_Gray_Colored_contact.jpg\" alt=\"\" width=\"1080\" height=\"1080\" srcset=\"data:image\/svg+xml,%3Csvg%20xmlns%3D%27http%3A%2F%2Fwww.w3.org%2F2000%2Fsvg%27%20width%3D%271080%27%20height%3D%271080%27%20viewBox%3D%270%200%201080%201080%27%3E%3Crect%20width%3D%271080%27%20height%3D%271080%27%20fill-opacity%3D%220%22%2F%3E%3C%2Fsvg%3E\" data-srcset=\"https:\/\/miomicon.com\/wp-content\/uploads\/2025\/09\/Seal_Gray_Colored_contact-66x66.jpg 66w, https:\/\/miomicon.com\/wp-content\/uploads\/2025\/09\/Seal_Gray_Colored_contact-150x150.jpg 150w, https:\/\/miomicon.com\/wp-content\/uploads\/2025\/09\/Seal_Gray_Colored_contact-200x200.jpg 200w, https:\/\/miomicon.com\/wp-content\/uploads\/2025\/09\/Seal_Gray_Colored_contact-300x300.jpg 300w, https:\/\/miomicon.com\/wp-content\/uploads\/2025\/09\/Seal_Gray_Colored_contact-400x400.jpg 400w, https:\/\/miomicon.com\/wp-content\/uploads\/2025\/09\/Seal_Gray_Colored_contact-500x500.jpg 500w, https:\/\/miomicon.com\/wp-content\/uploads\/2025\/09\/Seal_Gray_Colored_contact-600x600.jpg 600w, https:\/\/miomicon.com\/wp-content\/uploads\/2025\/09\/Seal_Gray_Colored_contact-700x700.jpg 700w, https:\/\/miomicon.com\/wp-content\/uploads\/2025\/09\/Seal_Gray_Colored_contact-768x768.jpg 768w, https:\/\/miomicon.com\/wp-content\/uploads\/2025\/09\/Seal_Gray_Colored_contact-800x800.jpg 800w, https:\/\/miomicon.com\/wp-content\/uploads\/2025\/09\/Seal_Gray_Colored_contact-1024x1024.jpg 1024w, https:\/\/miomicon.com\/wp-content\/uploads\/2025\/09\/Seal_Gray_Colored_contact.jpg 1080w\" data-sizes=\"auto\" data-orig-sizes=\"(max-width: 1080px) 100vw, 1080px\" \/> <img decoding=\"async\" class=\"lazyload alignnone size-full wp-image-2668\" src=\"https:\/\/miomicon.com\/wp-content\/uploads\/2025\/09\/Seal_Gray_Colored_Contacts.jpg\" data-orig-src=\"https:\/\/miomicon.com\/wp-content\/uploads\/2025\/09\/Seal_Gray_Colored_Contacts.jpg\" alt=\"\" width=\"1080\" height=\"1080\" srcset=\"data:image\/svg+xml,%3Csvg%20xmlns%3D%27http%3A%2F%2Fwww.w3.org%2F2000%2Fsvg%27%20width%3D%271080%27%20height%3D%271080%27%20viewBox%3D%270%200%201080%201080%27%3E%3Crect%20width%3D%271080%27%20height%3D%271080%27%20fill-opacity%3D%220%22%2F%3E%3C%2Fsvg%3E\" data-srcset=\"https:\/\/miomicon.com\/wp-content\/uploads\/2025\/09\/Seal_Gray_Colored_Contacts-66x66.jpg 66w, https:\/\/miomicon.com\/wp-content\/uploads\/2025\/09\/Seal_Gray_Colored_Contacts-150x150.jpg 150w, https:\/\/miomicon.com\/wp-content\/uploads\/2025\/09\/Seal_Gray_Colored_Contacts-200x200.jpg 200w, https:\/\/miomicon.com\/wp-content\/uploads\/2025\/09\/Seal_Gray_Colored_Contacts-300x300.jpg 300w, https:\/\/miomicon.com\/wp-content\/uploads\/2025\/09\/Seal_Gray_Colored_Contacts-400x400.jpg 400w, https:\/\/miomicon.com\/wp-content\/uploads\/2025\/09\/Seal_Gray_Colored_Contacts-500x500.jpg 500w, https:\/\/miomicon.com\/wp-content\/uploads\/2025\/09\/Seal_Gray_Colored_Contacts-600x600.jpg 600w, https:\/\/miomicon.com\/wp-content\/uploads\/2025\/09\/Seal_Gray_Colored_Contacts-700x700.jpg 700w, https:\/\/miomicon.com\/wp-content\/uploads\/2025\/09\/Seal_Gray_Colored_Contacts-768x768.jpg 768w, https:\/\/miomicon.com\/wp-content\/uploads\/2025\/09\/Seal_Gray_Colored_Contacts-800x800.jpg 800w, https:\/\/miomicon.com\/wp-content\/uploads\/2025\/09\/Seal_Gray_Colored_Contacts-1024x1024.jpg 1024w, https:\/\/miomicon.com\/wp-content\/uploads\/2025\/09\/Seal_Gray_Colored_Contacts.jpg 1080w\" data-sizes=\"auto\" data-orig-sizes=\"(max-width: 1080px) 100vw, 1080px\" \/> <img decoding=\"async\" class=\"lazyload alignnone size-full wp-image-2664\" src=\"https:\/\/miomicon.com\/wp-content\/uploads\/2025\/09\/colored_contact_lenses_package.jpg\" data-orig-src=\"https:\/\/miomicon.com\/wp-content\/uploads\/2025\/09\/colored_contact_lenses_package.jpg\" alt=\"\" width=\"1920\" height=\"1078\" srcset=\"data:image\/svg+xml,%3Csvg%20xmlns%3D%27http%3A%2F%2Fwww.w3.org%2F2000%2Fsvg%27%20width%3D%271920%27%20height%3D%271078%27%20viewBox%3D%270%200%201920%201078%27%3E%3Crect%20width%3D%271920%27%20height%3D%271078%27%20fill-opacity%3D%220%22%2F%3E%3C%2Fsvg%3E\" data-srcset=\"https:\/\/miomicon.com\/wp-content\/uploads\/2025\/09\/colored_contact_lenses_package-200x112.jpg 200w, https:\/\/miomicon.com\/wp-content\/uploads\/2025\/09\/colored_contact_lenses_package-300x168.jpg 300w, https:\/\/miomicon.com\/wp-content\/uploads\/2025\/09\/colored_contact_lenses_package-400x225.jpg 400w, https:\/\/miomicon.com\/wp-content\/uploads\/2025\/09\/colored_contact_lenses_package-500x281.jpg 500w, https:\/\/miomicon.com\/wp-content\/uploads\/2025\/09\/colored_contact_lenses_package-600x337.jpg 600w, https:\/\/miomicon.com\/wp-content\/uploads\/2025\/09\/colored_contact_lenses_package-700x393.jpg 700w, https:\/\/miomicon.com\/wp-content\/uploads\/2025\/09\/colored_contact_lenses_package-768x431.jpg 768w, https:\/\/miomicon.com\/wp-content\/uploads\/2025\/09\/colored_contact_lenses_package-800x449.jpg 800w, https:\/\/miomicon.com\/wp-content\/uploads\/2025\/09\/colored_contact_lenses_package-1024x575.jpg 1024w, https:\/\/miomicon.com\/wp-content\/uploads\/2025\/09\/colored_contact_lenses_package-1200x674.jpg 1200w, https:\/\/miomicon.com\/wp-content\/uploads\/2025\/09\/colored_contact_lenses_package-1536x862.jpg 1536w, https:\/\/miomicon.com\/wp-content\/uploads\/2025\/09\/colored_contact_lenses_package.jpg 1920w\" data-sizes=\"auto\" data-orig-sizes=\"(max-width: 1920px) 100vw, 1920px\" \/><\/p>\n","protected":false},"excerpt":{"rendered":"<p>Ampl\u00ede su cartera de productos con nuestra serie Alaska, que incluye una variada colecci\u00f3n de 5 lentes de contacto en tonos naturales: marr\u00f3n, gris foca, verde salvia, gris perla y verde musgo. Esta serie satisface sin esfuerzo las diversas necesidades y preferencias de sus clientes. No se pierda esta oportunidad de ampliar su gama de productos y satisfacer la demanda de los consumidores de lentes de contacto de color de alta calidad, c\u00f3modas y llamativas.  <\/p>\n","protected":false},"featured_media":2665,"comment_status":"closed","ping_status":"closed","template":"","meta":[],"product_brand":[],"product_cat":[108],"product_tag":[],"class_list":{"0":"post-13416","1":"product","2":"type-product","3":"status-publish","4":"has-post-thumbnail","6":"product_cat-lentes-de-contacto-de-colores-naturales","8":"first","9":"instock","10":"product-type-simple"},"_links":{"self":[{"href":"https:\/\/miomicon.com\/es\/wp-json\/wp\/v2\/product\/13416","targetHints":{"allow":["GET"]}}],"collection":[{"href":"https:\/\/miomicon.com\/es\/wp-json\/wp\/v2\/product"}],"about":[{"href":"https:\/\/miomicon.com\/es\/wp-json\/wp\/v2\/types\/product"}],"replies":[{"embeddable":true,"href":"https:\/\/miomicon.com\/es\/wp-json\/wp\/v2\/comments?post=13416"}],"wp:featuredmedia":[{"embeddable":true,"href":"https:\/\/miomicon.com\/es\/wp-json\/wp\/v2\/media\/2665"}],"wp:attachment":[{"href":"https:\/\/miomicon.com\/es\/wp-json\/wp\/v2\/media?parent=13416"}],"wp:term":[{"taxonomy":"product_brand","embeddable":true,"href":"https:\/\/miomicon.com\/es\/wp-json\/wp\/v2\/product_brand?post=13416"},{"taxonomy":"product_cat","embeddable":true,"href":"https:\/\/miomicon.com\/es\/wp-json\/wp\/v2\/product_cat?post=13416"},{"taxonomy":"product_tag","embeddable":true,"href":"https:\/\/miomicon.com\/es\/wp-json\/wp\/v2\/product_tag?post=13416"}],"curies":[{"name":"wp","href":"https:\/\/api.w.org\/{rel}","templated":true}]}}