{"id":5550,"date":"2025-11-21T18:05:50","date_gmt":"2025-11-21T10:05:50","guid":{"rendered":"https:\/\/miomicon.com\/cookie-politica\/"},"modified":"2026-02-10T15:40:18","modified_gmt":"2026-02-10T07:40:18","slug":"cookie-politica","status":"publish","type":"page","link":"https:\/\/miomicon.com\/es\/cookie-politica\/","title":{"rendered":"Cookie Pol\u00edtica"},"content":{"rendered":"<div class=\"elementor-element elementor-element-3b8b30c1 elementor-widget elementor-widget-heading\" data-id=\"3b8b30c1\" data-element_type=\"widget\" data-widget_type=\"heading.default\">\n<div class=\"elementor-widget-container\">\n<h1 class=\"elementor-heading-title elementor-size-default\">Pol\u00edtica de cookies<\/h1>\n<\/div>\n<\/div>\n<div class=\"elementor-element elementor-element-3638d184 elementor-widget elementor-widget-text-editor\" data-id=\"3638d184\" data-element_type=\"widget\" data-widget_type=\"text-editor.default\">\n<div class=\"elementor-widget-container\">\n<h3 class=\"elementor-image\">\u00bfQu\u00e9 es una cookie?<\/h3>\n<ul>\n<li>Una \u00abcookie\u00bb es un fragmento de informaci\u00f3n que se almacena en el disco duro de su ordenador y que registra c\u00f3mo navega por un sitio web, de modo que, cuando vuelve a visitarlo, puede presentarle opciones personalizadas basadas en la informaci\u00f3n almacenada sobre su \u00faltima visita. Las cookies tambi\u00e9n pueden utilizarse para analizar el tr\u00e1fico y con fines publicitarios y de marketing. <\/li>\n<li>Las cookies son utilizadas por casi todos los sitios web y no da\u00f1an su sistema.<\/li>\n<\/ul>\n<p>Si usted desea consultar o modificar los tipos de cookies que aceptas, esto se puede normalmente modificar en la configuraci\u00f3n de su navegador. Puede bloquear las cookies en cualquier momento activando la configuraci\u00f3n de su navegador que le permite rechazar la instalaci\u00f3n de todas o algunas cookies. Sin embargo, si utiliza la configuraci\u00f3n de su navegador para bloquear todas las cookies (incluidas las cookies esenciales), es posible que no pueda acceder a todo o parte de nuestro sitio web.  <\/p>\n<h3>\u00bfC\u00f3mo utilizamos las cookies?<\/h3>\n<ul>\n<li>Utilizamos cookies para realizar un seguimiento de su uso de nuestro sitio web. Esto nos permite comprender c\u00f3mo utiliza el sitio y realizar un seguimiento de cualquier patr\u00f3n relacionado con el uso que hace de nuestro sitio web. Esto nos ayuda a desarrollar y mejorar nuestro sitio web, as\u00ed como nuestros productos y\/o servicios, en respuesta a lo que usted pueda necesitar o desear.  <\/li>\n<li>Las cookies pueden ser:<\/li>\n<\/ul>\n<p>\u2013 Cookies de sesi\u00f3n: solo se almacenan en su computadora durante su sesi\u00f3n web y se eliminan autom\u00e1ticamente cuando cierra su navegador; por lo general, almacenan un ID de sesi\u00f3n an\u00f3nimo que le permite navegar por un sitio web sin tener que iniciar sesi\u00f3n en cada p\u00e1gina, pero no recopilan ning\u00fan dato personal de su computadora; o \u2013 Cookies persistentes: una cookie persistente se almacena como un archivo en su computadora y permanece all\u00ed cuando cierra su navegador web. La cookie puede ser le\u00edda por el sitio web que la cre\u00f3 cuando vuelva a visitarlo. Utilizamos cookies persistentes para Google Analytics.  <\/p>\n<ul>\n<li>Las cookies tambi\u00e9n se pueden clasificar de la siguiente manera:<\/li>\n<\/ul>\n<p>\u2013 Strictly necessary cookies: These cookies are essential to enable you to use the website effectively, such as when buying a product and \/ or service, and therefore cannot be turned off. Without these cookies, the services available to you on our website cannot be provided. These cookies do not gather information about you that could be used for marketing or remembering where you have been on the internet. \u2013 Performance cookies: These cookies enable us to monitor and improve the performance of our website. For example, they allow us to count visits, identify traffic sources and see which parts of the site are most popular. \u2013 Functionality cookies: These cookies allow our website to remember choices you make and provide enhanced features. For instance, we may be able to provide you with news or updates relevant to the services you use. They may also be used to provide services you have requested such as viewing a video or commenting on a blog. The information these cookies collect is usually anonymised.        <\/p>\n<\/div>\n<\/div>\n","protected":false},"excerpt":{"rendered":"<p>Pol\u00edtica de cookies \u00bfQu\u00e9 es una cookie? Una \u00abcookie\u00bb es  [&#8230;]<\/p>\n","protected":false},"author":1,"featured_media":0,"parent":0,"menu_order":0,"comment_status":"closed","ping_status":"closed","template":"100-width.php","meta":{"footnotes":""},"class_list":["post-5550","page","type-page","status-publish","hentry"],"_links":{"self":[{"href":"https:\/\/miomicon.com\/es\/wp-json\/wp\/v2\/pages\/5550","targetHints":{"allow":["GET"]}}],"collection":[{"href":"https:\/\/miomicon.com\/es\/wp-json\/wp\/v2\/pages"}],"about":[{"href":"https:\/\/miomicon.com\/es\/wp-json\/wp\/v2\/types\/page"}],"author":[{"embeddable":true,"href":"https:\/\/miomicon.com\/es\/wp-json\/wp\/v2\/users\/1"}],"replies":[{"embeddable":true,"href":"https:\/\/miomicon.com\/es\/wp-json\/wp\/v2\/comments?post=5550"}],"version-history":[{"count":0,"href":"https:\/\/miomicon.com\/es\/wp-json\/wp\/v2\/pages\/5550\/revisions"}],"wp:attachment":[{"href":"https:\/\/miomicon.com\/es\/wp-json\/wp\/v2\/media?parent=5550"}],"curies":[{"name":"wp","href":"https:\/\/api.w.org\/{rel}","templated":true}]}}