{"id":4206,"date":"2025-11-10T17:02:42","date_gmt":"2025-11-10T09:02:42","guid":{"rendered":"https:\/\/miomicon.com\/faqs\/"},"modified":"2025-11-14T15:25:38","modified_gmt":"2025-11-14T07:25:38","slug":"faqs","status":"publish","type":"page","link":"https:\/\/miomicon.com\/es\/faqs\/","title":{"rendered":"FAQs"},"content":{"rendered":"<div class=\"fusion-fullwidth fullwidth-box fusion-builder-row-1 fusion-flex-container has-pattern-background has-mask-background nonhundred-percent-fullwidth non-hundred-percent-height-scrolling\" style=\"--awb-border-radius-top-left:0px;--awb-border-radius-top-right:0px;--awb-border-radius-bottom-right:0px;--awb-border-radius-bottom-left:0px;--awb-flex-wrap:wrap;\" ><div class=\"fusion-builder-row fusion-row fusion-flex-align-items-flex-start fusion-flex-content-wrap\" style=\"max-width:1248px;margin-left: calc(-4% \/ 2 );margin-right: calc(-4% \/ 2 );\"><div class=\"fusion-layout-column fusion_builder_column fusion-builder-column-0 fusion_builder_column_1_1 1_1 fusion-flex-column\" style=\"--awb-bg-size:cover;--awb-width-large:100%;--awb-margin-top-large:0px;--awb-spacing-right-large:1.92%;--awb-margin-bottom-large:48px;--awb-spacing-left-large:1.824%;--awb-width-medium:100%;--awb-order-medium:0;--awb-spacing-right-medium:1.92%;--awb-spacing-left-medium:1.824%;--awb-width-small:100%;--awb-order-small:0;--awb-spacing-right-small:1.92%;--awb-spacing-left-small:1.92%;\"><div class=\"fusion-column-wrapper fusion-column-has-shadow fusion-flex-justify-content-flex-start fusion-content-layout-column\"><style type=\"text\/css\">.fusion-faqs-wrapper #accordian-1 .fusion-panel { border-color:var(--awb-color3); }.fusion-faqs-wrapper #accordian-1 .fusion-panel:hover{ border-color: var(--awb-color3); }.fusion-accordian #accordian-1 .panel-title a .fa-fusion-box:before{ font-size: 16px;width: 16px;}.fusion-accordian #accordian-1 .panel-title a .fa-fusion-box{ color: var(--awb-color1);}.fusion-accordian  #accordian-1 .panel-title a{font-family:-apple-system, BlinkMacSystemFont, 'Segoe UI', Roboto, Oxygen-Sans, Ubuntu, Cantarell, 'Helvetica Neue' ,sans-serif;font-style:normal;font-weight:400;}.fusion-accordian  #accordian-1 .panel-title a:not(:hover){}.fusion-accordian  #accordian-1 .toggle-content{font-family:-apple-system, BlinkMacSystemFont, 'Segoe UI', Roboto, Oxygen-Sans, Ubuntu, Cantarell, 'Helvetica Neue' ,sans-serif;font-style:normal;font-weight:400;}.fusion-accordian #accordian-1 .fa-fusion-box { background-color: var(--awb-color7) !important;border-color: var(--awb-color7) !important;}.fusion-accordian #accordian-1 .panel-title a:hover,.fusion-accordian #accordian-1 .panel-title a.hover { color: var(--awb-color6);}.fusion-faq-shortcode .fusion-accordian #accordian-1 .fusion-toggle-boxed-mode:hover .panel-title a { color: var(--awb-color6);}.fusion-accordian #accordian-1 .panel-title .active .fa-fusion-box,.fusion-accordian #accordian-1 .panel-title a:hover .fa-fusion-box,.fusion-accordian #accordian-1 .panel-title a.hover .fa-fusion-box { background-color: var(--awb-color6)!important;border-color: var(--awb-color6)!important;}<\/style><div class=\"fusion-faq-shortcode\" style=\"\"><div class=\"fusion-faqs-wrapper\"><div class=\"accordian fusion-accordian\"><div class=\"panel-group \" id=\"accordian-1\"><div class=\"fusion-panel panel-default fusion-faq-post fusion-faq-post-4270 \"><span class=\"entry-title rich-snippet-hidden\">Ofrecen servicios de ODM y OEM?<\/span><span class=\"vcard rich-snippet-hidden\"><span class=\"fn\"><a href=\"https:\/\/miomicon.com\/es\/author\/miomicon\/\" title=\"Entradas de miomicon\" rel=\"author\">miomicon<\/a><\/span><\/span><span class=\"updated rich-snippet-hidden\">2026-02-15T10:53:25+08:00<\/span><div class=\"panel-heading\"><h4 id=\"faq_1-4270\" class=\"panel-title toggle\"><a data-toggle=\"collapse\" class=\"collapsed\" data-parent=\"#accordian-1\" data-target=\"#collapse-1-4270\" href=\"#collapse-1-4270\" aria-expanded=\"false\"><div class=\"fusion-toggle-icon-wrapper\"><div class=\"fusion-toggle-icon-wrapper-main\"><div class=\"fusion-toggle-icon-wrapper-sub\"><i class=\"fa-fusion-box active-icon awb-icon-minus\" aria-hidden=\"true\"><\/i><i class=\"fa-fusion-box inactive-icon awb-icon-plus\" aria-hidden=\"true\"><\/i><\/div><\/div><\/div><div class=\"fusion-toggle-heading\">Ofrecen servicios de ODM y OEM?<\/div><\/a><\/h4><\/div><div id=\"collapse-1-4270\" aria-labelledby=\"faq_1-4270\" class=\"panel-collapse collapse\"><div class=\"panel-body toggle-content post-content\"><p>S\u00ed, ofrecemos servicios ODM y OEM a muchos clientes en la personalizaci\u00f3n de envases y lentes.<\/p>\n<\/div><\/div><\/div><div class=\"fusion-panel panel-default fusion-faq-post fusion-faq-post-4271 \"><span class=\"entry-title rich-snippet-hidden\">u\u00e1l es su plazo de entrega y env\u00edo?<\/span><span class=\"vcard rich-snippet-hidden\"><span class=\"fn\"><a href=\"https:\/\/miomicon.com\/es\/author\/miomicon\/\" title=\"Entradas de miomicon\" rel=\"author\">miomicon<\/a><\/span><\/span><span class=\"updated rich-snippet-hidden\">2026-02-15T10:53:22+08:00<\/span><div class=\"panel-heading\"><h4 id=\"faq_1-4271\" class=\"panel-title toggle\"><a data-toggle=\"collapse\" class=\"collapsed\" data-parent=\"#accordian-1\" data-target=\"#collapse-1-4271\" href=\"#collapse-1-4271\" aria-expanded=\"false\"><div class=\"fusion-toggle-icon-wrapper\"><div class=\"fusion-toggle-icon-wrapper-main\"><div class=\"fusion-toggle-icon-wrapper-sub\"><i class=\"fa-fusion-box active-icon awb-icon-minus\" aria-hidden=\"true\"><\/i><i class=\"fa-fusion-box inactive-icon awb-icon-plus\" aria-hidden=\"true\"><\/i><\/div><\/div><\/div><div class=\"fusion-toggle-heading\">u\u00e1l es su plazo de entrega y env\u00edo?<\/div><\/a><\/h4><\/div><div id=\"collapse-1-4271\" aria-labelledby=\"faq_1-4271\" class=\"panel-collapse collapse\"><div class=\"panel-body toggle-content post-content\"><p>En un plazo de 7 d\u00edas para pedidos de nuestra marca, en un plazo de 20 d\u00edas para pedidos de marcas personalizadas.<br \/>\nEnviamos la mayor\u00eda de los paquetes por correo urgente o seg\u00fan las indicaciones de los clientes. <\/p>\n<\/div><\/div><\/div><div class=\"fusion-panel panel-default fusion-faq-post fusion-faq-post-4272 \"><span class=\"entry-title rich-snippet-hidden\">Qu\u00e9 m\u00e9todos de pago aceptan?<\/span><span class=\"vcard rich-snippet-hidden\"><span class=\"fn\"><a href=\"https:\/\/miomicon.com\/es\/author\/miomicon\/\" title=\"Entradas de miomicon\" rel=\"author\">miomicon<\/a><\/span><\/span><span class=\"updated rich-snippet-hidden\">2026-02-15T10:53:30+08:00<\/span><div class=\"panel-heading\"><h4 id=\"faq_1-4272\" class=\"panel-title toggle\"><a data-toggle=\"collapse\" class=\"collapsed\" data-parent=\"#accordian-1\" data-target=\"#collapse-1-4272\" href=\"#collapse-1-4272\" aria-expanded=\"false\"><div class=\"fusion-toggle-icon-wrapper\"><div class=\"fusion-toggle-icon-wrapper-main\"><div class=\"fusion-toggle-icon-wrapper-sub\"><i class=\"fa-fusion-box active-icon awb-icon-minus\" aria-hidden=\"true\"><\/i><i class=\"fa-fusion-box inactive-icon awb-icon-plus\" aria-hidden=\"true\"><\/i><\/div><\/div><\/div><div class=\"fusion-toggle-heading\">Qu\u00e9 m\u00e9todos de pago aceptan?<\/div><\/a><\/h4><\/div><div id=\"collapse-1-4272\" aria-labelledby=\"faq_1-4272\" class=\"panel-collapse collapse\"><div class=\"panel-body toggle-content post-content\"><p>La mayor\u00eda de nuestros clientes pagan mediante transferencia bancaria, PayPal, tarjeta de cr\u00e9dito, Western Union o MoneyGram.<\/p>\n<\/div><\/div><\/div><div class=\"fusion-panel panel-default fusion-faq-post fusion-faq-post-4274 \"><span class=\"entry-title rich-snippet-hidden\">Aceptan pedidos peque\u00f1os para empezar?<\/span><span class=\"vcard rich-snippet-hidden\"><span class=\"fn\"><a href=\"https:\/\/miomicon.com\/es\/author\/miomicon\/\" title=\"Entradas de miomicon\" rel=\"author\">miomicon<\/a><\/span><\/span><span class=\"updated rich-snippet-hidden\">2026-02-15T10:53:28+08:00<\/span><div class=\"panel-heading\"><h4 id=\"faq_1-4274\" class=\"panel-title toggle\"><a data-toggle=\"collapse\" class=\"collapsed\" data-parent=\"#accordian-1\" data-target=\"#collapse-1-4274\" href=\"#collapse-1-4274\" aria-expanded=\"false\"><div class=\"fusion-toggle-icon-wrapper\"><div class=\"fusion-toggle-icon-wrapper-main\"><div class=\"fusion-toggle-icon-wrapper-sub\"><i class=\"fa-fusion-box active-icon awb-icon-minus\" aria-hidden=\"true\"><\/i><i class=\"fa-fusion-box inactive-icon awb-icon-plus\" aria-hidden=\"true\"><\/i><\/div><\/div><\/div><div class=\"fusion-toggle-heading\">Aceptan pedidos peque\u00f1os para empezar?<\/div><\/a><\/h4><\/div><div id=\"collapse-1-4274\" aria-labelledby=\"faq_1-4274\" class=\"panel-collapse collapse\"><div class=\"panel-body toggle-content post-content\"><p>S\u00ed, nos encantar\u00eda ayudar a nuestros clientes con pedidos de peque\u00f1as cantidades.<\/p>\n<\/div><\/div><\/div><div class=\"fusion-panel panel-default fusion-faq-post fusion-faq-post-4275 \"><span class=\"entry-title rich-snippet-hidden\">Qu\u00e9 son las lentes de contacto OEM\/ODM?<\/span><span class=\"vcard rich-snippet-hidden\"><span class=\"fn\"><a href=\"https:\/\/miomicon.com\/es\/author\/miomicon\/\" title=\"Entradas de miomicon\" rel=\"author\">miomicon<\/a><\/span><\/span><span class=\"updated rich-snippet-hidden\">2026-02-15T10:53:32+08:00<\/span><div class=\"panel-heading\"><h4 id=\"faq_1-4275\" class=\"panel-title toggle\"><a data-toggle=\"collapse\" class=\"collapsed\" data-parent=\"#accordian-1\" data-target=\"#collapse-1-4275\" href=\"#collapse-1-4275\" aria-expanded=\"false\"><div class=\"fusion-toggle-icon-wrapper\"><div class=\"fusion-toggle-icon-wrapper-main\"><div class=\"fusion-toggle-icon-wrapper-sub\"><i class=\"fa-fusion-box active-icon awb-icon-minus\" aria-hidden=\"true\"><\/i><i class=\"fa-fusion-box inactive-icon awb-icon-plus\" aria-hidden=\"true\"><\/i><\/div><\/div><\/div><div class=\"fusion-toggle-heading\">Qu\u00e9 son las lentes de contacto OEM\/ODM?<\/div><\/a><\/h4><\/div><div id=\"collapse-1-4275\" aria-labelledby=\"faq_1-4275\" class=\"panel-collapse collapse\"><div class=\"panel-body toggle-content post-content\"><p>Lentes de contacto OEM (fabricante de equipos originales) significa que la empresa fabrica las lentes de contacto, pero los productos son vendidos por otra empresa comercial o minorista.<br \/>\nEl fabricante de lentes de contacto OEM solo se centra en la fabricaci\u00f3n, no en el mercado.<br \/>\nEl objetivo de la empresa es producir productos de alta calidad que satisfagan las necesidades de los comerciantes y los clientes.  <\/p>\n<p>Lentes de contacto ODM (fabricante de dise\u00f1o original) es una empresa que ayuda a otras empresas a dise\u00f1ar y fabricar lentes de contacto.<\/p>\n<p>En general, una empresa que puede proporcionar servicios OEM\/OEM, que necesita tener la capacidad suficiente para dise\u00f1ar y desarrollar.<\/p>\n<p>Como fabricante de lentes de contacto de marca, miomi puede ayudarle a personalizar el dise\u00f1o de las lentes de contacto, el embalaje de las lentes y el logotipo de la empresa.<\/p>\n<p>&nbsp;<\/p>\n<\/div><\/div><\/div><div class=\"fusion-panel panel-default fusion-faq-post fusion-faq-post-4273 \"><span class=\"entry-title rich-snippet-hidden\">Lentes de contacto MOQ?<\/span><span class=\"vcard rich-snippet-hidden\"><span class=\"fn\"><a href=\"https:\/\/miomicon.com\/es\/author\/miomicon\/\" title=\"Entradas de miomicon\" rel=\"author\">miomicon<\/a><\/span><\/span><span class=\"updated rich-snippet-hidden\">2025-11-17T13:22:20+08:00<\/span><div class=\"panel-heading\"><h4 id=\"faq_1-4273\" class=\"panel-title toggle\"><a data-toggle=\"collapse\" class=\"collapsed\" data-parent=\"#accordian-1\" data-target=\"#collapse-1-4273\" href=\"#collapse-1-4273\" aria-expanded=\"false\"><div class=\"fusion-toggle-icon-wrapper\"><div class=\"fusion-toggle-icon-wrapper-main\"><div class=\"fusion-toggle-icon-wrapper-sub\"><i class=\"fa-fusion-box active-icon awb-icon-minus\" aria-hidden=\"true\"><\/i><i class=\"fa-fusion-box inactive-icon awb-icon-plus\" aria-hidden=\"true\"><\/i><\/div><\/div><\/div><div class=\"fusion-toggle-heading\">Lentes de contacto MOQ?<\/div><\/a><\/h4><\/div><div id=\"collapse-1-4273\" aria-labelledby=\"faq_1-4273\" class=\"panel-collapse collapse\"><div class=\"panel-body toggle-content post-content\"><p>Si usted es fabricante OEM\/ODM de lentes de contacto anuales para su propia marca, debe pedir al menos 1000 pares de lentes de contacto, mientras que con miomi solo necesita un pedido m\u00ednimo de 50 pares.<\/p>\n<p>Si usted es fabricante OEM\/ODM de lentes de contacto diarias para su propia marca, debe pedir 500 cajas de cada color, un total de al menos 10 000 cajas con etiqueta adhesiva de aluminio.<\/p>\n<p>Si no puede adquirir 10 000 cajas con etiqueta de aluminio, le sugerimos que utilice etiquetas de papel con una cantidad de 1000 cajas.<\/p>\n<\/div><\/div><\/div><div class=\"fusion-panel panel-default fusion-faq-post fusion-faq-post-4276 \"><span class=\"entry-title rich-snippet-hidden\">Qu\u00e9 es el procesamiento de pedidos OEM?<\/span><span class=\"vcard rich-snippet-hidden\"><span class=\"fn\"><a href=\"https:\/\/miomicon.com\/es\/author\/miomicon\/\" title=\"Entradas de miomicon\" rel=\"author\">miomicon<\/a><\/span><\/span><span class=\"updated rich-snippet-hidden\">2026-02-15T10:52:56+08:00<\/span><div class=\"panel-heading\"><h4 id=\"faq_1-4276\" class=\"panel-title toggle\"><a data-toggle=\"collapse\" class=\"collapsed\" data-parent=\"#accordian-1\" data-target=\"#collapse-1-4276\" href=\"#collapse-1-4276\" aria-expanded=\"false\"><div class=\"fusion-toggle-icon-wrapper\"><div class=\"fusion-toggle-icon-wrapper-main\"><div class=\"fusion-toggle-icon-wrapper-sub\"><i class=\"fa-fusion-box active-icon awb-icon-minus\" aria-hidden=\"true\"><\/i><i class=\"fa-fusion-box inactive-icon awb-icon-plus\" aria-hidden=\"true\"><\/i><\/div><\/div><\/div><div class=\"fusion-toggle-heading\">Qu\u00e9 es el procesamiento de pedidos OEM?<\/div><\/a><\/h4><\/div><div id=\"collapse-1-4276\" aria-labelledby=\"faq_1-4276\" class=\"panel-collapse collapse\"><div class=\"panel-body toggle-content post-content\"><p>En primer lugar, por favor, ind\u00edquenos la cantidad y el boceto del dise\u00f1o del paquete, si lo tiene.<br \/>\nCobraremos un dep\u00f3sito del 30 % y el 70 % restante se abonar\u00e1 antes del env\u00edo. <\/p>\n<\/div><\/div><\/div><div class=\"fusion-panel panel-default fusion-faq-post fusion-faq-post-4277 \"><span class=\"entry-title rich-snippet-hidden\">Puedo pedir algunas muestras para probar?<\/span><span class=\"vcard rich-snippet-hidden\"><span class=\"fn\"><a href=\"https:\/\/miomicon.com\/es\/author\/miomicon\/\" title=\"Entradas de miomicon\" rel=\"author\">miomicon<\/a><\/span><\/span><span class=\"updated rich-snippet-hidden\">2026-02-15T10:52:58+08:00<\/span><div class=\"panel-heading\"><h4 id=\"faq_1-4277\" class=\"panel-title toggle\"><a data-toggle=\"collapse\" class=\"collapsed\" data-parent=\"#accordian-1\" data-target=\"#collapse-1-4277\" href=\"#collapse-1-4277\" aria-expanded=\"false\"><div class=\"fusion-toggle-icon-wrapper\"><div class=\"fusion-toggle-icon-wrapper-main\"><div class=\"fusion-toggle-icon-wrapper-sub\"><i class=\"fa-fusion-box active-icon awb-icon-minus\" aria-hidden=\"true\"><\/i><i class=\"fa-fusion-box inactive-icon awb-icon-plus\" aria-hidden=\"true\"><\/i><\/div><\/div><\/div><div class=\"fusion-toggle-heading\">Puedo pedir algunas muestras para probar?<\/div><\/a><\/h4><\/div><div id=\"collapse-1-4277\" aria-labelledby=\"faq_1-4277\" class=\"panel-collapse collapse\"><div class=\"panel-body toggle-content post-content\"><p>S\u00ed, podemos ayudarle a crear su marca de lentes de contacto personalizando el logotipo y el envase para usted.<br \/>\nContamos con un equipo de asistentes de marca con amplia experiencia para los clientes de lentes de contacto de color.<br \/>\nNo dude en ponerse en contacto con nosotros.  <\/p>\n<\/div><\/div><\/div><div class=\"fusion-panel panel-default fusion-faq-post fusion-faq-post-4279 \"><span class=\"entry-title rich-snippet-hidden\">Quiero crear mi propia marca de lentes de contacto, \u00bfme pueden ayudar?<\/span><span class=\"vcard rich-snippet-hidden\"><span class=\"fn\"><a href=\"https:\/\/miomicon.com\/es\/author\/miomicon\/\" title=\"Entradas de miomicon\" rel=\"author\">miomicon<\/a><\/span><\/span><span class=\"updated rich-snippet-hidden\">2026-02-15T10:53:06+08:00<\/span><div class=\"panel-heading\"><h4 id=\"faq_1-4279\" class=\"panel-title toggle\"><a data-toggle=\"collapse\" class=\"collapsed\" data-parent=\"#accordian-1\" data-target=\"#collapse-1-4279\" href=\"#collapse-1-4279\" aria-expanded=\"false\"><div class=\"fusion-toggle-icon-wrapper\"><div class=\"fusion-toggle-icon-wrapper-main\"><div class=\"fusion-toggle-icon-wrapper-sub\"><i class=\"fa-fusion-box active-icon awb-icon-minus\" aria-hidden=\"true\"><\/i><i class=\"fa-fusion-box inactive-icon awb-icon-plus\" aria-hidden=\"true\"><\/i><\/div><\/div><\/div><div class=\"fusion-toggle-heading\">Quiero crear mi propia marca de lentes de contacto, \u00bfme pueden ayudar?<\/div><\/a><\/h4><\/div><div id=\"collapse-1-4279\" aria-labelledby=\"faq_1-4279\" class=\"panel-collapse collapse\"><div class=\"panel-body toggle-content post-content\"><p>P\u00f3ngase en contacto con nuestra comercial, ella le ayudar\u00e1 paso a paso.<\/p>\n<\/div><\/div><\/div><div class=\"fusion-panel panel-default fusion-faq-post fusion-faq-post-4278 \"><span class=\"entry-title rich-snippet-hidden\">Qu\u00e9 tal es el servicio posventa del producto?<\/span><span class=\"vcard rich-snippet-hidden\"><span class=\"fn\"><a href=\"https:\/\/miomicon.com\/es\/author\/miomicon\/\" title=\"Entradas de miomicon\" rel=\"author\">miomicon<\/a><\/span><\/span><span class=\"updated rich-snippet-hidden\">2026-02-15T10:53:00+08:00<\/span><div class=\"panel-heading\"><h4 id=\"faq_1-4278\" class=\"panel-title toggle\"><a data-toggle=\"collapse\" class=\"collapsed\" data-parent=\"#accordian-1\" data-target=\"#collapse-1-4278\" href=\"#collapse-1-4278\" aria-expanded=\"false\"><div class=\"fusion-toggle-icon-wrapper\"><div class=\"fusion-toggle-icon-wrapper-main\"><div class=\"fusion-toggle-icon-wrapper-sub\"><i class=\"fa-fusion-box active-icon awb-icon-minus\" aria-hidden=\"true\"><\/i><i class=\"fa-fusion-box inactive-icon awb-icon-plus\" aria-hidden=\"true\"><\/i><\/div><\/div><\/div><div class=\"fusion-toggle-heading\">Qu\u00e9 tal es el servicio posventa del producto?<\/div><\/a><\/h4><\/div><div id=\"collapse-1-4278\" aria-labelledby=\"faq_1-4278\" class=\"panel-collapse collapse\"><div class=\"panel-body toggle-content post-content\"><p>Si el problema con los productos es causado por nuestra parte, nos comprometemos a responder en un plazo de 1-2 d\u00edas laborables y a realizar la devoluci\u00f3n en el plazo de una semana.<\/p>\n<\/div><\/div><\/div><div class=\"fusion-panel panel-default fusion-faq-post fusion-faq-post-4280 \"><span class=\"entry-title rich-snippet-hidden\">C\u00f3mo obtener su servicio de lentes de contacto OEM\/ODM?<\/span><span class=\"vcard rich-snippet-hidden\"><span class=\"fn\"><a href=\"https:\/\/miomicon.com\/es\/author\/miomicon\/\" title=\"Entradas de miomicon\" rel=\"author\">miomicon<\/a><\/span><\/span><span class=\"updated rich-snippet-hidden\">2026-02-15T10:53:04+08:00<\/span><div class=\"panel-heading\"><h4 id=\"faq_1-4280\" class=\"panel-title toggle\"><a data-toggle=\"collapse\" class=\"collapsed\" data-parent=\"#accordian-1\" data-target=\"#collapse-1-4280\" href=\"#collapse-1-4280\" aria-expanded=\"false\"><div class=\"fusion-toggle-icon-wrapper\"><div class=\"fusion-toggle-icon-wrapper-main\"><div class=\"fusion-toggle-icon-wrapper-sub\"><i class=\"fa-fusion-box active-icon awb-icon-minus\" aria-hidden=\"true\"><\/i><i class=\"fa-fusion-box inactive-icon awb-icon-plus\" aria-hidden=\"true\"><\/i><\/div><\/div><\/div><div class=\"fusion-toggle-heading\">C\u00f3mo obtener su servicio de lentes de contacto OEM\/ODM?<\/div><\/a><\/h4><\/div><div id=\"collapse-1-4280\" aria-labelledby=\"faq_1-4280\" class=\"panel-collapse collapse\"><div class=\"panel-body toggle-content post-content\"><p>Si desea obtener nuestro servicio OEM\/ODM, p\u00f3ngase en contacto con nosotros por correo electr\u00f3nico o WhatsApp.<\/p>\n<p>Lo que debe saber antes de recibir nuestros servicios ODM\/OEM<\/p>\n<p>1. Solo tienes que decirnos cu\u00e1les son tus necesidades y qu\u00e9 es lo que quieres.<br \/>\nPodemos personalizar el mejor dise\u00f1o para usted, incluyendo el logotipo, el estilo de las lentes de contacto y el embalaje de las lentes de contacto.<br \/>\nNuestro cat\u00e1logo de lentes de contacto que puede consultar  <\/p>\n<p>2. Tras un debate continuo, discutiremos la posible implementaci\u00f3n del programa. A continuaci\u00f3n, elaboraremos el plan de producci\u00f3n.<\/p>\n<p>3. Haremos una oferta razonable basada en la dificultad del programa y las cantidades de sus productos.<\/p>\n<p>4. La fase de dise\u00f1o y producci\u00f3n del producto.<br \/>\nMientras tanto, le proporcionaremos informaci\u00f3n y le mantendremos al tanto del proceso de producci\u00f3n. <\/p>\n<p>5. Nos comprometemos a que el producto supere la prueba de calidad y, finalmente, le entregaremos la muestra hasta que quede satisfecho.<\/p>\n<\/div><\/div><\/div><div class=\"fusion-panel panel-default fusion-faq-post fusion-faq-post-4249 \"><span class=\"entry-title rich-snippet-hidden\">Cu\u00e1l es el proceso de fabricaci\u00f3n de lentes de contacto OEM\/ODM?<\/span><span class=\"vcard rich-snippet-hidden\"><span class=\"fn\"><a href=\"https:\/\/miomicon.com\/es\/author\/miomicon\/\" title=\"Entradas de miomicon\" rel=\"author\">miomicon<\/a><\/span><\/span><span class=\"updated rich-snippet-hidden\">2026-02-15T10:52:31+08:00<\/span><div class=\"panel-heading\"><h4 id=\"faq_1-4249\" class=\"panel-title toggle\"><a data-toggle=\"collapse\" class=\"collapsed\" data-parent=\"#accordian-1\" data-target=\"#collapse-1-4249\" href=\"#collapse-1-4249\" aria-expanded=\"false\"><div class=\"fusion-toggle-icon-wrapper\"><div class=\"fusion-toggle-icon-wrapper-main\"><div class=\"fusion-toggle-icon-wrapper-sub\"><i class=\"fa-fusion-box active-icon awb-icon-minus\" aria-hidden=\"true\"><\/i><i class=\"fa-fusion-box inactive-icon awb-icon-plus\" aria-hidden=\"true\"><\/i><\/div><\/div><\/div><div class=\"fusion-toggle-heading\">Cu\u00e1l es el proceso de fabricaci\u00f3n de lentes de contacto OEM\/ODM?<\/div><\/a><\/h4><\/div><div id=\"collapse-1-4249\" aria-labelledby=\"faq_1-4249\" class=\"panel-collapse collapse\"><div class=\"panel-body toggle-content post-content\"><p>1. Detalles de la oferta al cliente<\/p>\n<p>2. Debate sobre los requisitos<\/p>\n<p>3. Calendario y presupuesto<\/p>\n<p>4. Confirmaci\u00f3n y acuerdo<\/p>\n<p>5. Pagar un dep\u00f3sito del 30 %.<\/p>\n<p>6. Dise\u00f1o y prueba de moldes<\/p>\n<p>7. El cliente recibe la muestra y prueba la muestra de lentes de contacto.<\/p>\n<p>8. Confirme la muestra hasta que el cliente est\u00e9 satisfecho.<\/p>\n<p>9. Producci\u00f3n en masa de lentes de contacto.<\/p>\n<\/div><\/div><\/div><\/div><\/div><\/div><\/div><\/div><\/div><\/div><\/div>\n","protected":false},"excerpt":{"rendered":"","protected":false},"author":1,"featured_media":0,"parent":0,"menu_order":0,"comment_status":"closed","ping_status":"closed","template":"100-width.php","meta":{"footnotes":""},"class_list":["post-4206","page","type-page","status-publish","hentry"],"_links":{"self":[{"href":"https:\/\/miomicon.com\/es\/wp-json\/wp\/v2\/pages\/4206","targetHints":{"allow":["GET"]}}],"collection":[{"href":"https:\/\/miomicon.com\/es\/wp-json\/wp\/v2\/pages"}],"about":[{"href":"https:\/\/miomicon.com\/es\/wp-json\/wp\/v2\/types\/page"}],"author":[{"embeddable":true,"href":"https:\/\/miomicon.com\/es\/wp-json\/wp\/v2\/users\/1"}],"replies":[{"embeddable":true,"href":"https:\/\/miomicon.com\/es\/wp-json\/wp\/v2\/comments?post=4206"}],"version-history":[{"count":0,"href":"https:\/\/miomicon.com\/es\/wp-json\/wp\/v2\/pages\/4206\/revisions"}],"wp:attachment":[{"href":"https:\/\/miomicon.com\/es\/wp-json\/wp\/v2\/media?parent=4206"}],"curies":[{"name":"wp","href":"https:\/\/api.w.org\/{rel}","templated":true}]}}