{"id":4513,"date":"2025-11-05T14:40:17","date_gmt":"2025-11-05T06:40:17","guid":{"rendered":"https:\/\/miomicon.com\/product\/unschuldige-farbige-kontaktlinsen\/"},"modified":"2026-03-12T16:52:29","modified_gmt":"2026-03-12T08:52:29","slug":"unschuldige-farbige-kontaktlinsen","status":"publish","type":"product","link":"https:\/\/miomicon.com\/de\/produkt\/unschuldige-farbige-kontaktlinsen\/","title":{"rendered":"Unschuldige farbige Kontaktlinsen"},"content":{"rendered":"<div class=\"table-1\">\n<table style=\"height: 100%;\" width=\"100%\">\n<tbody>\n<tr>\n<td>Material: HEMA<\/td>\n<td>Lentes sem grau de rigidez: macias<\/td>\n<\/tr>\n<tr>\n<td>Durchmesser: 14,5 mm<\/td>\n<td>Ton: 2<\/td>\n<\/tr>\n<tr>\n<td>Durchmesser: 14,0 mm<\/td>\n<td>Ton: 1\/2<\/td>\n<\/tr>\n<tr>\n<td>Verwendbarkeit: 6 Monate<\/td>\n<td>Haltbarkeit: 5 Jahre<\/td>\n<\/tr>\n<tr>\n<td>Leistung: 0,00<\/td>\n<td>Wassergehalt: 40 %<\/td>\n<\/tr>\n<tr>\n<td>Herkunftsort: China, Korea<\/td>\n<td>Verpackung: Blisterverpackung (2 St\u00fcck in einer Box + 1 Linsenbox)<\/td>\n<\/tr>\n<tr>\n<td colspan=\"2\">Farbvarianten (4 verf\u00fcgbar): Braun, Grau, Blau, Schwarz<\/td>\n<\/tr>\n<\/tbody>\n<\/table>\n<\/div>\n<p>&nbsp;<\/p>\n<p><img decoding=\"async\" class=\"lazyload alignnone size-large wp-image-3741\" src=\"https:\/\/miomicon.com\/wp-content\/uploads\/2025\/11\/A-young-lady-model-showcasing-Innocent-natural-colo-1024x1024.jpg\" data-orig-src=\"https:\/\/miomicon.com\/wp-content\/uploads\/2025\/11\/A-young-lady-model-showcasing-Innocent-natural-colo-1024x1024.jpg\" alt=\"\" width=\"1024\" height=\"1024\" title=\"\" srcset=\"data:image\/svg+xml,%3Csvg%20xmlns%3D%27http%3A%2F%2Fwww.w3.org%2F2000%2Fsvg%27%20width%3D%271024%27%20height%3D%271024%27%20viewBox%3D%270%200%201024%201024%27%3E%3Crect%20width%3D%271024%27%20height%3D%271024%27%20fill-opacity%3D%220%22%2F%3E%3C%2Fsvg%3E\" data-srcset=\"https:\/\/miomicon.com\/wp-content\/uploads\/2025\/11\/A-young-lady-model-showcasing-Innocent-natural-colo-66x66.jpg 66w, https:\/\/miomicon.com\/wp-content\/uploads\/2025\/11\/A-young-lady-model-showcasing-Innocent-natural-colo-150x150.jpg 150w, https:\/\/miomicon.com\/wp-content\/uploads\/2025\/11\/A-young-lady-model-showcasing-Innocent-natural-colo-200x200.jpg 200w, https:\/\/miomicon.com\/wp-content\/uploads\/2025\/11\/A-young-lady-model-showcasing-Innocent-natural-colo-300x300.jpg 300w, https:\/\/miomicon.com\/wp-content\/uploads\/2025\/11\/A-young-lady-model-showcasing-Innocent-natural-colo-400x400.jpg 400w, https:\/\/miomicon.com\/wp-content\/uploads\/2025\/11\/A-young-lady-model-showcasing-Innocent-natural-colo-500x500.jpg 500w, https:\/\/miomicon.com\/wp-content\/uploads\/2025\/11\/A-young-lady-model-showcasing-Innocent-natural-colo-600x600.jpg 600w, https:\/\/miomicon.com\/wp-content\/uploads\/2025\/11\/A-young-lady-model-showcasing-Innocent-natural-colo-700x700.jpg 700w, https:\/\/miomicon.com\/wp-content\/uploads\/2025\/11\/A-young-lady-model-showcasing-Innocent-natural-colo-768x768.jpg 768w, https:\/\/miomicon.com\/wp-content\/uploads\/2025\/11\/A-young-lady-model-showcasing-Innocent-natural-colo-800x800.jpg 800w, https:\/\/miomicon.com\/wp-content\/uploads\/2025\/11\/A-young-lady-model-showcasing-Innocent-natural-colo-1024x1024.jpg 1024w, https:\/\/miomicon.com\/wp-content\/uploads\/2025\/11\/A-young-lady-model-showcasing-Innocent-natural-colo.jpg 1080w\" data-sizes=\"auto\" data-orig-sizes=\"(max-width: 1024px) 100vw, 1024px\" \/> <img decoding=\"async\" class=\"lazyload alignnone size-large wp-image-3735\" src=\"https:\/\/miomicon.com\/wp-content\/uploads\/2025\/11\/Grid-layout-of-Innocent-colored-contact-lenses-in_y-1024x1024.jpg\" data-orig-src=\"https:\/\/miomicon.com\/wp-content\/uploads\/2025\/11\/Grid-layout-of-Innocent-colored-contact-lenses-in_y-1024x1024.jpg\" alt=\"\" width=\"1024\" height=\"1024\" title=\"\" srcset=\"data:image\/svg+xml,%3Csvg%20xmlns%3D%27http%3A%2F%2Fwww.w3.org%2F2000%2Fsvg%27%20width%3D%271024%27%20height%3D%271024%27%20viewBox%3D%270%200%201024%201024%27%3E%3Crect%20width%3D%271024%27%20height%3D%271024%27%20fill-opacity%3D%220%22%2F%3E%3C%2Fsvg%3E\" data-srcset=\"https:\/\/miomicon.com\/wp-content\/uploads\/2025\/11\/Grid-layout-of-Innocent-colored-contact-lenses-in_y-66x66.jpg 66w, https:\/\/miomicon.com\/wp-content\/uploads\/2025\/11\/Grid-layout-of-Innocent-colored-contact-lenses-in_y-150x150.jpg 150w, https:\/\/miomicon.com\/wp-content\/uploads\/2025\/11\/Grid-layout-of-Innocent-colored-contact-lenses-in_y-200x200.jpg 200w, https:\/\/miomicon.com\/wp-content\/uploads\/2025\/11\/Grid-layout-of-Innocent-colored-contact-lenses-in_y-300x300.jpg 300w, https:\/\/miomicon.com\/wp-content\/uploads\/2025\/11\/Grid-layout-of-Innocent-colored-contact-lenses-in_y-400x400.jpg 400w, https:\/\/miomicon.com\/wp-content\/uploads\/2025\/11\/Grid-layout-of-Innocent-colored-contact-lenses-in_y-500x500.jpg 500w, https:\/\/miomicon.com\/wp-content\/uploads\/2025\/11\/Grid-layout-of-Innocent-colored-contact-lenses-in_y-600x600.jpg 600w, https:\/\/miomicon.com\/wp-content\/uploads\/2025\/11\/Grid-layout-of-Innocent-colored-contact-lenses-in_y-700x700.jpg 700w, https:\/\/miomicon.com\/wp-content\/uploads\/2025\/11\/Grid-layout-of-Innocent-colored-contact-lenses-in_y-768x768.jpg 768w, https:\/\/miomicon.com\/wp-content\/uploads\/2025\/11\/Grid-layout-of-Innocent-colored-contact-lenses-in_y-800x800.jpg 800w, https:\/\/miomicon.com\/wp-content\/uploads\/2025\/11\/Grid-layout-of-Innocent-colored-contact-lenses-in_y-1024x1024.jpg 1024w, https:\/\/miomicon.com\/wp-content\/uploads\/2025\/11\/Grid-layout-of-Innocent-colored-contact-lenses-in_y.jpg 1080w\" data-sizes=\"auto\" data-orig-sizes=\"(max-width: 1024px) 100vw, 1024px\" \/> <img decoding=\"async\" class=\"lazyload alignnone size-large wp-image-3740\" src=\"https:\/\/miomicon.com\/wp-content\/uploads\/2025\/11\/A-display-of-Innocent-colored-contact-lenses-in_yyt-1024x1024.jpg\" data-orig-src=\"https:\/\/miomicon.com\/wp-content\/uploads\/2025\/11\/A-display-of-Innocent-colored-contact-lenses-in_yyt-1024x1024.jpg\" alt=\"\" width=\"1024\" height=\"1024\" title=\"\" srcset=\"data:image\/svg+xml,%3Csvg%20xmlns%3D%27http%3A%2F%2Fwww.w3.org%2F2000%2Fsvg%27%20width%3D%271024%27%20height%3D%271024%27%20viewBox%3D%270%200%201024%201024%27%3E%3Crect%20width%3D%271024%27%20height%3D%271024%27%20fill-opacity%3D%220%22%2F%3E%3C%2Fsvg%3E\" data-srcset=\"https:\/\/miomicon.com\/wp-content\/uploads\/2025\/11\/A-display-of-Innocent-colored-contact-lenses-in_yyt-66x66.jpg 66w, https:\/\/miomicon.com\/wp-content\/uploads\/2025\/11\/A-display-of-Innocent-colored-contact-lenses-in_yyt-150x150.jpg 150w, https:\/\/miomicon.com\/wp-content\/uploads\/2025\/11\/A-display-of-Innocent-colored-contact-lenses-in_yyt-200x200.jpg 200w, https:\/\/miomicon.com\/wp-content\/uploads\/2025\/11\/A-display-of-Innocent-colored-contact-lenses-in_yyt-300x300.jpg 300w, https:\/\/miomicon.com\/wp-content\/uploads\/2025\/11\/A-display-of-Innocent-colored-contact-lenses-in_yyt-400x400.jpg 400w, https:\/\/miomicon.com\/wp-content\/uploads\/2025\/11\/A-display-of-Innocent-colored-contact-lenses-in_yyt-500x500.jpg 500w, https:\/\/miomicon.com\/wp-content\/uploads\/2025\/11\/A-display-of-Innocent-colored-contact-lenses-in_yyt-600x600.jpg 600w, https:\/\/miomicon.com\/wp-content\/uploads\/2025\/11\/A-display-of-Innocent-colored-contact-lenses-in_yyt-700x700.jpg 700w, https:\/\/miomicon.com\/wp-content\/uploads\/2025\/11\/A-display-of-Innocent-colored-contact-lenses-in_yyt-768x768.jpg 768w, https:\/\/miomicon.com\/wp-content\/uploads\/2025\/11\/A-display-of-Innocent-colored-contact-lenses-in_yyt-800x800.jpg 800w, https:\/\/miomicon.com\/wp-content\/uploads\/2025\/11\/A-display-of-Innocent-colored-contact-lenses-in_yyt-1024x1024.jpg 1024w, https:\/\/miomicon.com\/wp-content\/uploads\/2025\/11\/A-display-of-Innocent-colored-contact-lenses-in_yyt.jpg 1080w\" data-sizes=\"auto\" data-orig-sizes=\"(max-width: 1024px) 100vw, 1024px\" \/> <img decoding=\"async\" class=\"lazyload alignnone size-large wp-image-3739\" src=\"https:\/\/miomicon.com\/wp-content\/uploads\/2025\/11\/2-pcs-lenses-of-Innocent-contact-lenses-on-a-1024x1024.jpg\" data-orig-src=\"https:\/\/miomicon.com\/wp-content\/uploads\/2025\/11\/2-pcs-lenses-of-Innocent-contact-lenses-on-a-1024x1024.jpg\" alt=\"\" width=\"1024\" height=\"1024\" title=\"\" srcset=\"data:image\/svg+xml,%3Csvg%20xmlns%3D%27http%3A%2F%2Fwww.w3.org%2F2000%2Fsvg%27%20width%3D%271024%27%20height%3D%271024%27%20viewBox%3D%270%200%201024%201024%27%3E%3Crect%20width%3D%271024%27%20height%3D%271024%27%20fill-opacity%3D%220%22%2F%3E%3C%2Fsvg%3E\" data-srcset=\"https:\/\/miomicon.com\/wp-content\/uploads\/2025\/11\/2-pcs-lenses-of-Innocent-contact-lenses-on-a-66x66.jpg 66w, https:\/\/miomicon.com\/wp-content\/uploads\/2025\/11\/2-pcs-lenses-of-Innocent-contact-lenses-on-a-150x150.jpg 150w, https:\/\/miomicon.com\/wp-content\/uploads\/2025\/11\/2-pcs-lenses-of-Innocent-contact-lenses-on-a-200x200.jpg 200w, https:\/\/miomicon.com\/wp-content\/uploads\/2025\/11\/2-pcs-lenses-of-Innocent-contact-lenses-on-a-300x300.jpg 300w, https:\/\/miomicon.com\/wp-content\/uploads\/2025\/11\/2-pcs-lenses-of-Innocent-contact-lenses-on-a-400x400.jpg 400w, https:\/\/miomicon.com\/wp-content\/uploads\/2025\/11\/2-pcs-lenses-of-Innocent-contact-lenses-on-a-500x500.jpg 500w, https:\/\/miomicon.com\/wp-content\/uploads\/2025\/11\/2-pcs-lenses-of-Innocent-contact-lenses-on-a-600x600.jpg 600w, https:\/\/miomicon.com\/wp-content\/uploads\/2025\/11\/2-pcs-lenses-of-Innocent-contact-lenses-on-a-700x700.jpg 700w, https:\/\/miomicon.com\/wp-content\/uploads\/2025\/11\/2-pcs-lenses-of-Innocent-contact-lenses-on-a-768x768.jpg 768w, https:\/\/miomicon.com\/wp-content\/uploads\/2025\/11\/2-pcs-lenses-of-Innocent-contact-lenses-on-a-800x800.jpg 800w, https:\/\/miomicon.com\/wp-content\/uploads\/2025\/11\/2-pcs-lenses-of-Innocent-contact-lenses-on-a-1024x1024.jpg 1024w, https:\/\/miomicon.com\/wp-content\/uploads\/2025\/11\/2-pcs-lenses-of-Innocent-contact-lenses-on-a.jpg 1080w\" data-sizes=\"auto\" data-orig-sizes=\"(max-width: 1024px) 100vw, 1024px\" \/> <img decoding=\"async\" class=\"lazyload alignnone size-large wp-image-3745\" src=\"https:\/\/miomicon.com\/wp-content\/uploads\/2025\/11\/Grid-display-of-1-shade-of-Innocent-Cosmetic_yythkg-2-1024x1024.jpg\" data-orig-src=\"https:\/\/miomicon.com\/wp-content\/uploads\/2025\/11\/Grid-display-of-1-shade-of-Innocent-Cosmetic_yythkg-2-1024x1024.jpg\" alt=\"\" width=\"1024\" height=\"1024\" title=\"\" srcset=\"data:image\/svg+xml,%3Csvg%20xmlns%3D%27http%3A%2F%2Fwww.w3.org%2F2000%2Fsvg%27%20width%3D%271024%27%20height%3D%271024%27%20viewBox%3D%270%200%201024%201024%27%3E%3Crect%20width%3D%271024%27%20height%3D%271024%27%20fill-opacity%3D%220%22%2F%3E%3C%2Fsvg%3E\" data-srcset=\"https:\/\/miomicon.com\/wp-content\/uploads\/2025\/11\/Grid-display-of-1-shade-of-Innocent-Cosmetic_yythkg-2-66x66.jpg 66w, https:\/\/miomicon.com\/wp-content\/uploads\/2025\/11\/Grid-display-of-1-shade-of-Innocent-Cosmetic_yythkg-2-150x150.jpg 150w, https:\/\/miomicon.com\/wp-content\/uploads\/2025\/11\/Grid-display-of-1-shade-of-Innocent-Cosmetic_yythkg-2-200x200.jpg 200w, https:\/\/miomicon.com\/wp-content\/uploads\/2025\/11\/Grid-display-of-1-shade-of-Innocent-Cosmetic_yythkg-2-300x300.jpg 300w, https:\/\/miomicon.com\/wp-content\/uploads\/2025\/11\/Grid-display-of-1-shade-of-Innocent-Cosmetic_yythkg-2-400x400.jpg 400w, https:\/\/miomicon.com\/wp-content\/uploads\/2025\/11\/Grid-display-of-1-shade-of-Innocent-Cosmetic_yythkg-2-500x500.jpg 500w, https:\/\/miomicon.com\/wp-content\/uploads\/2025\/11\/Grid-display-of-1-shade-of-Innocent-Cosmetic_yythkg-2-600x600.jpg 600w, https:\/\/miomicon.com\/wp-content\/uploads\/2025\/11\/Grid-display-of-1-shade-of-Innocent-Cosmetic_yythkg-2-700x700.jpg 700w, https:\/\/miomicon.com\/wp-content\/uploads\/2025\/11\/Grid-display-of-1-shade-of-Innocent-Cosmetic_yythkg-2-768x768.jpg 768w, https:\/\/miomicon.com\/wp-content\/uploads\/2025\/11\/Grid-display-of-1-shade-of-Innocent-Cosmetic_yythkg-2-800x800.jpg 800w, https:\/\/miomicon.com\/wp-content\/uploads\/2025\/11\/Grid-display-of-1-shade-of-Innocent-Cosmetic_yythkg-2-1024x1024.jpg 1024w, https:\/\/miomicon.com\/wp-content\/uploads\/2025\/11\/Grid-display-of-1-shade-of-Innocent-Cosmetic_yythkg-2.jpg 1080w\" data-sizes=\"auto\" data-orig-sizes=\"(max-width: 1024px) 100vw, 1024px\" \/> <img decoding=\"async\" class=\"lazyload alignnone size-large wp-image-3737\" src=\"https:\/\/miomicon.com\/wp-content\/uploads\/2025\/11\/2-pcs-lenses-of-Innocent-contact-lenses-on-a-1-1024x1024.jpg\" data-orig-src=\"https:\/\/miomicon.com\/wp-content\/uploads\/2025\/11\/2-pcs-lenses-of-Innocent-contact-lenses-on-a-1-1024x1024.jpg\" alt=\"\" width=\"1024\" height=\"1024\" title=\"\" srcset=\"data:image\/svg+xml,%3Csvg%20xmlns%3D%27http%3A%2F%2Fwww.w3.org%2F2000%2Fsvg%27%20width%3D%271024%27%20height%3D%271024%27%20viewBox%3D%270%200%201024%201024%27%3E%3Crect%20width%3D%271024%27%20height%3D%271024%27%20fill-opacity%3D%220%22%2F%3E%3C%2Fsvg%3E\" data-srcset=\"https:\/\/miomicon.com\/wp-content\/uploads\/2025\/11\/2-pcs-lenses-of-Innocent-contact-lenses-on-a-1-66x66.jpg 66w, https:\/\/miomicon.com\/wp-content\/uploads\/2025\/11\/2-pcs-lenses-of-Innocent-contact-lenses-on-a-1-150x150.jpg 150w, https:\/\/miomicon.com\/wp-content\/uploads\/2025\/11\/2-pcs-lenses-of-Innocent-contact-lenses-on-a-1-200x200.jpg 200w, https:\/\/miomicon.com\/wp-content\/uploads\/2025\/11\/2-pcs-lenses-of-Innocent-contact-lenses-on-a-1-300x300.jpg 300w, https:\/\/miomicon.com\/wp-content\/uploads\/2025\/11\/2-pcs-lenses-of-Innocent-contact-lenses-on-a-1-400x400.jpg 400w, https:\/\/miomicon.com\/wp-content\/uploads\/2025\/11\/2-pcs-lenses-of-Innocent-contact-lenses-on-a-1-500x500.jpg 500w, https:\/\/miomicon.com\/wp-content\/uploads\/2025\/11\/2-pcs-lenses-of-Innocent-contact-lenses-on-a-1-600x600.jpg 600w, https:\/\/miomicon.com\/wp-content\/uploads\/2025\/11\/2-pcs-lenses-of-Innocent-contact-lenses-on-a-1-700x700.jpg 700w, https:\/\/miomicon.com\/wp-content\/uploads\/2025\/11\/2-pcs-lenses-of-Innocent-contact-lenses-on-a-1-768x768.jpg 768w, https:\/\/miomicon.com\/wp-content\/uploads\/2025\/11\/2-pcs-lenses-of-Innocent-contact-lenses-on-a-1-800x800.jpg 800w, https:\/\/miomicon.com\/wp-content\/uploads\/2025\/11\/2-pcs-lenses-of-Innocent-contact-lenses-on-a-1-1024x1024.jpg 1024w, https:\/\/miomicon.com\/wp-content\/uploads\/2025\/11\/2-pcs-lenses-of-Innocent-contact-lenses-on-a-1.jpg 1080w\" data-sizes=\"auto\" data-orig-sizes=\"(max-width: 1024px) 100vw, 1024px\" \/> <img decoding=\"async\" class=\"lazyload alignnone size-large wp-image-3744\" src=\"https:\/\/miomicon.com\/wp-content\/uploads\/2025\/11\/Grid-display-of-1-shade-of-Innocent-Cosmetic_yythkg-1-1024x1024.jpg\" data-orig-src=\"https:\/\/miomicon.com\/wp-content\/uploads\/2025\/11\/Grid-display-of-1-shade-of-Innocent-Cosmetic_yythkg-1-1024x1024.jpg\" alt=\"\" width=\"1024\" height=\"1024\" title=\"\" srcset=\"data:image\/svg+xml,%3Csvg%20xmlns%3D%27http%3A%2F%2Fwww.w3.org%2F2000%2Fsvg%27%20width%3D%271024%27%20height%3D%271024%27%20viewBox%3D%270%200%201024%201024%27%3E%3Crect%20width%3D%271024%27%20height%3D%271024%27%20fill-opacity%3D%220%22%2F%3E%3C%2Fsvg%3E\" data-srcset=\"https:\/\/miomicon.com\/wp-content\/uploads\/2025\/11\/Grid-display-of-1-shade-of-Innocent-Cosmetic_yythkg-1-66x66.jpg 66w, https:\/\/miomicon.com\/wp-content\/uploads\/2025\/11\/Grid-display-of-1-shade-of-Innocent-Cosmetic_yythkg-1-150x150.jpg 150w, https:\/\/miomicon.com\/wp-content\/uploads\/2025\/11\/Grid-display-of-1-shade-of-Innocent-Cosmetic_yythkg-1-200x200.jpg 200w, https:\/\/miomicon.com\/wp-content\/uploads\/2025\/11\/Grid-display-of-1-shade-of-Innocent-Cosmetic_yythkg-1-300x300.jpg 300w, https:\/\/miomicon.com\/wp-content\/uploads\/2025\/11\/Grid-display-of-1-shade-of-Innocent-Cosmetic_yythkg-1-400x400.jpg 400w, https:\/\/miomicon.com\/wp-content\/uploads\/2025\/11\/Grid-display-of-1-shade-of-Innocent-Cosmetic_yythkg-1-500x500.jpg 500w, https:\/\/miomicon.com\/wp-content\/uploads\/2025\/11\/Grid-display-of-1-shade-of-Innocent-Cosmetic_yythkg-1-600x600.jpg 600w, https:\/\/miomicon.com\/wp-content\/uploads\/2025\/11\/Grid-display-of-1-shade-of-Innocent-Cosmetic_yythkg-1-700x700.jpg 700w, https:\/\/miomicon.com\/wp-content\/uploads\/2025\/11\/Grid-display-of-1-shade-of-Innocent-Cosmetic_yythkg-1-768x768.jpg 768w, https:\/\/miomicon.com\/wp-content\/uploads\/2025\/11\/Grid-display-of-1-shade-of-Innocent-Cosmetic_yythkg-1-800x800.jpg 800w, https:\/\/miomicon.com\/wp-content\/uploads\/2025\/11\/Grid-display-of-1-shade-of-Innocent-Cosmetic_yythkg-1-1024x1024.jpg 1024w, https:\/\/miomicon.com\/wp-content\/uploads\/2025\/11\/Grid-display-of-1-shade-of-Innocent-Cosmetic_yythkg-1.jpg 1080w\" data-sizes=\"auto\" data-orig-sizes=\"(max-width: 1024px) 100vw, 1024px\" \/> <img decoding=\"async\" class=\"lazyload alignnone size-large wp-image-3746\" src=\"https:\/\/miomicon.com\/wp-content\/uploads\/2025\/11\/Grid-display-of-1-shade-of-Innocent-Cosmetic_yythkg-1024x1024.jpg\" data-orig-src=\"https:\/\/miomicon.com\/wp-content\/uploads\/2025\/11\/Grid-display-of-1-shade-of-Innocent-Cosmetic_yythkg-1024x1024.jpg\" alt=\"\" width=\"1024\" height=\"1024\" title=\"\" srcset=\"data:image\/svg+xml,%3Csvg%20xmlns%3D%27http%3A%2F%2Fwww.w3.org%2F2000%2Fsvg%27%20width%3D%271024%27%20height%3D%271024%27%20viewBox%3D%270%200%201024%201024%27%3E%3Crect%20width%3D%271024%27%20height%3D%271024%27%20fill-opacity%3D%220%22%2F%3E%3C%2Fsvg%3E\" data-srcset=\"https:\/\/miomicon.com\/wp-content\/uploads\/2025\/11\/Grid-display-of-1-shade-of-Innocent-Cosmetic_yythkg-66x66.jpg 66w, https:\/\/miomicon.com\/wp-content\/uploads\/2025\/11\/Grid-display-of-1-shade-of-Innocent-Cosmetic_yythkg-150x150.jpg 150w, https:\/\/miomicon.com\/wp-content\/uploads\/2025\/11\/Grid-display-of-1-shade-of-Innocent-Cosmetic_yythkg-200x200.jpg 200w, https:\/\/miomicon.com\/wp-content\/uploads\/2025\/11\/Grid-display-of-1-shade-of-Innocent-Cosmetic_yythkg-300x300.jpg 300w, https:\/\/miomicon.com\/wp-content\/uploads\/2025\/11\/Grid-display-of-1-shade-of-Innocent-Cosmetic_yythkg-400x400.jpg 400w, https:\/\/miomicon.com\/wp-content\/uploads\/2025\/11\/Grid-display-of-1-shade-of-Innocent-Cosmetic_yythkg-500x500.jpg 500w, https:\/\/miomicon.com\/wp-content\/uploads\/2025\/11\/Grid-display-of-1-shade-of-Innocent-Cosmetic_yythkg-600x600.jpg 600w, https:\/\/miomicon.com\/wp-content\/uploads\/2025\/11\/Grid-display-of-1-shade-of-Innocent-Cosmetic_yythkg-700x700.jpg 700w, https:\/\/miomicon.com\/wp-content\/uploads\/2025\/11\/Grid-display-of-1-shade-of-Innocent-Cosmetic_yythkg-768x768.jpg 768w, https:\/\/miomicon.com\/wp-content\/uploads\/2025\/11\/Grid-display-of-1-shade-of-Innocent-Cosmetic_yythkg-800x800.jpg 800w, https:\/\/miomicon.com\/wp-content\/uploads\/2025\/11\/Grid-display-of-1-shade-of-Innocent-Cosmetic_yythkg-1024x1024.jpg 1024w, https:\/\/miomicon.com\/wp-content\/uploads\/2025\/11\/Grid-display-of-1-shade-of-Innocent-Cosmetic_yythkg.jpg 1080w\" data-sizes=\"auto\" data-orig-sizes=\"(max-width: 1024px) 100vw, 1024px\" \/> <img decoding=\"async\" class=\"lazyload alignnone size-large wp-image-3742\" src=\"https:\/\/miomicon.com\/wp-content\/uploads\/2025\/11\/Array-of-Innocent-contact-lenses-in-a-white-1024x1024.jpg\" data-orig-src=\"https:\/\/miomicon.com\/wp-content\/uploads\/2025\/11\/Array-of-Innocent-contact-lenses-in-a-white-1024x1024.jpg\" alt=\"\" width=\"1024\" height=\"1024\" title=\"\" srcset=\"data:image\/svg+xml,%3Csvg%20xmlns%3D%27http%3A%2F%2Fwww.w3.org%2F2000%2Fsvg%27%20width%3D%271024%27%20height%3D%271024%27%20viewBox%3D%270%200%201024%201024%27%3E%3Crect%20width%3D%271024%27%20height%3D%271024%27%20fill-opacity%3D%220%22%2F%3E%3C%2Fsvg%3E\" data-srcset=\"https:\/\/miomicon.com\/wp-content\/uploads\/2025\/11\/Array-of-Innocent-contact-lenses-in-a-white-66x66.jpg 66w, https:\/\/miomicon.com\/wp-content\/uploads\/2025\/11\/Array-of-Innocent-contact-lenses-in-a-white-150x150.jpg 150w, https:\/\/miomicon.com\/wp-content\/uploads\/2025\/11\/Array-of-Innocent-contact-lenses-in-a-white-200x200.jpg 200w, https:\/\/miomicon.com\/wp-content\/uploads\/2025\/11\/Array-of-Innocent-contact-lenses-in-a-white-300x300.jpg 300w, https:\/\/miomicon.com\/wp-content\/uploads\/2025\/11\/Array-of-Innocent-contact-lenses-in-a-white-400x400.jpg 400w, https:\/\/miomicon.com\/wp-content\/uploads\/2025\/11\/Array-of-Innocent-contact-lenses-in-a-white-500x500.jpg 500w, https:\/\/miomicon.com\/wp-content\/uploads\/2025\/11\/Array-of-Innocent-contact-lenses-in-a-white-600x600.jpg 600w, https:\/\/miomicon.com\/wp-content\/uploads\/2025\/11\/Array-of-Innocent-contact-lenses-in-a-white-700x700.jpg 700w, https:\/\/miomicon.com\/wp-content\/uploads\/2025\/11\/Array-of-Innocent-contact-lenses-in-a-white-768x768.jpg 768w, https:\/\/miomicon.com\/wp-content\/uploads\/2025\/11\/Array-of-Innocent-contact-lenses-in-a-white-800x800.jpg 800w, https:\/\/miomicon.com\/wp-content\/uploads\/2025\/11\/Array-of-Innocent-contact-lenses-in-a-white-1024x1024.jpg 1024w, https:\/\/miomicon.com\/wp-content\/uploads\/2025\/11\/Array-of-Innocent-contact-lenses-in-a-white.jpg 1080w\" data-sizes=\"auto\" data-orig-sizes=\"(max-width: 1024px) 100vw, 1024px\" \/> <img decoding=\"async\" class=\"lazyload alignnone size-large wp-image-3743\" src=\"https:\/\/miomicon.com\/wp-content\/uploads\/2025\/11\/display-a-Magister-Innocent-contact-lenses-pink-pac-1024x1024.jpg\" data-orig-src=\"https:\/\/miomicon.com\/wp-content\/uploads\/2025\/11\/display-a-Magister-Innocent-contact-lenses-pink-pac-1024x1024.jpg\" alt=\"\" width=\"1024\" height=\"1024\" title=\"\" srcset=\"data:image\/svg+xml,%3Csvg%20xmlns%3D%27http%3A%2F%2Fwww.w3.org%2F2000%2Fsvg%27%20width%3D%271024%27%20height%3D%271024%27%20viewBox%3D%270%200%201024%201024%27%3E%3Crect%20width%3D%271024%27%20height%3D%271024%27%20fill-opacity%3D%220%22%2F%3E%3C%2Fsvg%3E\" data-srcset=\"https:\/\/miomicon.com\/wp-content\/uploads\/2025\/11\/display-a-Magister-Innocent-contact-lenses-pink-pac-66x66.jpg 66w, https:\/\/miomicon.com\/wp-content\/uploads\/2025\/11\/display-a-Magister-Innocent-contact-lenses-pink-pac-150x150.jpg 150w, https:\/\/miomicon.com\/wp-content\/uploads\/2025\/11\/display-a-Magister-Innocent-contact-lenses-pink-pac-200x200.jpg 200w, https:\/\/miomicon.com\/wp-content\/uploads\/2025\/11\/display-a-Magister-Innocent-contact-lenses-pink-pac-300x300.jpg 300w, https:\/\/miomicon.com\/wp-content\/uploads\/2025\/11\/display-a-Magister-Innocent-contact-lenses-pink-pac-400x400.jpg 400w, https:\/\/miomicon.com\/wp-content\/uploads\/2025\/11\/display-a-Magister-Innocent-contact-lenses-pink-pac-500x500.jpg 500w, https:\/\/miomicon.com\/wp-content\/uploads\/2025\/11\/display-a-Magister-Innocent-contact-lenses-pink-pac-600x600.jpg 600w, https:\/\/miomicon.com\/wp-content\/uploads\/2025\/11\/display-a-Magister-Innocent-contact-lenses-pink-pac-700x700.jpg 700w, https:\/\/miomicon.com\/wp-content\/uploads\/2025\/11\/display-a-Magister-Innocent-contact-lenses-pink-pac-768x768.jpg 768w, https:\/\/miomicon.com\/wp-content\/uploads\/2025\/11\/display-a-Magister-Innocent-contact-lenses-pink-pac-800x800.jpg 800w, https:\/\/miomicon.com\/wp-content\/uploads\/2025\/11\/display-a-Magister-Innocent-contact-lenses-pink-pac-1024x1024.jpg 1024w, https:\/\/miomicon.com\/wp-content\/uploads\/2025\/11\/display-a-Magister-Innocent-contact-lenses-pink-pac.jpg 1080w\" data-sizes=\"auto\" data-orig-sizes=\"(max-width: 1024px) 100vw, 1024px\" \/><\/p>\n","protected":false},"excerpt":{"rendered":"<p>Erweitern Sie Ihr Gesch\u00e4ftsangebot mit unserer Innocent-Kollektion, die eine vielf\u00e4ltige Auswahl an 4 nat\u00fcrlichen Kontaktlinsenfarben umfasst. Alle Farben sind auf dem globalen Markt beliebt, sodass diese Serie m\u00fchelos den unterschiedlichen Bed\u00fcrfnissen und Vorlieben Ihrer Kunden gerecht wird. Verpassen Sie nicht diese Gelegenheit, Ihre Produktpalette zu erweitern und die Nachfrage der Verbraucher nach hochwertigen, komfortablen und beeindruckenden farbigen Kontaktlinsen zu befriedigen.  <\/p>\n","protected":false},"featured_media":3741,"comment_status":"closed","ping_status":"closed","template":"","meta":[],"product_brand":[43],"product_cat":[109],"product_tag":[],"class_list":{"0":"post-4513","1":"product","2":"type-product","3":"status-publish","4":"has-post-thumbnail","6":"product_brand-magister","7":"product_cat-naturliche-farbige-kontaktlinsen","9":"first","10":"instock","11":"product-type-simple"},"_links":{"self":[{"href":"https:\/\/miomicon.com\/de\/wp-json\/wp\/v2\/product\/4513","targetHints":{"allow":["GET"]}}],"collection":[{"href":"https:\/\/miomicon.com\/de\/wp-json\/wp\/v2\/product"}],"about":[{"href":"https:\/\/miomicon.com\/de\/wp-json\/wp\/v2\/types\/product"}],"replies":[{"embeddable":true,"href":"https:\/\/miomicon.com\/de\/wp-json\/wp\/v2\/comments?post=4513"}],"wp:featuredmedia":[{"embeddable":true,"href":"https:\/\/miomicon.com\/de\/wp-json\/wp\/v2\/media\/3741"}],"wp:attachment":[{"href":"https:\/\/miomicon.com\/de\/wp-json\/wp\/v2\/media?parent=4513"}],"wp:term":[{"taxonomy":"product_brand","embeddable":true,"href":"https:\/\/miomicon.com\/de\/wp-json\/wp\/v2\/product_brand?post=4513"},{"taxonomy":"product_cat","embeddable":true,"href":"https:\/\/miomicon.com\/de\/wp-json\/wp\/v2\/product_cat?post=4513"},{"taxonomy":"product_tag","embeddable":true,"href":"https:\/\/miomicon.com\/de\/wp-json\/wp\/v2\/product_tag?post=4513"}],"curies":[{"name":"wp","href":"https:\/\/api.w.org\/{rel}","templated":true}]}}