{"id":10981,"date":"2025-11-03T16:35:21","date_gmt":"2025-11-03T08:35:21","guid":{"rendered":"https:\/\/miomicon.com\/product\/anime-kostuem-kontaktlinsen\/"},"modified":"2025-11-03T16:35:21","modified_gmt":"2025-11-03T08:35:21","slug":"anime-kostuem-kontaktlinsen","status":"publish","type":"product","link":"https:\/\/miomicon.com\/de\/produkt\/anime-kostuem-kontaktlinsen\/","title":{"rendered":"Anime-Kost\u00fcm-Kontaktlinsen"},"content":{"rendered":"<div class=\"table-1\">\n<table style=\"height: 100%px;\" width=\"100%\">\n<tbody>\n<tr>\n<td>Material: HEMA<\/td>\n<td>Linsen ohne St\u00e4rke: weich<\/td>\n<\/tr>\n<tr>\n<td>Durchmesser: <strong>14,0 mm<\/strong><\/td>\n<td>Ton: <strong>2<\/strong><\/td>\n<\/tr>\n<tr>\n<td>Durchmesser: 14,0 mm<\/td>\n<td>Ton: 1\/2<\/td>\n<\/tr>\n<tr>\n<td>Einwegartikel: <strong>J\u00e4hrlich<\/strong><\/td>\n<td>Haltbarkeit: <strong>5 Jahre<\/strong><\/td>\n<\/tr>\n<tr>\n<td>Leistung: 0,00<\/td>\n<td>Wassergehalt: 40 %<\/td>\n<\/tr>\n<tr>\n<td>Herkunftsort: <strong>China<\/strong><\/td>\n<td>Verpackung: <strong>Blisterverpackung (2 St\u00fcck pro Schachtel)<\/strong><\/td>\n<\/tr>\n<tr>\n<td colspan=\"2\">Farbvarianten (<strong>3<\/strong> verf\u00fcgbar):<strong> Gelber Ring, orangefarbener Ring mit Netz, rot mit Kreuz<\/strong><\/td>\n<\/tr>\n<\/tbody>\n<\/table>\n<\/div>\n<p>&nbsp;<\/p>\n<p><img decoding=\"async\" class=\"lazyload alignnone size-full wp-image-3122\" src=\"https:\/\/miomicon.com\/wp-content\/uploads\/2025\/11\/DM_20251031123413_001.jpeg\" data-orig-src=\"https:\/\/miomicon.com\/wp-content\/uploads\/2025\/11\/DM_20251031123413_001.jpeg\" alt=\"\" width=\"1080\" height=\"1080\" srcset=\"data:image\/svg+xml,%3Csvg%20xmlns%3D%27http%3A%2F%2Fwww.w3.org%2F2000%2Fsvg%27%20width%3D%271080%27%20height%3D%271080%27%20viewBox%3D%270%200%201080%201080%27%3E%3Crect%20width%3D%271080%27%20height%3D%271080%27%20fill-opacity%3D%220%22%2F%3E%3C%2Fsvg%3E\" data-srcset=\"https:\/\/miomicon.com\/wp-content\/uploads\/2025\/11\/DM_20251031123413_001-66x66.jpeg 66w, https:\/\/miomicon.com\/wp-content\/uploads\/2025\/11\/DM_20251031123413_001-150x150.jpeg 150w, https:\/\/miomicon.com\/wp-content\/uploads\/2025\/11\/DM_20251031123413_001-200x200.jpeg 200w, https:\/\/miomicon.com\/wp-content\/uploads\/2025\/11\/DM_20251031123413_001-300x300.jpeg 300w, https:\/\/miomicon.com\/wp-content\/uploads\/2025\/11\/DM_20251031123413_001-400x400.jpeg 400w, https:\/\/miomicon.com\/wp-content\/uploads\/2025\/11\/DM_20251031123413_001-500x500.jpeg 500w, https:\/\/miomicon.com\/wp-content\/uploads\/2025\/11\/DM_20251031123413_001-600x600.jpeg 600w, https:\/\/miomicon.com\/wp-content\/uploads\/2025\/11\/DM_20251031123413_001-700x700.jpeg 700w, https:\/\/miomicon.com\/wp-content\/uploads\/2025\/11\/DM_20251031123413_001-768x768.jpeg 768w, https:\/\/miomicon.com\/wp-content\/uploads\/2025\/11\/DM_20251031123413_001-800x800.jpeg 800w, https:\/\/miomicon.com\/wp-content\/uploads\/2025\/11\/DM_20251031123413_001-1024x1024.jpeg 1024w, https:\/\/miomicon.com\/wp-content\/uploads\/2025\/11\/DM_20251031123413_001.jpeg 1080w\" data-sizes=\"auto\" data-orig-sizes=\"(max-width: 1080px) 100vw, 1080px\" \/> <img decoding=\"async\" class=\"lazyload alignnone size-full wp-image-3123\" src=\"https:\/\/miomicon.com\/wp-content\/uploads\/2025\/11\/DM_20251031123413_002.jpeg\" data-orig-src=\"https:\/\/miomicon.com\/wp-content\/uploads\/2025\/11\/DM_20251031123413_002.jpeg\" alt=\"\" width=\"1080\" height=\"1080\" srcset=\"data:image\/svg+xml,%3Csvg%20xmlns%3D%27http%3A%2F%2Fwww.w3.org%2F2000%2Fsvg%27%20width%3D%271080%27%20height%3D%271080%27%20viewBox%3D%270%200%201080%201080%27%3E%3Crect%20width%3D%271080%27%20height%3D%271080%27%20fill-opacity%3D%220%22%2F%3E%3C%2Fsvg%3E\" data-srcset=\"https:\/\/miomicon.com\/wp-content\/uploads\/2025\/11\/DM_20251031123413_002-66x66.jpeg 66w, https:\/\/miomicon.com\/wp-content\/uploads\/2025\/11\/DM_20251031123413_002-150x150.jpeg 150w, https:\/\/miomicon.com\/wp-content\/uploads\/2025\/11\/DM_20251031123413_002-200x200.jpeg 200w, https:\/\/miomicon.com\/wp-content\/uploads\/2025\/11\/DM_20251031123413_002-300x300.jpeg 300w, https:\/\/miomicon.com\/wp-content\/uploads\/2025\/11\/DM_20251031123413_002-400x400.jpeg 400w, https:\/\/miomicon.com\/wp-content\/uploads\/2025\/11\/DM_20251031123413_002-500x500.jpeg 500w, https:\/\/miomicon.com\/wp-content\/uploads\/2025\/11\/DM_20251031123413_002-600x600.jpeg 600w, https:\/\/miomicon.com\/wp-content\/uploads\/2025\/11\/DM_20251031123413_002-700x700.jpeg 700w, https:\/\/miomicon.com\/wp-content\/uploads\/2025\/11\/DM_20251031123413_002-768x768.jpeg 768w, https:\/\/miomicon.com\/wp-content\/uploads\/2025\/11\/DM_20251031123413_002-800x800.jpeg 800w, https:\/\/miomicon.com\/wp-content\/uploads\/2025\/11\/DM_20251031123413_002-1024x1024.jpeg 1024w, https:\/\/miomicon.com\/wp-content\/uploads\/2025\/11\/DM_20251031123413_002.jpeg 1080w\" data-sizes=\"auto\" data-orig-sizes=\"(max-width: 1080px) 100vw, 1080px\" \/> <img decoding=\"async\" class=\"lazyload alignnone size-full wp-image-3126\" src=\"https:\/\/miomicon.com\/wp-content\/uploads\/2025\/11\/DM_20251031123413_003.jpeg\" data-orig-src=\"https:\/\/miomicon.com\/wp-content\/uploads\/2025\/11\/DM_20251031123413_003.jpeg\" alt=\"\" width=\"1080\" height=\"1080\" srcset=\"data:image\/svg+xml,%3Csvg%20xmlns%3D%27http%3A%2F%2Fwww.w3.org%2F2000%2Fsvg%27%20width%3D%271080%27%20height%3D%271080%27%20viewBox%3D%270%200%201080%201080%27%3E%3Crect%20width%3D%271080%27%20height%3D%271080%27%20fill-opacity%3D%220%22%2F%3E%3C%2Fsvg%3E\" data-srcset=\"https:\/\/miomicon.com\/wp-content\/uploads\/2025\/11\/DM_20251031123413_003-66x66.jpeg 66w, https:\/\/miomicon.com\/wp-content\/uploads\/2025\/11\/DM_20251031123413_003-150x150.jpeg 150w, https:\/\/miomicon.com\/wp-content\/uploads\/2025\/11\/DM_20251031123413_003-200x200.jpeg 200w, https:\/\/miomicon.com\/wp-content\/uploads\/2025\/11\/DM_20251031123413_003-300x300.jpeg 300w, https:\/\/miomicon.com\/wp-content\/uploads\/2025\/11\/DM_20251031123413_003-400x400.jpeg 400w, https:\/\/miomicon.com\/wp-content\/uploads\/2025\/11\/DM_20251031123413_003-500x500.jpeg 500w, https:\/\/miomicon.com\/wp-content\/uploads\/2025\/11\/DM_20251031123413_003-600x600.jpeg 600w, https:\/\/miomicon.com\/wp-content\/uploads\/2025\/11\/DM_20251031123413_003-700x700.jpeg 700w, https:\/\/miomicon.com\/wp-content\/uploads\/2025\/11\/DM_20251031123413_003-768x768.jpeg 768w, https:\/\/miomicon.com\/wp-content\/uploads\/2025\/11\/DM_20251031123413_003-800x800.jpeg 800w, https:\/\/miomicon.com\/wp-content\/uploads\/2025\/11\/DM_20251031123413_003-1024x1024.jpeg 1024w, https:\/\/miomicon.com\/wp-content\/uploads\/2025\/11\/DM_20251031123413_003.jpeg 1080w\" data-sizes=\"auto\" data-orig-sizes=\"(max-width: 1080px) 100vw, 1080px\" \/> <img decoding=\"async\" class=\"lazyload alignnone size-full wp-image-3129\" src=\"https:\/\/miomicon.com\/wp-content\/uploads\/2025\/11\/DM_20251031123413_004.jpeg\" data-orig-src=\"https:\/\/miomicon.com\/wp-content\/uploads\/2025\/11\/DM_20251031123413_004.jpeg\" alt=\"\" width=\"1080\" height=\"1080\" srcset=\"data:image\/svg+xml,%3Csvg%20xmlns%3D%27http%3A%2F%2Fwww.w3.org%2F2000%2Fsvg%27%20width%3D%271080%27%20height%3D%271080%27%20viewBox%3D%270%200%201080%201080%27%3E%3Crect%20width%3D%271080%27%20height%3D%271080%27%20fill-opacity%3D%220%22%2F%3E%3C%2Fsvg%3E\" data-srcset=\"https:\/\/miomicon.com\/wp-content\/uploads\/2025\/11\/DM_20251031123413_004-66x66.jpeg 66w, https:\/\/miomicon.com\/wp-content\/uploads\/2025\/11\/DM_20251031123413_004-150x150.jpeg 150w, https:\/\/miomicon.com\/wp-content\/uploads\/2025\/11\/DM_20251031123413_004-200x200.jpeg 200w, https:\/\/miomicon.com\/wp-content\/uploads\/2025\/11\/DM_20251031123413_004-300x300.jpeg 300w, https:\/\/miomicon.com\/wp-content\/uploads\/2025\/11\/DM_20251031123413_004-400x400.jpeg 400w, https:\/\/miomicon.com\/wp-content\/uploads\/2025\/11\/DM_20251031123413_004-500x500.jpeg 500w, https:\/\/miomicon.com\/wp-content\/uploads\/2025\/11\/DM_20251031123413_004-600x600.jpeg 600w, https:\/\/miomicon.com\/wp-content\/uploads\/2025\/11\/DM_20251031123413_004-700x700.jpeg 700w, https:\/\/miomicon.com\/wp-content\/uploads\/2025\/11\/DM_20251031123413_004-768x768.jpeg 768w, https:\/\/miomicon.com\/wp-content\/uploads\/2025\/11\/DM_20251031123413_004-800x800.jpeg 800w, https:\/\/miomicon.com\/wp-content\/uploads\/2025\/11\/DM_20251031123413_004-1024x1024.jpeg 1024w, https:\/\/miomicon.com\/wp-content\/uploads\/2025\/11\/DM_20251031123413_004.jpeg 1080w\" data-sizes=\"auto\" data-orig-sizes=\"(max-width: 1080px) 100vw, 1080px\" \/> <img decoding=\"async\" class=\"lazyload alignnone size-full wp-image-3131\" src=\"https:\/\/miomicon.com\/wp-content\/uploads\/2025\/11\/DM_20251031123413_005.jpeg\" data-orig-src=\"https:\/\/miomicon.com\/wp-content\/uploads\/2025\/11\/DM_20251031123413_005.jpeg\" alt=\"\" width=\"1080\" height=\"1080\" srcset=\"data:image\/svg+xml,%3Csvg%20xmlns%3D%27http%3A%2F%2Fwww.w3.org%2F2000%2Fsvg%27%20width%3D%271080%27%20height%3D%271080%27%20viewBox%3D%270%200%201080%201080%27%3E%3Crect%20width%3D%271080%27%20height%3D%271080%27%20fill-opacity%3D%220%22%2F%3E%3C%2Fsvg%3E\" data-srcset=\"https:\/\/miomicon.com\/wp-content\/uploads\/2025\/11\/DM_20251031123413_005-66x66.jpeg 66w, https:\/\/miomicon.com\/wp-content\/uploads\/2025\/11\/DM_20251031123413_005-150x150.jpeg 150w, https:\/\/miomicon.com\/wp-content\/uploads\/2025\/11\/DM_20251031123413_005-200x200.jpeg 200w, https:\/\/miomicon.com\/wp-content\/uploads\/2025\/11\/DM_20251031123413_005-300x300.jpeg 300w, https:\/\/miomicon.com\/wp-content\/uploads\/2025\/11\/DM_20251031123413_005-400x400.jpeg 400w, https:\/\/miomicon.com\/wp-content\/uploads\/2025\/11\/DM_20251031123413_005-500x500.jpeg 500w, https:\/\/miomicon.com\/wp-content\/uploads\/2025\/11\/DM_20251031123413_005-600x600.jpeg 600w, https:\/\/miomicon.com\/wp-content\/uploads\/2025\/11\/DM_20251031123413_005-700x700.jpeg 700w, https:\/\/miomicon.com\/wp-content\/uploads\/2025\/11\/DM_20251031123413_005-768x768.jpeg 768w, https:\/\/miomicon.com\/wp-content\/uploads\/2025\/11\/DM_20251031123413_005-800x800.jpeg 800w, https:\/\/miomicon.com\/wp-content\/uploads\/2025\/11\/DM_20251031123413_005-1024x1024.jpeg 1024w, https:\/\/miomicon.com\/wp-content\/uploads\/2025\/11\/DM_20251031123413_005.jpeg 1080w\" data-sizes=\"auto\" data-orig-sizes=\"(max-width: 1080px) 100vw, 1080px\" \/> <img decoding=\"async\" class=\"lazyload alignnone size-full wp-image-3132\" src=\"https:\/\/miomicon.com\/wp-content\/uploads\/2025\/11\/DM_20251031123413_006.jpeg\" data-orig-src=\"https:\/\/miomicon.com\/wp-content\/uploads\/2025\/11\/DM_20251031123413_006.jpeg\" alt=\"\" width=\"1080\" height=\"1080\" srcset=\"data:image\/svg+xml,%3Csvg%20xmlns%3D%27http%3A%2F%2Fwww.w3.org%2F2000%2Fsvg%27%20width%3D%271080%27%20height%3D%271080%27%20viewBox%3D%270%200%201080%201080%27%3E%3Crect%20width%3D%271080%27%20height%3D%271080%27%20fill-opacity%3D%220%22%2F%3E%3C%2Fsvg%3E\" data-srcset=\"https:\/\/miomicon.com\/wp-content\/uploads\/2025\/11\/DM_20251031123413_006-66x66.jpeg 66w, https:\/\/miomicon.com\/wp-content\/uploads\/2025\/11\/DM_20251031123413_006-150x150.jpeg 150w, https:\/\/miomicon.com\/wp-content\/uploads\/2025\/11\/DM_20251031123413_006-200x200.jpeg 200w, https:\/\/miomicon.com\/wp-content\/uploads\/2025\/11\/DM_20251031123413_006-300x300.jpeg 300w, https:\/\/miomicon.com\/wp-content\/uploads\/2025\/11\/DM_20251031123413_006-400x400.jpeg 400w, https:\/\/miomicon.com\/wp-content\/uploads\/2025\/11\/DM_20251031123413_006-500x500.jpeg 500w, https:\/\/miomicon.com\/wp-content\/uploads\/2025\/11\/DM_20251031123413_006-600x600.jpeg 600w, https:\/\/miomicon.com\/wp-content\/uploads\/2025\/11\/DM_20251031123413_006-700x700.jpeg 700w, https:\/\/miomicon.com\/wp-content\/uploads\/2025\/11\/DM_20251031123413_006-768x768.jpeg 768w, https:\/\/miomicon.com\/wp-content\/uploads\/2025\/11\/DM_20251031123413_006-800x800.jpeg 800w, https:\/\/miomicon.com\/wp-content\/uploads\/2025\/11\/DM_20251031123413_006-1024x1024.jpeg 1024w, https:\/\/miomicon.com\/wp-content\/uploads\/2025\/11\/DM_20251031123413_006.jpeg 1080w\" data-sizes=\"auto\" data-orig-sizes=\"(max-width: 1080px) 100vw, 1080px\" \/> <img decoding=\"async\" class=\"lazyload alignnone size-full wp-image-3134\" src=\"https:\/\/miomicon.com\/wp-content\/uploads\/2025\/11\/DM_20251031123413_007.jpeg\" data-orig-src=\"https:\/\/miomicon.com\/wp-content\/uploads\/2025\/11\/DM_20251031123413_007.jpeg\" alt=\"\" width=\"1080\" height=\"1080\" srcset=\"data:image\/svg+xml,%3Csvg%20xmlns%3D%27http%3A%2F%2Fwww.w3.org%2F2000%2Fsvg%27%20width%3D%271080%27%20height%3D%271080%27%20viewBox%3D%270%200%201080%201080%27%3E%3Crect%20width%3D%271080%27%20height%3D%271080%27%20fill-opacity%3D%220%22%2F%3E%3C%2Fsvg%3E\" data-srcset=\"https:\/\/miomicon.com\/wp-content\/uploads\/2025\/11\/DM_20251031123413_007-66x66.jpeg 66w, https:\/\/miomicon.com\/wp-content\/uploads\/2025\/11\/DM_20251031123413_007-150x150.jpeg 150w, https:\/\/miomicon.com\/wp-content\/uploads\/2025\/11\/DM_20251031123413_007-200x200.jpeg 200w, https:\/\/miomicon.com\/wp-content\/uploads\/2025\/11\/DM_20251031123413_007-300x300.jpeg 300w, https:\/\/miomicon.com\/wp-content\/uploads\/2025\/11\/DM_20251031123413_007-400x400.jpeg 400w, https:\/\/miomicon.com\/wp-content\/uploads\/2025\/11\/DM_20251031123413_007-500x500.jpeg 500w, https:\/\/miomicon.com\/wp-content\/uploads\/2025\/11\/DM_20251031123413_007-600x600.jpeg 600w, https:\/\/miomicon.com\/wp-content\/uploads\/2025\/11\/DM_20251031123413_007-700x700.jpeg 700w, https:\/\/miomicon.com\/wp-content\/uploads\/2025\/11\/DM_20251031123413_007-768x768.jpeg 768w, https:\/\/miomicon.com\/wp-content\/uploads\/2025\/11\/DM_20251031123413_007-800x800.jpeg 800w, https:\/\/miomicon.com\/wp-content\/uploads\/2025\/11\/DM_20251031123413_007-1024x1024.jpeg 1024w, https:\/\/miomicon.com\/wp-content\/uploads\/2025\/11\/DM_20251031123413_007.jpeg 1080w\" data-sizes=\"auto\" data-orig-sizes=\"(max-width: 1080px) 100vw, 1080px\" \/> <img decoding=\"async\" class=\"lazyload alignnone size-full wp-image-3135\" src=\"https:\/\/miomicon.com\/wp-content\/uploads\/2025\/11\/DM_20251031123413_008.jpeg\" data-orig-src=\"https:\/\/miomicon.com\/wp-content\/uploads\/2025\/11\/DM_20251031123413_008.jpeg\" alt=\"\" width=\"1920\" height=\"1080\" srcset=\"data:image\/svg+xml,%3Csvg%20xmlns%3D%27http%3A%2F%2Fwww.w3.org%2F2000%2Fsvg%27%20width%3D%271920%27%20height%3D%271080%27%20viewBox%3D%270%200%201920%201080%27%3E%3Crect%20width%3D%271920%27%20height%3D%271080%27%20fill-opacity%3D%220%22%2F%3E%3C%2Fsvg%3E\" data-srcset=\"https:\/\/miomicon.com\/wp-content\/uploads\/2025\/11\/DM_20251031123413_008-200x113.jpeg 200w, https:\/\/miomicon.com\/wp-content\/uploads\/2025\/11\/DM_20251031123413_008-300x169.jpeg 300w, https:\/\/miomicon.com\/wp-content\/uploads\/2025\/11\/DM_20251031123413_008-400x225.jpeg 400w, https:\/\/miomicon.com\/wp-content\/uploads\/2025\/11\/DM_20251031123413_008-500x281.jpeg 500w, https:\/\/miomicon.com\/wp-content\/uploads\/2025\/11\/DM_20251031123413_008-600x338.jpeg 600w, https:\/\/miomicon.com\/wp-content\/uploads\/2025\/11\/DM_20251031123413_008-700x394.jpeg 700w, https:\/\/miomicon.com\/wp-content\/uploads\/2025\/11\/DM_20251031123413_008-768x432.jpeg 768w, https:\/\/miomicon.com\/wp-content\/uploads\/2025\/11\/DM_20251031123413_008-800x450.jpeg 800w, https:\/\/miomicon.com\/wp-content\/uploads\/2025\/11\/DM_20251031123413_008-1024x576.jpeg 1024w, https:\/\/miomicon.com\/wp-content\/uploads\/2025\/11\/DM_20251031123413_008-1200x675.jpeg 1200w, https:\/\/miomicon.com\/wp-content\/uploads\/2025\/11\/DM_20251031123413_008-1536x864.jpeg 1536w, https:\/\/miomicon.com\/wp-content\/uploads\/2025\/11\/DM_20251031123413_008.jpeg 1920w\" data-sizes=\"auto\" data-orig-sizes=\"(max-width: 1920px) 100vw, 1920px\" \/><\/p>\n","protected":false},"excerpt":{"rendered":"<section id=\"shopify-section-template--21670866813202__232202e0-17f7-490c-89f9-efd3202f04a4\" class=\"shopify-section section\">\n<div class=\"isolate\">\n<div class=\"rich-text content-container color-background-1 gradient rich-text--full-width content-container--full-width section-template--21670866813202__232202e0-17f7-490c-89f9-efd3202f04a4-padding\">\n<div class=\"rich-text__wrapper rich-text__wrapper--center page-width\">\n<div class=\"rich-text__blocks left\">\n<div class=\"rich-text__text rte scroll-trigger animate--slide-in\" data-cascade=\"\">\n<div class=\"metafield-rich_text_field\">\n<p>Verleihen Sie Ihrer Halloween-Produktpalette mit unseren Anime-Kost\u00fcmkontaktlinsen das gewisse Etwas. Diese Linsen imitieren die einzigartigen diamantf\u00f6rmigen vertikalen Pupillen und sind in den leuchtenden Farben Gelb mit Ring, Orange mit Netz und Rot mit Kreuz erh\u00e4ltlich \u2013 ideal, um Cosplay-Outfits aufzuwerten. <\/p>\n<\/div>\n<\/div>\n<\/div>\n<\/div>\n<\/div>\n<\/div>\n<\/section>\n<section id=\"shopify-section-template--21670866813202__2a28fc91-c67b-47d3-ae55-7f8dccf2b5e0\" class=\"shopify-section section\">\n<div class=\"multicolumn color-background-1 gradient background-primary\">\n<div class=\"page-width section-template--21670866813202__2a28fc91-c67b-47d3-ae55-7f8dccf2b5e0-padding isolate scroll-trigger animate--slide-in\" data-cascade=\"\">\n<div class=\"title-wrapper-with-link title-wrapper--self-padded-mobile title-wrapper--no-top-margin\"><\/div>\n<\/div>\n<\/div>\n<\/section>\n","protected":false},"featured_media":3122,"comment_status":"closed","ping_status":"closed","template":"","meta":[],"product_brand":[45],"product_cat":[226],"product_tag":[],"class_list":{"0":"post-10981","1":"product","2":"type-product","3":"status-publish","4":"has-post-thumbnail","6":"product_brand-pseyeche","7":"product_cat-regelmasige-fx-kontakte","9":"first","10":"instock","11":"product-type-simple"},"_links":{"self":[{"href":"https:\/\/miomicon.com\/de\/wp-json\/wp\/v2\/product\/10981","targetHints":{"allow":["GET"]}}],"collection":[{"href":"https:\/\/miomicon.com\/de\/wp-json\/wp\/v2\/product"}],"about":[{"href":"https:\/\/miomicon.com\/de\/wp-json\/wp\/v2\/types\/product"}],"replies":[{"embeddable":true,"href":"https:\/\/miomicon.com\/de\/wp-json\/wp\/v2\/comments?post=10981"}],"wp:featuredmedia":[{"embeddable":true,"href":"https:\/\/miomicon.com\/de\/wp-json\/wp\/v2\/media\/3122"}],"wp:attachment":[{"href":"https:\/\/miomicon.com\/de\/wp-json\/wp\/v2\/media?parent=10981"}],"wp:term":[{"taxonomy":"product_brand","embeddable":true,"href":"https:\/\/miomicon.com\/de\/wp-json\/wp\/v2\/product_brand?post=10981"},{"taxonomy":"product_cat","embeddable":true,"href":"https:\/\/miomicon.com\/de\/wp-json\/wp\/v2\/product_cat?post=10981"},{"taxonomy":"product_tag","embeddable":true,"href":"https:\/\/miomicon.com\/de\/wp-json\/wp\/v2\/product_tag?post=10981"}],"curies":[{"name":"wp","href":"https:\/\/api.w.org\/{rel}","templated":true}]}}