{"id":10806,"date":"2025-11-03T15:25:01","date_gmt":"2025-11-03T07:25:01","guid":{"rendered":"https:\/\/miomicon.com\/product\/nonno-farbige-kontaktlinsen\/"},"modified":"2025-11-03T15:25:01","modified_gmt":"2025-11-03T07:25:01","slug":"nonno-farbige-kontaktlinsen","status":"publish","type":"product","link":"https:\/\/miomicon.com\/de\/produkt\/nonno-farbige-kontaktlinsen\/","title":{"rendered":"Nonno Farbige Kontaktlinsen"},"content":{"rendered":"<div class=\"table-1\">\n<table style=\"height: 100%;\" width=\"100%\">\n<tbody>\n<tr>\n<td>Material: HEMA<\/td>\n<td>Linsen ohne St\u00e4rke: weich<\/td>\n<\/tr>\n<tr>\n<td>Durchmesser:<strong> 14,5 mm<\/strong><\/td>\n<td>Ton: <strong>3<\/strong><\/td>\n<\/tr>\n<tr>\n<td>Durchmesser: 14,0 mm<\/td>\n<td>Ton: 1\/2<\/td>\n<\/tr>\n<tr>\n<td>Entsorgungsh\u00e4ufigkeit: J\u00e4hrlich<\/td>\n<td>Haltbarkeit: 5 Jahre<\/td>\n<\/tr>\n<tr>\n<td>Leistung: 0,00<\/td>\n<td>Wassergehalt: 40 %<\/td>\n<\/tr>\n<tr>\n<td>Herkunftsort: China, Korea<\/td>\n<td>Verpackung: Blisterverpackung (2 St\u00fcck pro Schachtel)<\/td>\n<\/tr>\n<tr>\n<td colspan=\"2\">Farbvarianten ( <strong>7<\/strong> verf\u00fcgbar): <strong>Violett, Gr\u00fcn, Blau, Grau, Haselnussbraun, Rot, Braun<\/strong><\/td>\n<\/tr>\n<\/tbody>\n<\/table>\n<\/div>\n<p>&nbsp;<\/p>\n<p><img decoding=\"async\" class=\"lazyload alignnone size-full wp-image-2942\" src=\"https:\/\/miomicon.com\/wp-content\/uploads\/2025\/11\/A-brown-eyes-model-showcasing-Nonno-natural-colored_yythkg.jpg\" data-orig-src=\"https:\/\/miomicon.com\/wp-content\/uploads\/2025\/11\/A-brown-eyes-model-showcasing-Nonno-natural-colored_yythkg.jpg\" alt=\"\" width=\"1080\" height=\"1080\" srcset=\"data:image\/svg+xml,%3Csvg%20xmlns%3D%27http%3A%2F%2Fwww.w3.org%2F2000%2Fsvg%27%20width%3D%271080%27%20height%3D%271080%27%20viewBox%3D%270%200%201080%201080%27%3E%3Crect%20width%3D%271080%27%20height%3D%271080%27%20fill-opacity%3D%220%22%2F%3E%3C%2Fsvg%3E\" data-srcset=\"https:\/\/miomicon.com\/wp-content\/uploads\/2025\/11\/A-brown-eyes-model-showcasing-Nonno-natural-colored_yythkg-66x66.jpg 66w, https:\/\/miomicon.com\/wp-content\/uploads\/2025\/11\/A-brown-eyes-model-showcasing-Nonno-natural-colored_yythkg-150x150.jpg 150w, https:\/\/miomicon.com\/wp-content\/uploads\/2025\/11\/A-brown-eyes-model-showcasing-Nonno-natural-colored_yythkg-200x200.jpg 200w, https:\/\/miomicon.com\/wp-content\/uploads\/2025\/11\/A-brown-eyes-model-showcasing-Nonno-natural-colored_yythkg-300x300.jpg 300w, https:\/\/miomicon.com\/wp-content\/uploads\/2025\/11\/A-brown-eyes-model-showcasing-Nonno-natural-colored_yythkg-400x400.jpg 400w, https:\/\/miomicon.com\/wp-content\/uploads\/2025\/11\/A-brown-eyes-model-showcasing-Nonno-natural-colored_yythkg-500x500.jpg 500w, https:\/\/miomicon.com\/wp-content\/uploads\/2025\/11\/A-brown-eyes-model-showcasing-Nonno-natural-colored_yythkg-600x600.jpg 600w, https:\/\/miomicon.com\/wp-content\/uploads\/2025\/11\/A-brown-eyes-model-showcasing-Nonno-natural-colored_yythkg-700x700.jpg 700w, https:\/\/miomicon.com\/wp-content\/uploads\/2025\/11\/A-brown-eyes-model-showcasing-Nonno-natural-colored_yythkg-768x768.jpg 768w, https:\/\/miomicon.com\/wp-content\/uploads\/2025\/11\/A-brown-eyes-model-showcasing-Nonno-natural-colored_yythkg-800x800.jpg 800w, https:\/\/miomicon.com\/wp-content\/uploads\/2025\/11\/A-brown-eyes-model-showcasing-Nonno-natural-colored_yythkg-1024x1024.jpg 1024w, https:\/\/miomicon.com\/wp-content\/uploads\/2025\/11\/A-brown-eyes-model-showcasing-Nonno-natural-colored_yythkg.jpg 1080w\" data-sizes=\"auto\" data-orig-sizes=\"(max-width: 1080px) 100vw, 1080px\" \/> <img decoding=\"async\" class=\"lazyload alignnone size-full wp-image-2939\" src=\"https:\/\/miomicon.com\/wp-content\/uploads\/2025\/11\/Grid-layout-of-Nonno-colored-contact-lenses-in_yyth.jpg\" data-orig-src=\"https:\/\/miomicon.com\/wp-content\/uploads\/2025\/11\/Grid-layout-of-Nonno-colored-contact-lenses-in_yyth.jpg\" alt=\"\" width=\"1080\" height=\"1080\" srcset=\"data:image\/svg+xml,%3Csvg%20xmlns%3D%27http%3A%2F%2Fwww.w3.org%2F2000%2Fsvg%27%20width%3D%271080%27%20height%3D%271080%27%20viewBox%3D%270%200%201080%201080%27%3E%3Crect%20width%3D%271080%27%20height%3D%271080%27%20fill-opacity%3D%220%22%2F%3E%3C%2Fsvg%3E\" data-srcset=\"https:\/\/miomicon.com\/wp-content\/uploads\/2025\/11\/Grid-layout-of-Nonno-colored-contact-lenses-in_yyth-66x66.jpg 66w, https:\/\/miomicon.com\/wp-content\/uploads\/2025\/11\/Grid-layout-of-Nonno-colored-contact-lenses-in_yyth-150x150.jpg 150w, https:\/\/miomicon.com\/wp-content\/uploads\/2025\/11\/Grid-layout-of-Nonno-colored-contact-lenses-in_yyth-200x200.jpg 200w, https:\/\/miomicon.com\/wp-content\/uploads\/2025\/11\/Grid-layout-of-Nonno-colored-contact-lenses-in_yyth-300x300.jpg 300w, https:\/\/miomicon.com\/wp-content\/uploads\/2025\/11\/Grid-layout-of-Nonno-colored-contact-lenses-in_yyth-400x400.jpg 400w, https:\/\/miomicon.com\/wp-content\/uploads\/2025\/11\/Grid-layout-of-Nonno-colored-contact-lenses-in_yyth-500x500.jpg 500w, https:\/\/miomicon.com\/wp-content\/uploads\/2025\/11\/Grid-layout-of-Nonno-colored-contact-lenses-in_yyth-600x600.jpg 600w, https:\/\/miomicon.com\/wp-content\/uploads\/2025\/11\/Grid-layout-of-Nonno-colored-contact-lenses-in_yyth-700x700.jpg 700w, https:\/\/miomicon.com\/wp-content\/uploads\/2025\/11\/Grid-layout-of-Nonno-colored-contact-lenses-in_yyth-768x768.jpg 768w, https:\/\/miomicon.com\/wp-content\/uploads\/2025\/11\/Grid-layout-of-Nonno-colored-contact-lenses-in_yyth-800x800.jpg 800w, https:\/\/miomicon.com\/wp-content\/uploads\/2025\/11\/Grid-layout-of-Nonno-colored-contact-lenses-in_yyth-1024x1024.jpg 1024w, https:\/\/miomicon.com\/wp-content\/uploads\/2025\/11\/Grid-layout-of-Nonno-colored-contact-lenses-in_yyth.jpg 1080w\" data-sizes=\"auto\" data-orig-sizes=\"(max-width: 1080px) 100vw, 1080px\" \/> <img decoding=\"async\" class=\"lazyload alignnone size-full wp-image-2943\" src=\"https:\/\/miomicon.com\/wp-content\/uploads\/2025\/11\/A-display-of-Nonno-colored-contact-lenses-in_yythkg.jpg\" data-orig-src=\"https:\/\/miomicon.com\/wp-content\/uploads\/2025\/11\/A-display-of-Nonno-colored-contact-lenses-in_yythkg.jpg\" alt=\"\" width=\"1080\" height=\"1080\" srcset=\"data:image\/svg+xml,%3Csvg%20xmlns%3D%27http%3A%2F%2Fwww.w3.org%2F2000%2Fsvg%27%20width%3D%271080%27%20height%3D%271080%27%20viewBox%3D%270%200%201080%201080%27%3E%3Crect%20width%3D%271080%27%20height%3D%271080%27%20fill-opacity%3D%220%22%2F%3E%3C%2Fsvg%3E\" data-srcset=\"https:\/\/miomicon.com\/wp-content\/uploads\/2025\/11\/A-display-of-Nonno-colored-contact-lenses-in_yythkg-66x66.jpg 66w, https:\/\/miomicon.com\/wp-content\/uploads\/2025\/11\/A-display-of-Nonno-colored-contact-lenses-in_yythkg-150x150.jpg 150w, https:\/\/miomicon.com\/wp-content\/uploads\/2025\/11\/A-display-of-Nonno-colored-contact-lenses-in_yythkg-200x200.jpg 200w, https:\/\/miomicon.com\/wp-content\/uploads\/2025\/11\/A-display-of-Nonno-colored-contact-lenses-in_yythkg-300x300.jpg 300w, https:\/\/miomicon.com\/wp-content\/uploads\/2025\/11\/A-display-of-Nonno-colored-contact-lenses-in_yythkg-400x400.jpg 400w, https:\/\/miomicon.com\/wp-content\/uploads\/2025\/11\/A-display-of-Nonno-colored-contact-lenses-in_yythkg-500x500.jpg 500w, https:\/\/miomicon.com\/wp-content\/uploads\/2025\/11\/A-display-of-Nonno-colored-contact-lenses-in_yythkg-600x600.jpg 600w, https:\/\/miomicon.com\/wp-content\/uploads\/2025\/11\/A-display-of-Nonno-colored-contact-lenses-in_yythkg-700x700.jpg 700w, https:\/\/miomicon.com\/wp-content\/uploads\/2025\/11\/A-display-of-Nonno-colored-contact-lenses-in_yythkg-768x768.jpg 768w, https:\/\/miomicon.com\/wp-content\/uploads\/2025\/11\/A-display-of-Nonno-colored-contact-lenses-in_yythkg-800x800.jpg 800w, https:\/\/miomicon.com\/wp-content\/uploads\/2025\/11\/A-display-of-Nonno-colored-contact-lenses-in_yythkg-1024x1024.jpg 1024w, https:\/\/miomicon.com\/wp-content\/uploads\/2025\/11\/A-display-of-Nonno-colored-contact-lenses-in_yythkg.jpg 1080w\" data-sizes=\"auto\" data-orig-sizes=\"(max-width: 1080px) 100vw, 1080px\" \/> <img decoding=\"async\" class=\"lazyload alignnone size-full wp-image-2946\" src=\"https:\/\/miomicon.com\/wp-content\/uploads\/2025\/11\/Grid-display-of-1-shade-of-Nonno-Cosmetic-Co.jpg\" data-orig-src=\"https:\/\/miomicon.com\/wp-content\/uploads\/2025\/11\/Grid-display-of-1-shade-of-Nonno-Cosmetic-Co.jpg\" alt=\"\" width=\"1080\" height=\"1080\" srcset=\"data:image\/svg+xml,%3Csvg%20xmlns%3D%27http%3A%2F%2Fwww.w3.org%2F2000%2Fsvg%27%20width%3D%271080%27%20height%3D%271080%27%20viewBox%3D%270%200%201080%201080%27%3E%3Crect%20width%3D%271080%27%20height%3D%271080%27%20fill-opacity%3D%220%22%2F%3E%3C%2Fsvg%3E\" data-srcset=\"https:\/\/miomicon.com\/wp-content\/uploads\/2025\/11\/Grid-display-of-1-shade-of-Nonno-Cosmetic-Co-66x66.jpg 66w, https:\/\/miomicon.com\/wp-content\/uploads\/2025\/11\/Grid-display-of-1-shade-of-Nonno-Cosmetic-Co-150x150.jpg 150w, https:\/\/miomicon.com\/wp-content\/uploads\/2025\/11\/Grid-display-of-1-shade-of-Nonno-Cosmetic-Co-200x200.jpg 200w, https:\/\/miomicon.com\/wp-content\/uploads\/2025\/11\/Grid-display-of-1-shade-of-Nonno-Cosmetic-Co-300x300.jpg 300w, https:\/\/miomicon.com\/wp-content\/uploads\/2025\/11\/Grid-display-of-1-shade-of-Nonno-Cosmetic-Co-400x400.jpg 400w, https:\/\/miomicon.com\/wp-content\/uploads\/2025\/11\/Grid-display-of-1-shade-of-Nonno-Cosmetic-Co-500x500.jpg 500w, https:\/\/miomicon.com\/wp-content\/uploads\/2025\/11\/Grid-display-of-1-shade-of-Nonno-Cosmetic-Co-600x600.jpg 600w, https:\/\/miomicon.com\/wp-content\/uploads\/2025\/11\/Grid-display-of-1-shade-of-Nonno-Cosmetic-Co-700x700.jpg 700w, https:\/\/miomicon.com\/wp-content\/uploads\/2025\/11\/Grid-display-of-1-shade-of-Nonno-Cosmetic-Co-768x768.jpg 768w, https:\/\/miomicon.com\/wp-content\/uploads\/2025\/11\/Grid-display-of-1-shade-of-Nonno-Cosmetic-Co-800x800.jpg 800w, https:\/\/miomicon.com\/wp-content\/uploads\/2025\/11\/Grid-display-of-1-shade-of-Nonno-Cosmetic-Co-1024x1024.jpg 1024w, https:\/\/miomicon.com\/wp-content\/uploads\/2025\/11\/Grid-display-of-1-shade-of-Nonno-Cosmetic-Co.jpg 1080w\" data-sizes=\"auto\" data-orig-sizes=\"(max-width: 1080px) 100vw, 1080px\" \/> <img decoding=\"async\" class=\"lazyload alignnone size-full wp-image-2941\" src=\"https:\/\/miomicon.com\/wp-content\/uploads\/2025\/11\/2-pcs-lenses-of-Nonno-contact-lenses-on-a_yy.jpg\" data-orig-src=\"https:\/\/miomicon.com\/wp-content\/uploads\/2025\/11\/2-pcs-lenses-of-Nonno-contact-lenses-on-a_yy.jpg\" alt=\"\" width=\"1080\" height=\"1080\" srcset=\"data:image\/svg+xml,%3Csvg%20xmlns%3D%27http%3A%2F%2Fwww.w3.org%2F2000%2Fsvg%27%20width%3D%271080%27%20height%3D%271080%27%20viewBox%3D%270%200%201080%201080%27%3E%3Crect%20width%3D%271080%27%20height%3D%271080%27%20fill-opacity%3D%220%22%2F%3E%3C%2Fsvg%3E\" data-srcset=\"https:\/\/miomicon.com\/wp-content\/uploads\/2025\/11\/2-pcs-lenses-of-Nonno-contact-lenses-on-a_yy-66x66.jpg 66w, https:\/\/miomicon.com\/wp-content\/uploads\/2025\/11\/2-pcs-lenses-of-Nonno-contact-lenses-on-a_yy-150x150.jpg 150w, https:\/\/miomicon.com\/wp-content\/uploads\/2025\/11\/2-pcs-lenses-of-Nonno-contact-lenses-on-a_yy-200x200.jpg 200w, https:\/\/miomicon.com\/wp-content\/uploads\/2025\/11\/2-pcs-lenses-of-Nonno-contact-lenses-on-a_yy-300x300.jpg 300w, https:\/\/miomicon.com\/wp-content\/uploads\/2025\/11\/2-pcs-lenses-of-Nonno-contact-lenses-on-a_yy-400x400.jpg 400w, https:\/\/miomicon.com\/wp-content\/uploads\/2025\/11\/2-pcs-lenses-of-Nonno-contact-lenses-on-a_yy-500x500.jpg 500w, https:\/\/miomicon.com\/wp-content\/uploads\/2025\/11\/2-pcs-lenses-of-Nonno-contact-lenses-on-a_yy-600x600.jpg 600w, https:\/\/miomicon.com\/wp-content\/uploads\/2025\/11\/2-pcs-lenses-of-Nonno-contact-lenses-on-a_yy-700x700.jpg 700w, https:\/\/miomicon.com\/wp-content\/uploads\/2025\/11\/2-pcs-lenses-of-Nonno-contact-lenses-on-a_yy-768x768.jpg 768w, https:\/\/miomicon.com\/wp-content\/uploads\/2025\/11\/2-pcs-lenses-of-Nonno-contact-lenses-on-a_yy-800x800.jpg 800w, https:\/\/miomicon.com\/wp-content\/uploads\/2025\/11\/2-pcs-lenses-of-Nonno-contact-lenses-on-a_yy-1024x1024.jpg 1024w, https:\/\/miomicon.com\/wp-content\/uploads\/2025\/11\/2-pcs-lenses-of-Nonno-contact-lenses-on-a_yy.jpg 1080w\" data-sizes=\"auto\" data-orig-sizes=\"(max-width: 1080px) 100vw, 1080px\" \/> <img decoding=\"async\" class=\"lazyload alignnone size-full wp-image-2944\" src=\"https:\/\/miomicon.com\/wp-content\/uploads\/2025\/11\/Array-of-Nonno-contact-lenses-in-a-white-cas.jpg\" data-orig-src=\"https:\/\/miomicon.com\/wp-content\/uploads\/2025\/11\/Array-of-Nonno-contact-lenses-in-a-white-cas.jpg\" alt=\"\" width=\"1080\" height=\"1080\" srcset=\"data:image\/svg+xml,%3Csvg%20xmlns%3D%27http%3A%2F%2Fwww.w3.org%2F2000%2Fsvg%27%20width%3D%271080%27%20height%3D%271080%27%20viewBox%3D%270%200%201080%201080%27%3E%3Crect%20width%3D%271080%27%20height%3D%271080%27%20fill-opacity%3D%220%22%2F%3E%3C%2Fsvg%3E\" data-srcset=\"https:\/\/miomicon.com\/wp-content\/uploads\/2025\/11\/Array-of-Nonno-contact-lenses-in-a-white-cas-66x66.jpg 66w, https:\/\/miomicon.com\/wp-content\/uploads\/2025\/11\/Array-of-Nonno-contact-lenses-in-a-white-cas-150x150.jpg 150w, https:\/\/miomicon.com\/wp-content\/uploads\/2025\/11\/Array-of-Nonno-contact-lenses-in-a-white-cas-200x200.jpg 200w, https:\/\/miomicon.com\/wp-content\/uploads\/2025\/11\/Array-of-Nonno-contact-lenses-in-a-white-cas-300x300.jpg 300w, https:\/\/miomicon.com\/wp-content\/uploads\/2025\/11\/Array-of-Nonno-contact-lenses-in-a-white-cas-400x400.jpg 400w, https:\/\/miomicon.com\/wp-content\/uploads\/2025\/11\/Array-of-Nonno-contact-lenses-in-a-white-cas-500x500.jpg 500w, https:\/\/miomicon.com\/wp-content\/uploads\/2025\/11\/Array-of-Nonno-contact-lenses-in-a-white-cas-600x600.jpg 600w, https:\/\/miomicon.com\/wp-content\/uploads\/2025\/11\/Array-of-Nonno-contact-lenses-in-a-white-cas-700x700.jpg 700w, https:\/\/miomicon.com\/wp-content\/uploads\/2025\/11\/Array-of-Nonno-contact-lenses-in-a-white-cas-768x768.jpg 768w, https:\/\/miomicon.com\/wp-content\/uploads\/2025\/11\/Array-of-Nonno-contact-lenses-in-a-white-cas-800x800.jpg 800w, https:\/\/miomicon.com\/wp-content\/uploads\/2025\/11\/Array-of-Nonno-contact-lenses-in-a-white-cas-1024x1024.jpg 1024w, https:\/\/miomicon.com\/wp-content\/uploads\/2025\/11\/Array-of-Nonno-contact-lenses-in-a-white-cas.jpg 1080w\" data-sizes=\"auto\" data-orig-sizes=\"(max-width: 1080px) 100vw, 1080px\" \/> <img decoding=\"async\" class=\"lazyload alignnone size-full wp-image-2945\" src=\"https:\/\/miomicon.com\/wp-content\/uploads\/2025\/11\/display-a-Freshgo-Nonno-contact-lenses-Green-packag.jpg\" data-orig-src=\"https:\/\/miomicon.com\/wp-content\/uploads\/2025\/11\/display-a-Freshgo-Nonno-contact-lenses-Green-packag.jpg\" alt=\"\" width=\"1080\" height=\"1080\" srcset=\"data:image\/svg+xml,%3Csvg%20xmlns%3D%27http%3A%2F%2Fwww.w3.org%2F2000%2Fsvg%27%20width%3D%271080%27%20height%3D%271080%27%20viewBox%3D%270%200%201080%201080%27%3E%3Crect%20width%3D%271080%27%20height%3D%271080%27%20fill-opacity%3D%220%22%2F%3E%3C%2Fsvg%3E\" data-srcset=\"https:\/\/miomicon.com\/wp-content\/uploads\/2025\/11\/display-a-Freshgo-Nonno-contact-lenses-Green-packag-66x66.jpg 66w, https:\/\/miomicon.com\/wp-content\/uploads\/2025\/11\/display-a-Freshgo-Nonno-contact-lenses-Green-packag-150x150.jpg 150w, https:\/\/miomicon.com\/wp-content\/uploads\/2025\/11\/display-a-Freshgo-Nonno-contact-lenses-Green-packag-200x200.jpg 200w, https:\/\/miomicon.com\/wp-content\/uploads\/2025\/11\/display-a-Freshgo-Nonno-contact-lenses-Green-packag-300x300.jpg 300w, https:\/\/miomicon.com\/wp-content\/uploads\/2025\/11\/display-a-Freshgo-Nonno-contact-lenses-Green-packag-400x400.jpg 400w, https:\/\/miomicon.com\/wp-content\/uploads\/2025\/11\/display-a-Freshgo-Nonno-contact-lenses-Green-packag-500x500.jpg 500w, https:\/\/miomicon.com\/wp-content\/uploads\/2025\/11\/display-a-Freshgo-Nonno-contact-lenses-Green-packag-600x600.jpg 600w, https:\/\/miomicon.com\/wp-content\/uploads\/2025\/11\/display-a-Freshgo-Nonno-contact-lenses-Green-packag-700x700.jpg 700w, https:\/\/miomicon.com\/wp-content\/uploads\/2025\/11\/display-a-Freshgo-Nonno-contact-lenses-Green-packag-768x768.jpg 768w, https:\/\/miomicon.com\/wp-content\/uploads\/2025\/11\/display-a-Freshgo-Nonno-contact-lenses-Green-packag-800x800.jpg 800w, https:\/\/miomicon.com\/wp-content\/uploads\/2025\/11\/display-a-Freshgo-Nonno-contact-lenses-Green-packag-1024x1024.jpg 1024w, https:\/\/miomicon.com\/wp-content\/uploads\/2025\/11\/display-a-Freshgo-Nonno-contact-lenses-Green-packag.jpg 1080w\" data-sizes=\"auto\" data-orig-sizes=\"(max-width: 1080px) 100vw, 1080px\" \/><\/p>\n","protected":false},"excerpt":{"rendered":"<p>Steigern Sie Ihr Gesch\u00e4ft Angebot mit unserer Nonno Kollektion, die eine vielf\u00e4ltige Auswahl an 6 nat\u00fcrlichen farbigen Kontaktlinsen umfasst. sie sind alle beliebte Farben auf dem globalen Markt, diese Serie m\u00fchelos den vielf\u00e4ltigen Bed\u00fcrfnissen und Vorlieben Ihrer Kunden gerecht. Verpassen Sie nicht diese Gelegenheit zur Erweiterung Ihrer Produktpalette zu erweitern und die Verbraucher Nachfrage nach Qualit\u00e4t, bequemen, und beeindruckenden farbigen Kontaktlinsen  <\/p>\n","protected":false},"featured_media":2942,"comment_status":"closed","ping_status":"closed","template":"","meta":[],"product_brand":[44],"product_cat":[109],"product_tag":[],"class_list":{"0":"post-10806","1":"product","2":"type-product","3":"status-publish","4":"has-post-thumbnail","6":"product_brand-freshgo","7":"product_cat-naturliche-farbige-kontaktlinsen","9":"first","10":"instock","11":"product-type-simple"},"_links":{"self":[{"href":"https:\/\/miomicon.com\/de\/wp-json\/wp\/v2\/product\/10806","targetHints":{"allow":["GET"]}}],"collection":[{"href":"https:\/\/miomicon.com\/de\/wp-json\/wp\/v2\/product"}],"about":[{"href":"https:\/\/miomicon.com\/de\/wp-json\/wp\/v2\/types\/product"}],"replies":[{"embeddable":true,"href":"https:\/\/miomicon.com\/de\/wp-json\/wp\/v2\/comments?post=10806"}],"wp:featuredmedia":[{"embeddable":true,"href":"https:\/\/miomicon.com\/de\/wp-json\/wp\/v2\/media\/2942"}],"wp:attachment":[{"href":"https:\/\/miomicon.com\/de\/wp-json\/wp\/v2\/media?parent=10806"}],"wp:term":[{"taxonomy":"product_brand","embeddable":true,"href":"https:\/\/miomicon.com\/de\/wp-json\/wp\/v2\/product_brand?post=10806"},{"taxonomy":"product_cat","embeddable":true,"href":"https:\/\/miomicon.com\/de\/wp-json\/wp\/v2\/product_cat?post=10806"},{"taxonomy":"product_tag","embeddable":true,"href":"https:\/\/miomicon.com\/de\/wp-json\/wp\/v2\/product_tag?post=10806"}],"curies":[{"name":"wp","href":"https:\/\/api.w.org\/{rel}","templated":true}]}}