{"id":10709,"date":"2025-11-03T14:55:17","date_gmt":"2025-11-03T06:55:17","guid":{"rendered":"https:\/\/miomicon.com\/product\/drachenaugen-kostuem-kontaktlinsen\/"},"modified":"2025-11-03T14:55:17","modified_gmt":"2025-11-03T06:55:17","slug":"drachenaugen-kostuem-kontaktlinsen","status":"publish","type":"product","link":"https:\/\/miomicon.com\/de\/produkt\/drachenaugen-kostuem-kontaktlinsen\/","title":{"rendered":"Drachenaugen-Kost\u00fcm-Kontaktlinsen"},"content":{"rendered":"<div class=\"table-1\">\n<table style=\"height: 100%px;\" width=\"100%\">\n<tbody>\n<tr>\n<td>Material: HEMA<\/td>\n<td>Linsen ohne St\u00e4rke: weich<\/td>\n<\/tr>\n<tr>\n<td>Durchmesser: <strong>14,0 mm\/14,2 mm\/14,5 mm<\/strong><\/td>\n<td>Ton: <strong>2<\/strong><\/td>\n<\/tr>\n<tr>\n<td>Mittlere Dicke: <strong>0,08 mm<\/strong><\/td>\n<td>Basiskurve: <strong>8,5 mm\/8,6 mm<\/strong><\/td>\n<\/tr>\n<tr>\n<td>Einwegartikel: <strong>J\u00e4hrlich<\/strong><\/td>\n<td>Haltbarkeit: <strong>5 Jahre<\/strong><\/td>\n<\/tr>\n<tr>\n<td>Leistung: 0,00<\/td>\n<td>Wassergehalt: 40 %<\/td>\n<\/tr>\n<tr>\n<td>Herkunftsort: <strong>China<\/strong><\/td>\n<td>Verpackung: <strong>Blisterverpackung (2 St\u00fcck pro Schachtel)<\/strong><\/td>\n<\/tr>\n<tr>\n<td colspan=\"2\">Farbvarianten (<strong>14<\/strong> verf\u00fcgbar):<strong> Drachenaugengelb, Gr\u00fcne Eidechse, Roter D\u00e4mon, Rote Eidechse, Rosa Drache, Feuerdrache, Schwarzer Drache, Grauer Drache, Roter Drache, Hellgr\u00fcner Drache, Gelber Drache, Blauer Drache, Gr\u00fcner Drache, Eisblauer Drache<\/strong><\/td>\n<\/tr>\n<\/tbody>\n<\/table>\n<p>&nbsp;<\/p>\n<\/div>\n<p><img decoding=\"async\" class=\"lazyload alignnone size-full wp-image-2829\" src=\"https:\/\/miomicon.com\/wp-content\/uploads\/2025\/11\/DM_20251031121914_002.jpeg\" data-orig-src=\"https:\/\/miomicon.com\/wp-content\/uploads\/2025\/11\/DM_20251031121914_002.jpeg\" alt=\"\" width=\"1080\" height=\"1080\" srcset=\"data:image\/svg+xml,%3Csvg%20xmlns%3D%27http%3A%2F%2Fwww.w3.org%2F2000%2Fsvg%27%20width%3D%271080%27%20height%3D%271080%27%20viewBox%3D%270%200%201080%201080%27%3E%3Crect%20width%3D%271080%27%20height%3D%271080%27%20fill-opacity%3D%220%22%2F%3E%3C%2Fsvg%3E\" data-srcset=\"https:\/\/miomicon.com\/wp-content\/uploads\/2025\/11\/DM_20251031121914_002-66x66.jpeg 66w, https:\/\/miomicon.com\/wp-content\/uploads\/2025\/11\/DM_20251031121914_002-150x150.jpeg 150w, https:\/\/miomicon.com\/wp-content\/uploads\/2025\/11\/DM_20251031121914_002-200x200.jpeg 200w, https:\/\/miomicon.com\/wp-content\/uploads\/2025\/11\/DM_20251031121914_002-300x300.jpeg 300w, https:\/\/miomicon.com\/wp-content\/uploads\/2025\/11\/DM_20251031121914_002-400x400.jpeg 400w, https:\/\/miomicon.com\/wp-content\/uploads\/2025\/11\/DM_20251031121914_002-500x500.jpeg 500w, https:\/\/miomicon.com\/wp-content\/uploads\/2025\/11\/DM_20251031121914_002-600x600.jpeg 600w, https:\/\/miomicon.com\/wp-content\/uploads\/2025\/11\/DM_20251031121914_002-700x700.jpeg 700w, https:\/\/miomicon.com\/wp-content\/uploads\/2025\/11\/DM_20251031121914_002-768x768.jpeg 768w, https:\/\/miomicon.com\/wp-content\/uploads\/2025\/11\/DM_20251031121914_002-800x800.jpeg 800w, https:\/\/miomicon.com\/wp-content\/uploads\/2025\/11\/DM_20251031121914_002-1024x1024.jpeg 1024w, https:\/\/miomicon.com\/wp-content\/uploads\/2025\/11\/DM_20251031121914_002.jpeg 1080w\" data-sizes=\"auto\" data-orig-sizes=\"(max-width: 1080px) 100vw, 1080px\" \/> <img decoding=\"async\" class=\"lazyload alignnone size-full wp-image-2830\" src=\"https:\/\/miomicon.com\/wp-content\/uploads\/2025\/11\/DM_20251031121914_003.jpeg\" data-orig-src=\"https:\/\/miomicon.com\/wp-content\/uploads\/2025\/11\/DM_20251031121914_003.jpeg\" alt=\"\" width=\"1080\" height=\"1080\" srcset=\"data:image\/svg+xml,%3Csvg%20xmlns%3D%27http%3A%2F%2Fwww.w3.org%2F2000%2Fsvg%27%20width%3D%271080%27%20height%3D%271080%27%20viewBox%3D%270%200%201080%201080%27%3E%3Crect%20width%3D%271080%27%20height%3D%271080%27%20fill-opacity%3D%220%22%2F%3E%3C%2Fsvg%3E\" data-srcset=\"https:\/\/miomicon.com\/wp-content\/uploads\/2025\/11\/DM_20251031121914_003-66x66.jpeg 66w, https:\/\/miomicon.com\/wp-content\/uploads\/2025\/11\/DM_20251031121914_003-150x150.jpeg 150w, https:\/\/miomicon.com\/wp-content\/uploads\/2025\/11\/DM_20251031121914_003-200x200.jpeg 200w, https:\/\/miomicon.com\/wp-content\/uploads\/2025\/11\/DM_20251031121914_003-300x300.jpeg 300w, https:\/\/miomicon.com\/wp-content\/uploads\/2025\/11\/DM_20251031121914_003-400x400.jpeg 400w, https:\/\/miomicon.com\/wp-content\/uploads\/2025\/11\/DM_20251031121914_003-500x500.jpeg 500w, https:\/\/miomicon.com\/wp-content\/uploads\/2025\/11\/DM_20251031121914_003-600x600.jpeg 600w, https:\/\/miomicon.com\/wp-content\/uploads\/2025\/11\/DM_20251031121914_003-700x700.jpeg 700w, https:\/\/miomicon.com\/wp-content\/uploads\/2025\/11\/DM_20251031121914_003-768x768.jpeg 768w, https:\/\/miomicon.com\/wp-content\/uploads\/2025\/11\/DM_20251031121914_003-800x800.jpeg 800w, https:\/\/miomicon.com\/wp-content\/uploads\/2025\/11\/DM_20251031121914_003-1024x1024.jpeg 1024w, https:\/\/miomicon.com\/wp-content\/uploads\/2025\/11\/DM_20251031121914_003.jpeg 1080w\" data-sizes=\"auto\" data-orig-sizes=\"(max-width: 1080px) 100vw, 1080px\" \/> <img decoding=\"async\" class=\"lazyload alignnone size-full wp-image-2831\" src=\"https:\/\/miomicon.com\/wp-content\/uploads\/2025\/11\/DM_20251031121914_004.jpeg\" data-orig-src=\"https:\/\/miomicon.com\/wp-content\/uploads\/2025\/11\/DM_20251031121914_004.jpeg\" alt=\"\" width=\"1080\" height=\"1080\" srcset=\"data:image\/svg+xml,%3Csvg%20xmlns%3D%27http%3A%2F%2Fwww.w3.org%2F2000%2Fsvg%27%20width%3D%271080%27%20height%3D%271080%27%20viewBox%3D%270%200%201080%201080%27%3E%3Crect%20width%3D%271080%27%20height%3D%271080%27%20fill-opacity%3D%220%22%2F%3E%3C%2Fsvg%3E\" data-srcset=\"https:\/\/miomicon.com\/wp-content\/uploads\/2025\/11\/DM_20251031121914_004-66x66.jpeg 66w, https:\/\/miomicon.com\/wp-content\/uploads\/2025\/11\/DM_20251031121914_004-150x150.jpeg 150w, https:\/\/miomicon.com\/wp-content\/uploads\/2025\/11\/DM_20251031121914_004-200x200.jpeg 200w, https:\/\/miomicon.com\/wp-content\/uploads\/2025\/11\/DM_20251031121914_004-300x300.jpeg 300w, https:\/\/miomicon.com\/wp-content\/uploads\/2025\/11\/DM_20251031121914_004-400x400.jpeg 400w, https:\/\/miomicon.com\/wp-content\/uploads\/2025\/11\/DM_20251031121914_004-500x500.jpeg 500w, https:\/\/miomicon.com\/wp-content\/uploads\/2025\/11\/DM_20251031121914_004-600x600.jpeg 600w, https:\/\/miomicon.com\/wp-content\/uploads\/2025\/11\/DM_20251031121914_004-700x700.jpeg 700w, https:\/\/miomicon.com\/wp-content\/uploads\/2025\/11\/DM_20251031121914_004-768x768.jpeg 768w, https:\/\/miomicon.com\/wp-content\/uploads\/2025\/11\/DM_20251031121914_004-800x800.jpeg 800w, https:\/\/miomicon.com\/wp-content\/uploads\/2025\/11\/DM_20251031121914_004-1024x1024.jpeg 1024w, https:\/\/miomicon.com\/wp-content\/uploads\/2025\/11\/DM_20251031121914_004.jpeg 1080w\" data-sizes=\"auto\" data-orig-sizes=\"(max-width: 1080px) 100vw, 1080px\" \/> <img decoding=\"async\" class=\"lazyload alignnone size-full wp-image-2832\" src=\"https:\/\/miomicon.com\/wp-content\/uploads\/2025\/11\/DM_20251031121914_005.jpeg\" data-orig-src=\"https:\/\/miomicon.com\/wp-content\/uploads\/2025\/11\/DM_20251031121914_005.jpeg\" alt=\"\" width=\"1080\" height=\"1080\" srcset=\"data:image\/svg+xml,%3Csvg%20xmlns%3D%27http%3A%2F%2Fwww.w3.org%2F2000%2Fsvg%27%20width%3D%271080%27%20height%3D%271080%27%20viewBox%3D%270%200%201080%201080%27%3E%3Crect%20width%3D%271080%27%20height%3D%271080%27%20fill-opacity%3D%220%22%2F%3E%3C%2Fsvg%3E\" data-srcset=\"https:\/\/miomicon.com\/wp-content\/uploads\/2025\/11\/DM_20251031121914_005-66x66.jpeg 66w, https:\/\/miomicon.com\/wp-content\/uploads\/2025\/11\/DM_20251031121914_005-150x150.jpeg 150w, https:\/\/miomicon.com\/wp-content\/uploads\/2025\/11\/DM_20251031121914_005-200x200.jpeg 200w, https:\/\/miomicon.com\/wp-content\/uploads\/2025\/11\/DM_20251031121914_005-300x300.jpeg 300w, https:\/\/miomicon.com\/wp-content\/uploads\/2025\/11\/DM_20251031121914_005-400x400.jpeg 400w, https:\/\/miomicon.com\/wp-content\/uploads\/2025\/11\/DM_20251031121914_005-500x500.jpeg 500w, https:\/\/miomicon.com\/wp-content\/uploads\/2025\/11\/DM_20251031121914_005-600x600.jpeg 600w, https:\/\/miomicon.com\/wp-content\/uploads\/2025\/11\/DM_20251031121914_005-700x700.jpeg 700w, https:\/\/miomicon.com\/wp-content\/uploads\/2025\/11\/DM_20251031121914_005-768x768.jpeg 768w, https:\/\/miomicon.com\/wp-content\/uploads\/2025\/11\/DM_20251031121914_005-800x800.jpeg 800w, https:\/\/miomicon.com\/wp-content\/uploads\/2025\/11\/DM_20251031121914_005-1024x1024.jpeg 1024w, https:\/\/miomicon.com\/wp-content\/uploads\/2025\/11\/DM_20251031121914_005.jpeg 1080w\" data-sizes=\"auto\" data-orig-sizes=\"(max-width: 1080px) 100vw, 1080px\" \/> <img decoding=\"async\" class=\"lazyload alignnone size-full wp-image-2833\" src=\"https:\/\/miomicon.com\/wp-content\/uploads\/2025\/11\/DM_20251031121914_006.jpeg\" data-orig-src=\"https:\/\/miomicon.com\/wp-content\/uploads\/2025\/11\/DM_20251031121914_006.jpeg\" alt=\"\" width=\"1080\" height=\"1080\" srcset=\"data:image\/svg+xml,%3Csvg%20xmlns%3D%27http%3A%2F%2Fwww.w3.org%2F2000%2Fsvg%27%20width%3D%271080%27%20height%3D%271080%27%20viewBox%3D%270%200%201080%201080%27%3E%3Crect%20width%3D%271080%27%20height%3D%271080%27%20fill-opacity%3D%220%22%2F%3E%3C%2Fsvg%3E\" data-srcset=\"https:\/\/miomicon.com\/wp-content\/uploads\/2025\/11\/DM_20251031121914_006-66x66.jpeg 66w, https:\/\/miomicon.com\/wp-content\/uploads\/2025\/11\/DM_20251031121914_006-150x150.jpeg 150w, https:\/\/miomicon.com\/wp-content\/uploads\/2025\/11\/DM_20251031121914_006-200x200.jpeg 200w, https:\/\/miomicon.com\/wp-content\/uploads\/2025\/11\/DM_20251031121914_006-300x300.jpeg 300w, https:\/\/miomicon.com\/wp-content\/uploads\/2025\/11\/DM_20251031121914_006-400x400.jpeg 400w, https:\/\/miomicon.com\/wp-content\/uploads\/2025\/11\/DM_20251031121914_006-500x500.jpeg 500w, https:\/\/miomicon.com\/wp-content\/uploads\/2025\/11\/DM_20251031121914_006-600x600.jpeg 600w, https:\/\/miomicon.com\/wp-content\/uploads\/2025\/11\/DM_20251031121914_006-700x700.jpeg 700w, https:\/\/miomicon.com\/wp-content\/uploads\/2025\/11\/DM_20251031121914_006-768x768.jpeg 768w, https:\/\/miomicon.com\/wp-content\/uploads\/2025\/11\/DM_20251031121914_006-800x800.jpeg 800w, https:\/\/miomicon.com\/wp-content\/uploads\/2025\/11\/DM_20251031121914_006-1024x1024.jpeg 1024w, https:\/\/miomicon.com\/wp-content\/uploads\/2025\/11\/DM_20251031121914_006.jpeg 1080w\" data-sizes=\"auto\" data-orig-sizes=\"(max-width: 1080px) 100vw, 1080px\" \/> <img decoding=\"async\" class=\"lazyload alignnone size-full wp-image-2834\" src=\"https:\/\/miomicon.com\/wp-content\/uploads\/2025\/11\/DM_20251031121914_007.jpeg\" data-orig-src=\"https:\/\/miomicon.com\/wp-content\/uploads\/2025\/11\/DM_20251031121914_007.jpeg\" alt=\"\" width=\"1080\" height=\"1080\" srcset=\"data:image\/svg+xml,%3Csvg%20xmlns%3D%27http%3A%2F%2Fwww.w3.org%2F2000%2Fsvg%27%20width%3D%271080%27%20height%3D%271080%27%20viewBox%3D%270%200%201080%201080%27%3E%3Crect%20width%3D%271080%27%20height%3D%271080%27%20fill-opacity%3D%220%22%2F%3E%3C%2Fsvg%3E\" data-srcset=\"https:\/\/miomicon.com\/wp-content\/uploads\/2025\/11\/DM_20251031121914_007-66x66.jpeg 66w, https:\/\/miomicon.com\/wp-content\/uploads\/2025\/11\/DM_20251031121914_007-150x150.jpeg 150w, https:\/\/miomicon.com\/wp-content\/uploads\/2025\/11\/DM_20251031121914_007-200x200.jpeg 200w, https:\/\/miomicon.com\/wp-content\/uploads\/2025\/11\/DM_20251031121914_007-300x300.jpeg 300w, https:\/\/miomicon.com\/wp-content\/uploads\/2025\/11\/DM_20251031121914_007-400x400.jpeg 400w, https:\/\/miomicon.com\/wp-content\/uploads\/2025\/11\/DM_20251031121914_007-500x500.jpeg 500w, https:\/\/miomicon.com\/wp-content\/uploads\/2025\/11\/DM_20251031121914_007-600x600.jpeg 600w, https:\/\/miomicon.com\/wp-content\/uploads\/2025\/11\/DM_20251031121914_007-700x700.jpeg 700w, https:\/\/miomicon.com\/wp-content\/uploads\/2025\/11\/DM_20251031121914_007-768x768.jpeg 768w, https:\/\/miomicon.com\/wp-content\/uploads\/2025\/11\/DM_20251031121914_007-800x800.jpeg 800w, https:\/\/miomicon.com\/wp-content\/uploads\/2025\/11\/DM_20251031121914_007-1024x1024.jpeg 1024w, https:\/\/miomicon.com\/wp-content\/uploads\/2025\/11\/DM_20251031121914_007.jpeg 1080w\" data-sizes=\"auto\" data-orig-sizes=\"(max-width: 1080px) 100vw, 1080px\" \/> <img decoding=\"async\" class=\"lazyload alignnone size-full wp-image-2835\" src=\"https:\/\/miomicon.com\/wp-content\/uploads\/2025\/11\/DM_20251031121914_008.jpeg\" data-orig-src=\"https:\/\/miomicon.com\/wp-content\/uploads\/2025\/11\/DM_20251031121914_008.jpeg\" alt=\"\" width=\"1080\" height=\"1080\" srcset=\"data:image\/svg+xml,%3Csvg%20xmlns%3D%27http%3A%2F%2Fwww.w3.org%2F2000%2Fsvg%27%20width%3D%271080%27%20height%3D%271080%27%20viewBox%3D%270%200%201080%201080%27%3E%3Crect%20width%3D%271080%27%20height%3D%271080%27%20fill-opacity%3D%220%22%2F%3E%3C%2Fsvg%3E\" data-srcset=\"https:\/\/miomicon.com\/wp-content\/uploads\/2025\/11\/DM_20251031121914_008-66x66.jpeg 66w, https:\/\/miomicon.com\/wp-content\/uploads\/2025\/11\/DM_20251031121914_008-150x150.jpeg 150w, https:\/\/miomicon.com\/wp-content\/uploads\/2025\/11\/DM_20251031121914_008-200x200.jpeg 200w, https:\/\/miomicon.com\/wp-content\/uploads\/2025\/11\/DM_20251031121914_008-300x300.jpeg 300w, https:\/\/miomicon.com\/wp-content\/uploads\/2025\/11\/DM_20251031121914_008-400x400.jpeg 400w, https:\/\/miomicon.com\/wp-content\/uploads\/2025\/11\/DM_20251031121914_008-500x500.jpeg 500w, https:\/\/miomicon.com\/wp-content\/uploads\/2025\/11\/DM_20251031121914_008-600x600.jpeg 600w, https:\/\/miomicon.com\/wp-content\/uploads\/2025\/11\/DM_20251031121914_008-700x700.jpeg 700w, https:\/\/miomicon.com\/wp-content\/uploads\/2025\/11\/DM_20251031121914_008-768x768.jpeg 768w, https:\/\/miomicon.com\/wp-content\/uploads\/2025\/11\/DM_20251031121914_008-800x800.jpeg 800w, https:\/\/miomicon.com\/wp-content\/uploads\/2025\/11\/DM_20251031121914_008-1024x1024.jpeg 1024w, https:\/\/miomicon.com\/wp-content\/uploads\/2025\/11\/DM_20251031121914_008.jpeg 1080w\" data-sizes=\"auto\" data-orig-sizes=\"(max-width: 1080px) 100vw, 1080px\" \/> <img decoding=\"async\" class=\"lazyload alignnone size-full wp-image-2836\" src=\"https:\/\/miomicon.com\/wp-content\/uploads\/2025\/11\/DM_20251031121914_009.jpeg\" data-orig-src=\"https:\/\/miomicon.com\/wp-content\/uploads\/2025\/11\/DM_20251031121914_009.jpeg\" alt=\"\" width=\"1080\" height=\"1080\" srcset=\"data:image\/svg+xml,%3Csvg%20xmlns%3D%27http%3A%2F%2Fwww.w3.org%2F2000%2Fsvg%27%20width%3D%271080%27%20height%3D%271080%27%20viewBox%3D%270%200%201080%201080%27%3E%3Crect%20width%3D%271080%27%20height%3D%271080%27%20fill-opacity%3D%220%22%2F%3E%3C%2Fsvg%3E\" data-srcset=\"https:\/\/miomicon.com\/wp-content\/uploads\/2025\/11\/DM_20251031121914_009-66x66.jpeg 66w, https:\/\/miomicon.com\/wp-content\/uploads\/2025\/11\/DM_20251031121914_009-150x150.jpeg 150w, https:\/\/miomicon.com\/wp-content\/uploads\/2025\/11\/DM_20251031121914_009-200x200.jpeg 200w, https:\/\/miomicon.com\/wp-content\/uploads\/2025\/11\/DM_20251031121914_009-300x300.jpeg 300w, https:\/\/miomicon.com\/wp-content\/uploads\/2025\/11\/DM_20251031121914_009-400x400.jpeg 400w, https:\/\/miomicon.com\/wp-content\/uploads\/2025\/11\/DM_20251031121914_009-500x500.jpeg 500w, https:\/\/miomicon.com\/wp-content\/uploads\/2025\/11\/DM_20251031121914_009-600x600.jpeg 600w, https:\/\/miomicon.com\/wp-content\/uploads\/2025\/11\/DM_20251031121914_009-700x700.jpeg 700w, https:\/\/miomicon.com\/wp-content\/uploads\/2025\/11\/DM_20251031121914_009-768x768.jpeg 768w, https:\/\/miomicon.com\/wp-content\/uploads\/2025\/11\/DM_20251031121914_009-800x800.jpeg 800w, https:\/\/miomicon.com\/wp-content\/uploads\/2025\/11\/DM_20251031121914_009-1024x1024.jpeg 1024w, https:\/\/miomicon.com\/wp-content\/uploads\/2025\/11\/DM_20251031121914_009.jpeg 1080w\" data-sizes=\"auto\" data-orig-sizes=\"(max-width: 1080px) 100vw, 1080px\" \/><\/p>\n","protected":false},"excerpt":{"rendered":"<section id=\"shopify-section-template--21670866813202__232202e0-17f7-490c-89f9-efd3202f04a4\" class=\"shopify-section section\">\n<div class=\"isolate\">\n<div class=\"rich-text content-container color-background-1 gradient rich-text--full-width content-container--full-width section-template--21670866813202__232202e0-17f7-490c-89f9-efd3202f04a4-padding\">\n<div class=\"rich-text__wrapper rich-text__wrapper--center page-width\">\n<div class=\"rich-text__blocks left\">\n<div class=\"rich-text__text rte scroll-trigger animate--slide-in\" data-cascade=\"\">\n<div class=\"metafield-rich_text_field\">\n<p>Add an edge to your business&#8217;s Halloween product line with our Dragon Eye Costume Contacts. Replicating the unique diamond-shaped vertical pupils, these lenses come in vibrant shades of Dragon eye yellow, Green Lizard, Red Demon, Red Lizard, Pink Dragon, Fire Dragon, Black Dragon, Gray Dragon, Red Dragon, Light Green Dragon, Yellow Dragon, Blue Dragon, Green Dragon, Ice Blue Dragon, ideal for enhancing cosplay ensembles. <\/p>\n<\/div>\n<\/div>\n<\/div>\n<\/div>\n<\/div>\n<\/div>\n<\/section>\n","protected":false},"featured_media":2829,"comment_status":"closed","ping_status":"closed","template":"","meta":[],"product_brand":[45],"product_cat":[226],"product_tag":[],"class_list":{"0":"post-10709","1":"product","2":"type-product","3":"status-publish","4":"has-post-thumbnail","6":"product_brand-pseyeche","7":"product_cat-regelmasige-fx-kontakte","9":"first","10":"instock","11":"product-type-simple"},"_links":{"self":[{"href":"https:\/\/miomicon.com\/de\/wp-json\/wp\/v2\/product\/10709","targetHints":{"allow":["GET"]}}],"collection":[{"href":"https:\/\/miomicon.com\/de\/wp-json\/wp\/v2\/product"}],"about":[{"href":"https:\/\/miomicon.com\/de\/wp-json\/wp\/v2\/types\/product"}],"replies":[{"embeddable":true,"href":"https:\/\/miomicon.com\/de\/wp-json\/wp\/v2\/comments?post=10709"}],"wp:featuredmedia":[{"embeddable":true,"href":"https:\/\/miomicon.com\/de\/wp-json\/wp\/v2\/media\/2829"}],"wp:attachment":[{"href":"https:\/\/miomicon.com\/de\/wp-json\/wp\/v2\/media?parent=10709"}],"wp:term":[{"taxonomy":"product_brand","embeddable":true,"href":"https:\/\/miomicon.com\/de\/wp-json\/wp\/v2\/product_brand?post=10709"},{"taxonomy":"product_cat","embeddable":true,"href":"https:\/\/miomicon.com\/de\/wp-json\/wp\/v2\/product_cat?post=10709"},{"taxonomy":"product_tag","embeddable":true,"href":"https:\/\/miomicon.com\/de\/wp-json\/wp\/v2\/product_tag?post=10709"}],"curies":[{"name":"wp","href":"https:\/\/api.w.org\/{rel}","templated":true}]}}