{"id":10609,"date":"2025-10-30T18:36:40","date_gmt":"2025-10-30T10:36:40","guid":{"rendered":"https:\/\/miomicon.com\/product\/farbige-kontaktlinsen-mit-glaskugel\/"},"modified":"2025-10-30T18:36:40","modified_gmt":"2025-10-30T10:36:40","slug":"farbige-kontaktlinsen-mit-glaskugel","status":"publish","type":"product","link":"https:\/\/miomicon.com\/de\/produkt\/farbige-kontaktlinsen-mit-glaskugel\/","title":{"rendered":"Farbige Kontaktlinsen mit Glaskugel"},"content":{"rendered":"<div class=\"table-1\">\n<table style=\"height: 100%;\" width=\"100%\">\n<tbody>\n<tr>\n<td>Material: HEMA<\/td>\n<td>Linsen ohne St\u00e4rke: weich<\/td>\n<\/tr>\n<tr>\n<td>Durchmesser: <strong>14,2 mm<\/strong><\/td>\n<td>Ton: <strong>1<\/strong><\/td>\n<\/tr>\n<tr>\n<td>Durchmesser: 14,0 mm<\/td>\n<td>Ton: 1\/2<\/td>\n<\/tr>\n<tr>\n<td>Einwegartikel: <strong>j\u00e4hrlich <\/strong><\/td>\n<td>Haltbarkeit: <strong>5 Jahre<\/strong><\/td>\n<\/tr>\n<tr>\n<td>Leistung: 0,0<\/td>\n<p>0W<\/p>\n<td>assergehalt: 40 %<\/td>\n<\/tr>\n<tr>\n<td>Herkunftsort: <strong>China<\/strong>, <strong>Korea<\/strong><\/td>\n<td>Verpackung: <strong>Blisterverpackung (2 St\u00fcck Linsen)<\/strong><\/td>\n<\/tr>\n<tr>\n<td colspan=\"2\">Farbvarianten (<strong>5<\/strong>verf\u00fcgbar): <strong>Schwarz, Braun, Grau, Gr\u00fcn, Hellgrau<\/strong><\/td>\n<\/tr>\n<\/tbody>\n<\/table>\n<p>&nbsp;<\/p>\n<p><img decoding=\"async\" class=\"lazyload alignnone size-full wp-image-2754\" src=\"https:\/\/miomicon.com\/wp-content\/uploads\/2025\/10\/Colored_Contacts_Glass_Ball_Model_4_Variants_jpg.jpg\" data-orig-src=\"https:\/\/miomicon.com\/wp-content\/uploads\/2025\/10\/Colored_Contacts_Glass_Ball_Model_4_Variants_jpg.jpg\" alt=\"\" width=\"1080\" height=\"1080\" srcset=\"data:image\/svg+xml,%3Csvg%20xmlns%3D%27http%3A%2F%2Fwww.w3.org%2F2000%2Fsvg%27%20width%3D%271080%27%20height%3D%271080%27%20viewBox%3D%270%200%201080%201080%27%3E%3Crect%20width%3D%271080%27%20height%3D%271080%27%20fill-opacity%3D%220%22%2F%3E%3C%2Fsvg%3E\" data-srcset=\"https:\/\/miomicon.com\/wp-content\/uploads\/2025\/10\/Colored_Contacts_Glass_Ball_Model_4_Variants_jpg-66x66.jpg 66w, https:\/\/miomicon.com\/wp-content\/uploads\/2025\/10\/Colored_Contacts_Glass_Ball_Model_4_Variants_jpg-150x150.jpg 150w, https:\/\/miomicon.com\/wp-content\/uploads\/2025\/10\/Colored_Contacts_Glass_Ball_Model_4_Variants_jpg-200x200.jpg 200w, https:\/\/miomicon.com\/wp-content\/uploads\/2025\/10\/Colored_Contacts_Glass_Ball_Model_4_Variants_jpg-300x300.jpg 300w, https:\/\/miomicon.com\/wp-content\/uploads\/2025\/10\/Colored_Contacts_Glass_Ball_Model_4_Variants_jpg-400x400.jpg 400w, https:\/\/miomicon.com\/wp-content\/uploads\/2025\/10\/Colored_Contacts_Glass_Ball_Model_4_Variants_jpg-500x500.jpg 500w, https:\/\/miomicon.com\/wp-content\/uploads\/2025\/10\/Colored_Contacts_Glass_Ball_Model_4_Variants_jpg-600x600.jpg 600w, https:\/\/miomicon.com\/wp-content\/uploads\/2025\/10\/Colored_Contacts_Glass_Ball_Model_4_Variants_jpg-700x700.jpg 700w, https:\/\/miomicon.com\/wp-content\/uploads\/2025\/10\/Colored_Contacts_Glass_Ball_Model_4_Variants_jpg-768x768.jpg 768w, https:\/\/miomicon.com\/wp-content\/uploads\/2025\/10\/Colored_Contacts_Glass_Ball_Model_4_Variants_jpg-800x800.jpg 800w, https:\/\/miomicon.com\/wp-content\/uploads\/2025\/10\/Colored_Contacts_Glass_Ball_Model_4_Variants_jpg-1024x1024.jpg 1024w, https:\/\/miomicon.com\/wp-content\/uploads\/2025\/10\/Colored_Contacts_Glass_Ball_Model_4_Variants_jpg.jpg 1080w\" data-sizes=\"auto\" data-orig-sizes=\"(max-width: 1080px) 100vw, 1080px\" \/> <img decoding=\"async\" class=\"lazyload alignnone size-full wp-image-2747\" src=\"https:\/\/miomicon.com\/wp-content\/uploads\/2025\/10\/Colored_Contact_Lenses_Glass_Ball_6_Variants_All_Lenses_jpg.jpg\" data-orig-src=\"https:\/\/miomicon.com\/wp-content\/uploads\/2025\/10\/Colored_Contact_Lenses_Glass_Ball_6_Variants_All_Lenses_jpg.jpg\" alt=\"\" width=\"800\" height=\"800\" srcset=\"data:image\/svg+xml,%3Csvg%20xmlns%3D%27http%3A%2F%2Fwww.w3.org%2F2000%2Fsvg%27%20width%3D%27800%27%20height%3D%27800%27%20viewBox%3D%270%200%20800%20800%27%3E%3Crect%20width%3D%27800%27%20height%3D%27800%27%20fill-opacity%3D%220%22%2F%3E%3C%2Fsvg%3E\" data-srcset=\"https:\/\/miomicon.com\/wp-content\/uploads\/2025\/10\/Colored_Contact_Lenses_Glass_Ball_6_Variants_All_Lenses_jpg-66x66.jpg 66w, https:\/\/miomicon.com\/wp-content\/uploads\/2025\/10\/Colored_Contact_Lenses_Glass_Ball_6_Variants_All_Lenses_jpg-150x150.jpg 150w, https:\/\/miomicon.com\/wp-content\/uploads\/2025\/10\/Colored_Contact_Lenses_Glass_Ball_6_Variants_All_Lenses_jpg-200x200.jpg 200w, https:\/\/miomicon.com\/wp-content\/uploads\/2025\/10\/Colored_Contact_Lenses_Glass_Ball_6_Variants_All_Lenses_jpg-300x300.jpg 300w, https:\/\/miomicon.com\/wp-content\/uploads\/2025\/10\/Colored_Contact_Lenses_Glass_Ball_6_Variants_All_Lenses_jpg-400x400.jpg 400w, https:\/\/miomicon.com\/wp-content\/uploads\/2025\/10\/Colored_Contact_Lenses_Glass_Ball_6_Variants_All_Lenses_jpg-500x500.jpg 500w, https:\/\/miomicon.com\/wp-content\/uploads\/2025\/10\/Colored_Contact_Lenses_Glass_Ball_6_Variants_All_Lenses_jpg-600x600.jpg 600w, https:\/\/miomicon.com\/wp-content\/uploads\/2025\/10\/Colored_Contact_Lenses_Glass_Ball_6_Variants_All_Lenses_jpg-700x700.jpg 700w, https:\/\/miomicon.com\/wp-content\/uploads\/2025\/10\/Colored_Contact_Lenses_Glass_Ball_6_Variants_All_Lenses_jpg-768x768.jpg 768w, https:\/\/miomicon.com\/wp-content\/uploads\/2025\/10\/Colored_Contact_Lenses_Glass_Ball_6_Variants_All_Lenses_jpg.jpg 800w\" data-sizes=\"auto\" data-orig-sizes=\"(max-width: 800px) 100vw, 800px\" \/> <img decoding=\"async\" class=\"lazyload alignnone size-full wp-image-2748\" src=\"https:\/\/miomicon.com\/wp-content\/uploads\/2025\/10\/Colored_Contact_Lenses_Glass_Ball_6_Variants_in_model_wearing_All_Lenses_jpg.jpg\" data-orig-src=\"https:\/\/miomicon.com\/wp-content\/uploads\/2025\/10\/Colored_Contact_Lenses_Glass_Ball_6_Variants_in_model_wearing_All_Lenses_jpg.jpg\" alt=\"\" width=\"800\" height=\"800\" srcset=\"data:image\/svg+xml,%3Csvg%20xmlns%3D%27http%3A%2F%2Fwww.w3.org%2F2000%2Fsvg%27%20width%3D%27800%27%20height%3D%27800%27%20viewBox%3D%270%200%20800%20800%27%3E%3Crect%20width%3D%27800%27%20height%3D%27800%27%20fill-opacity%3D%220%22%2F%3E%3C%2Fsvg%3E\" data-srcset=\"https:\/\/miomicon.com\/wp-content\/uploads\/2025\/10\/Colored_Contact_Lenses_Glass_Ball_6_Variants_in_model_wearing_All_Lenses_jpg-66x66.jpg 66w, https:\/\/miomicon.com\/wp-content\/uploads\/2025\/10\/Colored_Contact_Lenses_Glass_Ball_6_Variants_in_model_wearing_All_Lenses_jpg-150x150.jpg 150w, https:\/\/miomicon.com\/wp-content\/uploads\/2025\/10\/Colored_Contact_Lenses_Glass_Ball_6_Variants_in_model_wearing_All_Lenses_jpg-200x200.jpg 200w, https:\/\/miomicon.com\/wp-content\/uploads\/2025\/10\/Colored_Contact_Lenses_Glass_Ball_6_Variants_in_model_wearing_All_Lenses_jpg-300x300.jpg 300w, https:\/\/miomicon.com\/wp-content\/uploads\/2025\/10\/Colored_Contact_Lenses_Glass_Ball_6_Variants_in_model_wearing_All_Lenses_jpg-400x400.jpg 400w, https:\/\/miomicon.com\/wp-content\/uploads\/2025\/10\/Colored_Contact_Lenses_Glass_Ball_6_Variants_in_model_wearing_All_Lenses_jpg-500x500.jpg 500w, https:\/\/miomicon.com\/wp-content\/uploads\/2025\/10\/Colored_Contact_Lenses_Glass_Ball_6_Variants_in_model_wearing_All_Lenses_jpg-600x600.jpg 600w, https:\/\/miomicon.com\/wp-content\/uploads\/2025\/10\/Colored_Contact_Lenses_Glass_Ball_6_Variants_in_model_wearing_All_Lenses_jpg-700x700.jpg 700w, https:\/\/miomicon.com\/wp-content\/uploads\/2025\/10\/Colored_Contact_Lenses_Glass_Ball_6_Variants_in_model_wearing_All_Lenses_jpg-768x768.jpg 768w, https:\/\/miomicon.com\/wp-content\/uploads\/2025\/10\/Colored_Contact_Lenses_Glass_Ball_6_Variants_in_model_wearing_All_Lenses_jpg.jpg 800w\" data-sizes=\"auto\" data-orig-sizes=\"(max-width: 800px) 100vw, 800px\" \/> <img decoding=\"async\" class=\"lazyload alignnone size-full wp-image-2752\" src=\"https:\/\/miomicon.com\/wp-content\/uploads\/2025\/10\/Colored_Contacts_Glass_Ball_1_Variants_Brown_Close_Up_3_jpg.jpg\" data-orig-src=\"https:\/\/miomicon.com\/wp-content\/uploads\/2025\/10\/Colored_Contacts_Glass_Ball_1_Variants_Brown_Close_Up_3_jpg.jpg\" alt=\"\" width=\"1080\" height=\"1080\" srcset=\"data:image\/svg+xml,%3Csvg%20xmlns%3D%27http%3A%2F%2Fwww.w3.org%2F2000%2Fsvg%27%20width%3D%271080%27%20height%3D%271080%27%20viewBox%3D%270%200%201080%201080%27%3E%3Crect%20width%3D%271080%27%20height%3D%271080%27%20fill-opacity%3D%220%22%2F%3E%3C%2Fsvg%3E\" data-srcset=\"https:\/\/miomicon.com\/wp-content\/uploads\/2025\/10\/Colored_Contacts_Glass_Ball_1_Variants_Brown_Close_Up_3_jpg-66x66.jpg 66w, https:\/\/miomicon.com\/wp-content\/uploads\/2025\/10\/Colored_Contacts_Glass_Ball_1_Variants_Brown_Close_Up_3_jpg-150x150.jpg 150w, https:\/\/miomicon.com\/wp-content\/uploads\/2025\/10\/Colored_Contacts_Glass_Ball_1_Variants_Brown_Close_Up_3_jpg-200x200.jpg 200w, https:\/\/miomicon.com\/wp-content\/uploads\/2025\/10\/Colored_Contacts_Glass_Ball_1_Variants_Brown_Close_Up_3_jpg-300x300.jpg 300w, https:\/\/miomicon.com\/wp-content\/uploads\/2025\/10\/Colored_Contacts_Glass_Ball_1_Variants_Brown_Close_Up_3_jpg-400x400.jpg 400w, https:\/\/miomicon.com\/wp-content\/uploads\/2025\/10\/Colored_Contacts_Glass_Ball_1_Variants_Brown_Close_Up_3_jpg-500x500.jpg 500w, https:\/\/miomicon.com\/wp-content\/uploads\/2025\/10\/Colored_Contacts_Glass_Ball_1_Variants_Brown_Close_Up_3_jpg-600x600.jpg 600w, https:\/\/miomicon.com\/wp-content\/uploads\/2025\/10\/Colored_Contacts_Glass_Ball_1_Variants_Brown_Close_Up_3_jpg-700x700.jpg 700w, https:\/\/miomicon.com\/wp-content\/uploads\/2025\/10\/Colored_Contacts_Glass_Ball_1_Variants_Brown_Close_Up_3_jpg-768x768.jpg 768w, https:\/\/miomicon.com\/wp-content\/uploads\/2025\/10\/Colored_Contacts_Glass_Ball_1_Variants_Brown_Close_Up_3_jpg-800x800.jpg 800w, https:\/\/miomicon.com\/wp-content\/uploads\/2025\/10\/Colored_Contacts_Glass_Ball_1_Variants_Brown_Close_Up_3_jpg-1024x1024.jpg 1024w, https:\/\/miomicon.com\/wp-content\/uploads\/2025\/10\/Colored_Contacts_Glass_Ball_1_Variants_Brown_Close_Up_3_jpg.jpg 1080w\" data-sizes=\"auto\" data-orig-sizes=\"(max-width: 1080px) 100vw, 1080px\" \/> <img decoding=\"async\" class=\"lazyload alignnone size-full wp-image-2751\" src=\"https:\/\/miomicon.com\/wp-content\/uploads\/2025\/10\/Colored_Contacts_Glass_Ball_1_Variants_Brown__Realpicture_Stripe_Close_Up_jpg.jpg\" data-orig-src=\"https:\/\/miomicon.com\/wp-content\/uploads\/2025\/10\/Colored_Contacts_Glass_Ball_1_Variants_Brown__Realpicture_Stripe_Close_Up_jpg.jpg\" alt=\"\" width=\"1080\" height=\"1080\" srcset=\"data:image\/svg+xml,%3Csvg%20xmlns%3D%27http%3A%2F%2Fwww.w3.org%2F2000%2Fsvg%27%20width%3D%271080%27%20height%3D%271080%27%20viewBox%3D%270%200%201080%201080%27%3E%3Crect%20width%3D%271080%27%20height%3D%271080%27%20fill-opacity%3D%220%22%2F%3E%3C%2Fsvg%3E\" data-srcset=\"https:\/\/miomicon.com\/wp-content\/uploads\/2025\/10\/Colored_Contacts_Glass_Ball_1_Variants_Brown__Realpicture_Stripe_Close_Up_jpg-66x66.jpg 66w, https:\/\/miomicon.com\/wp-content\/uploads\/2025\/10\/Colored_Contacts_Glass_Ball_1_Variants_Brown__Realpicture_Stripe_Close_Up_jpg-150x150.jpg 150w, https:\/\/miomicon.com\/wp-content\/uploads\/2025\/10\/Colored_Contacts_Glass_Ball_1_Variants_Brown__Realpicture_Stripe_Close_Up_jpg-200x200.jpg 200w, https:\/\/miomicon.com\/wp-content\/uploads\/2025\/10\/Colored_Contacts_Glass_Ball_1_Variants_Brown__Realpicture_Stripe_Close_Up_jpg-300x300.jpg 300w, https:\/\/miomicon.com\/wp-content\/uploads\/2025\/10\/Colored_Contacts_Glass_Ball_1_Variants_Brown__Realpicture_Stripe_Close_Up_jpg-400x400.jpg 400w, https:\/\/miomicon.com\/wp-content\/uploads\/2025\/10\/Colored_Contacts_Glass_Ball_1_Variants_Brown__Realpicture_Stripe_Close_Up_jpg-500x500.jpg 500w, https:\/\/miomicon.com\/wp-content\/uploads\/2025\/10\/Colored_Contacts_Glass_Ball_1_Variants_Brown__Realpicture_Stripe_Close_Up_jpg-600x600.jpg 600w, https:\/\/miomicon.com\/wp-content\/uploads\/2025\/10\/Colored_Contacts_Glass_Ball_1_Variants_Brown__Realpicture_Stripe_Close_Up_jpg-700x700.jpg 700w, https:\/\/miomicon.com\/wp-content\/uploads\/2025\/10\/Colored_Contacts_Glass_Ball_1_Variants_Brown__Realpicture_Stripe_Close_Up_jpg-768x768.jpg 768w, https:\/\/miomicon.com\/wp-content\/uploads\/2025\/10\/Colored_Contacts_Glass_Ball_1_Variants_Brown__Realpicture_Stripe_Close_Up_jpg-800x800.jpg 800w, https:\/\/miomicon.com\/wp-content\/uploads\/2025\/10\/Colored_Contacts_Glass_Ball_1_Variants_Brown__Realpicture_Stripe_Close_Up_jpg-1024x1024.jpg 1024w, https:\/\/miomicon.com\/wp-content\/uploads\/2025\/10\/Colored_Contacts_Glass_Ball_1_Variants_Brown__Realpicture_Stripe_Close_Up_jpg.jpg 1080w\" data-sizes=\"auto\" data-orig-sizes=\"(max-width: 1080px) 100vw, 1080px\" \/> <img decoding=\"async\" class=\"lazyload alignnone size-full wp-image-2750\" src=\"https:\/\/miomicon.com\/wp-content\/uploads\/2025\/10\/Colored_Contacts_Glass_Ball_1_Variants_Black_Close_Up_3_jpg.jpg\" data-orig-src=\"https:\/\/miomicon.com\/wp-content\/uploads\/2025\/10\/Colored_Contacts_Glass_Ball_1_Variants_Black_Close_Up_3_jpg.jpg\" alt=\"\" width=\"1080\" height=\"1080\" srcset=\"data:image\/svg+xml,%3Csvg%20xmlns%3D%27http%3A%2F%2Fwww.w3.org%2F2000%2Fsvg%27%20width%3D%271080%27%20height%3D%271080%27%20viewBox%3D%270%200%201080%201080%27%3E%3Crect%20width%3D%271080%27%20height%3D%271080%27%20fill-opacity%3D%220%22%2F%3E%3C%2Fsvg%3E\" data-srcset=\"https:\/\/miomicon.com\/wp-content\/uploads\/2025\/10\/Colored_Contacts_Glass_Ball_1_Variants_Black_Close_Up_3_jpg-66x66.jpg 66w, https:\/\/miomicon.com\/wp-content\/uploads\/2025\/10\/Colored_Contacts_Glass_Ball_1_Variants_Black_Close_Up_3_jpg-150x150.jpg 150w, https:\/\/miomicon.com\/wp-content\/uploads\/2025\/10\/Colored_Contacts_Glass_Ball_1_Variants_Black_Close_Up_3_jpg-200x200.jpg 200w, https:\/\/miomicon.com\/wp-content\/uploads\/2025\/10\/Colored_Contacts_Glass_Ball_1_Variants_Black_Close_Up_3_jpg-300x300.jpg 300w, https:\/\/miomicon.com\/wp-content\/uploads\/2025\/10\/Colored_Contacts_Glass_Ball_1_Variants_Black_Close_Up_3_jpg-400x400.jpg 400w, https:\/\/miomicon.com\/wp-content\/uploads\/2025\/10\/Colored_Contacts_Glass_Ball_1_Variants_Black_Close_Up_3_jpg-500x500.jpg 500w, https:\/\/miomicon.com\/wp-content\/uploads\/2025\/10\/Colored_Contacts_Glass_Ball_1_Variants_Black_Close_Up_3_jpg-600x600.jpg 600w, https:\/\/miomicon.com\/wp-content\/uploads\/2025\/10\/Colored_Contacts_Glass_Ball_1_Variants_Black_Close_Up_3_jpg-700x700.jpg 700w, https:\/\/miomicon.com\/wp-content\/uploads\/2025\/10\/Colored_Contacts_Glass_Ball_1_Variants_Black_Close_Up_3_jpg-768x768.jpg 768w, https:\/\/miomicon.com\/wp-content\/uploads\/2025\/10\/Colored_Contacts_Glass_Ball_1_Variants_Black_Close_Up_3_jpg-800x800.jpg 800w, https:\/\/miomicon.com\/wp-content\/uploads\/2025\/10\/Colored_Contacts_Glass_Ball_1_Variants_Black_Close_Up_3_jpg-1024x1024.jpg 1024w, https:\/\/miomicon.com\/wp-content\/uploads\/2025\/10\/Colored_Contacts_Glass_Ball_1_Variants_Black_Close_Up_3_jpg.jpg 1080w\" data-sizes=\"auto\" data-orig-sizes=\"(max-width: 1080px) 100vw, 1080px\" \/> <img decoding=\"async\" class=\"lazyload alignnone size-full wp-image-2749\" src=\"https:\/\/miomicon.com\/wp-content\/uploads\/2025\/10\/Colored_Contacts_Glass_Ball_1_Variants_Black__Realpicture_Stripe_Close_Up_jpg.jpg\" data-orig-src=\"https:\/\/miomicon.com\/wp-content\/uploads\/2025\/10\/Colored_Contacts_Glass_Ball_1_Variants_Black__Realpicture_Stripe_Close_Up_jpg.jpg\" alt=\"\" width=\"1080\" height=\"1080\" srcset=\"data:image\/svg+xml,%3Csvg%20xmlns%3D%27http%3A%2F%2Fwww.w3.org%2F2000%2Fsvg%27%20width%3D%271080%27%20height%3D%271080%27%20viewBox%3D%270%200%201080%201080%27%3E%3Crect%20width%3D%271080%27%20height%3D%271080%27%20fill-opacity%3D%220%22%2F%3E%3C%2Fsvg%3E\" data-srcset=\"https:\/\/miomicon.com\/wp-content\/uploads\/2025\/10\/Colored_Contacts_Glass_Ball_1_Variants_Black__Realpicture_Stripe_Close_Up_jpg-66x66.jpg 66w, https:\/\/miomicon.com\/wp-content\/uploads\/2025\/10\/Colored_Contacts_Glass_Ball_1_Variants_Black__Realpicture_Stripe_Close_Up_jpg-150x150.jpg 150w, https:\/\/miomicon.com\/wp-content\/uploads\/2025\/10\/Colored_Contacts_Glass_Ball_1_Variants_Black__Realpicture_Stripe_Close_Up_jpg-200x200.jpg 200w, https:\/\/miomicon.com\/wp-content\/uploads\/2025\/10\/Colored_Contacts_Glass_Ball_1_Variants_Black__Realpicture_Stripe_Close_Up_jpg-300x300.jpg 300w, https:\/\/miomicon.com\/wp-content\/uploads\/2025\/10\/Colored_Contacts_Glass_Ball_1_Variants_Black__Realpicture_Stripe_Close_Up_jpg-400x400.jpg 400w, https:\/\/miomicon.com\/wp-content\/uploads\/2025\/10\/Colored_Contacts_Glass_Ball_1_Variants_Black__Realpicture_Stripe_Close_Up_jpg-500x500.jpg 500w, https:\/\/miomicon.com\/wp-content\/uploads\/2025\/10\/Colored_Contacts_Glass_Ball_1_Variants_Black__Realpicture_Stripe_Close_Up_jpg-600x600.jpg 600w, https:\/\/miomicon.com\/wp-content\/uploads\/2025\/10\/Colored_Contacts_Glass_Ball_1_Variants_Black__Realpicture_Stripe_Close_Up_jpg-700x700.jpg 700w, https:\/\/miomicon.com\/wp-content\/uploads\/2025\/10\/Colored_Contacts_Glass_Ball_1_Variants_Black__Realpicture_Stripe_Close_Up_jpg-768x768.jpg 768w, https:\/\/miomicon.com\/wp-content\/uploads\/2025\/10\/Colored_Contacts_Glass_Ball_1_Variants_Black__Realpicture_Stripe_Close_Up_jpg-800x800.jpg 800w, https:\/\/miomicon.com\/wp-content\/uploads\/2025\/10\/Colored_Contacts_Glass_Ball_1_Variants_Black__Realpicture_Stripe_Close_Up_jpg-1024x1024.jpg 1024w, https:\/\/miomicon.com\/wp-content\/uploads\/2025\/10\/Colored_Contacts_Glass_Ball_1_Variants_Black__Realpicture_Stripe_Close_Up_jpg.jpg 1080w\" data-sizes=\"auto\" data-orig-sizes=\"(max-width: 1080px) 100vw, 1080px\" \/> <img decoding=\"async\" class=\"lazyload alignnone size-full wp-image-2753\" src=\"https:\/\/miomicon.com\/wp-content\/uploads\/2025\/10\/Colored_Contacts_Glass_Ball_box_jpg.jpg\" data-orig-src=\"https:\/\/miomicon.com\/wp-content\/uploads\/2025\/10\/Colored_Contacts_Glass_Ball_box_jpg.jpg\" alt=\"\" width=\"1080\" height=\"1080\" srcset=\"data:image\/svg+xml,%3Csvg%20xmlns%3D%27http%3A%2F%2Fwww.w3.org%2F2000%2Fsvg%27%20width%3D%271080%27%20height%3D%271080%27%20viewBox%3D%270%200%201080%201080%27%3E%3Crect%20width%3D%271080%27%20height%3D%271080%27%20fill-opacity%3D%220%22%2F%3E%3C%2Fsvg%3E\" data-srcset=\"https:\/\/miomicon.com\/wp-content\/uploads\/2025\/10\/Colored_Contacts_Glass_Ball_box_jpg-66x66.jpg 66w, https:\/\/miomicon.com\/wp-content\/uploads\/2025\/10\/Colored_Contacts_Glass_Ball_box_jpg-150x150.jpg 150w, https:\/\/miomicon.com\/wp-content\/uploads\/2025\/10\/Colored_Contacts_Glass_Ball_box_jpg-200x200.jpg 200w, https:\/\/miomicon.com\/wp-content\/uploads\/2025\/10\/Colored_Contacts_Glass_Ball_box_jpg-300x300.jpg 300w, https:\/\/miomicon.com\/wp-content\/uploads\/2025\/10\/Colored_Contacts_Glass_Ball_box_jpg-400x400.jpg 400w, https:\/\/miomicon.com\/wp-content\/uploads\/2025\/10\/Colored_Contacts_Glass_Ball_box_jpg-500x500.jpg 500w, https:\/\/miomicon.com\/wp-content\/uploads\/2025\/10\/Colored_Contacts_Glass_Ball_box_jpg-600x600.jpg 600w, https:\/\/miomicon.com\/wp-content\/uploads\/2025\/10\/Colored_Contacts_Glass_Ball_box_jpg-700x700.jpg 700w, https:\/\/miomicon.com\/wp-content\/uploads\/2025\/10\/Colored_Contacts_Glass_Ball_box_jpg-768x768.jpg 768w, https:\/\/miomicon.com\/wp-content\/uploads\/2025\/10\/Colored_Contacts_Glass_Ball_box_jpg-800x800.jpg 800w, https:\/\/miomicon.com\/wp-content\/uploads\/2025\/10\/Colored_Contacts_Glass_Ball_box_jpg-1024x1024.jpg 1024w, https:\/\/miomicon.com\/wp-content\/uploads\/2025\/10\/Colored_Contacts_Glass_Ball_box_jpg.jpg 1080w\" data-sizes=\"auto\" data-orig-sizes=\"(max-width: 1080px) 100vw, 1080px\" \/><\/p>\n<\/div>\n","protected":false},"excerpt":{"rendered":"<p>Erweitern Sie Ihr Gesch\u00e4ftsangebot mit unserer Glass Ball-Serie, die eine vielf\u00e4ltige Auswahl an 6 modischen farbigen Kontaktlinsen umfasst. Von k\u00fchlen Graut\u00f6nen bis hin zu warmen Braunt\u00f6nen \u2013 diese Serie wird m\u00fchelos den unterschiedlichen Bed\u00fcrfnissen und Vorlieben Ihrer Kunden gerecht. Verpassen Sie nicht diese Gelegenheit, Ihr Produktangebot zu erweitern und die Nachfrage der Verbraucher nach hochwertigen, komfortablen und auff\u00e4lligen farbigen Kontaktlinsen zu befriedigen.  <\/p>\n","protected":false},"featured_media":2754,"comment_status":"closed","ping_status":"closed","template":"","meta":[],"product_brand":[44],"product_cat":[109],"product_tag":[],"class_list":{"0":"post-10609","1":"product","2":"type-product","3":"status-publish","4":"has-post-thumbnail","6":"product_brand-freshgo","7":"product_cat-naturliche-farbige-kontaktlinsen","9":"first","10":"instock","11":"product-type-simple"},"_links":{"self":[{"href":"https:\/\/miomicon.com\/de\/wp-json\/wp\/v2\/product\/10609","targetHints":{"allow":["GET"]}}],"collection":[{"href":"https:\/\/miomicon.com\/de\/wp-json\/wp\/v2\/product"}],"about":[{"href":"https:\/\/miomicon.com\/de\/wp-json\/wp\/v2\/types\/product"}],"replies":[{"embeddable":true,"href":"https:\/\/miomicon.com\/de\/wp-json\/wp\/v2\/comments?post=10609"}],"wp:featuredmedia":[{"embeddable":true,"href":"https:\/\/miomicon.com\/de\/wp-json\/wp\/v2\/media\/2754"}],"wp:attachment":[{"href":"https:\/\/miomicon.com\/de\/wp-json\/wp\/v2\/media?parent=10609"}],"wp:term":[{"taxonomy":"product_brand","embeddable":true,"href":"https:\/\/miomicon.com\/de\/wp-json\/wp\/v2\/product_brand?post=10609"},{"taxonomy":"product_cat","embeddable":true,"href":"https:\/\/miomicon.com\/de\/wp-json\/wp\/v2\/product_cat?post=10609"},{"taxonomy":"product_tag","embeddable":true,"href":"https:\/\/miomicon.com\/de\/wp-json\/wp\/v2\/product_tag?post=10609"}],"curies":[{"name":"wp","href":"https:\/\/api.w.org\/{rel}","templated":true}]}}