{"id":6463,"date":"2025-11-21T17:37:17","date_gmt":"2025-11-21T09:37:17","guid":{"rendered":"https:\/\/miomicon.com\/datenschutz-richtlinie\/"},"modified":"2026-02-15T10:35:00","modified_gmt":"2026-02-15T02:35:00","slug":"datenschutz-richtlinie","status":"publish","type":"page","link":"https:\/\/miomicon.com\/de\/datenschutz-richtlinie\/","title":{"rendered":"Datenschutz Richtlinie"},"content":{"rendered":"<div class=\"fusion-fullwidth fullwidth-box fusion-builder-row-1 fusion-flex-container nonhundred-percent-fullwidth non-hundred-percent-height-scrolling\" style=\"--awb-border-radius-top-left:0px;--awb-border-radius-top-right:0px;--awb-border-radius-bottom-right:0px;--awb-border-radius-bottom-left:0px;--awb-flex-wrap:wrap;\" ><div class=\"fusion-builder-row fusion-row fusion-flex-align-items-flex-start fusion-flex-content-wrap\" style=\"max-width:1248px;margin-left: calc(-4% \/ 2 );margin-right: calc(-4% \/ 2 );\"><div class=\"fusion-layout-column fusion_builder_column fusion-builder-column-0 fusion_builder_column_1_1 1_1 fusion-flex-column\" style=\"--awb-bg-size:cover;--awb-width-large:100%;--awb-margin-top-large:0px;--awb-spacing-right-large:1.92%;--awb-margin-bottom-large:0px;--awb-spacing-left-large:1.92%;--awb-width-medium:100%;--awb-spacing-right-medium:1.92%;--awb-spacing-left-medium:1.92%;--awb-width-small:100%;--awb-spacing-right-small:1.92%;--awb-spacing-left-small:1.92%;\"><div class=\"fusion-column-wrapper fusion-flex-justify-content-flex-start fusion-content-layout-column\"><div class=\"fusion-text fusion-text-1\"><p>Diese Datenschutzerkl\u00e4rung beschreibt, wie miomi (die \u201e<strong>Website<\/strong>\u201c, \u201e<strong>wir<\/strong>\u201c, \u201e<strong>uns<\/strong>\u201c oder \u201e<strong>unser<\/strong>\u201c) Ihre personenbezogenen Daten erfasst, verwendet und weitergibt, wenn Sie <a href=\"https:\/\/miomicon.com\/de\/\">miomicon.com<\/a> (die \u201e<strong>Website<\/strong>\u201c) besuchen, unsere Dienste nutzen oder einen Kauf t\u00e4tigen oder auf andere Weise mit uns kommunizieren (zusammenfassend als \u201e<strong>Dienste<\/strong>\u201c bezeichnet). . F\u00fcr die Zwecke dieser Datenschutzrichtlinie bezeichnen \u201e<strong>Sie<\/strong>\u201c und \u201e<strong>Ihre<\/strong>\u201c Sie als Nutzer der Dienste, unabh\u00e4ngig davon, ob Sie Kunde, Website-Besucher oder eine andere Person sind, deren Daten wir gem\u00e4\u00df dieser Datenschutzrichtlinie erfasst haben.<\/p>\n<p>Bitte lesen Sie diese Datenschutzerkl\u00e4rung sorgf\u00e4ltig durch. Durch die Nutzung und den Zugriff auf die Dienste erkl\u00e4ren Sie sich mit der Erfassung, Verwendung und Weitergabe Ihrer Daten gem\u00e4\u00df dieser Datenschutzerkl\u00e4rung einverstanden. Wenn Sie mit dieser Datenschutzerkl\u00e4rung nicht einverstanden sind, nutzen Sie bitte keine der Dienste und greifen Sie nicht darauf zu.  <\/p>\n<h2>\u00c4nderungen dieser Datenschutzerkl\u00e4rung<\/h2>\n<p>Wir k\u00f6nnen diese Datenschutzerkl\u00e4rung von Zeit zu Zeit aktualisieren, unter anderem um \u00c4nderungen unserer Praktiken oder aus anderen betrieblichen, rechtlichen oder regulatorischen Gr\u00fcnden Rechnung zu tragen. Wir werden die \u00fcberarbeitete Datenschutzerkl\u00e4rung auf der Website ver\u00f6ffentlichen, das Datum der letzten Aktualisierung aktualisieren und alle anderen gesetzlich vorgeschriebenen Ma\u00dfnahmen ergreifen. <\/p>\n<h2>Wie wir Ihre personenbezogenen Daten erfassen und verwenden<\/h2>\n<p>Um die Dienste bereitzustellen, erfassen wir personenbezogene Daten \u00fcber Sie aus verschiedenen Quellen, wie unten aufgef\u00fchrt, und haben dies in den letzten 12 Monaten getan. Die Daten, die wir erfassen und verwenden, variieren je nachdem, wie Sie mit uns interagieren. <\/p>\n<p>Zus\u00e4tzlich zu den unten aufgef\u00fchrten spezifischen Verwendungszwecken k\u00f6nnen wir die \u00fcber Sie gesammelten Informationen verwenden, um mit Ihnen zu kommunizieren, die Dienste bereitzustellen, geltende gesetzliche Verpflichtungen zu erf\u00fcllen, geltende Nutzungsbedingungen durchzusetzen und die Dienste, unsere Rechte und die Rechte unserer Nutzer oder anderer zu sch\u00fctzen oder zu verteidigen.<\/p>\n<h3>Welche personenbezogenen Daten wir erheben<\/h3>\n<p>Die Art der personenbezogenen Daten, die wir \u00fcber Sie erheben, h\u00e4ngt davon ab, wie Sie mit unserer Website interagieren und unsere Dienste nutzen. Wenn wir den Begriff \u201epersonenbezogene Daten\u201c verwenden, beziehen wir uns auf Informationen, die Sie identifizieren, sich auf Sie beziehen, Sie beschreiben oder mit Ihnen in Verbindung gebracht werden k\u00f6nnen. In den folgenden Abschnitten werden die Kategorien und spezifischen Arten der von uns erhobenen personenbezogenen Daten beschrieben.  <\/p>\n<h3>Informationen, die wir direkt von Ihnen erfassen<\/h3>\n<p>Informationen, die Sie uns direkt \u00fcber unsere Dienste \u00fcbermitteln, k\u00f6nnen Folgendes umfassen:<\/p>\n<ul>\n<li><strong>Grundlegende Kontaktdaten<\/strong> einschlie\u00dflich Ihres Namens, Ihrer Adresse, Telefonnummer und E-Mail-Adresse.<\/li>\n<li><strong>Bestellinformationen<\/strong> einschlie\u00dflich Ihres Namens, Ihrer Rechnungsadresse, Lieferadresse, Zahlungsbest\u00e4tigung, E-Mail-Adresse und Telefonnummer.<\/li>\n<li><strong>Kontoinformationen<\/strong>, einschlie\u00dflich Ihres Benutzernamens, Passworts und Sicherheitsfragen.<\/li>\n<li><strong>Einkaufsinformationen<\/strong>, einschlie\u00dflich der Artikel, die Sie sich ansehen, in Ihren Warenkorb legen oder Ihrer Wunschliste hinzuf\u00fcgen.<\/li>\n<li><strong>Kundensupport-Informationen<\/strong>, einschlie\u00dflich der Informationen, die Sie in Ihre Kommunikation mit uns aufnehmen m\u00f6chten, beispielsweise wenn Sie eine Nachricht \u00fcber die Dienste senden.<\/li>\n<\/ul>\n<p>F\u00fcr einige Funktionen der Dienste m\u00fcssen Sie uns m\u00f6glicherweise bestimmte Informationen \u00fcber sich selbst direkt zur Verf\u00fcgung stellen. Sie k\u00f6nnen sich daf\u00fcr entscheiden, diese Informationen nicht anzugeben, jedoch kann dies dazu f\u00fchren, dass Sie diese Funktionen nicht nutzen oder darauf zugreifen k\u00f6nnen. <\/p>\n<h3>Informationen, die wir \u00fcber Cookies sammeln<\/h3>\n<p>Wir erfassen au\u00dferdem automatisch bestimmte Informationen \u00fcber Ihre Interaktion mit den Diensten (\u201e<strong>Nutzungsdaten<\/strong>\u201c). Zu diesem Zweck k\u00f6nnen wir Cookies, Pixel und \u00e4hnliche Technologien (\u201e<strong>Cookies<\/strong>\u201c) verwenden. Nutzungsdaten k\u00f6nnen Informationen dar\u00fcber enthalten, wie Sie auf unsere Website und Ihr Konto zugreifen und diese nutzen, einschlie\u00dflich Ger\u00e4teinformationen, Browserinformationen, Informationen \u00fcber Ihre Netzwerkverbindung, Ihre IP-Adresse und andere Informationen \u00fcber Ihre Interaktion mit den Diensten. <\/p>\n<h3>Informationen, die wir von Dritten erhalten<\/h3>\n<p>Schlie\u00dflich k\u00f6nnen wir Informationen \u00fcber Sie von Dritten erhalten, darunter von Anbietern und Dienstleistern, die in unserem Auftrag Informationen sammeln, wie beispielsweise:<\/p>\n<ul>\n<li>Unternehmen, die unsere Website und Dienste unterst\u00fctzen.<\/li>\n<li>Unsere Zahlungsabwickler, die Zahlungsinformationen (z. B. Bankkonto-, Kredit- oder Debitkarteninformationen, Rechnungsadresse) erfassen, um Ihre Zahlung zu verarbeiten, damit wir Ihre Bestellungen ausf\u00fchren und Ihnen die von Ihnen angeforderten Produkte oder Dienstleistungen liefern k\u00f6nnen, um unseren Vertrag mit Ihnen zu erf\u00fcllen.<\/li>\n<li>Wenn Sie unsere Website besuchen, von uns gesendete E-Mails \u00f6ffnen oder anklicken oder mit unseren Diensten oder Werbeanzeigen interagieren, k\u00f6nnen wir oder mit uns zusammenarbeitende Dritte bestimmte Informationen mithilfe von Online-Tracking-Technologien wie Pixeln, Web-Beacons, Software-Entwickler-Kits, Bibliotheken von Drittanbietern und Cookies automatisch erfassen.<\/li>\n<\/ul>\n<p>Alle Informationen, die wir von Dritten erhalten, werden gem\u00e4\u00df dieser Datenschutzerkl\u00e4rung behandelt. Wir sind nicht verantwortlich oder haftbar f\u00fcr die Richtigkeit der uns von Dritten zur Verf\u00fcgung gestellten Informationen und sind nicht verantwortlich f\u00fcr die Richtlinien oder Praktiken Dritter. Weitere Informationen finden Sie im folgenden Abschnitt, <em>Websites und Links von Dritten<\/em>.  <\/p>\n<h3>Wie wir Ihre personenbezogenen Daten verwenden<\/h3>\n<ul>\n<li><strong>Bereitstellung von Produkten und Dienstleistungen.<\/strong> Wir verwenden Ihre personenbezogenen Daten, um Ihnen die Dienste zur Verf\u00fcgung zu stellen und unseren Vertrag mit Ihnen zu erf\u00fcllen, einschlie\u00dflich der Verarbeitung Ihrer Zahlungen, der Ausf\u00fchrung Ihrer Bestellungen, der Zusendung von Benachrichtigungen in Bezug auf Ihr Konto, Ihre Eink\u00e4ufe, R\u00fccksendungen, Umtauschvorg\u00e4nge oder andere Transaktionen, der Einrichtung, Pflege und sonstigen Verwaltung Ihres Kontos, der Organisation des Versands, der Erleichterung von R\u00fccksendungen und Umtauschvorg\u00e4ngen sowie der M\u00f6glichkeit, Bewertungen zu ver\u00f6ffentlichen.<\/li>\n<li><strong>Marketing und Werbung.<\/strong> Wir verwenden Ihre personenbezogenen Daten f\u00fcr Marketing- und Werbezwecke, beispielsweise um Ihnen Marketing-, Werbe- und Verkaufsf\u00f6rderungsmitteilungen per E-Mail, SMS oder Post zuzusenden und Ihnen Werbung f\u00fcr Produkte oder Dienstleistungen anzuzeigen. Dies kann die Verwendung Ihrer personenbezogenen Daten umfassen, um die Dienste und Werbung auf unserer Website und anderen Websites besser auf Sie zuzuschneiden. <\/li>\n<li><strong>Sicherheit und Betrugspr\u00e4vention.<\/strong> Wir verwenden Ihre personenbezogenen Daten, um m\u00f6gliche betr\u00fcgerische, illegale oder b\u00f6swillige Aktivit\u00e4ten aufzudecken, zu untersuchen oder Ma\u00dfnahmen dagegen zu ergreifen. Wenn Sie sich f\u00fcr die Nutzung der Dienste entscheiden und ein Konto registrieren, sind Sie daf\u00fcr verantwortlich, Ihre Kontozugangsdaten sicher aufzubewahren. Wir empfehlen Ihnen dringend, Ihren Benutzernamen, Ihr Passwort oder andere Zugangsdaten nicht an Dritte weiterzugeben. Wenn Sie glauben, dass Ihr Konto kompromittiert wurde, kontaktieren Sie uns bitte umgehend.   <\/li>\n<li><strong>Mit Ihnen kommunizieren.<\/strong> Wir verwenden Ihre personenbezogenen Daten, um Ihnen Kundensupport zu bieten und unsere Dienste zu verbessern. Dies liegt in unserem berechtigten Interesse, um auf Ihre Bed\u00fcrfnisse eingehen zu k\u00f6nnen, Ihnen effektive Dienste anzubieten und unsere Gesch\u00e4ftsbeziehung mit Ihnen aufrechtzuerhalten. <\/li>\n<\/ul>\n<h2>Cookies<\/h2>\n<p>Wie viele andere Websites verwenden auch wir Cookies auf unserer Website. Wir verwenden Cookies, um unsere Website und unsere Dienste zu betreiben und zu verbessern (einschlie\u00dflich der Speicherung Ihrer Aktionen und Pr\u00e4ferenzen), um Analysen durchzuf\u00fchren und die Interaktion der Nutzer mit den Diensten besser zu verstehen (in unserem berechtigten Interesse, die Dienste zu verwalten, zu verbessern und zu optimieren). Wir k\u00f6nnen auch Dritten und Dienstleistern gestatten, Cookies auf unserer Website zu verwenden, um die Dienste, Produkte und Werbung auf unserer Website und anderen Websites besser auf die Nutzer zuzuschneiden.  <\/p>\n<p>Die meisten Browser akzeptieren Cookies standardm\u00e4\u00dfig automatisch, aber Sie k\u00f6nnen Ihren Browser so einstellen, dass Cookies \u00fcber Ihre Browser-Einstellungen entfernt oder abgelehnt werden. Bitte beachten Sie, dass das Entfernen oder Blockieren von Cookies Ihre Benutzererfahrung beeintr\u00e4chtigen kann und dazu f\u00fchren kann, dass einige der Dienste, einschlie\u00dflich bestimmter Features und allgemeiner Funktionen, nicht mehr richtig funktionieren oder nicht mehr verf\u00fcgbar sind. Dar\u00fcber hinaus kann das Blockieren von Cookies nicht vollst\u00e4ndig verhindern, dass wir Informationen an Dritte, wie beispielsweise unsere Werbepartner, weitergeben.  <\/p>\n<h2>Wie wir personenbezogene Daten offenlegen<\/h2>\n<p>Unter bestimmten Umst\u00e4nden k\u00f6nnen wir Ihre personenbezogenen Daten f\u00fcr legitime Zwecke gem\u00e4\u00df dieser Datenschutzerkl\u00e4rung an Dritte weitergeben. Zu diesen Umst\u00e4nden k\u00f6nnen geh\u00f6ren: <\/p>\n<ul>\n<li>Mit Anbietern oder anderen Dritten, die in unserem Auftrag Dienstleistungen erbringen (z. B. IT-Management, Zahlungsabwicklung, Datenanalyse, Kundensupport, Cloud-Speicherung, Auftragsabwicklung und Versand).<\/li>\n<li>Mit Gesch\u00e4fts- und Marketingpartnern: Unsere Gesch\u00e4fts- und Marketingpartner verwenden Ihre Daten gem\u00e4\u00df ihren eigenen Datenschutzhinweisen.<\/li>\n<li>Wenn Sie uns anweisen, uns darum bitten oder anderweitig unserer Weitergabe bestimmter Informationen an Dritte zustimmen, beispielsweise um Ihnen Produkte zuzusenden oder durch Ihre Nutzung von Social-Media-Widgets oder Login-Integrationen, mit Ihrer Zustimmung.<\/li>\n<li>Mit unseren verbundenen Unternehmen oder anderweitig innerhalb unserer Unternehmensgruppe, in unserem berechtigten Interesse, ein erfolgreiches Unternehmen zu f\u00fchren.<\/li>\n<li>Im Zusammenhang mit einer gesch\u00e4ftlichen Transaktion wie einer Fusion oder Insolvenz, zur Erf\u00fcllung geltender gesetzlicher Verpflichtungen (einschlie\u00dflich der Beantwortung von Vorladungen, Durchsuchungsbefehlen und \u00e4hnlichen Anfragen), zur Durchsetzung geltender Nutzungsbedingungen und zum Schutz oder zur Verteidigung der Dienste, unserer Rechte und der Rechte unserer Nutzer oder anderer.<\/li>\n<\/ul>\n<p><span style=\"font-size: 42px; background-color: rgba(0, 0, 0, 0);\">Benutzergenerierte Inhalte<\/span><\/p>\n<p>Die Dienste k\u00f6nnen Ihnen die M\u00f6glichkeit bieten, Produktbewertungen und andere nutzergenerierte Inhalte zu ver\u00f6ffentlichen. Wenn Sie sich daf\u00fcr entscheiden, nutzergenerierte Inhalte in einem \u00f6ffentlichen Bereich der Dienste zu ver\u00f6ffentlichen, sind diese Inhalte \u00f6ffentlich und f\u00fcr jedermann zug\u00e4nglich. <\/p>\n<p>Wir haben keine Kontrolle dar\u00fcber, wer Zugriff auf die Informationen hat, die Sie anderen zur Verf\u00fcgung stellen, und k\u00f6nnen nicht gew\u00e4hrleisten, dass Dritte, die Zugriff auf diese Informationen haben, Ihre Privatsph\u00e4re respektieren oder diese Informationen sicher aufbewahren. Wir sind nicht verantwortlich f\u00fcr den Schutz oder die Sicherheit von Informationen, die Sie \u00f6ffentlich zug\u00e4nglich machen, oder f\u00fcr die Richtigkeit, Verwendung oder den Missbrauch von Informationen, die Sie offenlegen oder von Dritten erhalten. <\/p>\n<h2>Websites und Links von Dritten<\/h2>\n<p>Unsere Website kann Links zu Websites oder anderen Online-Plattformen enthalten, die von Dritten betrieben werden. Wenn Sie Links zu Websites folgen, die nicht mit uns verbunden sind oder von uns kontrolliert werden, sollten Sie deren Datenschutz- und Sicherheitsrichtlinien sowie andere Gesch\u00e4ftsbedingungen \u00fcberpr\u00fcfen. Wir \u00fcbernehmen keine Garantie und keine Verantwortung f\u00fcr den Datenschutz oder die Sicherheit solcher Websites, einschlie\u00dflich der Richtigkeit, Vollst\u00e4ndigkeit oder Zuverl\u00e4ssigkeit der auf diesen Websites enthaltenen Informationen. Informationen, die Sie an \u00f6ffentlichen oder halb\u00f6ffentlichen Orten bereitstellen, einschlie\u00dflich Informationen, die Sie auf sozialen Netzwerken von Dritten teilen, k\u00f6nnen auch von anderen Nutzern der Dienste und\/oder Nutzern dieser Plattformen von Dritten eingesehen werden, ohne dass wir oder Dritte in ihrer Nutzung eingeschr\u00e4nkt sind. Die Aufnahme solcher Links bedeutet f\u00fcr sich genommen keine Billigung der Inhalte dieser Plattformen oder ihrer Eigent\u00fcmer oder Betreiber, sofern dies nicht in den Diensten angegeben ist.    <\/p>\n<h2>Daten von Kindern<\/h2>\n<p>Die Dienste sind nicht f\u00fcr die Nutzung durch Kinder bestimmt, und wir erfassen wissentlich keine personenbezogenen Daten von Kindern. Wenn Sie Elternteil oder Erziehungsberechtigter eines Kindes sind, das uns seine personenbezogenen Daten zur Verf\u00fcgung gestellt hat, k\u00f6nnen Sie uns unter den unten angegebenen Kontaktdaten kontaktieren, um die L\u00f6schung dieser Daten zu beantragen. <\/p>\n<p>Zum Zeitpunkt des Inkrafttretens dieser Datenschutzerkl\u00e4rung haben wir keine tats\u00e4chliche Kenntnis davon, dass wir personenbezogene Daten von Personen unter 16 Jahren \u201eweitergeben\u201c oder \u201everkaufen\u201c (im Sinne der geltenden Rechtsvorschriften).<\/p>\n<h2>Sicherheit und Aufbewahrung Ihrer Daten<\/h2>\n<p>Bitte beachten Sie, dass keine Sicherheitsma\u00dfnahmen perfekt oder un\u00fcberwindbar sind und wir keine \u201eperfekte Sicherheit\u201c garantieren k\u00f6nnen. Dar\u00fcber hinaus sind Informationen, die Sie uns \u00fcbermitteln, w\u00e4hrend der \u00dcbertragung m\u00f6glicherweise nicht sicher. Wir empfehlen Ihnen, keine unsicheren Kan\u00e4le zu verwenden, um sensible oder vertrauliche Informationen an uns zu \u00fcbermitteln.  <\/p>\n<p>Wie lange wir Ihre personenbezogenen Daten aufbewahren, h\u00e4ngt von verschiedenen Faktoren ab, beispielsweise davon, ob wir die Daten zur F\u00fchrung Ihres Kontos, zur Erbringung der Dienstleistungen, zur Erf\u00fcllung gesetzlicher Verpflichtungen, zur Beilegung von Streitigkeiten oder zur Durchsetzung anderer geltender Vertr\u00e4ge und Richtlinien ben\u00f6tigen.<\/p>\n<h2>Ihre Rechte und Wahlm\u00f6glichkeiten<\/h2>\n<p>Je nachdem, wo Sie wohnen, haben Sie m\u00f6glicherweise einige oder alle der unten aufgef\u00fchrten Rechte in Bezug auf Ihre personenbezogenen Daten. Diese Rechte sind jedoch nicht absolut, gelten m\u00f6glicherweise nur unter bestimmten Umst\u00e4nden, und in bestimmten F\u00e4llen k\u00f6nnen wir Ihre Anfrage gem\u00e4\u00df den gesetzlichen Bestimmungen ablehnen. <\/p>\n<ul>\n<li><strong>Recht auf Zugang\/Auskunft.<\/strong> Sie haben m\u00f6glicherweise das Recht, Zugang zu den personenbezogenen Daten zu beantragen, die wir \u00fcber Sie gespeichert haben, einschlie\u00dflich Details dar\u00fcber, wie wir Ihre Daten verwenden und weitergeben.<\/li>\n<li><strong>Recht auf L\u00f6schung.<\/strong> Sie haben m\u00f6glicherweise das Recht, die L\u00f6schung Ihrer bei uns gespeicherten personenbezogenen Daten zu verlangen.<\/li>\n<li><strong>Recht auf Berichtigung.<\/strong> Sie haben m\u00f6glicherweise das Recht, von uns die Berichtigung unrichtiger personenbezogener Daten zu verlangen, die wir \u00fcber Sie gespeichert haben.<\/li>\n<li><strong>Recht auf Daten\u00fcbertragbarkeit.<\/strong> Unter bestimmten Umst\u00e4nden und mit bestimmten Ausnahmen haben Sie m\u00f6glicherweise das Recht, eine Kopie der personenbezogenen Daten, die wir \u00fcber Sie gespeichert haben, zu erhalten und zu verlangen, dass wir diese an einen Dritten \u00fcbertragen.<\/li>\n<li>Recht auf Ablehnung des Verkaufs oder der Weitergabe oder gezielter Werbung. Sie haben m\u00f6glicherweise das Recht, uns anzuweisen, Ihre personenbezogenen Daten nicht zu \u201everkaufen\u201c oder \u201eweiterzugeben\u201c, oder die Verarbeitung Ihrer personenbezogenen Daten f\u00fcr Zwecke, die als \u201egezielte Werbung\u201c im Sinne der geltenden Datenschutzgesetze gelten, abzulehnen. Bitte beachten Sie, dass wir, wenn Sie unsere Website mit aktivierter Opt-out-Einstellung f\u00fcr die globale Datenschutzsteuerung besuchen, dies je nach Ihrem Standort automatisch als Antrag auf Ablehnung des \u201eVerkaufs\u201c oder der \u201eWeitergabe\u201c von Daten f\u00fcr das Ger\u00e4t und den Browser betrachten, mit denen Sie die Website besuchen.  <\/li>\n<li>Recht auf Einschr\u00e4nkung und\/oder Ablehnung der Nutzung und Weitergabe sensibler personenbezogener Daten. Sie haben m\u00f6glicherweise das Recht, uns anzuweisen, unsere Nutzung und\/oder Weitergabe sensibler personenbezogener Daten auf das zu beschr\u00e4nken, was zur Erbringung der Dienstleistungen oder zur Bereitstellung der Waren, die von einer durchschnittlichen Person vern\u00fcnftigerweise erwartet werden k\u00f6nnen, erforderlich ist. <\/li>\n<li><strong>Einschr\u00e4nkung der Verarbeitung:<\/strong> Sie haben m\u00f6glicherweise das Recht, von uns zu verlangen, dass wir die Verarbeitung Ihrer personenbezogenen Daten einstellen oder einschr\u00e4nken.<\/li>\n<li><strong>Widerruf der Einwilligung:<\/strong> Wenn wir uns auf Ihre Einwilligung zur Verarbeitung Ihrer personenbezogenen Daten st\u00fctzen, haben Sie m\u00f6glicherweise das Recht, diese Einwilligung zu widerrufen.<\/li>\n<li><strong>Widerspruch:<\/strong> Sie haben m\u00f6glicherweise das Recht, gegen unsere Entscheidung Widerspruch einzulegen, wenn wir Ihren Antrag ablehnen. Dazu k\u00f6nnen Sie direkt auf unsere Ablehnung antworten. <\/li>\n<li><strong>Verwaltung der Kommunikationseinstellungen:<\/strong> Wir senden Ihnen m\u00f6glicherweise Werbe-E-Mails zu. Sie k\u00f6nnen den Erhalt dieser E-Mails jederzeit abbestellen, indem Sie die in unseren E-Mails an Sie angezeigte Abmeldeoption verwenden. Wenn Sie sich abmelden, senden wir Ihnen m\u00f6glicherweise weiterhin E-Mails ohne Werbecharakter, beispielsweise zu Ihrem Konto oder zu Ihren Bestellungen. <\/li>\n<\/ul>\n<p>Sie k\u00f6nnen jedes dieser Rechte aus\u00fcben, indem Sie die entsprechenden Angaben auf unserer Website nutzen oder sich \u00fcber die unten angegebenen Kontaktdaten an uns wenden.<\/p>\n<p>Wir werden Sie nicht diskriminieren, wenn Sie eines dieser Rechte aus\u00fcben. M\u00f6glicherweise m\u00fcssen wir Informationen von Ihnen einholen, um Ihre Identit\u00e4t zu \u00fcberpr\u00fcfen, wie z. B. Ihre E-Mail-Adresse oder Kontoinformationen, bevor wir eine substanzielle Antwort auf die Anfrage geben k\u00f6nnen. In \u00dcbereinstimmung mit den geltenden Gesetzen k\u00f6nnen Sie einen bevollm\u00e4chtigten Vertreter benennen, der in Ihrem Namen Antr\u00e4ge zur Aus\u00fcbung Ihrer Rechte stellt. Bevor wir eine solche Anfrage eines Bevollm\u00e4chtigten annehmen, verlangen wir von diesem einen Nachweis, dass Sie ihn bevollm\u00e4chtigt haben, in Ihrem Namen zu handeln, und wir m\u00fcssen m\u00f6glicherweise Ihre Identit\u00e4t direkt bei uns \u00fcberpr\u00fcfen. Wir werden Ihre Anfrage gem\u00e4\u00df den geltenden Gesetzen zeitnah beantworten.    <\/p>\n<h2>Beschwerden<\/h2>\n<p>Wenn Sie Beschwerden dar\u00fcber haben, wie wir Ihre personenbezogenen Daten verarbeiten, kontaktieren Sie uns bitte \u00fcber die unten angegebenen Kontaktdaten. Wenn Sie mit unserer Antwort auf Ihre Beschwerde nicht zufrieden sind, haben Sie je nach Ihrem Wohnort das Recht, gegen unsere Entscheidung Einspruch einzulegen, indem Sie uns \u00fcber die unten angegebenen Kontaktdaten kontaktieren oder Ihre Beschwerde bei Ihrer \u00f6rtlichen Datenschutzbeh\u00f6rde einreichen. <\/p>\n<h2>Internationale Nutzer<\/h2>\n<p>Bitte beachten Sie, dass wir Ihre personenbezogenen Daten au\u00dferhalb Ihres Wohnsitzlandes, einschlie\u00dflich der Vereinigten Staaten, \u00fcbertragen, speichern und verarbeiten k\u00f6nnen. Ihre personenbezogenen Daten werden auch von Mitarbeitern und Drittanbietern sowie Partnern in diesen L\u00e4ndern verarbeitet. <\/p>\n<p>Wenn wir Ihre personenbezogenen Daten au\u00dferhalb Europas \u00fcbertragen, st\u00fctzen wir uns auf anerkannte \u00dcbertragungsmechanismen wie die Standardvertragsklauseln der Europ\u00e4ischen Kommission oder gleichwertige Vertr\u00e4ge, die von der zust\u00e4ndigen Beh\u00f6rde des Vereinigten K\u00f6nigreichs ausgestellt wurden, sofern die Daten\u00fcbertragung nicht in ein Land erfolgt, das ein angemessenes Schutzniveau bietet.<\/p>\n<h2>Kontakt<\/h2>\n<p>Wenn Sie Fragen zu unseren Datenschutzpraktiken oder dieser Datenschutzerkl\u00e4rung haben oder wenn Sie eines Ihrer Rechte aus\u00fcben m\u00f6chten, rufen Sie bitte die Nummer +8613862973905 an oder senden Sie eine E-Mail an eye@miomi.cc.<span style=\"background-color: rgba(0, 0, 0, 0);\">.<\/span><\/p>\n<p>Zuletzt aktualisiert: Dezember 18, 2025<\/p>\n<\/div><\/div><\/div><\/div><\/div>\n","protected":false},"excerpt":{"rendered":"","protected":false},"author":1,"featured_media":0,"parent":0,"menu_order":0,"comment_status":"closed","ping_status":"closed","template":"100-width.php","meta":{"footnotes":""},"class_list":["post-6463","page","type-page","status-publish","hentry"],"_links":{"self":[{"href":"https:\/\/miomicon.com\/de\/wp-json\/wp\/v2\/pages\/6463","targetHints":{"allow":["GET"]}}],"collection":[{"href":"https:\/\/miomicon.com\/de\/wp-json\/wp\/v2\/pages"}],"about":[{"href":"https:\/\/miomicon.com\/de\/wp-json\/wp\/v2\/types\/page"}],"author":[{"embeddable":true,"href":"https:\/\/miomicon.com\/de\/wp-json\/wp\/v2\/users\/1"}],"replies":[{"embeddable":true,"href":"https:\/\/miomicon.com\/de\/wp-json\/wp\/v2\/comments?post=6463"}],"version-history":[{"count":0,"href":"https:\/\/miomicon.com\/de\/wp-json\/wp\/v2\/pages\/6463\/revisions"}],"wp:attachment":[{"href":"https:\/\/miomicon.com\/de\/wp-json\/wp\/v2\/media?parent=6463"}],"curies":[{"name":"wp","href":"https:\/\/api.w.org\/{rel}","templated":true}]}}